{"id":1701,"date":"2024-08-12T20:16:05","date_gmt":"2024-08-12T17:16:05","guid":{"rendered":"https:\/\/lasher.ee\/l-shape-long-boot-fiber-tip-pint-sets\/"},"modified":"2026-05-16T06:24:21","modified_gmt":"2026-05-16T03:24:21","slug":"boot-fiber-tip-tweezers","status":"publish","type":"product","link":"https:\/\/lasher.ee\/en\/boot-fiber-tip-tweezers\/","title":{"rendered":"Boot Fiber Tip Lash Tweezers"},"content":{"rendered":"<p>Boot shaped fiber- tip lash tweezers are designed for creating and applying all types of fans for volume lash sets.<\/p>\n","protected":false},"excerpt":{"rendered":"<p>This boot fiber-tip lash tweezer is designed for creating and applying all types of fans for volume lash sets. The fiber tips with micro grip technology offer superior hold, ensuring that lashes are securely held without slipping. The grip technology provide ultimate comfort and reduce hand fatigue. The tips of the tweezers open 5 mm and close with high precision and medium strength.<\/p>\n<h6><strong>Key features<\/strong><\/h6>\n<p><em>Fiber Tip Technology<\/em> \u2013 the micro-textured surface securely holds lash fibers without slipping.<br \/>\n<em>Ergonomic and lightweight design<\/em> \u2013 reduces hand fatigue.<br \/>\n<em>Hand-calibrated<\/em> \u2013 precise grip and smooth closure every time.<br \/>\n<em>L-shaped tip<\/em> \u2013 ideal for creating (2D \u2013 10D) lash fans.<\/p>\n<p>Lasher tweezers are not mass-produced; each tweezer is handcrafted from high-quality stainless steel.<\/p>\n<p>Once the tweezers have become sticky, use the glue <em><a href=\"https:\/\/lasher.ee\/en\/brush-cleaner-30ml\/\">remover solution<\/a><\/em>. Avoid dipping tweezers which are coated into the solution.<\/p>\n<h6><strong>Cleaning<\/strong><\/h6>\n<p>The safest way to disinfect colored tweezers without damaging the coating is to use <a href=\"https:\/\/www.cleanella.ee\/en\/product\/viruton-forte-instrument-cleaning-and-disinfection\/\" target=\"_blank\" rel=\"noopener\"><em>Viruton Forte<\/em><\/a>. Immediately after use, rinse the tweezers with warm water, clean them with a neutral detergent, and rinse with distilled water. Avoid products containing bleach, iodine, or exfoliating agents. For disinfection, prepare the solution according to the manufacturer\u2019s instructions. Viruton Forte removes dirt and microorganisms even from hard-to-reach areas. After disinfection, rinse the tweezers thoroughly with clean, preferably distilled water to remove all residue. Dry with a soft paper towel or cloth. When tweezers come into contact with mucous membranes, they must be sterilized (autoclave, min \u00b0C).<\/p>\n<p>Lenght: 11,5 cm<br \/>\nWeight: 17 g<\/p>\n","protected":false},"featured_media":6824,"comment_status":"open","ping_status":"closed","template":"","meta":{"site-sidebar-layout":"default","site-content-layout":"","ast-site-content-layout":"default","site-content-style":"default","site-sidebar-style":"default","ast-global-header-display":"","ast-banner-title-visibility":"","ast-main-header-display":"","ast-hfb-above-header-display":"","ast-hfb-below-header-display":"","ast-hfb-mobile-header-display":"","site-post-title":"","ast-breadcrumbs-content":"","ast-featured-img":"","footer-sml-layout":"","ast-disable-related-posts":"","theme-transparent-header-meta":"default","adv-header-id-meta":"","stick-header-meta":"","header-above-stick-meta":"","header-main-stick-meta":"","header-below-stick-meta":"","astra-migrate-meta-layouts":"set","ast-page-background-enabled":"default","ast-page-background-meta":{"desktop":{"background-color":"var(--ast-global-color-4)","background-image":"","background-repeat":"repeat","background-position":"center center","background-size":"auto","background-attachment":"scroll","background-type":"","background-media":"","overlay-type":"","overlay-color":"","overlay-opacity":"","overlay-gradient":""},"tablet":{"background-color":"","background-image":"","background-repeat":"repeat","background-position":"center center","background-size":"auto","background-attachment":"scroll","background-type":"","background-media":"","overlay-type":"","overlay-color":"","overlay-opacity":"","overlay-gradient":""},"mobile":{"background-color":"","background-image":"","background-repeat":"repeat","background-position":"center center","background-size":"auto","background-attachment":"scroll","background-type":"","background-media":"","overlay-type":"","overlay-color":"","overlay-opacity":"","overlay-gradient":""}},"ast-content-background-meta":{"desktop":{"background-color":"var(--ast-global-color-5)","background-image":"","background-repeat":"repeat","background-position":"center center","background-size":"auto","background-attachment":"scroll","background-type":"","background-media":"","overlay-type":"","overlay-color":"","overlay-opacity":"","overlay-gradient":""},"tablet":{"background-color":"var(--ast-global-color-5)","background-image":"","background-repeat":"repeat","background-position":"center center","background-size":"auto","background-attachment":"scroll","background-type":"","background-media":"","overlay-type":"","overlay-color":"","overlay-opacity":"","overlay-gradient":""},"mobile":{"background-color":"var(--ast-global-color-5)","background-image":"","background-repeat":"repeat","background-position":"center center","background-size":"auto","background-attachment":"scroll","background-type":"","background-media":"","overlay-type":"","overlay-color":"","overlay-opacity":"","overlay-gradient":""}}},"product_brand":[],"product_cat":[61,68],"product_tag":[],"class_list":{"0":"post-1701","1":"product","2":"type-product","3":"status-publish","4":"has-post-thumbnail","6":"product_cat-eyelash-extension-tweezers","7":"product_cat-tweezers-en","8":"desktop-align-left","9":"tablet-align-left","10":"mobile-align-left","12":"first","13":"instock","14":"shipping-taxable","15":"purchasable","16":"product-type-variable"},"yoast_head":"<!-- This site is optimized with the Yoast SEO plugin v27.5 - https:\/\/yoast.com\/product\/yoast-seo-wordpress\/ -->\n<title>Boot Fiber Tip Lash Tweezers - Lasher<\/title>\n<meta name=\"description\" content=\"Achieve precision and comfort with our boot fiber tip lash tweezers. Designed for 2D-10D fans, they ensure a secure grip and smooth closure every time.\" \/>\n<meta name=\"robots\" content=\"index, follow, max-snippet:-1, max-image-preview:large, max-video-preview:-1\" \/>\n<link rel=\"canonical\" href=\"https:\/\/lasher.ee\/en\/boot-fiber-tip-tweezers\/\" \/>\n<meta property=\"og:locale\" content=\"en_US\" \/>\n<meta property=\"og:type\" content=\"article\" \/>\n<meta property=\"og:title\" content=\"Boot Fiber Tip Lash Tweezers - Lasher\" \/>\n<meta property=\"og:description\" content=\"Achieve precision and comfort with our boot fiber tip lash tweezers. Designed for 2D-10D fans, they ensure a secure grip and smooth closure every time.\" \/>\n<meta property=\"og:url\" content=\"https:\/\/lasher.ee\/en\/boot-fiber-tip-tweezers\/\" \/>\n<meta property=\"og:site_name\" content=\"Lasher\" \/>\n<meta property=\"article:publisher\" content=\"https:\/\/www.facebook.com\/profile.php?id=61564523265885\" \/>\n<meta property=\"article:modified_time\" content=\"2026-05-16T03:24:21+00:00\" \/>\n<meta property=\"og:image\" content=\"https:\/\/lasher.ee\/wp-content\/uploads\/2024\/08\/5605172_imresizer-1.jpg\" \/>\n\t<meta property=\"og:image:width\" content=\"1025\" \/>\n\t<meta property=\"og:image:height\" content=\"1025\" \/>\n\t<meta property=\"og:image:type\" content=\"image\/jpeg\" \/>\n<meta name=\"twitter:card\" content=\"summary_large_image\" \/>\n<meta name=\"twitter:label1\" content=\"Est. reading time\" \/>\n\t<meta name=\"twitter:data1\" content=\"1 minute\" \/>\n<script type=\"application\/ld+json\" class=\"yoast-schema-graph\">{\"@context\":\"https:\\\/\\\/schema.org\",\"@graph\":[{\"@type\":\"WebPage\",\"@id\":\"https:\\\/\\\/lasher.ee\\\/en\\\/boot-fiber-tip-tweezers\\\/\",\"url\":\"https:\\\/\\\/lasher.ee\\\/en\\\/boot-fiber-tip-tweezers\\\/\",\"name\":\"Boot Fiber Tip Lash Tweezers - Lasher\",\"isPartOf\":{\"@id\":\"https:\\\/\\\/lasher.ee\\\/en\\\/#website\"},\"primaryImageOfPage\":{\"@id\":\"https:\\\/\\\/lasher.ee\\\/en\\\/boot-fiber-tip-tweezers\\\/#primaryimage\"},\"image\":{\"@id\":\"https:\\\/\\\/lasher.ee\\\/en\\\/boot-fiber-tip-tweezers\\\/#primaryimage\"},\"thumbnailUrl\":\"https:\\\/\\\/lasher.ee\\\/wp-content\\\/uploads\\\/2024\\\/08\\\/5605172_imresizer-1.jpg\",\"datePublished\":\"2024-08-12T17:16:05+00:00\",\"dateModified\":\"2026-05-16T03:24:21+00:00\",\"description\":\"Achieve precision and comfort with our boot fiber tip lash tweezers. Designed for 2D-10D fans, they ensure a secure grip and smooth closure every time.\",\"breadcrumb\":{\"@id\":\"https:\\\/\\\/lasher.ee\\\/en\\\/boot-fiber-tip-tweezers\\\/#breadcrumb\"},\"inLanguage\":\"en-US\",\"potentialAction\":[{\"@type\":\"ReadAction\",\"target\":[\"https:\\\/\\\/lasher.ee\\\/en\\\/boot-fiber-tip-tweezers\\\/\"]}]},{\"@type\":\"ImageObject\",\"inLanguage\":\"en-US\",\"@id\":\"https:\\\/\\\/lasher.ee\\\/en\\\/boot-fiber-tip-tweezers\\\/#primaryimage\",\"url\":\"https:\\\/\\\/lasher.ee\\\/wp-content\\\/uploads\\\/2024\\\/08\\\/5605172_imresizer-1.jpg\",\"contentUrl\":\"https:\\\/\\\/lasher.ee\\\/wp-content\\\/uploads\\\/2024\\\/08\\\/5605172_imresizer-1.jpg\",\"width\":1025,\"height\":1025,\"caption\":\"Boot Fiber Tip pintsetid sobivad vol\u00fc\u00fcm- kui ka megavol\u00fc\u00fcmripsmete paigaldamiseks, samuti ripsmelehvikute valmistamiseks nii algajale kui kogenud tehnikule.\u00a0\"},{\"@type\":\"BreadcrumbList\",\"@id\":\"https:\\\/\\\/lasher.ee\\\/en\\\/boot-fiber-tip-tweezers\\\/#breadcrumb\",\"itemListElement\":[{\"@type\":\"ListItem\",\"position\":1,\"name\":\"Home\",\"item\":\"https:\\\/\\\/lasher.ee\\\/en\\\/\"},{\"@type\":\"ListItem\",\"position\":2,\"name\":\"All products\",\"item\":\"https:\\\/\\\/lasher.ee\\\/en\\\/shop\\\/\"},{\"@type\":\"ListItem\",\"position\":3,\"name\":\"Boot Fiber Tip Lash Tweezers\"}]},{\"@type\":\"WebSite\",\"@id\":\"https:\\\/\\\/lasher.ee\\\/en\\\/#website\",\"url\":\"https:\\\/\\\/lasher.ee\\\/en\\\/\",\"name\":\"Lasher\",\"description\":\"K\u00f5ik vajalikud ripsmetarvikud ripsmetehnikule \u00fchest kohast.\",\"publisher\":{\"@id\":\"https:\\\/\\\/lasher.ee\\\/en\\\/#organization\"},\"potentialAction\":[{\"@type\":\"SearchAction\",\"target\":{\"@type\":\"EntryPoint\",\"urlTemplate\":\"https:\\\/\\\/lasher.ee\\\/en\\\/?s={search_term_string}\"},\"query-input\":{\"@type\":\"PropertyValueSpecification\",\"valueRequired\":true,\"valueName\":\"search_term_string\"}}],\"inLanguage\":\"en-US\"},{\"@type\":\"Organization\",\"@id\":\"https:\\\/\\\/lasher.ee\\\/en\\\/#organization\",\"name\":\"Lasher\",\"url\":\"https:\\\/\\\/lasher.ee\\\/en\\\/\",\"logo\":{\"@type\":\"ImageObject\",\"inLanguage\":\"en-US\",\"@id\":\"https:\\\/\\\/lasher.ee\\\/en\\\/#\\\/schema\\\/logo\\\/image\\\/\",\"url\":\"https:\\\/\\\/lasher.ee\\\/wp-content\\\/uploads\\\/2024\\\/09\\\/Screenshot-2024-09-03-at-11.58.17.png\",\"contentUrl\":\"https:\\\/\\\/lasher.ee\\\/wp-content\\\/uploads\\\/2024\\\/09\\\/Screenshot-2024-09-03-at-11.58.17.png\",\"width\":1678,\"height\":1670,\"caption\":\"Lasher\"},\"image\":{\"@id\":\"https:\\\/\\\/lasher.ee\\\/en\\\/#\\\/schema\\\/logo\\\/image\\\/\"},\"sameAs\":[\"https:\\\/\\\/www.facebook.com\\\/profile.php?id=61564523265885\",\"https:\\\/\\\/www.instagram.com\\\/lasher_official\\\/\"]}]}<\/script>\n<!-- \/ Yoast SEO plugin. -->","yoast_head_json":{"title":"Boot Fiber Tip Lash Tweezers - Lasher","description":"Achieve precision and comfort with our boot fiber tip lash tweezers. Designed for 2D-10D fans, they ensure a secure grip and smooth closure every time.","robots":{"index":"index","follow":"follow","max-snippet":"max-snippet:-1","max-image-preview":"max-image-preview:large","max-video-preview":"max-video-preview:-1"},"canonical":"https:\/\/lasher.ee\/en\/boot-fiber-tip-tweezers\/","og_locale":"en_US","og_type":"article","og_title":"Boot Fiber Tip Lash Tweezers - Lasher","og_description":"Achieve precision and comfort with our boot fiber tip lash tweezers. Designed for 2D-10D fans, they ensure a secure grip and smooth closure every time.","og_url":"https:\/\/lasher.ee\/en\/boot-fiber-tip-tweezers\/","og_site_name":"Lasher","article_publisher":"https:\/\/www.facebook.com\/profile.php?id=61564523265885","article_modified_time":"2026-05-16T03:24:21+00:00","og_image":[{"width":1025,"height":1025,"url":"https:\/\/lasher.ee\/wp-content\/uploads\/2024\/08\/5605172_imresizer-1.jpg","type":"image\/jpeg"}],"twitter_card":"summary_large_image","twitter_misc":{"Est. reading time":"1 minute"},"schema":{"@context":"https:\/\/schema.org","@graph":[{"@type":"WebPage","@id":"https:\/\/lasher.ee\/en\/boot-fiber-tip-tweezers\/","url":"https:\/\/lasher.ee\/en\/boot-fiber-tip-tweezers\/","name":"Boot Fiber Tip Lash Tweezers - Lasher","isPartOf":{"@id":"https:\/\/lasher.ee\/en\/#website"},"primaryImageOfPage":{"@id":"https:\/\/lasher.ee\/en\/boot-fiber-tip-tweezers\/#primaryimage"},"image":{"@id":"https:\/\/lasher.ee\/en\/boot-fiber-tip-tweezers\/#primaryimage"},"thumbnailUrl":"https:\/\/lasher.ee\/wp-content\/uploads\/2024\/08\/5605172_imresizer-1.jpg","datePublished":"2024-08-12T17:16:05+00:00","dateModified":"2026-05-16T03:24:21+00:00","description":"Achieve precision and comfort with our boot fiber tip lash tweezers. Designed for 2D-10D fans, they ensure a secure grip and smooth closure every time.","breadcrumb":{"@id":"https:\/\/lasher.ee\/en\/boot-fiber-tip-tweezers\/#breadcrumb"},"inLanguage":"en-US","potentialAction":[{"@type":"ReadAction","target":["https:\/\/lasher.ee\/en\/boot-fiber-tip-tweezers\/"]}]},{"@type":"ImageObject","inLanguage":"en-US","@id":"https:\/\/lasher.ee\/en\/boot-fiber-tip-tweezers\/#primaryimage","url":"https:\/\/lasher.ee\/wp-content\/uploads\/2024\/08\/5605172_imresizer-1.jpg","contentUrl":"https:\/\/lasher.ee\/wp-content\/uploads\/2024\/08\/5605172_imresizer-1.jpg","width":1025,"height":1025,"caption":"Boot Fiber Tip pintsetid sobivad vol\u00fc\u00fcm- kui ka megavol\u00fc\u00fcmripsmete paigaldamiseks, samuti ripsmelehvikute valmistamiseks nii algajale kui kogenud tehnikule.\u00a0"},{"@type":"BreadcrumbList","@id":"https:\/\/lasher.ee\/en\/boot-fiber-tip-tweezers\/#breadcrumb","itemListElement":[{"@type":"ListItem","position":1,"name":"Home","item":"https:\/\/lasher.ee\/en\/"},{"@type":"ListItem","position":2,"name":"All products","item":"https:\/\/lasher.ee\/en\/shop\/"},{"@type":"ListItem","position":3,"name":"Boot Fiber Tip Lash Tweezers"}]},{"@type":"WebSite","@id":"https:\/\/lasher.ee\/en\/#website","url":"https:\/\/lasher.ee\/en\/","name":"Lasher","description":"K\u00f5ik vajalikud ripsmetarvikud ripsmetehnikule \u00fchest kohast.","publisher":{"@id":"https:\/\/lasher.ee\/en\/#organization"},"potentialAction":[{"@type":"SearchAction","target":{"@type":"EntryPoint","urlTemplate":"https:\/\/lasher.ee\/en\/?s={search_term_string}"},"query-input":{"@type":"PropertyValueSpecification","valueRequired":true,"valueName":"search_term_string"}}],"inLanguage":"en-US"},{"@type":"Organization","@id":"https:\/\/lasher.ee\/en\/#organization","name":"Lasher","url":"https:\/\/lasher.ee\/en\/","logo":{"@type":"ImageObject","inLanguage":"en-US","@id":"https:\/\/lasher.ee\/en\/#\/schema\/logo\/image\/","url":"https:\/\/lasher.ee\/wp-content\/uploads\/2024\/09\/Screenshot-2024-09-03-at-11.58.17.png","contentUrl":"https:\/\/lasher.ee\/wp-content\/uploads\/2024\/09\/Screenshot-2024-09-03-at-11.58.17.png","width":1678,"height":1670,"caption":"Lasher"},"image":{"@id":"https:\/\/lasher.ee\/en\/#\/schema\/logo\/image\/"},"sameAs":["https:\/\/www.facebook.com\/profile.php?id=61564523265885","https:\/\/www.instagram.com\/lasher_official\/"]}]}},"_links":{"self":[{"href":"https:\/\/lasher.ee\/en\/wp-json\/wp\/v2\/product\/1701","targetHints":{"allow":["GET"]}}],"collection":[{"href":"https:\/\/lasher.ee\/en\/wp-json\/wp\/v2\/product"}],"about":[{"href":"https:\/\/lasher.ee\/en\/wp-json\/wp\/v2\/types\/product"}],"replies":[{"embeddable":true,"href":"https:\/\/lasher.ee\/en\/wp-json\/wp\/v2\/comments?post=1701"}],"wp:featuredmedia":[{"embeddable":true,"href":"https:\/\/lasher.ee\/en\/wp-json\/wp\/v2\/media\/6824"}],"wp:attachment":[{"href":"https:\/\/lasher.ee\/en\/wp-json\/wp\/v2\/media?parent=1701"}],"wp:term":[{"taxonomy":"product_brand","embeddable":true,"href":"https:\/\/lasher.ee\/en\/wp-json\/wp\/v2\/product_brand?post=1701"},{"taxonomy":"product_cat","embeddable":true,"href":"https:\/\/lasher.ee\/en\/wp-json\/wp\/v2\/product_cat?post=1701"},{"taxonomy":"product_tag","embeddable":true,"href":"https:\/\/lasher.ee\/en\/wp-json\/wp\/v2\/product_tag?post=1701"}],"curies":[{"name":"wp","href":"https:\/\/api.w.org\/{rel}","templated":true}]}}