{"id":1703,"date":"2024-08-08T06:31:19","date_gmt":"2024-08-08T03:31:19","guid":{"rendered":"https:\/\/lasher.ee\/fiber-tip-tweezers-45\/"},"modified":"2026-04-09T20:35:29","modified_gmt":"2026-04-09T17:35:29","slug":"fiber-tip-tweezers-45","status":"publish","type":"product","link":"https:\/\/lasher.ee\/en\/fiber-tip-tweezers-45\/","title":{"rendered":"Fiber Tip Tweezers 45\u00b0"},"content":{"rendered":"","protected":false},"excerpt":{"rendered":"<p>Fiber Tip lash tweezers with a 45\u00b0 angle are suitable for applying classic eyelash extensions. The 45\u00b0 angled tip provides excellent visibility and precise control when attaching lashes. The fiber tip ensures a better grip, and the lashes stay securely between the sharp ends of the tweezers. The handle is non-slip, making them ideal for beginner lash technicians. The tweezers open 5 mm and close with medium-strength precision.<\/p>\n<p>To remove any glue residue from the tweezers, use a <em><a href=\"https:\/\/lasher.ee\/en\/brush-cleaner-30ml\/\">glue remover.<\/a><\/em><\/p>\n<p>Lasher tweezers are not mass-produced, each tweezer is handcrafted from high-quality stainless steel.<\/p>\n<p><strong>Cleaning<\/strong><br \/>\nThe safest way to disinfect colored tweezers without damaging the color is using an ultrasonic bath with <em><a href=\"https:\/\/www.cleanella.ee\/product\/sekusept-aktiv-1-5kg-sporitsiidse-toimega-desinfektsioon\/?fbclid=PAZnRzaAODqI1leHRuA2FlbQIxMQBzcnRjBmFwcF9pZA8xMjQwMjQ1NzQyODc0MTQAAac81jJKis2d7dMyKOgL2LDQOpA-QnLk0qrSy6xUUMTMt9JqAQ-vhZcqnQ8LRw_aem_XUA9KojSMUYc6ErSln0S-Q\" target=\"_blank\" rel=\"noopener\">Sekusept Activ.<\/a> <\/em>Immediately after use, rinse the tweezers with warm water, clean them with a neutral detergent, and rinse with distilled water. Avoid products containing bleach, iodine, or exfoliating agents. Fill the ultrasonic bath with Sekusept solution (according to the instructions for use) so that the tweezers are fully submerged. Place the tweezers in the solution. Turn on the ultrasonic bath: Frequency: 35\u201345 kHz. Duration: 5\u201310 minutes. The ultrasonic bath removes dirt and microorganisms, even from hard-to-reach areas. Rinse thoroughly with clean water to remove all traces of Sekusept. Dry with a soft paper towel or cloth. When tweezers come into contact with mucous membranes, they must be sterilized (autoclave, max 100\u00b0C).<\/p>\n<p>Length: 12cm<br \/>\nWeight: 18g<\/p>\n<p>&nbsp;<\/p>\n","protected":false},"featured_media":8664,"comment_status":"open","ping_status":"closed","template":"","meta":{"site-sidebar-layout":"default","site-content-layout":"","ast-site-content-layout":"default","site-content-style":"default","site-sidebar-style":"default","ast-global-header-display":"","ast-banner-title-visibility":"","ast-main-header-display":"","ast-hfb-above-header-display":"","ast-hfb-below-header-display":"","ast-hfb-mobile-header-display":"","site-post-title":"","ast-breadcrumbs-content":"","ast-featured-img":"","footer-sml-layout":"","ast-disable-related-posts":"","theme-transparent-header-meta":"default","adv-header-id-meta":"","stick-header-meta":"","header-above-stick-meta":"","header-main-stick-meta":"","header-below-stick-meta":"","astra-migrate-meta-layouts":"set","ast-page-background-enabled":"default","ast-page-background-meta":{"desktop":{"background-color":"var(--ast-global-color-4)","background-image":"","background-repeat":"repeat","background-position":"center center","background-size":"auto","background-attachment":"scroll","background-type":"","background-media":"","overlay-type":"","overlay-color":"","overlay-opacity":"","overlay-gradient":""},"tablet":{"background-color":"","background-image":"","background-repeat":"repeat","background-position":"center center","background-size":"auto","background-attachment":"scroll","background-type":"","background-media":"","overlay-type":"","overlay-color":"","overlay-opacity":"","overlay-gradient":""},"mobile":{"background-color":"","background-image":"","background-repeat":"repeat","background-position":"center center","background-size":"auto","background-attachment":"scroll","background-type":"","background-media":"","overlay-type":"","overlay-color":"","overlay-opacity":"","overlay-gradient":""}},"ast-content-background-meta":{"desktop":{"background-color":"var(--ast-global-color-5)","background-image":"","background-repeat":"repeat","background-position":"center center","background-size":"auto","background-attachment":"scroll","background-type":"","background-media":"","overlay-type":"","overlay-color":"","overlay-opacity":"","overlay-gradient":""},"tablet":{"background-color":"var(--ast-global-color-5)","background-image":"","background-repeat":"repeat","background-position":"center center","background-size":"auto","background-attachment":"scroll","background-type":"","background-media":"","overlay-type":"","overlay-color":"","overlay-opacity":"","overlay-gradient":""},"mobile":{"background-color":"var(--ast-global-color-5)","background-image":"","background-repeat":"repeat","background-position":"center center","background-size":"auto","background-attachment":"scroll","background-type":"","background-media":"","overlay-type":"","overlay-color":"","overlay-opacity":"","overlay-gradient":""}}},"product_brand":[],"product_cat":[61,68],"product_tag":[],"class_list":{"0":"post-1703","1":"product","2":"type-product","3":"status-publish","4":"has-post-thumbnail","6":"product_cat-eyelash-extension-tweezers","7":"product_cat-tweezers-en","8":"desktop-align-left","9":"tablet-align-left","10":"mobile-align-left","12":"first","13":"instock","14":"shipping-taxable","15":"purchasable","16":"product-type-variable"},"yoast_head":"<!-- This site is optimized with the Yoast SEO plugin v27.3 - https:\/\/yoast.com\/product\/yoast-seo-wordpress\/ -->\n<title>Fiber Tip Tweezers 45\u00b0 - Lasher<\/title>\n<meta name=\"description\" content=\"Discover our 45\u00b0 fiber tip tweezers, designed for precise eyelash extension application. Enjoy excellent grip and control, perfect for beginners.\" \/>\n<meta name=\"robots\" content=\"index, follow, max-snippet:-1, max-image-preview:large, max-video-preview:-1\" \/>\n<link rel=\"canonical\" href=\"https:\/\/lasher.ee\/en\/fiber-tip-tweezers-45\/\" \/>\n<meta property=\"og:locale\" content=\"en_US\" \/>\n<meta property=\"og:type\" content=\"article\" \/>\n<meta property=\"og:title\" content=\"Fiber Tip Tweezers 45\u00b0 - Lasher\" \/>\n<meta property=\"og:description\" content=\"Discover our 45\u00b0 fiber tip tweezers, designed for precise eyelash extension application. Enjoy excellent grip and control, perfect for beginners.\" \/>\n<meta property=\"og:url\" content=\"https:\/\/lasher.ee\/en\/fiber-tip-tweezers-45\/\" \/>\n<meta property=\"og:site_name\" content=\"Lasher\" \/>\n<meta property=\"article:publisher\" content=\"https:\/\/www.facebook.com\/profile.php?id=61564523265885\" \/>\n<meta property=\"article:modified_time\" content=\"2026-04-09T17:35:29+00:00\" \/>\n<meta property=\"og:image\" content=\"https:\/\/lasher.ee\/wp-content\/uploads\/2024\/08\/IMG_0428_-1.png\" \/>\n\t<meta property=\"og:image:width\" content=\"1024\" \/>\n\t<meta property=\"og:image:height\" content=\"1024\" \/>\n\t<meta property=\"og:image:type\" content=\"image\/png\" \/>\n<meta name=\"twitter:card\" content=\"summary_large_image\" \/>\n<meta name=\"twitter:label1\" content=\"Est. reading time\" \/>\n\t<meta name=\"twitter:data1\" content=\"1 minute\" \/>\n<script type=\"application\/ld+json\" class=\"yoast-schema-graph\">{\"@context\":\"https:\\\/\\\/schema.org\",\"@graph\":[{\"@type\":\"WebPage\",\"@id\":\"https:\\\/\\\/lasher.ee\\\/en\\\/fiber-tip-tweezers-45\\\/\",\"url\":\"https:\\\/\\\/lasher.ee\\\/en\\\/fiber-tip-tweezers-45\\\/\",\"name\":\"Fiber Tip Tweezers 45\u00b0 - Lasher\",\"isPartOf\":{\"@id\":\"https:\\\/\\\/lasher.ee\\\/en\\\/#website\"},\"primaryImageOfPage\":{\"@id\":\"https:\\\/\\\/lasher.ee\\\/en\\\/fiber-tip-tweezers-45\\\/#primaryimage\"},\"image\":{\"@id\":\"https:\\\/\\\/lasher.ee\\\/en\\\/fiber-tip-tweezers-45\\\/#primaryimage\"},\"thumbnailUrl\":\"https:\\\/\\\/lasher.ee\\\/wp-content\\\/uploads\\\/2024\\\/08\\\/IMG_0428_-1.png\",\"datePublished\":\"2024-08-08T03:31:19+00:00\",\"dateModified\":\"2026-04-09T17:35:29+00:00\",\"description\":\"Discover our 45\u00b0 fiber tip tweezers, designed for precise eyelash extension application. Enjoy excellent grip and control, perfect for beginners.\",\"breadcrumb\":{\"@id\":\"https:\\\/\\\/lasher.ee\\\/en\\\/fiber-tip-tweezers-45\\\/#breadcrumb\"},\"inLanguage\":\"en-US\",\"potentialAction\":[{\"@type\":\"ReadAction\",\"target\":[\"https:\\\/\\\/lasher.ee\\\/en\\\/fiber-tip-tweezers-45\\\/\"]}]},{\"@type\":\"ImageObject\",\"inLanguage\":\"en-US\",\"@id\":\"https:\\\/\\\/lasher.ee\\\/en\\\/fiber-tip-tweezers-45\\\/#primaryimage\",\"url\":\"https:\\\/\\\/lasher.ee\\\/wp-content\\\/uploads\\\/2024\\\/08\\\/IMG_0428_-1.png\",\"contentUrl\":\"https:\\\/\\\/lasher.ee\\\/wp-content\\\/uploads\\\/2024\\\/08\\\/IMG_0428_-1.png\",\"width\":1024,\"height\":1024,\"caption\":\"Fiber Tip pintsetid 45\u00b0 sobivad klassikaliste ripsmepikenduste paigaldamiseks. 45\u00b0 nurga all olev ots v\u00f5imaldab suurep\u00e4rast n\u00e4htavust ja t\u00e4pset kontrolli ripsmete kinnitamisel.\"},{\"@type\":\"BreadcrumbList\",\"@id\":\"https:\\\/\\\/lasher.ee\\\/en\\\/fiber-tip-tweezers-45\\\/#breadcrumb\",\"itemListElement\":[{\"@type\":\"ListItem\",\"position\":1,\"name\":\"Home\",\"item\":\"https:\\\/\\\/lasher.ee\\\/en\\\/\"},{\"@type\":\"ListItem\",\"position\":2,\"name\":\"All products\",\"item\":\"https:\\\/\\\/lasher.ee\\\/en\\\/shop\\\/\"},{\"@type\":\"ListItem\",\"position\":3,\"name\":\"Fiber Tip Tweezers 45\u00b0\"}]},{\"@type\":\"WebSite\",\"@id\":\"https:\\\/\\\/lasher.ee\\\/en\\\/#website\",\"url\":\"https:\\\/\\\/lasher.ee\\\/en\\\/\",\"name\":\"Lasher\",\"description\":\"K\u00f5ik vajalikud ripsmetarvikud ripsmetehnikule \u00fchest kohast.\",\"publisher\":{\"@id\":\"https:\\\/\\\/lasher.ee\\\/en\\\/#organization\"},\"potentialAction\":[{\"@type\":\"SearchAction\",\"target\":{\"@type\":\"EntryPoint\",\"urlTemplate\":\"https:\\\/\\\/lasher.ee\\\/en\\\/?s={search_term_string}\"},\"query-input\":{\"@type\":\"PropertyValueSpecification\",\"valueRequired\":true,\"valueName\":\"search_term_string\"}}],\"inLanguage\":\"en-US\"},{\"@type\":\"Organization\",\"@id\":\"https:\\\/\\\/lasher.ee\\\/en\\\/#organization\",\"name\":\"Lasher\",\"url\":\"https:\\\/\\\/lasher.ee\\\/en\\\/\",\"logo\":{\"@type\":\"ImageObject\",\"inLanguage\":\"en-US\",\"@id\":\"https:\\\/\\\/lasher.ee\\\/en\\\/#\\\/schema\\\/logo\\\/image\\\/\",\"url\":\"https:\\\/\\\/lasher.ee\\\/wp-content\\\/uploads\\\/2024\\\/09\\\/Screenshot-2024-09-03-at-11.58.17.png\",\"contentUrl\":\"https:\\\/\\\/lasher.ee\\\/wp-content\\\/uploads\\\/2024\\\/09\\\/Screenshot-2024-09-03-at-11.58.17.png\",\"width\":1678,\"height\":1670,\"caption\":\"Lasher\"},\"image\":{\"@id\":\"https:\\\/\\\/lasher.ee\\\/en\\\/#\\\/schema\\\/logo\\\/image\\\/\"},\"sameAs\":[\"https:\\\/\\\/www.facebook.com\\\/profile.php?id=61564523265885\",\"https:\\\/\\\/www.instagram.com\\\/lasher_official\\\/\"]}]}<\/script>\n<!-- \/ Yoast SEO plugin. -->","yoast_head_json":{"title":"Fiber Tip Tweezers 45\u00b0 - Lasher","description":"Discover our 45\u00b0 fiber tip tweezers, designed for precise eyelash extension application. Enjoy excellent grip and control, perfect for beginners.","robots":{"index":"index","follow":"follow","max-snippet":"max-snippet:-1","max-image-preview":"max-image-preview:large","max-video-preview":"max-video-preview:-1"},"canonical":"https:\/\/lasher.ee\/en\/fiber-tip-tweezers-45\/","og_locale":"en_US","og_type":"article","og_title":"Fiber Tip Tweezers 45\u00b0 - Lasher","og_description":"Discover our 45\u00b0 fiber tip tweezers, designed for precise eyelash extension application. Enjoy excellent grip and control, perfect for beginners.","og_url":"https:\/\/lasher.ee\/en\/fiber-tip-tweezers-45\/","og_site_name":"Lasher","article_publisher":"https:\/\/www.facebook.com\/profile.php?id=61564523265885","article_modified_time":"2026-04-09T17:35:29+00:00","og_image":[{"width":1024,"height":1024,"url":"https:\/\/lasher.ee\/wp-content\/uploads\/2024\/08\/IMG_0428_-1.png","type":"image\/png"}],"twitter_card":"summary_large_image","twitter_misc":{"Est. reading time":"1 minute"},"schema":{"@context":"https:\/\/schema.org","@graph":[{"@type":"WebPage","@id":"https:\/\/lasher.ee\/en\/fiber-tip-tweezers-45\/","url":"https:\/\/lasher.ee\/en\/fiber-tip-tweezers-45\/","name":"Fiber Tip Tweezers 45\u00b0 - Lasher","isPartOf":{"@id":"https:\/\/lasher.ee\/en\/#website"},"primaryImageOfPage":{"@id":"https:\/\/lasher.ee\/en\/fiber-tip-tweezers-45\/#primaryimage"},"image":{"@id":"https:\/\/lasher.ee\/en\/fiber-tip-tweezers-45\/#primaryimage"},"thumbnailUrl":"https:\/\/lasher.ee\/wp-content\/uploads\/2024\/08\/IMG_0428_-1.png","datePublished":"2024-08-08T03:31:19+00:00","dateModified":"2026-04-09T17:35:29+00:00","description":"Discover our 45\u00b0 fiber tip tweezers, designed for precise eyelash extension application. Enjoy excellent grip and control, perfect for beginners.","breadcrumb":{"@id":"https:\/\/lasher.ee\/en\/fiber-tip-tweezers-45\/#breadcrumb"},"inLanguage":"en-US","potentialAction":[{"@type":"ReadAction","target":["https:\/\/lasher.ee\/en\/fiber-tip-tweezers-45\/"]}]},{"@type":"ImageObject","inLanguage":"en-US","@id":"https:\/\/lasher.ee\/en\/fiber-tip-tweezers-45\/#primaryimage","url":"https:\/\/lasher.ee\/wp-content\/uploads\/2024\/08\/IMG_0428_-1.png","contentUrl":"https:\/\/lasher.ee\/wp-content\/uploads\/2024\/08\/IMG_0428_-1.png","width":1024,"height":1024,"caption":"Fiber Tip pintsetid 45\u00b0 sobivad klassikaliste ripsmepikenduste paigaldamiseks. 45\u00b0 nurga all olev ots v\u00f5imaldab suurep\u00e4rast n\u00e4htavust ja t\u00e4pset kontrolli ripsmete kinnitamisel."},{"@type":"BreadcrumbList","@id":"https:\/\/lasher.ee\/en\/fiber-tip-tweezers-45\/#breadcrumb","itemListElement":[{"@type":"ListItem","position":1,"name":"Home","item":"https:\/\/lasher.ee\/en\/"},{"@type":"ListItem","position":2,"name":"All products","item":"https:\/\/lasher.ee\/en\/shop\/"},{"@type":"ListItem","position":3,"name":"Fiber Tip Tweezers 45\u00b0"}]},{"@type":"WebSite","@id":"https:\/\/lasher.ee\/en\/#website","url":"https:\/\/lasher.ee\/en\/","name":"Lasher","description":"K\u00f5ik vajalikud ripsmetarvikud ripsmetehnikule \u00fchest kohast.","publisher":{"@id":"https:\/\/lasher.ee\/en\/#organization"},"potentialAction":[{"@type":"SearchAction","target":{"@type":"EntryPoint","urlTemplate":"https:\/\/lasher.ee\/en\/?s={search_term_string}"},"query-input":{"@type":"PropertyValueSpecification","valueRequired":true,"valueName":"search_term_string"}}],"inLanguage":"en-US"},{"@type":"Organization","@id":"https:\/\/lasher.ee\/en\/#organization","name":"Lasher","url":"https:\/\/lasher.ee\/en\/","logo":{"@type":"ImageObject","inLanguage":"en-US","@id":"https:\/\/lasher.ee\/en\/#\/schema\/logo\/image\/","url":"https:\/\/lasher.ee\/wp-content\/uploads\/2024\/09\/Screenshot-2024-09-03-at-11.58.17.png","contentUrl":"https:\/\/lasher.ee\/wp-content\/uploads\/2024\/09\/Screenshot-2024-09-03-at-11.58.17.png","width":1678,"height":1670,"caption":"Lasher"},"image":{"@id":"https:\/\/lasher.ee\/en\/#\/schema\/logo\/image\/"},"sameAs":["https:\/\/www.facebook.com\/profile.php?id=61564523265885","https:\/\/www.instagram.com\/lasher_official\/"]}]}},"_links":{"self":[{"href":"https:\/\/lasher.ee\/en\/wp-json\/wp\/v2\/product\/1703","targetHints":{"allow":["GET"]}}],"collection":[{"href":"https:\/\/lasher.ee\/en\/wp-json\/wp\/v2\/product"}],"about":[{"href":"https:\/\/lasher.ee\/en\/wp-json\/wp\/v2\/types\/product"}],"replies":[{"embeddable":true,"href":"https:\/\/lasher.ee\/en\/wp-json\/wp\/v2\/comments?post=1703"}],"wp:featuredmedia":[{"embeddable":true,"href":"https:\/\/lasher.ee\/en\/wp-json\/wp\/v2\/media\/8664"}],"wp:attachment":[{"href":"https:\/\/lasher.ee\/en\/wp-json\/wp\/v2\/media?parent=1703"}],"wp:term":[{"taxonomy":"product_brand","embeddable":true,"href":"https:\/\/lasher.ee\/en\/wp-json\/wp\/v2\/product_brand?post=1703"},{"taxonomy":"product_cat","embeddable":true,"href":"https:\/\/lasher.ee\/en\/wp-json\/wp\/v2\/product_cat?post=1703"},{"taxonomy":"product_tag","embeddable":true,"href":"https:\/\/lasher.ee\/en\/wp-json\/wp\/v2\/product_tag?post=1703"}],"curies":[{"name":"wp","href":"https:\/\/api.w.org\/{rel}","templated":true}]}}