{"id":8050,"date":"2025-06-16T14:27:40","date_gmt":"2025-06-16T11:27:40","guid":{"rendered":"https:\/\/lasher.ee\/dark-chocolate-eyelash-extensions-0-05-mix-6-13mm\/"},"modified":"2026-04-09T03:55:45","modified_gmt":"2026-04-09T00:55:45","slug":"dark-chocolate-eyelash-extensions","status":"publish","type":"product","link":"https:\/\/lasher.ee\/en\/dark-chocolate-eyelash-extensions\/","title":{"rendered":"Dark Chocolate Eyelash Extensions 0.05 mix 6-13mm"},"content":{"rendered":"<p>Dark Chocolate eyelash extensions 0.05 mix 6-13mm.<\/p>\n","protected":false},"excerpt":{"rendered":"<p>Dark Chocolate eyelash extensions are an aesthetically soft, nature-inspired alternative to classic jet-black lashes. This warm brown shade creates a softer and more natural look, making it ideal for clients who prefer subtle elegance over dramatic contrast. Dark Chocolate lashes add depth to the eyes and beautifully enhance a wide range of eye colors, especially lighter shades.<\/p>\n<p>Our handmade eyelash extensions are soft and light- weight, thanks to being crafted from Korean PBT fibers. Lash extension are designed to be easily picked up and leave no glue residue on the sticky lash strips. They boast softness, lightweight feel, long-lasting durability, and versatility, available in various curl, length, and thickness options.<\/p>\n<p>Eyelash extensions feature foil-backed strips, making them easy to tear off. It\u2019s easy to remove lash extensions from the lash tray, due to the foil-backed strip. You can use the lash extension tweezer to tear up the lash extensions from one side of the storage card, without any residue.<\/p>\n<h6><strong>Key Features<\/strong><\/h6>\n<p>16 rows per tray;<br \/>\nhigh-quality Korean PBT material;<br \/>\nsemi-matte;<br \/>\nsoft and light-weight;<br \/>\nnot kink, not stiff;<br \/>\nconsistent, long lasting curls;<br \/>\nnot sticking to neighboring lashes;<br \/>\nno glue residue;<br \/>\n100% vegan;<br \/>\nhypoallegenic.<\/p>\n<p>The lashes have undergone strict quality control to ensure consistent quality and durability.<\/p>\n","protected":false},"featured_media":8024,"comment_status":"open","ping_status":"closed","template":"","meta":{"site-sidebar-layout":"default","site-content-layout":"","ast-site-content-layout":"default","site-content-style":"default","site-sidebar-style":"default","ast-global-header-display":"","ast-banner-title-visibility":"","ast-main-header-display":"","ast-hfb-above-header-display":"","ast-hfb-below-header-display":"","ast-hfb-mobile-header-display":"","site-post-title":"","ast-breadcrumbs-content":"","ast-featured-img":"","footer-sml-layout":"","ast-disable-related-posts":"","theme-transparent-header-meta":"default","adv-header-id-meta":"","stick-header-meta":"","header-above-stick-meta":"","header-main-stick-meta":"","header-below-stick-meta":"","astra-migrate-meta-layouts":"set","ast-page-background-enabled":"default","ast-page-background-meta":{"desktop":{"background-color":"var(--ast-global-color-4)","background-image":"","background-repeat":"repeat","background-position":"center center","background-size":"auto","background-attachment":"scroll","background-type":"","background-media":"","overlay-type":"","overlay-color":"","overlay-opacity":"","overlay-gradient":""},"tablet":{"background-color":"","background-image":"","background-repeat":"repeat","background-position":"center center","background-size":"auto","background-attachment":"scroll","background-type":"","background-media":"","overlay-type":"","overlay-color":"","overlay-opacity":"","overlay-gradient":""},"mobile":{"background-color":"","background-image":"","background-repeat":"repeat","background-position":"center center","background-size":"auto","background-attachment":"scroll","background-type":"","background-media":"","overlay-type":"","overlay-color":"","overlay-opacity":"","overlay-gradient":""}},"ast-content-background-meta":{"desktop":{"background-color":"var(--ast-global-color-5)","background-image":"","background-repeat":"repeat","background-position":"center center","background-size":"auto","background-attachment":"scroll","background-type":"","background-media":"","overlay-type":"","overlay-color":"","overlay-opacity":"","overlay-gradient":""},"tablet":{"background-color":"var(--ast-global-color-5)","background-image":"","background-repeat":"repeat","background-position":"center center","background-size":"auto","background-attachment":"scroll","background-type":"","background-media":"","overlay-type":"","overlay-color":"","overlay-opacity":"","overlay-gradient":""},"mobile":{"background-color":"var(--ast-global-color-5)","background-image":"","background-repeat":"repeat","background-position":"center center","background-size":"auto","background-attachment":"scroll","background-type":"","background-media":"","overlay-type":"","overlay-color":"","overlay-opacity":"","overlay-gradient":""}}},"product_brand":[],"product_cat":[118,65,125],"product_tag":[],"class_list":{"0":"post-8050","1":"product","2":"type-product","3":"status-publish","4":"has-post-thumbnail","6":"product_cat-brown-eyelash-extensions","7":"product_cat-eyelash-extensions","8":"product_cat-volume-lash-extensions","9":"desktop-align-left","10":"tablet-align-left","11":"mobile-align-left","13":"first","14":"instock","15":"shipping-taxable","16":"purchasable","17":"product-type-variable"},"yoast_head":"<!-- This site is optimized with the Yoast SEO plugin v27.4 - https:\/\/yoast.com\/product\/yoast-seo-wordpress\/ -->\n<title>Dark Chocolate Eyelash Extensions 0.05 - Lasher<\/title>\n<meta name=\"description\" content=\"Elevate your lash game with dark chocolate eyelash extensions! These handmade, lightweight lashes offer a natural appearance and suit every eye color.\" \/>\n<meta name=\"robots\" content=\"index, follow, max-snippet:-1, max-image-preview:large, max-video-preview:-1\" \/>\n<link rel=\"canonical\" href=\"https:\/\/lasher.ee\/en\/dark-chocolate-eyelash-extensions\/\" \/>\n<meta property=\"og:locale\" content=\"en_US\" \/>\n<meta property=\"og:type\" content=\"article\" \/>\n<meta property=\"og:title\" content=\"Dark Chocolate Eyelash Extensions 0.05 - Lasher\" \/>\n<meta property=\"og:description\" content=\"Elevate your lash game with dark chocolate eyelash extensions! These handmade, lightweight lashes offer a natural appearance and suit every eye color.\" \/>\n<meta property=\"og:url\" content=\"https:\/\/lasher.ee\/en\/dark-chocolate-eyelash-extensions\/\" \/>\n<meta property=\"og:site_name\" content=\"Lasher\" \/>\n<meta property=\"article:publisher\" content=\"https:\/\/www.facebook.com\/profile.php?id=61564523265885\" \/>\n<meta property=\"article:modified_time\" content=\"2026-04-09T00:55:45+00:00\" \/>\n<meta property=\"og:image\" content=\"https:\/\/lasher.ee\/wp-content\/uploads\/2025\/06\/IMG_0959_imresizer.jpg\" \/>\n\t<meta property=\"og:image:width\" content=\"1024\" \/>\n\t<meta property=\"og:image:height\" content=\"1024\" \/>\n\t<meta property=\"og:image:type\" content=\"image\/jpeg\" \/>\n<meta name=\"twitter:card\" content=\"summary_large_image\" \/>\n<meta name=\"twitter:label1\" content=\"Est. reading time\" \/>\n\t<meta name=\"twitter:data1\" content=\"1 minute\" \/>\n<script type=\"application\/ld+json\" class=\"yoast-schema-graph\">{\"@context\":\"https:\\\/\\\/schema.org\",\"@graph\":[{\"@type\":\"WebPage\",\"@id\":\"https:\\\/\\\/lasher.ee\\\/en\\\/dark-chocolate-eyelash-extensions\\\/\",\"url\":\"https:\\\/\\\/lasher.ee\\\/en\\\/dark-chocolate-eyelash-extensions\\\/\",\"name\":\"Dark Chocolate Eyelash Extensions 0.05 - Lasher\",\"isPartOf\":{\"@id\":\"https:\\\/\\\/lasher.ee\\\/en\\\/#website\"},\"primaryImageOfPage\":{\"@id\":\"https:\\\/\\\/lasher.ee\\\/en\\\/dark-chocolate-eyelash-extensions\\\/#primaryimage\"},\"image\":{\"@id\":\"https:\\\/\\\/lasher.ee\\\/en\\\/dark-chocolate-eyelash-extensions\\\/#primaryimage\"},\"thumbnailUrl\":\"https:\\\/\\\/lasher.ee\\\/wp-content\\\/uploads\\\/2025\\\/06\\\/IMG_0959_imresizer.jpg\",\"datePublished\":\"2025-06-16T11:27:40+00:00\",\"dateModified\":\"2026-04-09T00:55:45+00:00\",\"description\":\"Elevate your lash game with dark chocolate eyelash extensions! These handmade, lightweight lashes offer a natural appearance and suit every eye color.\",\"breadcrumb\":{\"@id\":\"https:\\\/\\\/lasher.ee\\\/en\\\/dark-chocolate-eyelash-extensions\\\/#breadcrumb\"},\"inLanguage\":\"en-US\",\"potentialAction\":[{\"@type\":\"ReadAction\",\"target\":[\"https:\\\/\\\/lasher.ee\\\/en\\\/dark-chocolate-eyelash-extensions\\\/\"]}]},{\"@type\":\"ImageObject\",\"inLanguage\":\"en-US\",\"@id\":\"https:\\\/\\\/lasher.ee\\\/en\\\/dark-chocolate-eyelash-extensions\\\/#primaryimage\",\"url\":\"https:\\\/\\\/lasher.ee\\\/wp-content\\\/uploads\\\/2025\\\/06\\\/IMG_0959_imresizer.jpg\",\"contentUrl\":\"https:\\\/\\\/lasher.ee\\\/wp-content\\\/uploads\\\/2025\\\/06\\\/IMG_0959_imresizer.jpg\",\"width\":1024,\"height\":1024,\"caption\":\"Dark Chocolate ripsmepikendused on pehme ja loodusl\u00e4hedase tooniga, \u00fchtlase pikkuse ja paksusega, annavad silmadele sooja s\u00fcgavuse ja loomuliku v\u00e4limuse.\"},{\"@type\":\"BreadcrumbList\",\"@id\":\"https:\\\/\\\/lasher.ee\\\/en\\\/dark-chocolate-eyelash-extensions\\\/#breadcrumb\",\"itemListElement\":[{\"@type\":\"ListItem\",\"position\":1,\"name\":\"Home\",\"item\":\"https:\\\/\\\/lasher.ee\\\/en\\\/\"},{\"@type\":\"ListItem\",\"position\":2,\"name\":\"All products\",\"item\":\"https:\\\/\\\/lasher.ee\\\/en\\\/shop\\\/\"},{\"@type\":\"ListItem\",\"position\":3,\"name\":\"Dark Chocolate Eyelash Extensions 0.05 mix 6-13mm\"}]},{\"@type\":\"WebSite\",\"@id\":\"https:\\\/\\\/lasher.ee\\\/en\\\/#website\",\"url\":\"https:\\\/\\\/lasher.ee\\\/en\\\/\",\"name\":\"Lasher\",\"description\":\"K\u00f5ik vajalikud ripsmetarvikud ripsmetehnikule \u00fchest kohast.\",\"publisher\":{\"@id\":\"https:\\\/\\\/lasher.ee\\\/en\\\/#organization\"},\"potentialAction\":[{\"@type\":\"SearchAction\",\"target\":{\"@type\":\"EntryPoint\",\"urlTemplate\":\"https:\\\/\\\/lasher.ee\\\/en\\\/?s={search_term_string}\"},\"query-input\":{\"@type\":\"PropertyValueSpecification\",\"valueRequired\":true,\"valueName\":\"search_term_string\"}}],\"inLanguage\":\"en-US\"},{\"@type\":\"Organization\",\"@id\":\"https:\\\/\\\/lasher.ee\\\/en\\\/#organization\",\"name\":\"Lasher\",\"url\":\"https:\\\/\\\/lasher.ee\\\/en\\\/\",\"logo\":{\"@type\":\"ImageObject\",\"inLanguage\":\"en-US\",\"@id\":\"https:\\\/\\\/lasher.ee\\\/en\\\/#\\\/schema\\\/logo\\\/image\\\/\",\"url\":\"https:\\\/\\\/lasher.ee\\\/wp-content\\\/uploads\\\/2024\\\/09\\\/Screenshot-2024-09-03-at-11.58.17.png\",\"contentUrl\":\"https:\\\/\\\/lasher.ee\\\/wp-content\\\/uploads\\\/2024\\\/09\\\/Screenshot-2024-09-03-at-11.58.17.png\",\"width\":1678,\"height\":1670,\"caption\":\"Lasher\"},\"image\":{\"@id\":\"https:\\\/\\\/lasher.ee\\\/en\\\/#\\\/schema\\\/logo\\\/image\\\/\"},\"sameAs\":[\"https:\\\/\\\/www.facebook.com\\\/profile.php?id=61564523265885\",\"https:\\\/\\\/www.instagram.com\\\/lasher_official\\\/\"]}]}<\/script>\n<!-- \/ Yoast SEO plugin. -->","yoast_head_json":{"title":"Dark Chocolate Eyelash Extensions 0.05 - Lasher","description":"Elevate your lash game with dark chocolate eyelash extensions! These handmade, lightweight lashes offer a natural appearance and suit every eye color.","robots":{"index":"index","follow":"follow","max-snippet":"max-snippet:-1","max-image-preview":"max-image-preview:large","max-video-preview":"max-video-preview:-1"},"canonical":"https:\/\/lasher.ee\/en\/dark-chocolate-eyelash-extensions\/","og_locale":"en_US","og_type":"article","og_title":"Dark Chocolate Eyelash Extensions 0.05 - Lasher","og_description":"Elevate your lash game with dark chocolate eyelash extensions! These handmade, lightweight lashes offer a natural appearance and suit every eye color.","og_url":"https:\/\/lasher.ee\/en\/dark-chocolate-eyelash-extensions\/","og_site_name":"Lasher","article_publisher":"https:\/\/www.facebook.com\/profile.php?id=61564523265885","article_modified_time":"2026-04-09T00:55:45+00:00","og_image":[{"width":1024,"height":1024,"url":"https:\/\/lasher.ee\/wp-content\/uploads\/2025\/06\/IMG_0959_imresizer.jpg","type":"image\/jpeg"}],"twitter_card":"summary_large_image","twitter_misc":{"Est. reading time":"1 minute"},"schema":{"@context":"https:\/\/schema.org","@graph":[{"@type":"WebPage","@id":"https:\/\/lasher.ee\/en\/dark-chocolate-eyelash-extensions\/","url":"https:\/\/lasher.ee\/en\/dark-chocolate-eyelash-extensions\/","name":"Dark Chocolate Eyelash Extensions 0.05 - Lasher","isPartOf":{"@id":"https:\/\/lasher.ee\/en\/#website"},"primaryImageOfPage":{"@id":"https:\/\/lasher.ee\/en\/dark-chocolate-eyelash-extensions\/#primaryimage"},"image":{"@id":"https:\/\/lasher.ee\/en\/dark-chocolate-eyelash-extensions\/#primaryimage"},"thumbnailUrl":"https:\/\/lasher.ee\/wp-content\/uploads\/2025\/06\/IMG_0959_imresizer.jpg","datePublished":"2025-06-16T11:27:40+00:00","dateModified":"2026-04-09T00:55:45+00:00","description":"Elevate your lash game with dark chocolate eyelash extensions! These handmade, lightweight lashes offer a natural appearance and suit every eye color.","breadcrumb":{"@id":"https:\/\/lasher.ee\/en\/dark-chocolate-eyelash-extensions\/#breadcrumb"},"inLanguage":"en-US","potentialAction":[{"@type":"ReadAction","target":["https:\/\/lasher.ee\/en\/dark-chocolate-eyelash-extensions\/"]}]},{"@type":"ImageObject","inLanguage":"en-US","@id":"https:\/\/lasher.ee\/en\/dark-chocolate-eyelash-extensions\/#primaryimage","url":"https:\/\/lasher.ee\/wp-content\/uploads\/2025\/06\/IMG_0959_imresizer.jpg","contentUrl":"https:\/\/lasher.ee\/wp-content\/uploads\/2025\/06\/IMG_0959_imresizer.jpg","width":1024,"height":1024,"caption":"Dark Chocolate ripsmepikendused on pehme ja loodusl\u00e4hedase tooniga, \u00fchtlase pikkuse ja paksusega, annavad silmadele sooja s\u00fcgavuse ja loomuliku v\u00e4limuse."},{"@type":"BreadcrumbList","@id":"https:\/\/lasher.ee\/en\/dark-chocolate-eyelash-extensions\/#breadcrumb","itemListElement":[{"@type":"ListItem","position":1,"name":"Home","item":"https:\/\/lasher.ee\/en\/"},{"@type":"ListItem","position":2,"name":"All products","item":"https:\/\/lasher.ee\/en\/shop\/"},{"@type":"ListItem","position":3,"name":"Dark Chocolate Eyelash Extensions 0.05 mix 6-13mm"}]},{"@type":"WebSite","@id":"https:\/\/lasher.ee\/en\/#website","url":"https:\/\/lasher.ee\/en\/","name":"Lasher","description":"K\u00f5ik vajalikud ripsmetarvikud ripsmetehnikule \u00fchest kohast.","publisher":{"@id":"https:\/\/lasher.ee\/en\/#organization"},"potentialAction":[{"@type":"SearchAction","target":{"@type":"EntryPoint","urlTemplate":"https:\/\/lasher.ee\/en\/?s={search_term_string}"},"query-input":{"@type":"PropertyValueSpecification","valueRequired":true,"valueName":"search_term_string"}}],"inLanguage":"en-US"},{"@type":"Organization","@id":"https:\/\/lasher.ee\/en\/#organization","name":"Lasher","url":"https:\/\/lasher.ee\/en\/","logo":{"@type":"ImageObject","inLanguage":"en-US","@id":"https:\/\/lasher.ee\/en\/#\/schema\/logo\/image\/","url":"https:\/\/lasher.ee\/wp-content\/uploads\/2024\/09\/Screenshot-2024-09-03-at-11.58.17.png","contentUrl":"https:\/\/lasher.ee\/wp-content\/uploads\/2024\/09\/Screenshot-2024-09-03-at-11.58.17.png","width":1678,"height":1670,"caption":"Lasher"},"image":{"@id":"https:\/\/lasher.ee\/en\/#\/schema\/logo\/image\/"},"sameAs":["https:\/\/www.facebook.com\/profile.php?id=61564523265885","https:\/\/www.instagram.com\/lasher_official\/"]}]}},"_links":{"self":[{"href":"https:\/\/lasher.ee\/en\/wp-json\/wp\/v2\/product\/8050","targetHints":{"allow":["GET"]}}],"collection":[{"href":"https:\/\/lasher.ee\/en\/wp-json\/wp\/v2\/product"}],"about":[{"href":"https:\/\/lasher.ee\/en\/wp-json\/wp\/v2\/types\/product"}],"replies":[{"embeddable":true,"href":"https:\/\/lasher.ee\/en\/wp-json\/wp\/v2\/comments?post=8050"}],"wp:featuredmedia":[{"embeddable":true,"href":"https:\/\/lasher.ee\/en\/wp-json\/wp\/v2\/media\/8024"}],"wp:attachment":[{"href":"https:\/\/lasher.ee\/en\/wp-json\/wp\/v2\/media?parent=8050"}],"wp:term":[{"taxonomy":"product_brand","embeddable":true,"href":"https:\/\/lasher.ee\/en\/wp-json\/wp\/v2\/product_brand?post=8050"},{"taxonomy":"product_cat","embeddable":true,"href":"https:\/\/lasher.ee\/en\/wp-json\/wp\/v2\/product_cat?post=8050"},{"taxonomy":"product_tag","embeddable":true,"href":"https:\/\/lasher.ee\/en\/wp-json\/wp\/v2\/product_tag?post=8050"}],"curies":[{"name":"wp","href":"https:\/\/api.w.org\/{rel}","templated":true}]}}