{"id":2667,"date":"2024-08-13T07:03:00","date_gmt":"2024-08-13T04:03:00","guid":{"rendered":"https:\/\/lasher.ee\/tietoa-meista\/"},"modified":"2025-01-15T21:23:08","modified_gmt":"2025-01-15T19:23:08","slug":"tietoa-meista","status":"publish","type":"page","link":"https:\/\/lasher.ee\/fi\/tietoa-meista\/","title":{"rendered":"Meist\u00e4"},"content":{"rendered":"\t\t<div data-elementor-type=\"wp-page\" data-elementor-id=\"2667\" class=\"elementor elementor-2667 elementor-1243\" data-elementor-post-type=\"page\">\n\t\t\t\t<div class=\"elementor-element elementor-element-8ded941 e-flex e-con-boxed e-con e-parent\" data-id=\"8ded941\" data-element_type=\"container\" data-e-type=\"container\">\n\t\t\t\t\t<div class=\"e-con-inner\">\n\t\t\t\t<div class=\"elementor-element elementor-element-20fdfd9 elementor-widget elementor-widget-image\" data-id=\"20fdfd9\" data-element_type=\"widget\" data-e-type=\"widget\" data-widget_type=\"image.default\">\n\t\t\t\t<div class=\"elementor-widget-container\">\n\t\t\t\t\t\t\t\t\t\t\t\t\t\t\t<img fetchpriority=\"high\" decoding=\"async\" width=\"1024\" height=\"320\" src=\"https:\/\/lasher.ee\/wp-content\/uploads\/2025\/01\/imresizer-1736966292351-1024x320.jpg\" class=\"attachment-large size-large wp-image-4851\" alt=\"\" srcset=\"https:\/\/lasher.ee\/wp-content\/uploads\/2025\/01\/imresizer-1736966292351-1024x320.jpg 1024w, https:\/\/lasher.ee\/wp-content\/uploads\/2025\/01\/imresizer-1736966292351-300x94.jpg 300w, https:\/\/lasher.ee\/wp-content\/uploads\/2025\/01\/imresizer-1736966292351-768x240.jpg 768w, https:\/\/lasher.ee\/wp-content\/uploads\/2025\/01\/imresizer-1736966292351-1536x480.jpg 1536w, https:\/\/lasher.ee\/wp-content\/uploads\/2025\/01\/imresizer-1736966292351-1000x313.jpg 1000w, https:\/\/lasher.ee\/wp-content\/uploads\/2025\/01\/imresizer-1736966292351-64x20.jpg 64w, https:\/\/lasher.ee\/wp-content\/uploads\/2025\/01\/imresizer-1736966292351.jpg 1920w\" sizes=\"(max-width: 1024px) 100vw, 1024px\" \/>\t\t\t\t\t\t\t\t\t\t\t\t\t\t\t<\/div>\n\t\t\t\t<\/div>\n\t\t\t\t\t<\/div>\n\t\t\t\t<\/div>\n\t\t<div class=\"elementor-element elementor-element-ed100d5 e-flex e-con-boxed e-con e-parent\" data-id=\"ed100d5\" data-element_type=\"container\" data-e-type=\"container\">\n\t\t\t\t\t<div class=\"e-con-inner\">\n\t\t\t\t<div class=\"elementor-element elementor-element-a7e9a4d elementor-widget elementor-widget-heading\" data-id=\"a7e9a4d\" data-element_type=\"widget\" data-e-type=\"widget\" data-widget_type=\"heading.default\">\n\t\t\t\t<div class=\"elementor-widget-container\">\n\t\t\t\t\t<h2 class=\"elementor-heading-title elementor-size-default\">Tietoa meist\u00e4<\/h2>\t\t\t\t<\/div>\n\t\t\t\t<\/div>\n\t\t\t\t<div class=\"elementor-element elementor-element-d138b93 elementor-widget elementor-widget-text-editor\" data-id=\"d138b93\" data-element_type=\"widget\" data-e-type=\"widget\" data-widget_type=\"text-editor.default\">\n\t\t\t\t<div class=\"elementor-widget-container\">\n\t\t\t\t\t\t\t\t\t<p>Koska ripsienpidennysten pysyvyys ja asiakastyytyv\u00e4isyys ovat ripsienpidennysteknikolle eritt\u00e4in t\u00e4rkeit\u00e4, prosessissa k\u00e4ytett\u00e4v\u00e4t materiaalit ja ty\u00f6kalut ovat olennainen osa eritt\u00e4in hyv\u00e4\u00e4 pysyvyytt\u00e4 ja laadukasta ty\u00f6t\u00e4.<br \/>\nSiksi aloimme tutkia eri tuotteiden ainesosia, testata ty\u00f6kaluja, etsi\u00e4 parhaita laatutuotteita ja kouluttautua kehitt\u00e4\u00e4ksemme tekniikkaamme ja itse\u00e4mme. <\/p>\n<p>Hyvien tuotteiden l\u00f6yt\u00e4minen suuren tuottajam\u00e4\u00e4r\u00e4n joukosta on melko vaikeaa.<br \/>\nLiimat, joiden pit\u00e4isi luoda hyv\u00e4 pysyvyys, joissa on v\u00e4h\u00e4n liimapisaroita, jotka eiv\u00e4t \u00e4rsyt\u00e4 silmi\u00e4 ja jotka sopivat sek\u00e4 kokeneille ett\u00e4 aloitteleville ripsienpidennysteknikoille, pinsetit, joiden pit\u00e4isi olla kevyet ja helppok\u00e4ytt\u00f6iset, jotta k\u00e4det eiv\u00e4t v\u00e4sy ja lihakset eiv\u00e4t j\u00e4nnity, sek\u00e4 ripset, niiden laatu, liimanauhat, jotta on helppo tehd\u00e4 omat ripset, ovat kaikki hyvin t\u00e4rkeit\u00e4.<br \/>\nMeille oli t\u00e4rke\u00e4\u00e4, ett\u00e4 tuotteen ainesosat ovat ripsi- ja ihoyst\u00e4v\u00e4llisi\u00e4, niiss\u00e4 on mahdollisimman v\u00e4h\u00e4n lis\u00e4aineita ja ne ovat turvallisia sek\u00e4 asiakkaalle ett\u00e4 ripsiasentajalle.  <\/p>\n<p>Ty\u00f6skentelem\u00e4ll\u00e4 eri tuotteiden parissa ja vertailemalla niit\u00e4 olemme l\u00f6yt\u00e4neet tuotteita, joita k\u00e4yt\u00e4mme p\u00e4ivitt\u00e4isess\u00e4 ty\u00f6ss\u00e4mme ja jotka ovat my\u00f6s myynniss\u00e4 t\u00e4\u00e4ll\u00e4 lasher.ee-verkkokaupassa.<br \/>\nKaikki myym\u00e4mme ripsiv\u00e4rit, liimat, pinsetit ja hoitotuotteet ovat suoraan valmistajalta. <\/p>\n\t\t\t\t\t\t\t\t<\/div>\n\t\t\t\t<\/div>\n\t\t\t\t\t<\/div>\n\t\t\t\t<\/div>\n\t\t\t\t<\/div>\n\t\t","protected":false},"excerpt":{"rendered":"<p>Tietoa meist\u00e4 Koska ripsienpidennysten pysyvyys ja asiakastyytyv\u00e4isyys ovat ripsienpidennysteknikolle eritt\u00e4in t\u00e4rkeit\u00e4, prosessissa k\u00e4ytett\u00e4v\u00e4t materiaalit ja ty\u00f6kalut ovat olennainen osa eritt\u00e4in [&hellip;]<\/p>\n","protected":false},"author":1,"featured_media":0,"parent":0,"menu_order":0,"comment_status":"closed","ping_status":"closed","template":"","meta":{"site-sidebar-layout":"no-sidebar","site-content-layout":"","ast-site-content-layout":"full-width-container","site-content-style":"default","site-sidebar-style":"default","ast-global-header-display":"","ast-banner-title-visibility":"","ast-main-header-display":"","ast-hfb-above-header-display":"","ast-hfb-below-header-display":"","ast-hfb-mobile-header-display":"","site-post-title":"disabled","ast-breadcrumbs-content":"","ast-featured-img":"disabled","footer-sml-layout":"","ast-disable-related-posts":"","theme-transparent-header-meta":"","adv-header-id-meta":"","stick-header-meta":"","header-above-stick-meta":"","header-main-stick-meta":"","header-below-stick-meta":"","astra-migrate-meta-layouts":"default","ast-page-background-enabled":"default","ast-page-background-meta":{"desktop":{"background-color":"var(--ast-global-color-4)","background-image":"","background-repeat":"repeat","background-position":"center center","background-size":"auto","background-attachment":"scroll","background-type":"","background-media":"","overlay-type":"","overlay-color":"","overlay-opacity":"","overlay-gradient":""},"tablet":{"background-color":"","background-image":"","background-repeat":"repeat","background-position":"center center","background-size":"auto","background-attachment":"scroll","background-type":"","background-media":"","overlay-type":"","overlay-color":"","overlay-opacity":"","overlay-gradient":""},"mobile":{"background-color":"","background-image":"","background-repeat":"repeat","background-position":"center center","background-size":"auto","background-attachment":"scroll","background-type":"","background-media":"","overlay-type":"","overlay-color":"","overlay-opacity":"","overlay-gradient":""}},"ast-content-background-meta":{"desktop":{"background-color":"var(--ast-global-color-5)","background-image":"","background-repeat":"repeat","background-position":"center center","background-size":"auto","background-attachment":"scroll","background-type":"","background-media":"","overlay-type":"","overlay-color":"","overlay-opacity":"","overlay-gradient":""},"tablet":{"background-color":"var(--ast-global-color-5)","background-image":"","background-repeat":"repeat","background-position":"center center","background-size":"auto","background-attachment":"scroll","background-type":"","background-media":"","overlay-type":"","overlay-color":"","overlay-opacity":"","overlay-gradient":""},"mobile":{"background-color":"var(--ast-global-color-5)","background-image":"","background-repeat":"repeat","background-position":"center center","background-size":"auto","background-attachment":"scroll","background-type":"","background-media":"","overlay-type":"","overlay-color":"","overlay-opacity":"","overlay-gradient":""}},"footnotes":""},"class_list":["post-2667","page","type-page","status-publish","hentry"],"yoast_head":"<!-- This site is optimized with the Yoast SEO plugin v27.3 - https:\/\/yoast.com\/product\/yoast-seo-wordpress\/ -->\n<title>Meist\u00e4 - Lasher<\/title>\n<meta name=\"robots\" content=\"index, follow, max-snippet:-1, max-image-preview:large, max-video-preview:-1\" \/>\n<link rel=\"canonical\" href=\"https:\/\/lasher.ee\/fi\/tietoa-meista\/\" \/>\n<meta property=\"og:locale\" content=\"fi_FI\" \/>\n<meta property=\"og:type\" content=\"article\" \/>\n<meta property=\"og:title\" content=\"Meist\u00e4 - Lasher\" \/>\n<meta property=\"og:description\" content=\"Tietoa meist\u00e4 Koska ripsienpidennysten pysyvyys ja asiakastyytyv\u00e4isyys ovat ripsienpidennysteknikolle eritt\u00e4in t\u00e4rkeit\u00e4, prosessissa k\u00e4ytett\u00e4v\u00e4t materiaalit ja ty\u00f6kalut ovat olennainen osa eritt\u00e4in [&hellip;]\" \/>\n<meta property=\"og:url\" content=\"https:\/\/lasher.ee\/fi\/tietoa-meista\/\" \/>\n<meta property=\"og:site_name\" content=\"Lasher\" \/>\n<meta property=\"article:publisher\" content=\"https:\/\/www.facebook.com\/profile.php?id=61564523265885\" \/>\n<meta property=\"article:modified_time\" content=\"2025-01-15T19:23:08+00:00\" \/>\n<meta property=\"og:image\" content=\"http:\/\/www.lasher.ee\/wp-content\/uploads\/2025\/01\/imresizer-1736966292351-1024x320.jpg\" \/>\n<meta name=\"twitter:card\" content=\"summary_large_image\" \/>\n<meta name=\"twitter:label1\" content=\"Arvioitu lukuaika\" \/>\n\t<meta name=\"twitter:data1\" content=\"1 minuutti\" \/>\n<script type=\"application\/ld+json\" class=\"yoast-schema-graph\">{\"@context\":\"https:\\\/\\\/schema.org\",\"@graph\":[{\"@type\":\"WebPage\",\"@id\":\"https:\\\/\\\/lasher.ee\\\/fi\\\/tietoa-meista\\\/\",\"url\":\"https:\\\/\\\/lasher.ee\\\/fi\\\/tietoa-meista\\\/\",\"name\":\"Meist\u00e4 - Lasher\",\"isPartOf\":{\"@id\":\"https:\\\/\\\/lasher.ee\\\/fi\\\/#website\"},\"primaryImageOfPage\":{\"@id\":\"https:\\\/\\\/lasher.ee\\\/fi\\\/tietoa-meista\\\/#primaryimage\"},\"image\":{\"@id\":\"https:\\\/\\\/lasher.ee\\\/fi\\\/tietoa-meista\\\/#primaryimage\"},\"thumbnailUrl\":\"http:\\\/\\\/www.lasher.ee\\\/wp-content\\\/uploads\\\/2025\\\/01\\\/imresizer-1736966292351-1024x320.jpg\",\"datePublished\":\"2024-08-13T04:03:00+00:00\",\"dateModified\":\"2025-01-15T19:23:08+00:00\",\"breadcrumb\":{\"@id\":\"https:\\\/\\\/lasher.ee\\\/fi\\\/tietoa-meista\\\/#breadcrumb\"},\"inLanguage\":\"fi\",\"potentialAction\":[{\"@type\":\"ReadAction\",\"target\":[\"https:\\\/\\\/lasher.ee\\\/fi\\\/tietoa-meista\\\/\"]}]},{\"@type\":\"ImageObject\",\"inLanguage\":\"fi\",\"@id\":\"https:\\\/\\\/lasher.ee\\\/fi\\\/tietoa-meista\\\/#primaryimage\",\"url\":\"http:\\\/\\\/www.lasher.ee\\\/wp-content\\\/uploads\\\/2025\\\/01\\\/imresizer-1736966292351-1024x320.jpg\",\"contentUrl\":\"http:\\\/\\\/www.lasher.ee\\\/wp-content\\\/uploads\\\/2025\\\/01\\\/imresizer-1736966292351-1024x320.jpg\"},{\"@type\":\"BreadcrumbList\",\"@id\":\"https:\\\/\\\/lasher.ee\\\/fi\\\/tietoa-meista\\\/#breadcrumb\",\"itemListElement\":[{\"@type\":\"ListItem\",\"position\":1,\"name\":\"Home\",\"item\":\"https:\\\/\\\/lasher.ee\\\/fi\\\/\"},{\"@type\":\"ListItem\",\"position\":2,\"name\":\"Meist\u00e4\"}]},{\"@type\":\"WebSite\",\"@id\":\"https:\\\/\\\/lasher.ee\\\/fi\\\/#website\",\"url\":\"https:\\\/\\\/lasher.ee\\\/fi\\\/\",\"name\":\"Lasher\",\"description\":\"K\u00f5ik vajalikud ripsmetarvikud ripsmetehnikule \u00fchest kohast.\",\"publisher\":{\"@id\":\"https:\\\/\\\/lasher.ee\\\/fi\\\/#organization\"},\"potentialAction\":[{\"@type\":\"SearchAction\",\"target\":{\"@type\":\"EntryPoint\",\"urlTemplate\":\"https:\\\/\\\/lasher.ee\\\/fi\\\/?s={search_term_string}\"},\"query-input\":{\"@type\":\"PropertyValueSpecification\",\"valueRequired\":true,\"valueName\":\"search_term_string\"}}],\"inLanguage\":\"fi\"},{\"@type\":\"Organization\",\"@id\":\"https:\\\/\\\/lasher.ee\\\/fi\\\/#organization\",\"name\":\"Lasher\",\"url\":\"https:\\\/\\\/lasher.ee\\\/fi\\\/\",\"logo\":{\"@type\":\"ImageObject\",\"inLanguage\":\"fi\",\"@id\":\"https:\\\/\\\/lasher.ee\\\/fi\\\/#\\\/schema\\\/logo\\\/image\\\/\",\"url\":\"https:\\\/\\\/lasher.ee\\\/wp-content\\\/uploads\\\/2024\\\/09\\\/Screenshot-2024-09-03-at-11.58.17.png\",\"contentUrl\":\"https:\\\/\\\/lasher.ee\\\/wp-content\\\/uploads\\\/2024\\\/09\\\/Screenshot-2024-09-03-at-11.58.17.png\",\"width\":1678,\"height\":1670,\"caption\":\"Lasher\"},\"image\":{\"@id\":\"https:\\\/\\\/lasher.ee\\\/fi\\\/#\\\/schema\\\/logo\\\/image\\\/\"},\"sameAs\":[\"https:\\\/\\\/www.facebook.com\\\/profile.php?id=61564523265885\",\"https:\\\/\\\/www.instagram.com\\\/lasher_official\\\/\"]}]}<\/script>\n<!-- \/ Yoast SEO plugin. -->","yoast_head_json":{"title":"Meist\u00e4 - Lasher","robots":{"index":"index","follow":"follow","max-snippet":"max-snippet:-1","max-image-preview":"max-image-preview:large","max-video-preview":"max-video-preview:-1"},"canonical":"https:\/\/lasher.ee\/fi\/tietoa-meista\/","og_locale":"fi_FI","og_type":"article","og_title":"Meist\u00e4 - Lasher","og_description":"Tietoa meist\u00e4 Koska ripsienpidennysten pysyvyys ja asiakastyytyv\u00e4isyys ovat ripsienpidennysteknikolle eritt\u00e4in t\u00e4rkeit\u00e4, prosessissa k\u00e4ytett\u00e4v\u00e4t materiaalit ja ty\u00f6kalut ovat olennainen osa eritt\u00e4in [&hellip;]","og_url":"https:\/\/lasher.ee\/fi\/tietoa-meista\/","og_site_name":"Lasher","article_publisher":"https:\/\/www.facebook.com\/profile.php?id=61564523265885","article_modified_time":"2025-01-15T19:23:08+00:00","og_image":[{"url":"http:\/\/www.lasher.ee\/wp-content\/uploads\/2025\/01\/imresizer-1736966292351-1024x320.jpg","type":"","width":"","height":""}],"twitter_card":"summary_large_image","twitter_misc":{"Arvioitu lukuaika":"1 minuutti"},"schema":{"@context":"https:\/\/schema.org","@graph":[{"@type":"WebPage","@id":"https:\/\/lasher.ee\/fi\/tietoa-meista\/","url":"https:\/\/lasher.ee\/fi\/tietoa-meista\/","name":"Meist\u00e4 - Lasher","isPartOf":{"@id":"https:\/\/lasher.ee\/fi\/#website"},"primaryImageOfPage":{"@id":"https:\/\/lasher.ee\/fi\/tietoa-meista\/#primaryimage"},"image":{"@id":"https:\/\/lasher.ee\/fi\/tietoa-meista\/#primaryimage"},"thumbnailUrl":"http:\/\/www.lasher.ee\/wp-content\/uploads\/2025\/01\/imresizer-1736966292351-1024x320.jpg","datePublished":"2024-08-13T04:03:00+00:00","dateModified":"2025-01-15T19:23:08+00:00","breadcrumb":{"@id":"https:\/\/lasher.ee\/fi\/tietoa-meista\/#breadcrumb"},"inLanguage":"fi","potentialAction":[{"@type":"ReadAction","target":["https:\/\/lasher.ee\/fi\/tietoa-meista\/"]}]},{"@type":"ImageObject","inLanguage":"fi","@id":"https:\/\/lasher.ee\/fi\/tietoa-meista\/#primaryimage","url":"http:\/\/www.lasher.ee\/wp-content\/uploads\/2025\/01\/imresizer-1736966292351-1024x320.jpg","contentUrl":"http:\/\/www.lasher.ee\/wp-content\/uploads\/2025\/01\/imresizer-1736966292351-1024x320.jpg"},{"@type":"BreadcrumbList","@id":"https:\/\/lasher.ee\/fi\/tietoa-meista\/#breadcrumb","itemListElement":[{"@type":"ListItem","position":1,"name":"Home","item":"https:\/\/lasher.ee\/fi\/"},{"@type":"ListItem","position":2,"name":"Meist\u00e4"}]},{"@type":"WebSite","@id":"https:\/\/lasher.ee\/fi\/#website","url":"https:\/\/lasher.ee\/fi\/","name":"Lasher","description":"K\u00f5ik vajalikud ripsmetarvikud ripsmetehnikule \u00fchest kohast.","publisher":{"@id":"https:\/\/lasher.ee\/fi\/#organization"},"potentialAction":[{"@type":"SearchAction","target":{"@type":"EntryPoint","urlTemplate":"https:\/\/lasher.ee\/fi\/?s={search_term_string}"},"query-input":{"@type":"PropertyValueSpecification","valueRequired":true,"valueName":"search_term_string"}}],"inLanguage":"fi"},{"@type":"Organization","@id":"https:\/\/lasher.ee\/fi\/#organization","name":"Lasher","url":"https:\/\/lasher.ee\/fi\/","logo":{"@type":"ImageObject","inLanguage":"fi","@id":"https:\/\/lasher.ee\/fi\/#\/schema\/logo\/image\/","url":"https:\/\/lasher.ee\/wp-content\/uploads\/2024\/09\/Screenshot-2024-09-03-at-11.58.17.png","contentUrl":"https:\/\/lasher.ee\/wp-content\/uploads\/2024\/09\/Screenshot-2024-09-03-at-11.58.17.png","width":1678,"height":1670,"caption":"Lasher"},"image":{"@id":"https:\/\/lasher.ee\/fi\/#\/schema\/logo\/image\/"},"sameAs":["https:\/\/www.facebook.com\/profile.php?id=61564523265885","https:\/\/www.instagram.com\/lasher_official\/"]}]}},"_links":{"self":[{"href":"https:\/\/lasher.ee\/fi\/wp-json\/wp\/v2\/pages\/2667","targetHints":{"allow":["GET"]}}],"collection":[{"href":"https:\/\/lasher.ee\/fi\/wp-json\/wp\/v2\/pages"}],"about":[{"href":"https:\/\/lasher.ee\/fi\/wp-json\/wp\/v2\/types\/page"}],"author":[{"embeddable":true,"href":"https:\/\/lasher.ee\/fi\/wp-json\/wp\/v2\/users\/1"}],"replies":[{"embeddable":true,"href":"https:\/\/lasher.ee\/fi\/wp-json\/wp\/v2\/comments?post=2667"}],"version-history":[{"count":0,"href":"https:\/\/lasher.ee\/fi\/wp-json\/wp\/v2\/pages\/2667\/revisions"}],"wp:attachment":[{"href":"https:\/\/lasher.ee\/fi\/wp-json\/wp\/v2\/media?parent=2667"}],"curies":[{"name":"wp","href":"https:\/\/api.w.org\/{rel}","templated":true}]}}