{"id":2673,"date":"2024-08-08T07:51:07","date_gmt":"2024-08-08T04:51:07","guid":{"rendered":"https:\/\/lasher.ee\/toimitus-osoitteeseen\/"},"modified":"2025-04-29T07:11:00","modified_gmt":"2025-04-29T04:11:00","slug":"toimitus-osoitteeseen","status":"publish","type":"page","link":"https:\/\/lasher.ee\/fi\/toimitus-osoitteeseen\/","title":{"rendered":"Toimitus"},"content":{"rendered":"\t\t<div data-elementor-type=\"wp-page\" data-elementor-id=\"2673\" class=\"elementor elementor-2673 elementor-1106\" data-elementor-post-type=\"page\">\n\t\t\t\t<div class=\"elementor-element elementor-element-c632487 e-flex e-con-boxed e-con e-parent\" data-id=\"c632487\" data-element_type=\"container\" data-e-type=\"container\">\n\t\t\t\t\t<div class=\"e-con-inner\">\n\t\t\t\t<div class=\"elementor-element elementor-element-84155f2 elementor-widget elementor-widget-heading\" data-id=\"84155f2\" data-element_type=\"widget\" data-e-type=\"widget\" data-widget_type=\"heading.default\">\n\t\t\t\t<div class=\"elementor-widget-container\">\n\t\t\t\t\t<h2 class=\"elementor-heading-title elementor-size-default\">Toimitus osoitteeseen<\/h2>\t\t\t\t<\/div>\n\t\t\t\t<\/div>\n\t\t\t\t<div class=\"elementor-element elementor-element-5a49203 elementor-widget elementor-widget-heading\" data-id=\"5a49203\" data-element_type=\"widget\" data-e-type=\"widget\" data-widget_type=\"heading.default\">\n\t\t\t\t<div class=\"elementor-widget-container\">\n\t\t\t\t\t<h3 class=\"elementor-heading-title elementor-size-default\">Toimitus <\/h3>\t\t\t\t<\/div>\n\t\t\t\t<\/div>\n\t\t\t\t<div class=\"elementor-element elementor-element-3be371c elementor-widget elementor-widget-text-editor\" data-id=\"3be371c\" data-element_type=\"widget\" data-e-type=\"widget\" data-widget_type=\"text-editor.default\">\n\t\t\t\t<div class=\"elementor-widget-container\">\n\t\t\t\t\t\t\t\t\t<p><span style=\"color: #000000;\">Ennen klo 15.00 arkip\u00e4ivin\u00e4 tehdyt tilaukset toimitetaan samana p\u00e4iv\u00e4n\u00e4.<\/span><br><span style=\"color: #000000;\">Viikonloppuisin ja juhlapyhin\u00e4 tehdyt tilaukset postitetaan viikonlopun tai juhlapyh\u00e4n j\u00e4lkeisen\u00e4 ensimm\u00e4isen\u00e4 arkip\u00e4iv\u00e4n\u00e4.<\/span><\/p>\n<p><span style=\"color: #000000;\">Ilmainen toimitus yli 119 euron tilauksiin.<\/span><\/p>\n<p><span style=\"color: #77c3ec;\"><strong>SUOMI<\/strong>&nbsp;<\/span><\/p>\n<p><span style=\"color: #000000;\"><strong>Itella<a style=\"color: #000000;\" href=\"https:\/\/itella.ee\/posti-pakiautomaadid-pakipunktid-ja-postkontorid-soomes\/\" target=\"_blank\" rel=\"noopener\"> SmartPost<\/a> (Posti)<\/strong>&nbsp;<\/span><\/p>\n<p><span style=\"color: #000000;\">Toimitus pakettiautomaatteihin &#8211; 6,65\u20ac<\/span><\/p>\n<p><span style=\"font-style: inherit; font-weight: inherit; color: #000000; font-family: var( --e-global-typography-text-font-family ), Sans-serif; text-align: var(--text-align); background-color: var(--ast-global-color-5);\">Toimitus: 2-5 ty\u00f6p\u00e4iv\u00e4\u00e4.&nbsp;<\/span><\/p>\n<p><span style=\"color: #000000;\">Kun paketti on saapunut kohdepakettiautomaattiin, l\u00e4hetet\u00e4\u00e4n tekstiviesti tilauksessa mainittuun matkapuhelimeen.<\/span><\/p>\n<p><span style=\"color: #000000;\"><strong>DPD<\/strong><\/span><\/p>\n<p><span style=\"color: #000000;\">Toimitus pakettiautomaatteihin- 8,95\u20ac<\/span><\/p>\n<p><span style=\"color: #000000;\">Toimitus 2-5 ty\u00f6p\u00e4iv\u00e4\u00e4.&nbsp;<\/span><\/p>\n<p><span style=\"color: #000000;\">Kun paketti on saapunut kohdepakettiautomaattiin, l\u00e4hetet\u00e4\u00e4n tekstiviesti tilauksessa mainittuun matkapuhelimeen.<\/span><\/p>\n<p><span style=\"color: #000000;\"><strong>Omniva<\/strong><\/span><\/p>\n<p><span style=\"color: #000000;\">Toimitus pakettiautomaatteihin- 5,95<\/span><\/p>\n<p><span style=\"color: #000000;\">Toimitus 2-5 ty\u00f6p\u00e4iv\u00e4\u00e4.<\/span><\/p>\n<p><span style=\"color: #000000;\">Kun paketti on saapunut kohdepakettiautomaattiin, l\u00e4hetet\u00e4\u00e4n tekstiviesti tilauksessa mainittuun matkapuhelimeen.<\/span><\/p>\t\t\t\t\t\t\t\t<\/div>\n\t\t\t\t<\/div>\n\t\t\t\t\t<\/div>\n\t\t\t\t<\/div>\n\t\t\t\t<\/div>\n\t\t","protected":false},"excerpt":{"rendered":"<p>Toimitus osoitteeseen Toimitus Ennen klo 15.00 arkip\u00e4ivin\u00e4 tehdyt tilaukset toimitetaan samana p\u00e4iv\u00e4n\u00e4.Viikonloppuisin ja juhlapyhin\u00e4 tehdyt tilaukset postitetaan viikonlopun tai juhlapyh\u00e4n [&hellip;]<\/p>\n","protected":false},"author":1,"featured_media":0,"parent":0,"menu_order":0,"comment_status":"closed","ping_status":"closed","template":"","meta":{"site-sidebar-layout":"no-sidebar","site-content-layout":"","ast-site-content-layout":"full-width-container","site-content-style":"default","site-sidebar-style":"default","ast-global-header-display":"","ast-banner-title-visibility":"","ast-main-header-display":"","ast-hfb-above-header-display":"","ast-hfb-below-header-display":"","ast-hfb-mobile-header-display":"","site-post-title":"disabled","ast-breadcrumbs-content":"","ast-featured-img":"disabled","footer-sml-layout":"","ast-disable-related-posts":"","theme-transparent-header-meta":"","adv-header-id-meta":"","stick-header-meta":"","header-above-stick-meta":"","header-main-stick-meta":"","header-below-stick-meta":"","astra-migrate-meta-layouts":"default","ast-page-background-enabled":"default","ast-page-background-meta":{"desktop":{"background-color":"var(--ast-global-color-4)","background-image":"","background-repeat":"repeat","background-position":"center center","background-size":"auto","background-attachment":"scroll","background-type":"","background-media":"","overlay-type":"","overlay-color":"","overlay-opacity":"","overlay-gradient":""},"tablet":{"background-color":"","background-image":"","background-repeat":"repeat","background-position":"center center","background-size":"auto","background-attachment":"scroll","background-type":"","background-media":"","overlay-type":"","overlay-color":"","overlay-opacity":"","overlay-gradient":""},"mobile":{"background-color":"","background-image":"","background-repeat":"repeat","background-position":"center center","background-size":"auto","background-attachment":"scroll","background-type":"","background-media":"","overlay-type":"","overlay-color":"","overlay-opacity":"","overlay-gradient":""}},"ast-content-background-meta":{"desktop":{"background-color":"var(--ast-global-color-5)","background-image":"","background-repeat":"repeat","background-position":"center center","background-size":"auto","background-attachment":"scroll","background-type":"","background-media":"","overlay-type":"","overlay-color":"","overlay-opacity":"","overlay-gradient":""},"tablet":{"background-color":"var(--ast-global-color-5)","background-image":"","background-repeat":"repeat","background-position":"center center","background-size":"auto","background-attachment":"scroll","background-type":"","background-media":"","overlay-type":"","overlay-color":"","overlay-opacity":"","overlay-gradient":""},"mobile":{"background-color":"var(--ast-global-color-5)","background-image":"","background-repeat":"repeat","background-position":"center center","background-size":"auto","background-attachment":"scroll","background-type":"","background-media":"","overlay-type":"","overlay-color":"","overlay-opacity":"","overlay-gradient":""}},"footnotes":""},"class_list":["post-2673","page","type-page","status-publish","hentry"],"yoast_head":"<!-- This site is optimized with the Yoast SEO plugin v27.4 - https:\/\/yoast.com\/product\/yoast-seo-wordpress\/ -->\n<title>Toimitus - Lasher<\/title>\n<meta name=\"robots\" content=\"index, follow, max-snippet:-1, max-image-preview:large, max-video-preview:-1\" \/>\n<link rel=\"canonical\" href=\"https:\/\/lasher.ee\/fi\/toimitus-osoitteeseen\/\" \/>\n<meta property=\"og:locale\" content=\"fi_FI\" \/>\n<meta property=\"og:type\" content=\"article\" \/>\n<meta property=\"og:title\" content=\"Toimitus - Lasher\" \/>\n<meta property=\"og:description\" content=\"Toimitus osoitteeseen Toimitus Ennen klo 15.00 arkip\u00e4ivin\u00e4 tehdyt tilaukset toimitetaan samana p\u00e4iv\u00e4n\u00e4.Viikonloppuisin ja juhlapyhin\u00e4 tehdyt tilaukset postitetaan viikonlopun tai juhlapyh\u00e4n [&hellip;]\" \/>\n<meta property=\"og:url\" content=\"https:\/\/lasher.ee\/fi\/toimitus-osoitteeseen\/\" \/>\n<meta property=\"og:site_name\" content=\"Lasher\" \/>\n<meta property=\"article:publisher\" content=\"https:\/\/www.facebook.com\/profile.php?id=61564523265885\" \/>\n<meta property=\"article:modified_time\" content=\"2025-04-29T04:11:00+00:00\" \/>\n<meta name=\"twitter:card\" content=\"summary_large_image\" \/>\n<meta name=\"twitter:label1\" content=\"Arvioitu lukuaika\" \/>\n\t<meta name=\"twitter:data1\" content=\"1 minuutti\" \/>\n<script type=\"application\/ld+json\" class=\"yoast-schema-graph\">{\"@context\":\"https:\\\/\\\/schema.org\",\"@graph\":[{\"@type\":\"WebPage\",\"@id\":\"https:\\\/\\\/lasher.ee\\\/fi\\\/toimitus-osoitteeseen\\\/\",\"url\":\"https:\\\/\\\/lasher.ee\\\/fi\\\/toimitus-osoitteeseen\\\/\",\"name\":\"Toimitus - Lasher\",\"isPartOf\":{\"@id\":\"https:\\\/\\\/lasher.ee\\\/fi\\\/#website\"},\"datePublished\":\"2024-08-08T04:51:07+00:00\",\"dateModified\":\"2025-04-29T04:11:00+00:00\",\"breadcrumb\":{\"@id\":\"https:\\\/\\\/lasher.ee\\\/fi\\\/toimitus-osoitteeseen\\\/#breadcrumb\"},\"inLanguage\":\"fi\",\"potentialAction\":[{\"@type\":\"ReadAction\",\"target\":[\"https:\\\/\\\/lasher.ee\\\/fi\\\/toimitus-osoitteeseen\\\/\"]}]},{\"@type\":\"BreadcrumbList\",\"@id\":\"https:\\\/\\\/lasher.ee\\\/fi\\\/toimitus-osoitteeseen\\\/#breadcrumb\",\"itemListElement\":[{\"@type\":\"ListItem\",\"position\":1,\"name\":\"Home\",\"item\":\"https:\\\/\\\/lasher.ee\\\/fi\\\/\"},{\"@type\":\"ListItem\",\"position\":2,\"name\":\"Toimitus\"}]},{\"@type\":\"WebSite\",\"@id\":\"https:\\\/\\\/lasher.ee\\\/fi\\\/#website\",\"url\":\"https:\\\/\\\/lasher.ee\\\/fi\\\/\",\"name\":\"Lasher\",\"description\":\"K\u00f5ik vajalikud ripsmetarvikud ripsmetehnikule \u00fchest kohast.\",\"publisher\":{\"@id\":\"https:\\\/\\\/lasher.ee\\\/fi\\\/#organization\"},\"potentialAction\":[{\"@type\":\"SearchAction\",\"target\":{\"@type\":\"EntryPoint\",\"urlTemplate\":\"https:\\\/\\\/lasher.ee\\\/fi\\\/?s={search_term_string}\"},\"query-input\":{\"@type\":\"PropertyValueSpecification\",\"valueRequired\":true,\"valueName\":\"search_term_string\"}}],\"inLanguage\":\"fi\"},{\"@type\":\"Organization\",\"@id\":\"https:\\\/\\\/lasher.ee\\\/fi\\\/#organization\",\"name\":\"Lasher\",\"url\":\"https:\\\/\\\/lasher.ee\\\/fi\\\/\",\"logo\":{\"@type\":\"ImageObject\",\"inLanguage\":\"fi\",\"@id\":\"https:\\\/\\\/lasher.ee\\\/fi\\\/#\\\/schema\\\/logo\\\/image\\\/\",\"url\":\"https:\\\/\\\/lasher.ee\\\/wp-content\\\/uploads\\\/2024\\\/09\\\/Screenshot-2024-09-03-at-11.58.17.png\",\"contentUrl\":\"https:\\\/\\\/lasher.ee\\\/wp-content\\\/uploads\\\/2024\\\/09\\\/Screenshot-2024-09-03-at-11.58.17.png\",\"width\":1678,\"height\":1670,\"caption\":\"Lasher\"},\"image\":{\"@id\":\"https:\\\/\\\/lasher.ee\\\/fi\\\/#\\\/schema\\\/logo\\\/image\\\/\"},\"sameAs\":[\"https:\\\/\\\/www.facebook.com\\\/profile.php?id=61564523265885\",\"https:\\\/\\\/www.instagram.com\\\/lasher_official\\\/\"]}]}<\/script>\n<!-- \/ Yoast SEO plugin. -->","yoast_head_json":{"title":"Toimitus - Lasher","robots":{"index":"index","follow":"follow","max-snippet":"max-snippet:-1","max-image-preview":"max-image-preview:large","max-video-preview":"max-video-preview:-1"},"canonical":"https:\/\/lasher.ee\/fi\/toimitus-osoitteeseen\/","og_locale":"fi_FI","og_type":"article","og_title":"Toimitus - Lasher","og_description":"Toimitus osoitteeseen Toimitus Ennen klo 15.00 arkip\u00e4ivin\u00e4 tehdyt tilaukset toimitetaan samana p\u00e4iv\u00e4n\u00e4.Viikonloppuisin ja juhlapyhin\u00e4 tehdyt tilaukset postitetaan viikonlopun tai juhlapyh\u00e4n [&hellip;]","og_url":"https:\/\/lasher.ee\/fi\/toimitus-osoitteeseen\/","og_site_name":"Lasher","article_publisher":"https:\/\/www.facebook.com\/profile.php?id=61564523265885","article_modified_time":"2025-04-29T04:11:00+00:00","twitter_card":"summary_large_image","twitter_misc":{"Arvioitu lukuaika":"1 minuutti"},"schema":{"@context":"https:\/\/schema.org","@graph":[{"@type":"WebPage","@id":"https:\/\/lasher.ee\/fi\/toimitus-osoitteeseen\/","url":"https:\/\/lasher.ee\/fi\/toimitus-osoitteeseen\/","name":"Toimitus - Lasher","isPartOf":{"@id":"https:\/\/lasher.ee\/fi\/#website"},"datePublished":"2024-08-08T04:51:07+00:00","dateModified":"2025-04-29T04:11:00+00:00","breadcrumb":{"@id":"https:\/\/lasher.ee\/fi\/toimitus-osoitteeseen\/#breadcrumb"},"inLanguage":"fi","potentialAction":[{"@type":"ReadAction","target":["https:\/\/lasher.ee\/fi\/toimitus-osoitteeseen\/"]}]},{"@type":"BreadcrumbList","@id":"https:\/\/lasher.ee\/fi\/toimitus-osoitteeseen\/#breadcrumb","itemListElement":[{"@type":"ListItem","position":1,"name":"Home","item":"https:\/\/lasher.ee\/fi\/"},{"@type":"ListItem","position":2,"name":"Toimitus"}]},{"@type":"WebSite","@id":"https:\/\/lasher.ee\/fi\/#website","url":"https:\/\/lasher.ee\/fi\/","name":"Lasher","description":"K\u00f5ik vajalikud ripsmetarvikud ripsmetehnikule \u00fchest kohast.","publisher":{"@id":"https:\/\/lasher.ee\/fi\/#organization"},"potentialAction":[{"@type":"SearchAction","target":{"@type":"EntryPoint","urlTemplate":"https:\/\/lasher.ee\/fi\/?s={search_term_string}"},"query-input":{"@type":"PropertyValueSpecification","valueRequired":true,"valueName":"search_term_string"}}],"inLanguage":"fi"},{"@type":"Organization","@id":"https:\/\/lasher.ee\/fi\/#organization","name":"Lasher","url":"https:\/\/lasher.ee\/fi\/","logo":{"@type":"ImageObject","inLanguage":"fi","@id":"https:\/\/lasher.ee\/fi\/#\/schema\/logo\/image\/","url":"https:\/\/lasher.ee\/wp-content\/uploads\/2024\/09\/Screenshot-2024-09-03-at-11.58.17.png","contentUrl":"https:\/\/lasher.ee\/wp-content\/uploads\/2024\/09\/Screenshot-2024-09-03-at-11.58.17.png","width":1678,"height":1670,"caption":"Lasher"},"image":{"@id":"https:\/\/lasher.ee\/fi\/#\/schema\/logo\/image\/"},"sameAs":["https:\/\/www.facebook.com\/profile.php?id=61564523265885","https:\/\/www.instagram.com\/lasher_official\/"]}]}},"_links":{"self":[{"href":"https:\/\/lasher.ee\/fi\/wp-json\/wp\/v2\/pages\/2673","targetHints":{"allow":["GET"]}}],"collection":[{"href":"https:\/\/lasher.ee\/fi\/wp-json\/wp\/v2\/pages"}],"about":[{"href":"https:\/\/lasher.ee\/fi\/wp-json\/wp\/v2\/types\/page"}],"author":[{"embeddable":true,"href":"https:\/\/lasher.ee\/fi\/wp-json\/wp\/v2\/users\/1"}],"replies":[{"embeddable":true,"href":"https:\/\/lasher.ee\/fi\/wp-json\/wp\/v2\/comments?post=2673"}],"version-history":[{"count":0,"href":"https:\/\/lasher.ee\/fi\/wp-json\/wp\/v2\/pages\/2673\/revisions"}],"wp:attachment":[{"href":"https:\/\/lasher.ee\/fi\/wp-json\/wp\/v2\/media?parent=2673"}],"curies":[{"name":"wp","href":"https:\/\/api.w.org\/{rel}","templated":true}]}}