{"id":2678,"date":"2024-07-13T16:25:16","date_gmt":"2024-07-13T13:25:16","guid":{"rendered":"https:\/\/lasher.ee\/tietosuojakaytanto\/"},"modified":"2025-03-21T20:16:30","modified_gmt":"2025-03-21T18:16:30","slug":"tietosuojakaytanto","status":"publish","type":"page","link":"https:\/\/lasher.ee\/fi\/tietosuojakaytanto\/","title":{"rendered":"Tietosuojak\u00e4yt\u00e4nt\u00f6"},"content":{"rendered":"\t\t<div data-elementor-type=\"wp-page\" data-elementor-id=\"2678\" class=\"elementor elementor-2678 elementor-220\" data-elementor-post-type=\"page\">\n\t\t\t\t<div class=\"elementor-element elementor-element-130fe380 e-flex e-con-boxed e-con e-parent\" data-id=\"130fe380\" data-element_type=\"container\" data-e-type=\"container\">\n\t\t\t\t\t<div class=\"e-con-inner\">\n\t\t\t\t<div class=\"elementor-element elementor-element-f5c6bba elementor-widget elementor-widget-heading\" data-id=\"f5c6bba\" data-element_type=\"widget\" data-e-type=\"widget\" data-widget_type=\"heading.default\">\n\t\t\t\t<div class=\"elementor-widget-container\">\n\t\t\t\t\t<h2 class=\"elementor-heading-title elementor-size-default\">Tietosuojak\u00e4yt\u00e4nt\u00f6<\/h2>\t\t\t\t<\/div>\n\t\t\t\t<\/div>\n\t\t\t\t<div class=\"elementor-element elementor-element-214a1b61 elementor-widget elementor-widget-text-editor\" data-id=\"214a1b61\" data-element_type=\"widget\" data-e-type=\"widget\" data-widget_type=\"text-editor.default\">\n\t\t\t\t<div class=\"elementor-widget-container\">\n\t\t\t\t\t\t\t\t\t<h3><span style=\"font-weight: 400;\">Tietosuojak\u00e4yt\u00e4nt\u00f6<\/span><\/h3>\n<ol>\n<li style=\"font-weight: 400;\" aria-level=\"1\">\n<h4><span style=\"font-weight: 400;\">Yleiset s\u00e4\u00e4nn\u00f6kset<\/span><\/h4>\n<\/li>\n<\/ol>\n<p><span style=\"font-weight: 400;\">1.1 T\u00e4ss\u00e4 tietosuojak\u00e4yt\u00e4nn\u00f6ss\u00e4 esitet\u00e4\u00e4n periaatteet, jotka koskevat henkil\u00f6tietojen ker\u00e4\u00e4mist\u00e4, k\u00e4sittely\u00e4 ja tallentamista. Henkil\u00f6tietoja ker\u00e4\u00e4 ja s\u00e4ilytt\u00e4\u00e4 henkil\u00f6tietojen rekisterinpit\u00e4j\u00e4 O\u00dc Lasher (j\u00e4ljemp\u00e4n\u00e4 tietojen k\u00e4sittelij\u00e4).<br \/>1.2. Tietosuojaselosteessa rekister\u00f6idyll\u00e4 tarkoitetaan asiakasta tai muuta luonnollista henkil\u00f6\u00e4, jonka henkil\u00f6tietoja tietojen k\u00e4sittelij\u00e4 k\u00e4sittelee.<br \/>1.3. Tietosuojaselosteessa asiakkaalla tarkoitetaan henkil\u00f6\u00e4, joka ostaa tavaroita tai palveluita tietojen k\u00e4sittelij\u00e4n verkkosivustolta.<br \/>1.4. Tietosuojaselosteessa asiakkaalla tarkoitetaan henkil\u00f6\u00e4, joka ostaa tavaroita tai palveluita tietojen k\u00e4sittelij\u00e4n verkkosivustolta. 1.4. Tietosuojaselosteessa tarkoitetaan asiakasta, joka ostaa tavaroita tai palveluita. Rekisterinpit\u00e4j\u00e4n on noudatettava lains\u00e4\u00e4d\u00e4nn\u00f6ss\u00e4 s\u00e4\u00e4dettyj\u00e4 tietojenk\u00e4sittelyn periaatteita, mukaan lukien henkil\u00f6tietojen laillinen, oikeudenmukainen ja turvallinen k\u00e4sittely. Rekisterinpit\u00e4j\u00e4n on pystytt\u00e4v\u00e4 vahvistamaan, ett\u00e4 henkil\u00f6tietoja on k\u00e4sitelty lain mukaisesti.      <\/span><\/p>\n<h4><span style=\"font-weight: 400;\">2.2. HENKIL\u00d6TIETOJEN KER\u00c4\u00c4MINEN, K\u00c4SITTELY JA TALLENTAMINEN. <br \/><\/span><\/h4>\n<p><span style=\"font-weight: 400;\">2.1 Rekisterinpit\u00e4j\u00e4n ker\u00e4\u00e4m\u00e4t, k\u00e4sittelem\u00e4t ja tallentamat henkil\u00f6tiedot ker\u00e4t\u00e4\u00e4n s\u00e4hk\u00f6isesti, p\u00e4\u00e4asiassa verkkosivuston ja s\u00e4hk\u00f6postin kautta.   <br \/>2.2 Henkil\u00f6tietojaan jakamalla rekister\u00f6ity antaa henkil\u00f6tietojen k\u00e4sittelij\u00e4lle oikeuden ker\u00e4t\u00e4, j\u00e4rjest\u00e4\u00e4, k\u00e4ytt\u00e4\u00e4 ja hallinnoida henkil\u00f6tietoja, jotka rekister\u00f6ity suoraan tai v\u00e4lillisesti jakaa henkil\u00f6tietojen k\u00e4sittelij\u00e4n kanssa ostaessaan tavaroita tai palveluita verkkosivustolta tietosuojaselosteessa m\u00e4\u00e4riteltyihin tarkoituksiin.<br \/>2.3 Rekister\u00f6ity on vastuussa siit\u00e4, ett\u00e4 h\u00e4nen antamansa tiedot ovat tarkkoja, oikeita ja t\u00e4ydellisi\u00e4. Rekister\u00f6ity on vastuussa antamiensa tietojen oikeellisuudesta ja t\u00e4ydellisyydest\u00e4. Rekister\u00f6ity on velvollinen ilmoittamaan viipym\u00e4tt\u00e4 tietojen k\u00e4sittelij\u00e4lle kaikista annettujen tietojen muutoksista.<br \/>2.4. Tietojen k\u00e4sittelij\u00e4 ei ole vastuussa vahingoista, joita rekister\u00f6idylle tai kolmansille osapuolille aiheutuu siit\u00e4, ett\u00e4 rekister\u00f6ity on antanut v\u00e4\u00e4ri\u00e4 tietoja.     <\/span><\/p>\n<h4>3. ASIAKKAIDEN HENKIL\u00d6TIETOJEN K\u00c4SITTELY<\/h4>\n<p>3.1 Tietojen k\u00e4sittelij\u00e4 voi k\u00e4sitell\u00e4 seuraavia rekister\u00f6idyn henkil\u00f6tietoja:<br \/>3.1.1. etu- ja sukunimi;<br \/>3.1.2. puhelinnumero;<br \/>3.1.3. s\u00e4hk\u00f6postiosoite;<br \/>3.1.4. s\u00e4hk\u00f6postiosoite. Toimitusosoite;<br \/>3.1.5. Pankkitilin numero;      <\/p>\n<p>3.2 Edell\u00e4 mainitun lis\u00e4ksi rekisterinpit\u00e4j\u00e4ll\u00e4 on oikeus ker\u00e4t\u00e4 asiakkaasta tietoja, jotka ovat saatavilla julkisista rekistereist\u00e4.   <\/p>\n<p>3.3 Henkil\u00f6tietojen k\u00e4sittelyn oikeusperusta on yleisen tietosuoja-asetuksen 6 artiklan 1 kohdan a, b, c ja f alakohta:<br \/>1. a) rekister\u00f6ity on antanut suostumuksensa henkil\u00f6tietojensa k\u00e4sittelyyn yht\u00e4 tai useampaa m\u00e4\u00e4ritelty\u00e4 tarkoitusta varten;<br \/>2. b) henkil\u00f6tietojen k\u00e4sittely on tarpeen rekister\u00f6idyn kanssa tehdyn sopimuksen t\u00e4yt\u00e4nt\u00f6\u00f6n panemiseksi tai rekister\u00f6idyn pyynn\u00f6st\u00e4 ennen sopimuksen tekemist\u00e4 toteutettavien toimenpiteiden toteuttamiseksi;<br \/>3. b) henkil\u00f6tietojen k\u00e4sittely on tarpeen rekister\u00f6idyn kanssa tehdyn sopimuksen t\u00e4yt\u00e4nt\u00f6\u00f6n panemiseksi tai ennen sopimuksen tekemist\u00e4 toteutettavien toimenpiteiden toteuttamiseksi; 3. c) henkil\u00f6tietojen k\u00e4sittely on tarpeen rekister\u00f6idyn kanssa tehdyn sopimuksen t\u00e4yt\u00e4nt\u00f6\u00f6n panemiseksi. (c) k\u00e4sittely on tarpeen rekisterinpit\u00e4j\u00e4\u00e4n kohdistuvan lakis\u00e4\u00e4teisen velvoitteen noudattamiseksi;<br \/>4. f) k\u00e4sittely on tarpeen rekisterinpit\u00e4j\u00e4n tai kolmannen osapuolen oikeutettujen etujen toteuttamiseksi, paitsi jos n\u00e4m\u00e4 edut syrj\u00e4ytt\u00e4v\u00e4t rekister\u00f6idyn edut tai perusoikeudet ja -vapaudet, joiden vuoksi henkil\u00f6tietoja on suojattava, erityisesti jos rekister\u00f6ity on lapsi.<br \/>5. f) k\u00e4sittely on tarpeen rekisterinpit\u00e4j\u00e4n tai kolmannen osapuolen oikeutettujen etujen toteuttamiseksi.. g) henkil\u00f6tietojen k\u00e4sittely suoramarkkinoinnissa.    <\/p>\n<p>3.4 Henkil\u00f6tietojen k\u00e4sittely niiden k\u00e4ytt\u00f6tarkoituksia varten:<br \/>3.4.1. K\u00e4sittelyn tarkoitus &#8211; turvallisuus<br \/>Henkil\u00f6tietojen enimm\u00e4iss\u00e4ilytysaika &#8211; laissa s\u00e4\u00e4dettyjen aikarajojen mukaisesti<br \/>3.4.2 K\u00e4sittelyn tarkoitus &#8211; tilausten k\u00e4sittely<br \/>Henkil\u00f6tietojen enimm\u00e4iss\u00e4ilytysaika &#8211; laissa s\u00e4\u00e4dettyjen aikarajojen mukaisesti<br \/>3.4.3 K\u00e4sittelyn tarkoitus &#8211; verkkokaupan palveluiden toimivuuden varmistaminen<br \/>Henkil\u00f6tietojen enimm\u00e4iss\u00e4ilytysaika &#8211; laissa s\u00e4\u00e4dettyjen aikarajojen mukaisesti<br \/>3. Henkil\u00f6tietojen k\u00e4sittelyyn liittyv\u00e4t tavoitteet4.4.4 K\u00e4sittelyn tarkoitus &#8211; asiakashallinta<br \/>Henkil\u00f6tietojen enimm\u00e4iss\u00e4ilytysaika &#8211; laissa tarkoitettujen aikarajojen mukaisesti<br \/>3.4.5 K\u00e4sittelyn tarkoitus &#8211; taloudelliset toiminnot, kirjanpito<br \/>Henkil\u00f6tietojen enimm\u00e4iss\u00e4ilytysaika &#8211; laissa tarkoitettujen aikarajojen mukaisesti<br \/>3.4.6 K\u00e4sittelyn tarkoitus &#8211; markkinointi<br \/>Henkil\u00f6tietojen enimm\u00e4iss\u00e4ilytysaika &#8211; laissa tarkoitettujen aikarajojen mukaisesti.       <\/p>\n<p><span style=\"font-size: 16px; font-weight: 400;\">3.5 Tietojen k\u00e4sittelij\u00e4ll\u00e4 on oikeus jakaa asiakkaan henkil\u00f6tietoja kolmansille osapuolille, kuten valtuutetuille tietojenk\u00e4sittelij\u00f6ille, kirjanpit\u00e4jille, kuljetus- ja kuriiripalveluyrityksille, siirtopalveluja tarjoaville yrityksille jne. Tietojen k\u00e4sittelij\u00e4 siirt\u00e4\u00e4 maksujen suorittamiseksi tarvittavat henkil\u00f6tiedot k\u00e4sittelij\u00e4 Montonio AS:lle.    <\/span><\/p>\n<p><span style=\"font-weight: 400;\">3.6 Rekister\u00f6idyn henkil\u00f6tietoja k\u00e4sitelless\u00e4\u00e4n ja tallentaessaan henkil\u00f6tietojen k\u00e4sittelij\u00e4n on toteutettava organisatoriset ja tekniset toimenpiteet, joilla varmistetaan henkil\u00f6tietojen suojaaminen vahingossa tapahtuvalta tai laittomalta tuhoamiselta, muuttamiselta, luovuttamiselta ja muulta laittomalta k\u00e4sittelylt\u00e4. <\/span><\/p>\n<p><span style=\"font-weight: 400;\">3.7 Henkil\u00f6tietojen k\u00e4sittelij\u00e4 s\u00e4ilytt\u00e4\u00e4 rekister\u00f6ityjen tietoja k\u00e4sittelyn tarkoituksesta riippuvan ajan, kuitenkin enint\u00e4\u00e4n 15 vuotta. <\/span><\/p>\n<h4><span style=\"font-weight: 400;\">4. Ev\u00e4steiden k\u00e4ytt\u00f6 lasher.ee-sivustolla<\/span><\/h4>\n<p><span style=\"font-weight: 400;\">Lasher.ee k\u00e4ytt\u00e4\u00e4 ev\u00e4steit\u00e4, jotta verkkosivusto toimisi ja jotta k\u00e4vij\u00e4t saisivat paremman k\u00e4ytt\u00f6kokemuksen. Ev\u00e4steet ovat pieni\u00e4 tekstitiedostoja, jotka tallennetaan tietokoneellesi tai mobiililaitteellesi, kun vierailet verkkosivustoilla. Ev\u00e4steet auttavat meit\u00e4 analysoimaan k\u00e4vij\u00f6iden k\u00e4ytt\u00e4ytymist\u00e4 verkkosivustolla, tarjoamaan henkil\u00f6kohtaista sis\u00e4lt\u00f6\u00e4 ja mainoksia sek\u00e4 parantamaan yleist\u00e4 verkkokokemusta.  <\/span><\/p>\n<p><span style=\"font-weight: 400;\">4.1 Ev\u00e4steiden k\u00e4yt\u00f6n hyv\u00e4ksyminen<br \/>K\u00e4ym\u00e4ll\u00e4 lasher.ee-sivustolla hyv\u00e4ksyt ev\u00e4steiden k\u00e4yt\u00f6n t\u00e4m\u00e4n tietosuojak\u00e4yt\u00e4nn\u00f6n mukaisesti. Voit muuttaa ev\u00e4steiden k\u00e4ytt\u00f6\u00e4 milloin tahansa selaimesi asetusten kautta tai kielt\u00e4yty\u00e4 ev\u00e4steiden k\u00e4yt\u00f6st\u00e4 kokonaan. Huomaa, ett\u00e4 ev\u00e4steiden poistaminen k\u00e4yt\u00f6st\u00e4 voi vaikuttaa verkkokokemukseesi ja tiettyjen verkkosivuston ominaisuuksien toimintaan.  <br \/><\/span><\/p>\n<p><span style=\"font-weight: 400;\">4.2 Ev\u00e4stetyypit lasher.ee-sivustolla<br \/>4.2.1 V\u00e4ltt\u00e4m\u00e4tt\u00f6m\u00e4t ev\u00e4steet: N\u00e4m\u00e4 ev\u00e4steet ovat v\u00e4ltt\u00e4m\u00e4tt\u00f6mi\u00e4 verkkosivuston perustoimintojen kannalta, ja niiden avulla voit selata sivustoa ja k\u00e4ytt\u00e4\u00e4 sen ominaisuuksia. N\u00e4m\u00e4 ev\u00e4steet eiv\u00e4t ker\u00e4\u00e4 henkil\u00f6kohtaisia tietoja.<br \/>4.2.2 Toiminnalliset ev\u00e4steet: N\u00e4iden ev\u00e4steiden avulla voimme muistaa asetuksesi ja parantaa verkkosivuston toiminnallisuutta.<br \/>4.2.3 Analyyttiset ev\u00e4steet: N\u00e4m\u00e4 ev\u00e4steet auttavat meit\u00e4 ker\u00e4\u00e4m\u00e4\u00e4n tietoa siit\u00e4, miten k\u00e4vij\u00e4t k\u00e4ytt\u00e4v\u00e4t verkkosivustoa, jotta voimme parantaa ja mukauttaa verkkosivustoamme.<br \/>Jos sinulla on kysytt\u00e4v\u00e4\u00e4 ev\u00e4steiden k\u00e4yt\u00f6st\u00e4 lasher.ee-verkkosivustolla, ota yhteytt\u00e4 osoitteeseen info@lasher.ee. <br \/><\/span><\/p>\n<h4>5. REKISTER\u00d6IDYN OIKEUDET<\/h4>\n<p>5.1 Rekister\u00f6idyll\u00e4 on oikeus saada p\u00e4\u00e4sy henkil\u00f6tietoihinsa ja tarkastaa ne.<br \/>5.2 Rekister\u00f6idyll\u00e4 on oikeus saada tietoja henkil\u00f6tietojensa k\u00e4sittelyst\u00e4.<br \/>5.3 Rekister\u00f6idyll\u00e4 on oikeus t\u00e4ydent\u00e4\u00e4 tai oikaista virheelliset tiedot.<br \/>5. Rekister\u00f6idyll\u00e4 on oikeus saada tietoja, jotka ovat virheellisi\u00e4..4. Jos rekisterinpit\u00e4j\u00e4 k\u00e4sittelee rekister\u00f6idyn henkil\u00f6tietoja rekister\u00f6idyn suostumuksen perusteella, rekister\u00f6idyll\u00e4 on oikeus peruuttaa suostumuksensa milloin tahansa.<br \/>5.5. Rekister\u00f6ity voi k\u00e4ytt\u00e4\u00e4 oikeuksiaan ottamalla yhteytt\u00e4 verkkokaupan asiakastukeen osoitteessa info@lasher.ee.       <br \/>5.6 Rekister\u00f6ity voi tehd\u00e4 valituksen tietosuojavaltuutetulle suojellakseen oikeuksiaan. <\/p>\n<h4>6. LOPPUS\u00c4\u00c4NN\u00d6KSET<\/h4>\n<p>6.1 N\u00e4m\u00e4 tietosuojaehdot on laadittu luonnollisten henkil\u00f6iden suojelusta henkil\u00f6tietojen k\u00e4sittelyss\u00e4 ja n\u00e4iden tietojen vapaasta liikkuvuudesta sek\u00e4 direktiivin 95\/46\/EY \/ EY kumoamisesta (yleinen tietosuoja-asetus) annetun Euroopan parlamentin ja neuvoston asetuksen (EU) N:o 2016\/679, Viron tasavallan henkil\u00f6tietolain sek\u00e4 Viron tasavallan ja Euroopan unionin lains\u00e4\u00e4d\u00e4nn\u00f6n mukaisesti.<br \/>6.2 Rekisterinpit\u00e4j\u00e4 pid\u00e4tt\u00e4\u00e4 itsell\u00e4\u00e4n oikeuden muuttaa n\u00e4it\u00e4 tietosuojaehtoja kokonaan tai osittain ilmoittamalla muutoksista rekister\u00f6idyille verkkosivuston www.lasher.ee kautta.  <\/p>\n<\/p>\n<\/p>\n<\/p>\n<h4> <\/h4>\n<p><span style=\"font-weight: 400;\"> <\/span><\/p>\n\t\t\t\t\t\t\t\t<\/div>\n\t\t\t\t<\/div>\n\t\t\t\t\t<\/div>\n\t\t\t\t<\/div>\n\t\t\t\t<\/div>\n\t\t","protected":false},"excerpt":{"rendered":"<p>Tietosuojak\u00e4yt\u00e4nt\u00f6 Tietosuojak\u00e4yt\u00e4nt\u00f6 Yleiset s\u00e4\u00e4nn\u00f6kset 1.1 T\u00e4ss\u00e4 tietosuojak\u00e4yt\u00e4nn\u00f6ss\u00e4 esitet\u00e4\u00e4n periaatteet, jotka koskevat henkil\u00f6tietojen ker\u00e4\u00e4mist\u00e4, k\u00e4sittely\u00e4 ja tallentamista. Henkil\u00f6tietoja ker\u00e4\u00e4 ja s\u00e4ilytt\u00e4\u00e4 [&hellip;]<\/p>\n","protected":false},"author":2,"featured_media":0,"parent":0,"menu_order":0,"comment_status":"closed","ping_status":"closed","template":"","meta":{"site-sidebar-layout":"default","site-content-layout":"","ast-site-content-layout":"default","site-content-style":"default","site-sidebar-style":"default","ast-global-header-display":"","ast-banner-title-visibility":"","ast-main-header-display":"","ast-hfb-above-header-display":"","ast-hfb-below-header-display":"","ast-hfb-mobile-header-display":"","site-post-title":"","ast-breadcrumbs-content":"","ast-featured-img":"","footer-sml-layout":"","ast-disable-related-posts":"","theme-transparent-header-meta":"","adv-header-id-meta":"","stick-header-meta":"","header-above-stick-meta":"","header-main-stick-meta":"","header-below-stick-meta":"","astra-migrate-meta-layouts":"default","ast-page-background-enabled":"default","ast-page-background-meta":{"desktop":{"background-color":"var(--ast-global-color-4)","background-image":"","background-repeat":"repeat","background-position":"center center","background-size":"auto","background-attachment":"scroll","background-type":"","background-media":"","overlay-type":"","overlay-color":"","overlay-opacity":"","overlay-gradient":""},"tablet":{"background-color":"","background-image":"","background-repeat":"repeat","background-position":"center center","background-size":"auto","background-attachment":"scroll","background-type":"","background-media":"","overlay-type":"","overlay-color":"","overlay-opacity":"","overlay-gradient":""},"mobile":{"background-color":"","background-image":"","background-repeat":"repeat","background-position":"center center","background-size":"auto","background-attachment":"scroll","background-type":"","background-media":"","overlay-type":"","overlay-color":"","overlay-opacity":"","overlay-gradient":""}},"ast-content-background-meta":{"desktop":{"background-color":"var(--ast-global-color-5)","background-image":"","background-repeat":"repeat","background-position":"center center","background-size":"auto","background-attachment":"scroll","background-type":"","background-media":"","overlay-type":"","overlay-color":"","overlay-opacity":"","overlay-gradient":""},"tablet":{"background-color":"var(--ast-global-color-5)","background-image":"","background-repeat":"repeat","background-position":"center center","background-size":"auto","background-attachment":"scroll","background-type":"","background-media":"","overlay-type":"","overlay-color":"","overlay-opacity":"","overlay-gradient":""},"mobile":{"background-color":"var(--ast-global-color-5)","background-image":"","background-repeat":"repeat","background-position":"center center","background-size":"auto","background-attachment":"scroll","background-type":"","background-media":"","overlay-type":"","overlay-color":"","overlay-opacity":"","overlay-gradient":""}},"footnotes":""},"class_list":["post-2678","page","type-page","status-publish","hentry"],"yoast_head":"<!-- This site is optimized with the Yoast SEO plugin v27.3 - https:\/\/yoast.com\/product\/yoast-seo-wordpress\/ -->\n<title>Tietosuojak\u00e4yt\u00e4nt\u00f6 - Lasher<\/title>\n<meta name=\"robots\" content=\"index, follow, max-snippet:-1, max-image-preview:large, max-video-preview:-1\" \/>\n<link rel=\"canonical\" href=\"https:\/\/lasher.ee\/fi\/tietosuojakaytanto\/\" \/>\n<meta property=\"og:locale\" content=\"fi_FI\" \/>\n<meta property=\"og:type\" content=\"article\" \/>\n<meta property=\"og:title\" content=\"Tietosuojak\u00e4yt\u00e4nt\u00f6 - Lasher\" \/>\n<meta property=\"og:description\" content=\"Tietosuojak\u00e4yt\u00e4nt\u00f6 Tietosuojak\u00e4yt\u00e4nt\u00f6 Yleiset s\u00e4\u00e4nn\u00f6kset 1.1 T\u00e4ss\u00e4 tietosuojak\u00e4yt\u00e4nn\u00f6ss\u00e4 esitet\u00e4\u00e4n periaatteet, jotka koskevat henkil\u00f6tietojen ker\u00e4\u00e4mist\u00e4, k\u00e4sittely\u00e4 ja tallentamista. Henkil\u00f6tietoja ker\u00e4\u00e4 ja s\u00e4ilytt\u00e4\u00e4 [&hellip;]\" \/>\n<meta property=\"og:url\" content=\"https:\/\/lasher.ee\/fi\/tietosuojakaytanto\/\" \/>\n<meta property=\"og:site_name\" content=\"Lasher\" \/>\n<meta property=\"article:publisher\" content=\"https:\/\/www.facebook.com\/profile.php?id=61564523265885\" \/>\n<meta property=\"article:modified_time\" content=\"2025-03-21T18:16:30+00:00\" \/>\n<meta name=\"twitter:card\" content=\"summary_large_image\" \/>\n<meta name=\"twitter:label1\" content=\"Arvioitu lukuaika\" \/>\n\t<meta name=\"twitter:data1\" content=\"6 minuuttia\" \/>\n<script type=\"application\/ld+json\" class=\"yoast-schema-graph\">{\"@context\":\"https:\\\/\\\/schema.org\",\"@graph\":[{\"@type\":\"WebPage\",\"@id\":\"https:\\\/\\\/lasher.ee\\\/fi\\\/tietosuojakaytanto\\\/\",\"url\":\"https:\\\/\\\/lasher.ee\\\/fi\\\/tietosuojakaytanto\\\/\",\"name\":\"Tietosuojak\u00e4yt\u00e4nt\u00f6 - Lasher\",\"isPartOf\":{\"@id\":\"https:\\\/\\\/lasher.ee\\\/fi\\\/#website\"},\"datePublished\":\"2024-07-13T13:25:16+00:00\",\"dateModified\":\"2025-03-21T18:16:30+00:00\",\"breadcrumb\":{\"@id\":\"https:\\\/\\\/lasher.ee\\\/fi\\\/tietosuojakaytanto\\\/#breadcrumb\"},\"inLanguage\":\"fi\",\"potentialAction\":[{\"@type\":\"ReadAction\",\"target\":[\"https:\\\/\\\/lasher.ee\\\/fi\\\/tietosuojakaytanto\\\/\"]}]},{\"@type\":\"BreadcrumbList\",\"@id\":\"https:\\\/\\\/lasher.ee\\\/fi\\\/tietosuojakaytanto\\\/#breadcrumb\",\"itemListElement\":[{\"@type\":\"ListItem\",\"position\":1,\"name\":\"Home\",\"item\":\"https:\\\/\\\/lasher.ee\\\/fi\\\/\"},{\"@type\":\"ListItem\",\"position\":2,\"name\":\"Tietosuojak\u00e4yt\u00e4nt\u00f6\"}]},{\"@type\":\"WebSite\",\"@id\":\"https:\\\/\\\/lasher.ee\\\/fi\\\/#website\",\"url\":\"https:\\\/\\\/lasher.ee\\\/fi\\\/\",\"name\":\"Lasher\",\"description\":\"K\u00f5ik vajalikud ripsmetarvikud ripsmetehnikule \u00fchest kohast.\",\"publisher\":{\"@id\":\"https:\\\/\\\/lasher.ee\\\/fi\\\/#organization\"},\"potentialAction\":[{\"@type\":\"SearchAction\",\"target\":{\"@type\":\"EntryPoint\",\"urlTemplate\":\"https:\\\/\\\/lasher.ee\\\/fi\\\/?s={search_term_string}\"},\"query-input\":{\"@type\":\"PropertyValueSpecification\",\"valueRequired\":true,\"valueName\":\"search_term_string\"}}],\"inLanguage\":\"fi\"},{\"@type\":\"Organization\",\"@id\":\"https:\\\/\\\/lasher.ee\\\/fi\\\/#organization\",\"name\":\"Lasher\",\"url\":\"https:\\\/\\\/lasher.ee\\\/fi\\\/\",\"logo\":{\"@type\":\"ImageObject\",\"inLanguage\":\"fi\",\"@id\":\"https:\\\/\\\/lasher.ee\\\/fi\\\/#\\\/schema\\\/logo\\\/image\\\/\",\"url\":\"https:\\\/\\\/lasher.ee\\\/wp-content\\\/uploads\\\/2024\\\/09\\\/Screenshot-2024-09-03-at-11.58.17.png\",\"contentUrl\":\"https:\\\/\\\/lasher.ee\\\/wp-content\\\/uploads\\\/2024\\\/09\\\/Screenshot-2024-09-03-at-11.58.17.png\",\"width\":1678,\"height\":1670,\"caption\":\"Lasher\"},\"image\":{\"@id\":\"https:\\\/\\\/lasher.ee\\\/fi\\\/#\\\/schema\\\/logo\\\/image\\\/\"},\"sameAs\":[\"https:\\\/\\\/www.facebook.com\\\/profile.php?id=61564523265885\",\"https:\\\/\\\/www.instagram.com\\\/lasher_official\\\/\"]}]}<\/script>\n<!-- \/ Yoast SEO plugin. -->","yoast_head_json":{"title":"Tietosuojak\u00e4yt\u00e4nt\u00f6 - Lasher","robots":{"index":"index","follow":"follow","max-snippet":"max-snippet:-1","max-image-preview":"max-image-preview:large","max-video-preview":"max-video-preview:-1"},"canonical":"https:\/\/lasher.ee\/fi\/tietosuojakaytanto\/","og_locale":"fi_FI","og_type":"article","og_title":"Tietosuojak\u00e4yt\u00e4nt\u00f6 - Lasher","og_description":"Tietosuojak\u00e4yt\u00e4nt\u00f6 Tietosuojak\u00e4yt\u00e4nt\u00f6 Yleiset s\u00e4\u00e4nn\u00f6kset 1.1 T\u00e4ss\u00e4 tietosuojak\u00e4yt\u00e4nn\u00f6ss\u00e4 esitet\u00e4\u00e4n periaatteet, jotka koskevat henkil\u00f6tietojen ker\u00e4\u00e4mist\u00e4, k\u00e4sittely\u00e4 ja tallentamista. Henkil\u00f6tietoja ker\u00e4\u00e4 ja s\u00e4ilytt\u00e4\u00e4 [&hellip;]","og_url":"https:\/\/lasher.ee\/fi\/tietosuojakaytanto\/","og_site_name":"Lasher","article_publisher":"https:\/\/www.facebook.com\/profile.php?id=61564523265885","article_modified_time":"2025-03-21T18:16:30+00:00","twitter_card":"summary_large_image","twitter_misc":{"Arvioitu lukuaika":"6 minuuttia"},"schema":{"@context":"https:\/\/schema.org","@graph":[{"@type":"WebPage","@id":"https:\/\/lasher.ee\/fi\/tietosuojakaytanto\/","url":"https:\/\/lasher.ee\/fi\/tietosuojakaytanto\/","name":"Tietosuojak\u00e4yt\u00e4nt\u00f6 - Lasher","isPartOf":{"@id":"https:\/\/lasher.ee\/fi\/#website"},"datePublished":"2024-07-13T13:25:16+00:00","dateModified":"2025-03-21T18:16:30+00:00","breadcrumb":{"@id":"https:\/\/lasher.ee\/fi\/tietosuojakaytanto\/#breadcrumb"},"inLanguage":"fi","potentialAction":[{"@type":"ReadAction","target":["https:\/\/lasher.ee\/fi\/tietosuojakaytanto\/"]}]},{"@type":"BreadcrumbList","@id":"https:\/\/lasher.ee\/fi\/tietosuojakaytanto\/#breadcrumb","itemListElement":[{"@type":"ListItem","position":1,"name":"Home","item":"https:\/\/lasher.ee\/fi\/"},{"@type":"ListItem","position":2,"name":"Tietosuojak\u00e4yt\u00e4nt\u00f6"}]},{"@type":"WebSite","@id":"https:\/\/lasher.ee\/fi\/#website","url":"https:\/\/lasher.ee\/fi\/","name":"Lasher","description":"K\u00f5ik vajalikud ripsmetarvikud ripsmetehnikule \u00fchest kohast.","publisher":{"@id":"https:\/\/lasher.ee\/fi\/#organization"},"potentialAction":[{"@type":"SearchAction","target":{"@type":"EntryPoint","urlTemplate":"https:\/\/lasher.ee\/fi\/?s={search_term_string}"},"query-input":{"@type":"PropertyValueSpecification","valueRequired":true,"valueName":"search_term_string"}}],"inLanguage":"fi"},{"@type":"Organization","@id":"https:\/\/lasher.ee\/fi\/#organization","name":"Lasher","url":"https:\/\/lasher.ee\/fi\/","logo":{"@type":"ImageObject","inLanguage":"fi","@id":"https:\/\/lasher.ee\/fi\/#\/schema\/logo\/image\/","url":"https:\/\/lasher.ee\/wp-content\/uploads\/2024\/09\/Screenshot-2024-09-03-at-11.58.17.png","contentUrl":"https:\/\/lasher.ee\/wp-content\/uploads\/2024\/09\/Screenshot-2024-09-03-at-11.58.17.png","width":1678,"height":1670,"caption":"Lasher"},"image":{"@id":"https:\/\/lasher.ee\/fi\/#\/schema\/logo\/image\/"},"sameAs":["https:\/\/www.facebook.com\/profile.php?id=61564523265885","https:\/\/www.instagram.com\/lasher_official\/"]}]}},"_links":{"self":[{"href":"https:\/\/lasher.ee\/fi\/wp-json\/wp\/v2\/pages\/2678","targetHints":{"allow":["GET"]}}],"collection":[{"href":"https:\/\/lasher.ee\/fi\/wp-json\/wp\/v2\/pages"}],"about":[{"href":"https:\/\/lasher.ee\/fi\/wp-json\/wp\/v2\/types\/page"}],"author":[{"embeddable":true,"href":"https:\/\/lasher.ee\/fi\/wp-json\/wp\/v2\/users\/2"}],"replies":[{"embeddable":true,"href":"https:\/\/lasher.ee\/fi\/wp-json\/wp\/v2\/comments?post=2678"}],"version-history":[{"count":0,"href":"https:\/\/lasher.ee\/fi\/wp-json\/wp\/v2\/pages\/2678\/revisions"}],"wp:attachment":[{"href":"https:\/\/lasher.ee\/fi\/wp-json\/wp\/v2\/media?parent=2678"}],"curies":[{"name":"wp","href":"https:\/\/api.w.org\/{rel}","templated":true}]}}