{"id":2683,"date":"2024-06-13T08:13:03","date_gmt":"2024-06-13T05:13:03","guid":{"rendered":"https:\/\/lasher.ee\/myyntiehdot\/"},"modified":"2026-01-03T11:52:21","modified_gmt":"2026-01-03T09:52:21","slug":"myyntiehdot","status":"publish","type":"page","link":"https:\/\/lasher.ee\/fi\/myyntiehdot\/","title":{"rendered":"Myyntiehdot"},"content":{"rendered":"\t\t<div data-elementor-type=\"wp-page\" data-elementor-id=\"2683\" class=\"elementor elementor-2683 elementor-3\" data-elementor-post-type=\"page\">\n\t\t\t\t<div class=\"elementor-element elementor-element-130fe380 e-flex e-con-boxed e-con e-parent\" data-id=\"130fe380\" data-element_type=\"container\" data-e-type=\"container\">\n\t\t\t\t\t<div class=\"e-con-inner\">\n\t\t\t\t<div class=\"elementor-element elementor-element-f5c6bba elementor-widget elementor-widget-heading\" data-id=\"f5c6bba\" data-element_type=\"widget\" data-e-type=\"widget\" data-widget_type=\"heading.default\">\n\t\t\t\t<div class=\"elementor-widget-container\">\n\t\t\t\t\t<h2 class=\"elementor-heading-title elementor-size-default\">Myyntiehdot<\/h2>\t\t\t\t<\/div>\n\t\t\t\t<\/div>\n\t\t\t\t<div class=\"elementor-element elementor-element-214a1b61 elementor-widget elementor-widget-text-editor\" data-id=\"214a1b61\" data-element_type=\"widget\" data-e-type=\"widget\" data-widget_type=\"text-editor.default\">\n\t\t\t\t<div class=\"elementor-widget-container\">\n\t\t\t\t\t\t\t\t\t<h3><span style=\"font-weight: 400;\">Myyntiehdot<\/span><\/h3><p><span style=\"font-weight: 400;\">Verkkokaupan lasher.ee omistaja on O\u00dc Lasher (rekisteritunnus<\/span> <span style=\"font-weight: 400;\">14989629), Tabasalu alevik, 76901, Harjun l\u00e4\u00e4ni, Viro.<\/span><\/p><h3><span style=\"font-weight: 400;\">Myyntisopimuksen voimassaolo, kaupalliset tiedot ja hintatiedot <\/span><\/h3><p><span style=\"font-weight: 400;\">Myyntiehdot koskevat tavaroiden ostamista verkkokaupasta. <\/span><\/p><p><span style=\"font-weight: 400;\">Verkkokaupassa myyt\u00e4vien tuotteiden hinnat on ilmoitettu tuotteiden yhteydess\u00e4. Hintaan lis\u00e4t\u00e4\u00e4n toimitusmaksu. <\/span><\/p><p><span style=\"font-weight: 400;\">Toimitusmaksu riippuu ostajan sijainnista ja toimitusajasta. <\/span><span style=\"font-weight: 400;\">toimitustavasta. <\/span><span style=\"font-weight: 400;\">Toimitusmaksu n\u00e4ytet\u00e4\u00e4n ostajalle tilausta teht\u00e4ess\u00e4. <\/span><\/p><p><span style=\"font-weight: 400;\">Tietoa tavaroista on verkkokaupassa suoraan tavaran vieress\u00e4. <\/span><\/p><h3><span style=\"font-weight: 400;\">Tilauksen tekeminen<\/span><\/h3><p><span style=\"font-weight: 400;\">Tilausta varten sinun on lis\u00e4tt\u00e4v\u00e4 haluamasi tuotteet ostoskoriin. Tilauksen tekemist\u00e4 varten sinun on t\u00e4ytett\u00e4v\u00e4 vaaditut kent\u00e4t ja valittava sopiva toimitustapa. T\u00e4m\u00e4n j\u00e4lkeen n\u00e4yt\u00f6ll\u00e4 n\u00e4kyy maksun m\u00e4\u00e4r\u00e4, joka voidaan maksaa pankkisiirrolla tai muulla maksutavalla. <\/span><\/p><p><span style=\"font-weight: 400;\">Sopimus tulee voimaan p\u00e4iv\u00e4n\u00e4, jona verkkokaupan k\u00e4ytt\u00f6tilille maksettava summa on vastaanotettu. <\/span><\/p><p><span style=\"font-weight: 400;\">Jos tilattuja tavaroita ei voida toimittaa tavaran vanhentumisen tai muun syyn vuoksi, ostajalle ilmoitetaan asiasta mahdollisimman pian ja maksetut rahat (toimituskulut mukaan lukien) palautetaan yleens\u00e4 1-2 ty\u00f6p\u00e4iv\u00e4n kuluessa. Maksutavan mukaan maksun vastaanottaminen voi kest\u00e4\u00e4 jopa 7 ty\u00f6p\u00e4iv\u00e4\u00e4. <\/span><\/p><h3><span style=\"font-weight: 400;\">Toimitus osoitteeseen<\/span><\/h3><p><span style=\"font-weight: 400;\">Tavaroita toimitetaan Viroon, Suomeen, Latviaan, Liettuaan ja muihin EU-maihin.<\/span><\/p><p><span style=\"font-weight: 400;\">Ostaja vastaa toimituskuluista, ja vastaavat hintatiedot n\u00e4kyv\u00e4t toimitustavan yhteydess\u00e4. <\/span><\/p><p><span style=\"font-weight: 400;\">Viron sis\u00e4iset l\u00e4hetykset saapuvat yleens\u00e4 ostajan ilmoittamaan m\u00e4\u00e4r\u00e4np\u00e4\u00e4h\u00e4n 1-3 ty\u00f6p\u00e4iv\u00e4n kuluessa kauppasopimuksen voimaantulosta. Poikkeustapauksissa toimitusoikeus my\u00f6nnet\u00e4\u00e4n 30 kalenterip\u00e4iv\u00e4\u00e4n asti. <\/span><\/p><p><span style=\"font-weight: 400;\">Jos verkkokauppa on ilmoittanut ostajalle verkkosivustolla tai tilausvahvistuksessa toimitusongelmista ja yli 30 kalenterip\u00e4iv\u00e4n m\u00e4\u00e4r\u00e4ajasta, sovelletaan verkkokaupan julkaisemaa m\u00e4\u00e4r\u00e4aikaa. <\/span><\/p><h3><span style=\"font-weight: 400;\">Peruuttamisoikeus<\/span><b><\/b><\/h3><p><span style=\"font-weight: 400;\">Tilauksen vastaanottamisen j\u00e4lkeen ostajalla on oikeus peruuttaa s\u00e4hk\u00f6inen sopimus 14 p\u00e4iv\u00e4n kuluessa.\u00a0<\/span><\/p><p><span style=\"font-weight: 400;\">14 p\u00e4iv\u00e4n peruuttamisoikeuden k\u00e4ytt\u00e4miseksi tilattuja tavaroita ei saa k\u00e4ytt\u00e4\u00e4 muulla tavoin kuin on tarpeen tavaroiden luonteen, ominaisuuksien ja toiminnan selvitt\u00e4miseksi samalla tavalla kuin on sallittua tavaroiden testaamiseksi fyysisess\u00e4 myym\u00e4l\u00e4ss\u00e4. <\/span><\/p><p><span style=\"font-weight: 400;\">Jos tavaroita on k\u00e4ytetty muuhun kuin tavaran luonteen, ominaisuuksien ja toiminnan selvitt\u00e4miseen tarvittavaan tarkoitukseen tai jos tavaroissa on k\u00e4yt\u00f6n tai kulumisen merkkej\u00e4, verkkokaupalla on oikeus alentaa palautettavaa maksua tavaran arvon alenemisen mukaisesti. <\/span><\/p><p><span style=\"font-weight: 400;\">Tuotteiden palauttamiseksi t\u00e4ytyy l\u00e4hett\u00e4\u00e4 kirje asiakkaan nimell\u00e4 ja yhteystiedoilla, lis\u00e4ten tuotteiden palauttamisen syyt s\u00e4hk\u00f6postiosoitteeseen info@lasher.ee<\/span><\/p><p><span style=\"font-weight: 400;\">Ostaja vastaa tavaran palauttamisesta aiheutuvista kustannuksista, paitsi jos palautuksen syyn\u00e4 on se, ett\u00e4 tavara ei vastaa tilattua (esim. se on v\u00e4\u00e4r\u00e4 tai viallinen). <\/span><\/p><p><span style=\"font-weight: 400;\">Ostajan on palautettava tavarat 14 p\u00e4iv\u00e4n kuluessa hakemuksen j\u00e4tt\u00e4misest\u00e4 tai todistettava, ett\u00e4 h\u00e4n on luovuttanut ne rahdinkuljettajalle kyseisen ajan kuluessa. <\/span><\/p><p><span style=\"font-weight: 400;\">Verkkokauppa palauttaa palautetun tavaran saatuaan ostajalle v\u00e4litt\u00f6m\u00e4sti, mutta viimeist\u00e4\u00e4n 14 p\u00e4iv\u00e4n kuluessa peruuttamisen vastaanottamisesta, kaikki ostajalta sopimuksen mukaisesti saadut maksut. <\/span><\/p><p><span style=\"font-weight: 400;\">Verkkokauppa voi kielt\u00e4yty\u00e4 palautuksesta ennen kuin se on vastaanottanut sopimuksen kohteena olevat tavarat tai ennen kuin ostaja on todistanut palauttaneensa tavarat, riippuen siit\u00e4, kumpi ajankohta on aikaisempi. <\/span><\/p><p><span style=\"font-weight: 400;\">Jos ostaja on nimenomaisesti valinnut muun toimitustavan kuin verkkokaupan tarjoaman halvimman toimitustavan, verkkokauppa ei ole velvollinen korvaamaan kuluttajalle kustannuksia, jotka ylitt\u00e4v\u00e4t tavanomaisen toimitustavan kustannukset. <\/span><\/p><p><span style=\"font-weight: 400;\">Verkkokaupalla on oikeus peruuttaa kauppa ja vaatia ostajalta tavaran palauttamista, jos tavaran hinta verkkokaupassa on merkitty virheest\u00e4 johtuen huomattavasti alle tavaran markkinahinnan. <\/span><\/p><h3><span style=\"font-weight: 400;\">Oikeus tehd\u00e4 valitus <\/span><\/h3><p><span style=\"font-weight: 400;\">Verkkokauppa vastaa ostajalle myydyn tavaran virheest\u00e4 tai puutteesta, joka on ollut olemassa jo toimitushetkell\u00e4 ja joka ilmenee enint\u00e4\u00e4n kahden vuoden kuluessa siit\u00e4, kun tavara on toimitettu ostajalle. T\u00e4m\u00e4n ensimm\u00e4isen vuoden aikana siit\u00e4, kun tavarat on toimitettu ostajalle, oletetaan, ett\u00e4 <\/span><span style=\"font-weight: 400;\">puute oli olemassa jo toimitushetkell\u00e4. Verkkokaupan vastuulla on kumota t\u00e4m\u00e4 olettamus. <\/span><\/p><p><span style=\"font-weight: 400;\">Jos virhe ilmenee, ostajalla on oikeus ottaa yhteytt\u00e4 verkkokauppaan viimeist\u00e4\u00e4n kahden kuukauden kuluessa l\u00e4hett\u00e4m\u00e4ll\u00e4 s\u00e4hk\u00f6postia osoitteeseen <\/span><span style=\"font-weight: 400;\">s\u00e4hk\u00f6postitse osoitteeseen info@lasher. ee. <\/span><\/p><p><span style=\"font-weight: 400;\">Verkkokauppa ei vastaa tavaran toimituksen j\u00e4lkeen ilmenevist\u00e4 vioista, jotka johtuvat kuluttajan toimista tai laiminly\u00f6nneist\u00e4 (v\u00e4\u00e4rink\u00e4ytt\u00f6, onnettomuus jne.). <\/span><span style=\"font-weight: 400;\">tai jos kyseess\u00e4 on ep\u00e4normaali <\/span> <span style=\"font-weight: 400;\">normaalista k\u00e4yt\u00f6st\u00e4 johtuvasta normaalista kulumisesta.<\/span><\/p><p><span style=\"font-weight: 400;\">Jos Verkkokaupasta ostetuissa tavaroissa on virheit\u00e4, joista Verkkokauppa on vastuussa, Verkkokauppa korjaa tai vaihtaa vialliset tavarat. Jos tavaran korjaaminen tai korvaaminen ei ole mahdollista, Verkkokauppa palauttaa ostajalle kaikki kauppasopimukseen liittyv\u00e4t maksut. <\/span><\/p><p><span style=\"font-weight: 400;\">Verkkokaupan on vastattava kuluttajan valitukseen kirjallisesti tai kirjallisesti toistettavassa muodossa 15 p\u00e4iv\u00e4n kuluessa. <\/span><\/p><h3><span style=\"font-weight: 400;\">Riitojen ratkaiseminen<\/span><\/h3><p><span style=\"font-weight: 400;\">Jos ostajalla on verkkokauppaa koskevia valituksia, ne on l\u00e4hetett\u00e4v\u00e4 s\u00e4hk\u00f6postitse osoitteeseen info@lasher.ee. <\/span><\/p><p><span style=\"font-weight: 400;\">Jos ostaja ja verkkokauppa eiv\u00e4t pysty ratkaisemaan riitaa sopimuksella, ostaja voi k\u00e4\u00e4nty\u00e4 kuluttajariitalautakunnan puoleen. Voit tutustua menettelyn ehtoihin ja tehd\u00e4 hakemuksen osoitteessa <\/span><em><a href=\"https:\/\/ttja.ee\/tarbijavaidluste-komisjon\">t\u00e4\u00e4ll\u00e4<\/a><\/em><span style=\"font-weight: 400;\">. <\/span> <span style=\"font-weight: 400;\"> Kuluttajariitalautakunta on toimivaltainen ratkaisemaan ostajan ja verkkokaupan v\u00e4lisest\u00e4 sopimuksesta johtuvat riidat. Ostajan valituksen tutkiminen komissiossa on maksutonta. <\/span><\/p><p><span style=\"font-weight: 400;\">Ostaja voi k\u00e4\u00e4nty\u00e4 Euroopan unionin kuluttajariitojen ratkaisufoorumin puoleen <\/span><span style=\"font-weight: 400;\">osoitteeseen.<\/span><\/p>\t\t\t\t\t\t\t\t<\/div>\n\t\t\t\t<\/div>\n\t\t\t\t\t<\/div>\n\t\t\t\t<\/div>\n\t\t\t\t<\/div>\n\t\t","protected":false},"excerpt":{"rendered":"<p>Myyntiehdot Myyntiehdot Verkkokaupan lasher.ee omistaja on O\u00dc Lasher (rekisteritunnus 14989629), Tabasalu alevik, 76901, Harjun l\u00e4\u00e4ni, Viro. Myyntisopimuksen voimassaolo, kaupalliset tiedot [&hellip;]<\/p>\n","protected":false},"author":1,"featured_media":0,"parent":0,"menu_order":0,"comment_status":"closed","ping_status":"closed","template":"","meta":{"site-sidebar-layout":"default","site-content-layout":"","ast-site-content-layout":"default","site-content-style":"default","site-sidebar-style":"default","ast-global-header-display":"","ast-banner-title-visibility":"","ast-main-header-display":"","ast-hfb-above-header-display":"","ast-hfb-below-header-display":"","ast-hfb-mobile-header-display":"","site-post-title":"disabled","ast-breadcrumbs-content":"","ast-featured-img":"","footer-sml-layout":"","ast-disable-related-posts":"","theme-transparent-header-meta":"","adv-header-id-meta":"","stick-header-meta":"","header-above-stick-meta":"","header-main-stick-meta":"","header-below-stick-meta":"","astra-migrate-meta-layouts":"default","ast-page-background-enabled":"default","ast-page-background-meta":{"desktop":{"background-color":"var(--ast-global-color-4)","background-image":"","background-repeat":"repeat","background-position":"center center","background-size":"auto","background-attachment":"scroll","background-type":"","background-media":"","overlay-type":"","overlay-color":"","overlay-opacity":"","overlay-gradient":""},"tablet":{"background-color":"","background-image":"","background-repeat":"repeat","background-position":"center center","background-size":"auto","background-attachment":"scroll","background-type":"","background-media":"","overlay-type":"","overlay-color":"","overlay-opacity":"","overlay-gradient":""},"mobile":{"background-color":"","background-image":"","background-repeat":"repeat","background-position":"center center","background-size":"auto","background-attachment":"scroll","background-type":"","background-media":"","overlay-type":"","overlay-color":"","overlay-opacity":"","overlay-gradient":""}},"ast-content-background-meta":{"desktop":{"background-color":"var(--ast-global-color-5)","background-image":"","background-repeat":"repeat","background-position":"center center","background-size":"auto","background-attachment":"scroll","background-type":"","background-media":"","overlay-type":"","overlay-color":"","overlay-opacity":"","overlay-gradient":""},"tablet":{"background-color":"var(--ast-global-color-5)","background-image":"","background-repeat":"repeat","background-position":"center center","background-size":"auto","background-attachment":"scroll","background-type":"","background-media":"","overlay-type":"","overlay-color":"","overlay-opacity":"","overlay-gradient":""},"mobile":{"background-color":"var(--ast-global-color-5)","background-image":"","background-repeat":"repeat","background-position":"center center","background-size":"auto","background-attachment":"scroll","background-type":"","background-media":"","overlay-type":"","overlay-color":"","overlay-opacity":"","overlay-gradient":""}},"footnotes":""},"class_list":["post-2683","page","type-page","status-publish","hentry"],"yoast_head":"<!-- This site is optimized with the Yoast SEO plugin v27.3 - https:\/\/yoast.com\/product\/yoast-seo-wordpress\/ -->\n<title>Myyntiehdot - Lasher<\/title>\n<meta name=\"robots\" content=\"index, follow, max-snippet:-1, max-image-preview:large, max-video-preview:-1\" \/>\n<link rel=\"canonical\" href=\"https:\/\/lasher.ee\/fi\/myyntiehdot\/\" \/>\n<meta property=\"og:locale\" content=\"fi_FI\" \/>\n<meta property=\"og:type\" content=\"article\" \/>\n<meta property=\"og:title\" content=\"Myyntiehdot - Lasher\" \/>\n<meta property=\"og:description\" content=\"Myyntiehdot Myyntiehdot Verkkokaupan lasher.ee omistaja on O\u00dc Lasher (rekisteritunnus 14989629), Tabasalu alevik, 76901, Harjun l\u00e4\u00e4ni, Viro. Myyntisopimuksen voimassaolo, kaupalliset tiedot [&hellip;]\" \/>\n<meta property=\"og:url\" content=\"https:\/\/lasher.ee\/fi\/myyntiehdot\/\" \/>\n<meta property=\"og:site_name\" content=\"Lasher\" \/>\n<meta property=\"article:publisher\" content=\"https:\/\/www.facebook.com\/profile.php?id=61564523265885\" \/>\n<meta property=\"article:modified_time\" content=\"2026-01-03T09:52:21+00:00\" \/>\n<meta name=\"twitter:card\" content=\"summary_large_image\" \/>\n<meta name=\"twitter:label1\" content=\"Arvioitu lukuaika\" \/>\n\t<meta name=\"twitter:data1\" content=\"4 minuuttia\" \/>\n<script type=\"application\/ld+json\" class=\"yoast-schema-graph\">{\"@context\":\"https:\\\/\\\/schema.org\",\"@graph\":[{\"@type\":\"WebPage\",\"@id\":\"https:\\\/\\\/lasher.ee\\\/fi\\\/myyntiehdot\\\/\",\"url\":\"https:\\\/\\\/lasher.ee\\\/fi\\\/myyntiehdot\\\/\",\"name\":\"Myyntiehdot - Lasher\",\"isPartOf\":{\"@id\":\"https:\\\/\\\/lasher.ee\\\/fi\\\/#website\"},\"datePublished\":\"2024-06-13T05:13:03+00:00\",\"dateModified\":\"2026-01-03T09:52:21+00:00\",\"breadcrumb\":{\"@id\":\"https:\\\/\\\/lasher.ee\\\/fi\\\/myyntiehdot\\\/#breadcrumb\"},\"inLanguage\":\"fi\",\"potentialAction\":[{\"@type\":\"ReadAction\",\"target\":[\"https:\\\/\\\/lasher.ee\\\/fi\\\/myyntiehdot\\\/\"]}]},{\"@type\":\"BreadcrumbList\",\"@id\":\"https:\\\/\\\/lasher.ee\\\/fi\\\/myyntiehdot\\\/#breadcrumb\",\"itemListElement\":[{\"@type\":\"ListItem\",\"position\":1,\"name\":\"Home\",\"item\":\"https:\\\/\\\/lasher.ee\\\/fi\\\/\"},{\"@type\":\"ListItem\",\"position\":2,\"name\":\"Myyntiehdot\"}]},{\"@type\":\"WebSite\",\"@id\":\"https:\\\/\\\/lasher.ee\\\/fi\\\/#website\",\"url\":\"https:\\\/\\\/lasher.ee\\\/fi\\\/\",\"name\":\"Lasher\",\"description\":\"K\u00f5ik vajalikud ripsmetarvikud ripsmetehnikule \u00fchest kohast.\",\"publisher\":{\"@id\":\"https:\\\/\\\/lasher.ee\\\/fi\\\/#organization\"},\"potentialAction\":[{\"@type\":\"SearchAction\",\"target\":{\"@type\":\"EntryPoint\",\"urlTemplate\":\"https:\\\/\\\/lasher.ee\\\/fi\\\/?s={search_term_string}\"},\"query-input\":{\"@type\":\"PropertyValueSpecification\",\"valueRequired\":true,\"valueName\":\"search_term_string\"}}],\"inLanguage\":\"fi\"},{\"@type\":\"Organization\",\"@id\":\"https:\\\/\\\/lasher.ee\\\/fi\\\/#organization\",\"name\":\"Lasher\",\"url\":\"https:\\\/\\\/lasher.ee\\\/fi\\\/\",\"logo\":{\"@type\":\"ImageObject\",\"inLanguage\":\"fi\",\"@id\":\"https:\\\/\\\/lasher.ee\\\/fi\\\/#\\\/schema\\\/logo\\\/image\\\/\",\"url\":\"https:\\\/\\\/lasher.ee\\\/wp-content\\\/uploads\\\/2024\\\/09\\\/Screenshot-2024-09-03-at-11.58.17.png\",\"contentUrl\":\"https:\\\/\\\/lasher.ee\\\/wp-content\\\/uploads\\\/2024\\\/09\\\/Screenshot-2024-09-03-at-11.58.17.png\",\"width\":1678,\"height\":1670,\"caption\":\"Lasher\"},\"image\":{\"@id\":\"https:\\\/\\\/lasher.ee\\\/fi\\\/#\\\/schema\\\/logo\\\/image\\\/\"},\"sameAs\":[\"https:\\\/\\\/www.facebook.com\\\/profile.php?id=61564523265885\",\"https:\\\/\\\/www.instagram.com\\\/lasher_official\\\/\"]}]}<\/script>\n<!-- \/ Yoast SEO plugin. -->","yoast_head_json":{"title":"Myyntiehdot - Lasher","robots":{"index":"index","follow":"follow","max-snippet":"max-snippet:-1","max-image-preview":"max-image-preview:large","max-video-preview":"max-video-preview:-1"},"canonical":"https:\/\/lasher.ee\/fi\/myyntiehdot\/","og_locale":"fi_FI","og_type":"article","og_title":"Myyntiehdot - Lasher","og_description":"Myyntiehdot Myyntiehdot Verkkokaupan lasher.ee omistaja on O\u00dc Lasher (rekisteritunnus 14989629), Tabasalu alevik, 76901, Harjun l\u00e4\u00e4ni, Viro. Myyntisopimuksen voimassaolo, kaupalliset tiedot [&hellip;]","og_url":"https:\/\/lasher.ee\/fi\/myyntiehdot\/","og_site_name":"Lasher","article_publisher":"https:\/\/www.facebook.com\/profile.php?id=61564523265885","article_modified_time":"2026-01-03T09:52:21+00:00","twitter_card":"summary_large_image","twitter_misc":{"Arvioitu lukuaika":"4 minuuttia"},"schema":{"@context":"https:\/\/schema.org","@graph":[{"@type":"WebPage","@id":"https:\/\/lasher.ee\/fi\/myyntiehdot\/","url":"https:\/\/lasher.ee\/fi\/myyntiehdot\/","name":"Myyntiehdot - Lasher","isPartOf":{"@id":"https:\/\/lasher.ee\/fi\/#website"},"datePublished":"2024-06-13T05:13:03+00:00","dateModified":"2026-01-03T09:52:21+00:00","breadcrumb":{"@id":"https:\/\/lasher.ee\/fi\/myyntiehdot\/#breadcrumb"},"inLanguage":"fi","potentialAction":[{"@type":"ReadAction","target":["https:\/\/lasher.ee\/fi\/myyntiehdot\/"]}]},{"@type":"BreadcrumbList","@id":"https:\/\/lasher.ee\/fi\/myyntiehdot\/#breadcrumb","itemListElement":[{"@type":"ListItem","position":1,"name":"Home","item":"https:\/\/lasher.ee\/fi\/"},{"@type":"ListItem","position":2,"name":"Myyntiehdot"}]},{"@type":"WebSite","@id":"https:\/\/lasher.ee\/fi\/#website","url":"https:\/\/lasher.ee\/fi\/","name":"Lasher","description":"K\u00f5ik vajalikud ripsmetarvikud ripsmetehnikule \u00fchest kohast.","publisher":{"@id":"https:\/\/lasher.ee\/fi\/#organization"},"potentialAction":[{"@type":"SearchAction","target":{"@type":"EntryPoint","urlTemplate":"https:\/\/lasher.ee\/fi\/?s={search_term_string}"},"query-input":{"@type":"PropertyValueSpecification","valueRequired":true,"valueName":"search_term_string"}}],"inLanguage":"fi"},{"@type":"Organization","@id":"https:\/\/lasher.ee\/fi\/#organization","name":"Lasher","url":"https:\/\/lasher.ee\/fi\/","logo":{"@type":"ImageObject","inLanguage":"fi","@id":"https:\/\/lasher.ee\/fi\/#\/schema\/logo\/image\/","url":"https:\/\/lasher.ee\/wp-content\/uploads\/2024\/09\/Screenshot-2024-09-03-at-11.58.17.png","contentUrl":"https:\/\/lasher.ee\/wp-content\/uploads\/2024\/09\/Screenshot-2024-09-03-at-11.58.17.png","width":1678,"height":1670,"caption":"Lasher"},"image":{"@id":"https:\/\/lasher.ee\/fi\/#\/schema\/logo\/image\/"},"sameAs":["https:\/\/www.facebook.com\/profile.php?id=61564523265885","https:\/\/www.instagram.com\/lasher_official\/"]}]}},"_links":{"self":[{"href":"https:\/\/lasher.ee\/fi\/wp-json\/wp\/v2\/pages\/2683","targetHints":{"allow":["GET"]}}],"collection":[{"href":"https:\/\/lasher.ee\/fi\/wp-json\/wp\/v2\/pages"}],"about":[{"href":"https:\/\/lasher.ee\/fi\/wp-json\/wp\/v2\/types\/page"}],"author":[{"embeddable":true,"href":"https:\/\/lasher.ee\/fi\/wp-json\/wp\/v2\/users\/1"}],"replies":[{"embeddable":true,"href":"https:\/\/lasher.ee\/fi\/wp-json\/wp\/v2\/comments?post=2683"}],"version-history":[{"count":0,"href":"https:\/\/lasher.ee\/fi\/wp-json\/wp\/v2\/pages\/2683\/revisions"}],"wp:attachment":[{"href":"https:\/\/lasher.ee\/fi\/wp-json\/wp\/v2\/media?parent=2683"}],"curies":[{"name":"wp","href":"https:\/\/api.w.org\/{rel}","templated":true}]}}