{"id":10114,"date":"2025-10-02T14:15:10","date_gmt":"2025-10-02T11:15:10","guid":{"rendered":"https:\/\/lasher.ee\/super-narrow-3d-valmislehvikud-0-07-980-lehvikut\/"},"modified":"2026-04-27T22:16:13","modified_gmt":"2026-04-27T19:16:13","slug":"super-narrow-3d-valmisviuhkat-0-07","status":"publish","type":"product","link":"https:\/\/lasher.ee\/fi\/tuote\/super-narrow-3d-valmisviuhkat-0-07\/","title":{"rendered":"Super Narrow 3D valmisviuhkat 0.07 (672 ja 980 viuhkaa)"},"content":{"rendered":"<p>Super Narrow 3D valmisviuhkat 0.07 (672 ja 980 viuhkaa)<\/p>\n","protected":false},"excerpt":{"rendered":"<p>Super Narrow 3D valmisviuhkassa on yhdess\u00e4 viuhkassa 3 ohutta kuitua, jotka luovat luonnollisen mutta n\u00e4kyv\u00e4n tuuheuden. Jokaisessa viuhkassa ripset on aseteltu symmetrisesti, mik\u00e4 takaa tasaisen ripsirivin. 3D valmisviuhkat sopivat t\u00e4ydellisesti ohuemmille luonnollisille ripsille, tarjoten kauniin volyymin ilman liiallista painoa.<\/p>\n<p>Ripsiviuhkat ovat k\u00e4sintehtyj\u00e4 ja eritt\u00e4in laadukkaita. Valmiiden viuhkojen symmetria on tasainen, jokainen viuhka on samanlainen. Viuhkan kiinnityskohta on lyhyt, jotta lopputulos olisi kaunis ja siisti.<\/p>\n<p>Ripsirasia sis\u00e4lt\u00e4\u00e4 14 rivi\u00e4 ja eri pituuksia.<br \/>\n6\u20137 mm on 672 viuhkaa.<br \/>\n8\u201313 mm on 980 viuhkaa.<\/p>\n<p>Valikoimassa on C, CC, D ja M mix rasiat.<\/p>\n<p>&nbsp;<\/p>\n","protected":false},"featured_media":13647,"comment_status":"open","ping_status":"closed","template":"","meta":{"site-sidebar-layout":"default","site-content-layout":"","ast-site-content-layout":"default","site-content-style":"default","site-sidebar-style":"default","ast-global-header-display":"","ast-banner-title-visibility":"","ast-main-header-display":"","ast-hfb-above-header-display":"","ast-hfb-below-header-display":"","ast-hfb-mobile-header-display":"","site-post-title":"","ast-breadcrumbs-content":"","ast-featured-img":"","footer-sml-layout":"","ast-disable-related-posts":"","theme-transparent-header-meta":"default","adv-header-id-meta":"","stick-header-meta":"","header-above-stick-meta":"","header-main-stick-meta":"","header-below-stick-meta":"","astra-migrate-meta-layouts":"set","ast-page-background-enabled":"default","ast-page-background-meta":{"desktop":{"background-color":"var(--ast-global-color-4)","background-image":"","background-repeat":"repeat","background-position":"center center","background-size":"auto","background-attachment":"scroll","background-type":"","background-media":"","overlay-type":"","overlay-color":"","overlay-opacity":"","overlay-gradient":""},"tablet":{"background-color":"","background-image":"","background-repeat":"repeat","background-position":"center center","background-size":"auto","background-attachment":"scroll","background-type":"","background-media":"","overlay-type":"","overlay-color":"","overlay-opacity":"","overlay-gradient":""},"mobile":{"background-color":"","background-image":"","background-repeat":"repeat","background-position":"center center","background-size":"auto","background-attachment":"scroll","background-type":"","background-media":"","overlay-type":"","overlay-color":"","overlay-opacity":"","overlay-gradient":""}},"ast-content-background-meta":{"desktop":{"background-color":"var(--ast-global-color-5)","background-image":"","background-repeat":"repeat","background-position":"center center","background-size":"auto","background-attachment":"scroll","background-type":"","background-media":"","overlay-type":"","overlay-color":"","overlay-opacity":"","overlay-gradient":""},"tablet":{"background-color":"var(--ast-global-color-5)","background-image":"","background-repeat":"repeat","background-position":"center center","background-size":"auto","background-attachment":"scroll","background-type":"","background-media":"","overlay-type":"","overlay-color":"","overlay-opacity":"","overlay-gradient":""},"mobile":{"background-color":"var(--ast-global-color-5)","background-image":"","background-repeat":"repeat","background-position":"center center","background-size":"auto","background-attachment":"scroll","background-type":"","background-media":"","overlay-type":"","overlay-color":"","overlay-opacity":"","overlay-gradient":""}}},"product_brand":[],"product_cat":[90,121],"product_tag":[],"class_list":{"0":"post-10114","1":"product","2":"type-product","3":"status-publish","4":"has-post-thumbnail","6":"product_cat-ripset","7":"product_cat-valmisviuhkat","8":"desktop-align-left","9":"tablet-align-left","10":"mobile-align-left","12":"first","13":"instock","14":"shipping-taxable","15":"purchasable","16":"product-type-variable"},"yoast_head":"<!-- This site is optimized with the Yoast SEO plugin v27.4 - https:\/\/yoast.com\/product\/yoast-seo-wordpress\/ -->\n<title>Super Narrow 3D valmisviuhkat 0.07 - Lasher<\/title>\n<meta name=\"description\" content=\"Super Narrow 3D valmisviuhkat 0.07 ovat eritt\u00e4in ohuet ja kevyet. Tasaisesti symmetriset viuhkat luovat luonnollisen ja tihe\u00e4n ripsirivin.\" \/>\n<meta name=\"robots\" content=\"index, follow, max-snippet:-1, max-image-preview:large, max-video-preview:-1\" \/>\n<link rel=\"canonical\" href=\"https:\/\/lasher.ee\/fi\/tuote\/super-narrow-3d-valmisviuhkat-0-07\/\" \/>\n<meta property=\"og:locale\" content=\"fi_FI\" \/>\n<meta property=\"og:type\" content=\"article\" \/>\n<meta property=\"og:title\" content=\"Super Narrow 3D valmisviuhkat 0.07 - Lasher\" \/>\n<meta property=\"og:description\" content=\"Super Narrow 3D valmisviuhkat 0.07 ovat eritt\u00e4in ohuet ja kevyet. Tasaisesti symmetriset viuhkat luovat luonnollisen ja tihe\u00e4n ripsirivin.\" \/>\n<meta property=\"og:url\" content=\"https:\/\/lasher.ee\/fi\/tuote\/super-narrow-3d-valmisviuhkat-0-07\/\" \/>\n<meta property=\"og:site_name\" content=\"Lasher\" \/>\n<meta property=\"article:publisher\" content=\"https:\/\/www.facebook.com\/profile.php?id=61564523265885\" \/>\n<meta property=\"article:modified_time\" content=\"2026-04-27T19:16:13+00:00\" \/>\n<meta property=\"og:image\" content=\"https:\/\/lasher.ee\/wp-content\/uploads\/2025\/10\/IMG_7073-3-1.jpg\" \/>\n\t<meta property=\"og:image:width\" content=\"1025\" \/>\n\t<meta property=\"og:image:height\" content=\"1025\" \/>\n\t<meta property=\"og:image:type\" content=\"image\/jpeg\" \/>\n<meta name=\"twitter:card\" content=\"summary_large_image\" \/>\n<meta name=\"twitter:label1\" content=\"Arvioitu lukuaika\" \/>\n\t<meta name=\"twitter:data1\" content=\"1 minuutti\" \/>\n<script type=\"application\/ld+json\" class=\"yoast-schema-graph\">{\"@context\":\"https:\\\/\\\/schema.org\",\"@graph\":[{\"@type\":\"WebPage\",\"@id\":\"https:\\\/\\\/lasher.ee\\\/fi\\\/tuote\\\/super-narrow-3d-valmisviuhkat-0-07\\\/\",\"url\":\"https:\\\/\\\/lasher.ee\\\/fi\\\/tuote\\\/super-narrow-3d-valmisviuhkat-0-07\\\/\",\"name\":\"Super Narrow 3D valmisviuhkat 0.07 - Lasher\",\"isPartOf\":{\"@id\":\"https:\\\/\\\/lasher.ee\\\/fi\\\/#website\"},\"primaryImageOfPage\":{\"@id\":\"https:\\\/\\\/lasher.ee\\\/fi\\\/tuote\\\/super-narrow-3d-valmisviuhkat-0-07\\\/#primaryimage\"},\"image\":{\"@id\":\"https:\\\/\\\/lasher.ee\\\/fi\\\/tuote\\\/super-narrow-3d-valmisviuhkat-0-07\\\/#primaryimage\"},\"thumbnailUrl\":\"https:\\\/\\\/lasher.ee\\\/wp-content\\\/uploads\\\/2025\\\/10\\\/IMG_7073-3-1.jpg\",\"datePublished\":\"2025-10-02T11:15:10+00:00\",\"dateModified\":\"2026-04-27T19:16:13+00:00\",\"description\":\"Super Narrow 3D valmisviuhkat 0.07 ovat eritt\u00e4in ohuet ja kevyet. Tasaisesti symmetriset viuhkat luovat luonnollisen ja tihe\u00e4n ripsirivin.\",\"breadcrumb\":{\"@id\":\"https:\\\/\\\/lasher.ee\\\/fi\\\/tuote\\\/super-narrow-3d-valmisviuhkat-0-07\\\/#breadcrumb\"},\"inLanguage\":\"fi\",\"potentialAction\":[{\"@type\":\"ReadAction\",\"target\":[\"https:\\\/\\\/lasher.ee\\\/fi\\\/tuote\\\/super-narrow-3d-valmisviuhkat-0-07\\\/\"]}]},{\"@type\":\"ImageObject\",\"inLanguage\":\"fi\",\"@id\":\"https:\\\/\\\/lasher.ee\\\/fi\\\/tuote\\\/super-narrow-3d-valmisviuhkat-0-07\\\/#primaryimage\",\"url\":\"https:\\\/\\\/lasher.ee\\\/wp-content\\\/uploads\\\/2025\\\/10\\\/IMG_7073-3-1.jpg\",\"contentUrl\":\"https:\\\/\\\/lasher.ee\\\/wp-content\\\/uploads\\\/2025\\\/10\\\/IMG_7073-3-1.jpg\",\"width\":1025,\"height\":1025,\"caption\":\"Super Narrow 3D valmisviuhkat 0.07 (672 ja 980 viuhkaa)\"},{\"@type\":\"BreadcrumbList\",\"@id\":\"https:\\\/\\\/lasher.ee\\\/fi\\\/tuote\\\/super-narrow-3d-valmisviuhkat-0-07\\\/#breadcrumb\",\"itemListElement\":[{\"@type\":\"ListItem\",\"position\":1,\"name\":\"Home\",\"item\":\"https:\\\/\\\/lasher.ee\\\/fi\\\/\"},{\"@type\":\"ListItem\",\"position\":2,\"name\":\"Kaikki tuotteet\",\"item\":\"https:\\\/\\\/lasher.ee\\\/fi\\\/kaikki-tuotteet\\\/\"},{\"@type\":\"ListItem\",\"position\":3,\"name\":\"Super Narrow 3D valmisviuhkat 0.07 (672 ja 980 viuhkaa)\"}]},{\"@type\":\"WebSite\",\"@id\":\"https:\\\/\\\/lasher.ee\\\/fi\\\/#website\",\"url\":\"https:\\\/\\\/lasher.ee\\\/fi\\\/\",\"name\":\"Lasher\",\"description\":\"K\u00f5ik vajalikud ripsmetarvikud ripsmetehnikule \u00fchest kohast.\",\"publisher\":{\"@id\":\"https:\\\/\\\/lasher.ee\\\/fi\\\/#organization\"},\"potentialAction\":[{\"@type\":\"SearchAction\",\"target\":{\"@type\":\"EntryPoint\",\"urlTemplate\":\"https:\\\/\\\/lasher.ee\\\/fi\\\/?s={search_term_string}\"},\"query-input\":{\"@type\":\"PropertyValueSpecification\",\"valueRequired\":true,\"valueName\":\"search_term_string\"}}],\"inLanguage\":\"fi\"},{\"@type\":\"Organization\",\"@id\":\"https:\\\/\\\/lasher.ee\\\/fi\\\/#organization\",\"name\":\"Lasher\",\"url\":\"https:\\\/\\\/lasher.ee\\\/fi\\\/\",\"logo\":{\"@type\":\"ImageObject\",\"inLanguage\":\"fi\",\"@id\":\"https:\\\/\\\/lasher.ee\\\/fi\\\/#\\\/schema\\\/logo\\\/image\\\/\",\"url\":\"https:\\\/\\\/lasher.ee\\\/wp-content\\\/uploads\\\/2024\\\/09\\\/Screenshot-2024-09-03-at-11.58.17.png\",\"contentUrl\":\"https:\\\/\\\/lasher.ee\\\/wp-content\\\/uploads\\\/2024\\\/09\\\/Screenshot-2024-09-03-at-11.58.17.png\",\"width\":1678,\"height\":1670,\"caption\":\"Lasher\"},\"image\":{\"@id\":\"https:\\\/\\\/lasher.ee\\\/fi\\\/#\\\/schema\\\/logo\\\/image\\\/\"},\"sameAs\":[\"https:\\\/\\\/www.facebook.com\\\/profile.php?id=61564523265885\",\"https:\\\/\\\/www.instagram.com\\\/lasher_official\\\/\"]}]}<\/script>\n<!-- \/ Yoast SEO plugin. -->","yoast_head_json":{"title":"Super Narrow 3D valmisviuhkat 0.07 - Lasher","description":"Super Narrow 3D valmisviuhkat 0.07 ovat eritt\u00e4in ohuet ja kevyet. Tasaisesti symmetriset viuhkat luovat luonnollisen ja tihe\u00e4n ripsirivin.","robots":{"index":"index","follow":"follow","max-snippet":"max-snippet:-1","max-image-preview":"max-image-preview:large","max-video-preview":"max-video-preview:-1"},"canonical":"https:\/\/lasher.ee\/fi\/tuote\/super-narrow-3d-valmisviuhkat-0-07\/","og_locale":"fi_FI","og_type":"article","og_title":"Super Narrow 3D valmisviuhkat 0.07 - Lasher","og_description":"Super Narrow 3D valmisviuhkat 0.07 ovat eritt\u00e4in ohuet ja kevyet. Tasaisesti symmetriset viuhkat luovat luonnollisen ja tihe\u00e4n ripsirivin.","og_url":"https:\/\/lasher.ee\/fi\/tuote\/super-narrow-3d-valmisviuhkat-0-07\/","og_site_name":"Lasher","article_publisher":"https:\/\/www.facebook.com\/profile.php?id=61564523265885","article_modified_time":"2026-04-27T19:16:13+00:00","og_image":[{"width":1025,"height":1025,"url":"https:\/\/lasher.ee\/wp-content\/uploads\/2025\/10\/IMG_7073-3-1.jpg","type":"image\/jpeg"}],"twitter_card":"summary_large_image","twitter_misc":{"Arvioitu lukuaika":"1 minuutti"},"schema":{"@context":"https:\/\/schema.org","@graph":[{"@type":"WebPage","@id":"https:\/\/lasher.ee\/fi\/tuote\/super-narrow-3d-valmisviuhkat-0-07\/","url":"https:\/\/lasher.ee\/fi\/tuote\/super-narrow-3d-valmisviuhkat-0-07\/","name":"Super Narrow 3D valmisviuhkat 0.07 - Lasher","isPartOf":{"@id":"https:\/\/lasher.ee\/fi\/#website"},"primaryImageOfPage":{"@id":"https:\/\/lasher.ee\/fi\/tuote\/super-narrow-3d-valmisviuhkat-0-07\/#primaryimage"},"image":{"@id":"https:\/\/lasher.ee\/fi\/tuote\/super-narrow-3d-valmisviuhkat-0-07\/#primaryimage"},"thumbnailUrl":"https:\/\/lasher.ee\/wp-content\/uploads\/2025\/10\/IMG_7073-3-1.jpg","datePublished":"2025-10-02T11:15:10+00:00","dateModified":"2026-04-27T19:16:13+00:00","description":"Super Narrow 3D valmisviuhkat 0.07 ovat eritt\u00e4in ohuet ja kevyet. Tasaisesti symmetriset viuhkat luovat luonnollisen ja tihe\u00e4n ripsirivin.","breadcrumb":{"@id":"https:\/\/lasher.ee\/fi\/tuote\/super-narrow-3d-valmisviuhkat-0-07\/#breadcrumb"},"inLanguage":"fi","potentialAction":[{"@type":"ReadAction","target":["https:\/\/lasher.ee\/fi\/tuote\/super-narrow-3d-valmisviuhkat-0-07\/"]}]},{"@type":"ImageObject","inLanguage":"fi","@id":"https:\/\/lasher.ee\/fi\/tuote\/super-narrow-3d-valmisviuhkat-0-07\/#primaryimage","url":"https:\/\/lasher.ee\/wp-content\/uploads\/2025\/10\/IMG_7073-3-1.jpg","contentUrl":"https:\/\/lasher.ee\/wp-content\/uploads\/2025\/10\/IMG_7073-3-1.jpg","width":1025,"height":1025,"caption":"Super Narrow 3D valmisviuhkat 0.07 (672 ja 980 viuhkaa)"},{"@type":"BreadcrumbList","@id":"https:\/\/lasher.ee\/fi\/tuote\/super-narrow-3d-valmisviuhkat-0-07\/#breadcrumb","itemListElement":[{"@type":"ListItem","position":1,"name":"Home","item":"https:\/\/lasher.ee\/fi\/"},{"@type":"ListItem","position":2,"name":"Kaikki tuotteet","item":"https:\/\/lasher.ee\/fi\/kaikki-tuotteet\/"},{"@type":"ListItem","position":3,"name":"Super Narrow 3D valmisviuhkat 0.07 (672 ja 980 viuhkaa)"}]},{"@type":"WebSite","@id":"https:\/\/lasher.ee\/fi\/#website","url":"https:\/\/lasher.ee\/fi\/","name":"Lasher","description":"K\u00f5ik vajalikud ripsmetarvikud ripsmetehnikule \u00fchest kohast.","publisher":{"@id":"https:\/\/lasher.ee\/fi\/#organization"},"potentialAction":[{"@type":"SearchAction","target":{"@type":"EntryPoint","urlTemplate":"https:\/\/lasher.ee\/fi\/?s={search_term_string}"},"query-input":{"@type":"PropertyValueSpecification","valueRequired":true,"valueName":"search_term_string"}}],"inLanguage":"fi"},{"@type":"Organization","@id":"https:\/\/lasher.ee\/fi\/#organization","name":"Lasher","url":"https:\/\/lasher.ee\/fi\/","logo":{"@type":"ImageObject","inLanguage":"fi","@id":"https:\/\/lasher.ee\/fi\/#\/schema\/logo\/image\/","url":"https:\/\/lasher.ee\/wp-content\/uploads\/2024\/09\/Screenshot-2024-09-03-at-11.58.17.png","contentUrl":"https:\/\/lasher.ee\/wp-content\/uploads\/2024\/09\/Screenshot-2024-09-03-at-11.58.17.png","width":1678,"height":1670,"caption":"Lasher"},"image":{"@id":"https:\/\/lasher.ee\/fi\/#\/schema\/logo\/image\/"},"sameAs":["https:\/\/www.facebook.com\/profile.php?id=61564523265885","https:\/\/www.instagram.com\/lasher_official\/"]}]}},"_links":{"self":[{"href":"https:\/\/lasher.ee\/fi\/wp-json\/wp\/v2\/product\/10114","targetHints":{"allow":["GET"]}}],"collection":[{"href":"https:\/\/lasher.ee\/fi\/wp-json\/wp\/v2\/product"}],"about":[{"href":"https:\/\/lasher.ee\/fi\/wp-json\/wp\/v2\/types\/product"}],"replies":[{"embeddable":true,"href":"https:\/\/lasher.ee\/fi\/wp-json\/wp\/v2\/comments?post=10114"}],"wp:featuredmedia":[{"embeddable":true,"href":"https:\/\/lasher.ee\/fi\/wp-json\/wp\/v2\/media\/13647"}],"wp:attachment":[{"href":"https:\/\/lasher.ee\/fi\/wp-json\/wp\/v2\/media?parent=10114"}],"wp:term":[{"taxonomy":"product_brand","embeddable":true,"href":"https:\/\/lasher.ee\/fi\/wp-json\/wp\/v2\/product_brand?post=10114"},{"taxonomy":"product_cat","embeddable":true,"href":"https:\/\/lasher.ee\/fi\/wp-json\/wp\/v2\/product_cat?post=10114"},{"taxonomy":"product_tag","embeddable":true,"href":"https:\/\/lasher.ee\/fi\/wp-json\/wp\/v2\/product_tag?post=10114"}],"curies":[{"name":"wp","href":"https:\/\/api.w.org\/{rel}","templated":true}]}}