{"id":10152,"date":"2025-10-02T14:02:47","date_gmt":"2025-10-02T11:02:47","guid":{"rendered":"https:\/\/lasher.ee\/tummanruskeat-super-narrow-5d-valmisviuhkat-0-07\/"},"modified":"2026-04-23T23:19:46","modified_gmt":"2026-04-23T20:19:46","slug":"ruskeat-5d-valmisviuhkat","status":"publish","type":"product","link":"https:\/\/lasher.ee\/fi\/tuote\/ruskeat-5d-valmisviuhkat\/","title":{"rendered":"Ruskeat Super Narrow 5D valmisviuhkat 0.07"},"content":{"rendered":"<p>Ruskeat Super Narrow 5D valmisviuhkat 0.07.<\/p>\n","protected":false},"excerpt":{"rendered":"<p>Upeat ruskeat 5D valmisviuhkat korostavat silmien l\u00e4mmint\u00e4 ilmett\u00e4 ja luovat pehme\u00e4n, mutta samalla n\u00e4ytt\u00e4v\u00e4n ilmeen. L\u00e4mpim\u00e4t ruskean s\u00e4vyt sopivat t\u00e4ydellisesti vaaleaihoisille ja blondeille.<\/p>\n<p>5D ripsiviuhkat luovat tihe\u00e4mm\u00e4n ja volyymikkaamman lopputuloksen kuin klassiset tai 2D \u2013 3D-volyymit, mutta ovat hieman kevyemm\u00e4t ja hennommat kuin 6D.<\/p>\n<p>Ripsiviuhkat ovat k\u00e4sintehtyj\u00e4 ja eritt\u00e4in laadukkaita. Valmiiden viuhkojen symmetria on tasainen, jokainen viuhka on samanlainen. Viuhkan kiinnityskohta on lyhyt, jotta lopputulos olisi kaunis ja siisti.<\/p>\n<p>Ripsikotelossa on eri pituisia ripsi\u00e4:<br \/>\n<em>6 &#8211; 7 mm<\/em> on 480 viuhkaa,<br \/>\n<em>8 &#8211; 13 mm<\/em> on 700 viuhkaa.<\/p>\n<p>Valikoimassa on C, CC ja D mix rasiat.<\/p>\n","protected":false},"featured_media":10151,"comment_status":"open","ping_status":"closed","template":"","meta":{"site-sidebar-layout":"default","site-content-layout":"","ast-site-content-layout":"default","site-content-style":"default","site-sidebar-style":"default","ast-global-header-display":"","ast-banner-title-visibility":"","ast-main-header-display":"","ast-hfb-above-header-display":"","ast-hfb-below-header-display":"","ast-hfb-mobile-header-display":"","site-post-title":"","ast-breadcrumbs-content":"","ast-featured-img":"","footer-sml-layout":"","ast-disable-related-posts":"","theme-transparent-header-meta":"default","adv-header-id-meta":"","stick-header-meta":"","header-above-stick-meta":"","header-main-stick-meta":"","header-below-stick-meta":"","astra-migrate-meta-layouts":"set","ast-page-background-enabled":"default","ast-page-background-meta":{"desktop":{"background-color":"var(--ast-global-color-4)","background-image":"","background-repeat":"repeat","background-position":"center center","background-size":"auto","background-attachment":"scroll","background-type":"","background-media":"","overlay-type":"","overlay-color":"","overlay-opacity":"","overlay-gradient":""},"tablet":{"background-color":"","background-image":"","background-repeat":"repeat","background-position":"center center","background-size":"auto","background-attachment":"scroll","background-type":"","background-media":"","overlay-type":"","overlay-color":"","overlay-opacity":"","overlay-gradient":""},"mobile":{"background-color":"","background-image":"","background-repeat":"repeat","background-position":"center center","background-size":"auto","background-attachment":"scroll","background-type":"","background-media":"","overlay-type":"","overlay-color":"","overlay-opacity":"","overlay-gradient":""}},"ast-content-background-meta":{"desktop":{"background-color":"var(--ast-global-color-5)","background-image":"","background-repeat":"repeat","background-position":"center center","background-size":"auto","background-attachment":"scroll","background-type":"","background-media":"","overlay-type":"","overlay-color":"","overlay-opacity":"","overlay-gradient":""},"tablet":{"background-color":"var(--ast-global-color-5)","background-image":"","background-repeat":"repeat","background-position":"center center","background-size":"auto","background-attachment":"scroll","background-type":"","background-media":"","overlay-type":"","overlay-color":"","overlay-opacity":"","overlay-gradient":""},"mobile":{"background-color":"var(--ast-global-color-5)","background-image":"","background-repeat":"repeat","background-position":"center center","background-size":"auto","background-attachment":"scroll","background-type":"","background-media":"","overlay-type":"","overlay-color":"","overlay-opacity":"","overlay-gradient":""}}},"product_brand":[],"product_cat":[90,119,121],"product_tag":[],"class_list":{"0":"post-10152","1":"product","2":"type-product","3":"status-publish","4":"has-post-thumbnail","6":"product_cat-ripset","7":"product_cat-ruskeat-ripsikuidut","8":"product_cat-valmisviuhkat","9":"desktop-align-left","10":"tablet-align-left","11":"mobile-align-left","13":"first","14":"instock","15":"shipping-taxable","16":"purchasable","17":"product-type-variable"},"yoast_head":"<!-- This site is optimized with the Yoast SEO plugin v27.5 - https:\/\/yoast.com\/product\/yoast-seo-wordpress\/ -->\n<title>Ruskeat Super Narrow 5D valmisviuhkat 0.07 - Lasher<\/title>\n<meta name=\"description\" content=\"Ruskeat Super Narrow 5D valmisviuhkat 0.07 luovat pehme\u00e4n ja n\u00e4ytt\u00e4v\u00e4n ilmeen. K\u00e4sintehdyt, kevyet ja tasalaatuiset viuhkat eri kaarilla ja pituuksilla.\" \/>\n<meta name=\"robots\" content=\"index, follow, max-snippet:-1, max-image-preview:large, max-video-preview:-1\" \/>\n<link rel=\"canonical\" href=\"https:\/\/lasher.ee\/fi\/tuote\/ruskeat-5d-valmisviuhkat\/\" \/>\n<meta property=\"og:locale\" content=\"fi_FI\" \/>\n<meta property=\"og:type\" content=\"article\" \/>\n<meta property=\"og:title\" content=\"Ruskeat Super Narrow 5D valmisviuhkat 0.07 - Lasher\" \/>\n<meta property=\"og:description\" content=\"Ruskeat Super Narrow 5D valmisviuhkat 0.07 luovat pehme\u00e4n ja n\u00e4ytt\u00e4v\u00e4n ilmeen. K\u00e4sintehdyt, kevyet ja tasalaatuiset viuhkat eri kaarilla ja pituuksilla.\" \/>\n<meta property=\"og:url\" content=\"https:\/\/lasher.ee\/fi\/tuote\/ruskeat-5d-valmisviuhkat\/\" \/>\n<meta property=\"og:site_name\" content=\"Lasher\" \/>\n<meta property=\"article:publisher\" content=\"https:\/\/www.facebook.com\/profile.php?id=61564523265885\" \/>\n<meta property=\"article:modified_time\" content=\"2026-04-23T20:19:46+00:00\" \/>\n<meta property=\"og:image\" content=\"https:\/\/lasher.ee\/wp-content\/uploads\/2025\/10\/tumepruunid-5D.jpg\" \/>\n\t<meta property=\"og:image:width\" content=\"1500\" \/>\n\t<meta property=\"og:image:height\" content=\"1500\" \/>\n\t<meta property=\"og:image:type\" content=\"image\/jpeg\" \/>\n<meta name=\"twitter:card\" content=\"summary_large_image\" \/>\n<meta name=\"twitter:label1\" content=\"Arvioitu lukuaika\" \/>\n\t<meta name=\"twitter:data1\" content=\"1 minuutti\" \/>\n<script type=\"application\/ld+json\" class=\"yoast-schema-graph\">{\"@context\":\"https:\\\/\\\/schema.org\",\"@graph\":[{\"@type\":\"WebPage\",\"@id\":\"https:\\\/\\\/lasher.ee\\\/fi\\\/tuote\\\/ruskeat-5d-valmisviuhkat\\\/\",\"url\":\"https:\\\/\\\/lasher.ee\\\/fi\\\/tuote\\\/ruskeat-5d-valmisviuhkat\\\/\",\"name\":\"Ruskeat Super Narrow 5D valmisviuhkat 0.07 - Lasher\",\"isPartOf\":{\"@id\":\"https:\\\/\\\/lasher.ee\\\/fi\\\/#website\"},\"primaryImageOfPage\":{\"@id\":\"https:\\\/\\\/lasher.ee\\\/fi\\\/tuote\\\/ruskeat-5d-valmisviuhkat\\\/#primaryimage\"},\"image\":{\"@id\":\"https:\\\/\\\/lasher.ee\\\/fi\\\/tuote\\\/ruskeat-5d-valmisviuhkat\\\/#primaryimage\"},\"thumbnailUrl\":\"https:\\\/\\\/lasher.ee\\\/wp-content\\\/uploads\\\/2025\\\/10\\\/tumepruunid-5D.jpg\",\"datePublished\":\"2025-10-02T11:02:47+00:00\",\"dateModified\":\"2026-04-23T20:19:46+00:00\",\"description\":\"Ruskeat Super Narrow 5D valmisviuhkat 0.07 luovat pehme\u00e4n ja n\u00e4ytt\u00e4v\u00e4n ilmeen. K\u00e4sintehdyt, kevyet ja tasalaatuiset viuhkat eri kaarilla ja pituuksilla.\",\"breadcrumb\":{\"@id\":\"https:\\\/\\\/lasher.ee\\\/fi\\\/tuote\\\/ruskeat-5d-valmisviuhkat\\\/#breadcrumb\"},\"inLanguage\":\"fi\",\"potentialAction\":[{\"@type\":\"ReadAction\",\"target\":[\"https:\\\/\\\/lasher.ee\\\/fi\\\/tuote\\\/ruskeat-5d-valmisviuhkat\\\/\"]}]},{\"@type\":\"ImageObject\",\"inLanguage\":\"fi\",\"@id\":\"https:\\\/\\\/lasher.ee\\\/fi\\\/tuote\\\/ruskeat-5d-valmisviuhkat\\\/#primaryimage\",\"url\":\"https:\\\/\\\/lasher.ee\\\/wp-content\\\/uploads\\\/2025\\\/10\\\/tumepruunid-5D.jpg\",\"contentUrl\":\"https:\\\/\\\/lasher.ee\\\/wp-content\\\/uploads\\\/2025\\\/10\\\/tumepruunid-5D.jpg\",\"width\":1500,\"height\":1500,\"caption\":\"Ruskeat Super Narrow 5D valmisviuhkat 0.07- mix rasiat.\"},{\"@type\":\"BreadcrumbList\",\"@id\":\"https:\\\/\\\/lasher.ee\\\/fi\\\/tuote\\\/ruskeat-5d-valmisviuhkat\\\/#breadcrumb\",\"itemListElement\":[{\"@type\":\"ListItem\",\"position\":1,\"name\":\"Home\",\"item\":\"https:\\\/\\\/lasher.ee\\\/fi\\\/\"},{\"@type\":\"ListItem\",\"position\":2,\"name\":\"Kaikki tuotteet\",\"item\":\"https:\\\/\\\/lasher.ee\\\/fi\\\/kaikki-tuotteet\\\/\"},{\"@type\":\"ListItem\",\"position\":3,\"name\":\"Ruskeat Super Narrow 5D valmisviuhkat 0.07\"}]},{\"@type\":\"WebSite\",\"@id\":\"https:\\\/\\\/lasher.ee\\\/fi\\\/#website\",\"url\":\"https:\\\/\\\/lasher.ee\\\/fi\\\/\",\"name\":\"Lasher\",\"description\":\"K\u00f5ik vajalikud ripsmetarvikud ripsmetehnikule \u00fchest kohast.\",\"publisher\":{\"@id\":\"https:\\\/\\\/lasher.ee\\\/fi\\\/#organization\"},\"potentialAction\":[{\"@type\":\"SearchAction\",\"target\":{\"@type\":\"EntryPoint\",\"urlTemplate\":\"https:\\\/\\\/lasher.ee\\\/fi\\\/?s={search_term_string}\"},\"query-input\":{\"@type\":\"PropertyValueSpecification\",\"valueRequired\":true,\"valueName\":\"search_term_string\"}}],\"inLanguage\":\"fi\"},{\"@type\":\"Organization\",\"@id\":\"https:\\\/\\\/lasher.ee\\\/fi\\\/#organization\",\"name\":\"Lasher\",\"url\":\"https:\\\/\\\/lasher.ee\\\/fi\\\/\",\"logo\":{\"@type\":\"ImageObject\",\"inLanguage\":\"fi\",\"@id\":\"https:\\\/\\\/lasher.ee\\\/fi\\\/#\\\/schema\\\/logo\\\/image\\\/\",\"url\":\"https:\\\/\\\/lasher.ee\\\/wp-content\\\/uploads\\\/2024\\\/09\\\/Screenshot-2024-09-03-at-11.58.17.png\",\"contentUrl\":\"https:\\\/\\\/lasher.ee\\\/wp-content\\\/uploads\\\/2024\\\/09\\\/Screenshot-2024-09-03-at-11.58.17.png\",\"width\":1678,\"height\":1670,\"caption\":\"Lasher\"},\"image\":{\"@id\":\"https:\\\/\\\/lasher.ee\\\/fi\\\/#\\\/schema\\\/logo\\\/image\\\/\"},\"sameAs\":[\"https:\\\/\\\/www.facebook.com\\\/profile.php?id=61564523265885\",\"https:\\\/\\\/www.instagram.com\\\/lasher_official\\\/\"]}]}<\/script>\n<!-- \/ Yoast SEO plugin. -->","yoast_head_json":{"title":"Ruskeat Super Narrow 5D valmisviuhkat 0.07 - Lasher","description":"Ruskeat Super Narrow 5D valmisviuhkat 0.07 luovat pehme\u00e4n ja n\u00e4ytt\u00e4v\u00e4n ilmeen. K\u00e4sintehdyt, kevyet ja tasalaatuiset viuhkat eri kaarilla ja pituuksilla.","robots":{"index":"index","follow":"follow","max-snippet":"max-snippet:-1","max-image-preview":"max-image-preview:large","max-video-preview":"max-video-preview:-1"},"canonical":"https:\/\/lasher.ee\/fi\/tuote\/ruskeat-5d-valmisviuhkat\/","og_locale":"fi_FI","og_type":"article","og_title":"Ruskeat Super Narrow 5D valmisviuhkat 0.07 - Lasher","og_description":"Ruskeat Super Narrow 5D valmisviuhkat 0.07 luovat pehme\u00e4n ja n\u00e4ytt\u00e4v\u00e4n ilmeen. K\u00e4sintehdyt, kevyet ja tasalaatuiset viuhkat eri kaarilla ja pituuksilla.","og_url":"https:\/\/lasher.ee\/fi\/tuote\/ruskeat-5d-valmisviuhkat\/","og_site_name":"Lasher","article_publisher":"https:\/\/www.facebook.com\/profile.php?id=61564523265885","article_modified_time":"2026-04-23T20:19:46+00:00","og_image":[{"width":1500,"height":1500,"url":"https:\/\/lasher.ee\/wp-content\/uploads\/2025\/10\/tumepruunid-5D.jpg","type":"image\/jpeg"}],"twitter_card":"summary_large_image","twitter_misc":{"Arvioitu lukuaika":"1 minuutti"},"schema":{"@context":"https:\/\/schema.org","@graph":[{"@type":"WebPage","@id":"https:\/\/lasher.ee\/fi\/tuote\/ruskeat-5d-valmisviuhkat\/","url":"https:\/\/lasher.ee\/fi\/tuote\/ruskeat-5d-valmisviuhkat\/","name":"Ruskeat Super Narrow 5D valmisviuhkat 0.07 - Lasher","isPartOf":{"@id":"https:\/\/lasher.ee\/fi\/#website"},"primaryImageOfPage":{"@id":"https:\/\/lasher.ee\/fi\/tuote\/ruskeat-5d-valmisviuhkat\/#primaryimage"},"image":{"@id":"https:\/\/lasher.ee\/fi\/tuote\/ruskeat-5d-valmisviuhkat\/#primaryimage"},"thumbnailUrl":"https:\/\/lasher.ee\/wp-content\/uploads\/2025\/10\/tumepruunid-5D.jpg","datePublished":"2025-10-02T11:02:47+00:00","dateModified":"2026-04-23T20:19:46+00:00","description":"Ruskeat Super Narrow 5D valmisviuhkat 0.07 luovat pehme\u00e4n ja n\u00e4ytt\u00e4v\u00e4n ilmeen. K\u00e4sintehdyt, kevyet ja tasalaatuiset viuhkat eri kaarilla ja pituuksilla.","breadcrumb":{"@id":"https:\/\/lasher.ee\/fi\/tuote\/ruskeat-5d-valmisviuhkat\/#breadcrumb"},"inLanguage":"fi","potentialAction":[{"@type":"ReadAction","target":["https:\/\/lasher.ee\/fi\/tuote\/ruskeat-5d-valmisviuhkat\/"]}]},{"@type":"ImageObject","inLanguage":"fi","@id":"https:\/\/lasher.ee\/fi\/tuote\/ruskeat-5d-valmisviuhkat\/#primaryimage","url":"https:\/\/lasher.ee\/wp-content\/uploads\/2025\/10\/tumepruunid-5D.jpg","contentUrl":"https:\/\/lasher.ee\/wp-content\/uploads\/2025\/10\/tumepruunid-5D.jpg","width":1500,"height":1500,"caption":"Ruskeat Super Narrow 5D valmisviuhkat 0.07- mix rasiat."},{"@type":"BreadcrumbList","@id":"https:\/\/lasher.ee\/fi\/tuote\/ruskeat-5d-valmisviuhkat\/#breadcrumb","itemListElement":[{"@type":"ListItem","position":1,"name":"Home","item":"https:\/\/lasher.ee\/fi\/"},{"@type":"ListItem","position":2,"name":"Kaikki tuotteet","item":"https:\/\/lasher.ee\/fi\/kaikki-tuotteet\/"},{"@type":"ListItem","position":3,"name":"Ruskeat Super Narrow 5D valmisviuhkat 0.07"}]},{"@type":"WebSite","@id":"https:\/\/lasher.ee\/fi\/#website","url":"https:\/\/lasher.ee\/fi\/","name":"Lasher","description":"K\u00f5ik vajalikud ripsmetarvikud ripsmetehnikule \u00fchest kohast.","publisher":{"@id":"https:\/\/lasher.ee\/fi\/#organization"},"potentialAction":[{"@type":"SearchAction","target":{"@type":"EntryPoint","urlTemplate":"https:\/\/lasher.ee\/fi\/?s={search_term_string}"},"query-input":{"@type":"PropertyValueSpecification","valueRequired":true,"valueName":"search_term_string"}}],"inLanguage":"fi"},{"@type":"Organization","@id":"https:\/\/lasher.ee\/fi\/#organization","name":"Lasher","url":"https:\/\/lasher.ee\/fi\/","logo":{"@type":"ImageObject","inLanguage":"fi","@id":"https:\/\/lasher.ee\/fi\/#\/schema\/logo\/image\/","url":"https:\/\/lasher.ee\/wp-content\/uploads\/2024\/09\/Screenshot-2024-09-03-at-11.58.17.png","contentUrl":"https:\/\/lasher.ee\/wp-content\/uploads\/2024\/09\/Screenshot-2024-09-03-at-11.58.17.png","width":1678,"height":1670,"caption":"Lasher"},"image":{"@id":"https:\/\/lasher.ee\/fi\/#\/schema\/logo\/image\/"},"sameAs":["https:\/\/www.facebook.com\/profile.php?id=61564523265885","https:\/\/www.instagram.com\/lasher_official\/"]}]}},"_links":{"self":[{"href":"https:\/\/lasher.ee\/fi\/wp-json\/wp\/v2\/product\/10152","targetHints":{"allow":["GET"]}}],"collection":[{"href":"https:\/\/lasher.ee\/fi\/wp-json\/wp\/v2\/product"}],"about":[{"href":"https:\/\/lasher.ee\/fi\/wp-json\/wp\/v2\/types\/product"}],"replies":[{"embeddable":true,"href":"https:\/\/lasher.ee\/fi\/wp-json\/wp\/v2\/comments?post=10152"}],"wp:featuredmedia":[{"embeddable":true,"href":"https:\/\/lasher.ee\/fi\/wp-json\/wp\/v2\/media\/10151"}],"wp:attachment":[{"href":"https:\/\/lasher.ee\/fi\/wp-json\/wp\/v2\/media?parent=10152"}],"wp:term":[{"taxonomy":"product_brand","embeddable":true,"href":"https:\/\/lasher.ee\/fi\/wp-json\/wp\/v2\/product_brand?post=10152"},{"taxonomy":"product_cat","embeddable":true,"href":"https:\/\/lasher.ee\/fi\/wp-json\/wp\/v2\/product_cat?post=10152"},{"taxonomy":"product_tag","embeddable":true,"href":"https:\/\/lasher.ee\/fi\/wp-json\/wp\/v2\/product_tag?post=10152"}],"curies":[{"name":"wp","href":"https:\/\/api.w.org\/{rel}","templated":true}]}}