{"id":10846,"date":"2025-11-05T10:52:34","date_gmt":"2025-11-05T08:52:34","guid":{"rendered":"https:\/\/lasher.ee\/?post_type=product&#038;p=10846"},"modified":"2026-03-12T08:10:33","modified_gmt":"2026-03-12T06:10:33","slug":"uv-led-ripsienpidennyslamppu","status":"publish","type":"product","link":"https:\/\/lasher.ee\/fi\/tuote\/uv-led-ripsienpidennyslamppu\/","title":{"rendered":"UV LED ripsilamppu"},"content":{"rendered":"<p>Innovatiivisilla ominaisuuksilla ja k\u00e4ytt\u00e4j\u00e4yst\u00e4v\u00e4llisell\u00e4 muotoilulla varustettu UV LED ripsilamppu.<\/p>\n","protected":false},"excerpt":{"rendered":"<p>Innovatiivisilla ominaisuuksilla ja k\u00e4ytt\u00e4j\u00e4yst\u00e4v\u00e4llisell\u00e4 muotoilulla varustettu UV LED -ripsienpidennyslamppu tarjoaa erinomaista tehokkuutta ja tarkkuutta. UV-ripsipidennyslampun korkeutta ja LED-p\u00e4\u00e4t\u00e4 voidaan s\u00e4\u00e4t\u00e4\u00e4 helposti 180\u00b0 kulmassa. Joustavan 360\u00b0 asteen varren avulla valon voi suunnata hyvin t\u00e4sm\u00e4llisesti haluttuun asentoon, mik\u00e4 tekee ty\u00f6skentelyst\u00e4 mukavampaa ja tarkkaa. Valop\u00e4\u00e4n sivussa oleva kytkin mahdollistaa my\u00f6s valon voimakkuuden s\u00e4\u00e4t\u00e4misen. N\u00e4in valon kohdistusta ja voimakkuutta voidaan hallita, jotta kykenet suojelemaan asiakkaan silmi\u00e4 UV-s\u00e4teilylt\u00e4.<\/p>\n<h6><strong>Pakkaus sis\u00e4lt\u00e4\u00e4<\/strong>:<\/h6>\n<p>1 x UV LED ripsilamppu<br \/>\n1 x teleskooppivarsi<br \/>\n1 x jatkovarsi<br \/>\n1 x jalusta<br \/>\n1 x jalkakytkin<br \/>\n1 x suojalasit<br \/>\nK\u00e4ytt\u00f6ohje<\/p>\n<h6><strong>K\u00e4ytt\u00f6<\/strong><\/h6>\n<p>Lampun asennus: kokoa lamppu k\u00e4ytt\u00f6ohjeen mukaisesti, aseta se ty\u00f6p\u00f6yd\u00e4lle ja s\u00e4\u00e4d\u00e4 joustava varsi haluttuun kulmaan.<br \/>\nK\u00e4ynnistys: kytke lamppu virtal\u00e4hteeseen ja k\u00e4yt\u00e4 jalkakytkint\u00e4 valon p\u00e4\u00e4lle- ja poiskytkemiseen.<br \/>\nValon s\u00e4\u00e4t\u00e4minen: s\u00e4\u00e4d\u00e4 valon voimakkuutta ty\u00f6skentelytarpeidesi mukaan.<\/p>\n<h6>Tekniset tiedot<\/h6>\n<p>Aallonpituus: 395\u2013400 nm<br \/>\nTeho: 5 W<br \/>\nJoustavan varren pituus: 600 mm<br \/>\nKorekeus: 1140\u20131765 mm<\/p>\n<h6><strong>Turvallisuusohjeet<\/strong><\/h6>\n<p>UV LED ripsienpidennyslamppu on tarkoitettu ainoastaan ammattik\u00e4ytt\u00f6\u00f6n. Ennen k\u00e4ytt\u00f6\u00e4 tulee lukea huolellisesti k\u00e4ytt\u00f6ohje ja kaikki turvallisuusm\u00e4\u00e4r\u00e4ykset sek\u00e4 noudattaa niit\u00e4 tarkasti. Ohjeita noudattaen lamppu ei vahingoita silmi\u00e4si.\u2028Asiakkaan silmien tulee olla suljettuina ja suojattuina pehmusteilla tai teipill\u00e4. Varmista, ettei sin\u00e4 eik\u00e4 asiakas katso suoraan valonl\u00e4hteeseen. Oikein k\u00e4ytettyn\u00e4 n\u00e4in ei tapahdu, sill\u00e4 lamppu suuntaa valon ylh\u00e4\u00e4lt\u00e4 suljetuille silm\u00e4luomille, ei suoraan silmiin.\u2028K\u00e4yt\u00e4 UV400-suojalaseja.<\/p>\n<p>Tuote t\u00e4ytt\u00e4\u00e4 kaikki EU:n asettamat vaatimukset ja on turvallinen k\u00e4ytt\u00e4\u00e4.<br \/>\nSertifikaatit: LVD \/ CE \/ RoHS \/ IEC 62471<\/p>\n<p>LVD- European Union directive regulating the safety of electrical equipment. The marking indicates that the lamp meets electrical safety requirements.<br \/>\nCE- the product complies with all EU safety, health, and environmental protection requirements.<br \/>\nRoHS- the lamp does not contain prohibited or hazardous substances (e.g., lead, mercury, cadmium) above the permitted limits.<br \/>\nIEC 62471- indicates the UV lamp\u2019s radiation safety for eyes and skin. The lamp is classified according to a risk group (RG0\u2013RG3), where RG0 is safe and RG3 represents a high risk.<\/p>\n<p>&nbsp;<\/p>\n","protected":false},"featured_media":11412,"comment_status":"open","ping_status":"closed","template":"","meta":{"site-sidebar-layout":"default","site-content-layout":"","ast-site-content-layout":"default","site-content-style":"default","site-sidebar-style":"default","ast-global-header-display":"","ast-banner-title-visibility":"","ast-main-header-display":"","ast-hfb-above-header-display":"","ast-hfb-below-header-display":"","ast-hfb-mobile-header-display":"","site-post-title":"","ast-breadcrumbs-content":"","ast-featured-img":"","footer-sml-layout":"","ast-disable-related-posts":"","theme-transparent-header-meta":"default","adv-header-id-meta":"","stick-header-meta":"","header-above-stick-meta":"","header-main-stick-meta":"","header-below-stick-meta":"","astra-migrate-meta-layouts":"set","ast-page-background-enabled":"default","ast-page-background-meta":{"desktop":{"background-color":"var(--ast-global-color-4)","background-image":"","background-repeat":"repeat","background-position":"center center","background-size":"auto","background-attachment":"scroll","background-type":"","background-media":"","overlay-type":"","overlay-color":"","overlay-opacity":"","overlay-gradient":""},"tablet":{"background-color":"","background-image":"","background-repeat":"repeat","background-position":"center center","background-size":"auto","background-attachment":"scroll","background-type":"","background-media":"","overlay-type":"","overlay-color":"","overlay-opacity":"","overlay-gradient":""},"mobile":{"background-color":"","background-image":"","background-repeat":"repeat","background-position":"center center","background-size":"auto","background-attachment":"scroll","background-type":"","background-media":"","overlay-type":"","overlay-color":"","overlay-opacity":"","overlay-gradient":""}},"ast-content-background-meta":{"desktop":{"background-color":"var(--ast-global-color-5)","background-image":"","background-repeat":"repeat","background-position":"center center","background-size":"auto","background-attachment":"scroll","background-type":"","background-media":"","overlay-type":"","overlay-color":"","overlay-opacity":"","overlay-gradient":""},"tablet":{"background-color":"var(--ast-global-color-5)","background-image":"","background-repeat":"repeat","background-position":"center center","background-size":"auto","background-attachment":"scroll","background-type":"","background-media":"","overlay-type":"","overlay-color":"","overlay-opacity":"","overlay-gradient":""},"mobile":{"background-color":"var(--ast-global-color-5)","background-image":"","background-repeat":"repeat","background-position":"center center","background-size":"auto","background-attachment":"scroll","background-type":"","background-media":"","overlay-type":"","overlay-color":"","overlay-opacity":"","overlay-gradient":""}}},"product_brand":[],"product_cat":[134],"product_tag":[],"class_list":{"0":"post-10846","1":"product","2":"type-product","3":"status-publish","4":"has-post-thumbnail","6":"product_cat-uv-led-ripset","7":"desktop-align-left","8":"tablet-align-left","9":"mobile-align-left","11":"first","12":"outofstock","13":"shipping-taxable","14":"purchasable","15":"product-type-variable"},"yoast_head":"<!-- This site is optimized with the Yoast SEO plugin v27.3 - https:\/\/yoast.com\/product\/yoast-seo-wordpress\/ -->\n<title>UV LED ripsilamppu - Lasher<\/title>\n<meta name=\"description\" content=\"Innovatiivisilla ominaisuuksilla ja k\u00e4ytt\u00e4j\u00e4yst\u00e4v\u00e4llisell\u00e4 muotoilulla varustettu UV LED -ripsilamppu tarjoaa erinomaista tehokkuutta ja tarkkuutta.\" \/>\n<meta name=\"robots\" content=\"index, follow, max-snippet:-1, max-image-preview:large, max-video-preview:-1\" \/>\n<link rel=\"canonical\" href=\"https:\/\/lasher.ee\/fi\/tuote\/uv-led-ripsienpidennyslamppu\/\" \/>\n<meta property=\"og:locale\" content=\"fi_FI\" \/>\n<meta property=\"og:type\" content=\"article\" \/>\n<meta property=\"og:title\" content=\"UV LED ripsilamppu - Lasher\" \/>\n<meta property=\"og:description\" content=\"Innovatiivisilla ominaisuuksilla ja k\u00e4ytt\u00e4j\u00e4yst\u00e4v\u00e4llisell\u00e4 muotoilulla varustettu UV LED -ripsilamppu tarjoaa erinomaista tehokkuutta ja tarkkuutta.\" \/>\n<meta property=\"og:url\" content=\"https:\/\/lasher.ee\/fi\/tuote\/uv-led-ripsienpidennyslamppu\/\" \/>\n<meta property=\"og:site_name\" content=\"Lasher\" \/>\n<meta property=\"article:publisher\" content=\"https:\/\/www.facebook.com\/profile.php?id=61564523265885\" \/>\n<meta property=\"article:modified_time\" content=\"2026-03-12T06:10:33+00:00\" \/>\n<meta property=\"og:image\" content=\"https:\/\/lasher.ee\/wp-content\/uploads\/2025\/11\/Uv-lamp-copy-1.jpg\" \/>\n\t<meta property=\"og:image:width\" content=\"1025\" \/>\n\t<meta property=\"og:image:height\" content=\"1025\" \/>\n\t<meta property=\"og:image:type\" content=\"image\/jpeg\" \/>\n<meta name=\"twitter:card\" content=\"summary_large_image\" \/>\n<meta name=\"twitter:label1\" content=\"Arvioitu lukuaika\" \/>\n\t<meta name=\"twitter:data1\" content=\"1 minuutti\" \/>\n<script type=\"application\/ld+json\" class=\"yoast-schema-graph\">{\"@context\":\"https:\\\/\\\/schema.org\",\"@graph\":[{\"@type\":\"WebPage\",\"@id\":\"https:\\\/\\\/lasher.ee\\\/fi\\\/tuote\\\/uv-led-ripsienpidennyslamppu\\\/\",\"url\":\"https:\\\/\\\/lasher.ee\\\/fi\\\/tuote\\\/uv-led-ripsienpidennyslamppu\\\/\",\"name\":\"UV LED ripsilamppu - Lasher\",\"isPartOf\":{\"@id\":\"https:\\\/\\\/lasher.ee\\\/fi\\\/#website\"},\"primaryImageOfPage\":{\"@id\":\"https:\\\/\\\/lasher.ee\\\/fi\\\/tuote\\\/uv-led-ripsienpidennyslamppu\\\/#primaryimage\"},\"image\":{\"@id\":\"https:\\\/\\\/lasher.ee\\\/fi\\\/tuote\\\/uv-led-ripsienpidennyslamppu\\\/#primaryimage\"},\"thumbnailUrl\":\"https:\\\/\\\/lasher.ee\\\/wp-content\\\/uploads\\\/2025\\\/11\\\/Uv-lamp-copy-1.jpg\",\"datePublished\":\"2025-11-05T08:52:34+00:00\",\"dateModified\":\"2026-03-12T06:10:33+00:00\",\"description\":\"Innovatiivisilla ominaisuuksilla ja k\u00e4ytt\u00e4j\u00e4yst\u00e4v\u00e4llisell\u00e4 muotoilulla varustettu UV LED -ripsilamppu tarjoaa erinomaista tehokkuutta ja tarkkuutta.\",\"breadcrumb\":{\"@id\":\"https:\\\/\\\/lasher.ee\\\/fi\\\/tuote\\\/uv-led-ripsienpidennyslamppu\\\/#breadcrumb\"},\"inLanguage\":\"fi\",\"potentialAction\":[{\"@type\":\"ReadAction\",\"target\":[\"https:\\\/\\\/lasher.ee\\\/fi\\\/tuote\\\/uv-led-ripsienpidennyslamppu\\\/\"]}]},{\"@type\":\"ImageObject\",\"inLanguage\":\"fi\",\"@id\":\"https:\\\/\\\/lasher.ee\\\/fi\\\/tuote\\\/uv-led-ripsienpidennyslamppu\\\/#primaryimage\",\"url\":\"https:\\\/\\\/lasher.ee\\\/wp-content\\\/uploads\\\/2025\\\/11\\\/Uv-lamp-copy-1.jpg\",\"contentUrl\":\"https:\\\/\\\/lasher.ee\\\/wp-content\\\/uploads\\\/2025\\\/11\\\/Uv-lamp-copy-1.jpg\",\"width\":1025,\"height\":1025,\"caption\":\"UV LED ripsipidennyslamppu.\"},{\"@type\":\"BreadcrumbList\",\"@id\":\"https:\\\/\\\/lasher.ee\\\/fi\\\/tuote\\\/uv-led-ripsienpidennyslamppu\\\/#breadcrumb\",\"itemListElement\":[{\"@type\":\"ListItem\",\"position\":1,\"name\":\"Home\",\"item\":\"https:\\\/\\\/lasher.ee\\\/fi\\\/\"},{\"@type\":\"ListItem\",\"position\":2,\"name\":\"Kaikki tuotteet\",\"item\":\"https:\\\/\\\/lasher.ee\\\/fi\\\/kaikki-tuotteet\\\/\"},{\"@type\":\"ListItem\",\"position\":3,\"name\":\"UV LED ripsilamppu\"}]},{\"@type\":\"WebSite\",\"@id\":\"https:\\\/\\\/lasher.ee\\\/fi\\\/#website\",\"url\":\"https:\\\/\\\/lasher.ee\\\/fi\\\/\",\"name\":\"Lasher\",\"description\":\"K\u00f5ik vajalikud ripsmetarvikud ripsmetehnikule \u00fchest kohast.\",\"publisher\":{\"@id\":\"https:\\\/\\\/lasher.ee\\\/fi\\\/#organization\"},\"potentialAction\":[{\"@type\":\"SearchAction\",\"target\":{\"@type\":\"EntryPoint\",\"urlTemplate\":\"https:\\\/\\\/lasher.ee\\\/fi\\\/?s={search_term_string}\"},\"query-input\":{\"@type\":\"PropertyValueSpecification\",\"valueRequired\":true,\"valueName\":\"search_term_string\"}}],\"inLanguage\":\"fi\"},{\"@type\":\"Organization\",\"@id\":\"https:\\\/\\\/lasher.ee\\\/fi\\\/#organization\",\"name\":\"Lasher\",\"url\":\"https:\\\/\\\/lasher.ee\\\/fi\\\/\",\"logo\":{\"@type\":\"ImageObject\",\"inLanguage\":\"fi\",\"@id\":\"https:\\\/\\\/lasher.ee\\\/fi\\\/#\\\/schema\\\/logo\\\/image\\\/\",\"url\":\"https:\\\/\\\/lasher.ee\\\/wp-content\\\/uploads\\\/2024\\\/09\\\/Screenshot-2024-09-03-at-11.58.17.png\",\"contentUrl\":\"https:\\\/\\\/lasher.ee\\\/wp-content\\\/uploads\\\/2024\\\/09\\\/Screenshot-2024-09-03-at-11.58.17.png\",\"width\":1678,\"height\":1670,\"caption\":\"Lasher\"},\"image\":{\"@id\":\"https:\\\/\\\/lasher.ee\\\/fi\\\/#\\\/schema\\\/logo\\\/image\\\/\"},\"sameAs\":[\"https:\\\/\\\/www.facebook.com\\\/profile.php?id=61564523265885\",\"https:\\\/\\\/www.instagram.com\\\/lasher_official\\\/\"]}]}<\/script>\n<!-- \/ Yoast SEO plugin. -->","yoast_head_json":{"title":"UV LED ripsilamppu - Lasher","description":"Innovatiivisilla ominaisuuksilla ja k\u00e4ytt\u00e4j\u00e4yst\u00e4v\u00e4llisell\u00e4 muotoilulla varustettu UV LED -ripsilamppu tarjoaa erinomaista tehokkuutta ja tarkkuutta.","robots":{"index":"index","follow":"follow","max-snippet":"max-snippet:-1","max-image-preview":"max-image-preview:large","max-video-preview":"max-video-preview:-1"},"canonical":"https:\/\/lasher.ee\/fi\/tuote\/uv-led-ripsienpidennyslamppu\/","og_locale":"fi_FI","og_type":"article","og_title":"UV LED ripsilamppu - Lasher","og_description":"Innovatiivisilla ominaisuuksilla ja k\u00e4ytt\u00e4j\u00e4yst\u00e4v\u00e4llisell\u00e4 muotoilulla varustettu UV LED -ripsilamppu tarjoaa erinomaista tehokkuutta ja tarkkuutta.","og_url":"https:\/\/lasher.ee\/fi\/tuote\/uv-led-ripsienpidennyslamppu\/","og_site_name":"Lasher","article_publisher":"https:\/\/www.facebook.com\/profile.php?id=61564523265885","article_modified_time":"2026-03-12T06:10:33+00:00","og_image":[{"width":1025,"height":1025,"url":"https:\/\/lasher.ee\/wp-content\/uploads\/2025\/11\/Uv-lamp-copy-1.jpg","type":"image\/jpeg"}],"twitter_card":"summary_large_image","twitter_misc":{"Arvioitu lukuaika":"1 minuutti"},"schema":{"@context":"https:\/\/schema.org","@graph":[{"@type":"WebPage","@id":"https:\/\/lasher.ee\/fi\/tuote\/uv-led-ripsienpidennyslamppu\/","url":"https:\/\/lasher.ee\/fi\/tuote\/uv-led-ripsienpidennyslamppu\/","name":"UV LED ripsilamppu - Lasher","isPartOf":{"@id":"https:\/\/lasher.ee\/fi\/#website"},"primaryImageOfPage":{"@id":"https:\/\/lasher.ee\/fi\/tuote\/uv-led-ripsienpidennyslamppu\/#primaryimage"},"image":{"@id":"https:\/\/lasher.ee\/fi\/tuote\/uv-led-ripsienpidennyslamppu\/#primaryimage"},"thumbnailUrl":"https:\/\/lasher.ee\/wp-content\/uploads\/2025\/11\/Uv-lamp-copy-1.jpg","datePublished":"2025-11-05T08:52:34+00:00","dateModified":"2026-03-12T06:10:33+00:00","description":"Innovatiivisilla ominaisuuksilla ja k\u00e4ytt\u00e4j\u00e4yst\u00e4v\u00e4llisell\u00e4 muotoilulla varustettu UV LED -ripsilamppu tarjoaa erinomaista tehokkuutta ja tarkkuutta.","breadcrumb":{"@id":"https:\/\/lasher.ee\/fi\/tuote\/uv-led-ripsienpidennyslamppu\/#breadcrumb"},"inLanguage":"fi","potentialAction":[{"@type":"ReadAction","target":["https:\/\/lasher.ee\/fi\/tuote\/uv-led-ripsienpidennyslamppu\/"]}]},{"@type":"ImageObject","inLanguage":"fi","@id":"https:\/\/lasher.ee\/fi\/tuote\/uv-led-ripsienpidennyslamppu\/#primaryimage","url":"https:\/\/lasher.ee\/wp-content\/uploads\/2025\/11\/Uv-lamp-copy-1.jpg","contentUrl":"https:\/\/lasher.ee\/wp-content\/uploads\/2025\/11\/Uv-lamp-copy-1.jpg","width":1025,"height":1025,"caption":"UV LED ripsipidennyslamppu."},{"@type":"BreadcrumbList","@id":"https:\/\/lasher.ee\/fi\/tuote\/uv-led-ripsienpidennyslamppu\/#breadcrumb","itemListElement":[{"@type":"ListItem","position":1,"name":"Home","item":"https:\/\/lasher.ee\/fi\/"},{"@type":"ListItem","position":2,"name":"Kaikki tuotteet","item":"https:\/\/lasher.ee\/fi\/kaikki-tuotteet\/"},{"@type":"ListItem","position":3,"name":"UV LED ripsilamppu"}]},{"@type":"WebSite","@id":"https:\/\/lasher.ee\/fi\/#website","url":"https:\/\/lasher.ee\/fi\/","name":"Lasher","description":"K\u00f5ik vajalikud ripsmetarvikud ripsmetehnikule \u00fchest kohast.","publisher":{"@id":"https:\/\/lasher.ee\/fi\/#organization"},"potentialAction":[{"@type":"SearchAction","target":{"@type":"EntryPoint","urlTemplate":"https:\/\/lasher.ee\/fi\/?s={search_term_string}"},"query-input":{"@type":"PropertyValueSpecification","valueRequired":true,"valueName":"search_term_string"}}],"inLanguage":"fi"},{"@type":"Organization","@id":"https:\/\/lasher.ee\/fi\/#organization","name":"Lasher","url":"https:\/\/lasher.ee\/fi\/","logo":{"@type":"ImageObject","inLanguage":"fi","@id":"https:\/\/lasher.ee\/fi\/#\/schema\/logo\/image\/","url":"https:\/\/lasher.ee\/wp-content\/uploads\/2024\/09\/Screenshot-2024-09-03-at-11.58.17.png","contentUrl":"https:\/\/lasher.ee\/wp-content\/uploads\/2024\/09\/Screenshot-2024-09-03-at-11.58.17.png","width":1678,"height":1670,"caption":"Lasher"},"image":{"@id":"https:\/\/lasher.ee\/fi\/#\/schema\/logo\/image\/"},"sameAs":["https:\/\/www.facebook.com\/profile.php?id=61564523265885","https:\/\/www.instagram.com\/lasher_official\/"]}]}},"_links":{"self":[{"href":"https:\/\/lasher.ee\/fi\/wp-json\/wp\/v2\/product\/10846","targetHints":{"allow":["GET"]}}],"collection":[{"href":"https:\/\/lasher.ee\/fi\/wp-json\/wp\/v2\/product"}],"about":[{"href":"https:\/\/lasher.ee\/fi\/wp-json\/wp\/v2\/types\/product"}],"replies":[{"embeddable":true,"href":"https:\/\/lasher.ee\/fi\/wp-json\/wp\/v2\/comments?post=10846"}],"wp:featuredmedia":[{"embeddable":true,"href":"https:\/\/lasher.ee\/fi\/wp-json\/wp\/v2\/media\/11412"}],"wp:attachment":[{"href":"https:\/\/lasher.ee\/fi\/wp-json\/wp\/v2\/media?parent=10846"}],"wp:term":[{"taxonomy":"product_brand","embeddable":true,"href":"https:\/\/lasher.ee\/fi\/wp-json\/wp\/v2\/product_brand?post=10846"},{"taxonomy":"product_cat","embeddable":true,"href":"https:\/\/lasher.ee\/fi\/wp-json\/wp\/v2\/product_cat?post=10846"},{"taxonomy":"product_tag","embeddable":true,"href":"https:\/\/lasher.ee\/fi\/wp-json\/wp\/v2\/product_tag?post=10846"}],"curies":[{"name":"wp","href":"https:\/\/api.w.org\/{rel}","templated":true}]}}