{"id":10862,"date":"2025-11-04T01:27:15","date_gmt":"2025-11-03T23:27:15","guid":{"rendered":"https:\/\/lasher.ee\/musta-vaahtomuoviteippi-25mm\/"},"modified":"2026-04-21T10:41:20","modified_gmt":"2026-04-21T07:41:20","slug":"musta-vaahtoteippi-25mm","status":"publish","type":"product","link":"https:\/\/lasher.ee\/fi\/tuote\/musta-vaahtoteippi-25mm\/","title":{"rendered":"Musta vaahtoteippi 25mm"},"content":{"rendered":"<p>Musta vaahtoteippi sopii k\u00e4ytett\u00e4v\u00e4ksi UV LED- valoa hy\u00f6dynt\u00e4viss\u00e4 ripsienpidennysten asennuksissa.<\/p>\n","protected":false},"excerpt":{"rendered":"<p>Musta vaahtoteippi sopii k\u00e4ytett\u00e4v\u00e4ksi UV LED- valoa hy\u00f6dynt\u00e4viss\u00e4 ripsienpidennysten asennuksissa, suojaten ihoa ja ripsi\u00e4 UV-s\u00e4teilylt\u00e4. Se on valmistettu pehme\u00e4st\u00e4, hengitt\u00e4v\u00e4st\u00e4 vaahtomateriaalista, joka sopii erinomaisesti my\u00f6s herk\u00e4lle iholle. Teippi on helppo poistaa, ei \u00e4rsyt\u00e4 ihoa eik\u00e4 j\u00e4t\u00e4 j\u00e4\u00e4mi\u00e4. Sen voi helposti rep\u00e4ist\u00e4 sek\u00e4 vaaka ett\u00e4 pystysuunnassa. Kevyen elastisuuden ansiosta teippi on helppo kiinnitt\u00e4\u00e4.<\/p>\n<p>Koko: 25 mm x 5 m<\/p>\n","protected":false},"featured_media":10887,"comment_status":"open","ping_status":"closed","template":"","meta":{"site-sidebar-layout":"default","site-content-layout":"","ast-site-content-layout":"default","site-content-style":"default","site-sidebar-style":"default","ast-global-header-display":"","ast-banner-title-visibility":"","ast-main-header-display":"","ast-hfb-above-header-display":"","ast-hfb-below-header-display":"","ast-hfb-mobile-header-display":"","site-post-title":"","ast-breadcrumbs-content":"","ast-featured-img":"","footer-sml-layout":"","ast-disable-related-posts":"","theme-transparent-header-meta":"default","adv-header-id-meta":"","stick-header-meta":"","header-above-stick-meta":"","header-main-stick-meta":"","header-below-stick-meta":"","astra-migrate-meta-layouts":"set","ast-page-background-enabled":"default","ast-page-background-meta":{"desktop":{"background-color":"var(--ast-global-color-4)","background-image":"","background-repeat":"repeat","background-position":"center center","background-size":"auto","background-attachment":"scroll","background-type":"","background-media":"","overlay-type":"","overlay-color":"","overlay-opacity":"","overlay-gradient":""},"tablet":{"background-color":"","background-image":"","background-repeat":"repeat","background-position":"center center","background-size":"auto","background-attachment":"scroll","background-type":"","background-media":"","overlay-type":"","overlay-color":"","overlay-opacity":"","overlay-gradient":""},"mobile":{"background-color":"","background-image":"","background-repeat":"repeat","background-position":"center center","background-size":"auto","background-attachment":"scroll","background-type":"","background-media":"","overlay-type":"","overlay-color":"","overlay-opacity":"","overlay-gradient":""}},"ast-content-background-meta":{"desktop":{"background-color":"var(--ast-global-color-5)","background-image":"","background-repeat":"repeat","background-position":"center center","background-size":"auto","background-attachment":"scroll","background-type":"","background-media":"","overlay-type":"","overlay-color":"","overlay-opacity":"","overlay-gradient":""},"tablet":{"background-color":"var(--ast-global-color-5)","background-image":"","background-repeat":"repeat","background-position":"center center","background-size":"auto","background-attachment":"scroll","background-type":"","background-media":"","overlay-type":"","overlay-color":"","overlay-opacity":"","overlay-gradient":""},"mobile":{"background-color":"var(--ast-global-color-5)","background-image":"","background-repeat":"repeat","background-position":"center center","background-size":"auto","background-attachment":"scroll","background-type":"","background-media":"","overlay-type":"","overlay-color":"","overlay-opacity":"","overlay-gradient":""}}},"product_brand":[],"product_cat":[81,134],"product_tag":[],"class_list":{"0":"post-10862","1":"product","2":"type-product","3":"status-publish","4":"has-post-thumbnail","6":"product_cat-teipit-ja-geelityynyt","7":"product_cat-uv-led-ripset","8":"desktop-align-left","9":"tablet-align-left","10":"mobile-align-left","12":"first","13":"instock","14":"shipping-taxable","15":"purchasable","16":"product-type-simple"},"yoast_head":"<!-- This site is optimized with the Yoast SEO plugin v27.4 - https:\/\/yoast.com\/product\/yoast-seo-wordpress\/ -->\n<title>Musta vaahtoteippi 25mm - Lasher<\/title>\n<meta name=\"description\" content=\"Musta vaahtoteippi sopii k\u00e4ytett\u00e4v\u00e4ksi UV LED -valoa hy\u00f6dynt\u00e4viss\u00e4 ripsienpidennysten asennuksissa, suojaten ihoa ja ripsi\u00e4 UV-s\u00e4teilylt\u00e4.\" \/>\n<meta name=\"robots\" content=\"index, follow, max-snippet:-1, max-image-preview:large, max-video-preview:-1\" \/>\n<link rel=\"canonical\" href=\"https:\/\/lasher.ee\/fi\/tuote\/musta-vaahtoteippi-25mm\/\" \/>\n<meta property=\"og:locale\" content=\"fi_FI\" \/>\n<meta property=\"og:type\" content=\"article\" \/>\n<meta property=\"og:title\" content=\"Musta vaahtoteippi 25mm - Lasher\" \/>\n<meta property=\"og:description\" content=\"Musta vaahtoteippi sopii k\u00e4ytett\u00e4v\u00e4ksi UV LED -valoa hy\u00f6dynt\u00e4viss\u00e4 ripsienpidennysten asennuksissa, suojaten ihoa ja ripsi\u00e4 UV-s\u00e4teilylt\u00e4.\" \/>\n<meta property=\"og:url\" content=\"https:\/\/lasher.ee\/fi\/tuote\/musta-vaahtoteippi-25mm\/\" \/>\n<meta property=\"og:site_name\" content=\"Lasher\" \/>\n<meta property=\"article:publisher\" content=\"https:\/\/www.facebook.com\/profile.php?id=61564523265885\" \/>\n<meta property=\"article:modified_time\" content=\"2026-04-21T07:41:20+00:00\" \/>\n<meta property=\"og:image\" content=\"https:\/\/lasher.ee\/wp-content\/uploads\/2025\/11\/IMG_7944-2-2.jpg\" \/>\n\t<meta property=\"og:image:width\" content=\"1024\" \/>\n\t<meta property=\"og:image:height\" content=\"1024\" \/>\n\t<meta property=\"og:image:type\" content=\"image\/jpeg\" \/>\n<meta name=\"twitter:card\" content=\"summary_large_image\" \/>\n<meta name=\"twitter:label1\" content=\"Arvioitu lukuaika\" \/>\n\t<meta name=\"twitter:data1\" content=\"1 minuutti\" \/>\n<script type=\"application\/ld+json\" class=\"yoast-schema-graph\">{\"@context\":\"https:\\\/\\\/schema.org\",\"@graph\":[{\"@type\":\"WebPage\",\"@id\":\"https:\\\/\\\/lasher.ee\\\/fi\\\/tuote\\\/musta-vaahtoteippi-25mm\\\/\",\"url\":\"https:\\\/\\\/lasher.ee\\\/fi\\\/tuote\\\/musta-vaahtoteippi-25mm\\\/\",\"name\":\"Musta vaahtoteippi 25mm - Lasher\",\"isPartOf\":{\"@id\":\"https:\\\/\\\/lasher.ee\\\/fi\\\/#website\"},\"primaryImageOfPage\":{\"@id\":\"https:\\\/\\\/lasher.ee\\\/fi\\\/tuote\\\/musta-vaahtoteippi-25mm\\\/#primaryimage\"},\"image\":{\"@id\":\"https:\\\/\\\/lasher.ee\\\/fi\\\/tuote\\\/musta-vaahtoteippi-25mm\\\/#primaryimage\"},\"thumbnailUrl\":\"https:\\\/\\\/lasher.ee\\\/wp-content\\\/uploads\\\/2025\\\/11\\\/IMG_7944-2-2.jpg\",\"datePublished\":\"2025-11-03T23:27:15+00:00\",\"dateModified\":\"2026-04-21T07:41:20+00:00\",\"description\":\"Musta vaahtoteippi sopii k\u00e4ytett\u00e4v\u00e4ksi UV LED -valoa hy\u00f6dynt\u00e4viss\u00e4 ripsienpidennysten asennuksissa, suojaten ihoa ja ripsi\u00e4 UV-s\u00e4teilylt\u00e4.\",\"breadcrumb\":{\"@id\":\"https:\\\/\\\/lasher.ee\\\/fi\\\/tuote\\\/musta-vaahtoteippi-25mm\\\/#breadcrumb\"},\"inLanguage\":\"fi\",\"potentialAction\":[{\"@type\":\"ReadAction\",\"target\":[\"https:\\\/\\\/lasher.ee\\\/fi\\\/tuote\\\/musta-vaahtoteippi-25mm\\\/\"]}]},{\"@type\":\"ImageObject\",\"inLanguage\":\"fi\",\"@id\":\"https:\\\/\\\/lasher.ee\\\/fi\\\/tuote\\\/musta-vaahtoteippi-25mm\\\/#primaryimage\",\"url\":\"https:\\\/\\\/lasher.ee\\\/wp-content\\\/uploads\\\/2025\\\/11\\\/IMG_7944-2-2.jpg\",\"contentUrl\":\"https:\\\/\\\/lasher.ee\\\/wp-content\\\/uploads\\\/2025\\\/11\\\/IMG_7944-2-2.jpg\",\"width\":1024,\"height\":1024,\"caption\":\"Musta vaahtoteippi sopii k\u00e4ytett\u00e4v\u00e4ksi UV LED -valoa hy\u00f6dynt\u00e4viss\u00e4 ripsienpidennysten asennuksissa.\"},{\"@type\":\"BreadcrumbList\",\"@id\":\"https:\\\/\\\/lasher.ee\\\/fi\\\/tuote\\\/musta-vaahtoteippi-25mm\\\/#breadcrumb\",\"itemListElement\":[{\"@type\":\"ListItem\",\"position\":1,\"name\":\"Home\",\"item\":\"https:\\\/\\\/lasher.ee\\\/fi\\\/\"},{\"@type\":\"ListItem\",\"position\":2,\"name\":\"Kaikki tuotteet\",\"item\":\"https:\\\/\\\/lasher.ee\\\/fi\\\/kaikki-tuotteet\\\/\"},{\"@type\":\"ListItem\",\"position\":3,\"name\":\"Musta vaahtoteippi 25mm\"}]},{\"@type\":\"WebSite\",\"@id\":\"https:\\\/\\\/lasher.ee\\\/fi\\\/#website\",\"url\":\"https:\\\/\\\/lasher.ee\\\/fi\\\/\",\"name\":\"Lasher\",\"description\":\"K\u00f5ik vajalikud ripsmetarvikud ripsmetehnikule \u00fchest kohast.\",\"publisher\":{\"@id\":\"https:\\\/\\\/lasher.ee\\\/fi\\\/#organization\"},\"potentialAction\":[{\"@type\":\"SearchAction\",\"target\":{\"@type\":\"EntryPoint\",\"urlTemplate\":\"https:\\\/\\\/lasher.ee\\\/fi\\\/?s={search_term_string}\"},\"query-input\":{\"@type\":\"PropertyValueSpecification\",\"valueRequired\":true,\"valueName\":\"search_term_string\"}}],\"inLanguage\":\"fi\"},{\"@type\":\"Organization\",\"@id\":\"https:\\\/\\\/lasher.ee\\\/fi\\\/#organization\",\"name\":\"Lasher\",\"url\":\"https:\\\/\\\/lasher.ee\\\/fi\\\/\",\"logo\":{\"@type\":\"ImageObject\",\"inLanguage\":\"fi\",\"@id\":\"https:\\\/\\\/lasher.ee\\\/fi\\\/#\\\/schema\\\/logo\\\/image\\\/\",\"url\":\"https:\\\/\\\/lasher.ee\\\/wp-content\\\/uploads\\\/2024\\\/09\\\/Screenshot-2024-09-03-at-11.58.17.png\",\"contentUrl\":\"https:\\\/\\\/lasher.ee\\\/wp-content\\\/uploads\\\/2024\\\/09\\\/Screenshot-2024-09-03-at-11.58.17.png\",\"width\":1678,\"height\":1670,\"caption\":\"Lasher\"},\"image\":{\"@id\":\"https:\\\/\\\/lasher.ee\\\/fi\\\/#\\\/schema\\\/logo\\\/image\\\/\"},\"sameAs\":[\"https:\\\/\\\/www.facebook.com\\\/profile.php?id=61564523265885\",\"https:\\\/\\\/www.instagram.com\\\/lasher_official\\\/\"]}]}<\/script>\n<!-- \/ Yoast SEO plugin. -->","yoast_head_json":{"title":"Musta vaahtoteippi 25mm - Lasher","description":"Musta vaahtoteippi sopii k\u00e4ytett\u00e4v\u00e4ksi UV LED -valoa hy\u00f6dynt\u00e4viss\u00e4 ripsienpidennysten asennuksissa, suojaten ihoa ja ripsi\u00e4 UV-s\u00e4teilylt\u00e4.","robots":{"index":"index","follow":"follow","max-snippet":"max-snippet:-1","max-image-preview":"max-image-preview:large","max-video-preview":"max-video-preview:-1"},"canonical":"https:\/\/lasher.ee\/fi\/tuote\/musta-vaahtoteippi-25mm\/","og_locale":"fi_FI","og_type":"article","og_title":"Musta vaahtoteippi 25mm - Lasher","og_description":"Musta vaahtoteippi sopii k\u00e4ytett\u00e4v\u00e4ksi UV LED -valoa hy\u00f6dynt\u00e4viss\u00e4 ripsienpidennysten asennuksissa, suojaten ihoa ja ripsi\u00e4 UV-s\u00e4teilylt\u00e4.","og_url":"https:\/\/lasher.ee\/fi\/tuote\/musta-vaahtoteippi-25mm\/","og_site_name":"Lasher","article_publisher":"https:\/\/www.facebook.com\/profile.php?id=61564523265885","article_modified_time":"2026-04-21T07:41:20+00:00","og_image":[{"width":1024,"height":1024,"url":"https:\/\/lasher.ee\/wp-content\/uploads\/2025\/11\/IMG_7944-2-2.jpg","type":"image\/jpeg"}],"twitter_card":"summary_large_image","twitter_misc":{"Arvioitu lukuaika":"1 minuutti"},"schema":{"@context":"https:\/\/schema.org","@graph":[{"@type":"WebPage","@id":"https:\/\/lasher.ee\/fi\/tuote\/musta-vaahtoteippi-25mm\/","url":"https:\/\/lasher.ee\/fi\/tuote\/musta-vaahtoteippi-25mm\/","name":"Musta vaahtoteippi 25mm - Lasher","isPartOf":{"@id":"https:\/\/lasher.ee\/fi\/#website"},"primaryImageOfPage":{"@id":"https:\/\/lasher.ee\/fi\/tuote\/musta-vaahtoteippi-25mm\/#primaryimage"},"image":{"@id":"https:\/\/lasher.ee\/fi\/tuote\/musta-vaahtoteippi-25mm\/#primaryimage"},"thumbnailUrl":"https:\/\/lasher.ee\/wp-content\/uploads\/2025\/11\/IMG_7944-2-2.jpg","datePublished":"2025-11-03T23:27:15+00:00","dateModified":"2026-04-21T07:41:20+00:00","description":"Musta vaahtoteippi sopii k\u00e4ytett\u00e4v\u00e4ksi UV LED -valoa hy\u00f6dynt\u00e4viss\u00e4 ripsienpidennysten asennuksissa, suojaten ihoa ja ripsi\u00e4 UV-s\u00e4teilylt\u00e4.","breadcrumb":{"@id":"https:\/\/lasher.ee\/fi\/tuote\/musta-vaahtoteippi-25mm\/#breadcrumb"},"inLanguage":"fi","potentialAction":[{"@type":"ReadAction","target":["https:\/\/lasher.ee\/fi\/tuote\/musta-vaahtoteippi-25mm\/"]}]},{"@type":"ImageObject","inLanguage":"fi","@id":"https:\/\/lasher.ee\/fi\/tuote\/musta-vaahtoteippi-25mm\/#primaryimage","url":"https:\/\/lasher.ee\/wp-content\/uploads\/2025\/11\/IMG_7944-2-2.jpg","contentUrl":"https:\/\/lasher.ee\/wp-content\/uploads\/2025\/11\/IMG_7944-2-2.jpg","width":1024,"height":1024,"caption":"Musta vaahtoteippi sopii k\u00e4ytett\u00e4v\u00e4ksi UV LED -valoa hy\u00f6dynt\u00e4viss\u00e4 ripsienpidennysten asennuksissa."},{"@type":"BreadcrumbList","@id":"https:\/\/lasher.ee\/fi\/tuote\/musta-vaahtoteippi-25mm\/#breadcrumb","itemListElement":[{"@type":"ListItem","position":1,"name":"Home","item":"https:\/\/lasher.ee\/fi\/"},{"@type":"ListItem","position":2,"name":"Kaikki tuotteet","item":"https:\/\/lasher.ee\/fi\/kaikki-tuotteet\/"},{"@type":"ListItem","position":3,"name":"Musta vaahtoteippi 25mm"}]},{"@type":"WebSite","@id":"https:\/\/lasher.ee\/fi\/#website","url":"https:\/\/lasher.ee\/fi\/","name":"Lasher","description":"K\u00f5ik vajalikud ripsmetarvikud ripsmetehnikule \u00fchest kohast.","publisher":{"@id":"https:\/\/lasher.ee\/fi\/#organization"},"potentialAction":[{"@type":"SearchAction","target":{"@type":"EntryPoint","urlTemplate":"https:\/\/lasher.ee\/fi\/?s={search_term_string}"},"query-input":{"@type":"PropertyValueSpecification","valueRequired":true,"valueName":"search_term_string"}}],"inLanguage":"fi"},{"@type":"Organization","@id":"https:\/\/lasher.ee\/fi\/#organization","name":"Lasher","url":"https:\/\/lasher.ee\/fi\/","logo":{"@type":"ImageObject","inLanguage":"fi","@id":"https:\/\/lasher.ee\/fi\/#\/schema\/logo\/image\/","url":"https:\/\/lasher.ee\/wp-content\/uploads\/2024\/09\/Screenshot-2024-09-03-at-11.58.17.png","contentUrl":"https:\/\/lasher.ee\/wp-content\/uploads\/2024\/09\/Screenshot-2024-09-03-at-11.58.17.png","width":1678,"height":1670,"caption":"Lasher"},"image":{"@id":"https:\/\/lasher.ee\/fi\/#\/schema\/logo\/image\/"},"sameAs":["https:\/\/www.facebook.com\/profile.php?id=61564523265885","https:\/\/www.instagram.com\/lasher_official\/"]}]}},"_links":{"self":[{"href":"https:\/\/lasher.ee\/fi\/wp-json\/wp\/v2\/product\/10862","targetHints":{"allow":["GET"]}}],"collection":[{"href":"https:\/\/lasher.ee\/fi\/wp-json\/wp\/v2\/product"}],"about":[{"href":"https:\/\/lasher.ee\/fi\/wp-json\/wp\/v2\/types\/product"}],"replies":[{"embeddable":true,"href":"https:\/\/lasher.ee\/fi\/wp-json\/wp\/v2\/comments?post=10862"}],"wp:featuredmedia":[{"embeddable":true,"href":"https:\/\/lasher.ee\/fi\/wp-json\/wp\/v2\/media\/10887"}],"wp:attachment":[{"href":"https:\/\/lasher.ee\/fi\/wp-json\/wp\/v2\/media?parent=10862"}],"wp:term":[{"taxonomy":"product_brand","embeddable":true,"href":"https:\/\/lasher.ee\/fi\/wp-json\/wp\/v2\/product_brand?post=10862"},{"taxonomy":"product_cat","embeddable":true,"href":"https:\/\/lasher.ee\/fi\/wp-json\/wp\/v2\/product_cat?post=10862"},{"taxonomy":"product_tag","embeddable":true,"href":"https:\/\/lasher.ee\/fi\/wp-json\/wp\/v2\/product_tag?post=10862"}],"curies":[{"name":"wp","href":"https:\/\/api.w.org\/{rel}","templated":true}]}}