{"id":11381,"date":"2025-11-10T15:45:25","date_gmt":"2025-11-10T13:45:25","guid":{"rendered":"https:\/\/lasher.ee\/super-narrow-5d-valmiit-suppilot-0-07-272-suppiloa\/"},"modified":"2026-04-20T13:47:43","modified_gmt":"2026-04-20T10:47:43","slug":"super-narrow-5d-valmis-viuhkat","status":"publish","type":"product","link":"https:\/\/lasher.ee\/fi\/tuote\/super-narrow-5d-valmis-viuhkat\/","title":{"rendered":"Super Narrow 5D valmisviuhkat 0.07 (272 viuhkaa)"},"content":{"rendered":"<p>Super Narrow 5D valmisviuhkat 0.07 (272 viuhkaa). Valikoimassa on C, CC, D, M ja L rasiat.<\/p>\n","protected":false},"excerpt":{"rendered":"<p>Super Narrow 5D valmisviuhkat- tekniikkaa mit\u00e4 tehdess\u00e4 jokaiselle luonnonripsella kiininnitet\u00e4\u00e4n viisi eritt\u00e4in ohutta viuhkaa. T\u00e4m\u00e4 tekniikkaa luo tihe\u00e4mm\u00e4n ja tuuheamman lopputuloksen kuin klassinen 2D &#8211; 3D mutta j\u00e4\u00e4 luonnollisempi kuin 6D.\u00a0 5D valmisviuhkat sopivat erinomaisesti asiakkaille, jotka haluavat n\u00e4ytt\u00e4v\u00e4t, mutta luonnolliset ripset.<\/p>\n<p>Ripsiviuhkojen symmetria on tasainen, jokainen viuhka on samanlainen. Viuhkojen kiinnityspiste on lyhyt, jotta on mahdollista saavuttaa mahdollisimman kaunis lopputulos.<\/p>\n<p>Valikoimassa on C, CC, D, M ja L rasiat.<\/p>\n<p>&nbsp;<\/p>\n","protected":false},"featured_media":16914,"comment_status":"open","ping_status":"closed","template":"","meta":{"site-sidebar-layout":"default","site-content-layout":"","ast-site-content-layout":"default","site-content-style":"default","site-sidebar-style":"default","ast-global-header-display":"","ast-banner-title-visibility":"","ast-main-header-display":"","ast-hfb-above-header-display":"","ast-hfb-below-header-display":"","ast-hfb-mobile-header-display":"","site-post-title":"","ast-breadcrumbs-content":"","ast-featured-img":"","footer-sml-layout":"","ast-disable-related-posts":"","theme-transparent-header-meta":"default","adv-header-id-meta":"","stick-header-meta":"","header-above-stick-meta":"","header-main-stick-meta":"","header-below-stick-meta":"","astra-migrate-meta-layouts":"set","ast-page-background-enabled":"default","ast-page-background-meta":{"desktop":{"background-color":"var(--ast-global-color-4)","background-image":"","background-repeat":"repeat","background-position":"center center","background-size":"auto","background-attachment":"scroll","background-type":"","background-media":"","overlay-type":"","overlay-color":"","overlay-opacity":"","overlay-gradient":""},"tablet":{"background-color":"","background-image":"","background-repeat":"repeat","background-position":"center center","background-size":"auto","background-attachment":"scroll","background-type":"","background-media":"","overlay-type":"","overlay-color":"","overlay-opacity":"","overlay-gradient":""},"mobile":{"background-color":"","background-image":"","background-repeat":"repeat","background-position":"center center","background-size":"auto","background-attachment":"scroll","background-type":"","background-media":"","overlay-type":"","overlay-color":"","overlay-opacity":"","overlay-gradient":""}},"ast-content-background-meta":{"desktop":{"background-color":"var(--ast-global-color-5)","background-image":"","background-repeat":"repeat","background-position":"center center","background-size":"auto","background-attachment":"scroll","background-type":"","background-media":"","overlay-type":"","overlay-color":"","overlay-opacity":"","overlay-gradient":""},"tablet":{"background-color":"var(--ast-global-color-5)","background-image":"","background-repeat":"repeat","background-position":"center center","background-size":"auto","background-attachment":"scroll","background-type":"","background-media":"","overlay-type":"","overlay-color":"","overlay-opacity":"","overlay-gradient":""},"mobile":{"background-color":"var(--ast-global-color-5)","background-image":"","background-repeat":"repeat","background-position":"center center","background-size":"auto","background-attachment":"scroll","background-type":"","background-media":"","overlay-type":"","overlay-color":"","overlay-opacity":"","overlay-gradient":""}}},"product_brand":[],"product_cat":[90,121],"product_tag":[],"class_list":{"0":"post-11381","1":"product","2":"type-product","3":"status-publish","4":"has-post-thumbnail","6":"product_cat-ripset","7":"product_cat-valmisviuhkat","8":"desktop-align-left","9":"tablet-align-left","10":"mobile-align-left","12":"first","13":"instock","14":"shipping-taxable","15":"purchasable","16":"product-type-variable"},"yoast_head":"<!-- This site is optimized with the Yoast SEO plugin v27.5 - https:\/\/yoast.com\/product\/yoast-seo-wordpress\/ -->\n<title>Super Narrow 5D valmisviuhkat - Lasher<\/title>\n<meta name=\"description\" content=\"Super Narrow 5D valmisviuhkat. Suunniteltu sek\u00e4 aloittelijoille ett\u00e4 kokeneille ripsiteknikoille tekem\u00e4\u00e4n ripsipidennysten asentamisesta nopeampaa.\" \/>\n<meta name=\"robots\" content=\"index, follow, max-snippet:-1, max-image-preview:large, max-video-preview:-1\" \/>\n<link rel=\"canonical\" href=\"https:\/\/lasher.ee\/fi\/tuote\/super-narrow-5d-valmis-viuhkat\/\" \/>\n<meta property=\"og:locale\" content=\"fi_FI\" \/>\n<meta property=\"og:type\" content=\"article\" \/>\n<meta property=\"og:title\" content=\"Super Narrow 5D valmisviuhkat - Lasher\" \/>\n<meta property=\"og:description\" content=\"Super Narrow 5D valmisviuhkat. Suunniteltu sek\u00e4 aloittelijoille ett\u00e4 kokeneille ripsiteknikoille tekem\u00e4\u00e4n ripsipidennysten asentamisesta nopeampaa.\" \/>\n<meta property=\"og:url\" content=\"https:\/\/lasher.ee\/fi\/tuote\/super-narrow-5d-valmis-viuhkat\/\" \/>\n<meta property=\"og:site_name\" content=\"Lasher\" \/>\n<meta property=\"article:publisher\" content=\"https:\/\/www.facebook.com\/profile.php?id=61564523265885\" \/>\n<meta property=\"article:modified_time\" content=\"2026-04-20T10:47:43+00:00\" \/>\n<meta property=\"og:image\" content=\"https:\/\/lasher.ee\/wp-content\/uploads\/2025\/11\/IMG_4206-2-2-3.jpg\" \/>\n\t<meta property=\"og:image:width\" content=\"1300\" \/>\n\t<meta property=\"og:image:height\" content=\"1300\" \/>\n\t<meta property=\"og:image:type\" content=\"image\/jpeg\" \/>\n<meta name=\"twitter:card\" content=\"summary_large_image\" \/>\n<meta name=\"twitter:label1\" content=\"Arvioitu lukuaika\" \/>\n\t<meta name=\"twitter:data1\" content=\"1 minuutti\" \/>\n<script type=\"application\/ld+json\" class=\"yoast-schema-graph\">{\"@context\":\"https:\\\/\\\/schema.org\",\"@graph\":[{\"@type\":\"WebPage\",\"@id\":\"https:\\\/\\\/lasher.ee\\\/fi\\\/tuote\\\/super-narrow-5d-valmis-viuhkat\\\/\",\"url\":\"https:\\\/\\\/lasher.ee\\\/fi\\\/tuote\\\/super-narrow-5d-valmis-viuhkat\\\/\",\"name\":\"Super Narrow 5D valmisviuhkat - Lasher\",\"isPartOf\":{\"@id\":\"https:\\\/\\\/lasher.ee\\\/fi\\\/#website\"},\"primaryImageOfPage\":{\"@id\":\"https:\\\/\\\/lasher.ee\\\/fi\\\/tuote\\\/super-narrow-5d-valmis-viuhkat\\\/#primaryimage\"},\"image\":{\"@id\":\"https:\\\/\\\/lasher.ee\\\/fi\\\/tuote\\\/super-narrow-5d-valmis-viuhkat\\\/#primaryimage\"},\"thumbnailUrl\":\"https:\\\/\\\/lasher.ee\\\/wp-content\\\/uploads\\\/2025\\\/11\\\/IMG_4206-2-2-3.jpg\",\"datePublished\":\"2025-11-10T13:45:25+00:00\",\"dateModified\":\"2026-04-20T10:47:43+00:00\",\"description\":\"Super Narrow 5D valmisviuhkat. Suunniteltu sek\u00e4 aloittelijoille ett\u00e4 kokeneille ripsiteknikoille tekem\u00e4\u00e4n ripsipidennysten asentamisesta nopeampaa.\",\"breadcrumb\":{\"@id\":\"https:\\\/\\\/lasher.ee\\\/fi\\\/tuote\\\/super-narrow-5d-valmis-viuhkat\\\/#breadcrumb\"},\"inLanguage\":\"fi\",\"potentialAction\":[{\"@type\":\"ReadAction\",\"target\":[\"https:\\\/\\\/lasher.ee\\\/fi\\\/tuote\\\/super-narrow-5d-valmis-viuhkat\\\/\"]}]},{\"@type\":\"ImageObject\",\"inLanguage\":\"fi\",\"@id\":\"https:\\\/\\\/lasher.ee\\\/fi\\\/tuote\\\/super-narrow-5d-valmis-viuhkat\\\/#primaryimage\",\"url\":\"https:\\\/\\\/lasher.ee\\\/wp-content\\\/uploads\\\/2025\\\/11\\\/IMG_4206-2-2-3.jpg\",\"contentUrl\":\"https:\\\/\\\/lasher.ee\\\/wp-content\\\/uploads\\\/2025\\\/11\\\/IMG_4206-2-2-3.jpg\",\"width\":1300,\"height\":1300,\"caption\":\"Super Narrow 5D valmislehvikud\"},{\"@type\":\"BreadcrumbList\",\"@id\":\"https:\\\/\\\/lasher.ee\\\/fi\\\/tuote\\\/super-narrow-5d-valmis-viuhkat\\\/#breadcrumb\",\"itemListElement\":[{\"@type\":\"ListItem\",\"position\":1,\"name\":\"Home\",\"item\":\"https:\\\/\\\/lasher.ee\\\/fi\\\/\"},{\"@type\":\"ListItem\",\"position\":2,\"name\":\"Kaikki tuotteet\",\"item\":\"https:\\\/\\\/lasher.ee\\\/fi\\\/kaikki-tuotteet\\\/\"},{\"@type\":\"ListItem\",\"position\":3,\"name\":\"Super Narrow 5D valmisviuhkat 0.07 (272 viuhkaa)\"}]},{\"@type\":\"WebSite\",\"@id\":\"https:\\\/\\\/lasher.ee\\\/fi\\\/#website\",\"url\":\"https:\\\/\\\/lasher.ee\\\/fi\\\/\",\"name\":\"Lasher\",\"description\":\"K\u00f5ik vajalikud ripsmetarvikud ripsmetehnikule \u00fchest kohast.\",\"publisher\":{\"@id\":\"https:\\\/\\\/lasher.ee\\\/fi\\\/#organization\"},\"potentialAction\":[{\"@type\":\"SearchAction\",\"target\":{\"@type\":\"EntryPoint\",\"urlTemplate\":\"https:\\\/\\\/lasher.ee\\\/fi\\\/?s={search_term_string}\"},\"query-input\":{\"@type\":\"PropertyValueSpecification\",\"valueRequired\":true,\"valueName\":\"search_term_string\"}}],\"inLanguage\":\"fi\"},{\"@type\":\"Organization\",\"@id\":\"https:\\\/\\\/lasher.ee\\\/fi\\\/#organization\",\"name\":\"Lasher\",\"url\":\"https:\\\/\\\/lasher.ee\\\/fi\\\/\",\"logo\":{\"@type\":\"ImageObject\",\"inLanguage\":\"fi\",\"@id\":\"https:\\\/\\\/lasher.ee\\\/fi\\\/#\\\/schema\\\/logo\\\/image\\\/\",\"url\":\"https:\\\/\\\/lasher.ee\\\/wp-content\\\/uploads\\\/2024\\\/09\\\/Screenshot-2024-09-03-at-11.58.17.png\",\"contentUrl\":\"https:\\\/\\\/lasher.ee\\\/wp-content\\\/uploads\\\/2024\\\/09\\\/Screenshot-2024-09-03-at-11.58.17.png\",\"width\":1678,\"height\":1670,\"caption\":\"Lasher\"},\"image\":{\"@id\":\"https:\\\/\\\/lasher.ee\\\/fi\\\/#\\\/schema\\\/logo\\\/image\\\/\"},\"sameAs\":[\"https:\\\/\\\/www.facebook.com\\\/profile.php?id=61564523265885\",\"https:\\\/\\\/www.instagram.com\\\/lasher_official\\\/\"]}]}<\/script>\n<!-- \/ Yoast SEO plugin. -->","yoast_head_json":{"title":"Super Narrow 5D valmisviuhkat - Lasher","description":"Super Narrow 5D valmisviuhkat. Suunniteltu sek\u00e4 aloittelijoille ett\u00e4 kokeneille ripsiteknikoille tekem\u00e4\u00e4n ripsipidennysten asentamisesta nopeampaa.","robots":{"index":"index","follow":"follow","max-snippet":"max-snippet:-1","max-image-preview":"max-image-preview:large","max-video-preview":"max-video-preview:-1"},"canonical":"https:\/\/lasher.ee\/fi\/tuote\/super-narrow-5d-valmis-viuhkat\/","og_locale":"fi_FI","og_type":"article","og_title":"Super Narrow 5D valmisviuhkat - Lasher","og_description":"Super Narrow 5D valmisviuhkat. Suunniteltu sek\u00e4 aloittelijoille ett\u00e4 kokeneille ripsiteknikoille tekem\u00e4\u00e4n ripsipidennysten asentamisesta nopeampaa.","og_url":"https:\/\/lasher.ee\/fi\/tuote\/super-narrow-5d-valmis-viuhkat\/","og_site_name":"Lasher","article_publisher":"https:\/\/www.facebook.com\/profile.php?id=61564523265885","article_modified_time":"2026-04-20T10:47:43+00:00","og_image":[{"width":1300,"height":1300,"url":"https:\/\/lasher.ee\/wp-content\/uploads\/2025\/11\/IMG_4206-2-2-3.jpg","type":"image\/jpeg"}],"twitter_card":"summary_large_image","twitter_misc":{"Arvioitu lukuaika":"1 minuutti"},"schema":{"@context":"https:\/\/schema.org","@graph":[{"@type":"WebPage","@id":"https:\/\/lasher.ee\/fi\/tuote\/super-narrow-5d-valmis-viuhkat\/","url":"https:\/\/lasher.ee\/fi\/tuote\/super-narrow-5d-valmis-viuhkat\/","name":"Super Narrow 5D valmisviuhkat - Lasher","isPartOf":{"@id":"https:\/\/lasher.ee\/fi\/#website"},"primaryImageOfPage":{"@id":"https:\/\/lasher.ee\/fi\/tuote\/super-narrow-5d-valmis-viuhkat\/#primaryimage"},"image":{"@id":"https:\/\/lasher.ee\/fi\/tuote\/super-narrow-5d-valmis-viuhkat\/#primaryimage"},"thumbnailUrl":"https:\/\/lasher.ee\/wp-content\/uploads\/2025\/11\/IMG_4206-2-2-3.jpg","datePublished":"2025-11-10T13:45:25+00:00","dateModified":"2026-04-20T10:47:43+00:00","description":"Super Narrow 5D valmisviuhkat. Suunniteltu sek\u00e4 aloittelijoille ett\u00e4 kokeneille ripsiteknikoille tekem\u00e4\u00e4n ripsipidennysten asentamisesta nopeampaa.","breadcrumb":{"@id":"https:\/\/lasher.ee\/fi\/tuote\/super-narrow-5d-valmis-viuhkat\/#breadcrumb"},"inLanguage":"fi","potentialAction":[{"@type":"ReadAction","target":["https:\/\/lasher.ee\/fi\/tuote\/super-narrow-5d-valmis-viuhkat\/"]}]},{"@type":"ImageObject","inLanguage":"fi","@id":"https:\/\/lasher.ee\/fi\/tuote\/super-narrow-5d-valmis-viuhkat\/#primaryimage","url":"https:\/\/lasher.ee\/wp-content\/uploads\/2025\/11\/IMG_4206-2-2-3.jpg","contentUrl":"https:\/\/lasher.ee\/wp-content\/uploads\/2025\/11\/IMG_4206-2-2-3.jpg","width":1300,"height":1300,"caption":"Super Narrow 5D valmislehvikud"},{"@type":"BreadcrumbList","@id":"https:\/\/lasher.ee\/fi\/tuote\/super-narrow-5d-valmis-viuhkat\/#breadcrumb","itemListElement":[{"@type":"ListItem","position":1,"name":"Home","item":"https:\/\/lasher.ee\/fi\/"},{"@type":"ListItem","position":2,"name":"Kaikki tuotteet","item":"https:\/\/lasher.ee\/fi\/kaikki-tuotteet\/"},{"@type":"ListItem","position":3,"name":"Super Narrow 5D valmisviuhkat 0.07 (272 viuhkaa)"}]},{"@type":"WebSite","@id":"https:\/\/lasher.ee\/fi\/#website","url":"https:\/\/lasher.ee\/fi\/","name":"Lasher","description":"K\u00f5ik vajalikud ripsmetarvikud ripsmetehnikule \u00fchest kohast.","publisher":{"@id":"https:\/\/lasher.ee\/fi\/#organization"},"potentialAction":[{"@type":"SearchAction","target":{"@type":"EntryPoint","urlTemplate":"https:\/\/lasher.ee\/fi\/?s={search_term_string}"},"query-input":{"@type":"PropertyValueSpecification","valueRequired":true,"valueName":"search_term_string"}}],"inLanguage":"fi"},{"@type":"Organization","@id":"https:\/\/lasher.ee\/fi\/#organization","name":"Lasher","url":"https:\/\/lasher.ee\/fi\/","logo":{"@type":"ImageObject","inLanguage":"fi","@id":"https:\/\/lasher.ee\/fi\/#\/schema\/logo\/image\/","url":"https:\/\/lasher.ee\/wp-content\/uploads\/2024\/09\/Screenshot-2024-09-03-at-11.58.17.png","contentUrl":"https:\/\/lasher.ee\/wp-content\/uploads\/2024\/09\/Screenshot-2024-09-03-at-11.58.17.png","width":1678,"height":1670,"caption":"Lasher"},"image":{"@id":"https:\/\/lasher.ee\/fi\/#\/schema\/logo\/image\/"},"sameAs":["https:\/\/www.facebook.com\/profile.php?id=61564523265885","https:\/\/www.instagram.com\/lasher_official\/"]}]}},"_links":{"self":[{"href":"https:\/\/lasher.ee\/fi\/wp-json\/wp\/v2\/product\/11381","targetHints":{"allow":["GET"]}}],"collection":[{"href":"https:\/\/lasher.ee\/fi\/wp-json\/wp\/v2\/product"}],"about":[{"href":"https:\/\/lasher.ee\/fi\/wp-json\/wp\/v2\/types\/product"}],"replies":[{"embeddable":true,"href":"https:\/\/lasher.ee\/fi\/wp-json\/wp\/v2\/comments?post=11381"}],"wp:featuredmedia":[{"embeddable":true,"href":"https:\/\/lasher.ee\/fi\/wp-json\/wp\/v2\/media\/16914"}],"wp:attachment":[{"href":"https:\/\/lasher.ee\/fi\/wp-json\/wp\/v2\/media?parent=11381"}],"wp:term":[{"taxonomy":"product_brand","embeddable":true,"href":"https:\/\/lasher.ee\/fi\/wp-json\/wp\/v2\/product_brand?post=11381"},{"taxonomy":"product_cat","embeddable":true,"href":"https:\/\/lasher.ee\/fi\/wp-json\/wp\/v2\/product_cat?post=11381"},{"taxonomy":"product_tag","embeddable":true,"href":"https:\/\/lasher.ee\/fi\/wp-json\/wp\/v2\/product_tag?post=11381"}],"curies":[{"name":"wp","href":"https:\/\/api.w.org\/{rel}","templated":true}]}}