{"id":11445,"date":"2025-12-11T19:57:28","date_gmt":"2025-12-11T17:57:28","guid":{"rendered":"https:\/\/lasher.ee\/ultra-fast-liima-5ml\/"},"modified":"2026-04-28T19:09:48","modified_gmt":"2026-04-28T16:09:48","slug":"ultra-fast-liima-5ml","status":"publish","type":"product","link":"https:\/\/lasher.ee\/fi\/tuote\/ultra-fast-liima-5ml\/","title":{"rendered":"Ultra Fast ripsiliima 0,1 sek"},"content":{"rendered":"<p>Ultra Fast ripsiliima. Liiman v\u00e4ri- musta, kuivamisaika: 0,1 sekuntia, kesto: 6 &#8211; 8 viikkoa, huoneen l\u00e4mp\u00f6tila: 18 &#8211; 28\u00b0C.<\/p>\n","protected":false},"excerpt":{"rendered":"<p>Koko: 5ml<br \/>\nLiiman v\u00e4ri: musta<br \/>\nKuivamisaika: 0,1 sekuntia<br \/>\nKesto: 6 &#8211; 8 viikkoa<br \/>\nHuoneen l\u00e4mp\u00f6tila: 18 &#8211; 28\u00b0C<br \/>\nHuone kosteus: 20 &#8211; 65%<br \/>\nLiima- h\u00f6yryt: \u25cf\u25e6\u25e6\u25e6\u25e6<br \/>\nViskositeetti: \u25cf\u25e6\u25e6\u25e6\u25e6<br \/>\nLatex and formaldehyde vapaa<\/p>\n<p>Ultra Fast ripsiliima \u2013 ammattimainen liima eritt\u00e4in nopeaan ty\u00f6skentelyyn.<\/p>\n<p>Ultra Fast ripsiliima kuivuu 0,1 sekunnissa, joten se sopii parhaiten jo kokeneille ammattilaisille ripsienpidennysten asentamiseen. Liima toimii hyvin l\u00e4mp\u00f6tila alueella 18\u201328\u202f\u00b0C ja kosteustasoilla 20\u201365 %, mik\u00e4 tekee siit\u00e4 luotettavan valinnan erilaisissa ty\u00f6olosuhteissa. Sen juokseva koostumus mahdollistaa helpon ja tasaisen levityksen ja matalat liimah\u00f6yryt tekev\u00e4t k\u00e4yt\u00f6st\u00e4 turvallista ja mukavaa. Ultra Fast liima sopii sek\u00e4 klassisten, valmisviuhkojen, volyymi- ett\u00e4 megavolyymin ripsienpidennysten asentamiseen. T\u00e4m\u00e4 ammattimainen musta ripsiliima on t\u00e4ydellinen ratkaisu eritt\u00e4in nopeaan, tarkkaan ja luotettavaan ripsien kiinnitykseen.<\/p>\n<h6><strong>K\u00e4ytt\u00f6<\/strong><\/h6>\n<p>Ravista liimaa ennen k\u00e4ytt\u00f6\u00e4 noin minuutin ajan, jotta kaikki ainesosat sekoittuvat. K\u00e4yt\u00f6n aikana tarkkaile huoneen l\u00e4mp\u00f6tilaa. Paras l\u00e4mp\u00f6tila liimalle on 18-28 \u00b0C ja kosteus 20-65 %. Jos l\u00e4mp\u00f6tila ja kosteus ovat alle 18 \u00b0C ja 20 %, liima voi kuivua hitaammin. Jos l\u00e4mp\u00f6tila on yli 28 \u00b0C ja kosteus yli 65 %, liima voi kuivua nopeammin. Korkeammissa l\u00e4mp\u00f6tiloissa liimassa voi tuntua mietoa hajua. Huoneen kosteuden ja l\u00e4mp\u00f6tilan mittaamiseen k\u00e4yt\u00e4 <a href=\"https:\/\/lasher.ee\/fi\/tuote\/digitaalinen-kosteusmittari-ja-lampomittari\/\"><em>hygrometri\u00e4 ja l\u00e4mp\u00f6mittaria.<\/em><\/a><\/p>\n<h6><strong>S\u00e4ilytys<\/strong><\/h6>\n<p>Suojaa suoralta auringonvalolta kuivassa, viile\u00e4ss\u00e4 ja hyvin ilmastoidussa sis\u00e4tilassa. Pid\u00e4 kaukana l\u00e4mm\u00f6nl\u00e4hteist\u00e4. Avaamaton liima s\u00e4ilyy oikeissa olosuhteissa jopa 6 kuukautta, avattuna 4 viikkoa.<\/p>\n<p>Jotta liima pysyisi pidemp\u00e4\u00e4n tuoreena, suosittelemme sek\u00e4 avatun ett\u00e4 avaamattoman liiman s\u00e4ilytt\u00e4mist\u00e4 <em>v<a href=\"https:\/\/lasher.ee\/fi\/tuote\/tyhjiosailio-liiman-varastointia-varten\/\">akuumiastiassa.<\/a><\/em><\/p>\n<h6><strong>Koostumus<\/strong><\/h6>\n<p>Ethyl cyanoacrylate, PMMA, Carbon black<\/p>\n<p>&nbsp;<\/p>\n","protected":false},"featured_media":17242,"comment_status":"open","ping_status":"closed","template":"","meta":{"site-sidebar-layout":"default","site-content-layout":"","ast-site-content-layout":"default","site-content-style":"default","site-sidebar-style":"default","ast-global-header-display":"","ast-banner-title-visibility":"","ast-main-header-display":"","ast-hfb-above-header-display":"","ast-hfb-below-header-display":"","ast-hfb-mobile-header-display":"","site-post-title":"","ast-breadcrumbs-content":"","ast-featured-img":"","footer-sml-layout":"","ast-disable-related-posts":"","theme-transparent-header-meta":"default","adv-header-id-meta":"","stick-header-meta":"","header-above-stick-meta":"","header-main-stick-meta":"","header-below-stick-meta":"","astra-migrate-meta-layouts":"set","ast-page-background-enabled":"default","ast-page-background-meta":{"desktop":{"background-color":"var(--ast-global-color-4)","background-image":"","background-repeat":"repeat","background-position":"center center","background-size":"auto","background-attachment":"scroll","background-type":"","background-media":"","overlay-type":"","overlay-color":"","overlay-opacity":"","overlay-gradient":""},"tablet":{"background-color":"","background-image":"","background-repeat":"repeat","background-position":"center center","background-size":"auto","background-attachment":"scroll","background-type":"","background-media":"","overlay-type":"","overlay-color":"","overlay-opacity":"","overlay-gradient":""},"mobile":{"background-color":"","background-image":"","background-repeat":"repeat","background-position":"center center","background-size":"auto","background-attachment":"scroll","background-type":"","background-media":"","overlay-type":"","overlay-color":"","overlay-opacity":"","overlay-gradient":""}},"ast-content-background-meta":{"desktop":{"background-color":"var(--ast-global-color-5)","background-image":"","background-repeat":"repeat","background-position":"center center","background-size":"auto","background-attachment":"scroll","background-type":"","background-media":"","overlay-type":"","overlay-color":"","overlay-opacity":"","overlay-gradient":""},"tablet":{"background-color":"var(--ast-global-color-5)","background-image":"","background-repeat":"repeat","background-position":"center center","background-size":"auto","background-attachment":"scroll","background-type":"","background-media":"","overlay-type":"","overlay-color":"","overlay-opacity":"","overlay-gradient":""},"mobile":{"background-color":"var(--ast-global-color-5)","background-image":"","background-repeat":"repeat","background-position":"center center","background-size":"auto","background-attachment":"scroll","background-type":"","background-media":"","overlay-type":"","overlay-color":"","overlay-opacity":"","overlay-gradient":""}}},"product_brand":[],"product_cat":[82,96],"product_tag":[],"class_list":{"0":"post-11445","1":"product","2":"type-product","3":"status-publish","4":"has-post-thumbnail","6":"product_cat-ripsienliima","7":"product_cat-ripsiliima","8":"desktop-align-left","9":"tablet-align-left","10":"mobile-align-left","12":"first","13":"instock","14":"shipping-taxable","15":"purchasable","16":"product-type-simple"},"yoast_head":"<!-- This site is optimized with the Yoast SEO plugin v27.5 - https:\/\/yoast.com\/product\/yoast-seo-wordpress\/ -->\n<title>Ultra Fast ripsiliima 5 ml \u2013 eritt\u00e4in nopea ja tarkka. - Lasher<\/title>\n<meta name=\"description\" content=\"Ultra Fast ripsiliima 5 ml kuivuu 0,1 sekunnissa. Sopii ammattilaisille, erinomainen pysyvyys, matalat h\u00f6yryt ja helppo levitt\u00e4\u00e4.\" \/>\n<meta name=\"robots\" content=\"index, follow, max-snippet:-1, max-image-preview:large, max-video-preview:-1\" \/>\n<link rel=\"canonical\" href=\"https:\/\/lasher.ee\/fi\/tuote\/ultra-fast-liima-5ml\/\" \/>\n<meta property=\"og:locale\" content=\"fi_FI\" \/>\n<meta property=\"og:type\" content=\"article\" \/>\n<meta property=\"og:title\" content=\"Ultra Fast ripsiliima 5 ml \u2013 eritt\u00e4in nopea ja tarkka. - Lasher\" \/>\n<meta property=\"og:description\" content=\"Ultra Fast ripsiliima 5 ml kuivuu 0,1 sekunnissa. Sopii ammattilaisille, erinomainen pysyvyys, matalat h\u00f6yryt ja helppo levitt\u00e4\u00e4.\" \/>\n<meta property=\"og:url\" content=\"https:\/\/lasher.ee\/fi\/tuote\/ultra-fast-liima-5ml\/\" \/>\n<meta property=\"og:site_name\" content=\"Lasher\" \/>\n<meta property=\"article:publisher\" content=\"https:\/\/www.facebook.com\/profile.php?id=61564523265885\" \/>\n<meta property=\"article:modified_time\" content=\"2026-04-28T16:09:48+00:00\" \/>\n<meta property=\"og:image\" content=\"https:\/\/lasher.ee\/wp-content\/uploads\/2026\/04\/IMG_4545-5-1.jpg\" \/>\n\t<meta property=\"og:image:width\" content=\"1024\" \/>\n\t<meta property=\"og:image:height\" content=\"1024\" \/>\n\t<meta property=\"og:image:type\" content=\"image\/jpeg\" \/>\n<meta name=\"twitter:card\" content=\"summary_large_image\" \/>\n<meta name=\"twitter:label1\" content=\"Arvioitu lukuaika\" \/>\n\t<meta name=\"twitter:data1\" content=\"1 minuutti\" \/>\n<script type=\"application\/ld+json\" class=\"yoast-schema-graph\">{\"@context\":\"https:\\\/\\\/schema.org\",\"@graph\":[{\"@type\":\"WebPage\",\"@id\":\"https:\\\/\\\/lasher.ee\\\/fi\\\/tuote\\\/ultra-fast-liima-5ml\\\/\",\"url\":\"https:\\\/\\\/lasher.ee\\\/fi\\\/tuote\\\/ultra-fast-liima-5ml\\\/\",\"name\":\"Ultra Fast ripsiliima 5 ml \u2013 eritt\u00e4in nopea ja tarkka. - Lasher\",\"isPartOf\":{\"@id\":\"https:\\\/\\\/lasher.ee\\\/fi\\\/#website\"},\"primaryImageOfPage\":{\"@id\":\"https:\\\/\\\/lasher.ee\\\/fi\\\/tuote\\\/ultra-fast-liima-5ml\\\/#primaryimage\"},\"image\":{\"@id\":\"https:\\\/\\\/lasher.ee\\\/fi\\\/tuote\\\/ultra-fast-liima-5ml\\\/#primaryimage\"},\"thumbnailUrl\":\"https:\\\/\\\/lasher.ee\\\/wp-content\\\/uploads\\\/2026\\\/04\\\/IMG_4545-5-1.jpg\",\"datePublished\":\"2025-12-11T17:57:28+00:00\",\"dateModified\":\"2026-04-28T16:09:48+00:00\",\"description\":\"Ultra Fast ripsiliima 5 ml kuivuu 0,1 sekunnissa. Sopii ammattilaisille, erinomainen pysyvyys, matalat h\u00f6yryt ja helppo levitt\u00e4\u00e4.\",\"breadcrumb\":{\"@id\":\"https:\\\/\\\/lasher.ee\\\/fi\\\/tuote\\\/ultra-fast-liima-5ml\\\/#breadcrumb\"},\"inLanguage\":\"fi\",\"potentialAction\":[{\"@type\":\"ReadAction\",\"target\":[\"https:\\\/\\\/lasher.ee\\\/fi\\\/tuote\\\/ultra-fast-liima-5ml\\\/\"]}]},{\"@type\":\"ImageObject\",\"inLanguage\":\"fi\",\"@id\":\"https:\\\/\\\/lasher.ee\\\/fi\\\/tuote\\\/ultra-fast-liima-5ml\\\/#primaryimage\",\"url\":\"https:\\\/\\\/lasher.ee\\\/wp-content\\\/uploads\\\/2026\\\/04\\\/IMG_4545-5-1.jpg\",\"contentUrl\":\"https:\\\/\\\/lasher.ee\\\/wp-content\\\/uploads\\\/2026\\\/04\\\/IMG_4545-5-1.jpg\",\"width\":1024,\"height\":1024,\"caption\":\"Ripsiliima Ultra Fast 0,1 sek\"},{\"@type\":\"BreadcrumbList\",\"@id\":\"https:\\\/\\\/lasher.ee\\\/fi\\\/tuote\\\/ultra-fast-liima-5ml\\\/#breadcrumb\",\"itemListElement\":[{\"@type\":\"ListItem\",\"position\":1,\"name\":\"Home\",\"item\":\"https:\\\/\\\/lasher.ee\\\/fi\\\/\"},{\"@type\":\"ListItem\",\"position\":2,\"name\":\"Kaikki tuotteet\",\"item\":\"https:\\\/\\\/lasher.ee\\\/fi\\\/kaikki-tuotteet\\\/\"},{\"@type\":\"ListItem\",\"position\":3,\"name\":\"Ultra Fast ripsiliima 0,1 sek\"}]},{\"@type\":\"WebSite\",\"@id\":\"https:\\\/\\\/lasher.ee\\\/fi\\\/#website\",\"url\":\"https:\\\/\\\/lasher.ee\\\/fi\\\/\",\"name\":\"Lasher\",\"description\":\"K\u00f5ik vajalikud ripsmetarvikud ripsmetehnikule \u00fchest kohast.\",\"publisher\":{\"@id\":\"https:\\\/\\\/lasher.ee\\\/fi\\\/#organization\"},\"potentialAction\":[{\"@type\":\"SearchAction\",\"target\":{\"@type\":\"EntryPoint\",\"urlTemplate\":\"https:\\\/\\\/lasher.ee\\\/fi\\\/?s={search_term_string}\"},\"query-input\":{\"@type\":\"PropertyValueSpecification\",\"valueRequired\":true,\"valueName\":\"search_term_string\"}}],\"inLanguage\":\"fi\"},{\"@type\":\"Organization\",\"@id\":\"https:\\\/\\\/lasher.ee\\\/fi\\\/#organization\",\"name\":\"Lasher\",\"url\":\"https:\\\/\\\/lasher.ee\\\/fi\\\/\",\"logo\":{\"@type\":\"ImageObject\",\"inLanguage\":\"fi\",\"@id\":\"https:\\\/\\\/lasher.ee\\\/fi\\\/#\\\/schema\\\/logo\\\/image\\\/\",\"url\":\"https:\\\/\\\/lasher.ee\\\/wp-content\\\/uploads\\\/2024\\\/09\\\/Screenshot-2024-09-03-at-11.58.17.png\",\"contentUrl\":\"https:\\\/\\\/lasher.ee\\\/wp-content\\\/uploads\\\/2024\\\/09\\\/Screenshot-2024-09-03-at-11.58.17.png\",\"width\":1678,\"height\":1670,\"caption\":\"Lasher\"},\"image\":{\"@id\":\"https:\\\/\\\/lasher.ee\\\/fi\\\/#\\\/schema\\\/logo\\\/image\\\/\"},\"sameAs\":[\"https:\\\/\\\/www.facebook.com\\\/profile.php?id=61564523265885\",\"https:\\\/\\\/www.instagram.com\\\/lasher_official\\\/\"]}]}<\/script>\n<!-- \/ Yoast SEO plugin. -->","yoast_head_json":{"title":"Ultra Fast ripsiliima 5 ml \u2013 eritt\u00e4in nopea ja tarkka. - Lasher","description":"Ultra Fast ripsiliima 5 ml kuivuu 0,1 sekunnissa. Sopii ammattilaisille, erinomainen pysyvyys, matalat h\u00f6yryt ja helppo levitt\u00e4\u00e4.","robots":{"index":"index","follow":"follow","max-snippet":"max-snippet:-1","max-image-preview":"max-image-preview:large","max-video-preview":"max-video-preview:-1"},"canonical":"https:\/\/lasher.ee\/fi\/tuote\/ultra-fast-liima-5ml\/","og_locale":"fi_FI","og_type":"article","og_title":"Ultra Fast ripsiliima 5 ml \u2013 eritt\u00e4in nopea ja tarkka. - Lasher","og_description":"Ultra Fast ripsiliima 5 ml kuivuu 0,1 sekunnissa. Sopii ammattilaisille, erinomainen pysyvyys, matalat h\u00f6yryt ja helppo levitt\u00e4\u00e4.","og_url":"https:\/\/lasher.ee\/fi\/tuote\/ultra-fast-liima-5ml\/","og_site_name":"Lasher","article_publisher":"https:\/\/www.facebook.com\/profile.php?id=61564523265885","article_modified_time":"2026-04-28T16:09:48+00:00","og_image":[{"width":1024,"height":1024,"url":"https:\/\/lasher.ee\/wp-content\/uploads\/2026\/04\/IMG_4545-5-1.jpg","type":"image\/jpeg"}],"twitter_card":"summary_large_image","twitter_misc":{"Arvioitu lukuaika":"1 minuutti"},"schema":{"@context":"https:\/\/schema.org","@graph":[{"@type":"WebPage","@id":"https:\/\/lasher.ee\/fi\/tuote\/ultra-fast-liima-5ml\/","url":"https:\/\/lasher.ee\/fi\/tuote\/ultra-fast-liima-5ml\/","name":"Ultra Fast ripsiliima 5 ml \u2013 eritt\u00e4in nopea ja tarkka. - Lasher","isPartOf":{"@id":"https:\/\/lasher.ee\/fi\/#website"},"primaryImageOfPage":{"@id":"https:\/\/lasher.ee\/fi\/tuote\/ultra-fast-liima-5ml\/#primaryimage"},"image":{"@id":"https:\/\/lasher.ee\/fi\/tuote\/ultra-fast-liima-5ml\/#primaryimage"},"thumbnailUrl":"https:\/\/lasher.ee\/wp-content\/uploads\/2026\/04\/IMG_4545-5-1.jpg","datePublished":"2025-12-11T17:57:28+00:00","dateModified":"2026-04-28T16:09:48+00:00","description":"Ultra Fast ripsiliima 5 ml kuivuu 0,1 sekunnissa. Sopii ammattilaisille, erinomainen pysyvyys, matalat h\u00f6yryt ja helppo levitt\u00e4\u00e4.","breadcrumb":{"@id":"https:\/\/lasher.ee\/fi\/tuote\/ultra-fast-liima-5ml\/#breadcrumb"},"inLanguage":"fi","potentialAction":[{"@type":"ReadAction","target":["https:\/\/lasher.ee\/fi\/tuote\/ultra-fast-liima-5ml\/"]}]},{"@type":"ImageObject","inLanguage":"fi","@id":"https:\/\/lasher.ee\/fi\/tuote\/ultra-fast-liima-5ml\/#primaryimage","url":"https:\/\/lasher.ee\/wp-content\/uploads\/2026\/04\/IMG_4545-5-1.jpg","contentUrl":"https:\/\/lasher.ee\/wp-content\/uploads\/2026\/04\/IMG_4545-5-1.jpg","width":1024,"height":1024,"caption":"Ripsiliima Ultra Fast 0,1 sek"},{"@type":"BreadcrumbList","@id":"https:\/\/lasher.ee\/fi\/tuote\/ultra-fast-liima-5ml\/#breadcrumb","itemListElement":[{"@type":"ListItem","position":1,"name":"Home","item":"https:\/\/lasher.ee\/fi\/"},{"@type":"ListItem","position":2,"name":"Kaikki tuotteet","item":"https:\/\/lasher.ee\/fi\/kaikki-tuotteet\/"},{"@type":"ListItem","position":3,"name":"Ultra Fast ripsiliima 0,1 sek"}]},{"@type":"WebSite","@id":"https:\/\/lasher.ee\/fi\/#website","url":"https:\/\/lasher.ee\/fi\/","name":"Lasher","description":"K\u00f5ik vajalikud ripsmetarvikud ripsmetehnikule \u00fchest kohast.","publisher":{"@id":"https:\/\/lasher.ee\/fi\/#organization"},"potentialAction":[{"@type":"SearchAction","target":{"@type":"EntryPoint","urlTemplate":"https:\/\/lasher.ee\/fi\/?s={search_term_string}"},"query-input":{"@type":"PropertyValueSpecification","valueRequired":true,"valueName":"search_term_string"}}],"inLanguage":"fi"},{"@type":"Organization","@id":"https:\/\/lasher.ee\/fi\/#organization","name":"Lasher","url":"https:\/\/lasher.ee\/fi\/","logo":{"@type":"ImageObject","inLanguage":"fi","@id":"https:\/\/lasher.ee\/fi\/#\/schema\/logo\/image\/","url":"https:\/\/lasher.ee\/wp-content\/uploads\/2024\/09\/Screenshot-2024-09-03-at-11.58.17.png","contentUrl":"https:\/\/lasher.ee\/wp-content\/uploads\/2024\/09\/Screenshot-2024-09-03-at-11.58.17.png","width":1678,"height":1670,"caption":"Lasher"},"image":{"@id":"https:\/\/lasher.ee\/fi\/#\/schema\/logo\/image\/"},"sameAs":["https:\/\/www.facebook.com\/profile.php?id=61564523265885","https:\/\/www.instagram.com\/lasher_official\/"]}]}},"_links":{"self":[{"href":"https:\/\/lasher.ee\/fi\/wp-json\/wp\/v2\/product\/11445","targetHints":{"allow":["GET"]}}],"collection":[{"href":"https:\/\/lasher.ee\/fi\/wp-json\/wp\/v2\/product"}],"about":[{"href":"https:\/\/lasher.ee\/fi\/wp-json\/wp\/v2\/types\/product"}],"replies":[{"embeddable":true,"href":"https:\/\/lasher.ee\/fi\/wp-json\/wp\/v2\/comments?post=11445"}],"wp:featuredmedia":[{"embeddable":true,"href":"https:\/\/lasher.ee\/fi\/wp-json\/wp\/v2\/media\/17242"}],"wp:attachment":[{"href":"https:\/\/lasher.ee\/fi\/wp-json\/wp\/v2\/media?parent=11445"}],"wp:term":[{"taxonomy":"product_brand","embeddable":true,"href":"https:\/\/lasher.ee\/fi\/wp-json\/wp\/v2\/product_brand?post=11445"},{"taxonomy":"product_cat","embeddable":true,"href":"https:\/\/lasher.ee\/fi\/wp-json\/wp\/v2\/product_cat?post=11445"},{"taxonomy":"product_tag","embeddable":true,"href":"https:\/\/lasher.ee\/fi\/wp-json\/wp\/v2\/product_tag?post=11445"}],"curies":[{"name":"wp","href":"https:\/\/api.w.org\/{rel}","templated":true}]}}