{"id":11478,"date":"2025-12-13T08:46:03","date_gmt":"2025-12-13T06:46:03","guid":{"rendered":"https:\/\/lasher.ee\/?post_type=product&#038;p=11478"},"modified":"2026-03-12T19:34:20","modified_gmt":"2026-03-12T17:34:20","slug":"kulmageeli","status":"publish","type":"product","link":"https:\/\/lasher.ee\/fi\/tuote\/kulmageeli\/","title":{"rendered":"Kulmageeli 20g"},"content":{"rendered":"<p>Kulmageeli kiinnitt\u00e4\u00e4 kulmakarvat v\u00e4litt\u00f6m\u00e4sti ja auttaa saavuttamaan laminoitujen kulmien efektin.<\/p>\n","protected":false},"excerpt":{"rendered":"<p>Kulmageeli on eritt\u00e4in pehme\u00e4, joka ei vaadi veden k\u00e4ytt\u00f6\u00e4. Se kiinnitt\u00e4\u00e4 kulmakarvat v\u00e4litt\u00f6m\u00e4sti ja auttaa saavuttamaan laminoitujen kulmien efektin. Kulmageeli sopii sek\u00e4 ammattik\u00e4ytt\u00f6\u00f6n ett\u00e4 p\u00e4ivitt\u00e4iseen kotik\u00e4ytt\u00f6\u00f6n.<\/p>\n<h6><strong>T\u00e4rkeimm\u00e4t ominaisuudet<\/strong><\/h6>\n<p>V\u00e4lit\u00f6n ja pitk\u00e4kestoinen kiinnitys.<br \/>\nEi vaadi vett\u00e4.<br \/>\nAntaa luonnollisen, huolitellun ja siistin lopputuloksen koko p\u00e4iv\u00e4ksi.<br \/>\nEritt\u00e4in riittoisa \u2013 pieni m\u00e4\u00e4r\u00e4 tuotetta takaa erinomaisen tuloksen.<br \/>\nSopii kaikille kulmatyypeille.<\/p>\n<h6><strong>K\u00e4ytt\u00f6<\/strong><\/h6>\n<p>Ota puhtaalla kulmaharjalla pieni m\u00e4\u00e4r\u00e4 geeli\u00e4. Harjaa kulmat haluttuun suuntaan ja anna tuotteen vaikuttaa noin 1 minuutin ajan.\u2028Sulje kansi huolellisesti jokaisen k\u00e4ytt\u00f6kerran j\u00e4lkeen, yht\u00e4 tiiviisti kuin ensimm\u00e4isell\u00e4 avauskerralla. Muuten geeli voi hapettua, eik\u00e4 tuote s\u00e4ily raikkaana niin pitk\u00e4\u00e4n kuin on tarkoitettu.<\/p>\n<h6><strong>Koostumus<\/strong><\/h6>\n<p>Aqua, Ceteareth-30, D- Sorbitol, Propanediol. Glycerin, Phenoxyethanol, Propylene Glycol, Ethylhexylglycerin, Citric Acid, Vitamin B5, Potassium Sorbate<\/p>\n","protected":false},"featured_media":16702,"comment_status":"open","ping_status":"closed","template":"","meta":{"site-sidebar-layout":"default","site-content-layout":"","ast-site-content-layout":"default","site-content-style":"default","site-sidebar-style":"default","ast-global-header-display":"","ast-banner-title-visibility":"","ast-main-header-display":"","ast-hfb-above-header-display":"","ast-hfb-below-header-display":"","ast-hfb-mobile-header-display":"","site-post-title":"","ast-breadcrumbs-content":"","ast-featured-img":"","footer-sml-layout":"","ast-disable-related-posts":"","theme-transparent-header-meta":"default","adv-header-id-meta":"","stick-header-meta":"","header-above-stick-meta":"","header-main-stick-meta":"","header-below-stick-meta":"","astra-migrate-meta-layouts":"set","ast-page-background-enabled":"default","ast-page-background-meta":{"desktop":{"background-color":"var(--ast-global-color-4)","background-image":"","background-repeat":"repeat","background-position":"center center","background-size":"auto","background-attachment":"scroll","background-type":"","background-media":"","overlay-type":"","overlay-color":"","overlay-opacity":"","overlay-gradient":""},"tablet":{"background-color":"","background-image":"","background-repeat":"repeat","background-position":"center center","background-size":"auto","background-attachment":"scroll","background-type":"","background-media":"","overlay-type":"","overlay-color":"","overlay-opacity":"","overlay-gradient":""},"mobile":{"background-color":"","background-image":"","background-repeat":"repeat","background-position":"center center","background-size":"auto","background-attachment":"scroll","background-type":"","background-media":"","overlay-type":"","overlay-color":"","overlay-opacity":"","overlay-gradient":""}},"ast-content-background-meta":{"desktop":{"background-color":"var(--ast-global-color-5)","background-image":"","background-repeat":"repeat","background-position":"center center","background-size":"auto","background-attachment":"scroll","background-type":"","background-media":"","overlay-type":"","overlay-color":"","overlay-opacity":"","overlay-gradient":""},"tablet":{"background-color":"var(--ast-global-color-5)","background-image":"","background-repeat":"repeat","background-position":"center center","background-size":"auto","background-attachment":"scroll","background-type":"","background-media":"","overlay-type":"","overlay-color":"","overlay-opacity":"","overlay-gradient":""},"mobile":{"background-color":"var(--ast-global-color-5)","background-image":"","background-repeat":"repeat","background-position":"center center","background-size":"auto","background-attachment":"scroll","background-type":"","background-media":"","overlay-type":"","overlay-color":"","overlay-opacity":"","overlay-gradient":""}}},"product_brand":[],"product_cat":[95,147],"product_tag":[],"class_list":{"0":"post-11478","1":"product","2":"type-product","3":"status-publish","4":"has-post-thumbnail","6":"product_cat-huolto","7":"product_cat-kulmat","8":"desktop-align-left","9":"tablet-align-left","10":"mobile-align-left","12":"first","13":"instock","14":"shipping-taxable","15":"purchasable","16":"product-type-simple"},"yoast_head":"<!-- This site is optimized with the Yoast SEO plugin v27.3 - https:\/\/yoast.com\/product\/yoast-seo-wordpress\/ -->\n<title>Kulmageeli 20g - Lasher<\/title>\n<meta name=\"description\" content=\"Kulmageeli kiinnitt\u00e4\u00e4 kulmakarvat v\u00e4litt\u00f6m\u00e4sti ilman vett\u00e4, antaa laminoidun lopputuloksen ja sopii kaikille kulmatyypeille. Pitk\u00e4kestoinen ja luonnollinen.\" \/>\n<meta name=\"robots\" content=\"index, follow, max-snippet:-1, max-image-preview:large, max-video-preview:-1\" \/>\n<link rel=\"canonical\" href=\"https:\/\/lasher.ee\/fi\/tuote\/kulmageeli\/\" \/>\n<meta property=\"og:locale\" content=\"fi_FI\" \/>\n<meta property=\"og:type\" content=\"article\" \/>\n<meta property=\"og:title\" content=\"Kulmageeli 20g - Lasher\" \/>\n<meta property=\"og:description\" content=\"Kulmageeli kiinnitt\u00e4\u00e4 kulmakarvat v\u00e4litt\u00f6m\u00e4sti ilman vett\u00e4, antaa laminoidun lopputuloksen ja sopii kaikille kulmatyypeille. Pitk\u00e4kestoinen ja luonnollinen.\" \/>\n<meta property=\"og:url\" content=\"https:\/\/lasher.ee\/fi\/tuote\/kulmageeli\/\" \/>\n<meta property=\"og:site_name\" content=\"Lasher\" \/>\n<meta property=\"article:publisher\" content=\"https:\/\/www.facebook.com\/profile.php?id=61564523265885\" \/>\n<meta property=\"article:modified_time\" content=\"2026-03-12T17:34:20+00:00\" \/>\n<meta property=\"og:image\" content=\"https:\/\/lasher.ee\/wp-content\/uploads\/2025\/12\/IMG_9875-2.jpg\" \/>\n\t<meta property=\"og:image:width\" content=\"1025\" \/>\n\t<meta property=\"og:image:height\" content=\"1025\" \/>\n\t<meta property=\"og:image:type\" content=\"image\/jpeg\" \/>\n<meta name=\"twitter:card\" content=\"summary_large_image\" \/>\n<meta name=\"twitter:label1\" content=\"Arvioitu lukuaika\" \/>\n\t<meta name=\"twitter:data1\" content=\"1 minuutti\" \/>\n<script type=\"application\/ld+json\" class=\"yoast-schema-graph\">{\"@context\":\"https:\\\/\\\/schema.org\",\"@graph\":[{\"@type\":\"WebPage\",\"@id\":\"https:\\\/\\\/lasher.ee\\\/fi\\\/tuote\\\/kulmageeli\\\/\",\"url\":\"https:\\\/\\\/lasher.ee\\\/fi\\\/tuote\\\/kulmageeli\\\/\",\"name\":\"Kulmageeli 20g - Lasher\",\"isPartOf\":{\"@id\":\"https:\\\/\\\/lasher.ee\\\/fi\\\/#website\"},\"primaryImageOfPage\":{\"@id\":\"https:\\\/\\\/lasher.ee\\\/fi\\\/tuote\\\/kulmageeli\\\/#primaryimage\"},\"image\":{\"@id\":\"https:\\\/\\\/lasher.ee\\\/fi\\\/tuote\\\/kulmageeli\\\/#primaryimage\"},\"thumbnailUrl\":\"https:\\\/\\\/lasher.ee\\\/wp-content\\\/uploads\\\/2025\\\/12\\\/IMG_9875-2.jpg\",\"datePublished\":\"2025-12-13T06:46:03+00:00\",\"dateModified\":\"2026-03-12T17:34:20+00:00\",\"description\":\"Kulmageeli kiinnitt\u00e4\u00e4 kulmakarvat v\u00e4litt\u00f6m\u00e4sti ilman vett\u00e4, antaa laminoidun lopputuloksen ja sopii kaikille kulmatyypeille. Pitk\u00e4kestoinen ja luonnollinen.\",\"breadcrumb\":{\"@id\":\"https:\\\/\\\/lasher.ee\\\/fi\\\/tuote\\\/kulmageeli\\\/#breadcrumb\"},\"inLanguage\":\"fi\",\"potentialAction\":[{\"@type\":\"ReadAction\",\"target\":[\"https:\\\/\\\/lasher.ee\\\/fi\\\/tuote\\\/kulmageeli\\\/\"]}]},{\"@type\":\"ImageObject\",\"inLanguage\":\"fi\",\"@id\":\"https:\\\/\\\/lasher.ee\\\/fi\\\/tuote\\\/kulmageeli\\\/#primaryimage\",\"url\":\"https:\\\/\\\/lasher.ee\\\/wp-content\\\/uploads\\\/2025\\\/12\\\/IMG_9875-2.jpg\",\"contentUrl\":\"https:\\\/\\\/lasher.ee\\\/wp-content\\\/uploads\\\/2025\\\/12\\\/IMG_9875-2.jpg\",\"width\":1025,\"height\":1025,\"caption\":\"Kulmageeli 20g\"},{\"@type\":\"BreadcrumbList\",\"@id\":\"https:\\\/\\\/lasher.ee\\\/fi\\\/tuote\\\/kulmageeli\\\/#breadcrumb\",\"itemListElement\":[{\"@type\":\"ListItem\",\"position\":1,\"name\":\"Home\",\"item\":\"https:\\\/\\\/lasher.ee\\\/fi\\\/\"},{\"@type\":\"ListItem\",\"position\":2,\"name\":\"Kaikki tuotteet\",\"item\":\"https:\\\/\\\/lasher.ee\\\/fi\\\/kaikki-tuotteet\\\/\"},{\"@type\":\"ListItem\",\"position\":3,\"name\":\"Kulmageeli 20g\"}]},{\"@type\":\"WebSite\",\"@id\":\"https:\\\/\\\/lasher.ee\\\/fi\\\/#website\",\"url\":\"https:\\\/\\\/lasher.ee\\\/fi\\\/\",\"name\":\"Lasher\",\"description\":\"K\u00f5ik vajalikud ripsmetarvikud ripsmetehnikule \u00fchest kohast.\",\"publisher\":{\"@id\":\"https:\\\/\\\/lasher.ee\\\/fi\\\/#organization\"},\"potentialAction\":[{\"@type\":\"SearchAction\",\"target\":{\"@type\":\"EntryPoint\",\"urlTemplate\":\"https:\\\/\\\/lasher.ee\\\/fi\\\/?s={search_term_string}\"},\"query-input\":{\"@type\":\"PropertyValueSpecification\",\"valueRequired\":true,\"valueName\":\"search_term_string\"}}],\"inLanguage\":\"fi\"},{\"@type\":\"Organization\",\"@id\":\"https:\\\/\\\/lasher.ee\\\/fi\\\/#organization\",\"name\":\"Lasher\",\"url\":\"https:\\\/\\\/lasher.ee\\\/fi\\\/\",\"logo\":{\"@type\":\"ImageObject\",\"inLanguage\":\"fi\",\"@id\":\"https:\\\/\\\/lasher.ee\\\/fi\\\/#\\\/schema\\\/logo\\\/image\\\/\",\"url\":\"https:\\\/\\\/lasher.ee\\\/wp-content\\\/uploads\\\/2024\\\/09\\\/Screenshot-2024-09-03-at-11.58.17.png\",\"contentUrl\":\"https:\\\/\\\/lasher.ee\\\/wp-content\\\/uploads\\\/2024\\\/09\\\/Screenshot-2024-09-03-at-11.58.17.png\",\"width\":1678,\"height\":1670,\"caption\":\"Lasher\"},\"image\":{\"@id\":\"https:\\\/\\\/lasher.ee\\\/fi\\\/#\\\/schema\\\/logo\\\/image\\\/\"},\"sameAs\":[\"https:\\\/\\\/www.facebook.com\\\/profile.php?id=61564523265885\",\"https:\\\/\\\/www.instagram.com\\\/lasher_official\\\/\"]}]}<\/script>\n<!-- \/ Yoast SEO plugin. -->","yoast_head_json":{"title":"Kulmageeli 20g - Lasher","description":"Kulmageeli kiinnitt\u00e4\u00e4 kulmakarvat v\u00e4litt\u00f6m\u00e4sti ilman vett\u00e4, antaa laminoidun lopputuloksen ja sopii kaikille kulmatyypeille. Pitk\u00e4kestoinen ja luonnollinen.","robots":{"index":"index","follow":"follow","max-snippet":"max-snippet:-1","max-image-preview":"max-image-preview:large","max-video-preview":"max-video-preview:-1"},"canonical":"https:\/\/lasher.ee\/fi\/tuote\/kulmageeli\/","og_locale":"fi_FI","og_type":"article","og_title":"Kulmageeli 20g - Lasher","og_description":"Kulmageeli kiinnitt\u00e4\u00e4 kulmakarvat v\u00e4litt\u00f6m\u00e4sti ilman vett\u00e4, antaa laminoidun lopputuloksen ja sopii kaikille kulmatyypeille. Pitk\u00e4kestoinen ja luonnollinen.","og_url":"https:\/\/lasher.ee\/fi\/tuote\/kulmageeli\/","og_site_name":"Lasher","article_publisher":"https:\/\/www.facebook.com\/profile.php?id=61564523265885","article_modified_time":"2026-03-12T17:34:20+00:00","og_image":[{"width":1025,"height":1025,"url":"https:\/\/lasher.ee\/wp-content\/uploads\/2025\/12\/IMG_9875-2.jpg","type":"image\/jpeg"}],"twitter_card":"summary_large_image","twitter_misc":{"Arvioitu lukuaika":"1 minuutti"},"schema":{"@context":"https:\/\/schema.org","@graph":[{"@type":"WebPage","@id":"https:\/\/lasher.ee\/fi\/tuote\/kulmageeli\/","url":"https:\/\/lasher.ee\/fi\/tuote\/kulmageeli\/","name":"Kulmageeli 20g - Lasher","isPartOf":{"@id":"https:\/\/lasher.ee\/fi\/#website"},"primaryImageOfPage":{"@id":"https:\/\/lasher.ee\/fi\/tuote\/kulmageeli\/#primaryimage"},"image":{"@id":"https:\/\/lasher.ee\/fi\/tuote\/kulmageeli\/#primaryimage"},"thumbnailUrl":"https:\/\/lasher.ee\/wp-content\/uploads\/2025\/12\/IMG_9875-2.jpg","datePublished":"2025-12-13T06:46:03+00:00","dateModified":"2026-03-12T17:34:20+00:00","description":"Kulmageeli kiinnitt\u00e4\u00e4 kulmakarvat v\u00e4litt\u00f6m\u00e4sti ilman vett\u00e4, antaa laminoidun lopputuloksen ja sopii kaikille kulmatyypeille. Pitk\u00e4kestoinen ja luonnollinen.","breadcrumb":{"@id":"https:\/\/lasher.ee\/fi\/tuote\/kulmageeli\/#breadcrumb"},"inLanguage":"fi","potentialAction":[{"@type":"ReadAction","target":["https:\/\/lasher.ee\/fi\/tuote\/kulmageeli\/"]}]},{"@type":"ImageObject","inLanguage":"fi","@id":"https:\/\/lasher.ee\/fi\/tuote\/kulmageeli\/#primaryimage","url":"https:\/\/lasher.ee\/wp-content\/uploads\/2025\/12\/IMG_9875-2.jpg","contentUrl":"https:\/\/lasher.ee\/wp-content\/uploads\/2025\/12\/IMG_9875-2.jpg","width":1025,"height":1025,"caption":"Kulmageeli 20g"},{"@type":"BreadcrumbList","@id":"https:\/\/lasher.ee\/fi\/tuote\/kulmageeli\/#breadcrumb","itemListElement":[{"@type":"ListItem","position":1,"name":"Home","item":"https:\/\/lasher.ee\/fi\/"},{"@type":"ListItem","position":2,"name":"Kaikki tuotteet","item":"https:\/\/lasher.ee\/fi\/kaikki-tuotteet\/"},{"@type":"ListItem","position":3,"name":"Kulmageeli 20g"}]},{"@type":"WebSite","@id":"https:\/\/lasher.ee\/fi\/#website","url":"https:\/\/lasher.ee\/fi\/","name":"Lasher","description":"K\u00f5ik vajalikud ripsmetarvikud ripsmetehnikule \u00fchest kohast.","publisher":{"@id":"https:\/\/lasher.ee\/fi\/#organization"},"potentialAction":[{"@type":"SearchAction","target":{"@type":"EntryPoint","urlTemplate":"https:\/\/lasher.ee\/fi\/?s={search_term_string}"},"query-input":{"@type":"PropertyValueSpecification","valueRequired":true,"valueName":"search_term_string"}}],"inLanguage":"fi"},{"@type":"Organization","@id":"https:\/\/lasher.ee\/fi\/#organization","name":"Lasher","url":"https:\/\/lasher.ee\/fi\/","logo":{"@type":"ImageObject","inLanguage":"fi","@id":"https:\/\/lasher.ee\/fi\/#\/schema\/logo\/image\/","url":"https:\/\/lasher.ee\/wp-content\/uploads\/2024\/09\/Screenshot-2024-09-03-at-11.58.17.png","contentUrl":"https:\/\/lasher.ee\/wp-content\/uploads\/2024\/09\/Screenshot-2024-09-03-at-11.58.17.png","width":1678,"height":1670,"caption":"Lasher"},"image":{"@id":"https:\/\/lasher.ee\/fi\/#\/schema\/logo\/image\/"},"sameAs":["https:\/\/www.facebook.com\/profile.php?id=61564523265885","https:\/\/www.instagram.com\/lasher_official\/"]}]}},"_links":{"self":[{"href":"https:\/\/lasher.ee\/fi\/wp-json\/wp\/v2\/product\/11478","targetHints":{"allow":["GET"]}}],"collection":[{"href":"https:\/\/lasher.ee\/fi\/wp-json\/wp\/v2\/product"}],"about":[{"href":"https:\/\/lasher.ee\/fi\/wp-json\/wp\/v2\/types\/product"}],"replies":[{"embeddable":true,"href":"https:\/\/lasher.ee\/fi\/wp-json\/wp\/v2\/comments?post=11478"}],"wp:featuredmedia":[{"embeddable":true,"href":"https:\/\/lasher.ee\/fi\/wp-json\/wp\/v2\/media\/16702"}],"wp:attachment":[{"href":"https:\/\/lasher.ee\/fi\/wp-json\/wp\/v2\/media?parent=11478"}],"wp:term":[{"taxonomy":"product_brand","embeddable":true,"href":"https:\/\/lasher.ee\/fi\/wp-json\/wp\/v2\/product_brand?post=11478"},{"taxonomy":"product_cat","embeddable":true,"href":"https:\/\/lasher.ee\/fi\/wp-json\/wp\/v2\/product_cat?post=11478"},{"taxonomy":"product_tag","embeddable":true,"href":"https:\/\/lasher.ee\/fi\/wp-json\/wp\/v2\/product_tag?post=11478"}],"curies":[{"name":"wp","href":"https:\/\/api.w.org\/{rel}","templated":true}]}}