{"id":11944,"date":"2026-01-18T12:20:59","date_gmt":"2026-01-18T10:20:59","guid":{"rendered":"https:\/\/lasher.ee\/?post_type=product&#038;p=11944"},"modified":"2026-03-18T06:45:33","modified_gmt":"2026-03-18T04:45:33","slug":"aloituspaketti-uv-led-tuotteilla","status":"publish","type":"product","link":"https:\/\/lasher.ee\/fi\/tuote\/aloituspaketti-uv-led-tuotteilla\/","title":{"rendered":"Aloituspaketti UV LED tuotteilla"},"content":{"rendered":"<p>Aloituspaketti UV LED tuotteilla on tarkoitettu sek\u00e4 aloitteleville ett\u00e4 edistyneille ripsiteknikoille, jotka k\u00e4ytt\u00e4v\u00e4t UV LED lamppua.<\/p>\n","protected":false},"excerpt":{"rendered":"<p>Aloituspaketti UV LED tuotteilla on tarkoitettu sek\u00e4 aloitteleville ett\u00e4 edistyneille ripsiteknikoille, jotka k\u00e4ytt\u00e4v\u00e4t UV LED lamppua. Paketti sis\u00e4lt\u00e4\u00e4 kaikki ammattimaiseen ty\u00f6skentelyyn tarvittavat tuotteet ja mahdollistaa volyymiripsipidennysten luomisen.\u2028Huolellisesti valitut tuotteet tukevat ty\u00f6prosessia ja auttavat saavuttamaan kauniin, kest\u00e4v\u00e4n ja tasaisen lopputuloksen. Aloituspaketti UV LED tuotteilla on 25% edullisempi kuin kaikkien tuotteiden ostaminen erikseen. Pakkauksen arvo on 145,45\u20ac.<\/p>\n<h6 class=\"p1\"><strong>Aloituspaketti sis\u00e4lt\u00e4\u00e4<\/strong><\/h6>\n<p class=\"p1\"><a href=\"https:\/\/lasher.ee\/fi\/tuote\/ripsien-pidennykset-0-10\/\"><em>0.10 ripsikuidut mix 6-13mm, (CC kaari)<\/em><\/a><br \/>\n<a href=\"https:\/\/lasher.ee\/fi\/tuote\/ripsien-pidennykset-0-07\/\"><em>0.07 ripsikuidut mix 6-13mm, 2kpl (C ja CC kaari)<\/em><\/a><br \/>\n<a href=\"https:\/\/lasher.ee\/fi\/tuote\/ripsien-pohjalevy\/\"><em>Ripsien alusta<\/em><\/a><br \/>\n<a href=\"https:\/\/lasher.ee\/fi\/tuote\/uv-led-ripsivari-lapinakyva-5ml\/\"><em>UV LED Ripsiliima<\/em>, v\u00e4rit\u00f6n, 5ml<\/a><br \/>\n<a href=\"https:\/\/lasher.ee\/fi\/tuote\/yksittainen-liimapohja\/\"><em>Kertak\u00e4ytt\u00f6inen<\/em> <em>liimaalusta <\/em><\/a><a href=\"https:\/\/lasher.ee\/fi\/tuote\/yksittainen-liimapohja\/\"><em>5 kpl<\/em><\/a><br \/>\n<a href=\"https:\/\/lasher.ee\/fi\/tuote\/lamon-alkoholiton-ripsivari-shampoo\/\"><em>Ripsishampoo+puhdistusharja<\/em><\/a><br \/>\n<a href=\"https:\/\/lasher.ee\/fi\/tuote\/voiteenpoistoaine-15g\/\"><em>Cream remover<\/em><\/a><br \/>\n<a href=\"https:\/\/lasher.ee\/fi\/tuote\/kuitukarki-s-muotoiset-pinsetit\/\"><em>Fiber Tip Isolation pinsetit<\/em><\/a><br \/>\n<a href=\"https:\/\/lasher.ee\/fi\/tuote\/l-muotoinen-volume-boot-pinsetit\/\"><em>L Shape Volume Boot Fiber Tip pinsetit<\/em><\/a><br \/>\n<a href=\"https:\/\/lasher.ee\/fi\/tuote\/kollageenia-sisaltavat-geelityynyt-s\/\"><em>UV Geelityynyt , 5 kpl<\/em><\/a><br \/>\n<a href=\"https:\/\/lasher.ee\/fi\/tuote\/musta-vaahtomuoviteippi-25mm\/\"><em>Musta vaahtoteippi, 25mm<\/em><\/a><br \/>\n<a href=\"https:\/\/lasher.ee\/fi\/tuote\/ripsivari\/\"><em>Ripsiharjat, 50 kpl<\/em><\/a><br \/>\n<a href=\"https:\/\/lasher.ee\/fi\/tuote\/mikrokuituharjat-50-kpl\/\"><em>Mikrokuitu harjat 50kpl<\/em><\/a><\/p>\n<p>&nbsp;<\/p>\n<p>&nbsp;<\/p>\n","protected":false},"featured_media":11983,"comment_status":"open","ping_status":"closed","template":"","meta":{"site-sidebar-layout":"default","site-content-layout":"","ast-site-content-layout":"default","site-content-style":"default","site-sidebar-style":"default","ast-global-header-display":"","ast-banner-title-visibility":"","ast-main-header-display":"","ast-hfb-above-header-display":"","ast-hfb-below-header-display":"","ast-hfb-mobile-header-display":"","site-post-title":"","ast-breadcrumbs-content":"","ast-featured-img":"","footer-sml-layout":"","ast-disable-related-posts":"","theme-transparent-header-meta":"default","adv-header-id-meta":"","stick-header-meta":"","header-above-stick-meta":"","header-main-stick-meta":"","header-below-stick-meta":"","astra-migrate-meta-layouts":"set","ast-page-background-enabled":"default","ast-page-background-meta":{"desktop":{"background-color":"var(--ast-global-color-4)","background-image":"","background-repeat":"repeat","background-position":"center center","background-size":"auto","background-attachment":"scroll","background-type":"","background-media":"","overlay-type":"","overlay-color":"","overlay-opacity":"","overlay-gradient":""},"tablet":{"background-color":"","background-image":"","background-repeat":"repeat","background-position":"center center","background-size":"auto","background-attachment":"scroll","background-type":"","background-media":"","overlay-type":"","overlay-color":"","overlay-opacity":"","overlay-gradient":""},"mobile":{"background-color":"","background-image":"","background-repeat":"repeat","background-position":"center center","background-size":"auto","background-attachment":"scroll","background-type":"","background-media":"","overlay-type":"","overlay-color":"","overlay-opacity":"","overlay-gradient":""}},"ast-content-background-meta":{"desktop":{"background-color":"var(--ast-global-color-5)","background-image":"","background-repeat":"repeat","background-position":"center center","background-size":"auto","background-attachment":"scroll","background-type":"","background-media":"","overlay-type":"","overlay-color":"","overlay-opacity":"","overlay-gradient":""},"tablet":{"background-color":"var(--ast-global-color-5)","background-image":"","background-repeat":"repeat","background-position":"center center","background-size":"auto","background-attachment":"scroll","background-type":"","background-media":"","overlay-type":"","overlay-color":"","overlay-opacity":"","overlay-gradient":""},"mobile":{"background-color":"var(--ast-global-color-5)","background-image":"","background-repeat":"repeat","background-position":"center center","background-size":"auto","background-attachment":"scroll","background-type":"","background-media":"","overlay-type":"","overlay-color":"","overlay-opacity":"","overlay-gradient":""}}},"product_brand":[],"product_cat":[113],"product_tag":[],"class_list":{"0":"post-11944","1":"product","2":"type-product","3":"status-publish","4":"has-post-thumbnail","6":"product_cat-aloituspaketit","7":"desktop-align-left","8":"tablet-align-left","9":"mobile-align-left","11":"first","12":"instock","13":"sale","14":"shipping-taxable","15":"purchasable","16":"product-type-simple"},"yoast_head":"<!-- This site is optimized with the Yoast SEO plugin v27.4 - https:\/\/yoast.com\/product\/yoast-seo-wordpress\/ -->\n<title>Aloituspaketti UV LED tuotteilla - Lasher<\/title>\n<meta name=\"description\" content=\"Aloituspaketti UV LED -tuotteilla on tarkoitettu sek\u00e4 aloitteleville ett\u00e4 edistyneille ripsiteknikoille, jotka k\u00e4ytt\u00e4v\u00e4t UV LED- lamppua\" \/>\n<meta name=\"robots\" content=\"index, follow, max-snippet:-1, max-image-preview:large, max-video-preview:-1\" \/>\n<link rel=\"canonical\" href=\"https:\/\/lasher.ee\/fi\/tuote\/aloituspaketti-uv-led-tuotteilla\/\" \/>\n<meta property=\"og:locale\" content=\"fi_FI\" \/>\n<meta property=\"og:type\" content=\"article\" \/>\n<meta property=\"og:title\" content=\"Aloituspaketti UV LED tuotteilla - Lasher\" \/>\n<meta property=\"og:description\" content=\"Aloituspaketti UV LED -tuotteilla on tarkoitettu sek\u00e4 aloitteleville ett\u00e4 edistyneille ripsiteknikoille, jotka k\u00e4ytt\u00e4v\u00e4t UV LED- lamppua\" \/>\n<meta property=\"og:url\" content=\"https:\/\/lasher.ee\/fi\/tuote\/aloituspaketti-uv-led-tuotteilla\/\" \/>\n<meta property=\"og:site_name\" content=\"Lasher\" \/>\n<meta property=\"article:publisher\" content=\"https:\/\/www.facebook.com\/profile.php?id=61564523265885\" \/>\n<meta property=\"article:modified_time\" content=\"2026-03-18T04:45:33+00:00\" \/>\n<meta property=\"og:image\" content=\"https:\/\/lasher.ee\/wp-content\/uploads\/2026\/01\/IMG_0852.jpg\" \/>\n\t<meta property=\"og:image:width\" content=\"1025\" \/>\n\t<meta property=\"og:image:height\" content=\"1025\" \/>\n\t<meta property=\"og:image:type\" content=\"image\/jpeg\" \/>\n<meta name=\"twitter:card\" content=\"summary_large_image\" \/>\n<meta name=\"twitter:label1\" content=\"Arvioitu lukuaika\" \/>\n\t<meta name=\"twitter:data1\" content=\"1 minuutti\" \/>\n<script type=\"application\/ld+json\" class=\"yoast-schema-graph\">{\"@context\":\"https:\\\/\\\/schema.org\",\"@graph\":[{\"@type\":\"WebPage\",\"@id\":\"https:\\\/\\\/lasher.ee\\\/fi\\\/tuote\\\/aloituspaketti-uv-led-tuotteilla\\\/\",\"url\":\"https:\\\/\\\/lasher.ee\\\/fi\\\/tuote\\\/aloituspaketti-uv-led-tuotteilla\\\/\",\"name\":\"Aloituspaketti UV LED tuotteilla - Lasher\",\"isPartOf\":{\"@id\":\"https:\\\/\\\/lasher.ee\\\/fi\\\/#website\"},\"primaryImageOfPage\":{\"@id\":\"https:\\\/\\\/lasher.ee\\\/fi\\\/tuote\\\/aloituspaketti-uv-led-tuotteilla\\\/#primaryimage\"},\"image\":{\"@id\":\"https:\\\/\\\/lasher.ee\\\/fi\\\/tuote\\\/aloituspaketti-uv-led-tuotteilla\\\/#primaryimage\"},\"thumbnailUrl\":\"https:\\\/\\\/lasher.ee\\\/wp-content\\\/uploads\\\/2026\\\/01\\\/IMG_0852.jpg\",\"datePublished\":\"2026-01-18T10:20:59+00:00\",\"dateModified\":\"2026-03-18T04:45:33+00:00\",\"description\":\"Aloituspaketti UV LED -tuotteilla on tarkoitettu sek\u00e4 aloitteleville ett\u00e4 edistyneille ripsiteknikoille, jotka k\u00e4ytt\u00e4v\u00e4t UV LED- lamppua\",\"breadcrumb\":{\"@id\":\"https:\\\/\\\/lasher.ee\\\/fi\\\/tuote\\\/aloituspaketti-uv-led-tuotteilla\\\/#breadcrumb\"},\"inLanguage\":\"fi\",\"potentialAction\":[{\"@type\":\"ReadAction\",\"target\":[\"https:\\\/\\\/lasher.ee\\\/fi\\\/tuote\\\/aloituspaketti-uv-led-tuotteilla\\\/\"]}]},{\"@type\":\"ImageObject\",\"inLanguage\":\"fi\",\"@id\":\"https:\\\/\\\/lasher.ee\\\/fi\\\/tuote\\\/aloituspaketti-uv-led-tuotteilla\\\/#primaryimage\",\"url\":\"https:\\\/\\\/lasher.ee\\\/wp-content\\\/uploads\\\/2026\\\/01\\\/IMG_0852.jpg\",\"contentUrl\":\"https:\\\/\\\/lasher.ee\\\/wp-content\\\/uploads\\\/2026\\\/01\\\/IMG_0852.jpg\",\"width\":1025,\"height\":1025,\"caption\":\"Aloituspaketti UV LED tuotteilla\"},{\"@type\":\"BreadcrumbList\",\"@id\":\"https:\\\/\\\/lasher.ee\\\/fi\\\/tuote\\\/aloituspaketti-uv-led-tuotteilla\\\/#breadcrumb\",\"itemListElement\":[{\"@type\":\"ListItem\",\"position\":1,\"name\":\"Home\",\"item\":\"https:\\\/\\\/lasher.ee\\\/fi\\\/\"},{\"@type\":\"ListItem\",\"position\":2,\"name\":\"Kaikki tuotteet\",\"item\":\"https:\\\/\\\/lasher.ee\\\/fi\\\/kaikki-tuotteet\\\/\"},{\"@type\":\"ListItem\",\"position\":3,\"name\":\"Aloituspaketti UV LED tuotteilla\"}]},{\"@type\":\"WebSite\",\"@id\":\"https:\\\/\\\/lasher.ee\\\/fi\\\/#website\",\"url\":\"https:\\\/\\\/lasher.ee\\\/fi\\\/\",\"name\":\"Lasher\",\"description\":\"K\u00f5ik vajalikud ripsmetarvikud ripsmetehnikule \u00fchest kohast.\",\"publisher\":{\"@id\":\"https:\\\/\\\/lasher.ee\\\/fi\\\/#organization\"},\"potentialAction\":[{\"@type\":\"SearchAction\",\"target\":{\"@type\":\"EntryPoint\",\"urlTemplate\":\"https:\\\/\\\/lasher.ee\\\/fi\\\/?s={search_term_string}\"},\"query-input\":{\"@type\":\"PropertyValueSpecification\",\"valueRequired\":true,\"valueName\":\"search_term_string\"}}],\"inLanguage\":\"fi\"},{\"@type\":\"Organization\",\"@id\":\"https:\\\/\\\/lasher.ee\\\/fi\\\/#organization\",\"name\":\"Lasher\",\"url\":\"https:\\\/\\\/lasher.ee\\\/fi\\\/\",\"logo\":{\"@type\":\"ImageObject\",\"inLanguage\":\"fi\",\"@id\":\"https:\\\/\\\/lasher.ee\\\/fi\\\/#\\\/schema\\\/logo\\\/image\\\/\",\"url\":\"https:\\\/\\\/lasher.ee\\\/wp-content\\\/uploads\\\/2024\\\/09\\\/Screenshot-2024-09-03-at-11.58.17.png\",\"contentUrl\":\"https:\\\/\\\/lasher.ee\\\/wp-content\\\/uploads\\\/2024\\\/09\\\/Screenshot-2024-09-03-at-11.58.17.png\",\"width\":1678,\"height\":1670,\"caption\":\"Lasher\"},\"image\":{\"@id\":\"https:\\\/\\\/lasher.ee\\\/fi\\\/#\\\/schema\\\/logo\\\/image\\\/\"},\"sameAs\":[\"https:\\\/\\\/www.facebook.com\\\/profile.php?id=61564523265885\",\"https:\\\/\\\/www.instagram.com\\\/lasher_official\\\/\"]}]}<\/script>\n<!-- \/ Yoast SEO plugin. -->","yoast_head_json":{"title":"Aloituspaketti UV LED tuotteilla - Lasher","description":"Aloituspaketti UV LED -tuotteilla on tarkoitettu sek\u00e4 aloitteleville ett\u00e4 edistyneille ripsiteknikoille, jotka k\u00e4ytt\u00e4v\u00e4t UV LED- lamppua","robots":{"index":"index","follow":"follow","max-snippet":"max-snippet:-1","max-image-preview":"max-image-preview:large","max-video-preview":"max-video-preview:-1"},"canonical":"https:\/\/lasher.ee\/fi\/tuote\/aloituspaketti-uv-led-tuotteilla\/","og_locale":"fi_FI","og_type":"article","og_title":"Aloituspaketti UV LED tuotteilla - Lasher","og_description":"Aloituspaketti UV LED -tuotteilla on tarkoitettu sek\u00e4 aloitteleville ett\u00e4 edistyneille ripsiteknikoille, jotka k\u00e4ytt\u00e4v\u00e4t UV LED- lamppua","og_url":"https:\/\/lasher.ee\/fi\/tuote\/aloituspaketti-uv-led-tuotteilla\/","og_site_name":"Lasher","article_publisher":"https:\/\/www.facebook.com\/profile.php?id=61564523265885","article_modified_time":"2026-03-18T04:45:33+00:00","og_image":[{"width":1025,"height":1025,"url":"https:\/\/lasher.ee\/wp-content\/uploads\/2026\/01\/IMG_0852.jpg","type":"image\/jpeg"}],"twitter_card":"summary_large_image","twitter_misc":{"Arvioitu lukuaika":"1 minuutti"},"schema":{"@context":"https:\/\/schema.org","@graph":[{"@type":"WebPage","@id":"https:\/\/lasher.ee\/fi\/tuote\/aloituspaketti-uv-led-tuotteilla\/","url":"https:\/\/lasher.ee\/fi\/tuote\/aloituspaketti-uv-led-tuotteilla\/","name":"Aloituspaketti UV LED tuotteilla - Lasher","isPartOf":{"@id":"https:\/\/lasher.ee\/fi\/#website"},"primaryImageOfPage":{"@id":"https:\/\/lasher.ee\/fi\/tuote\/aloituspaketti-uv-led-tuotteilla\/#primaryimage"},"image":{"@id":"https:\/\/lasher.ee\/fi\/tuote\/aloituspaketti-uv-led-tuotteilla\/#primaryimage"},"thumbnailUrl":"https:\/\/lasher.ee\/wp-content\/uploads\/2026\/01\/IMG_0852.jpg","datePublished":"2026-01-18T10:20:59+00:00","dateModified":"2026-03-18T04:45:33+00:00","description":"Aloituspaketti UV LED -tuotteilla on tarkoitettu sek\u00e4 aloitteleville ett\u00e4 edistyneille ripsiteknikoille, jotka k\u00e4ytt\u00e4v\u00e4t UV LED- lamppua","breadcrumb":{"@id":"https:\/\/lasher.ee\/fi\/tuote\/aloituspaketti-uv-led-tuotteilla\/#breadcrumb"},"inLanguage":"fi","potentialAction":[{"@type":"ReadAction","target":["https:\/\/lasher.ee\/fi\/tuote\/aloituspaketti-uv-led-tuotteilla\/"]}]},{"@type":"ImageObject","inLanguage":"fi","@id":"https:\/\/lasher.ee\/fi\/tuote\/aloituspaketti-uv-led-tuotteilla\/#primaryimage","url":"https:\/\/lasher.ee\/wp-content\/uploads\/2026\/01\/IMG_0852.jpg","contentUrl":"https:\/\/lasher.ee\/wp-content\/uploads\/2026\/01\/IMG_0852.jpg","width":1025,"height":1025,"caption":"Aloituspaketti UV LED tuotteilla"},{"@type":"BreadcrumbList","@id":"https:\/\/lasher.ee\/fi\/tuote\/aloituspaketti-uv-led-tuotteilla\/#breadcrumb","itemListElement":[{"@type":"ListItem","position":1,"name":"Home","item":"https:\/\/lasher.ee\/fi\/"},{"@type":"ListItem","position":2,"name":"Kaikki tuotteet","item":"https:\/\/lasher.ee\/fi\/kaikki-tuotteet\/"},{"@type":"ListItem","position":3,"name":"Aloituspaketti UV LED tuotteilla"}]},{"@type":"WebSite","@id":"https:\/\/lasher.ee\/fi\/#website","url":"https:\/\/lasher.ee\/fi\/","name":"Lasher","description":"K\u00f5ik vajalikud ripsmetarvikud ripsmetehnikule \u00fchest kohast.","publisher":{"@id":"https:\/\/lasher.ee\/fi\/#organization"},"potentialAction":[{"@type":"SearchAction","target":{"@type":"EntryPoint","urlTemplate":"https:\/\/lasher.ee\/fi\/?s={search_term_string}"},"query-input":{"@type":"PropertyValueSpecification","valueRequired":true,"valueName":"search_term_string"}}],"inLanguage":"fi"},{"@type":"Organization","@id":"https:\/\/lasher.ee\/fi\/#organization","name":"Lasher","url":"https:\/\/lasher.ee\/fi\/","logo":{"@type":"ImageObject","inLanguage":"fi","@id":"https:\/\/lasher.ee\/fi\/#\/schema\/logo\/image\/","url":"https:\/\/lasher.ee\/wp-content\/uploads\/2024\/09\/Screenshot-2024-09-03-at-11.58.17.png","contentUrl":"https:\/\/lasher.ee\/wp-content\/uploads\/2024\/09\/Screenshot-2024-09-03-at-11.58.17.png","width":1678,"height":1670,"caption":"Lasher"},"image":{"@id":"https:\/\/lasher.ee\/fi\/#\/schema\/logo\/image\/"},"sameAs":["https:\/\/www.facebook.com\/profile.php?id=61564523265885","https:\/\/www.instagram.com\/lasher_official\/"]}]}},"_links":{"self":[{"href":"https:\/\/lasher.ee\/fi\/wp-json\/wp\/v2\/product\/11944","targetHints":{"allow":["GET"]}}],"collection":[{"href":"https:\/\/lasher.ee\/fi\/wp-json\/wp\/v2\/product"}],"about":[{"href":"https:\/\/lasher.ee\/fi\/wp-json\/wp\/v2\/types\/product"}],"replies":[{"embeddable":true,"href":"https:\/\/lasher.ee\/fi\/wp-json\/wp\/v2\/comments?post=11944"}],"wp:featuredmedia":[{"embeddable":true,"href":"https:\/\/lasher.ee\/fi\/wp-json\/wp\/v2\/media\/11983"}],"wp:attachment":[{"href":"https:\/\/lasher.ee\/fi\/wp-json\/wp\/v2\/media?parent=11944"}],"wp:term":[{"taxonomy":"product_brand","embeddable":true,"href":"https:\/\/lasher.ee\/fi\/wp-json\/wp\/v2\/product_brand?post=11944"},{"taxonomy":"product_cat","embeddable":true,"href":"https:\/\/lasher.ee\/fi\/wp-json\/wp\/v2\/product_cat?post=11944"},{"taxonomy":"product_tag","embeddable":true,"href":"https:\/\/lasher.ee\/fi\/wp-json\/wp\/v2\/product_tag?post=11944"}],"curies":[{"name":"wp","href":"https:\/\/api.w.org\/{rel}","templated":true}]}}