{"id":11993,"date":"2026-01-12T16:34:25","date_gmt":"2026-01-12T14:34:25","guid":{"rendered":"https:\/\/lasher.ee\/yy-ripsienpidennykset\/"},"modified":"2026-03-12T07:08:02","modified_gmt":"2026-03-12T05:08:02","slug":"yy-ripset","status":"publish","type":"product","link":"https:\/\/lasher.ee\/fi\/tuote\/yy-ripset\/","title":{"rendered":"YY ripset 0.07"},"content":{"rendered":"<p>YY ripset 0.07. Jokainen rasia sis\u00e4lt\u00e4\u00e4 noin 1984 ripsienpidennyst\u00e4 (riitt\u00e4\u00e4 noin 4\u20135 asiakkaalle), pituuksissa 8\u201313 mm.<\/p>\n","protected":false},"excerpt":{"rendered":"<p>YY ripset ovat innovatiivista teknologiaa hy\u00f6dynt\u00e4v\u00e4t hybridiripset \u2013 klassinen ja volyymi yhdess\u00e4. Nimi YY tulee siit\u00e4, ett\u00e4 kaksi Y muotoista ripsikuitua on yhdistetty yhdeksi viuhkaksi. Visuaalisesti YY ripset antavat enemm\u00e4n volyymia kuin klassiset ripsienpidennykset.<\/p>\n<p>YY ripsienpidennys luo 2D efektin, mutta ei ole levittynyt viuhkaksi, vaan antaa \u201ctuplaripsi\u201d efektin. Tavallinen 2D viuhka koostuu kahdesta ripsest\u00e4, kun taas YY on valmistettu nelj\u00e4n ripsen yhdistelm\u00e4st\u00e4, jotka muodostavat 2D tyylisen viuhkan.<br \/>\nYY ripset sopivat erinomaisesti asiakkaille, jotka pit\u00e4v\u00e4t klassisia ripsienpidennyksi\u00e4, mutta haluavat enemm\u00e4n volyymia ja t\u00e4ytel\u00e4isyytt\u00e4. YY ripsill\u00e4 on helppo luoda my\u00f6s \u201cWispy\u201d ja \u201cSpiky\u201d tyylej\u00e4.<\/p>\n<p>Toisin kuin tavallisissa ripsienpidennyksiss\u00e4, YY viuhkat on aseteltu alustalle siten, ett\u00e4 niiden k\u00e4ytt\u00f6 on mahdollisimman nopeaa ja helppoa. Ripsikuitu otetaan alustalta ja asetetaan suoraan luonnolliselle ripselle ilman erillist\u00e4 viuhkan muotoilua.<\/p>\n<p>Jokainen rasia sis\u00e4lt\u00e4\u00e4 noin 1984 ripsienpidennyst\u00e4 (riitt\u00e4\u00e4 noin 4 \u2013 5 asiakkaalle), pituuksissa 8 \u2013 13 mm.<\/p>\n","protected":false},"featured_media":16896,"comment_status":"open","ping_status":"closed","template":"","meta":{"site-sidebar-layout":"default","site-content-layout":"","ast-site-content-layout":"default","site-content-style":"default","site-sidebar-style":"default","ast-global-header-display":"","ast-banner-title-visibility":"","ast-main-header-display":"","ast-hfb-above-header-display":"","ast-hfb-below-header-display":"","ast-hfb-mobile-header-display":"","site-post-title":"","ast-breadcrumbs-content":"","ast-featured-img":"","footer-sml-layout":"","ast-disable-related-posts":"","theme-transparent-header-meta":"default","adv-header-id-meta":"","stick-header-meta":"","header-above-stick-meta":"","header-main-stick-meta":"","header-below-stick-meta":"","astra-migrate-meta-layouts":"set","ast-page-background-enabled":"default","ast-page-background-meta":{"desktop":{"background-color":"var(--ast-global-color-4)","background-image":"","background-repeat":"repeat","background-position":"center center","background-size":"auto","background-attachment":"scroll","background-type":"","background-media":"","overlay-type":"","overlay-color":"","overlay-opacity":"","overlay-gradient":""},"tablet":{"background-color":"","background-image":"","background-repeat":"repeat","background-position":"center center","background-size":"auto","background-attachment":"scroll","background-type":"","background-media":"","overlay-type":"","overlay-color":"","overlay-opacity":"","overlay-gradient":""},"mobile":{"background-color":"","background-image":"","background-repeat":"repeat","background-position":"center center","background-size":"auto","background-attachment":"scroll","background-type":"","background-media":"","overlay-type":"","overlay-color":"","overlay-opacity":"","overlay-gradient":""}},"ast-content-background-meta":{"desktop":{"background-color":"var(--ast-global-color-5)","background-image":"","background-repeat":"repeat","background-position":"center center","background-size":"auto","background-attachment":"scroll","background-type":"","background-media":"","overlay-type":"","overlay-color":"","overlay-opacity":"","overlay-gradient":""},"tablet":{"background-color":"var(--ast-global-color-5)","background-image":"","background-repeat":"repeat","background-position":"center center","background-size":"auto","background-attachment":"scroll","background-type":"","background-media":"","overlay-type":"","overlay-color":"","overlay-opacity":"","overlay-gradient":""},"mobile":{"background-color":"var(--ast-global-color-5)","background-image":"","background-repeat":"repeat","background-position":"center center","background-size":"auto","background-attachment":"scroll","background-type":"","background-media":"","overlay-type":"","overlay-color":"","overlay-opacity":"","overlay-gradient":""}}},"product_brand":[],"product_cat":[90,111,121],"product_tag":[],"class_list":{"0":"post-11993","1":"product","2":"type-product","3":"status-publish","4":"has-post-thumbnail","6":"product_cat-ripset","7":"product_cat-uusi","8":"product_cat-valmisviuhkat","9":"desktop-align-left","10":"tablet-align-left","11":"mobile-align-left","13":"first","14":"instock","15":"shipping-taxable","16":"purchasable","17":"product-type-variable"},"yoast_head":"<!-- This site is optimized with the Yoast SEO plugin v27.4 - https:\/\/yoast.com\/product\/yoast-seo-wordpress\/ -->\n<title>YY ripset \u2013 klassinen &amp; volyymi yhdess\u00e4. - Lasher %<\/title>\n<meta name=\"description\" content=\"YY ripset ovat innovatiivista teknologiaa hy\u00f6dynt\u00e4v\u00e4t hybridiripset \u2013 klassinen ja volyymi yhdess\u00e4. Antavat 2D efektin ja tuplaripsi ilmeen.\" \/>\n<meta name=\"robots\" content=\"index, follow, max-snippet:-1, max-image-preview:large, max-video-preview:-1\" \/>\n<link rel=\"canonical\" href=\"https:\/\/lasher.ee\/fi\/tuote\/yy-ripset\/\" \/>\n<meta property=\"og:locale\" content=\"fi_FI\" \/>\n<meta property=\"og:type\" content=\"article\" \/>\n<meta property=\"og:title\" content=\"YY ripset \u2013 klassinen &amp; volyymi yhdess\u00e4. - Lasher %\" \/>\n<meta property=\"og:description\" content=\"YY ripset ovat innovatiivista teknologiaa hy\u00f6dynt\u00e4v\u00e4t hybridiripset \u2013 klassinen ja volyymi yhdess\u00e4. Antavat 2D efektin ja tuplaripsi ilmeen.\" \/>\n<meta property=\"og:url\" content=\"https:\/\/lasher.ee\/fi\/tuote\/yy-ripset\/\" \/>\n<meta property=\"og:site_name\" content=\"Lasher\" \/>\n<meta property=\"article:publisher\" content=\"https:\/\/www.facebook.com\/profile.php?id=61564523265885\" \/>\n<meta property=\"article:modified_time\" content=\"2026-03-12T05:08:02+00:00\" \/>\n<meta property=\"og:image\" content=\"https:\/\/lasher.ee\/wp-content\/uploads\/2026\/01\/YY-ripsmed.jpg\" \/>\n\t<meta property=\"og:image:width\" content=\"1100\" \/>\n\t<meta property=\"og:image:height\" content=\"1100\" \/>\n\t<meta property=\"og:image:type\" content=\"image\/jpeg\" \/>\n<meta name=\"twitter:card\" content=\"summary_large_image\" \/>\n<meta name=\"twitter:label1\" content=\"Arvioitu lukuaika\" \/>\n\t<meta name=\"twitter:data1\" content=\"1 minuutti\" \/>\n<script type=\"application\/ld+json\" class=\"yoast-schema-graph\">{\"@context\":\"https:\\\/\\\/schema.org\",\"@graph\":[{\"@type\":\"WebPage\",\"@id\":\"https:\\\/\\\/lasher.ee\\\/fi\\\/tuote\\\/yy-ripset\\\/\",\"url\":\"https:\\\/\\\/lasher.ee\\\/fi\\\/tuote\\\/yy-ripset\\\/\",\"name\":\"YY ripset \u2013 klassinen & volyymi yhdess\u00e4. - Lasher %\",\"isPartOf\":{\"@id\":\"https:\\\/\\\/lasher.ee\\\/fi\\\/#website\"},\"primaryImageOfPage\":{\"@id\":\"https:\\\/\\\/lasher.ee\\\/fi\\\/tuote\\\/yy-ripset\\\/#primaryimage\"},\"image\":{\"@id\":\"https:\\\/\\\/lasher.ee\\\/fi\\\/tuote\\\/yy-ripset\\\/#primaryimage\"},\"thumbnailUrl\":\"https:\\\/\\\/lasher.ee\\\/wp-content\\\/uploads\\\/2026\\\/01\\\/IMG_3631-1.jpg\",\"datePublished\":\"2026-01-12T14:34:25+00:00\",\"dateModified\":\"2026-03-12T05:08:02+00:00\",\"description\":\"YY ripset ovat innovatiivista teknologiaa hy\u00f6dynt\u00e4v\u00e4t hybridiripset \u2013 klassinen ja volyymi yhdess\u00e4. Antavat 2D efektin ja tuplaripsi ilmeen.\",\"breadcrumb\":{\"@id\":\"https:\\\/\\\/lasher.ee\\\/fi\\\/tuote\\\/yy-ripset\\\/#breadcrumb\"},\"inLanguage\":\"fi\",\"potentialAction\":[{\"@type\":\"ReadAction\",\"target\":[\"https:\\\/\\\/lasher.ee\\\/fi\\\/tuote\\\/yy-ripset\\\/\"]}]},{\"@type\":\"ImageObject\",\"inLanguage\":\"fi\",\"@id\":\"https:\\\/\\\/lasher.ee\\\/fi\\\/tuote\\\/yy-ripset\\\/#primaryimage\",\"url\":\"https:\\\/\\\/lasher.ee\\\/wp-content\\\/uploads\\\/2026\\\/01\\\/IMG_3631-1.jpg\",\"contentUrl\":\"https:\\\/\\\/lasher.ee\\\/wp-content\\\/uploads\\\/2026\\\/01\\\/IMG_3631-1.jpg\",\"width\":1100,\"height\":1100,\"caption\":\"YY ripsikuidut\"},{\"@type\":\"BreadcrumbList\",\"@id\":\"https:\\\/\\\/lasher.ee\\\/fi\\\/tuote\\\/yy-ripset\\\/#breadcrumb\",\"itemListElement\":[{\"@type\":\"ListItem\",\"position\":1,\"name\":\"Home\",\"item\":\"https:\\\/\\\/lasher.ee\\\/fi\\\/\"},{\"@type\":\"ListItem\",\"position\":2,\"name\":\"Kaikki tuotteet\",\"item\":\"https:\\\/\\\/lasher.ee\\\/fi\\\/kaikki-tuotteet\\\/\"},{\"@type\":\"ListItem\",\"position\":3,\"name\":\"YY ripset 0.07\"}]},{\"@type\":\"WebSite\",\"@id\":\"https:\\\/\\\/lasher.ee\\\/fi\\\/#website\",\"url\":\"https:\\\/\\\/lasher.ee\\\/fi\\\/\",\"name\":\"Lasher\",\"description\":\"K\u00f5ik vajalikud ripsmetarvikud ripsmetehnikule \u00fchest kohast.\",\"publisher\":{\"@id\":\"https:\\\/\\\/lasher.ee\\\/fi\\\/#organization\"},\"potentialAction\":[{\"@type\":\"SearchAction\",\"target\":{\"@type\":\"EntryPoint\",\"urlTemplate\":\"https:\\\/\\\/lasher.ee\\\/fi\\\/?s={search_term_string}\"},\"query-input\":{\"@type\":\"PropertyValueSpecification\",\"valueRequired\":true,\"valueName\":\"search_term_string\"}}],\"inLanguage\":\"fi\"},{\"@type\":\"Organization\",\"@id\":\"https:\\\/\\\/lasher.ee\\\/fi\\\/#organization\",\"name\":\"Lasher\",\"url\":\"https:\\\/\\\/lasher.ee\\\/fi\\\/\",\"logo\":{\"@type\":\"ImageObject\",\"inLanguage\":\"fi\",\"@id\":\"https:\\\/\\\/lasher.ee\\\/fi\\\/#\\\/schema\\\/logo\\\/image\\\/\",\"url\":\"https:\\\/\\\/lasher.ee\\\/wp-content\\\/uploads\\\/2024\\\/09\\\/Screenshot-2024-09-03-at-11.58.17.png\",\"contentUrl\":\"https:\\\/\\\/lasher.ee\\\/wp-content\\\/uploads\\\/2024\\\/09\\\/Screenshot-2024-09-03-at-11.58.17.png\",\"width\":1678,\"height\":1670,\"caption\":\"Lasher\"},\"image\":{\"@id\":\"https:\\\/\\\/lasher.ee\\\/fi\\\/#\\\/schema\\\/logo\\\/image\\\/\"},\"sameAs\":[\"https:\\\/\\\/www.facebook.com\\\/profile.php?id=61564523265885\",\"https:\\\/\\\/www.instagram.com\\\/lasher_official\\\/\"]}]}<\/script>\n<!-- \/ Yoast SEO plugin. -->","yoast_head_json":{"title":"YY ripset \u2013 klassinen & volyymi yhdess\u00e4. - Lasher %","description":"YY ripset ovat innovatiivista teknologiaa hy\u00f6dynt\u00e4v\u00e4t hybridiripset \u2013 klassinen ja volyymi yhdess\u00e4. Antavat 2D efektin ja tuplaripsi ilmeen.","robots":{"index":"index","follow":"follow","max-snippet":"max-snippet:-1","max-image-preview":"max-image-preview:large","max-video-preview":"max-video-preview:-1"},"canonical":"https:\/\/lasher.ee\/fi\/tuote\/yy-ripset\/","og_locale":"fi_FI","og_type":"article","og_title":"YY ripset \u2013 klassinen & volyymi yhdess\u00e4. - Lasher %","og_description":"YY ripset ovat innovatiivista teknologiaa hy\u00f6dynt\u00e4v\u00e4t hybridiripset \u2013 klassinen ja volyymi yhdess\u00e4. Antavat 2D efektin ja tuplaripsi ilmeen.","og_url":"https:\/\/lasher.ee\/fi\/tuote\/yy-ripset\/","og_site_name":"Lasher","article_publisher":"https:\/\/www.facebook.com\/profile.php?id=61564523265885","article_modified_time":"2026-03-12T05:08:02+00:00","og_image":[{"width":1100,"height":1100,"url":"https:\/\/lasher.ee\/wp-content\/uploads\/2026\/01\/YY-ripsmed.jpg","type":"image\/jpeg"}],"twitter_card":"summary_large_image","twitter_misc":{"Arvioitu lukuaika":"1 minuutti"},"schema":{"@context":"https:\/\/schema.org","@graph":[{"@type":"WebPage","@id":"https:\/\/lasher.ee\/fi\/tuote\/yy-ripset\/","url":"https:\/\/lasher.ee\/fi\/tuote\/yy-ripset\/","name":"YY ripset \u2013 klassinen & volyymi yhdess\u00e4. - Lasher %","isPartOf":{"@id":"https:\/\/lasher.ee\/fi\/#website"},"primaryImageOfPage":{"@id":"https:\/\/lasher.ee\/fi\/tuote\/yy-ripset\/#primaryimage"},"image":{"@id":"https:\/\/lasher.ee\/fi\/tuote\/yy-ripset\/#primaryimage"},"thumbnailUrl":"https:\/\/lasher.ee\/wp-content\/uploads\/2026\/01\/IMG_3631-1.jpg","datePublished":"2026-01-12T14:34:25+00:00","dateModified":"2026-03-12T05:08:02+00:00","description":"YY ripset ovat innovatiivista teknologiaa hy\u00f6dynt\u00e4v\u00e4t hybridiripset \u2013 klassinen ja volyymi yhdess\u00e4. Antavat 2D efektin ja tuplaripsi ilmeen.","breadcrumb":{"@id":"https:\/\/lasher.ee\/fi\/tuote\/yy-ripset\/#breadcrumb"},"inLanguage":"fi","potentialAction":[{"@type":"ReadAction","target":["https:\/\/lasher.ee\/fi\/tuote\/yy-ripset\/"]}]},{"@type":"ImageObject","inLanguage":"fi","@id":"https:\/\/lasher.ee\/fi\/tuote\/yy-ripset\/#primaryimage","url":"https:\/\/lasher.ee\/wp-content\/uploads\/2026\/01\/IMG_3631-1.jpg","contentUrl":"https:\/\/lasher.ee\/wp-content\/uploads\/2026\/01\/IMG_3631-1.jpg","width":1100,"height":1100,"caption":"YY ripsikuidut"},{"@type":"BreadcrumbList","@id":"https:\/\/lasher.ee\/fi\/tuote\/yy-ripset\/#breadcrumb","itemListElement":[{"@type":"ListItem","position":1,"name":"Home","item":"https:\/\/lasher.ee\/fi\/"},{"@type":"ListItem","position":2,"name":"Kaikki tuotteet","item":"https:\/\/lasher.ee\/fi\/kaikki-tuotteet\/"},{"@type":"ListItem","position":3,"name":"YY ripset 0.07"}]},{"@type":"WebSite","@id":"https:\/\/lasher.ee\/fi\/#website","url":"https:\/\/lasher.ee\/fi\/","name":"Lasher","description":"K\u00f5ik vajalikud ripsmetarvikud ripsmetehnikule \u00fchest kohast.","publisher":{"@id":"https:\/\/lasher.ee\/fi\/#organization"},"potentialAction":[{"@type":"SearchAction","target":{"@type":"EntryPoint","urlTemplate":"https:\/\/lasher.ee\/fi\/?s={search_term_string}"},"query-input":{"@type":"PropertyValueSpecification","valueRequired":true,"valueName":"search_term_string"}}],"inLanguage":"fi"},{"@type":"Organization","@id":"https:\/\/lasher.ee\/fi\/#organization","name":"Lasher","url":"https:\/\/lasher.ee\/fi\/","logo":{"@type":"ImageObject","inLanguage":"fi","@id":"https:\/\/lasher.ee\/fi\/#\/schema\/logo\/image\/","url":"https:\/\/lasher.ee\/wp-content\/uploads\/2024\/09\/Screenshot-2024-09-03-at-11.58.17.png","contentUrl":"https:\/\/lasher.ee\/wp-content\/uploads\/2024\/09\/Screenshot-2024-09-03-at-11.58.17.png","width":1678,"height":1670,"caption":"Lasher"},"image":{"@id":"https:\/\/lasher.ee\/fi\/#\/schema\/logo\/image\/"},"sameAs":["https:\/\/www.facebook.com\/profile.php?id=61564523265885","https:\/\/www.instagram.com\/lasher_official\/"]}]}},"_links":{"self":[{"href":"https:\/\/lasher.ee\/fi\/wp-json\/wp\/v2\/product\/11993","targetHints":{"allow":["GET"]}}],"collection":[{"href":"https:\/\/lasher.ee\/fi\/wp-json\/wp\/v2\/product"}],"about":[{"href":"https:\/\/lasher.ee\/fi\/wp-json\/wp\/v2\/types\/product"}],"replies":[{"embeddable":true,"href":"https:\/\/lasher.ee\/fi\/wp-json\/wp\/v2\/comments?post=11993"}],"wp:featuredmedia":[{"embeddable":true,"href":"https:\/\/lasher.ee\/fi\/wp-json\/wp\/v2\/media\/16896"}],"wp:attachment":[{"href":"https:\/\/lasher.ee\/fi\/wp-json\/wp\/v2\/media?parent=11993"}],"wp:term":[{"taxonomy":"product_brand","embeddable":true,"href":"https:\/\/lasher.ee\/fi\/wp-json\/wp\/v2\/product_brand?post=11993"},{"taxonomy":"product_cat","embeddable":true,"href":"https:\/\/lasher.ee\/fi\/wp-json\/wp\/v2\/product_cat?post=11993"},{"taxonomy":"product_tag","embeddable":true,"href":"https:\/\/lasher.ee\/fi\/wp-json\/wp\/v2\/product_tag?post=11993"}],"curies":[{"name":"wp","href":"https:\/\/api.w.org\/{rel}","templated":true}]}}