{"id":12150,"date":"2026-01-01T23:47:09","date_gmt":"2026-01-01T21:47:09","guid":{"rendered":"https:\/\/lasher.ee\/?post_type=product&#038;p=12150"},"modified":"2026-05-13T12:56:32","modified_gmt":"2026-05-13T09:56:32","slug":"kitten-ripset-valmisviuhkat","status":"publish","type":"product","link":"https:\/\/lasher.ee\/fi\/tuote\/kitten-ripset-valmisviuhkat\/","title":{"rendered":"Kitten lashes valmisviuhkat 0.07"},"content":{"rendered":"<p>Kitten lashes valmisviuhkat 0.07. Yhdess\u00e4 rasiassa on 1320 viuhkaa.<\/p>\n","protected":false},"excerpt":{"rendered":"<p>Kitten ripsityyli on saanut inspiraationsa klassisesta cat eye efektist\u00e4, mutta toisin kuin siin\u00e4, lopputulos on pehme\u00e4mpi ja sopii paremmin jokap\u00e4iv\u00e4iseen tyyliin.<\/p>\n<p>Kitten ripsien erityispiirre on niiden asettelu ja pituuksien liukuma. Ripset ovat silm\u00e4n sis\u00e4nurkassa lyhyemm\u00e4t ja pitenev\u00e4t v\u00e4hitellen kohti silm\u00e4n keskiosaa tai ulkonurkkaa. T\u00e4llainen ilme luo visuaalisesti kohottavan ja pident\u00e4v\u00e4n vaikutelman, joka tekee silmist\u00e4 avoimemmat ja katseesta raikkaamman. Juuri t\u00e4m\u00e4 sujuva siirtym\u00e4 erottaa kitten ripset muista ripsityyleist\u00e4, joissa painotus on usein maksimaalisessa volyymissa.<\/p>\n<p>Jokainen 13 rivinen rasia sis\u00e4lt\u00e4\u00e4 viuhkoja, jotka on erikseen aseteltu oikealle ja vasemmalle silm\u00e4lle. Yhdess\u00e4 rasiassa on 1320 viuhkaa. Jokainen viuhka on valmiiksi asetettu oikeaan suuntaan. Sopivat asennettaviksi sek\u00e4 aloittelijoille ett\u00e4 kokeneille ripsiteknikoille.<\/p>\n","protected":false},"featured_media":12161,"comment_status":"open","ping_status":"closed","template":"","meta":{"site-sidebar-layout":"default","site-content-layout":"","ast-site-content-layout":"default","site-content-style":"default","site-sidebar-style":"default","ast-global-header-display":"","ast-banner-title-visibility":"","ast-main-header-display":"","ast-hfb-above-header-display":"","ast-hfb-below-header-display":"","ast-hfb-mobile-header-display":"","site-post-title":"","ast-breadcrumbs-content":"","ast-featured-img":"","footer-sml-layout":"","ast-disable-related-posts":"","theme-transparent-header-meta":"default","adv-header-id-meta":"","stick-header-meta":"","header-above-stick-meta":"","header-main-stick-meta":"","header-below-stick-meta":"","astra-migrate-meta-layouts":"set","ast-page-background-enabled":"default","ast-page-background-meta":{"desktop":{"background-color":"var(--ast-global-color-4)","background-image":"","background-repeat":"repeat","background-position":"center center","background-size":"auto","background-attachment":"scroll","background-type":"","background-media":"","overlay-type":"","overlay-color":"","overlay-opacity":"","overlay-gradient":""},"tablet":{"background-color":"","background-image":"","background-repeat":"repeat","background-position":"center center","background-size":"auto","background-attachment":"scroll","background-type":"","background-media":"","overlay-type":"","overlay-color":"","overlay-opacity":"","overlay-gradient":""},"mobile":{"background-color":"","background-image":"","background-repeat":"repeat","background-position":"center center","background-size":"auto","background-attachment":"scroll","background-type":"","background-media":"","overlay-type":"","overlay-color":"","overlay-opacity":"","overlay-gradient":""}},"ast-content-background-meta":{"desktop":{"background-color":"var(--ast-global-color-5)","background-image":"","background-repeat":"repeat","background-position":"center center","background-size":"auto","background-attachment":"scroll","background-type":"","background-media":"","overlay-type":"","overlay-color":"","overlay-opacity":"","overlay-gradient":""},"tablet":{"background-color":"var(--ast-global-color-5)","background-image":"","background-repeat":"repeat","background-position":"center center","background-size":"auto","background-attachment":"scroll","background-type":"","background-media":"","overlay-type":"","overlay-color":"","overlay-opacity":"","overlay-gradient":""},"mobile":{"background-color":"var(--ast-global-color-5)","background-image":"","background-repeat":"repeat","background-position":"center center","background-size":"auto","background-attachment":"scroll","background-type":"","background-media":"","overlay-type":"","overlay-color":"","overlay-opacity":"","overlay-gradient":""}}},"product_brand":[],"product_cat":[90,111,121],"product_tag":[],"class_list":{"0":"post-12150","1":"product","2":"type-product","3":"status-publish","4":"has-post-thumbnail","6":"product_cat-ripset","7":"product_cat-uusi","8":"product_cat-valmisviuhkat","9":"desktop-align-left","10":"tablet-align-left","11":"mobile-align-left","13":"first","14":"instock","15":"shipping-taxable","16":"purchasable","17":"product-type-variable"},"yoast_head":"<!-- This site is optimized with the Yoast SEO plugin v27.5 - https:\/\/yoast.com\/product\/yoast-seo-wordpress\/ -->\n<title>Kitten lashes valmisviuhkat 0.07<\/title>\n<meta name=\"description\" content=\"Kitten lashes valmisviuhkat luovat pehme\u00e4n ja silmi\u00e4 avaavan ilmeen. 13- rivinen rasia sis\u00e4lt\u00e4\u00e4 1320 valmiiksi suunnattua viuhkaa.\" \/>\n<meta name=\"robots\" content=\"index, follow, max-snippet:-1, max-image-preview:large, max-video-preview:-1\" \/>\n<link rel=\"canonical\" href=\"https:\/\/lasher.ee\/fi\/tuote\/kitten-ripset-valmisviuhkat\/\" \/>\n<meta property=\"og:locale\" content=\"fi_FI\" \/>\n<meta property=\"og:type\" content=\"article\" \/>\n<meta property=\"og:title\" content=\"Kitten lashes valmisviuhkat 0.07\" \/>\n<meta property=\"og:description\" content=\"Kitten lashes valmisviuhkat luovat pehme\u00e4n ja silmi\u00e4 avaavan ilmeen. 13- rivinen rasia sis\u00e4lt\u00e4\u00e4 1320 valmiiksi suunnattua viuhkaa.\" \/>\n<meta property=\"og:url\" content=\"https:\/\/lasher.ee\/fi\/tuote\/kitten-ripset-valmisviuhkat\/\" \/>\n<meta property=\"og:site_name\" content=\"Lasher\" \/>\n<meta property=\"article:publisher\" content=\"https:\/\/www.facebook.com\/profile.php?id=61564523265885\" \/>\n<meta property=\"article:modified_time\" content=\"2026-05-13T09:56:32+00:00\" \/>\n<meta property=\"og:image\" content=\"https:\/\/lasher.ee\/wp-content\/uploads\/2026\/01\/Kitten-lashes-1-1.jpg\" \/>\n\t<meta property=\"og:image:width\" content=\"1500\" \/>\n\t<meta property=\"og:image:height\" content=\"1500\" \/>\n\t<meta property=\"og:image:type\" content=\"image\/jpeg\" \/>\n<meta name=\"twitter:card\" content=\"summary_large_image\" \/>\n<meta name=\"twitter:label1\" content=\"Arvioitu lukuaika\" \/>\n\t<meta name=\"twitter:data1\" content=\"1 minuutti\" \/>\n<script type=\"application\/ld+json\" class=\"yoast-schema-graph\">{\"@context\":\"https:\\\/\\\/schema.org\",\"@graph\":[{\"@type\":\"WebPage\",\"@id\":\"https:\\\/\\\/lasher.ee\\\/fi\\\/tuote\\\/kitten-ripset-valmisviuhkat\\\/\",\"url\":\"https:\\\/\\\/lasher.ee\\\/fi\\\/tuote\\\/kitten-ripset-valmisviuhkat\\\/\",\"name\":\"Kitten lashes valmisviuhkat 0.07\",\"isPartOf\":{\"@id\":\"https:\\\/\\\/lasher.ee\\\/fi\\\/#website\"},\"primaryImageOfPage\":{\"@id\":\"https:\\\/\\\/lasher.ee\\\/fi\\\/tuote\\\/kitten-ripset-valmisviuhkat\\\/#primaryimage\"},\"image\":{\"@id\":\"https:\\\/\\\/lasher.ee\\\/fi\\\/tuote\\\/kitten-ripset-valmisviuhkat\\\/#primaryimage\"},\"thumbnailUrl\":\"https:\\\/\\\/lasher.ee\\\/wp-content\\\/uploads\\\/2026\\\/01\\\/Kitten-lashes-1-1.jpg\",\"datePublished\":\"2026-01-01T21:47:09+00:00\",\"dateModified\":\"2026-05-13T09:56:32+00:00\",\"description\":\"Kitten lashes valmisviuhkat luovat pehme\u00e4n ja silmi\u00e4 avaavan ilmeen. 13- rivinen rasia sis\u00e4lt\u00e4\u00e4 1320 valmiiksi suunnattua viuhkaa.\",\"breadcrumb\":{\"@id\":\"https:\\\/\\\/lasher.ee\\\/fi\\\/tuote\\\/kitten-ripset-valmisviuhkat\\\/#breadcrumb\"},\"inLanguage\":\"fi\",\"potentialAction\":[{\"@type\":\"ReadAction\",\"target\":[\"https:\\\/\\\/lasher.ee\\\/fi\\\/tuote\\\/kitten-ripset-valmisviuhkat\\\/\"]}]},{\"@type\":\"ImageObject\",\"inLanguage\":\"fi\",\"@id\":\"https:\\\/\\\/lasher.ee\\\/fi\\\/tuote\\\/kitten-ripset-valmisviuhkat\\\/#primaryimage\",\"url\":\"https:\\\/\\\/lasher.ee\\\/wp-content\\\/uploads\\\/2026\\\/01\\\/Kitten-lashes-1-1.jpg\",\"contentUrl\":\"https:\\\/\\\/lasher.ee\\\/wp-content\\\/uploads\\\/2026\\\/01\\\/Kitten-lashes-1-1.jpg\",\"width\":1500,\"height\":1500,\"caption\":\"Kitten ripset valmisviuhkat\"},{\"@type\":\"BreadcrumbList\",\"@id\":\"https:\\\/\\\/lasher.ee\\\/fi\\\/tuote\\\/kitten-ripset-valmisviuhkat\\\/#breadcrumb\",\"itemListElement\":[{\"@type\":\"ListItem\",\"position\":1,\"name\":\"Home\",\"item\":\"https:\\\/\\\/lasher.ee\\\/fi\\\/\"},{\"@type\":\"ListItem\",\"position\":2,\"name\":\"Kaikki tuotteet\",\"item\":\"https:\\\/\\\/lasher.ee\\\/fi\\\/kaikki-tuotteet\\\/\"},{\"@type\":\"ListItem\",\"position\":3,\"name\":\"Kitten lashes valmisviuhkat 0.07\"}]},{\"@type\":\"WebSite\",\"@id\":\"https:\\\/\\\/lasher.ee\\\/fi\\\/#website\",\"url\":\"https:\\\/\\\/lasher.ee\\\/fi\\\/\",\"name\":\"Lasher\",\"description\":\"K\u00f5ik vajalikud ripsmetarvikud ripsmetehnikule \u00fchest kohast.\",\"publisher\":{\"@id\":\"https:\\\/\\\/lasher.ee\\\/fi\\\/#organization\"},\"potentialAction\":[{\"@type\":\"SearchAction\",\"target\":{\"@type\":\"EntryPoint\",\"urlTemplate\":\"https:\\\/\\\/lasher.ee\\\/fi\\\/?s={search_term_string}\"},\"query-input\":{\"@type\":\"PropertyValueSpecification\",\"valueRequired\":true,\"valueName\":\"search_term_string\"}}],\"inLanguage\":\"fi\"},{\"@type\":\"Organization\",\"@id\":\"https:\\\/\\\/lasher.ee\\\/fi\\\/#organization\",\"name\":\"Lasher\",\"url\":\"https:\\\/\\\/lasher.ee\\\/fi\\\/\",\"logo\":{\"@type\":\"ImageObject\",\"inLanguage\":\"fi\",\"@id\":\"https:\\\/\\\/lasher.ee\\\/fi\\\/#\\\/schema\\\/logo\\\/image\\\/\",\"url\":\"https:\\\/\\\/lasher.ee\\\/wp-content\\\/uploads\\\/2024\\\/09\\\/Screenshot-2024-09-03-at-11.58.17.png\",\"contentUrl\":\"https:\\\/\\\/lasher.ee\\\/wp-content\\\/uploads\\\/2024\\\/09\\\/Screenshot-2024-09-03-at-11.58.17.png\",\"width\":1678,\"height\":1670,\"caption\":\"Lasher\"},\"image\":{\"@id\":\"https:\\\/\\\/lasher.ee\\\/fi\\\/#\\\/schema\\\/logo\\\/image\\\/\"},\"sameAs\":[\"https:\\\/\\\/www.facebook.com\\\/profile.php?id=61564523265885\",\"https:\\\/\\\/www.instagram.com\\\/lasher_official\\\/\"]}]}<\/script>\n<!-- \/ Yoast SEO plugin. -->","yoast_head_json":{"title":"Kitten lashes valmisviuhkat 0.07","description":"Kitten lashes valmisviuhkat luovat pehme\u00e4n ja silmi\u00e4 avaavan ilmeen. 13- rivinen rasia sis\u00e4lt\u00e4\u00e4 1320 valmiiksi suunnattua viuhkaa.","robots":{"index":"index","follow":"follow","max-snippet":"max-snippet:-1","max-image-preview":"max-image-preview:large","max-video-preview":"max-video-preview:-1"},"canonical":"https:\/\/lasher.ee\/fi\/tuote\/kitten-ripset-valmisviuhkat\/","og_locale":"fi_FI","og_type":"article","og_title":"Kitten lashes valmisviuhkat 0.07","og_description":"Kitten lashes valmisviuhkat luovat pehme\u00e4n ja silmi\u00e4 avaavan ilmeen. 13- rivinen rasia sis\u00e4lt\u00e4\u00e4 1320 valmiiksi suunnattua viuhkaa.","og_url":"https:\/\/lasher.ee\/fi\/tuote\/kitten-ripset-valmisviuhkat\/","og_site_name":"Lasher","article_publisher":"https:\/\/www.facebook.com\/profile.php?id=61564523265885","article_modified_time":"2026-05-13T09:56:32+00:00","og_image":[{"width":1500,"height":1500,"url":"https:\/\/lasher.ee\/wp-content\/uploads\/2026\/01\/Kitten-lashes-1-1.jpg","type":"image\/jpeg"}],"twitter_card":"summary_large_image","twitter_misc":{"Arvioitu lukuaika":"1 minuutti"},"schema":{"@context":"https:\/\/schema.org","@graph":[{"@type":"WebPage","@id":"https:\/\/lasher.ee\/fi\/tuote\/kitten-ripset-valmisviuhkat\/","url":"https:\/\/lasher.ee\/fi\/tuote\/kitten-ripset-valmisviuhkat\/","name":"Kitten lashes valmisviuhkat 0.07","isPartOf":{"@id":"https:\/\/lasher.ee\/fi\/#website"},"primaryImageOfPage":{"@id":"https:\/\/lasher.ee\/fi\/tuote\/kitten-ripset-valmisviuhkat\/#primaryimage"},"image":{"@id":"https:\/\/lasher.ee\/fi\/tuote\/kitten-ripset-valmisviuhkat\/#primaryimage"},"thumbnailUrl":"https:\/\/lasher.ee\/wp-content\/uploads\/2026\/01\/Kitten-lashes-1-1.jpg","datePublished":"2026-01-01T21:47:09+00:00","dateModified":"2026-05-13T09:56:32+00:00","description":"Kitten lashes valmisviuhkat luovat pehme\u00e4n ja silmi\u00e4 avaavan ilmeen. 13- rivinen rasia sis\u00e4lt\u00e4\u00e4 1320 valmiiksi suunnattua viuhkaa.","breadcrumb":{"@id":"https:\/\/lasher.ee\/fi\/tuote\/kitten-ripset-valmisviuhkat\/#breadcrumb"},"inLanguage":"fi","potentialAction":[{"@type":"ReadAction","target":["https:\/\/lasher.ee\/fi\/tuote\/kitten-ripset-valmisviuhkat\/"]}]},{"@type":"ImageObject","inLanguage":"fi","@id":"https:\/\/lasher.ee\/fi\/tuote\/kitten-ripset-valmisviuhkat\/#primaryimage","url":"https:\/\/lasher.ee\/wp-content\/uploads\/2026\/01\/Kitten-lashes-1-1.jpg","contentUrl":"https:\/\/lasher.ee\/wp-content\/uploads\/2026\/01\/Kitten-lashes-1-1.jpg","width":1500,"height":1500,"caption":"Kitten ripset valmisviuhkat"},{"@type":"BreadcrumbList","@id":"https:\/\/lasher.ee\/fi\/tuote\/kitten-ripset-valmisviuhkat\/#breadcrumb","itemListElement":[{"@type":"ListItem","position":1,"name":"Home","item":"https:\/\/lasher.ee\/fi\/"},{"@type":"ListItem","position":2,"name":"Kaikki tuotteet","item":"https:\/\/lasher.ee\/fi\/kaikki-tuotteet\/"},{"@type":"ListItem","position":3,"name":"Kitten lashes valmisviuhkat 0.07"}]},{"@type":"WebSite","@id":"https:\/\/lasher.ee\/fi\/#website","url":"https:\/\/lasher.ee\/fi\/","name":"Lasher","description":"K\u00f5ik vajalikud ripsmetarvikud ripsmetehnikule \u00fchest kohast.","publisher":{"@id":"https:\/\/lasher.ee\/fi\/#organization"},"potentialAction":[{"@type":"SearchAction","target":{"@type":"EntryPoint","urlTemplate":"https:\/\/lasher.ee\/fi\/?s={search_term_string}"},"query-input":{"@type":"PropertyValueSpecification","valueRequired":true,"valueName":"search_term_string"}}],"inLanguage":"fi"},{"@type":"Organization","@id":"https:\/\/lasher.ee\/fi\/#organization","name":"Lasher","url":"https:\/\/lasher.ee\/fi\/","logo":{"@type":"ImageObject","inLanguage":"fi","@id":"https:\/\/lasher.ee\/fi\/#\/schema\/logo\/image\/","url":"https:\/\/lasher.ee\/wp-content\/uploads\/2024\/09\/Screenshot-2024-09-03-at-11.58.17.png","contentUrl":"https:\/\/lasher.ee\/wp-content\/uploads\/2024\/09\/Screenshot-2024-09-03-at-11.58.17.png","width":1678,"height":1670,"caption":"Lasher"},"image":{"@id":"https:\/\/lasher.ee\/fi\/#\/schema\/logo\/image\/"},"sameAs":["https:\/\/www.facebook.com\/profile.php?id=61564523265885","https:\/\/www.instagram.com\/lasher_official\/"]}]}},"_links":{"self":[{"href":"https:\/\/lasher.ee\/fi\/wp-json\/wp\/v2\/product\/12150","targetHints":{"allow":["GET"]}}],"collection":[{"href":"https:\/\/lasher.ee\/fi\/wp-json\/wp\/v2\/product"}],"about":[{"href":"https:\/\/lasher.ee\/fi\/wp-json\/wp\/v2\/types\/product"}],"replies":[{"embeddable":true,"href":"https:\/\/lasher.ee\/fi\/wp-json\/wp\/v2\/comments?post=12150"}],"wp:featuredmedia":[{"embeddable":true,"href":"https:\/\/lasher.ee\/fi\/wp-json\/wp\/v2\/media\/12161"}],"wp:attachment":[{"href":"https:\/\/lasher.ee\/fi\/wp-json\/wp\/v2\/media?parent=12150"}],"wp:term":[{"taxonomy":"product_brand","embeddable":true,"href":"https:\/\/lasher.ee\/fi\/wp-json\/wp\/v2\/product_brand?post=12150"},{"taxonomy":"product_cat","embeddable":true,"href":"https:\/\/lasher.ee\/fi\/wp-json\/wp\/v2\/product_cat?post=12150"},{"taxonomy":"product_tag","embeddable":true,"href":"https:\/\/lasher.ee\/fi\/wp-json\/wp\/v2\/product_tag?post=12150"}],"curies":[{"name":"wp","href":"https:\/\/api.w.org\/{rel}","templated":true}]}}