{"id":12546,"date":"2026-01-31T09:45:28","date_gmt":"2026-01-31T07:45:28","guid":{"rendered":"https:\/\/lasher.ee\/uv-led-ripsmelamp-kahe-led-pirniga\/"},"modified":"2026-03-09T13:05:06","modified_gmt":"2026-03-09T11:05:06","slug":"uv-led-ripsilamppu-2-led-lampulla","status":"publish","type":"product","link":"https:\/\/lasher.ee\/fi\/tuote\/uv-led-ripsilamppu-2-led-lampulla\/","title":{"rendered":"UV LED ripsilamppu kahdella LED lampulla"},"content":{"rendered":"<p>UV LED ripsilamppu kahdella LED lampulla.<\/p>\n","protected":false},"excerpt":{"rendered":"<p>Ammattimainen UV LED ripsilamppu kahdella LED lampulla, jota k\u00e4ytet\u00e4\u00e4n ripsipidennysten UV LED liiman kovettamiseen. Toisin kuin monet perinteiset lamput, t\u00e4ss\u00e4 mallissa on kahden valonl\u00e4hteen j\u00e4rjestelm\u00e4: valkoinen ja violetti valospektri. Lampussa on s\u00e4\u00e4dett\u00e4v\u00e4 kirkkaus (10\u2013100 %) sek\u00e4 vaihdettavat l\u00e4mpim\u00e4n ja kylm\u00e4n valon vaihtoehdot. LED lamput ovat vaihdettavissa ty\u00f6skentelytarpeen mukaan. Vaihdettavien LED lamppujen ansiosta laite on monipuolisempi kuin kiinte\u00e4ll\u00e4 valonl\u00e4hteell\u00e4 varustetut lamput, se mahdollistaa hell\u00e4varaisen valaistuksen herkille asiakkaille tai voimakkaamman UV valon nopeaan kovettamiseen.<\/p>\n<p><em>Violetti LED lamppu<\/em> \u2013 395\u2013400 nm mahdollistaa nopeamman ty\u00f6skentelyn.<br \/>\n<em>Valkoinen LED lamppu<\/em> \u2013 405 nm \/ 6500K\u00a0 tarjoaa pehme\u00e4mm\u00e4n valon ja v\u00e4hemm\u00e4n UV s\u00e4teily\u00e4, sopii herkk\u00e4silm\u00e4isille asiakkaille tai tilanteisiin, joissa halutaan lempe\u00e4mpi valaistus.<\/p>\n<h6><strong>Pakkaus sis\u00e4lt\u00e4\u00e4:<\/strong><\/h6>\n<p>2 LED lamppu (valkoinen ja violetti)<br \/>\n1 teleskooppivarsi<br \/>\n1 jatkovarsi<br \/>\n1 jalusta<br \/>\n1 jalkakytkin<br \/>\n1 suojalasit<br \/>\nK\u00e4ytt\u00f6ohje<\/p>\n<h6><strong>K\u00e4ytt\u00f6<\/strong><\/h6>\n<p><em>Lampun asennus:<\/em> kokoa lamppu k\u00e4ytt\u00f6ohjeen mukaisesti, aseta se ty\u00f6p\u00f6yd\u00e4lle ja s\u00e4\u00e4d\u00e4 joustava varsi haluttuun kulmaan.<br \/>\n<em>K\u00e4ynnistys<\/em>: kytke lamppu virtal\u00e4hteeseen ja k\u00e4yt\u00e4 jalkakytkint\u00e4 valon p\u00e4\u00e4lle- ja poiskytkemiseen.<br \/>\n<em>Valon s\u00e4\u00e4t\u00e4minen<\/em>: s\u00e4\u00e4d\u00e4 valon voimakkuutta ty\u00f6skentelytarpeidesi mukaan.<\/p>\n<h6><strong>Turvallisuusohjeet<\/strong><\/h6>\n<p>UV LED ripsienpidennyslamppu on tarkoitettu ainoastaan ammattik\u00e4ytt\u00f6\u00f6n. Ennen k\u00e4ytt\u00f6\u00e4 tulee lukea huolellisesti k\u00e4ytt\u00f6ohje ja kaikki turvallisuusm\u00e4\u00e4r\u00e4ykset sek\u00e4 noudattaa niit\u00e4 tarkasti. Ohjeita noudattaen lamppu ei vahingoita silmi\u00e4si.\u2028Asiakkaan silmien tulee olla suljettuina ja suojattuina pehmusteilla tai teipill\u00e4. Varmista, ettei sin\u00e4 eik\u00e4 asiakas katso suoraan valonl\u00e4hteeseen. Oikein k\u00e4ytettyn\u00e4 n\u00e4in ei tapahdu, sill\u00e4 lamppu suuntaa valon ylh\u00e4\u00e4lt\u00e4 suljetuille silm\u00e4luomille, ei suoraan silmiin.\u2028K\u00e4yt\u00e4 UV400-suojalaseja.<\/p>\n<p>Tuote t\u00e4ytt\u00e4\u00e4 kaikki EU:n asettamat vaatimukset ja on turvallinen k\u00e4ytt\u00e4\u00e4.<br \/>\nSertifikaatit: LVD \/ CE \/ RoHS \/ IEC 62471<\/p>\n<p>LVD- European Union directive regulating the safety of electrical equipment. The marking indicates that the lamp meets electrical safety requirements.<br \/>\nCE- the product complies with all EU safety, health, and environmental protection requirements.<br \/>\nRoHS- the lamp does not contain prohibited or hazardous substances (e.g., lead, mercury, cadmium) above the permitted limits.<br \/>\nIEC 62471- indicates the UV lamp\u2019s radiation safety for eyes and skin. The lamp is classified according to a risk group (RG0\u2013RG3), where RG0 is safe and RG3 represents a high risk.<\/p>\n<p>&nbsp;<\/p>\n","protected":false},"featured_media":12542,"comment_status":"open","ping_status":"closed","template":"","meta":{"site-sidebar-layout":"default","site-content-layout":"","ast-site-content-layout":"default","site-content-style":"default","site-sidebar-style":"default","ast-global-header-display":"","ast-banner-title-visibility":"","ast-main-header-display":"","ast-hfb-above-header-display":"","ast-hfb-below-header-display":"","ast-hfb-mobile-header-display":"","site-post-title":"","ast-breadcrumbs-content":"","ast-featured-img":"","footer-sml-layout":"","ast-disable-related-posts":"","theme-transparent-header-meta":"default","adv-header-id-meta":"","stick-header-meta":"","header-above-stick-meta":"","header-main-stick-meta":"","header-below-stick-meta":"","astra-migrate-meta-layouts":"set","ast-page-background-enabled":"default","ast-page-background-meta":{"desktop":{"background-color":"var(--ast-global-color-4)","background-image":"","background-repeat":"repeat","background-position":"center center","background-size":"auto","background-attachment":"scroll","background-type":"","background-media":"","overlay-type":"","overlay-color":"","overlay-opacity":"","overlay-gradient":""},"tablet":{"background-color":"","background-image":"","background-repeat":"repeat","background-position":"center center","background-size":"auto","background-attachment":"scroll","background-type":"","background-media":"","overlay-type":"","overlay-color":"","overlay-opacity":"","overlay-gradient":""},"mobile":{"background-color":"","background-image":"","background-repeat":"repeat","background-position":"center center","background-size":"auto","background-attachment":"scroll","background-type":"","background-media":"","overlay-type":"","overlay-color":"","overlay-opacity":"","overlay-gradient":""}},"ast-content-background-meta":{"desktop":{"background-color":"var(--ast-global-color-5)","background-image":"","background-repeat":"repeat","background-position":"center center","background-size":"auto","background-attachment":"scroll","background-type":"","background-media":"","overlay-type":"","overlay-color":"","overlay-opacity":"","overlay-gradient":""},"tablet":{"background-color":"var(--ast-global-color-5)","background-image":"","background-repeat":"repeat","background-position":"center center","background-size":"auto","background-attachment":"scroll","background-type":"","background-media":"","overlay-type":"","overlay-color":"","overlay-opacity":"","overlay-gradient":""},"mobile":{"background-color":"var(--ast-global-color-5)","background-image":"","background-repeat":"repeat","background-position":"center center","background-size":"auto","background-attachment":"scroll","background-type":"","background-media":"","overlay-type":"","overlay-color":"","overlay-opacity":"","overlay-gradient":""}}},"product_brand":[],"product_cat":[134],"product_tag":[],"class_list":{"0":"post-12546","1":"product","2":"type-product","3":"status-publish","4":"has-post-thumbnail","6":"product_cat-uv-led-ripset","7":"desktop-align-left","8":"tablet-align-left","9":"mobile-align-left","11":"first","12":"instock","13":"shipping-taxable","14":"purchasable","15":"product-type-variable"},"yoast_head":"<!-- This site is optimized with the Yoast SEO plugin v27.3 - https:\/\/yoast.com\/product\/yoast-seo-wordpress\/ -->\n<title>UV LED ripsilamppu kahdella LED lampulla - Lasher<\/title>\n<meta name=\"description\" content=\"UV LED ripsilamppu kahdella LED lampulla (valkoinen ja violetti), jota k\u00e4ytet\u00e4\u00e4n ripsipidennysten UV LED liiman kovettamiseen.\" \/>\n<meta name=\"robots\" content=\"index, follow, max-snippet:-1, max-image-preview:large, max-video-preview:-1\" \/>\n<link rel=\"canonical\" href=\"https:\/\/lasher.ee\/fi\/tuote\/uv-led-ripsilamppu-2-led-lampulla\/\" \/>\n<meta property=\"og:locale\" content=\"fi_FI\" \/>\n<meta property=\"og:type\" content=\"article\" \/>\n<meta property=\"og:title\" content=\"UV LED ripsilamppu kahdella LED lampulla - Lasher\" \/>\n<meta property=\"og:description\" content=\"UV LED ripsilamppu kahdella LED lampulla (valkoinen ja violetti), jota k\u00e4ytet\u00e4\u00e4n ripsipidennysten UV LED liiman kovettamiseen.\" \/>\n<meta property=\"og:url\" content=\"https:\/\/lasher.ee\/fi\/tuote\/uv-led-ripsilamppu-2-led-lampulla\/\" \/>\n<meta property=\"og:site_name\" content=\"Lasher\" \/>\n<meta property=\"article:publisher\" content=\"https:\/\/www.facebook.com\/profile.php?id=61564523265885\" \/>\n<meta property=\"article:modified_time\" content=\"2026-03-09T11:05:06+00:00\" \/>\n<meta property=\"og:image\" content=\"https:\/\/lasher.ee\/wp-content\/uploads\/2026\/01\/H2a6799f3d294426aa6f6f83a6442a9ffK.jpg\" \/>\n\t<meta property=\"og:image:width\" content=\"1024\" \/>\n\t<meta property=\"og:image:height\" content=\"1024\" \/>\n\t<meta property=\"og:image:type\" content=\"image\/jpeg\" \/>\n<meta name=\"twitter:card\" content=\"summary_large_image\" \/>\n<meta name=\"twitter:label1\" content=\"Arvioitu lukuaika\" \/>\n\t<meta name=\"twitter:data1\" content=\"1 minuutti\" \/>\n<script type=\"application\/ld+json\" class=\"yoast-schema-graph\">{\"@context\":\"https:\\\/\\\/schema.org\",\"@graph\":[{\"@type\":\"WebPage\",\"@id\":\"https:\\\/\\\/lasher.ee\\\/fi\\\/tuote\\\/uv-led-ripsilamppu-2-led-lampulla\\\/\",\"url\":\"https:\\\/\\\/lasher.ee\\\/fi\\\/tuote\\\/uv-led-ripsilamppu-2-led-lampulla\\\/\",\"name\":\"UV LED ripsilamppu kahdella LED lampulla - Lasher\",\"isPartOf\":{\"@id\":\"https:\\\/\\\/lasher.ee\\\/fi\\\/#website\"},\"primaryImageOfPage\":{\"@id\":\"https:\\\/\\\/lasher.ee\\\/fi\\\/tuote\\\/uv-led-ripsilamppu-2-led-lampulla\\\/#primaryimage\"},\"image\":{\"@id\":\"https:\\\/\\\/lasher.ee\\\/fi\\\/tuote\\\/uv-led-ripsilamppu-2-led-lampulla\\\/#primaryimage\"},\"thumbnailUrl\":\"https:\\\/\\\/lasher.ee\\\/wp-content\\\/uploads\\\/2026\\\/01\\\/H2a6799f3d294426aa6f6f83a6442a9ffK.jpg\",\"datePublished\":\"2026-01-31T07:45:28+00:00\",\"dateModified\":\"2026-03-09T11:05:06+00:00\",\"description\":\"UV LED ripsilamppu kahdella LED lampulla (valkoinen ja violetti), jota k\u00e4ytet\u00e4\u00e4n ripsipidennysten UV LED liiman kovettamiseen.\",\"breadcrumb\":{\"@id\":\"https:\\\/\\\/lasher.ee\\\/fi\\\/tuote\\\/uv-led-ripsilamppu-2-led-lampulla\\\/#breadcrumb\"},\"inLanguage\":\"fi\",\"potentialAction\":[{\"@type\":\"ReadAction\",\"target\":[\"https:\\\/\\\/lasher.ee\\\/fi\\\/tuote\\\/uv-led-ripsilamppu-2-led-lampulla\\\/\"]}]},{\"@type\":\"ImageObject\",\"inLanguage\":\"fi\",\"@id\":\"https:\\\/\\\/lasher.ee\\\/fi\\\/tuote\\\/uv-led-ripsilamppu-2-led-lampulla\\\/#primaryimage\",\"url\":\"https:\\\/\\\/lasher.ee\\\/wp-content\\\/uploads\\\/2026\\\/01\\\/H2a6799f3d294426aa6f6f83a6442a9ffK.jpg\",\"contentUrl\":\"https:\\\/\\\/lasher.ee\\\/wp-content\\\/uploads\\\/2026\\\/01\\\/H2a6799f3d294426aa6f6f83a6442a9ffK.jpg\",\"width\":1024,\"height\":1024,\"caption\":\"UV LED ripsilamppu kahdella LED lampulla.\"},{\"@type\":\"BreadcrumbList\",\"@id\":\"https:\\\/\\\/lasher.ee\\\/fi\\\/tuote\\\/uv-led-ripsilamppu-2-led-lampulla\\\/#breadcrumb\",\"itemListElement\":[{\"@type\":\"ListItem\",\"position\":1,\"name\":\"Home\",\"item\":\"https:\\\/\\\/lasher.ee\\\/fi\\\/\"},{\"@type\":\"ListItem\",\"position\":2,\"name\":\"Kaikki tuotteet\",\"item\":\"https:\\\/\\\/lasher.ee\\\/fi\\\/kaikki-tuotteet\\\/\"},{\"@type\":\"ListItem\",\"position\":3,\"name\":\"UV LED ripsilamppu kahdella LED lampulla\"}]},{\"@type\":\"WebSite\",\"@id\":\"https:\\\/\\\/lasher.ee\\\/fi\\\/#website\",\"url\":\"https:\\\/\\\/lasher.ee\\\/fi\\\/\",\"name\":\"Lasher\",\"description\":\"K\u00f5ik vajalikud ripsmetarvikud ripsmetehnikule \u00fchest kohast.\",\"publisher\":{\"@id\":\"https:\\\/\\\/lasher.ee\\\/fi\\\/#organization\"},\"potentialAction\":[{\"@type\":\"SearchAction\",\"target\":{\"@type\":\"EntryPoint\",\"urlTemplate\":\"https:\\\/\\\/lasher.ee\\\/fi\\\/?s={search_term_string}\"},\"query-input\":{\"@type\":\"PropertyValueSpecification\",\"valueRequired\":true,\"valueName\":\"search_term_string\"}}],\"inLanguage\":\"fi\"},{\"@type\":\"Organization\",\"@id\":\"https:\\\/\\\/lasher.ee\\\/fi\\\/#organization\",\"name\":\"Lasher\",\"url\":\"https:\\\/\\\/lasher.ee\\\/fi\\\/\",\"logo\":{\"@type\":\"ImageObject\",\"inLanguage\":\"fi\",\"@id\":\"https:\\\/\\\/lasher.ee\\\/fi\\\/#\\\/schema\\\/logo\\\/image\\\/\",\"url\":\"https:\\\/\\\/lasher.ee\\\/wp-content\\\/uploads\\\/2024\\\/09\\\/Screenshot-2024-09-03-at-11.58.17.png\",\"contentUrl\":\"https:\\\/\\\/lasher.ee\\\/wp-content\\\/uploads\\\/2024\\\/09\\\/Screenshot-2024-09-03-at-11.58.17.png\",\"width\":1678,\"height\":1670,\"caption\":\"Lasher\"},\"image\":{\"@id\":\"https:\\\/\\\/lasher.ee\\\/fi\\\/#\\\/schema\\\/logo\\\/image\\\/\"},\"sameAs\":[\"https:\\\/\\\/www.facebook.com\\\/profile.php?id=61564523265885\",\"https:\\\/\\\/www.instagram.com\\\/lasher_official\\\/\"]}]}<\/script>\n<!-- \/ Yoast SEO plugin. -->","yoast_head_json":{"title":"UV LED ripsilamppu kahdella LED lampulla - Lasher","description":"UV LED ripsilamppu kahdella LED lampulla (valkoinen ja violetti), jota k\u00e4ytet\u00e4\u00e4n ripsipidennysten UV LED liiman kovettamiseen.","robots":{"index":"index","follow":"follow","max-snippet":"max-snippet:-1","max-image-preview":"max-image-preview:large","max-video-preview":"max-video-preview:-1"},"canonical":"https:\/\/lasher.ee\/fi\/tuote\/uv-led-ripsilamppu-2-led-lampulla\/","og_locale":"fi_FI","og_type":"article","og_title":"UV LED ripsilamppu kahdella LED lampulla - Lasher","og_description":"UV LED ripsilamppu kahdella LED lampulla (valkoinen ja violetti), jota k\u00e4ytet\u00e4\u00e4n ripsipidennysten UV LED liiman kovettamiseen.","og_url":"https:\/\/lasher.ee\/fi\/tuote\/uv-led-ripsilamppu-2-led-lampulla\/","og_site_name":"Lasher","article_publisher":"https:\/\/www.facebook.com\/profile.php?id=61564523265885","article_modified_time":"2026-03-09T11:05:06+00:00","og_image":[{"width":1024,"height":1024,"url":"https:\/\/lasher.ee\/wp-content\/uploads\/2026\/01\/H2a6799f3d294426aa6f6f83a6442a9ffK.jpg","type":"image\/jpeg"}],"twitter_card":"summary_large_image","twitter_misc":{"Arvioitu lukuaika":"1 minuutti"},"schema":{"@context":"https:\/\/schema.org","@graph":[{"@type":"WebPage","@id":"https:\/\/lasher.ee\/fi\/tuote\/uv-led-ripsilamppu-2-led-lampulla\/","url":"https:\/\/lasher.ee\/fi\/tuote\/uv-led-ripsilamppu-2-led-lampulla\/","name":"UV LED ripsilamppu kahdella LED lampulla - Lasher","isPartOf":{"@id":"https:\/\/lasher.ee\/fi\/#website"},"primaryImageOfPage":{"@id":"https:\/\/lasher.ee\/fi\/tuote\/uv-led-ripsilamppu-2-led-lampulla\/#primaryimage"},"image":{"@id":"https:\/\/lasher.ee\/fi\/tuote\/uv-led-ripsilamppu-2-led-lampulla\/#primaryimage"},"thumbnailUrl":"https:\/\/lasher.ee\/wp-content\/uploads\/2026\/01\/H2a6799f3d294426aa6f6f83a6442a9ffK.jpg","datePublished":"2026-01-31T07:45:28+00:00","dateModified":"2026-03-09T11:05:06+00:00","description":"UV LED ripsilamppu kahdella LED lampulla (valkoinen ja violetti), jota k\u00e4ytet\u00e4\u00e4n ripsipidennysten UV LED liiman kovettamiseen.","breadcrumb":{"@id":"https:\/\/lasher.ee\/fi\/tuote\/uv-led-ripsilamppu-2-led-lampulla\/#breadcrumb"},"inLanguage":"fi","potentialAction":[{"@type":"ReadAction","target":["https:\/\/lasher.ee\/fi\/tuote\/uv-led-ripsilamppu-2-led-lampulla\/"]}]},{"@type":"ImageObject","inLanguage":"fi","@id":"https:\/\/lasher.ee\/fi\/tuote\/uv-led-ripsilamppu-2-led-lampulla\/#primaryimage","url":"https:\/\/lasher.ee\/wp-content\/uploads\/2026\/01\/H2a6799f3d294426aa6f6f83a6442a9ffK.jpg","contentUrl":"https:\/\/lasher.ee\/wp-content\/uploads\/2026\/01\/H2a6799f3d294426aa6f6f83a6442a9ffK.jpg","width":1024,"height":1024,"caption":"UV LED ripsilamppu kahdella LED lampulla."},{"@type":"BreadcrumbList","@id":"https:\/\/lasher.ee\/fi\/tuote\/uv-led-ripsilamppu-2-led-lampulla\/#breadcrumb","itemListElement":[{"@type":"ListItem","position":1,"name":"Home","item":"https:\/\/lasher.ee\/fi\/"},{"@type":"ListItem","position":2,"name":"Kaikki tuotteet","item":"https:\/\/lasher.ee\/fi\/kaikki-tuotteet\/"},{"@type":"ListItem","position":3,"name":"UV LED ripsilamppu kahdella LED lampulla"}]},{"@type":"WebSite","@id":"https:\/\/lasher.ee\/fi\/#website","url":"https:\/\/lasher.ee\/fi\/","name":"Lasher","description":"K\u00f5ik vajalikud ripsmetarvikud ripsmetehnikule \u00fchest kohast.","publisher":{"@id":"https:\/\/lasher.ee\/fi\/#organization"},"potentialAction":[{"@type":"SearchAction","target":{"@type":"EntryPoint","urlTemplate":"https:\/\/lasher.ee\/fi\/?s={search_term_string}"},"query-input":{"@type":"PropertyValueSpecification","valueRequired":true,"valueName":"search_term_string"}}],"inLanguage":"fi"},{"@type":"Organization","@id":"https:\/\/lasher.ee\/fi\/#organization","name":"Lasher","url":"https:\/\/lasher.ee\/fi\/","logo":{"@type":"ImageObject","inLanguage":"fi","@id":"https:\/\/lasher.ee\/fi\/#\/schema\/logo\/image\/","url":"https:\/\/lasher.ee\/wp-content\/uploads\/2024\/09\/Screenshot-2024-09-03-at-11.58.17.png","contentUrl":"https:\/\/lasher.ee\/wp-content\/uploads\/2024\/09\/Screenshot-2024-09-03-at-11.58.17.png","width":1678,"height":1670,"caption":"Lasher"},"image":{"@id":"https:\/\/lasher.ee\/fi\/#\/schema\/logo\/image\/"},"sameAs":["https:\/\/www.facebook.com\/profile.php?id=61564523265885","https:\/\/www.instagram.com\/lasher_official\/"]}]}},"_links":{"self":[{"href":"https:\/\/lasher.ee\/fi\/wp-json\/wp\/v2\/product\/12546","targetHints":{"allow":["GET"]}}],"collection":[{"href":"https:\/\/lasher.ee\/fi\/wp-json\/wp\/v2\/product"}],"about":[{"href":"https:\/\/lasher.ee\/fi\/wp-json\/wp\/v2\/types\/product"}],"replies":[{"embeddable":true,"href":"https:\/\/lasher.ee\/fi\/wp-json\/wp\/v2\/comments?post=12546"}],"wp:featuredmedia":[{"embeddable":true,"href":"https:\/\/lasher.ee\/fi\/wp-json\/wp\/v2\/media\/12542"}],"wp:attachment":[{"href":"https:\/\/lasher.ee\/fi\/wp-json\/wp\/v2\/media?parent=12546"}],"wp:term":[{"taxonomy":"product_brand","embeddable":true,"href":"https:\/\/lasher.ee\/fi\/wp-json\/wp\/v2\/product_brand?post=12546"},{"taxonomy":"product_cat","embeddable":true,"href":"https:\/\/lasher.ee\/fi\/wp-json\/wp\/v2\/product_cat?post=12546"},{"taxonomy":"product_tag","embeddable":true,"href":"https:\/\/lasher.ee\/fi\/wp-json\/wp\/v2\/product_tag?post=12546"}],"curies":[{"name":"wp","href":"https:\/\/api.w.org\/{rel}","templated":true}]}}