{"id":16501,"date":"2026-02-05T13:38:31","date_gmt":"2026-02-05T11:38:31","guid":{"rendered":"https:\/\/lasher.ee\/?post_type=product&#038;p=16501"},"modified":"2026-05-13T12:56:32","modified_gmt":"2026-05-13T09:56:32","slug":"4d-w-valmisviuhkat-0-07","status":"publish","type":"product","link":"https:\/\/lasher.ee\/fi\/tuote\/4d-w-valmisviuhkat-0-07\/","title":{"rendered":"4D W valmisviuhkat 0.07 mix 8-13mm"},"content":{"rendered":"<p>4D W valmisviuhkat 0.07 mix 8-13mm.<\/p>\n","protected":false},"excerpt":{"rendered":"<p>4D W valmisviuhkat muistuttavat tavallisia 4D- viuhkoja, mutta n\u00e4ytt\u00e4v\u00e4t volyymikkaammilta. 4D W koostuu nelj\u00e4st\u00e4 ripsest\u00e4, jotka on yhdistetty 4D tyyliseksi viuhkaksi. Suurin ero W ja perinteisten valmisviuhkojen v\u00e4lill\u00e4 on niiden valmistustekniikassa sek\u00e4 siin\u00e4, miten ripset on aseteltu ripsinauhalle. W viuhkat on asetettu niin, ett\u00e4 ne nopeuttavat merkitt\u00e4v\u00e4sti ripsien laitto prosessia. Kun viuhkan irrottaa nauhalta, se tarvitsee vain nostaa ja asettaa suoraan luonnonripselle ilman lis\u00e4avaamista tai muotoilua.<\/p>\n<p>Ne sopivat t\u00e4ydellisesti nopeaan asennukseen sek\u00e4 kevyen ja luonnollisen volyymin luomiseen my\u00f6s aloittelevalle tekij\u00e4lle. Riste\u00e4v\u00e4 rakenne sopii erinomaisesti asiakkaalle, jolla on harvat ripset, antaen t\u00e4ytel\u00e4isemm\u00e4n lopputuloksen.<\/p>\n<p>4D W valmiit viuhkat ovat aikaa ja kustannuksia s\u00e4\u00e4st\u00e4v\u00e4 ratkaisu, ne toimivat kuten valmisviuhkat, mutta ne kiinnitet\u00e4\u00e4n kuten klassiset ripsipidennykset.<\/p>\n<p>Valikoimassa on C, CC, D ja M mix rasiat.<\/p>\n","protected":false},"featured_media":16561,"comment_status":"open","ping_status":"closed","template":"","meta":{"site-sidebar-layout":"default","site-content-layout":"","ast-site-content-layout":"default","site-content-style":"default","site-sidebar-style":"default","ast-global-header-display":"","ast-banner-title-visibility":"","ast-main-header-display":"","ast-hfb-above-header-display":"","ast-hfb-below-header-display":"","ast-hfb-mobile-header-display":"","site-post-title":"","ast-breadcrumbs-content":"","ast-featured-img":"","footer-sml-layout":"","ast-disable-related-posts":"","theme-transparent-header-meta":"default","adv-header-id-meta":"","stick-header-meta":"","header-above-stick-meta":"","header-main-stick-meta":"","header-below-stick-meta":"","astra-migrate-meta-layouts":"set","ast-page-background-enabled":"default","ast-page-background-meta":{"desktop":{"background-color":"var(--ast-global-color-4)","background-image":"","background-repeat":"repeat","background-position":"center center","background-size":"auto","background-attachment":"scroll","background-type":"","background-media":"","overlay-type":"","overlay-color":"","overlay-opacity":"","overlay-gradient":""},"tablet":{"background-color":"","background-image":"","background-repeat":"repeat","background-position":"center center","background-size":"auto","background-attachment":"scroll","background-type":"","background-media":"","overlay-type":"","overlay-color":"","overlay-opacity":"","overlay-gradient":""},"mobile":{"background-color":"","background-image":"","background-repeat":"repeat","background-position":"center center","background-size":"auto","background-attachment":"scroll","background-type":"","background-media":"","overlay-type":"","overlay-color":"","overlay-opacity":"","overlay-gradient":""}},"ast-content-background-meta":{"desktop":{"background-color":"var(--ast-global-color-5)","background-image":"","background-repeat":"repeat","background-position":"center center","background-size":"auto","background-attachment":"scroll","background-type":"","background-media":"","overlay-type":"","overlay-color":"","overlay-opacity":"","overlay-gradient":""},"tablet":{"background-color":"var(--ast-global-color-5)","background-image":"","background-repeat":"repeat","background-position":"center center","background-size":"auto","background-attachment":"scroll","background-type":"","background-media":"","overlay-type":"","overlay-color":"","overlay-opacity":"","overlay-gradient":""},"mobile":{"background-color":"var(--ast-global-color-5)","background-image":"","background-repeat":"repeat","background-position":"center center","background-size":"auto","background-attachment":"scroll","background-type":"","background-media":"","overlay-type":"","overlay-color":"","overlay-opacity":"","overlay-gradient":""}}},"product_brand":[],"product_cat":[90,121],"product_tag":[],"class_list":{"0":"post-16501","1":"product","2":"type-product","3":"status-publish","4":"has-post-thumbnail","6":"product_cat-ripset","7":"product_cat-valmisviuhkat","8":"desktop-align-left","9":"tablet-align-left","10":"mobile-align-left","12":"first","13":"instock","14":"shipping-taxable","15":"purchasable","16":"product-type-variable"},"yoast_head":"<!-- This site is optimized with the Yoast SEO plugin v27.5 - https:\/\/yoast.com\/product\/yoast-seo-wordpress\/ -->\n<title>4D W valmisviuhkat 0.07 - Lasher<\/title>\n<meta name=\"description\" content=\"4D W valmisviuhkat 0.07 ovat aikaa ja kustannuksia s\u00e4\u00e4st\u00e4v\u00e4 ratkaisu, toimivat kuten valmisviuhkat, mutta ne kiinnitet\u00e4\u00e4n kuten klassiset ripsipidennykset.\" \/>\n<meta name=\"robots\" content=\"index, follow, max-snippet:-1, max-image-preview:large, max-video-preview:-1\" \/>\n<link rel=\"canonical\" href=\"https:\/\/lasher.ee\/fi\/tuote\/4d-w-valmisviuhkat-0-07\/\" \/>\n<meta property=\"og:locale\" content=\"fi_FI\" \/>\n<meta property=\"og:type\" content=\"article\" \/>\n<meta property=\"og:title\" content=\"4D W valmisviuhkat 0.07 - Lasher\" \/>\n<meta property=\"og:description\" content=\"4D W valmisviuhkat 0.07 ovat aikaa ja kustannuksia s\u00e4\u00e4st\u00e4v\u00e4 ratkaisu, toimivat kuten valmisviuhkat, mutta ne kiinnitet\u00e4\u00e4n kuten klassiset ripsipidennykset.\" \/>\n<meta property=\"og:url\" content=\"https:\/\/lasher.ee\/fi\/tuote\/4d-w-valmisviuhkat-0-07\/\" \/>\n<meta property=\"og:site_name\" content=\"Lasher\" \/>\n<meta property=\"article:publisher\" content=\"https:\/\/www.facebook.com\/profile.php?id=61564523265885\" \/>\n<meta property=\"article:modified_time\" content=\"2026-05-13T09:56:32+00:00\" \/>\n<meta property=\"og:image\" content=\"https:\/\/lasher.ee\/wp-content\/uploads\/2026\/02\/IMG_2099-1-1.jpg\" \/>\n\t<meta property=\"og:image:width\" content=\"1100\" \/>\n\t<meta property=\"og:image:height\" content=\"1100\" \/>\n\t<meta property=\"og:image:type\" content=\"image\/jpeg\" \/>\n<meta name=\"twitter:card\" content=\"summary_large_image\" \/>\n<meta name=\"twitter:label1\" content=\"Arvioitu lukuaika\" \/>\n\t<meta name=\"twitter:data1\" content=\"1 minuutti\" \/>\n<script type=\"application\/ld+json\" class=\"yoast-schema-graph\">{\"@context\":\"https:\\\/\\\/schema.org\",\"@graph\":[{\"@type\":\"WebPage\",\"@id\":\"https:\\\/\\\/lasher.ee\\\/fi\\\/tuote\\\/4d-w-valmisviuhkat-0-07\\\/\",\"url\":\"https:\\\/\\\/lasher.ee\\\/fi\\\/tuote\\\/4d-w-valmisviuhkat-0-07\\\/\",\"name\":\"4D W valmisviuhkat 0.07 - Lasher\",\"isPartOf\":{\"@id\":\"https:\\\/\\\/lasher.ee\\\/fi\\\/#website\"},\"primaryImageOfPage\":{\"@id\":\"https:\\\/\\\/lasher.ee\\\/fi\\\/tuote\\\/4d-w-valmisviuhkat-0-07\\\/#primaryimage\"},\"image\":{\"@id\":\"https:\\\/\\\/lasher.ee\\\/fi\\\/tuote\\\/4d-w-valmisviuhkat-0-07\\\/#primaryimage\"},\"thumbnailUrl\":\"https:\\\/\\\/lasher.ee\\\/wp-content\\\/uploads\\\/2026\\\/02\\\/IMG_2099-1-1.jpg\",\"datePublished\":\"2026-02-05T11:38:31+00:00\",\"dateModified\":\"2026-05-13T09:56:32+00:00\",\"description\":\"4D W valmisviuhkat 0.07 ovat aikaa ja kustannuksia s\u00e4\u00e4st\u00e4v\u00e4 ratkaisu, toimivat kuten valmisviuhkat, mutta ne kiinnitet\u00e4\u00e4n kuten klassiset ripsipidennykset.\",\"breadcrumb\":{\"@id\":\"https:\\\/\\\/lasher.ee\\\/fi\\\/tuote\\\/4d-w-valmisviuhkat-0-07\\\/#breadcrumb\"},\"inLanguage\":\"fi\",\"potentialAction\":[{\"@type\":\"ReadAction\",\"target\":[\"https:\\\/\\\/lasher.ee\\\/fi\\\/tuote\\\/4d-w-valmisviuhkat-0-07\\\/\"]}]},{\"@type\":\"ImageObject\",\"inLanguage\":\"fi\",\"@id\":\"https:\\\/\\\/lasher.ee\\\/fi\\\/tuote\\\/4d-w-valmisviuhkat-0-07\\\/#primaryimage\",\"url\":\"https:\\\/\\\/lasher.ee\\\/wp-content\\\/uploads\\\/2026\\\/02\\\/IMG_2099-1-1.jpg\",\"contentUrl\":\"https:\\\/\\\/lasher.ee\\\/wp-content\\\/uploads\\\/2026\\\/02\\\/IMG_2099-1-1.jpg\",\"width\":1100,\"height\":1100,\"caption\":\"4D W valmisviuhkat 0.07 mix 7-13mm\"},{\"@type\":\"BreadcrumbList\",\"@id\":\"https:\\\/\\\/lasher.ee\\\/fi\\\/tuote\\\/4d-w-valmisviuhkat-0-07\\\/#breadcrumb\",\"itemListElement\":[{\"@type\":\"ListItem\",\"position\":1,\"name\":\"Home\",\"item\":\"https:\\\/\\\/lasher.ee\\\/fi\\\/\"},{\"@type\":\"ListItem\",\"position\":2,\"name\":\"Kaikki tuotteet\",\"item\":\"https:\\\/\\\/lasher.ee\\\/fi\\\/kaikki-tuotteet\\\/\"},{\"@type\":\"ListItem\",\"position\":3,\"name\":\"4D W valmisviuhkat 0.07 mix 8-13mm\"}]},{\"@type\":\"WebSite\",\"@id\":\"https:\\\/\\\/lasher.ee\\\/fi\\\/#website\",\"url\":\"https:\\\/\\\/lasher.ee\\\/fi\\\/\",\"name\":\"Lasher\",\"description\":\"K\u00f5ik vajalikud ripsmetarvikud ripsmetehnikule \u00fchest kohast.\",\"publisher\":{\"@id\":\"https:\\\/\\\/lasher.ee\\\/fi\\\/#organization\"},\"potentialAction\":[{\"@type\":\"SearchAction\",\"target\":{\"@type\":\"EntryPoint\",\"urlTemplate\":\"https:\\\/\\\/lasher.ee\\\/fi\\\/?s={search_term_string}\"},\"query-input\":{\"@type\":\"PropertyValueSpecification\",\"valueRequired\":true,\"valueName\":\"search_term_string\"}}],\"inLanguage\":\"fi\"},{\"@type\":\"Organization\",\"@id\":\"https:\\\/\\\/lasher.ee\\\/fi\\\/#organization\",\"name\":\"Lasher\",\"url\":\"https:\\\/\\\/lasher.ee\\\/fi\\\/\",\"logo\":{\"@type\":\"ImageObject\",\"inLanguage\":\"fi\",\"@id\":\"https:\\\/\\\/lasher.ee\\\/fi\\\/#\\\/schema\\\/logo\\\/image\\\/\",\"url\":\"https:\\\/\\\/lasher.ee\\\/wp-content\\\/uploads\\\/2024\\\/09\\\/Screenshot-2024-09-03-at-11.58.17.png\",\"contentUrl\":\"https:\\\/\\\/lasher.ee\\\/wp-content\\\/uploads\\\/2024\\\/09\\\/Screenshot-2024-09-03-at-11.58.17.png\",\"width\":1678,\"height\":1670,\"caption\":\"Lasher\"},\"image\":{\"@id\":\"https:\\\/\\\/lasher.ee\\\/fi\\\/#\\\/schema\\\/logo\\\/image\\\/\"},\"sameAs\":[\"https:\\\/\\\/www.facebook.com\\\/profile.php?id=61564523265885\",\"https:\\\/\\\/www.instagram.com\\\/lasher_official\\\/\"]}]}<\/script>\n<!-- \/ Yoast SEO plugin. -->","yoast_head_json":{"title":"4D W valmisviuhkat 0.07 - Lasher","description":"4D W valmisviuhkat 0.07 ovat aikaa ja kustannuksia s\u00e4\u00e4st\u00e4v\u00e4 ratkaisu, toimivat kuten valmisviuhkat, mutta ne kiinnitet\u00e4\u00e4n kuten klassiset ripsipidennykset.","robots":{"index":"index","follow":"follow","max-snippet":"max-snippet:-1","max-image-preview":"max-image-preview:large","max-video-preview":"max-video-preview:-1"},"canonical":"https:\/\/lasher.ee\/fi\/tuote\/4d-w-valmisviuhkat-0-07\/","og_locale":"fi_FI","og_type":"article","og_title":"4D W valmisviuhkat 0.07 - Lasher","og_description":"4D W valmisviuhkat 0.07 ovat aikaa ja kustannuksia s\u00e4\u00e4st\u00e4v\u00e4 ratkaisu, toimivat kuten valmisviuhkat, mutta ne kiinnitet\u00e4\u00e4n kuten klassiset ripsipidennykset.","og_url":"https:\/\/lasher.ee\/fi\/tuote\/4d-w-valmisviuhkat-0-07\/","og_site_name":"Lasher","article_publisher":"https:\/\/www.facebook.com\/profile.php?id=61564523265885","article_modified_time":"2026-05-13T09:56:32+00:00","og_image":[{"width":1100,"height":1100,"url":"https:\/\/lasher.ee\/wp-content\/uploads\/2026\/02\/IMG_2099-1-1.jpg","type":"image\/jpeg"}],"twitter_card":"summary_large_image","twitter_misc":{"Arvioitu lukuaika":"1 minuutti"},"schema":{"@context":"https:\/\/schema.org","@graph":[{"@type":"WebPage","@id":"https:\/\/lasher.ee\/fi\/tuote\/4d-w-valmisviuhkat-0-07\/","url":"https:\/\/lasher.ee\/fi\/tuote\/4d-w-valmisviuhkat-0-07\/","name":"4D W valmisviuhkat 0.07 - Lasher","isPartOf":{"@id":"https:\/\/lasher.ee\/fi\/#website"},"primaryImageOfPage":{"@id":"https:\/\/lasher.ee\/fi\/tuote\/4d-w-valmisviuhkat-0-07\/#primaryimage"},"image":{"@id":"https:\/\/lasher.ee\/fi\/tuote\/4d-w-valmisviuhkat-0-07\/#primaryimage"},"thumbnailUrl":"https:\/\/lasher.ee\/wp-content\/uploads\/2026\/02\/IMG_2099-1-1.jpg","datePublished":"2026-02-05T11:38:31+00:00","dateModified":"2026-05-13T09:56:32+00:00","description":"4D W valmisviuhkat 0.07 ovat aikaa ja kustannuksia s\u00e4\u00e4st\u00e4v\u00e4 ratkaisu, toimivat kuten valmisviuhkat, mutta ne kiinnitet\u00e4\u00e4n kuten klassiset ripsipidennykset.","breadcrumb":{"@id":"https:\/\/lasher.ee\/fi\/tuote\/4d-w-valmisviuhkat-0-07\/#breadcrumb"},"inLanguage":"fi","potentialAction":[{"@type":"ReadAction","target":["https:\/\/lasher.ee\/fi\/tuote\/4d-w-valmisviuhkat-0-07\/"]}]},{"@type":"ImageObject","inLanguage":"fi","@id":"https:\/\/lasher.ee\/fi\/tuote\/4d-w-valmisviuhkat-0-07\/#primaryimage","url":"https:\/\/lasher.ee\/wp-content\/uploads\/2026\/02\/IMG_2099-1-1.jpg","contentUrl":"https:\/\/lasher.ee\/wp-content\/uploads\/2026\/02\/IMG_2099-1-1.jpg","width":1100,"height":1100,"caption":"4D W valmisviuhkat 0.07 mix 7-13mm"},{"@type":"BreadcrumbList","@id":"https:\/\/lasher.ee\/fi\/tuote\/4d-w-valmisviuhkat-0-07\/#breadcrumb","itemListElement":[{"@type":"ListItem","position":1,"name":"Home","item":"https:\/\/lasher.ee\/fi\/"},{"@type":"ListItem","position":2,"name":"Kaikki tuotteet","item":"https:\/\/lasher.ee\/fi\/kaikki-tuotteet\/"},{"@type":"ListItem","position":3,"name":"4D W valmisviuhkat 0.07 mix 8-13mm"}]},{"@type":"WebSite","@id":"https:\/\/lasher.ee\/fi\/#website","url":"https:\/\/lasher.ee\/fi\/","name":"Lasher","description":"K\u00f5ik vajalikud ripsmetarvikud ripsmetehnikule \u00fchest kohast.","publisher":{"@id":"https:\/\/lasher.ee\/fi\/#organization"},"potentialAction":[{"@type":"SearchAction","target":{"@type":"EntryPoint","urlTemplate":"https:\/\/lasher.ee\/fi\/?s={search_term_string}"},"query-input":{"@type":"PropertyValueSpecification","valueRequired":true,"valueName":"search_term_string"}}],"inLanguage":"fi"},{"@type":"Organization","@id":"https:\/\/lasher.ee\/fi\/#organization","name":"Lasher","url":"https:\/\/lasher.ee\/fi\/","logo":{"@type":"ImageObject","inLanguage":"fi","@id":"https:\/\/lasher.ee\/fi\/#\/schema\/logo\/image\/","url":"https:\/\/lasher.ee\/wp-content\/uploads\/2024\/09\/Screenshot-2024-09-03-at-11.58.17.png","contentUrl":"https:\/\/lasher.ee\/wp-content\/uploads\/2024\/09\/Screenshot-2024-09-03-at-11.58.17.png","width":1678,"height":1670,"caption":"Lasher"},"image":{"@id":"https:\/\/lasher.ee\/fi\/#\/schema\/logo\/image\/"},"sameAs":["https:\/\/www.facebook.com\/profile.php?id=61564523265885","https:\/\/www.instagram.com\/lasher_official\/"]}]}},"_links":{"self":[{"href":"https:\/\/lasher.ee\/fi\/wp-json\/wp\/v2\/product\/16501","targetHints":{"allow":["GET"]}}],"collection":[{"href":"https:\/\/lasher.ee\/fi\/wp-json\/wp\/v2\/product"}],"about":[{"href":"https:\/\/lasher.ee\/fi\/wp-json\/wp\/v2\/types\/product"}],"replies":[{"embeddable":true,"href":"https:\/\/lasher.ee\/fi\/wp-json\/wp\/v2\/comments?post=16501"}],"wp:featuredmedia":[{"embeddable":true,"href":"https:\/\/lasher.ee\/fi\/wp-json\/wp\/v2\/media\/16561"}],"wp:attachment":[{"href":"https:\/\/lasher.ee\/fi\/wp-json\/wp\/v2\/media?parent=16501"}],"wp:term":[{"taxonomy":"product_brand","embeddable":true,"href":"https:\/\/lasher.ee\/fi\/wp-json\/wp\/v2\/product_brand?post=16501"},{"taxonomy":"product_cat","embeddable":true,"href":"https:\/\/lasher.ee\/fi\/wp-json\/wp\/v2\/product_cat?post=16501"},{"taxonomy":"product_tag","embeddable":true,"href":"https:\/\/lasher.ee\/fi\/wp-json\/wp\/v2\/product_tag?post=16501"}],"curies":[{"name":"wp","href":"https:\/\/api.w.org\/{rel}","templated":true}]}}