{"id":16713,"date":"2026-03-22T04:57:34","date_gmt":"2026-03-22T02:57:34","guid":{"rendered":"https:\/\/lasher.ee\/ripsien-puhdistusaine-primer-50ml\/"},"modified":"2026-03-23T15:15:11","modified_gmt":"2026-03-23T13:15:11","slug":"ripsien-puhdistusaine","status":"publish","type":"product","link":"https:\/\/lasher.ee\/fi\/tuote\/ripsien-puhdistusaine\/","title":{"rendered":"Ripsien puhdistusaine primer 50ml"},"content":{"rendered":"<p>Ripsien puhdistusaine poistaa rasvan ja meikin, parantaa liiman tarttuvuutta ja pident\u00e4\u00e4 ripsipidennysten kestoa.<\/p>\n","protected":false},"excerpt":{"rendered":"<p>Ihonyst\u00e4v\u00e4llinen, kevyesti hapan ripsien puhdistusaine poistaa tehokkaasti lian, rasvan ja meikkij\u00e4\u00e4m\u00e4t sek\u00e4 valmistelee ripset optimaalista kiinnityst\u00e4 varten. Kuuden hedelm\u00e4uutteen ansiosta se puhdistaa hell\u00e4varaisesti samalla hoitaen ripsi\u00e4 ja silm\u00e4nymp\u00e4rysihoa. Primer parantaa liiman tarttuvuutta ja auttaa pident\u00e4m\u00e4\u00e4n ripsienpidennysten kestoa.<\/p>\n<h6><strong>K\u00e4ytt\u00f6ohje<\/strong><\/h6>\n<p>Levit\u00e4 pieni m\u00e4\u00e4r\u00e4 primeria vanulapulle. Puhdista ripset hell\u00e4varaisesti liasta ja ylim\u00e4\u00e4r\u00e4isest\u00e4 rasvasta. Kuivaa ripset. Ennen ripsienpidennysten kiinnitt\u00e4mist\u00e4 ripsien tulee olla t\u00e4ysin kuivat.<\/p>\n<h6><strong>Koostumus<\/strong><\/h6>\n<p>Aqua, Glycerin, Polyglyceryl-4 Caprate, Glyceryn, Chamaecyparis Obtusa Water, Allantoin, Disodium EDTA, Mangifera Indica (Mango) Fruit Extract, Astrocaryum Murumuru Fruit Extract, Vaccinium Angustifolium (Bluberry) Fruit Extract, Fragaria Ananassa (Strawberry) Fruit Extract, Malus Domestica Fruit Extract, Physalis Peruviana Extract, Chlorphenesin<\/p>\n<p>&nbsp;<\/p>\n","protected":false},"featured_media":16710,"comment_status":"open","ping_status":"closed","template":"","meta":{"site-sidebar-layout":"default","site-content-layout":"","ast-site-content-layout":"default","site-content-style":"default","site-sidebar-style":"default","ast-global-header-display":"","ast-banner-title-visibility":"","ast-main-header-display":"","ast-hfb-above-header-display":"","ast-hfb-below-header-display":"","ast-hfb-mobile-header-display":"","site-post-title":"","ast-breadcrumbs-content":"","ast-featured-img":"","footer-sml-layout":"","ast-disable-related-posts":"","theme-transparent-header-meta":"default","adv-header-id-meta":"","stick-header-meta":"","header-above-stick-meta":"","header-main-stick-meta":"","header-below-stick-meta":"","astra-migrate-meta-layouts":"set","ast-page-background-enabled":"default","ast-page-background-meta":{"desktop":{"background-color":"var(--ast-global-color-4)","background-image":"","background-repeat":"repeat","background-position":"center center","background-size":"auto","background-attachment":"scroll","background-type":"","background-media":"","overlay-type":"","overlay-color":"","overlay-opacity":"","overlay-gradient":""},"tablet":{"background-color":"","background-image":"","background-repeat":"repeat","background-position":"center center","background-size":"auto","background-attachment":"scroll","background-type":"","background-media":"","overlay-type":"","overlay-color":"","overlay-opacity":"","overlay-gradient":""},"mobile":{"background-color":"","background-image":"","background-repeat":"repeat","background-position":"center center","background-size":"auto","background-attachment":"scroll","background-type":"","background-media":"","overlay-type":"","overlay-color":"","overlay-opacity":"","overlay-gradient":""}},"ast-content-background-meta":{"desktop":{"background-color":"var(--ast-global-color-5)","background-image":"","background-repeat":"repeat","background-position":"center center","background-size":"auto","background-attachment":"scroll","background-type":"","background-media":"","overlay-type":"","overlay-color":"","overlay-opacity":"","overlay-gradient":""},"tablet":{"background-color":"var(--ast-global-color-5)","background-image":"","background-repeat":"repeat","background-position":"center center","background-size":"auto","background-attachment":"scroll","background-type":"","background-media":"","overlay-type":"","overlay-color":"","overlay-opacity":"","overlay-gradient":""},"mobile":{"background-color":"var(--ast-global-color-5)","background-image":"","background-repeat":"repeat","background-position":"center center","background-size":"auto","background-attachment":"scroll","background-type":"","background-media":"","overlay-type":"","overlay-color":"","overlay-opacity":"","overlay-gradient":""}}},"product_brand":[],"product_cat":[84,95,111],"product_tag":[],"class_list":{"0":"post-16713","1":"product","2":"type-product","3":"status-publish","4":"has-post-thumbnail","6":"product_cat-esihoito","7":"product_cat-huolto","8":"product_cat-uusi","9":"desktop-align-left","10":"tablet-align-left","11":"mobile-align-left","13":"first","14":"instock","15":"shipping-taxable","16":"purchasable","17":"product-type-simple"},"yoast_head":"<!-- This site is optimized with the Yoast SEO plugin v27.4 - https:\/\/yoast.com\/product\/yoast-seo-wordpress\/ -->\n<title>Ripsien puhdistusaine primer 50ml - Lasher<\/title>\n<meta name=\"description\" content=\"Ihoyst\u00e4v\u00e4llinen ripsien puhdistusaine primer poistaa rasvan ja meikin, parantaa liiman tarttuvuutta ja pident\u00e4\u00e4 ripsipidennysten kestoa.\" \/>\n<meta name=\"robots\" content=\"index, follow, max-snippet:-1, max-image-preview:large, max-video-preview:-1\" \/>\n<link rel=\"canonical\" href=\"https:\/\/lasher.ee\/fi\/tuote\/ripsien-puhdistusaine\/\" \/>\n<meta property=\"og:locale\" content=\"fi_FI\" \/>\n<meta property=\"og:type\" content=\"article\" \/>\n<meta property=\"og:title\" content=\"Ripsien puhdistusaine primer 50ml - Lasher\" \/>\n<meta property=\"og:description\" content=\"Ihoyst\u00e4v\u00e4llinen ripsien puhdistusaine primer poistaa rasvan ja meikin, parantaa liiman tarttuvuutta ja pident\u00e4\u00e4 ripsipidennysten kestoa.\" \/>\n<meta property=\"og:url\" content=\"https:\/\/lasher.ee\/fi\/tuote\/ripsien-puhdistusaine\/\" \/>\n<meta property=\"og:site_name\" content=\"Lasher\" \/>\n<meta property=\"article:publisher\" content=\"https:\/\/www.facebook.com\/profile.php?id=61564523265885\" \/>\n<meta property=\"article:modified_time\" content=\"2026-03-23T13:15:11+00:00\" \/>\n<meta property=\"og:image\" content=\"https:\/\/lasher.ee\/wp-content\/uploads\/2026\/03\/Lash-Primer-la-mon-.jpg\" \/>\n\t<meta property=\"og:image:width\" content=\"1000\" \/>\n\t<meta property=\"og:image:height\" content=\"1000\" \/>\n\t<meta property=\"og:image:type\" content=\"image\/jpeg\" \/>\n<meta name=\"twitter:card\" content=\"summary_large_image\" \/>\n<meta name=\"twitter:label1\" content=\"Arvioitu lukuaika\" \/>\n\t<meta name=\"twitter:data1\" content=\"1 minuutti\" \/>\n<script type=\"application\/ld+json\" class=\"yoast-schema-graph\">{\"@context\":\"https:\\\/\\\/schema.org\",\"@graph\":[{\"@type\":\"WebPage\",\"@id\":\"https:\\\/\\\/lasher.ee\\\/fi\\\/tuote\\\/ripsien-puhdistusaine\\\/\",\"url\":\"https:\\\/\\\/lasher.ee\\\/fi\\\/tuote\\\/ripsien-puhdistusaine\\\/\",\"name\":\"Ripsien puhdistusaine primer 50ml - Lasher\",\"isPartOf\":{\"@id\":\"https:\\\/\\\/lasher.ee\\\/fi\\\/#website\"},\"primaryImageOfPage\":{\"@id\":\"https:\\\/\\\/lasher.ee\\\/fi\\\/tuote\\\/ripsien-puhdistusaine\\\/#primaryimage\"},\"image\":{\"@id\":\"https:\\\/\\\/lasher.ee\\\/fi\\\/tuote\\\/ripsien-puhdistusaine\\\/#primaryimage\"},\"thumbnailUrl\":\"https:\\\/\\\/lasher.ee\\\/wp-content\\\/uploads\\\/2026\\\/03\\\/Lash-Primer-la-mon-.jpg\",\"datePublished\":\"2026-03-22T02:57:34+00:00\",\"dateModified\":\"2026-03-23T13:15:11+00:00\",\"description\":\"Ihoyst\u00e4v\u00e4llinen ripsien puhdistusaine primer poistaa rasvan ja meikin, parantaa liiman tarttuvuutta ja pident\u00e4\u00e4 ripsipidennysten kestoa.\",\"breadcrumb\":{\"@id\":\"https:\\\/\\\/lasher.ee\\\/fi\\\/tuote\\\/ripsien-puhdistusaine\\\/#breadcrumb\"},\"inLanguage\":\"fi\",\"potentialAction\":[{\"@type\":\"ReadAction\",\"target\":[\"https:\\\/\\\/lasher.ee\\\/fi\\\/tuote\\\/ripsien-puhdistusaine\\\/\"]}]},{\"@type\":\"ImageObject\",\"inLanguage\":\"fi\",\"@id\":\"https:\\\/\\\/lasher.ee\\\/fi\\\/tuote\\\/ripsien-puhdistusaine\\\/#primaryimage\",\"url\":\"https:\\\/\\\/lasher.ee\\\/wp-content\\\/uploads\\\/2026\\\/03\\\/Lash-Primer-la-mon-.jpg\",\"contentUrl\":\"https:\\\/\\\/lasher.ee\\\/wp-content\\\/uploads\\\/2026\\\/03\\\/Lash-Primer-la-mon-.jpg\",\"width\":1000,\"height\":1000,\"caption\":\"Ripsien puhdistusaine primer 50ml\"},{\"@type\":\"BreadcrumbList\",\"@id\":\"https:\\\/\\\/lasher.ee\\\/fi\\\/tuote\\\/ripsien-puhdistusaine\\\/#breadcrumb\",\"itemListElement\":[{\"@type\":\"ListItem\",\"position\":1,\"name\":\"Home\",\"item\":\"https:\\\/\\\/lasher.ee\\\/fi\\\/\"},{\"@type\":\"ListItem\",\"position\":2,\"name\":\"Kaikki tuotteet\",\"item\":\"https:\\\/\\\/lasher.ee\\\/fi\\\/kaikki-tuotteet\\\/\"},{\"@type\":\"ListItem\",\"position\":3,\"name\":\"Ripsien puhdistusaine primer 50ml\"}]},{\"@type\":\"WebSite\",\"@id\":\"https:\\\/\\\/lasher.ee\\\/fi\\\/#website\",\"url\":\"https:\\\/\\\/lasher.ee\\\/fi\\\/\",\"name\":\"Lasher\",\"description\":\"K\u00f5ik vajalikud ripsmetarvikud ripsmetehnikule \u00fchest kohast.\",\"publisher\":{\"@id\":\"https:\\\/\\\/lasher.ee\\\/fi\\\/#organization\"},\"potentialAction\":[{\"@type\":\"SearchAction\",\"target\":{\"@type\":\"EntryPoint\",\"urlTemplate\":\"https:\\\/\\\/lasher.ee\\\/fi\\\/?s={search_term_string}\"},\"query-input\":{\"@type\":\"PropertyValueSpecification\",\"valueRequired\":true,\"valueName\":\"search_term_string\"}}],\"inLanguage\":\"fi\"},{\"@type\":\"Organization\",\"@id\":\"https:\\\/\\\/lasher.ee\\\/fi\\\/#organization\",\"name\":\"Lasher\",\"url\":\"https:\\\/\\\/lasher.ee\\\/fi\\\/\",\"logo\":{\"@type\":\"ImageObject\",\"inLanguage\":\"fi\",\"@id\":\"https:\\\/\\\/lasher.ee\\\/fi\\\/#\\\/schema\\\/logo\\\/image\\\/\",\"url\":\"https:\\\/\\\/lasher.ee\\\/wp-content\\\/uploads\\\/2024\\\/09\\\/Screenshot-2024-09-03-at-11.58.17.png\",\"contentUrl\":\"https:\\\/\\\/lasher.ee\\\/wp-content\\\/uploads\\\/2024\\\/09\\\/Screenshot-2024-09-03-at-11.58.17.png\",\"width\":1678,\"height\":1670,\"caption\":\"Lasher\"},\"image\":{\"@id\":\"https:\\\/\\\/lasher.ee\\\/fi\\\/#\\\/schema\\\/logo\\\/image\\\/\"},\"sameAs\":[\"https:\\\/\\\/www.facebook.com\\\/profile.php?id=61564523265885\",\"https:\\\/\\\/www.instagram.com\\\/lasher_official\\\/\"]}]}<\/script>\n<!-- \/ Yoast SEO plugin. -->","yoast_head_json":{"title":"Ripsien puhdistusaine primer 50ml - Lasher","description":"Ihoyst\u00e4v\u00e4llinen ripsien puhdistusaine primer poistaa rasvan ja meikin, parantaa liiman tarttuvuutta ja pident\u00e4\u00e4 ripsipidennysten kestoa.","robots":{"index":"index","follow":"follow","max-snippet":"max-snippet:-1","max-image-preview":"max-image-preview:large","max-video-preview":"max-video-preview:-1"},"canonical":"https:\/\/lasher.ee\/fi\/tuote\/ripsien-puhdistusaine\/","og_locale":"fi_FI","og_type":"article","og_title":"Ripsien puhdistusaine primer 50ml - Lasher","og_description":"Ihoyst\u00e4v\u00e4llinen ripsien puhdistusaine primer poistaa rasvan ja meikin, parantaa liiman tarttuvuutta ja pident\u00e4\u00e4 ripsipidennysten kestoa.","og_url":"https:\/\/lasher.ee\/fi\/tuote\/ripsien-puhdistusaine\/","og_site_name":"Lasher","article_publisher":"https:\/\/www.facebook.com\/profile.php?id=61564523265885","article_modified_time":"2026-03-23T13:15:11+00:00","og_image":[{"width":1000,"height":1000,"url":"https:\/\/lasher.ee\/wp-content\/uploads\/2026\/03\/Lash-Primer-la-mon-.jpg","type":"image\/jpeg"}],"twitter_card":"summary_large_image","twitter_misc":{"Arvioitu lukuaika":"1 minuutti"},"schema":{"@context":"https:\/\/schema.org","@graph":[{"@type":"WebPage","@id":"https:\/\/lasher.ee\/fi\/tuote\/ripsien-puhdistusaine\/","url":"https:\/\/lasher.ee\/fi\/tuote\/ripsien-puhdistusaine\/","name":"Ripsien puhdistusaine primer 50ml - Lasher","isPartOf":{"@id":"https:\/\/lasher.ee\/fi\/#website"},"primaryImageOfPage":{"@id":"https:\/\/lasher.ee\/fi\/tuote\/ripsien-puhdistusaine\/#primaryimage"},"image":{"@id":"https:\/\/lasher.ee\/fi\/tuote\/ripsien-puhdistusaine\/#primaryimage"},"thumbnailUrl":"https:\/\/lasher.ee\/wp-content\/uploads\/2026\/03\/Lash-Primer-la-mon-.jpg","datePublished":"2026-03-22T02:57:34+00:00","dateModified":"2026-03-23T13:15:11+00:00","description":"Ihoyst\u00e4v\u00e4llinen ripsien puhdistusaine primer poistaa rasvan ja meikin, parantaa liiman tarttuvuutta ja pident\u00e4\u00e4 ripsipidennysten kestoa.","breadcrumb":{"@id":"https:\/\/lasher.ee\/fi\/tuote\/ripsien-puhdistusaine\/#breadcrumb"},"inLanguage":"fi","potentialAction":[{"@type":"ReadAction","target":["https:\/\/lasher.ee\/fi\/tuote\/ripsien-puhdistusaine\/"]}]},{"@type":"ImageObject","inLanguage":"fi","@id":"https:\/\/lasher.ee\/fi\/tuote\/ripsien-puhdistusaine\/#primaryimage","url":"https:\/\/lasher.ee\/wp-content\/uploads\/2026\/03\/Lash-Primer-la-mon-.jpg","contentUrl":"https:\/\/lasher.ee\/wp-content\/uploads\/2026\/03\/Lash-Primer-la-mon-.jpg","width":1000,"height":1000,"caption":"Ripsien puhdistusaine primer 50ml"},{"@type":"BreadcrumbList","@id":"https:\/\/lasher.ee\/fi\/tuote\/ripsien-puhdistusaine\/#breadcrumb","itemListElement":[{"@type":"ListItem","position":1,"name":"Home","item":"https:\/\/lasher.ee\/fi\/"},{"@type":"ListItem","position":2,"name":"Kaikki tuotteet","item":"https:\/\/lasher.ee\/fi\/kaikki-tuotteet\/"},{"@type":"ListItem","position":3,"name":"Ripsien puhdistusaine primer 50ml"}]},{"@type":"WebSite","@id":"https:\/\/lasher.ee\/fi\/#website","url":"https:\/\/lasher.ee\/fi\/","name":"Lasher","description":"K\u00f5ik vajalikud ripsmetarvikud ripsmetehnikule \u00fchest kohast.","publisher":{"@id":"https:\/\/lasher.ee\/fi\/#organization"},"potentialAction":[{"@type":"SearchAction","target":{"@type":"EntryPoint","urlTemplate":"https:\/\/lasher.ee\/fi\/?s={search_term_string}"},"query-input":{"@type":"PropertyValueSpecification","valueRequired":true,"valueName":"search_term_string"}}],"inLanguage":"fi"},{"@type":"Organization","@id":"https:\/\/lasher.ee\/fi\/#organization","name":"Lasher","url":"https:\/\/lasher.ee\/fi\/","logo":{"@type":"ImageObject","inLanguage":"fi","@id":"https:\/\/lasher.ee\/fi\/#\/schema\/logo\/image\/","url":"https:\/\/lasher.ee\/wp-content\/uploads\/2024\/09\/Screenshot-2024-09-03-at-11.58.17.png","contentUrl":"https:\/\/lasher.ee\/wp-content\/uploads\/2024\/09\/Screenshot-2024-09-03-at-11.58.17.png","width":1678,"height":1670,"caption":"Lasher"},"image":{"@id":"https:\/\/lasher.ee\/fi\/#\/schema\/logo\/image\/"},"sameAs":["https:\/\/www.facebook.com\/profile.php?id=61564523265885","https:\/\/www.instagram.com\/lasher_official\/"]}]}},"_links":{"self":[{"href":"https:\/\/lasher.ee\/fi\/wp-json\/wp\/v2\/product\/16713","targetHints":{"allow":["GET"]}}],"collection":[{"href":"https:\/\/lasher.ee\/fi\/wp-json\/wp\/v2\/product"}],"about":[{"href":"https:\/\/lasher.ee\/fi\/wp-json\/wp\/v2\/types\/product"}],"replies":[{"embeddable":true,"href":"https:\/\/lasher.ee\/fi\/wp-json\/wp\/v2\/comments?post=16713"}],"wp:featuredmedia":[{"embeddable":true,"href":"https:\/\/lasher.ee\/fi\/wp-json\/wp\/v2\/media\/16710"}],"wp:attachment":[{"href":"https:\/\/lasher.ee\/fi\/wp-json\/wp\/v2\/media?parent=16713"}],"wp:term":[{"taxonomy":"product_brand","embeddable":true,"href":"https:\/\/lasher.ee\/fi\/wp-json\/wp\/v2\/product_brand?post=16713"},{"taxonomy":"product_cat","embeddable":true,"href":"https:\/\/lasher.ee\/fi\/wp-json\/wp\/v2\/product_cat?post=16713"},{"taxonomy":"product_tag","embeddable":true,"href":"https:\/\/lasher.ee\/fi\/wp-json\/wp\/v2\/product_tag?post=16713"}],"curies":[{"name":"wp","href":"https:\/\/api.w.org\/{rel}","templated":true}]}}