{"id":16959,"date":"2026-04-02T00:05:29","date_gmt":"2026-04-01T21:05:29","guid":{"rendered":"https:\/\/lasher.ee\/?post_type=product&#038;p=16959"},"modified":"2026-04-06T15:06:26","modified_gmt":"2026-04-06T12:06:26","slug":"uv-led-ripsiliima-bond-musta","status":"publish","type":"product","link":"https:\/\/lasher.ee\/fi\/tuote\/uv-led-ripsiliima-bond-musta\/","title":{"rendered":"Musta v\u00e4rinen UV LED ripsiliima Bond"},"content":{"rendered":"<p>Musta v\u00e4rinen UV LED ripsiliima Bond yhdist\u00e4\u00e4 nopean kuivumisen ja helppok\u00e4ytt\u00f6isyyden.<\/p>\n","protected":false},"excerpt":{"rendered":"<p>Koko: 5ml<br \/>\nLiiman v\u00e4ri: musta<br \/>\nKuivamisaika: 0,5 sekuntia<br \/>\nKesto: 6 \u2013 8 viikkoa<br \/>\nViskositeetti: \u25cf\u25e6\u25e6\u25e6\u25e6<\/p>\n<p>Liima ei sis\u00e4ll\u00e4 lateksia eik\u00e4 formaldehydi\u00e4. Vain ammattik\u00e4ytt\u00f6\u00f6n.<\/p>\n<p>UV LED ripsiliima, joka yhdist\u00e4\u00e4 nopean kuivumisen ja helppok\u00e4ytt\u00f6isyyden. Liima kuivuu alle yhdess\u00e4 sekunnissa, h\u00f6yryj\u00e4 v\u00e4hemm\u00e4n ja eik\u00e4 \u00e4rsyt\u00e4 silm\u00e4\u00e4 niin paljon, sek\u00e4 takaa vahvan ja pitk\u00e4kestoisen pysyvyyden jopa 8 viikkoa. Liiman nestem\u00e4inen koostumus ja hea levittyvyys ripsill\u00e4 takaa vahvan ja tasaisen lopputuloksen UV valon avulla. L\u00e4mp\u00f6tila tai ilmankosteus eiv\u00e4t vaikuta liiman kovettumiseen.<\/p>\n<h6><strong>K\u00e4ytt\u00f6<\/strong><\/h6>\n<p>UV LED liima on tarkoitettu k\u00e4ytett\u00e4v\u00e4ksi vain UV LED -lampun kanssa. Ravista pulloa voimakkaasti ennen k\u00e4ytt\u00f6\u00e4, jotta kaikki liiman ainesosat sekoittuvat kesken\u00e4\u00e4n. Kasta ripsipidennys UV-liimaan ja aseta se luonnonripseen. Kytke UV-lamppu p\u00e4\u00e4lle ja odota 1\u20133 sekuntia, kunnes liima kuivuu. Puhdista aina liimatippa jokaisen k\u00e4ytt\u00f6kerran j\u00e4lkeen.<\/p>\n<h6><strong>S\u00e4ilytys<\/strong><\/h6>\n<p>S\u00e4ilyt\u00e4 foliopakkauksessa suojassa suoralta auringonvalolta kuivassa ja viile\u00e4ss\u00e4 paikassa (5\u201315 \u00b0C) (mieluiten j\u00e4\u00e4kaapissa). Pid\u00e4 poissa l\u00e4mm\u00f6nl\u00e4hteist\u00e4. Avattua liimaa ei saa s\u00e4ilytt\u00e4\u00e4 j\u00e4\u00e4kaapissa. Avaamaton liima s\u00e4ilyy oikeissa olosuhteissa 6 kuukautta, avattuna (ilman UV- ja auringonvalolle altistumista) 2 kuukautta.<\/p>\n<h6><strong>Koostumus<\/strong><\/h6>\n<p>Cyanoacrylate, Polymethyl Methacrylate, Photoinitiator<\/p>\n<p>&nbsp;<\/p>\n","protected":false},"featured_media":17079,"comment_status":"open","ping_status":"closed","template":"","meta":{"site-sidebar-layout":"default","site-content-layout":"","ast-site-content-layout":"default","site-content-style":"default","site-sidebar-style":"default","ast-global-header-display":"","ast-banner-title-visibility":"","ast-main-header-display":"","ast-hfb-above-header-display":"","ast-hfb-below-header-display":"","ast-hfb-mobile-header-display":"","site-post-title":"","ast-breadcrumbs-content":"","ast-featured-img":"","footer-sml-layout":"","ast-disable-related-posts":"","theme-transparent-header-meta":"default","adv-header-id-meta":"","stick-header-meta":"","header-above-stick-meta":"","header-main-stick-meta":"","header-below-stick-meta":"","astra-migrate-meta-layouts":"set","ast-page-background-enabled":"default","ast-page-background-meta":{"desktop":{"background-color":"var(--ast-global-color-4)","background-image":"","background-repeat":"repeat","background-position":"center center","background-size":"auto","background-attachment":"scroll","background-type":"","background-media":"","overlay-type":"","overlay-color":"","overlay-opacity":"","overlay-gradient":""},"tablet":{"background-color":"","background-image":"","background-repeat":"repeat","background-position":"center center","background-size":"auto","background-attachment":"scroll","background-type":"","background-media":"","overlay-type":"","overlay-color":"","overlay-opacity":"","overlay-gradient":""},"mobile":{"background-color":"","background-image":"","background-repeat":"repeat","background-position":"center center","background-size":"auto","background-attachment":"scroll","background-type":"","background-media":"","overlay-type":"","overlay-color":"","overlay-opacity":"","overlay-gradient":""}},"ast-content-background-meta":{"desktop":{"background-color":"var(--ast-global-color-5)","background-image":"","background-repeat":"repeat","background-position":"center center","background-size":"auto","background-attachment":"scroll","background-type":"","background-media":"","overlay-type":"","overlay-color":"","overlay-opacity":"","overlay-gradient":""},"tablet":{"background-color":"var(--ast-global-color-5)","background-image":"","background-repeat":"repeat","background-position":"center center","background-size":"auto","background-attachment":"scroll","background-type":"","background-media":"","overlay-type":"","overlay-color":"","overlay-opacity":"","overlay-gradient":""},"mobile":{"background-color":"var(--ast-global-color-5)","background-image":"","background-repeat":"repeat","background-position":"center center","background-size":"auto","background-attachment":"scroll","background-type":"","background-media":"","overlay-type":"","overlay-color":"","overlay-opacity":"","overlay-gradient":""}}},"product_brand":[],"product_cat":[82,96,111,134],"product_tag":[],"class_list":{"0":"post-16959","1":"product","2":"type-product","3":"status-publish","4":"has-post-thumbnail","6":"product_cat-ripsienliima","7":"product_cat-ripsiliima","8":"product_cat-uusi","9":"product_cat-uv-led-ripset","10":"desktop-align-left","11":"tablet-align-left","12":"mobile-align-left","14":"first","15":"instock","16":"shipping-taxable","17":"purchasable","18":"product-type-simple"},"yoast_head":"<!-- This site is optimized with the Yoast SEO plugin v27.2 - https:\/\/yoast.com\/product\/yoast-seo-wordpress\/ -->\n<title>Musta v\u00e4rinen UV LED ripsiliima Bond - Lasher<\/title>\n<meta name=\"description\" content=\"Musta v\u00e4rinen UV LED ripsiliima Bond kuivuu alle sekunnissa, v\u00e4h\u00e4h\u00f6yryinen ja helppok\u00e4ytt\u00f6inen. Tarjoaa kest\u00e4v\u00e4n pidon jopa 8 viikkoa kaikissa olosuhteissa.\" \/>\n<meta name=\"robots\" content=\"index, follow, max-snippet:-1, max-image-preview:large, max-video-preview:-1\" \/>\n<link rel=\"canonical\" href=\"https:\/\/lasher.ee\/fi\/tuote\/uv-led-ripsiliima-bond-musta\/\" \/>\n<meta property=\"og:locale\" content=\"fi_FI\" \/>\n<meta property=\"og:type\" content=\"article\" \/>\n<meta property=\"og:title\" content=\"Musta v\u00e4rinen UV LED ripsiliima Bond - Lasher\" \/>\n<meta property=\"og:description\" content=\"Musta v\u00e4rinen UV LED ripsiliima Bond kuivuu alle sekunnissa, v\u00e4h\u00e4h\u00f6yryinen ja helppok\u00e4ytt\u00f6inen. Tarjoaa kest\u00e4v\u00e4n pidon jopa 8 viikkoa kaikissa olosuhteissa.\" \/>\n<meta property=\"og:url\" content=\"https:\/\/lasher.ee\/fi\/tuote\/uv-led-ripsiliima-bond-musta\/\" \/>\n<meta property=\"og:site_name\" content=\"Lasher\" \/>\n<meta property=\"article:publisher\" content=\"https:\/\/www.facebook.com\/profile.php?id=61564523265885\" \/>\n<meta property=\"article:modified_time\" content=\"2026-04-06T12:06:26+00:00\" \/>\n<meta property=\"og:image\" content=\"https:\/\/lasher.ee\/wp-content\/uploads\/2026\/04\/693a0e0c-049a-49a0-a7d1-d5b6649ab708-1.jpg\" \/>\n\t<meta property=\"og:image:width\" content=\"1024\" \/>\n\t<meta property=\"og:image:height\" content=\"1024\" \/>\n\t<meta property=\"og:image:type\" content=\"image\/jpeg\" \/>\n<meta name=\"twitter:card\" content=\"summary_large_image\" \/>\n<meta name=\"twitter:label1\" content=\"Arvioitu lukuaika\" \/>\n\t<meta name=\"twitter:data1\" content=\"1 minuutti\" \/>\n<script type=\"application\/ld+json\" class=\"yoast-schema-graph\">{\"@context\":\"https:\/\/schema.org\",\"@graph\":[{\"@type\":\"WebPage\",\"@id\":\"https:\/\/lasher.ee\/fi\/tuote\/uv-led-ripsiliima-bond-musta\/\",\"url\":\"https:\/\/lasher.ee\/fi\/tuote\/uv-led-ripsiliima-bond-musta\/\",\"name\":\"Musta v\u00e4rinen UV LED ripsiliima Bond - Lasher\",\"isPartOf\":{\"@id\":\"https:\/\/lasher.ee\/fi\/#website\"},\"primaryImageOfPage\":{\"@id\":\"https:\/\/lasher.ee\/fi\/tuote\/uv-led-ripsiliima-bond-musta\/#primaryimage\"},\"image\":{\"@id\":\"https:\/\/lasher.ee\/fi\/tuote\/uv-led-ripsiliima-bond-musta\/#primaryimage\"},\"thumbnailUrl\":\"https:\/\/lasher.ee\/wp-content\/uploads\/2026\/04\/693a0e0c-049a-49a0-a7d1-d5b6649ab708-1.jpg\",\"datePublished\":\"2026-04-01T21:05:29+00:00\",\"dateModified\":\"2026-04-06T12:06:26+00:00\",\"description\":\"Musta v\u00e4rinen UV LED ripsiliima Bond kuivuu alle sekunnissa, v\u00e4h\u00e4h\u00f6yryinen ja helppok\u00e4ytt\u00f6inen. Tarjoaa kest\u00e4v\u00e4n pidon jopa 8 viikkoa kaikissa olosuhteissa.\",\"breadcrumb\":{\"@id\":\"https:\/\/lasher.ee\/fi\/tuote\/uv-led-ripsiliima-bond-musta\/#breadcrumb\"},\"inLanguage\":\"fi\",\"potentialAction\":[{\"@type\":\"ReadAction\",\"target\":[\"https:\/\/lasher.ee\/fi\/tuote\/uv-led-ripsiliima-bond-musta\/\"]}]},{\"@type\":\"ImageObject\",\"inLanguage\":\"fi\",\"@id\":\"https:\/\/lasher.ee\/fi\/tuote\/uv-led-ripsiliima-bond-musta\/#primaryimage\",\"url\":\"https:\/\/lasher.ee\/wp-content\/uploads\/2026\/04\/693a0e0c-049a-49a0-a7d1-d5b6649ab708-1.jpg\",\"contentUrl\":\"https:\/\/lasher.ee\/wp-content\/uploads\/2026\/04\/693a0e0c-049a-49a0-a7d1-d5b6649ab708-1.jpg\",\"width\":1024,\"height\":1024,\"caption\":\"Musta v\u00e4rinen UV LED ripsiliima Bond\"},{\"@type\":\"BreadcrumbList\",\"@id\":\"https:\/\/lasher.ee\/fi\/tuote\/uv-led-ripsiliima-bond-musta\/#breadcrumb\",\"itemListElement\":[{\"@type\":\"ListItem\",\"position\":1,\"name\":\"Home\",\"item\":\"https:\/\/lasher.ee\/fi\/\"},{\"@type\":\"ListItem\",\"position\":2,\"name\":\"Kaikki tuotteet\",\"item\":\"https:\/\/lasher.ee\/fi\/kaikki-tuotteet\/\"},{\"@type\":\"ListItem\",\"position\":3,\"name\":\"Musta v\u00e4rinen UV LED ripsiliima Bond\"}]},{\"@type\":\"WebSite\",\"@id\":\"https:\/\/lasher.ee\/fi\/#website\",\"url\":\"https:\/\/lasher.ee\/fi\/\",\"name\":\"Lasher\",\"description\":\"K\u00f5ik vajalikud ripsmetarvikud ripsmetehnikule \u00fchest kohast.\",\"publisher\":{\"@id\":\"https:\/\/lasher.ee\/fi\/#organization\"},\"potentialAction\":[{\"@type\":\"SearchAction\",\"target\":{\"@type\":\"EntryPoint\",\"urlTemplate\":\"https:\/\/lasher.ee\/fi\/?s={search_term_string}\"},\"query-input\":{\"@type\":\"PropertyValueSpecification\",\"valueRequired\":true,\"valueName\":\"search_term_string\"}}],\"inLanguage\":\"fi\"},{\"@type\":\"Organization\",\"@id\":\"https:\/\/lasher.ee\/fi\/#organization\",\"name\":\"Lasher\",\"url\":\"https:\/\/lasher.ee\/fi\/\",\"logo\":{\"@type\":\"ImageObject\",\"inLanguage\":\"fi\",\"@id\":\"https:\/\/lasher.ee\/fi\/#\/schema\/logo\/image\/\",\"url\":\"https:\/\/lasher.ee\/wp-content\/uploads\/2024\/09\/Screenshot-2024-09-03-at-11.58.17.png\",\"contentUrl\":\"https:\/\/lasher.ee\/wp-content\/uploads\/2024\/09\/Screenshot-2024-09-03-at-11.58.17.png\",\"width\":1678,\"height\":1670,\"caption\":\"Lasher\"},\"image\":{\"@id\":\"https:\/\/lasher.ee\/fi\/#\/schema\/logo\/image\/\"},\"sameAs\":[\"https:\/\/www.facebook.com\/profile.php?id=61564523265885\",\"https:\/\/www.instagram.com\/lasher_official\/\"]}]}<\/script>\n<!-- \/ Yoast SEO plugin. -->","yoast_head_json":{"title":"Musta v\u00e4rinen UV LED ripsiliima Bond - Lasher","description":"Musta v\u00e4rinen UV LED ripsiliima Bond kuivuu alle sekunnissa, v\u00e4h\u00e4h\u00f6yryinen ja helppok\u00e4ytt\u00f6inen. Tarjoaa kest\u00e4v\u00e4n pidon jopa 8 viikkoa kaikissa olosuhteissa.","robots":{"index":"index","follow":"follow","max-snippet":"max-snippet:-1","max-image-preview":"max-image-preview:large","max-video-preview":"max-video-preview:-1"},"canonical":"https:\/\/lasher.ee\/fi\/tuote\/uv-led-ripsiliima-bond-musta\/","og_locale":"fi_FI","og_type":"article","og_title":"Musta v\u00e4rinen UV LED ripsiliima Bond - Lasher","og_description":"Musta v\u00e4rinen UV LED ripsiliima Bond kuivuu alle sekunnissa, v\u00e4h\u00e4h\u00f6yryinen ja helppok\u00e4ytt\u00f6inen. Tarjoaa kest\u00e4v\u00e4n pidon jopa 8 viikkoa kaikissa olosuhteissa.","og_url":"https:\/\/lasher.ee\/fi\/tuote\/uv-led-ripsiliima-bond-musta\/","og_site_name":"Lasher","article_publisher":"https:\/\/www.facebook.com\/profile.php?id=61564523265885","article_modified_time":"2026-04-06T12:06:26+00:00","og_image":[{"width":1024,"height":1024,"url":"https:\/\/lasher.ee\/wp-content\/uploads\/2026\/04\/693a0e0c-049a-49a0-a7d1-d5b6649ab708-1.jpg","type":"image\/jpeg"}],"twitter_card":"summary_large_image","twitter_misc":{"Arvioitu lukuaika":"1 minuutti"},"schema":{"@context":"https:\/\/schema.org","@graph":[{"@type":"WebPage","@id":"https:\/\/lasher.ee\/fi\/tuote\/uv-led-ripsiliima-bond-musta\/","url":"https:\/\/lasher.ee\/fi\/tuote\/uv-led-ripsiliima-bond-musta\/","name":"Musta v\u00e4rinen UV LED ripsiliima Bond - Lasher","isPartOf":{"@id":"https:\/\/lasher.ee\/fi\/#website"},"primaryImageOfPage":{"@id":"https:\/\/lasher.ee\/fi\/tuote\/uv-led-ripsiliima-bond-musta\/#primaryimage"},"image":{"@id":"https:\/\/lasher.ee\/fi\/tuote\/uv-led-ripsiliima-bond-musta\/#primaryimage"},"thumbnailUrl":"https:\/\/lasher.ee\/wp-content\/uploads\/2026\/04\/693a0e0c-049a-49a0-a7d1-d5b6649ab708-1.jpg","datePublished":"2026-04-01T21:05:29+00:00","dateModified":"2026-04-06T12:06:26+00:00","description":"Musta v\u00e4rinen UV LED ripsiliima Bond kuivuu alle sekunnissa, v\u00e4h\u00e4h\u00f6yryinen ja helppok\u00e4ytt\u00f6inen. Tarjoaa kest\u00e4v\u00e4n pidon jopa 8 viikkoa kaikissa olosuhteissa.","breadcrumb":{"@id":"https:\/\/lasher.ee\/fi\/tuote\/uv-led-ripsiliima-bond-musta\/#breadcrumb"},"inLanguage":"fi","potentialAction":[{"@type":"ReadAction","target":["https:\/\/lasher.ee\/fi\/tuote\/uv-led-ripsiliima-bond-musta\/"]}]},{"@type":"ImageObject","inLanguage":"fi","@id":"https:\/\/lasher.ee\/fi\/tuote\/uv-led-ripsiliima-bond-musta\/#primaryimage","url":"https:\/\/lasher.ee\/wp-content\/uploads\/2026\/04\/693a0e0c-049a-49a0-a7d1-d5b6649ab708-1.jpg","contentUrl":"https:\/\/lasher.ee\/wp-content\/uploads\/2026\/04\/693a0e0c-049a-49a0-a7d1-d5b6649ab708-1.jpg","width":1024,"height":1024,"caption":"Musta v\u00e4rinen UV LED ripsiliima Bond"},{"@type":"BreadcrumbList","@id":"https:\/\/lasher.ee\/fi\/tuote\/uv-led-ripsiliima-bond-musta\/#breadcrumb","itemListElement":[{"@type":"ListItem","position":1,"name":"Home","item":"https:\/\/lasher.ee\/fi\/"},{"@type":"ListItem","position":2,"name":"Kaikki tuotteet","item":"https:\/\/lasher.ee\/fi\/kaikki-tuotteet\/"},{"@type":"ListItem","position":3,"name":"Musta v\u00e4rinen UV LED ripsiliima Bond"}]},{"@type":"WebSite","@id":"https:\/\/lasher.ee\/fi\/#website","url":"https:\/\/lasher.ee\/fi\/","name":"Lasher","description":"K\u00f5ik vajalikud ripsmetarvikud ripsmetehnikule \u00fchest kohast.","publisher":{"@id":"https:\/\/lasher.ee\/fi\/#organization"},"potentialAction":[{"@type":"SearchAction","target":{"@type":"EntryPoint","urlTemplate":"https:\/\/lasher.ee\/fi\/?s={search_term_string}"},"query-input":{"@type":"PropertyValueSpecification","valueRequired":true,"valueName":"search_term_string"}}],"inLanguage":"fi"},{"@type":"Organization","@id":"https:\/\/lasher.ee\/fi\/#organization","name":"Lasher","url":"https:\/\/lasher.ee\/fi\/","logo":{"@type":"ImageObject","inLanguage":"fi","@id":"https:\/\/lasher.ee\/fi\/#\/schema\/logo\/image\/","url":"https:\/\/lasher.ee\/wp-content\/uploads\/2024\/09\/Screenshot-2024-09-03-at-11.58.17.png","contentUrl":"https:\/\/lasher.ee\/wp-content\/uploads\/2024\/09\/Screenshot-2024-09-03-at-11.58.17.png","width":1678,"height":1670,"caption":"Lasher"},"image":{"@id":"https:\/\/lasher.ee\/fi\/#\/schema\/logo\/image\/"},"sameAs":["https:\/\/www.facebook.com\/profile.php?id=61564523265885","https:\/\/www.instagram.com\/lasher_official\/"]}]}},"_links":{"self":[{"href":"https:\/\/lasher.ee\/fi\/wp-json\/wp\/v2\/product\/16959","targetHints":{"allow":["GET"]}}],"collection":[{"href":"https:\/\/lasher.ee\/fi\/wp-json\/wp\/v2\/product"}],"about":[{"href":"https:\/\/lasher.ee\/fi\/wp-json\/wp\/v2\/types\/product"}],"replies":[{"embeddable":true,"href":"https:\/\/lasher.ee\/fi\/wp-json\/wp\/v2\/comments?post=16959"}],"wp:featuredmedia":[{"embeddable":true,"href":"https:\/\/lasher.ee\/fi\/wp-json\/wp\/v2\/media\/17079"}],"wp:attachment":[{"href":"https:\/\/lasher.ee\/fi\/wp-json\/wp\/v2\/media?parent=16959"}],"wp:term":[{"taxonomy":"product_brand","embeddable":true,"href":"https:\/\/lasher.ee\/fi\/wp-json\/wp\/v2\/product_brand?post=16959"},{"taxonomy":"product_cat","embeddable":true,"href":"https:\/\/lasher.ee\/fi\/wp-json\/wp\/v2\/product_cat?post=16959"},{"taxonomy":"product_tag","embeddable":true,"href":"https:\/\/lasher.ee\/fi\/wp-json\/wp\/v2\/product_tag?post=16959"}],"curies":[{"name":"wp","href":"https:\/\/api.w.org\/{rel}","templated":true}]}}