{"id":17095,"date":"2026-04-06T14:04:47","date_gmt":"2026-04-06T11:04:47","guid":{"rendered":"https:\/\/lasher.ee\/ruskeat-ripsienpidennykset-007\/"},"modified":"2026-04-09T14:12:43","modified_gmt":"2026-04-09T11:12:43","slug":"ruskeat-ripsikuidut-007","status":"publish","type":"product","link":"https:\/\/lasher.ee\/fi\/tuote\/ruskeat-ripsikuidut-007\/","title":{"rendered":"Ruskeat ripsikuidut 0.07"},"content":{"rendered":"<p>Ruskeat ripsikuidut 0.07<\/p>\n","protected":false},"excerpt":{"rendered":"<p>Ruskeat ripsipidennykset antavat pehme\u00e4mm\u00e4n ja luonnollisemman ilmeen verrattuna mustiin ripsipidennyksiin. Ruskeiden pidennysten l\u00e4mpim\u00e4n s\u00e4vyn avulla voidaan lis\u00e4t\u00e4 silmien syvyytt\u00e4 ja korostaa erilaisia silmien v\u00e4rej\u00e4. Sopivat erinomaisesti vaalealle ihons\u00e4vylle ja blondeille asiakkaille.<\/p>\n<p>Ripsikuidut ovat \u00e4\u00e4rimm\u00e4isen laadukkaita ja k\u00e4yt\u00e4nn\u00f6llisi\u00e4. Ne ovat kevyit\u00e4, puolimatta viimeistelyll\u00e4 sek\u00e4 tasaisella pituudella ja paksuudella. Kaikki tuotteet ovat 100 % vegaanisia ja hypoallergeenisia. Erinomainen liimaraita takaa helpon fanning-tekniikan.<\/p>\n<p>Ripsirivin takapuoli on peitetty folioteipill\u00e4, mik\u00e4 mahdollistaa ripsien helpon poistamisen ilman liimaj\u00e4\u00e4mi\u00e4, ja takaa uudelleenk\u00e4yt\u00f6n. Lyhyemm\u00e4t ripsipidennykset on varustettu kapeammalla liimaraidalla kun taas 9 mm\u2028alkaen on leve\u00e4mpi ja paremmin tarttuva kaista.<\/p>\n<h6><strong>Ripsipidennykset ovat<\/strong><\/h6>\n<p>korkealaatuisia;<br \/>\npuolimatalla viimeistelyll\u00e4;<br \/>\nkeveit\u00e4 ja pehmeit\u00e4;<br \/>\nhyvin tarttuvalla liimaraidalla;<br \/>\n100 % vegaanisia ja hypoallergeenisia.<\/p>\n<p>Jokaisessa ripsikotelossa on 16 ripsirivi\u00e4, jotka on valmistettu korkealaatuisesta Korean PBT-kuidusta ja l\u00e4p\u00e4isseet tiukan laadunvalvonnan.<\/p>\n<p>&nbsp;<\/p>\n<p>&nbsp;<\/p>\n","protected":false},"featured_media":16630,"comment_status":"open","ping_status":"closed","template":"","meta":{"site-sidebar-layout":"default","site-content-layout":"","ast-site-content-layout":"default","site-content-style":"default","site-sidebar-style":"default","ast-global-header-display":"","ast-banner-title-visibility":"","ast-main-header-display":"","ast-hfb-above-header-display":"","ast-hfb-below-header-display":"","ast-hfb-mobile-header-display":"","site-post-title":"","ast-breadcrumbs-content":"","ast-featured-img":"","footer-sml-layout":"","ast-disable-related-posts":"","theme-transparent-header-meta":"default","adv-header-id-meta":"","stick-header-meta":"","header-above-stick-meta":"","header-main-stick-meta":"","header-below-stick-meta":"","astra-migrate-meta-layouts":"set","ast-page-background-enabled":"default","ast-page-background-meta":{"desktop":{"background-color":"var(--ast-global-color-4)","background-image":"","background-repeat":"repeat","background-position":"center center","background-size":"auto","background-attachment":"scroll","background-type":"","background-media":"","overlay-type":"","overlay-color":"","overlay-opacity":"","overlay-gradient":""},"tablet":{"background-color":"","background-image":"","background-repeat":"repeat","background-position":"center center","background-size":"auto","background-attachment":"scroll","background-type":"","background-media":"","overlay-type":"","overlay-color":"","overlay-opacity":"","overlay-gradient":""},"mobile":{"background-color":"","background-image":"","background-repeat":"repeat","background-position":"center center","background-size":"auto","background-attachment":"scroll","background-type":"","background-media":"","overlay-type":"","overlay-color":"","overlay-opacity":"","overlay-gradient":""}},"ast-content-background-meta":{"desktop":{"background-color":"var(--ast-global-color-5)","background-image":"","background-repeat":"repeat","background-position":"center center","background-size":"auto","background-attachment":"scroll","background-type":"","background-media":"","overlay-type":"","overlay-color":"","overlay-opacity":"","overlay-gradient":""},"tablet":{"background-color":"var(--ast-global-color-5)","background-image":"","background-repeat":"repeat","background-position":"center center","background-size":"auto","background-attachment":"scroll","background-type":"","background-media":"","overlay-type":"","overlay-color":"","overlay-opacity":"","overlay-gradient":""},"mobile":{"background-color":"var(--ast-global-color-5)","background-image":"","background-repeat":"repeat","background-position":"center center","background-size":"auto","background-attachment":"scroll","background-type":"","background-media":"","overlay-type":"","overlay-color":"","overlay-opacity":"","overlay-gradient":""}}},"product_brand":[],"product_cat":[90,119,124],"product_tag":[],"class_list":{"0":"post-17095","1":"product","2":"type-product","3":"status-publish","4":"has-post-thumbnail","6":"product_cat-ripset","7":"product_cat-ruskeat-ripsikuidut","8":"product_cat-volyymi-ripsikuidut","9":"desktop-align-left","10":"tablet-align-left","11":"mobile-align-left","13":"first","14":"instock","15":"shipping-taxable","16":"purchasable","17":"product-type-variable"},"yoast_head":"<!-- This site is optimized with the Yoast SEO plugin v27.3 - https:\/\/yoast.com\/product\/yoast-seo-wordpress\/ -->\n<title>Ruskeat ripsikuidut 0.07 - Lasher<\/title>\n<meta name=\"description\" content=\"Ruskeat ripsikuidut 0.07 ovat korkealaatuisi, puolimatalla viimeistelyll\u00e4, keveit\u00e4 ja pehmeit\u00e4, hyvin tarttuvalla liimaraidalla.\" \/>\n<meta name=\"robots\" content=\"index, follow, max-snippet:-1, max-image-preview:large, max-video-preview:-1\" \/>\n<link rel=\"canonical\" href=\"https:\/\/lasher.ee\/fi\/tuote\/ruskeat-ripsikuidut-007\/\" \/>\n<meta property=\"og:locale\" content=\"fi_FI\" \/>\n<meta property=\"og:type\" content=\"article\" \/>\n<meta property=\"og:title\" content=\"Ruskeat ripsikuidut 0.07 - Lasher\" \/>\n<meta property=\"og:description\" content=\"Ruskeat ripsikuidut 0.07 ovat korkealaatuisi, puolimatalla viimeistelyll\u00e4, keveit\u00e4 ja pehmeit\u00e4, hyvin tarttuvalla liimaraidalla.\" \/>\n<meta property=\"og:url\" content=\"https:\/\/lasher.ee\/fi\/tuote\/ruskeat-ripsikuidut-007\/\" \/>\n<meta property=\"og:site_name\" content=\"Lasher\" \/>\n<meta property=\"article:publisher\" content=\"https:\/\/www.facebook.com\/profile.php?id=61564523265885\" \/>\n<meta property=\"article:modified_time\" content=\"2026-04-09T11:12:43+00:00\" \/>\n<meta property=\"og:image\" content=\"https:\/\/lasher.ee\/wp-content\/uploads\/2025\/02\/IMG_2506-1.jpg\" \/>\n\t<meta property=\"og:image:width\" content=\"1024\" \/>\n\t<meta property=\"og:image:height\" content=\"1024\" \/>\n\t<meta property=\"og:image:type\" content=\"image\/jpeg\" \/>\n<meta name=\"twitter:card\" content=\"summary_large_image\" \/>\n<meta name=\"twitter:label1\" content=\"Arvioitu lukuaika\" \/>\n\t<meta name=\"twitter:data1\" content=\"1 minuutti\" \/>\n<script type=\"application\/ld+json\" class=\"yoast-schema-graph\">{\"@context\":\"https:\\\/\\\/schema.org\",\"@graph\":[{\"@type\":\"WebPage\",\"@id\":\"https:\\\/\\\/lasher.ee\\\/fi\\\/tuote\\\/ruskeat-ripsikuidut-007\\\/\",\"url\":\"https:\\\/\\\/lasher.ee\\\/fi\\\/tuote\\\/ruskeat-ripsikuidut-007\\\/\",\"name\":\"Ruskeat ripsikuidut 0.07 - Lasher\",\"isPartOf\":{\"@id\":\"https:\\\/\\\/lasher.ee\\\/fi\\\/#website\"},\"primaryImageOfPage\":{\"@id\":\"https:\\\/\\\/lasher.ee\\\/fi\\\/tuote\\\/ruskeat-ripsikuidut-007\\\/#primaryimage\"},\"image\":{\"@id\":\"https:\\\/\\\/lasher.ee\\\/fi\\\/tuote\\\/ruskeat-ripsikuidut-007\\\/#primaryimage\"},\"thumbnailUrl\":\"https:\\\/\\\/lasher.ee\\\/wp-content\\\/uploads\\\/2025\\\/02\\\/IMG_2506-1.jpg\",\"datePublished\":\"2026-04-06T11:04:47+00:00\",\"dateModified\":\"2026-04-09T11:12:43+00:00\",\"description\":\"Ruskeat ripsikuidut 0.07 ovat korkealaatuisi, puolimatalla viimeistelyll\u00e4, keveit\u00e4 ja pehmeit\u00e4, hyvin tarttuvalla liimaraidalla.\",\"breadcrumb\":{\"@id\":\"https:\\\/\\\/lasher.ee\\\/fi\\\/tuote\\\/ruskeat-ripsikuidut-007\\\/#breadcrumb\"},\"inLanguage\":\"fi\",\"potentialAction\":[{\"@type\":\"ReadAction\",\"target\":[\"https:\\\/\\\/lasher.ee\\\/fi\\\/tuote\\\/ruskeat-ripsikuidut-007\\\/\"]}]},{\"@type\":\"ImageObject\",\"inLanguage\":\"fi\",\"@id\":\"https:\\\/\\\/lasher.ee\\\/fi\\\/tuote\\\/ruskeat-ripsikuidut-007\\\/#primaryimage\",\"url\":\"https:\\\/\\\/lasher.ee\\\/wp-content\\\/uploads\\\/2025\\\/02\\\/IMG_2506-1.jpg\",\"contentUrl\":\"https:\\\/\\\/lasher.ee\\\/wp-content\\\/uploads\\\/2025\\\/02\\\/IMG_2506-1.jpg\",\"width\":1024,\"height\":1024,\"caption\":\"Ruskeat ripiskuidut 0.07. 0.10\"},{\"@type\":\"BreadcrumbList\",\"@id\":\"https:\\\/\\\/lasher.ee\\\/fi\\\/tuote\\\/ruskeat-ripsikuidut-007\\\/#breadcrumb\",\"itemListElement\":[{\"@type\":\"ListItem\",\"position\":1,\"name\":\"Home\",\"item\":\"https:\\\/\\\/lasher.ee\\\/fi\\\/\"},{\"@type\":\"ListItem\",\"position\":2,\"name\":\"Kaikki tuotteet\",\"item\":\"https:\\\/\\\/lasher.ee\\\/fi\\\/kaikki-tuotteet\\\/\"},{\"@type\":\"ListItem\",\"position\":3,\"name\":\"Ruskeat ripsikuidut 0.07\"}]},{\"@type\":\"WebSite\",\"@id\":\"https:\\\/\\\/lasher.ee\\\/fi\\\/#website\",\"url\":\"https:\\\/\\\/lasher.ee\\\/fi\\\/\",\"name\":\"Lasher\",\"description\":\"K\u00f5ik vajalikud ripsmetarvikud ripsmetehnikule \u00fchest kohast.\",\"publisher\":{\"@id\":\"https:\\\/\\\/lasher.ee\\\/fi\\\/#organization\"},\"potentialAction\":[{\"@type\":\"SearchAction\",\"target\":{\"@type\":\"EntryPoint\",\"urlTemplate\":\"https:\\\/\\\/lasher.ee\\\/fi\\\/?s={search_term_string}\"},\"query-input\":{\"@type\":\"PropertyValueSpecification\",\"valueRequired\":true,\"valueName\":\"search_term_string\"}}],\"inLanguage\":\"fi\"},{\"@type\":\"Organization\",\"@id\":\"https:\\\/\\\/lasher.ee\\\/fi\\\/#organization\",\"name\":\"Lasher\",\"url\":\"https:\\\/\\\/lasher.ee\\\/fi\\\/\",\"logo\":{\"@type\":\"ImageObject\",\"inLanguage\":\"fi\",\"@id\":\"https:\\\/\\\/lasher.ee\\\/fi\\\/#\\\/schema\\\/logo\\\/image\\\/\",\"url\":\"https:\\\/\\\/lasher.ee\\\/wp-content\\\/uploads\\\/2024\\\/09\\\/Screenshot-2024-09-03-at-11.58.17.png\",\"contentUrl\":\"https:\\\/\\\/lasher.ee\\\/wp-content\\\/uploads\\\/2024\\\/09\\\/Screenshot-2024-09-03-at-11.58.17.png\",\"width\":1678,\"height\":1670,\"caption\":\"Lasher\"},\"image\":{\"@id\":\"https:\\\/\\\/lasher.ee\\\/fi\\\/#\\\/schema\\\/logo\\\/image\\\/\"},\"sameAs\":[\"https:\\\/\\\/www.facebook.com\\\/profile.php?id=61564523265885\",\"https:\\\/\\\/www.instagram.com\\\/lasher_official\\\/\"]}]}<\/script>\n<!-- \/ Yoast SEO plugin. -->","yoast_head_json":{"title":"Ruskeat ripsikuidut 0.07 - Lasher","description":"Ruskeat ripsikuidut 0.07 ovat korkealaatuisi, puolimatalla viimeistelyll\u00e4, keveit\u00e4 ja pehmeit\u00e4, hyvin tarttuvalla liimaraidalla.","robots":{"index":"index","follow":"follow","max-snippet":"max-snippet:-1","max-image-preview":"max-image-preview:large","max-video-preview":"max-video-preview:-1"},"canonical":"https:\/\/lasher.ee\/fi\/tuote\/ruskeat-ripsikuidut-007\/","og_locale":"fi_FI","og_type":"article","og_title":"Ruskeat ripsikuidut 0.07 - Lasher","og_description":"Ruskeat ripsikuidut 0.07 ovat korkealaatuisi, puolimatalla viimeistelyll\u00e4, keveit\u00e4 ja pehmeit\u00e4, hyvin tarttuvalla liimaraidalla.","og_url":"https:\/\/lasher.ee\/fi\/tuote\/ruskeat-ripsikuidut-007\/","og_site_name":"Lasher","article_publisher":"https:\/\/www.facebook.com\/profile.php?id=61564523265885","article_modified_time":"2026-04-09T11:12:43+00:00","og_image":[{"width":1024,"height":1024,"url":"https:\/\/lasher.ee\/wp-content\/uploads\/2025\/02\/IMG_2506-1.jpg","type":"image\/jpeg"}],"twitter_card":"summary_large_image","twitter_misc":{"Arvioitu lukuaika":"1 minuutti"},"schema":{"@context":"https:\/\/schema.org","@graph":[{"@type":"WebPage","@id":"https:\/\/lasher.ee\/fi\/tuote\/ruskeat-ripsikuidut-007\/","url":"https:\/\/lasher.ee\/fi\/tuote\/ruskeat-ripsikuidut-007\/","name":"Ruskeat ripsikuidut 0.07 - Lasher","isPartOf":{"@id":"https:\/\/lasher.ee\/fi\/#website"},"primaryImageOfPage":{"@id":"https:\/\/lasher.ee\/fi\/tuote\/ruskeat-ripsikuidut-007\/#primaryimage"},"image":{"@id":"https:\/\/lasher.ee\/fi\/tuote\/ruskeat-ripsikuidut-007\/#primaryimage"},"thumbnailUrl":"https:\/\/lasher.ee\/wp-content\/uploads\/2025\/02\/IMG_2506-1.jpg","datePublished":"2026-04-06T11:04:47+00:00","dateModified":"2026-04-09T11:12:43+00:00","description":"Ruskeat ripsikuidut 0.07 ovat korkealaatuisi, puolimatalla viimeistelyll\u00e4, keveit\u00e4 ja pehmeit\u00e4, hyvin tarttuvalla liimaraidalla.","breadcrumb":{"@id":"https:\/\/lasher.ee\/fi\/tuote\/ruskeat-ripsikuidut-007\/#breadcrumb"},"inLanguage":"fi","potentialAction":[{"@type":"ReadAction","target":["https:\/\/lasher.ee\/fi\/tuote\/ruskeat-ripsikuidut-007\/"]}]},{"@type":"ImageObject","inLanguage":"fi","@id":"https:\/\/lasher.ee\/fi\/tuote\/ruskeat-ripsikuidut-007\/#primaryimage","url":"https:\/\/lasher.ee\/wp-content\/uploads\/2025\/02\/IMG_2506-1.jpg","contentUrl":"https:\/\/lasher.ee\/wp-content\/uploads\/2025\/02\/IMG_2506-1.jpg","width":1024,"height":1024,"caption":"Ruskeat ripiskuidut 0.07. 0.10"},{"@type":"BreadcrumbList","@id":"https:\/\/lasher.ee\/fi\/tuote\/ruskeat-ripsikuidut-007\/#breadcrumb","itemListElement":[{"@type":"ListItem","position":1,"name":"Home","item":"https:\/\/lasher.ee\/fi\/"},{"@type":"ListItem","position":2,"name":"Kaikki tuotteet","item":"https:\/\/lasher.ee\/fi\/kaikki-tuotteet\/"},{"@type":"ListItem","position":3,"name":"Ruskeat ripsikuidut 0.07"}]},{"@type":"WebSite","@id":"https:\/\/lasher.ee\/fi\/#website","url":"https:\/\/lasher.ee\/fi\/","name":"Lasher","description":"K\u00f5ik vajalikud ripsmetarvikud ripsmetehnikule \u00fchest kohast.","publisher":{"@id":"https:\/\/lasher.ee\/fi\/#organization"},"potentialAction":[{"@type":"SearchAction","target":{"@type":"EntryPoint","urlTemplate":"https:\/\/lasher.ee\/fi\/?s={search_term_string}"},"query-input":{"@type":"PropertyValueSpecification","valueRequired":true,"valueName":"search_term_string"}}],"inLanguage":"fi"},{"@type":"Organization","@id":"https:\/\/lasher.ee\/fi\/#organization","name":"Lasher","url":"https:\/\/lasher.ee\/fi\/","logo":{"@type":"ImageObject","inLanguage":"fi","@id":"https:\/\/lasher.ee\/fi\/#\/schema\/logo\/image\/","url":"https:\/\/lasher.ee\/wp-content\/uploads\/2024\/09\/Screenshot-2024-09-03-at-11.58.17.png","contentUrl":"https:\/\/lasher.ee\/wp-content\/uploads\/2024\/09\/Screenshot-2024-09-03-at-11.58.17.png","width":1678,"height":1670,"caption":"Lasher"},"image":{"@id":"https:\/\/lasher.ee\/fi\/#\/schema\/logo\/image\/"},"sameAs":["https:\/\/www.facebook.com\/profile.php?id=61564523265885","https:\/\/www.instagram.com\/lasher_official\/"]}]}},"_links":{"self":[{"href":"https:\/\/lasher.ee\/fi\/wp-json\/wp\/v2\/product\/17095","targetHints":{"allow":["GET"]}}],"collection":[{"href":"https:\/\/lasher.ee\/fi\/wp-json\/wp\/v2\/product"}],"about":[{"href":"https:\/\/lasher.ee\/fi\/wp-json\/wp\/v2\/types\/product"}],"replies":[{"embeddable":true,"href":"https:\/\/lasher.ee\/fi\/wp-json\/wp\/v2\/comments?post=17095"}],"wp:featuredmedia":[{"embeddable":true,"href":"https:\/\/lasher.ee\/fi\/wp-json\/wp\/v2\/media\/16630"}],"wp:attachment":[{"href":"https:\/\/lasher.ee\/fi\/wp-json\/wp\/v2\/media?parent=17095"}],"wp:term":[{"taxonomy":"product_brand","embeddable":true,"href":"https:\/\/lasher.ee\/fi\/wp-json\/wp\/v2\/product_brand?post=17095"},{"taxonomy":"product_cat","embeddable":true,"href":"https:\/\/lasher.ee\/fi\/wp-json\/wp\/v2\/product_cat?post=17095"},{"taxonomy":"product_tag","embeddable":true,"href":"https:\/\/lasher.ee\/fi\/wp-json\/wp\/v2\/product_tag?post=17095"}],"curies":[{"name":"wp","href":"https:\/\/api.w.org\/{rel}","templated":true}]}}