{"id":17249,"date":"2026-04-18T13:31:31","date_gmt":"2026-04-18T10:31:31","guid":{"rendered":"https:\/\/lasher.ee\/ripsien-primer-ja-bonder\/"},"modified":"2026-04-21T07:05:49","modified_gmt":"2026-04-21T04:05:49","slug":"ripsien-primer-ja-bonder","status":"publish","type":"product","link":"https:\/\/lasher.ee\/fi\/tuote\/ripsien-primer-ja-bonder\/","title":{"rendered":"Ripsien primer ja bonder"},"content":{"rendered":"<section class=\"text-token-text-primary w-full focus:outline-none [--shadow-height:45px] has-data-writing-block:pointer-events-none has-data-writing-block:-mt-(--shadow-height) has-data-writing-block:pt-(--shadow-height) [&amp;:has([data-writing-block])&gt;*]:pointer-events-auto [content-visibility:auto] supports-[content-visibility:auto]:[contain-intrinsic-size:auto_100lvh] R6Vx5W_threadScrollVars scroll-mb-[calc(var(--scroll-root-safe-area-inset-bottom,0px)+var(--thread-response-height))] scroll-mt-[calc(var(--header-height)+min(200px,max(70px,20svh)))]\" dir=\"auto\" data-turn-id=\"request-69e59ab1-9704-8325-98f3-532d61927f14-1\" data-testid=\"conversation-turn-8\" data-scroll-anchor=\"false\" data-turn=\"assistant\">\n<div class=\"text-base my-auto mx-auto pb-10 [--thread-content-margin:var(--thread-content-margin-xs,calc(var(--spacing)*4))] @w-sm\/main:[--thread-content-margin:var(--thread-content-margin-sm,calc(var(--spacing)*6))] @w-lg\/main:[--thread-content-margin:var(--thread-content-margin-lg,calc(var(--spacing)*16))] px-(--thread-content-margin)\">\n<div class=\"[--thread-content-max-width:40rem] @w-lg\/main:[--thread-content-max-width:48rem] mx-auto max-w-(--thread-content-max-width) flex-1 group\/turn-messages focus-visible:outline-hidden relative flex w-full min-w-0 flex-col agent-turn\">\n<div class=\"flex max-w-full flex-col gap-4 grow\">\n<div class=\"min-h-8 text-message relative flex w-full flex-col items-end gap-2 text-start break-words whitespace-normal outline-none keyboard-focused:focus-ring [.text-message+&amp;]:mt-1\" dir=\"auto\" tabindex=\"0\" data-message-author-role=\"assistant\" data-message-id=\"6642d636-e660-4ddc-a149-2fec58b9d071\" data-message-model-slug=\"gpt-5-3\" data-turn-start-message=\"true\">\n<div class=\"flex w-full flex-col gap-1 empty:hidden\">\n<div class=\"markdown prose dark:prose-invert w-full wrap-break-word light markdown-new-styling\">\n<p data-start=\"0\" data-end=\"57\" data-is-last-node=\"\" data-is-only-node=\"\">Ripsien primer ja bonder \u2013 t\u00e4ydellinen duo ripsiteknikolle.<\/p>\n<\/div>\n<\/div>\n<\/div>\n<\/div>\n<div class=\"z-0 flex min-h-[46px] justify-start\"><\/div>\n<div class=\"mt-3 w-full empty:hidden\">\n<div class=\"text-center\"><\/div>\n<\/div>\n<\/div>\n<\/div>\n<\/section>\n<div class=\"pointer-events-none -mt-px h-px translate-y-[calc(var(--scroll-root-safe-area-inset-bottom)-14*var(--spacing))]\" aria-hidden=\"true\"><\/div>\n","protected":false},"excerpt":{"rendered":"<h6><span style=\"color: #000000;\"><strong>Ripsien puhdistusaine primer 50ml<\/strong><\/span><\/h6>\n<p>Ihonyst\u00e4v\u00e4llinen, kevyesti hapan ripsien puhdistusaine poistaa tehokkaasti lian, rasvan ja meikkij\u00e4\u00e4m\u00e4t sek\u00e4 valmistelee ripset optimaalista kiinnityst\u00e4 varten. Kuuden hedelm\u00e4uutteen ansiosta se puhdistaa hell\u00e4varaisesti samalla hoitaen ripsi\u00e4 ja silm\u00e4nymp\u00e4rysihoa. Primer parantaa liiman tarttuvuutta ja auttaa pident\u00e4m\u00e4\u00e4n ripsienpidennysten kestoa.<\/p>\n<h6><strong>K\u00e4ytt\u00f6ohje<\/strong><\/h6>\n<p>Levit\u00e4 pieni m\u00e4\u00e4r\u00e4 primeria vanulapulle. Puhdista ripset hell\u00e4varaisesti liasta ja ylim\u00e4\u00e4r\u00e4isest\u00e4 rasvasta. Kuivaa ripset. Ennen ripsienpidennysten kiinnitt\u00e4mist\u00e4 ripsien tulee olla t\u00e4ysin kuivat.<\/p>\n<h6><strong>Koostumus<\/strong><\/h6>\n<p>Aqua, Glycerin, Polyglyceryl-4 Caprate, Glyceryn, Chamaecyparis Obtusa Water, Allantoin, Disodium EDTA, Mangifera Indica (Mango) Fruit Extract, Astrocaryum Murumuru Fruit Extract, Vaccinium Angustifolium (Bluberry) Fruit Extract, Fragaria Ananassa (Strawberry) Fruit Extract, Malus Domestica Fruit Extract, Physalis Peruviana Extract, Chlorphenesin<\/p>\n<h6><span style=\"color: #000000;\"><strong>Bonder 15ml<\/strong><\/span><\/h6>\n<p>Drying Booster eli superbonder auttaa ripsiliimaa kuivumaan nopeasti, ja ripset voivat olla kosketuksissa veden kanssa heti ripsienpidennysten asennuksen j\u00e4lkeen. Booster sitoo liimasta syntyv\u00e4t h\u00f6yryt heti k\u00e4yt\u00f6n j\u00e4lkeen, mik\u00e4 v\u00e4hent\u00e4\u00e4 liimasta aiheutunutta \u00e4rsytyst\u00e4 ja herkkyytt\u00e4. Koska tuotteen pH-taso on samanlainen kuin kyynelnesteell\u00e4, sit\u00e4 voidaan k\u00e4ytt\u00e4\u00e4 mukavasti ilman kirvely\u00e4 tai \u00e4rsytyst\u00e4. Kun se on kovettunut kokonaan, pinta j\u00e4\u00e4 tasaiseksi, joustavaksi ja luonnollisen n\u00e4k\u00f6iseksi. Kiihdytin pident\u00e4\u00e4 my\u00f6s ripsien pysyvyytt\u00e4.<\/p>\n<h6><strong>Tuotteen edut<\/strong><\/h6>\n<p>Turvallinen k\u00e4ytt\u00e4\u00e4 \u2013 ei sis\u00e4ll\u00e4 alkoholia eik\u00e4 asetonia.<br \/>\nNeutraali pH, pisaran kaltainen.<br \/>\nLyhent\u00e4\u00e4 liiman kuivumisajan 24 tunnista 3 minuuttiin, jolloin asiakas voi pest\u00e4 kasvot heti toimenpiteen j\u00e4lkeen.<br \/>\nV\u00e4hent\u00e4\u00e4 liiman kuivumisesta aiheutuvia ongelmia.<\/p>\n<h6><strong>K\u00e4ytt\u00f6ohje<\/strong><\/h6>\n<p>Odota 2-3 minuuttia ripsienpidennysten asennuksen j\u00e4lkeen (varmista ett\u00e4 liima on t\u00e4ysin kuivunut, sill\u00e4 kosteus saatta aiheuttaa ripsiss\u00e4 valkaisua). Laita pieni tippa superbonderia mikrokuituharjalle ja aseta se ripsien liimakohtaan. Anna tuotteen kuivua 1-2 minuuttia.<\/p>\n<p>Talvella matalat l\u00e4mp\u00f6tilat ja alhainen ilmankosteus voivat hidastaa liiman kuivumista. Jos Drying Boosteria k\u00e4ytet\u00e4\u00e4n heti ripsienpidennysten asennuksen j\u00e4lkeen t\u00e4llaisissa olosuhteissa, se voi h\u00e4irit\u00e4 liiman luonnollista kuivumisprosessia, aiheuttaen valkoisia j\u00e4\u00e4mi\u00e4 ja silmien \u00e4rsytyst\u00e4. Siksi on t\u00e4rke\u00e4\u00e4 odottaa 2\u20133 minuuttia ripsienpidennysten asennuksen j\u00e4lkeen ennen tuotteen k\u00e4ytt\u00f6\u00e4.<\/p>\n<h6><strong>Koostumus<\/strong><\/h6>\n<p>Aqua, Dipotassium Glucyrrhiazate, Di-sodium Phosphate, Phenoxyethanol, Disodium Edta<\/p>\n","protected":false},"featured_media":17248,"comment_status":"open","ping_status":"closed","template":"","meta":{"site-sidebar-layout":"default","site-content-layout":"","ast-site-content-layout":"default","site-content-style":"default","site-sidebar-style":"default","ast-global-header-display":"","ast-banner-title-visibility":"","ast-main-header-display":"","ast-hfb-above-header-display":"","ast-hfb-below-header-display":"","ast-hfb-mobile-header-display":"","site-post-title":"","ast-breadcrumbs-content":"","ast-featured-img":"","footer-sml-layout":"","ast-disable-related-posts":"","theme-transparent-header-meta":"default","adv-header-id-meta":"","stick-header-meta":"","header-above-stick-meta":"","header-main-stick-meta":"","header-below-stick-meta":"","astra-migrate-meta-layouts":"set","ast-page-background-enabled":"default","ast-page-background-meta":{"desktop":{"background-color":"var(--ast-global-color-4)","background-image":"","background-repeat":"repeat","background-position":"center center","background-size":"auto","background-attachment":"scroll","background-type":"","background-media":"","overlay-type":"","overlay-color":"","overlay-opacity":"","overlay-gradient":""},"tablet":{"background-color":"","background-image":"","background-repeat":"repeat","background-position":"center center","background-size":"auto","background-attachment":"scroll","background-type":"","background-media":"","overlay-type":"","overlay-color":"","overlay-opacity":"","overlay-gradient":""},"mobile":{"background-color":"","background-image":"","background-repeat":"repeat","background-position":"center center","background-size":"auto","background-attachment":"scroll","background-type":"","background-media":"","overlay-type":"","overlay-color":"","overlay-opacity":"","overlay-gradient":""}},"ast-content-background-meta":{"desktop":{"background-color":"var(--ast-global-color-5)","background-image":"","background-repeat":"repeat","background-position":"center center","background-size":"auto","background-attachment":"scroll","background-type":"","background-media":"","overlay-type":"","overlay-color":"","overlay-opacity":"","overlay-gradient":""},"tablet":{"background-color":"var(--ast-global-color-5)","background-image":"","background-repeat":"repeat","background-position":"center center","background-size":"auto","background-attachment":"scroll","background-type":"","background-media":"","overlay-type":"","overlay-color":"","overlay-opacity":"","overlay-gradient":""},"mobile":{"background-color":"var(--ast-global-color-5)","background-image":"","background-repeat":"repeat","background-position":"center center","background-size":"auto","background-attachment":"scroll","background-type":"","background-media":"","overlay-type":"","overlay-color":"","overlay-opacity":"","overlay-gradient":""}}},"product_brand":[],"product_cat":[84,95,85],"product_tag":[],"class_list":{"0":"post-17249","1":"product","2":"type-product","3":"status-publish","4":"has-post-thumbnail","6":"product_cat-esihoito","7":"product_cat-huolto","8":"product_cat-jalkihoito","9":"desktop-align-left","10":"tablet-align-left","11":"mobile-align-left","13":"first","14":"instock","15":"shipping-taxable","16":"purchasable","17":"product-type-simple"},"yoast_head":"<!-- This site is optimized with the Yoast SEO plugin v27.4 - https:\/\/yoast.com\/product\/yoast-seo-wordpress\/ -->\n<title>Ripsien primer ja bonder - Lasher<\/title>\n<meta name=\"description\" content=\"Ripsien primer ja bonder takaavat ripsien maksimaalisen pysyvyyden, parantavat liiman tarttuvuutta sek\u00e4 v\u00e4hent\u00e4v\u00e4t h\u00f6yryj\u00e4 ja herkkyytt\u00e4.\" \/>\n<meta name=\"robots\" content=\"index, follow, max-snippet:-1, max-image-preview:large, max-video-preview:-1\" \/>\n<link rel=\"canonical\" href=\"https:\/\/lasher.ee\/fi\/tuote\/ripsien-primer-ja-bonder\/\" \/>\n<meta property=\"og:locale\" content=\"fi_FI\" \/>\n<meta property=\"og:type\" content=\"article\" \/>\n<meta property=\"og:title\" content=\"Ripsien primer ja bonder - Lasher\" \/>\n<meta property=\"og:description\" content=\"Ripsien primer ja bonder takaavat ripsien maksimaalisen pysyvyyden, parantavat liiman tarttuvuutta sek\u00e4 v\u00e4hent\u00e4v\u00e4t h\u00f6yryj\u00e4 ja herkkyytt\u00e4.\" \/>\n<meta property=\"og:url\" content=\"https:\/\/lasher.ee\/fi\/tuote\/ripsien-primer-ja-bonder\/\" \/>\n<meta property=\"og:site_name\" content=\"Lasher\" \/>\n<meta property=\"article:publisher\" content=\"https:\/\/www.facebook.com\/profile.php?id=61564523265885\" \/>\n<meta property=\"article:modified_time\" content=\"2026-04-21T04:05:49+00:00\" \/>\n<meta property=\"og:image\" content=\"https:\/\/lasher.ee\/wp-content\/uploads\/2026\/04\/IMG_4648-2-.jpg\" \/>\n\t<meta property=\"og:image:width\" content=\"1024\" \/>\n\t<meta property=\"og:image:height\" content=\"1024\" \/>\n\t<meta property=\"og:image:type\" content=\"image\/jpeg\" \/>\n<meta name=\"twitter:card\" content=\"summary_large_image\" \/>\n<meta name=\"twitter:label1\" content=\"Arvioitu lukuaika\" \/>\n\t<meta name=\"twitter:data1\" content=\"1 minuutti\" \/>\n<script type=\"application\/ld+json\" class=\"yoast-schema-graph\">{\"@context\":\"https:\\\/\\\/schema.org\",\"@graph\":[{\"@type\":\"WebPage\",\"@id\":\"https:\\\/\\\/lasher.ee\\\/fi\\\/tuote\\\/ripsien-primer-ja-bonder\\\/\",\"url\":\"https:\\\/\\\/lasher.ee\\\/fi\\\/tuote\\\/ripsien-primer-ja-bonder\\\/\",\"name\":\"Ripsien primer ja bonder - Lasher\",\"isPartOf\":{\"@id\":\"https:\\\/\\\/lasher.ee\\\/fi\\\/#website\"},\"primaryImageOfPage\":{\"@id\":\"https:\\\/\\\/lasher.ee\\\/fi\\\/tuote\\\/ripsien-primer-ja-bonder\\\/#primaryimage\"},\"image\":{\"@id\":\"https:\\\/\\\/lasher.ee\\\/fi\\\/tuote\\\/ripsien-primer-ja-bonder\\\/#primaryimage\"},\"thumbnailUrl\":\"https:\\\/\\\/lasher.ee\\\/wp-content\\\/uploads\\\/2026\\\/04\\\/IMG_4648-2-.jpg\",\"datePublished\":\"2026-04-18T10:31:31+00:00\",\"dateModified\":\"2026-04-21T04:05:49+00:00\",\"description\":\"Ripsien primer ja bonder takaavat ripsien maksimaalisen pysyvyyden, parantavat liiman tarttuvuutta sek\u00e4 v\u00e4hent\u00e4v\u00e4t h\u00f6yryj\u00e4 ja herkkyytt\u00e4.\",\"breadcrumb\":{\"@id\":\"https:\\\/\\\/lasher.ee\\\/fi\\\/tuote\\\/ripsien-primer-ja-bonder\\\/#breadcrumb\"},\"inLanguage\":\"fi\",\"potentialAction\":[{\"@type\":\"ReadAction\",\"target\":[\"https:\\\/\\\/lasher.ee\\\/fi\\\/tuote\\\/ripsien-primer-ja-bonder\\\/\"]}]},{\"@type\":\"ImageObject\",\"inLanguage\":\"fi\",\"@id\":\"https:\\\/\\\/lasher.ee\\\/fi\\\/tuote\\\/ripsien-primer-ja-bonder\\\/#primaryimage\",\"url\":\"https:\\\/\\\/lasher.ee\\\/wp-content\\\/uploads\\\/2026\\\/04\\\/IMG_4648-2-.jpg\",\"contentUrl\":\"https:\\\/\\\/lasher.ee\\\/wp-content\\\/uploads\\\/2026\\\/04\\\/IMG_4648-2-.jpg\",\"width\":1024,\"height\":1024,\"caption\":\"Ripsien primer ja bonder\"},{\"@type\":\"BreadcrumbList\",\"@id\":\"https:\\\/\\\/lasher.ee\\\/fi\\\/tuote\\\/ripsien-primer-ja-bonder\\\/#breadcrumb\",\"itemListElement\":[{\"@type\":\"ListItem\",\"position\":1,\"name\":\"Home\",\"item\":\"https:\\\/\\\/lasher.ee\\\/fi\\\/\"},{\"@type\":\"ListItem\",\"position\":2,\"name\":\"Kaikki tuotteet\",\"item\":\"https:\\\/\\\/lasher.ee\\\/fi\\\/kaikki-tuotteet\\\/\"},{\"@type\":\"ListItem\",\"position\":3,\"name\":\"Ripsien primer ja bonder\"}]},{\"@type\":\"WebSite\",\"@id\":\"https:\\\/\\\/lasher.ee\\\/fi\\\/#website\",\"url\":\"https:\\\/\\\/lasher.ee\\\/fi\\\/\",\"name\":\"Lasher\",\"description\":\"K\u00f5ik vajalikud ripsmetarvikud ripsmetehnikule \u00fchest kohast.\",\"publisher\":{\"@id\":\"https:\\\/\\\/lasher.ee\\\/fi\\\/#organization\"},\"potentialAction\":[{\"@type\":\"SearchAction\",\"target\":{\"@type\":\"EntryPoint\",\"urlTemplate\":\"https:\\\/\\\/lasher.ee\\\/fi\\\/?s={search_term_string}\"},\"query-input\":{\"@type\":\"PropertyValueSpecification\",\"valueRequired\":true,\"valueName\":\"search_term_string\"}}],\"inLanguage\":\"fi\"},{\"@type\":\"Organization\",\"@id\":\"https:\\\/\\\/lasher.ee\\\/fi\\\/#organization\",\"name\":\"Lasher\",\"url\":\"https:\\\/\\\/lasher.ee\\\/fi\\\/\",\"logo\":{\"@type\":\"ImageObject\",\"inLanguage\":\"fi\",\"@id\":\"https:\\\/\\\/lasher.ee\\\/fi\\\/#\\\/schema\\\/logo\\\/image\\\/\",\"url\":\"https:\\\/\\\/lasher.ee\\\/wp-content\\\/uploads\\\/2024\\\/09\\\/Screenshot-2024-09-03-at-11.58.17.png\",\"contentUrl\":\"https:\\\/\\\/lasher.ee\\\/wp-content\\\/uploads\\\/2024\\\/09\\\/Screenshot-2024-09-03-at-11.58.17.png\",\"width\":1678,\"height\":1670,\"caption\":\"Lasher\"},\"image\":{\"@id\":\"https:\\\/\\\/lasher.ee\\\/fi\\\/#\\\/schema\\\/logo\\\/image\\\/\"},\"sameAs\":[\"https:\\\/\\\/www.facebook.com\\\/profile.php?id=61564523265885\",\"https:\\\/\\\/www.instagram.com\\\/lasher_official\\\/\"]}]}<\/script>\n<!-- \/ Yoast SEO plugin. -->","yoast_head_json":{"title":"Ripsien primer ja bonder - Lasher","description":"Ripsien primer ja bonder takaavat ripsien maksimaalisen pysyvyyden, parantavat liiman tarttuvuutta sek\u00e4 v\u00e4hent\u00e4v\u00e4t h\u00f6yryj\u00e4 ja herkkyytt\u00e4.","robots":{"index":"index","follow":"follow","max-snippet":"max-snippet:-1","max-image-preview":"max-image-preview:large","max-video-preview":"max-video-preview:-1"},"canonical":"https:\/\/lasher.ee\/fi\/tuote\/ripsien-primer-ja-bonder\/","og_locale":"fi_FI","og_type":"article","og_title":"Ripsien primer ja bonder - Lasher","og_description":"Ripsien primer ja bonder takaavat ripsien maksimaalisen pysyvyyden, parantavat liiman tarttuvuutta sek\u00e4 v\u00e4hent\u00e4v\u00e4t h\u00f6yryj\u00e4 ja herkkyytt\u00e4.","og_url":"https:\/\/lasher.ee\/fi\/tuote\/ripsien-primer-ja-bonder\/","og_site_name":"Lasher","article_publisher":"https:\/\/www.facebook.com\/profile.php?id=61564523265885","article_modified_time":"2026-04-21T04:05:49+00:00","og_image":[{"width":1024,"height":1024,"url":"https:\/\/lasher.ee\/wp-content\/uploads\/2026\/04\/IMG_4648-2-.jpg","type":"image\/jpeg"}],"twitter_card":"summary_large_image","twitter_misc":{"Arvioitu lukuaika":"1 minuutti"},"schema":{"@context":"https:\/\/schema.org","@graph":[{"@type":"WebPage","@id":"https:\/\/lasher.ee\/fi\/tuote\/ripsien-primer-ja-bonder\/","url":"https:\/\/lasher.ee\/fi\/tuote\/ripsien-primer-ja-bonder\/","name":"Ripsien primer ja bonder - Lasher","isPartOf":{"@id":"https:\/\/lasher.ee\/fi\/#website"},"primaryImageOfPage":{"@id":"https:\/\/lasher.ee\/fi\/tuote\/ripsien-primer-ja-bonder\/#primaryimage"},"image":{"@id":"https:\/\/lasher.ee\/fi\/tuote\/ripsien-primer-ja-bonder\/#primaryimage"},"thumbnailUrl":"https:\/\/lasher.ee\/wp-content\/uploads\/2026\/04\/IMG_4648-2-.jpg","datePublished":"2026-04-18T10:31:31+00:00","dateModified":"2026-04-21T04:05:49+00:00","description":"Ripsien primer ja bonder takaavat ripsien maksimaalisen pysyvyyden, parantavat liiman tarttuvuutta sek\u00e4 v\u00e4hent\u00e4v\u00e4t h\u00f6yryj\u00e4 ja herkkyytt\u00e4.","breadcrumb":{"@id":"https:\/\/lasher.ee\/fi\/tuote\/ripsien-primer-ja-bonder\/#breadcrumb"},"inLanguage":"fi","potentialAction":[{"@type":"ReadAction","target":["https:\/\/lasher.ee\/fi\/tuote\/ripsien-primer-ja-bonder\/"]}]},{"@type":"ImageObject","inLanguage":"fi","@id":"https:\/\/lasher.ee\/fi\/tuote\/ripsien-primer-ja-bonder\/#primaryimage","url":"https:\/\/lasher.ee\/wp-content\/uploads\/2026\/04\/IMG_4648-2-.jpg","contentUrl":"https:\/\/lasher.ee\/wp-content\/uploads\/2026\/04\/IMG_4648-2-.jpg","width":1024,"height":1024,"caption":"Ripsien primer ja bonder"},{"@type":"BreadcrumbList","@id":"https:\/\/lasher.ee\/fi\/tuote\/ripsien-primer-ja-bonder\/#breadcrumb","itemListElement":[{"@type":"ListItem","position":1,"name":"Home","item":"https:\/\/lasher.ee\/fi\/"},{"@type":"ListItem","position":2,"name":"Kaikki tuotteet","item":"https:\/\/lasher.ee\/fi\/kaikki-tuotteet\/"},{"@type":"ListItem","position":3,"name":"Ripsien primer ja bonder"}]},{"@type":"WebSite","@id":"https:\/\/lasher.ee\/fi\/#website","url":"https:\/\/lasher.ee\/fi\/","name":"Lasher","description":"K\u00f5ik vajalikud ripsmetarvikud ripsmetehnikule \u00fchest kohast.","publisher":{"@id":"https:\/\/lasher.ee\/fi\/#organization"},"potentialAction":[{"@type":"SearchAction","target":{"@type":"EntryPoint","urlTemplate":"https:\/\/lasher.ee\/fi\/?s={search_term_string}"},"query-input":{"@type":"PropertyValueSpecification","valueRequired":true,"valueName":"search_term_string"}}],"inLanguage":"fi"},{"@type":"Organization","@id":"https:\/\/lasher.ee\/fi\/#organization","name":"Lasher","url":"https:\/\/lasher.ee\/fi\/","logo":{"@type":"ImageObject","inLanguage":"fi","@id":"https:\/\/lasher.ee\/fi\/#\/schema\/logo\/image\/","url":"https:\/\/lasher.ee\/wp-content\/uploads\/2024\/09\/Screenshot-2024-09-03-at-11.58.17.png","contentUrl":"https:\/\/lasher.ee\/wp-content\/uploads\/2024\/09\/Screenshot-2024-09-03-at-11.58.17.png","width":1678,"height":1670,"caption":"Lasher"},"image":{"@id":"https:\/\/lasher.ee\/fi\/#\/schema\/logo\/image\/"},"sameAs":["https:\/\/www.facebook.com\/profile.php?id=61564523265885","https:\/\/www.instagram.com\/lasher_official\/"]}]}},"_links":{"self":[{"href":"https:\/\/lasher.ee\/fi\/wp-json\/wp\/v2\/product\/17249","targetHints":{"allow":["GET"]}}],"collection":[{"href":"https:\/\/lasher.ee\/fi\/wp-json\/wp\/v2\/product"}],"about":[{"href":"https:\/\/lasher.ee\/fi\/wp-json\/wp\/v2\/types\/product"}],"replies":[{"embeddable":true,"href":"https:\/\/lasher.ee\/fi\/wp-json\/wp\/v2\/comments?post=17249"}],"wp:featuredmedia":[{"embeddable":true,"href":"https:\/\/lasher.ee\/fi\/wp-json\/wp\/v2\/media\/17248"}],"wp:attachment":[{"href":"https:\/\/lasher.ee\/fi\/wp-json\/wp\/v2\/media?parent=17249"}],"wp:term":[{"taxonomy":"product_brand","embeddable":true,"href":"https:\/\/lasher.ee\/fi\/wp-json\/wp\/v2\/product_brand?post=17249"},{"taxonomy":"product_cat","embeddable":true,"href":"https:\/\/lasher.ee\/fi\/wp-json\/wp\/v2\/product_cat?post=17249"},{"taxonomy":"product_tag","embeddable":true,"href":"https:\/\/lasher.ee\/fi\/wp-json\/wp\/v2\/product_tag?post=17249"}],"curies":[{"name":"wp","href":"https:\/\/api.w.org\/{rel}","templated":true}]}}