{"id":2393,"date":"2024-07-28T22:06:41","date_gmt":"2024-07-28T19:06:41","guid":{"rendered":"https:\/\/lasher.ee\/kuitukarki-s-muotoiset-pinsetit\/"},"modified":"2026-02-04T08:49:55","modified_gmt":"2026-02-04T06:49:55","slug":"fiber-tip-s-pinsetit","status":"publish","type":"product","link":"https:\/\/lasher.ee\/fi\/tuote\/fiber-tip-s-pinsetit\/","title":{"rendered":"Fiber Tip S-Shape pinsetit"},"content":{"rendered":"","protected":false},"excerpt":{"rendered":"<p>Pinseteiss\u00e4 on ohut kuituk\u00e4rki, joka on ihanteellinen viuhkojem luomiseen tai klassisten ripsipidennysten laittamiseen . Lis\u00e4ksi pinsetit sopivat my\u00f6s ripsien erottamiseen. Etuosan kevyt kaarevuus tekee ripsien erottamisesta paljon helpompaa verrattuna perinteisiin suoriin pinsetteihin. Fiber Tip -k\u00e4rki auttaa tarttumaan jopa pienimpiin ripsipidennyksiin niin, ettei ne liuu pinsettien v\u00e4list\u00e4. Pinsetit ovat eritt\u00e4in kevyet ja mukavat k\u00e4dess\u00e4, mik\u00e4 auttaa v\u00e4ltt\u00e4m\u00e4\u00e4n lihaskipuja ja j\u00e4nnityst\u00e4 k\u00e4siss\u00e4.\u00a0Pinsettien k\u00e4rjet avautuvat 5 mm ja sulkeutuvat eritt\u00e4in tarkasti keskivahvalla voimalla.<\/p>\n<p>Pinsetteihin j\u00e4\u00e4neen liiman poistamiseen k\u00e4yt\u00e4 erityist\u00e4 <em><a href=\"https:\/\/lasher.ee\/fi\/tuote\/instrumenttien-puhdistusaine\/\">puhdistusainetta.<\/a><\/em><\/p>\n<p>Lasher pinsetit eiv\u00e4t ole massatuotantoa, jokainen pinsetti on valmistettu k\u00e4sin laadukkaasta ruostumattomasta ter\u00e4ksest\u00e4.<\/p>\n<p>Pituus: 12 cm<br \/>\nPaino: 15 g<\/p>\n","protected":false},"featured_media":11326,"comment_status":"open","ping_status":"closed","template":"","meta":{"site-sidebar-layout":"default","site-content-layout":"","ast-site-content-layout":"default","site-content-style":"default","site-sidebar-style":"default","ast-global-header-display":"","ast-banner-title-visibility":"","ast-main-header-display":"","ast-hfb-above-header-display":"","ast-hfb-below-header-display":"","ast-hfb-mobile-header-display":"","site-post-title":"","ast-breadcrumbs-content":"","ast-featured-img":"","footer-sml-layout":"","ast-disable-related-posts":"","theme-transparent-header-meta":"default","adv-header-id-meta":"","stick-header-meta":"","header-above-stick-meta":"","header-main-stick-meta":"","header-below-stick-meta":"","astra-migrate-meta-layouts":"set","ast-page-background-enabled":"default","ast-page-background-meta":{"desktop":{"background-color":"var(--ast-global-color-4)","background-image":"","background-repeat":"repeat","background-position":"center center","background-size":"auto","background-attachment":"scroll","background-type":"","background-media":"","overlay-type":"","overlay-color":"","overlay-opacity":"","overlay-gradient":""},"tablet":{"background-color":"","background-image":"","background-repeat":"repeat","background-position":"center center","background-size":"auto","background-attachment":"scroll","background-type":"","background-media":"","overlay-type":"","overlay-color":"","overlay-opacity":"","overlay-gradient":""},"mobile":{"background-color":"","background-image":"","background-repeat":"repeat","background-position":"center center","background-size":"auto","background-attachment":"scroll","background-type":"","background-media":"","overlay-type":"","overlay-color":"","overlay-opacity":"","overlay-gradient":""}},"ast-content-background-meta":{"desktop":{"background-color":"var(--ast-global-color-5)","background-image":"","background-repeat":"repeat","background-position":"center center","background-size":"auto","background-attachment":"scroll","background-type":"","background-media":"","overlay-type":"","overlay-color":"","overlay-opacity":"","overlay-gradient":""},"tablet":{"background-color":"var(--ast-global-color-5)","background-image":"","background-repeat":"repeat","background-position":"center center","background-size":"auto","background-attachment":"scroll","background-type":"","background-media":"","overlay-type":"","overlay-color":"","overlay-opacity":"","overlay-gradient":""},"mobile":{"background-color":"var(--ast-global-color-5)","background-image":"","background-repeat":"repeat","background-position":"center center","background-size":"auto","background-attachment":"scroll","background-type":"","background-media":"","overlay-type":"","overlay-color":"","overlay-opacity":"","overlay-gradient":""}}},"product_brand":[],"product_cat":[80],"product_tag":[],"class_list":{"0":"post-2393","1":"product","2":"type-product","3":"status-publish","4":"has-post-thumbnail","6":"product_cat-pinsetit","7":"desktop-align-left","8":"tablet-align-left","9":"mobile-align-left","11":"first","12":"instock","13":"shipping-taxable","14":"purchasable","15":"product-type-simple"},"yoast_head":"<!-- This site is optimized with the Yoast SEO plugin v27.4 - https:\/\/yoast.com\/product\/yoast-seo-wordpress\/ -->\n<title>Fiber Tip S-Shape pinsetit - Lasher<\/title>\n<meta name=\"description\" content=\"Fiber Tip -pinsetit ripsipidennyksiin \u2013 tarkat, kevyet ja ergonomiset, t\u00e4ydelliset yksitt\u00e4isten ripsien erottamiseen ja viuhkojen luomiseen.\" \/>\n<meta name=\"robots\" content=\"index, follow, max-snippet:-1, max-image-preview:large, max-video-preview:-1\" \/>\n<link rel=\"canonical\" href=\"https:\/\/lasher.ee\/fi\/tuote\/fiber-tip-s-pinsetit\/\" \/>\n<meta property=\"og:locale\" content=\"fi_FI\" \/>\n<meta property=\"og:type\" content=\"article\" \/>\n<meta property=\"og:title\" content=\"Fiber Tip S-Shape pinsetit - Lasher\" \/>\n<meta property=\"og:description\" content=\"Fiber Tip -pinsetit ripsipidennyksiin \u2013 tarkat, kevyet ja ergonomiset, t\u00e4ydelliset yksitt\u00e4isten ripsien erottamiseen ja viuhkojen luomiseen.\" \/>\n<meta property=\"og:url\" content=\"https:\/\/lasher.ee\/fi\/tuote\/fiber-tip-s-pinsetit\/\" \/>\n<meta property=\"og:site_name\" content=\"Lasher\" \/>\n<meta property=\"article:publisher\" content=\"https:\/\/www.facebook.com\/profile.php?id=61564523265885\" \/>\n<meta property=\"article:modified_time\" content=\"2026-02-04T06:49:55+00:00\" \/>\n<meta property=\"og:image\" content=\"https:\/\/lasher.ee\/wp-content\/uploads\/2024\/07\/fiber-tip-S-shape-tweezer.jpg\" \/>\n\t<meta property=\"og:image:width\" content=\"1500\" \/>\n\t<meta property=\"og:image:height\" content=\"1500\" \/>\n\t<meta property=\"og:image:type\" content=\"image\/jpeg\" \/>\n<meta name=\"twitter:card\" content=\"summary_large_image\" \/>\n<meta name=\"twitter:label1\" content=\"Arvioitu lukuaika\" \/>\n\t<meta name=\"twitter:data1\" content=\"1 minuutti\" \/>\n<script type=\"application\/ld+json\" class=\"yoast-schema-graph\">{\"@context\":\"https:\\\/\\\/schema.org\",\"@graph\":[{\"@type\":\"WebPage\",\"@id\":\"https:\\\/\\\/lasher.ee\\\/fi\\\/tuote\\\/fiber-tip-s-pinsetit\\\/\",\"url\":\"https:\\\/\\\/lasher.ee\\\/fi\\\/tuote\\\/fiber-tip-s-pinsetit\\\/\",\"name\":\"Fiber Tip S-Shape pinsetit - Lasher\",\"isPartOf\":{\"@id\":\"https:\\\/\\\/lasher.ee\\\/fi\\\/#website\"},\"primaryImageOfPage\":{\"@id\":\"https:\\\/\\\/lasher.ee\\\/fi\\\/tuote\\\/fiber-tip-s-pinsetit\\\/#primaryimage\"},\"image\":{\"@id\":\"https:\\\/\\\/lasher.ee\\\/fi\\\/tuote\\\/fiber-tip-s-pinsetit\\\/#primaryimage\"},\"thumbnailUrl\":\"https:\\\/\\\/lasher.ee\\\/wp-content\\\/uploads\\\/2024\\\/07\\\/fiber-tip-S-shape-tweezer.jpg\",\"datePublished\":\"2024-07-28T19:06:41+00:00\",\"dateModified\":\"2026-02-04T06:49:55+00:00\",\"description\":\"Fiber Tip -pinsetit ripsipidennyksiin \u2013 tarkat, kevyet ja ergonomiset, t\u00e4ydelliset yksitt\u00e4isten ripsien erottamiseen ja viuhkojen luomiseen.\",\"breadcrumb\":{\"@id\":\"https:\\\/\\\/lasher.ee\\\/fi\\\/tuote\\\/fiber-tip-s-pinsetit\\\/#breadcrumb\"},\"inLanguage\":\"fi\",\"potentialAction\":[{\"@type\":\"ReadAction\",\"target\":[\"https:\\\/\\\/lasher.ee\\\/fi\\\/tuote\\\/fiber-tip-s-pinsetit\\\/\"]}]},{\"@type\":\"ImageObject\",\"inLanguage\":\"fi\",\"@id\":\"https:\\\/\\\/lasher.ee\\\/fi\\\/tuote\\\/fiber-tip-s-pinsetit\\\/#primaryimage\",\"url\":\"https:\\\/\\\/lasher.ee\\\/wp-content\\\/uploads\\\/2024\\\/07\\\/fiber-tip-S-shape-tweezer.jpg\",\"contentUrl\":\"https:\\\/\\\/lasher.ee\\\/wp-content\\\/uploads\\\/2024\\\/07\\\/fiber-tip-S-shape-tweezer.jpg\",\"width\":1500,\"height\":1500,\"caption\":\"S-muotoinen Fiber Tip pinsetti \u2013 t\u00e4ydellinen klassisten ripsipidennysten asentamiseen.\"},{\"@type\":\"BreadcrumbList\",\"@id\":\"https:\\\/\\\/lasher.ee\\\/fi\\\/tuote\\\/fiber-tip-s-pinsetit\\\/#breadcrumb\",\"itemListElement\":[{\"@type\":\"ListItem\",\"position\":1,\"name\":\"Home\",\"item\":\"https:\\\/\\\/lasher.ee\\\/fi\\\/\"},{\"@type\":\"ListItem\",\"position\":2,\"name\":\"Kaikki tuotteet\",\"item\":\"https:\\\/\\\/lasher.ee\\\/fi\\\/kaikki-tuotteet\\\/\"},{\"@type\":\"ListItem\",\"position\":3,\"name\":\"Fiber Tip S-Shape pinsetit\"}]},{\"@type\":\"WebSite\",\"@id\":\"https:\\\/\\\/lasher.ee\\\/fi\\\/#website\",\"url\":\"https:\\\/\\\/lasher.ee\\\/fi\\\/\",\"name\":\"Lasher\",\"description\":\"K\u00f5ik vajalikud ripsmetarvikud ripsmetehnikule \u00fchest kohast.\",\"publisher\":{\"@id\":\"https:\\\/\\\/lasher.ee\\\/fi\\\/#organization\"},\"potentialAction\":[{\"@type\":\"SearchAction\",\"target\":{\"@type\":\"EntryPoint\",\"urlTemplate\":\"https:\\\/\\\/lasher.ee\\\/fi\\\/?s={search_term_string}\"},\"query-input\":{\"@type\":\"PropertyValueSpecification\",\"valueRequired\":true,\"valueName\":\"search_term_string\"}}],\"inLanguage\":\"fi\"},{\"@type\":\"Organization\",\"@id\":\"https:\\\/\\\/lasher.ee\\\/fi\\\/#organization\",\"name\":\"Lasher\",\"url\":\"https:\\\/\\\/lasher.ee\\\/fi\\\/\",\"logo\":{\"@type\":\"ImageObject\",\"inLanguage\":\"fi\",\"@id\":\"https:\\\/\\\/lasher.ee\\\/fi\\\/#\\\/schema\\\/logo\\\/image\\\/\",\"url\":\"https:\\\/\\\/lasher.ee\\\/wp-content\\\/uploads\\\/2024\\\/09\\\/Screenshot-2024-09-03-at-11.58.17.png\",\"contentUrl\":\"https:\\\/\\\/lasher.ee\\\/wp-content\\\/uploads\\\/2024\\\/09\\\/Screenshot-2024-09-03-at-11.58.17.png\",\"width\":1678,\"height\":1670,\"caption\":\"Lasher\"},\"image\":{\"@id\":\"https:\\\/\\\/lasher.ee\\\/fi\\\/#\\\/schema\\\/logo\\\/image\\\/\"},\"sameAs\":[\"https:\\\/\\\/www.facebook.com\\\/profile.php?id=61564523265885\",\"https:\\\/\\\/www.instagram.com\\\/lasher_official\\\/\"]}]}<\/script>\n<!-- \/ Yoast SEO plugin. -->","yoast_head_json":{"title":"Fiber Tip S-Shape pinsetit - Lasher","description":"Fiber Tip -pinsetit ripsipidennyksiin \u2013 tarkat, kevyet ja ergonomiset, t\u00e4ydelliset yksitt\u00e4isten ripsien erottamiseen ja viuhkojen luomiseen.","robots":{"index":"index","follow":"follow","max-snippet":"max-snippet:-1","max-image-preview":"max-image-preview:large","max-video-preview":"max-video-preview:-1"},"canonical":"https:\/\/lasher.ee\/fi\/tuote\/fiber-tip-s-pinsetit\/","og_locale":"fi_FI","og_type":"article","og_title":"Fiber Tip S-Shape pinsetit - Lasher","og_description":"Fiber Tip -pinsetit ripsipidennyksiin \u2013 tarkat, kevyet ja ergonomiset, t\u00e4ydelliset yksitt\u00e4isten ripsien erottamiseen ja viuhkojen luomiseen.","og_url":"https:\/\/lasher.ee\/fi\/tuote\/fiber-tip-s-pinsetit\/","og_site_name":"Lasher","article_publisher":"https:\/\/www.facebook.com\/profile.php?id=61564523265885","article_modified_time":"2026-02-04T06:49:55+00:00","og_image":[{"width":1500,"height":1500,"url":"https:\/\/lasher.ee\/wp-content\/uploads\/2024\/07\/fiber-tip-S-shape-tweezer.jpg","type":"image\/jpeg"}],"twitter_card":"summary_large_image","twitter_misc":{"Arvioitu lukuaika":"1 minuutti"},"schema":{"@context":"https:\/\/schema.org","@graph":[{"@type":"WebPage","@id":"https:\/\/lasher.ee\/fi\/tuote\/fiber-tip-s-pinsetit\/","url":"https:\/\/lasher.ee\/fi\/tuote\/fiber-tip-s-pinsetit\/","name":"Fiber Tip S-Shape pinsetit - Lasher","isPartOf":{"@id":"https:\/\/lasher.ee\/fi\/#website"},"primaryImageOfPage":{"@id":"https:\/\/lasher.ee\/fi\/tuote\/fiber-tip-s-pinsetit\/#primaryimage"},"image":{"@id":"https:\/\/lasher.ee\/fi\/tuote\/fiber-tip-s-pinsetit\/#primaryimage"},"thumbnailUrl":"https:\/\/lasher.ee\/wp-content\/uploads\/2024\/07\/fiber-tip-S-shape-tweezer.jpg","datePublished":"2024-07-28T19:06:41+00:00","dateModified":"2026-02-04T06:49:55+00:00","description":"Fiber Tip -pinsetit ripsipidennyksiin \u2013 tarkat, kevyet ja ergonomiset, t\u00e4ydelliset yksitt\u00e4isten ripsien erottamiseen ja viuhkojen luomiseen.","breadcrumb":{"@id":"https:\/\/lasher.ee\/fi\/tuote\/fiber-tip-s-pinsetit\/#breadcrumb"},"inLanguage":"fi","potentialAction":[{"@type":"ReadAction","target":["https:\/\/lasher.ee\/fi\/tuote\/fiber-tip-s-pinsetit\/"]}]},{"@type":"ImageObject","inLanguage":"fi","@id":"https:\/\/lasher.ee\/fi\/tuote\/fiber-tip-s-pinsetit\/#primaryimage","url":"https:\/\/lasher.ee\/wp-content\/uploads\/2024\/07\/fiber-tip-S-shape-tweezer.jpg","contentUrl":"https:\/\/lasher.ee\/wp-content\/uploads\/2024\/07\/fiber-tip-S-shape-tweezer.jpg","width":1500,"height":1500,"caption":"S-muotoinen Fiber Tip pinsetti \u2013 t\u00e4ydellinen klassisten ripsipidennysten asentamiseen."},{"@type":"BreadcrumbList","@id":"https:\/\/lasher.ee\/fi\/tuote\/fiber-tip-s-pinsetit\/#breadcrumb","itemListElement":[{"@type":"ListItem","position":1,"name":"Home","item":"https:\/\/lasher.ee\/fi\/"},{"@type":"ListItem","position":2,"name":"Kaikki tuotteet","item":"https:\/\/lasher.ee\/fi\/kaikki-tuotteet\/"},{"@type":"ListItem","position":3,"name":"Fiber Tip S-Shape pinsetit"}]},{"@type":"WebSite","@id":"https:\/\/lasher.ee\/fi\/#website","url":"https:\/\/lasher.ee\/fi\/","name":"Lasher","description":"K\u00f5ik vajalikud ripsmetarvikud ripsmetehnikule \u00fchest kohast.","publisher":{"@id":"https:\/\/lasher.ee\/fi\/#organization"},"potentialAction":[{"@type":"SearchAction","target":{"@type":"EntryPoint","urlTemplate":"https:\/\/lasher.ee\/fi\/?s={search_term_string}"},"query-input":{"@type":"PropertyValueSpecification","valueRequired":true,"valueName":"search_term_string"}}],"inLanguage":"fi"},{"@type":"Organization","@id":"https:\/\/lasher.ee\/fi\/#organization","name":"Lasher","url":"https:\/\/lasher.ee\/fi\/","logo":{"@type":"ImageObject","inLanguage":"fi","@id":"https:\/\/lasher.ee\/fi\/#\/schema\/logo\/image\/","url":"https:\/\/lasher.ee\/wp-content\/uploads\/2024\/09\/Screenshot-2024-09-03-at-11.58.17.png","contentUrl":"https:\/\/lasher.ee\/wp-content\/uploads\/2024\/09\/Screenshot-2024-09-03-at-11.58.17.png","width":1678,"height":1670,"caption":"Lasher"},"image":{"@id":"https:\/\/lasher.ee\/fi\/#\/schema\/logo\/image\/"},"sameAs":["https:\/\/www.facebook.com\/profile.php?id=61564523265885","https:\/\/www.instagram.com\/lasher_official\/"]}]}},"_links":{"self":[{"href":"https:\/\/lasher.ee\/fi\/wp-json\/wp\/v2\/product\/2393","targetHints":{"allow":["GET"]}}],"collection":[{"href":"https:\/\/lasher.ee\/fi\/wp-json\/wp\/v2\/product"}],"about":[{"href":"https:\/\/lasher.ee\/fi\/wp-json\/wp\/v2\/types\/product"}],"replies":[{"embeddable":true,"href":"https:\/\/lasher.ee\/fi\/wp-json\/wp\/v2\/comments?post=2393"}],"wp:featuredmedia":[{"embeddable":true,"href":"https:\/\/lasher.ee\/fi\/wp-json\/wp\/v2\/media\/11326"}],"wp:attachment":[{"href":"https:\/\/lasher.ee\/fi\/wp-json\/wp\/v2\/media?parent=2393"}],"wp:term":[{"taxonomy":"product_brand","embeddable":true,"href":"https:\/\/lasher.ee\/fi\/wp-json\/wp\/v2\/product_brand?post=2393"},{"taxonomy":"product_cat","embeddable":true,"href":"https:\/\/lasher.ee\/fi\/wp-json\/wp\/v2\/product_cat?post=2393"},{"taxonomy":"product_tag","embeddable":true,"href":"https:\/\/lasher.ee\/fi\/wp-json\/wp\/v2\/product_tag?post=2393"}],"curies":[{"name":"wp","href":"https:\/\/api.w.org\/{rel}","templated":true}]}}