{"id":2396,"date":"2024-07-28T22:20:01","date_gmt":"2024-07-28T19:20:01","guid":{"rendered":"https:\/\/lasher.ee\/master-glue-5-ml\/"},"modified":"2026-03-09T12:33:34","modified_gmt":"2026-03-09T10:33:34","slug":"ripsiliima-master-5-ml","status":"publish","type":"product","link":"https:\/\/lasher.ee\/fi\/tuote\/ripsiliima-master-5-ml\/","title":{"rendered":"Ripsiliima Master, 0,5 sek"},"content":{"rendered":"<p>Ripsiliima Master, 0,5 sek.<\/p>\n","protected":false},"excerpt":{"rendered":"<ul class=\"ul1\">\n<li class=\"li1\">Koko: 5ml<\/li>\n<li class=\"li1\">Liiman v\u00e4ri: musta<\/li>\n<li class=\"li1\">Kuivamisaika: 0,5 sekuntia<\/li>\n<li class=\"li1\">Kesto: 6 &#8211; 8 viikkoa<\/li>\n<li class=\"li1\">Huonen l\u00e4mp\u00f6tila: 18 \u2013 23\u00b0C<\/li>\n<li class=\"li1\">Huonen kosteus: 30 \u2013 70%<\/li>\n<li class=\"li1\">Liima- h\u00f6yryt: <span class=\"s1\">\u25cf\u25e6\u25e6\u25e6\u25e6<\/span><\/li>\n<li class=\"li1\">Viskositeetti: <span class=\"s1\">\u25cf\u25e6\u25e6\u25e6\u25e6<\/span><\/li>\n<li class=\"li1\">Latex ja formaldehyde vapaa<\/li>\n<\/ul>\n<p>Vain ammattilaisk\u00e4ytt\u00f6\u00f6n.<\/p>\n<p>Ripsiliima Master 0,5 sek on ammattik\u00e4ytt\u00f6\u00f6n tarkoitettu ripsiliima, joka kuivuu 0,5 sekunnissa. Se on suunniteltu nopeaan ja tarkkaan ty\u00f6skentelyyn ja sopii parhaiten jo kokeneille ripsiteknikoille ripsipidennysten kiinnitykseen.\u2028Liima toimii erinomaisesti laajalla l\u00e4mp\u00f6tila skaalalla 18\u201323 \u00b0C sek\u00e4 kosteustasolla 30\u201370 %, mink\u00e4 ansiosta Master-ripsiliima on luotettava valinta ymp\u00e4ri vuoden ja vaihtelevissa salonkiolosuhteissa.\u2028Koostumukseltaan liima on juoksevampaa, helppo levitt\u00e4\u00e4 ja sopii klassisten, valmiiden viuhkojen, volyymi- sek\u00e4 megavolyymiripsipidennysten kiinnitt\u00e4miseen. Ripsienpidennysten kesto on eritt\u00e4in hyv\u00e4.<\/p>\n<h6>K\u00e4ytt\u00f6<\/h6>\n<p>Ennen k\u00e4ytt\u00f6\u00e4 ravista liimaa noin 30 sekuntia, jotta kaikki ainesosat sekoittuvat. K\u00e4yt\u00f6n aikana tarkkaile huoneen l\u00e4mp\u00f6tilaa. Paras l\u00e4mp\u00f6tila liimalle on 18-23 \u00b0C ja kosteus 30-70 %. Jos l\u00e4mp\u00f6tila ja kosteus ovat alle 18 \u00b0C ja 30 %, liima voi kuivua hitaammin. Jos l\u00e4mp\u00f6tila on yli 23 \u00b0C ja kosteus yli 70 %, liima voi kuivua nopeammin. Korkeammissa l\u00e4mp\u00f6tiloissa liimassa voi tuntua mietoa hajua.<\/p>\n<p>Huoneen kosteuden ja l\u00e4mp\u00f6tilan mittaamiseen k\u00e4yt\u00e4 <a href=\"https:\/\/lasher.ee\/fi\/tuote\/digitaalinen-kosteusmittari-ja-lampomittari\/\"><em>hygrometri\u00e4 ja l\u00e4mp\u00f6mittaria<\/em><\/a>.<\/p>\n<h6><strong>S\u00e4ilytys<\/strong><\/h6>\n<p>Suojaa suoralta auringonvalolta kuivassa, viile\u00e4ss\u00e4 ja hyvin ilmastoidussa sis\u00e4tilassa. Pid\u00e4 kaukana l\u00e4mm\u00f6nl\u00e4hteist\u00e4. Avaamaton liima s\u00e4ilyy oikeissa olosuhteissa jopa 6 kuukautta, kes\u00e4ll\u00e4 avattuna 2-4 viikkoa, talvella 4-8 viikkoa.<\/p>\n<p>Jotta liima pysyisi pidemp\u00e4\u00e4n tuoreena, suosittelemme sek\u00e4 avatun ett\u00e4 avaamattoman liiman s\u00e4ilytt\u00e4mist\u00e4 <a href=\"https:\/\/lasher.ee\/fi\/tuote\/tyhjiosailio-liiman-varastointia-varten\/\"><em>vakuumiastiassa<\/em><\/a>.<\/p>\n<h6><strong>Koostumus<\/strong><\/h6>\n<p>Ethyl cyanoacrylate, PMMA,\u00a0Carbon black<\/p>\n","protected":false},"featured_media":10413,"comment_status":"open","ping_status":"closed","template":"","meta":{"site-sidebar-layout":"default","site-content-layout":"","ast-site-content-layout":"default","site-content-style":"default","site-sidebar-style":"default","ast-global-header-display":"","ast-banner-title-visibility":"","ast-main-header-display":"","ast-hfb-above-header-display":"","ast-hfb-below-header-display":"","ast-hfb-mobile-header-display":"","site-post-title":"","ast-breadcrumbs-content":"","ast-featured-img":"","footer-sml-layout":"","ast-disable-related-posts":"","theme-transparent-header-meta":"default","adv-header-id-meta":"","stick-header-meta":"","header-above-stick-meta":"","header-main-stick-meta":"","header-below-stick-meta":"","astra-migrate-meta-layouts":"set","ast-page-background-enabled":"default","ast-page-background-meta":{"desktop":{"background-color":"var(--ast-global-color-4)","background-image":"","background-repeat":"repeat","background-position":"center center","background-size":"auto","background-attachment":"scroll","background-type":"","background-media":"","overlay-type":"","overlay-color":"","overlay-opacity":"","overlay-gradient":""},"tablet":{"background-color":"","background-image":"","background-repeat":"repeat","background-position":"center center","background-size":"auto","background-attachment":"scroll","background-type":"","background-media":"","overlay-type":"","overlay-color":"","overlay-opacity":"","overlay-gradient":""},"mobile":{"background-color":"","background-image":"","background-repeat":"repeat","background-position":"center center","background-size":"auto","background-attachment":"scroll","background-type":"","background-media":"","overlay-type":"","overlay-color":"","overlay-opacity":"","overlay-gradient":""}},"ast-content-background-meta":{"desktop":{"background-color":"var(--ast-global-color-5)","background-image":"","background-repeat":"repeat","background-position":"center center","background-size":"auto","background-attachment":"scroll","background-type":"","background-media":"","overlay-type":"","overlay-color":"","overlay-opacity":"","overlay-gradient":""},"tablet":{"background-color":"var(--ast-global-color-5)","background-image":"","background-repeat":"repeat","background-position":"center center","background-size":"auto","background-attachment":"scroll","background-type":"","background-media":"","overlay-type":"","overlay-color":"","overlay-opacity":"","overlay-gradient":""},"mobile":{"background-color":"var(--ast-global-color-5)","background-image":"","background-repeat":"repeat","background-position":"center center","background-size":"auto","background-attachment":"scroll","background-type":"","background-media":"","overlay-type":"","overlay-color":"","overlay-opacity":"","overlay-gradient":""}}},"product_brand":[],"product_cat":[82],"product_tag":[],"class_list":{"0":"post-2396","1":"product","2":"type-product","3":"status-publish","4":"has-post-thumbnail","6":"product_cat-ripsienliima","7":"desktop-align-left","8":"tablet-align-left","9":"mobile-align-left","11":"first","12":"instock","13":"shipping-taxable","14":"purchasable","15":"product-type-variable"},"yoast_head":"<!-- This site is optimized with the Yoast SEO plugin v27.3 - https:\/\/yoast.com\/product\/yoast-seo-wordpress\/ -->\n<title>Ripsiliima Master 0,5 sek - Lasher<\/title>\n<meta name=\"description\" content=\"Master ripsiliima 0,5 sek, 5 ml \u2013 ammattik\u00e4ytt\u00f6\u00f6n suunniteltu, nopea ja tarkka liima klassisten, volyymi- ja megavolyymin ripsipidennysten kiinnitykseen.\" \/>\n<meta name=\"robots\" content=\"index, follow, max-snippet:-1, max-image-preview:large, max-video-preview:-1\" \/>\n<link rel=\"canonical\" href=\"https:\/\/lasher.ee\/fi\/tuote\/ripsiliima-master-5-ml\/\" \/>\n<meta property=\"og:locale\" content=\"fi_FI\" \/>\n<meta property=\"og:type\" content=\"article\" \/>\n<meta property=\"og:title\" content=\"Ripsiliima Master 0,5 sek - Lasher\" \/>\n<meta property=\"og:description\" content=\"Master ripsiliima 0,5 sek, 5 ml \u2013 ammattik\u00e4ytt\u00f6\u00f6n suunniteltu, nopea ja tarkka liima klassisten, volyymi- ja megavolyymin ripsipidennysten kiinnitykseen.\" \/>\n<meta property=\"og:url\" content=\"https:\/\/lasher.ee\/fi\/tuote\/ripsiliima-master-5-ml\/\" \/>\n<meta property=\"og:site_name\" content=\"Lasher\" \/>\n<meta property=\"article:publisher\" content=\"https:\/\/www.facebook.com\/profile.php?id=61564523265885\" \/>\n<meta property=\"article:modified_time\" content=\"2026-03-09T10:33:34+00:00\" \/>\n<meta property=\"og:image\" content=\"https:\/\/lasher.ee\/wp-content\/uploads\/2024\/07\/IMG_6854-3-2.jpg\" \/>\n\t<meta property=\"og:image:width\" content=\"890\" \/>\n\t<meta property=\"og:image:height\" content=\"890\" \/>\n\t<meta property=\"og:image:type\" content=\"image\/jpeg\" \/>\n<meta name=\"twitter:card\" content=\"summary_large_image\" \/>\n<meta name=\"twitter:label1\" content=\"Arvioitu lukuaika\" \/>\n\t<meta name=\"twitter:data1\" content=\"1 minuutti\" \/>\n<script type=\"application\/ld+json\" class=\"yoast-schema-graph\">{\"@context\":\"https:\\\/\\\/schema.org\",\"@graph\":[{\"@type\":\"WebPage\",\"@id\":\"https:\\\/\\\/lasher.ee\\\/fi\\\/tuote\\\/ripsiliima-master-5-ml\\\/\",\"url\":\"https:\\\/\\\/lasher.ee\\\/fi\\\/tuote\\\/ripsiliima-master-5-ml\\\/\",\"name\":\"Ripsiliima Master 0,5 sek - Lasher\",\"isPartOf\":{\"@id\":\"https:\\\/\\\/lasher.ee\\\/fi\\\/#website\"},\"primaryImageOfPage\":{\"@id\":\"https:\\\/\\\/lasher.ee\\\/fi\\\/tuote\\\/ripsiliima-master-5-ml\\\/#primaryimage\"},\"image\":{\"@id\":\"https:\\\/\\\/lasher.ee\\\/fi\\\/tuote\\\/ripsiliima-master-5-ml\\\/#primaryimage\"},\"thumbnailUrl\":\"https:\\\/\\\/lasher.ee\\\/wp-content\\\/uploads\\\/2024\\\/07\\\/IMG_6854-3-2.jpg\",\"datePublished\":\"2024-07-28T19:20:01+00:00\",\"dateModified\":\"2026-03-09T10:33:34+00:00\",\"description\":\"Master ripsiliima 0,5 sek, 5 ml \u2013 ammattik\u00e4ytt\u00f6\u00f6n suunniteltu, nopea ja tarkka liima klassisten, volyymi- ja megavolyymin ripsipidennysten kiinnitykseen.\",\"breadcrumb\":{\"@id\":\"https:\\\/\\\/lasher.ee\\\/fi\\\/tuote\\\/ripsiliima-master-5-ml\\\/#breadcrumb\"},\"inLanguage\":\"fi\",\"potentialAction\":[{\"@type\":\"ReadAction\",\"target\":[\"https:\\\/\\\/lasher.ee\\\/fi\\\/tuote\\\/ripsiliima-master-5-ml\\\/\"]}]},{\"@type\":\"ImageObject\",\"inLanguage\":\"fi\",\"@id\":\"https:\\\/\\\/lasher.ee\\\/fi\\\/tuote\\\/ripsiliima-master-5-ml\\\/#primaryimage\",\"url\":\"https:\\\/\\\/lasher.ee\\\/wp-content\\\/uploads\\\/2024\\\/07\\\/IMG_6854-3-2.jpg\",\"contentUrl\":\"https:\\\/\\\/lasher.ee\\\/wp-content\\\/uploads\\\/2024\\\/07\\\/IMG_6854-3-2.jpg\",\"width\":890,\"height\":890,\"caption\":\"Ripsiliima Master o,5 sek, 5ml\"},{\"@type\":\"BreadcrumbList\",\"@id\":\"https:\\\/\\\/lasher.ee\\\/fi\\\/tuote\\\/ripsiliima-master-5-ml\\\/#breadcrumb\",\"itemListElement\":[{\"@type\":\"ListItem\",\"position\":1,\"name\":\"Home\",\"item\":\"https:\\\/\\\/lasher.ee\\\/fi\\\/\"},{\"@type\":\"ListItem\",\"position\":2,\"name\":\"Kaikki tuotteet\",\"item\":\"https:\\\/\\\/lasher.ee\\\/fi\\\/kaikki-tuotteet\\\/\"},{\"@type\":\"ListItem\",\"position\":3,\"name\":\"Ripsiliima Master, 0,5 sek\"}]},{\"@type\":\"WebSite\",\"@id\":\"https:\\\/\\\/lasher.ee\\\/fi\\\/#website\",\"url\":\"https:\\\/\\\/lasher.ee\\\/fi\\\/\",\"name\":\"Lasher\",\"description\":\"K\u00f5ik vajalikud ripsmetarvikud ripsmetehnikule \u00fchest kohast.\",\"publisher\":{\"@id\":\"https:\\\/\\\/lasher.ee\\\/fi\\\/#organization\"},\"potentialAction\":[{\"@type\":\"SearchAction\",\"target\":{\"@type\":\"EntryPoint\",\"urlTemplate\":\"https:\\\/\\\/lasher.ee\\\/fi\\\/?s={search_term_string}\"},\"query-input\":{\"@type\":\"PropertyValueSpecification\",\"valueRequired\":true,\"valueName\":\"search_term_string\"}}],\"inLanguage\":\"fi\"},{\"@type\":\"Organization\",\"@id\":\"https:\\\/\\\/lasher.ee\\\/fi\\\/#organization\",\"name\":\"Lasher\",\"url\":\"https:\\\/\\\/lasher.ee\\\/fi\\\/\",\"logo\":{\"@type\":\"ImageObject\",\"inLanguage\":\"fi\",\"@id\":\"https:\\\/\\\/lasher.ee\\\/fi\\\/#\\\/schema\\\/logo\\\/image\\\/\",\"url\":\"https:\\\/\\\/lasher.ee\\\/wp-content\\\/uploads\\\/2024\\\/09\\\/Screenshot-2024-09-03-at-11.58.17.png\",\"contentUrl\":\"https:\\\/\\\/lasher.ee\\\/wp-content\\\/uploads\\\/2024\\\/09\\\/Screenshot-2024-09-03-at-11.58.17.png\",\"width\":1678,\"height\":1670,\"caption\":\"Lasher\"},\"image\":{\"@id\":\"https:\\\/\\\/lasher.ee\\\/fi\\\/#\\\/schema\\\/logo\\\/image\\\/\"},\"sameAs\":[\"https:\\\/\\\/www.facebook.com\\\/profile.php?id=61564523265885\",\"https:\\\/\\\/www.instagram.com\\\/lasher_official\\\/\"]}]}<\/script>\n<!-- \/ Yoast SEO plugin. -->","yoast_head_json":{"title":"Ripsiliima Master 0,5 sek - Lasher","description":"Master ripsiliima 0,5 sek, 5 ml \u2013 ammattik\u00e4ytt\u00f6\u00f6n suunniteltu, nopea ja tarkka liima klassisten, volyymi- ja megavolyymin ripsipidennysten kiinnitykseen.","robots":{"index":"index","follow":"follow","max-snippet":"max-snippet:-1","max-image-preview":"max-image-preview:large","max-video-preview":"max-video-preview:-1"},"canonical":"https:\/\/lasher.ee\/fi\/tuote\/ripsiliima-master-5-ml\/","og_locale":"fi_FI","og_type":"article","og_title":"Ripsiliima Master 0,5 sek - Lasher","og_description":"Master ripsiliima 0,5 sek, 5 ml \u2013 ammattik\u00e4ytt\u00f6\u00f6n suunniteltu, nopea ja tarkka liima klassisten, volyymi- ja megavolyymin ripsipidennysten kiinnitykseen.","og_url":"https:\/\/lasher.ee\/fi\/tuote\/ripsiliima-master-5-ml\/","og_site_name":"Lasher","article_publisher":"https:\/\/www.facebook.com\/profile.php?id=61564523265885","article_modified_time":"2026-03-09T10:33:34+00:00","og_image":[{"width":890,"height":890,"url":"https:\/\/lasher.ee\/wp-content\/uploads\/2024\/07\/IMG_6854-3-2.jpg","type":"image\/jpeg"}],"twitter_card":"summary_large_image","twitter_misc":{"Arvioitu lukuaika":"1 minuutti"},"schema":{"@context":"https:\/\/schema.org","@graph":[{"@type":"WebPage","@id":"https:\/\/lasher.ee\/fi\/tuote\/ripsiliima-master-5-ml\/","url":"https:\/\/lasher.ee\/fi\/tuote\/ripsiliima-master-5-ml\/","name":"Ripsiliima Master 0,5 sek - Lasher","isPartOf":{"@id":"https:\/\/lasher.ee\/fi\/#website"},"primaryImageOfPage":{"@id":"https:\/\/lasher.ee\/fi\/tuote\/ripsiliima-master-5-ml\/#primaryimage"},"image":{"@id":"https:\/\/lasher.ee\/fi\/tuote\/ripsiliima-master-5-ml\/#primaryimage"},"thumbnailUrl":"https:\/\/lasher.ee\/wp-content\/uploads\/2024\/07\/IMG_6854-3-2.jpg","datePublished":"2024-07-28T19:20:01+00:00","dateModified":"2026-03-09T10:33:34+00:00","description":"Master ripsiliima 0,5 sek, 5 ml \u2013 ammattik\u00e4ytt\u00f6\u00f6n suunniteltu, nopea ja tarkka liima klassisten, volyymi- ja megavolyymin ripsipidennysten kiinnitykseen.","breadcrumb":{"@id":"https:\/\/lasher.ee\/fi\/tuote\/ripsiliima-master-5-ml\/#breadcrumb"},"inLanguage":"fi","potentialAction":[{"@type":"ReadAction","target":["https:\/\/lasher.ee\/fi\/tuote\/ripsiliima-master-5-ml\/"]}]},{"@type":"ImageObject","inLanguage":"fi","@id":"https:\/\/lasher.ee\/fi\/tuote\/ripsiliima-master-5-ml\/#primaryimage","url":"https:\/\/lasher.ee\/wp-content\/uploads\/2024\/07\/IMG_6854-3-2.jpg","contentUrl":"https:\/\/lasher.ee\/wp-content\/uploads\/2024\/07\/IMG_6854-3-2.jpg","width":890,"height":890,"caption":"Ripsiliima Master o,5 sek, 5ml"},{"@type":"BreadcrumbList","@id":"https:\/\/lasher.ee\/fi\/tuote\/ripsiliima-master-5-ml\/#breadcrumb","itemListElement":[{"@type":"ListItem","position":1,"name":"Home","item":"https:\/\/lasher.ee\/fi\/"},{"@type":"ListItem","position":2,"name":"Kaikki tuotteet","item":"https:\/\/lasher.ee\/fi\/kaikki-tuotteet\/"},{"@type":"ListItem","position":3,"name":"Ripsiliima Master, 0,5 sek"}]},{"@type":"WebSite","@id":"https:\/\/lasher.ee\/fi\/#website","url":"https:\/\/lasher.ee\/fi\/","name":"Lasher","description":"K\u00f5ik vajalikud ripsmetarvikud ripsmetehnikule \u00fchest kohast.","publisher":{"@id":"https:\/\/lasher.ee\/fi\/#organization"},"potentialAction":[{"@type":"SearchAction","target":{"@type":"EntryPoint","urlTemplate":"https:\/\/lasher.ee\/fi\/?s={search_term_string}"},"query-input":{"@type":"PropertyValueSpecification","valueRequired":true,"valueName":"search_term_string"}}],"inLanguage":"fi"},{"@type":"Organization","@id":"https:\/\/lasher.ee\/fi\/#organization","name":"Lasher","url":"https:\/\/lasher.ee\/fi\/","logo":{"@type":"ImageObject","inLanguage":"fi","@id":"https:\/\/lasher.ee\/fi\/#\/schema\/logo\/image\/","url":"https:\/\/lasher.ee\/wp-content\/uploads\/2024\/09\/Screenshot-2024-09-03-at-11.58.17.png","contentUrl":"https:\/\/lasher.ee\/wp-content\/uploads\/2024\/09\/Screenshot-2024-09-03-at-11.58.17.png","width":1678,"height":1670,"caption":"Lasher"},"image":{"@id":"https:\/\/lasher.ee\/fi\/#\/schema\/logo\/image\/"},"sameAs":["https:\/\/www.facebook.com\/profile.php?id=61564523265885","https:\/\/www.instagram.com\/lasher_official\/"]}]}},"_links":{"self":[{"href":"https:\/\/lasher.ee\/fi\/wp-json\/wp\/v2\/product\/2396","targetHints":{"allow":["GET"]}}],"collection":[{"href":"https:\/\/lasher.ee\/fi\/wp-json\/wp\/v2\/product"}],"about":[{"href":"https:\/\/lasher.ee\/fi\/wp-json\/wp\/v2\/types\/product"}],"replies":[{"embeddable":true,"href":"https:\/\/lasher.ee\/fi\/wp-json\/wp\/v2\/comments?post=2396"}],"wp:featuredmedia":[{"embeddable":true,"href":"https:\/\/lasher.ee\/fi\/wp-json\/wp\/v2\/media\/10413"}],"wp:attachment":[{"href":"https:\/\/lasher.ee\/fi\/wp-json\/wp\/v2\/media?parent=2396"}],"wp:term":[{"taxonomy":"product_brand","embeddable":true,"href":"https:\/\/lasher.ee\/fi\/wp-json\/wp\/v2\/product_brand?post=2396"},{"taxonomy":"product_cat","embeddable":true,"href":"https:\/\/lasher.ee\/fi\/wp-json\/wp\/v2\/product_cat?post=2396"},{"taxonomy":"product_tag","embeddable":true,"href":"https:\/\/lasher.ee\/fi\/wp-json\/wp\/v2\/product_tag?post=2396"}],"curies":[{"name":"wp","href":"https:\/\/api.w.org\/{rel}","templated":true}]}}