{"id":2418,"date":"2024-07-22T20:38:04","date_gmt":"2024-07-22T17:38:04","guid":{"rendered":"https:\/\/lasher.ee\/ultimate-liima-5ml\/"},"modified":"2026-04-12T19:10:42","modified_gmt":"2026-04-12T16:10:42","slug":"ripsiliima-ultimate-5ml","status":"publish","type":"product","link":"https:\/\/lasher.ee\/fi\/tuote\/ripsiliima-ultimate-5ml\/","title":{"rendered":"Ripsiliima Ultimate, 1 sek"},"content":{"rendered":"<p>Ripsiliima Ultimate. Liiman v\u00e4ri- musta, kuivamisaika 1 sekunti, kesto jopa 8 viikkoa, huoneen l\u00e4mp\u00f6tila 18 &#8211; 27\u00b0C, huoneen kosteus 30 &#8211; 70%.<\/p>\n","protected":false},"excerpt":{"rendered":"<ul>\n<li>Koko: 5ml<\/li>\n<li>Liiman v\u00e4ri: musta<\/li>\n<li>Kuivamisaika: 1 sekunti<\/li>\n<li>Kesto: jopa 8 viikkoa<\/li>\n<li>Huoneen l\u00e4mp\u00f6tila: 18 &#8211; 27\u00b0C<\/li>\n<li>Huoneen kosteus: 30 &#8211; 70%<\/li>\n<li>Liima- h\u00f6yryt: \u25cf\u25e6\u25e6\u25e6\u25e6<\/li>\n<li>Viskositeetti: \u25cf\u25cf\u25e6\u25e6\u25e6<\/li>\n<li>Latex ja formaldehyde vapaa<\/li>\n<\/ul>\n<p>Vain ammattilaisk\u00e4ytt\u00f6\u00f6n<\/p>\n<p><strong>Meid\u00e4n TOP tuotteemme!<\/strong> Ripsiteknikoille, jotka tarvitsevat nopeaa ja luotettavaa liimaa.<\/p>\n<p>Ripsiliima Ultimate on todella arvostettu ammattilaisten keskuudessa, kiitos t\u00e4m\u00e4n nopean kuivumisen ja erinomaisen pysyvyyden, mik\u00e4 muuttaa ty\u00f6prosessin sujuvaksi ja lopputuloksen kest\u00e4v\u00e4ksi. Se on suunniteltu ripsientekij\u00f6ille, jotka arvostavat laatua, tarkkuutta ja ty\u00f6varmuutta jokaisessa ty\u00f6vaiheessa. Liiman viskositeetti on keskitasoinen ja hyvin hallittavissa, se ei ole liian juoksevaa, jolloin se voisi valua, eik\u00e4 liian paksua, mik\u00e4 voisi hidastaa ty\u00f6skentely\u00e4. Sopii sek\u00e4 klassisten, valmisviuhkojen, volyymi- ett\u00e4 megavolyymi ripsienpidennysten asentamiseen. Ripsienpidennysten kesto on eritt\u00e4in hyv\u00e4.<\/p>\n<h6><strong>K\u00e4ytt\u00f6<\/strong><\/h6>\n<p>Ennen k\u00e4ytt\u00f6\u00e4 ravista liimaa noin minuutin ajan, jotta kaikki ainesosat sekoittuvat. K\u00e4yt\u00f6n aikana tarkkaile huoneen l\u00e4mp\u00f6tilaa. Paras l\u00e4mp\u00f6tila liimalle on 18-25 \u00b0C ja kosteus 30-70 %. Jos l\u00e4mp\u00f6tila ja kosteus ovat alle 18 \u00b0C ja 30 %, liima voi kuivua hitaammin. Jos l\u00e4mp\u00f6tila on yli 25 \u00b0C ja kosteus yli 70 %, liima voi kuivua nopeammin.<\/p>\n<p>Huoneen kosteuden ja l\u00e4mp\u00f6tilan mittaamiseen k\u00e4yt\u00e4 <a href=\"https:\/\/lasher.ee\/fi\/tuote\/digitaalinen-kosteusmittari-ja-lampomittari\/\"><em>hygrometri\u00e4 ja l\u00e4mp\u00f6mittaria<\/em><\/a>.<\/p>\n<h6><strong>S\u00e4ilytys<\/strong><\/h6>\n<p>Suojaa suoralta auringonvalolta kuivassa ja viile\u00e4ss\u00e4 paikassa. Pid\u00e4 kaukana l\u00e4mm\u00f6nl\u00e4hteist\u00e4. Avattua liimaa ei saa s\u00e4ilytt\u00e4\u00e4 j\u00e4\u00e4kaapissa. Avaamaton liima s\u00e4ilyy oikeissa olosuhteissa 6 kuukautta, avattuna 8 viikkoa.<\/p>\n<p>Jotta liima pysyisi pidemp\u00e4\u00e4n hyv\u00e4n\u00e4, suosittelemme sek\u00e4 avatun ett\u00e4 avaamattoman liiman s\u00e4ilytt\u00e4mist\u00e4 <em><a href=\"https:\/\/lasher.ee\/fi\/tuote\/tyhjiosailio-liiman-varastointia-varten\/\">vakuumiastiassa.<\/a><\/em><\/p>\n<h6><strong>Koostumus<\/strong><\/h6>\n<p>Ethoxyethyl cyanoacrylate, PMMA, Carbon black, Ethyl cyanoacrylate<\/p>\n","protected":false},"featured_media":6743,"comment_status":"open","ping_status":"closed","template":"","meta":{"site-sidebar-layout":"default","site-content-layout":"","ast-site-content-layout":"default","site-content-style":"default","site-sidebar-style":"default","ast-global-header-display":"","ast-banner-title-visibility":"","ast-main-header-display":"","ast-hfb-above-header-display":"","ast-hfb-below-header-display":"","ast-hfb-mobile-header-display":"","site-post-title":"","ast-breadcrumbs-content":"","ast-featured-img":"","footer-sml-layout":"","ast-disable-related-posts":"","theme-transparent-header-meta":"default","adv-header-id-meta":"","stick-header-meta":"","header-above-stick-meta":"","header-main-stick-meta":"","header-below-stick-meta":"","astra-migrate-meta-layouts":"set","ast-page-background-enabled":"default","ast-page-background-meta":{"desktop":{"background-color":"var(--ast-global-color-4)","background-image":"","background-repeat":"repeat","background-position":"center center","background-size":"auto","background-attachment":"scroll","background-type":"","background-media":"","overlay-type":"","overlay-color":"","overlay-opacity":"","overlay-gradient":""},"tablet":{"background-color":"","background-image":"","background-repeat":"repeat","background-position":"center center","background-size":"auto","background-attachment":"scroll","background-type":"","background-media":"","overlay-type":"","overlay-color":"","overlay-opacity":"","overlay-gradient":""},"mobile":{"background-color":"","background-image":"","background-repeat":"repeat","background-position":"center center","background-size":"auto","background-attachment":"scroll","background-type":"","background-media":"","overlay-type":"","overlay-color":"","overlay-opacity":"","overlay-gradient":""}},"ast-content-background-meta":{"desktop":{"background-color":"var(--ast-global-color-5)","background-image":"","background-repeat":"repeat","background-position":"center center","background-size":"auto","background-attachment":"scroll","background-type":"","background-media":"","overlay-type":"","overlay-color":"","overlay-opacity":"","overlay-gradient":""},"tablet":{"background-color":"var(--ast-global-color-5)","background-image":"","background-repeat":"repeat","background-position":"center center","background-size":"auto","background-attachment":"scroll","background-type":"","background-media":"","overlay-type":"","overlay-color":"","overlay-opacity":"","overlay-gradient":""},"mobile":{"background-color":"var(--ast-global-color-5)","background-image":"","background-repeat":"repeat","background-position":"center center","background-size":"auto","background-attachment":"scroll","background-type":"","background-media":"","overlay-type":"","overlay-color":"","overlay-opacity":"","overlay-gradient":""}}},"product_brand":[],"product_cat":[82],"product_tag":[],"class_list":{"0":"post-2418","1":"product","2":"type-product","3":"status-publish","4":"has-post-thumbnail","6":"product_cat-ripsienliima","7":"desktop-align-left","8":"tablet-align-left","9":"mobile-align-left","11":"first","12":"instock","13":"shipping-taxable","14":"purchasable","15":"product-type-variable"},"yoast_head":"<!-- This site is optimized with the Yoast SEO plugin v27.3 - https:\/\/yoast.com\/product\/yoast-seo-wordpress\/ -->\n<title>Ripsiliima Ultimate 5 ml \u2013 nopea ja luotettava - Lasher<\/title>\n<meta name=\"description\" content=\"Ripsiliima Ultimate 1 sek on suunniteltu ripsientekij\u00f6ille, jotka arvostavat laatua, tarkkuutta ja ty\u00f6varmuutta jokaisessa ty\u00f6vaiheessa.\" \/>\n<meta name=\"robots\" content=\"index, follow, max-snippet:-1, max-image-preview:large, max-video-preview:-1\" \/>\n<link rel=\"canonical\" href=\"https:\/\/lasher.ee\/fi\/tuote\/ripsiliima-ultimate-5ml\/\" \/>\n<meta property=\"og:locale\" content=\"fi_FI\" \/>\n<meta property=\"og:type\" content=\"article\" \/>\n<meta property=\"og:title\" content=\"Ripsiliima Ultimate 5 ml \u2013 nopea ja luotettava - Lasher\" \/>\n<meta property=\"og:description\" content=\"Ripsiliima Ultimate 1 sek on suunniteltu ripsientekij\u00f6ille, jotka arvostavat laatua, tarkkuutta ja ty\u00f6varmuutta jokaisessa ty\u00f6vaiheessa.\" \/>\n<meta property=\"og:url\" content=\"https:\/\/lasher.ee\/fi\/tuote\/ripsiliima-ultimate-5ml\/\" \/>\n<meta property=\"og:site_name\" content=\"Lasher\" \/>\n<meta property=\"article:publisher\" content=\"https:\/\/www.facebook.com\/profile.php?id=61564523265885\" \/>\n<meta property=\"article:modified_time\" content=\"2026-04-12T16:10:42+00:00\" \/>\n<meta property=\"og:image\" content=\"https:\/\/lasher.ee\/wp-content\/uploads\/2024\/07\/IMG_4993.jpeg\" \/>\n\t<meta property=\"og:image:width\" content=\"1025\" \/>\n\t<meta property=\"og:image:height\" content=\"1025\" \/>\n\t<meta property=\"og:image:type\" content=\"image\/jpeg\" \/>\n<meta name=\"twitter:card\" content=\"summary_large_image\" \/>\n<meta name=\"twitter:label1\" content=\"Arvioitu lukuaika\" \/>\n\t<meta name=\"twitter:data1\" content=\"1 minuutti\" \/>\n<script type=\"application\/ld+json\" class=\"yoast-schema-graph\">{\"@context\":\"https:\\\/\\\/schema.org\",\"@graph\":[{\"@type\":\"WebPage\",\"@id\":\"https:\\\/\\\/lasher.ee\\\/fi\\\/tuote\\\/ripsiliima-ultimate-5ml\\\/\",\"url\":\"https:\\\/\\\/lasher.ee\\\/fi\\\/tuote\\\/ripsiliima-ultimate-5ml\\\/\",\"name\":\"Ripsiliima Ultimate 5 ml \u2013 nopea ja luotettava - Lasher\",\"isPartOf\":{\"@id\":\"https:\\\/\\\/lasher.ee\\\/fi\\\/#website\"},\"primaryImageOfPage\":{\"@id\":\"https:\\\/\\\/lasher.ee\\\/fi\\\/tuote\\\/ripsiliima-ultimate-5ml\\\/#primaryimage\"},\"image\":{\"@id\":\"https:\\\/\\\/lasher.ee\\\/fi\\\/tuote\\\/ripsiliima-ultimate-5ml\\\/#primaryimage\"},\"thumbnailUrl\":\"https:\\\/\\\/lasher.ee\\\/wp-content\\\/uploads\\\/2024\\\/07\\\/IMG_4993.jpeg\",\"datePublished\":\"2024-07-22T17:38:04+00:00\",\"dateModified\":\"2026-04-12T16:10:42+00:00\",\"description\":\"Ripsiliima Ultimate 1 sek on suunniteltu ripsientekij\u00f6ille, jotka arvostavat laatua, tarkkuutta ja ty\u00f6varmuutta jokaisessa ty\u00f6vaiheessa.\",\"breadcrumb\":{\"@id\":\"https:\\\/\\\/lasher.ee\\\/fi\\\/tuote\\\/ripsiliima-ultimate-5ml\\\/#breadcrumb\"},\"inLanguage\":\"fi\",\"potentialAction\":[{\"@type\":\"ReadAction\",\"target\":[\"https:\\\/\\\/lasher.ee\\\/fi\\\/tuote\\\/ripsiliima-ultimate-5ml\\\/\"]}]},{\"@type\":\"ImageObject\",\"inLanguage\":\"fi\",\"@id\":\"https:\\\/\\\/lasher.ee\\\/fi\\\/tuote\\\/ripsiliima-ultimate-5ml\\\/#primaryimage\",\"url\":\"https:\\\/\\\/lasher.ee\\\/wp-content\\\/uploads\\\/2024\\\/07\\\/IMG_4993.jpeg\",\"contentUrl\":\"https:\\\/\\\/lasher.ee\\\/wp-content\\\/uploads\\\/2024\\\/07\\\/IMG_4993.jpeg\",\"width\":1025,\"height\":1025,\"caption\":\"Ripsmeliima Ultimate \u2013 1 sekunnin kuivumisaika, vahva ja kest\u00e4v\u00e4 kiinnitys.\"},{\"@type\":\"BreadcrumbList\",\"@id\":\"https:\\\/\\\/lasher.ee\\\/fi\\\/tuote\\\/ripsiliima-ultimate-5ml\\\/#breadcrumb\",\"itemListElement\":[{\"@type\":\"ListItem\",\"position\":1,\"name\":\"Home\",\"item\":\"https:\\\/\\\/lasher.ee\\\/fi\\\/\"},{\"@type\":\"ListItem\",\"position\":2,\"name\":\"Kaikki tuotteet\",\"item\":\"https:\\\/\\\/lasher.ee\\\/fi\\\/kaikki-tuotteet\\\/\"},{\"@type\":\"ListItem\",\"position\":3,\"name\":\"Ripsiliima Ultimate, 1 sek\"}]},{\"@type\":\"WebSite\",\"@id\":\"https:\\\/\\\/lasher.ee\\\/fi\\\/#website\",\"url\":\"https:\\\/\\\/lasher.ee\\\/fi\\\/\",\"name\":\"Lasher\",\"description\":\"K\u00f5ik vajalikud ripsmetarvikud ripsmetehnikule \u00fchest kohast.\",\"publisher\":{\"@id\":\"https:\\\/\\\/lasher.ee\\\/fi\\\/#organization\"},\"potentialAction\":[{\"@type\":\"SearchAction\",\"target\":{\"@type\":\"EntryPoint\",\"urlTemplate\":\"https:\\\/\\\/lasher.ee\\\/fi\\\/?s={search_term_string}\"},\"query-input\":{\"@type\":\"PropertyValueSpecification\",\"valueRequired\":true,\"valueName\":\"search_term_string\"}}],\"inLanguage\":\"fi\"},{\"@type\":\"Organization\",\"@id\":\"https:\\\/\\\/lasher.ee\\\/fi\\\/#organization\",\"name\":\"Lasher\",\"url\":\"https:\\\/\\\/lasher.ee\\\/fi\\\/\",\"logo\":{\"@type\":\"ImageObject\",\"inLanguage\":\"fi\",\"@id\":\"https:\\\/\\\/lasher.ee\\\/fi\\\/#\\\/schema\\\/logo\\\/image\\\/\",\"url\":\"https:\\\/\\\/lasher.ee\\\/wp-content\\\/uploads\\\/2024\\\/09\\\/Screenshot-2024-09-03-at-11.58.17.png\",\"contentUrl\":\"https:\\\/\\\/lasher.ee\\\/wp-content\\\/uploads\\\/2024\\\/09\\\/Screenshot-2024-09-03-at-11.58.17.png\",\"width\":1678,\"height\":1670,\"caption\":\"Lasher\"},\"image\":{\"@id\":\"https:\\\/\\\/lasher.ee\\\/fi\\\/#\\\/schema\\\/logo\\\/image\\\/\"},\"sameAs\":[\"https:\\\/\\\/www.facebook.com\\\/profile.php?id=61564523265885\",\"https:\\\/\\\/www.instagram.com\\\/lasher_official\\\/\"]}]}<\/script>\n<!-- \/ Yoast SEO plugin. -->","yoast_head_json":{"title":"Ripsiliima Ultimate 5 ml \u2013 nopea ja luotettava - Lasher","description":"Ripsiliima Ultimate 1 sek on suunniteltu ripsientekij\u00f6ille, jotka arvostavat laatua, tarkkuutta ja ty\u00f6varmuutta jokaisessa ty\u00f6vaiheessa.","robots":{"index":"index","follow":"follow","max-snippet":"max-snippet:-1","max-image-preview":"max-image-preview:large","max-video-preview":"max-video-preview:-1"},"canonical":"https:\/\/lasher.ee\/fi\/tuote\/ripsiliima-ultimate-5ml\/","og_locale":"fi_FI","og_type":"article","og_title":"Ripsiliima Ultimate 5 ml \u2013 nopea ja luotettava - Lasher","og_description":"Ripsiliima Ultimate 1 sek on suunniteltu ripsientekij\u00f6ille, jotka arvostavat laatua, tarkkuutta ja ty\u00f6varmuutta jokaisessa ty\u00f6vaiheessa.","og_url":"https:\/\/lasher.ee\/fi\/tuote\/ripsiliima-ultimate-5ml\/","og_site_name":"Lasher","article_publisher":"https:\/\/www.facebook.com\/profile.php?id=61564523265885","article_modified_time":"2026-04-12T16:10:42+00:00","og_image":[{"width":1025,"height":1025,"url":"https:\/\/lasher.ee\/wp-content\/uploads\/2024\/07\/IMG_4993.jpeg","type":"image\/jpeg"}],"twitter_card":"summary_large_image","twitter_misc":{"Arvioitu lukuaika":"1 minuutti"},"schema":{"@context":"https:\/\/schema.org","@graph":[{"@type":"WebPage","@id":"https:\/\/lasher.ee\/fi\/tuote\/ripsiliima-ultimate-5ml\/","url":"https:\/\/lasher.ee\/fi\/tuote\/ripsiliima-ultimate-5ml\/","name":"Ripsiliima Ultimate 5 ml \u2013 nopea ja luotettava - Lasher","isPartOf":{"@id":"https:\/\/lasher.ee\/fi\/#website"},"primaryImageOfPage":{"@id":"https:\/\/lasher.ee\/fi\/tuote\/ripsiliima-ultimate-5ml\/#primaryimage"},"image":{"@id":"https:\/\/lasher.ee\/fi\/tuote\/ripsiliima-ultimate-5ml\/#primaryimage"},"thumbnailUrl":"https:\/\/lasher.ee\/wp-content\/uploads\/2024\/07\/IMG_4993.jpeg","datePublished":"2024-07-22T17:38:04+00:00","dateModified":"2026-04-12T16:10:42+00:00","description":"Ripsiliima Ultimate 1 sek on suunniteltu ripsientekij\u00f6ille, jotka arvostavat laatua, tarkkuutta ja ty\u00f6varmuutta jokaisessa ty\u00f6vaiheessa.","breadcrumb":{"@id":"https:\/\/lasher.ee\/fi\/tuote\/ripsiliima-ultimate-5ml\/#breadcrumb"},"inLanguage":"fi","potentialAction":[{"@type":"ReadAction","target":["https:\/\/lasher.ee\/fi\/tuote\/ripsiliima-ultimate-5ml\/"]}]},{"@type":"ImageObject","inLanguage":"fi","@id":"https:\/\/lasher.ee\/fi\/tuote\/ripsiliima-ultimate-5ml\/#primaryimage","url":"https:\/\/lasher.ee\/wp-content\/uploads\/2024\/07\/IMG_4993.jpeg","contentUrl":"https:\/\/lasher.ee\/wp-content\/uploads\/2024\/07\/IMG_4993.jpeg","width":1025,"height":1025,"caption":"Ripsmeliima Ultimate \u2013 1 sekunnin kuivumisaika, vahva ja kest\u00e4v\u00e4 kiinnitys."},{"@type":"BreadcrumbList","@id":"https:\/\/lasher.ee\/fi\/tuote\/ripsiliima-ultimate-5ml\/#breadcrumb","itemListElement":[{"@type":"ListItem","position":1,"name":"Home","item":"https:\/\/lasher.ee\/fi\/"},{"@type":"ListItem","position":2,"name":"Kaikki tuotteet","item":"https:\/\/lasher.ee\/fi\/kaikki-tuotteet\/"},{"@type":"ListItem","position":3,"name":"Ripsiliima Ultimate, 1 sek"}]},{"@type":"WebSite","@id":"https:\/\/lasher.ee\/fi\/#website","url":"https:\/\/lasher.ee\/fi\/","name":"Lasher","description":"K\u00f5ik vajalikud ripsmetarvikud ripsmetehnikule \u00fchest kohast.","publisher":{"@id":"https:\/\/lasher.ee\/fi\/#organization"},"potentialAction":[{"@type":"SearchAction","target":{"@type":"EntryPoint","urlTemplate":"https:\/\/lasher.ee\/fi\/?s={search_term_string}"},"query-input":{"@type":"PropertyValueSpecification","valueRequired":true,"valueName":"search_term_string"}}],"inLanguage":"fi"},{"@type":"Organization","@id":"https:\/\/lasher.ee\/fi\/#organization","name":"Lasher","url":"https:\/\/lasher.ee\/fi\/","logo":{"@type":"ImageObject","inLanguage":"fi","@id":"https:\/\/lasher.ee\/fi\/#\/schema\/logo\/image\/","url":"https:\/\/lasher.ee\/wp-content\/uploads\/2024\/09\/Screenshot-2024-09-03-at-11.58.17.png","contentUrl":"https:\/\/lasher.ee\/wp-content\/uploads\/2024\/09\/Screenshot-2024-09-03-at-11.58.17.png","width":1678,"height":1670,"caption":"Lasher"},"image":{"@id":"https:\/\/lasher.ee\/fi\/#\/schema\/logo\/image\/"},"sameAs":["https:\/\/www.facebook.com\/profile.php?id=61564523265885","https:\/\/www.instagram.com\/lasher_official\/"]}]}},"_links":{"self":[{"href":"https:\/\/lasher.ee\/fi\/wp-json\/wp\/v2\/product\/2418","targetHints":{"allow":["GET"]}}],"collection":[{"href":"https:\/\/lasher.ee\/fi\/wp-json\/wp\/v2\/product"}],"about":[{"href":"https:\/\/lasher.ee\/fi\/wp-json\/wp\/v2\/types\/product"}],"replies":[{"embeddable":true,"href":"https:\/\/lasher.ee\/fi\/wp-json\/wp\/v2\/comments?post=2418"}],"wp:featuredmedia":[{"embeddable":true,"href":"https:\/\/lasher.ee\/fi\/wp-json\/wp\/v2\/media\/6743"}],"wp:attachment":[{"href":"https:\/\/lasher.ee\/fi\/wp-json\/wp\/v2\/media?parent=2418"}],"wp:term":[{"taxonomy":"product_brand","embeddable":true,"href":"https:\/\/lasher.ee\/fi\/wp-json\/wp\/v2\/product_brand?post=2418"},{"taxonomy":"product_cat","embeddable":true,"href":"https:\/\/lasher.ee\/fi\/wp-json\/wp\/v2\/product_cat?post=2418"},{"taxonomy":"product_tag","embeddable":true,"href":"https:\/\/lasher.ee\/fi\/wp-json\/wp\/v2\/product_tag?post=2418"}],"curies":[{"name":"wp","href":"https:\/\/api.w.org\/{rel}","templated":true}]}}