{"id":2451,"date":"2024-08-07T11:28:43","date_gmt":"2024-08-07T08:28:43","guid":{"rendered":"https:\/\/lasher.ee\/lamon-kosteuspyyhkeet\/"},"modified":"2026-01-17T22:55:19","modified_gmt":"2026-01-17T20:55:19","slug":"lamon-kosteuspyyhkeet","status":"publish","type":"product","link":"https:\/\/lasher.ee\/fi\/tuote\/lamon-kosteuspyyhkeet\/","title":{"rendered":"KOSTEAT VANULAPUT, 70kpl"},"content":{"rendered":"","protected":false},"excerpt":{"rendered":"<p>Kosteilla pehmeill\u00e4 puhdistusliinoilla voit poistaa liiallisen rasvan, meikin ja lian ripsist\u00e4 ja iholta. Tuote sis\u00e4lt\u00e4\u00e4 Houttuynia-uutetta, jolla on antibakteerisia ja antioksidanttisia ominaisuuksia jotka auttavat puhdistamaan ihoa ja ripsi\u00e4 tehokkaasti v\u00e4hent\u00e4en samalla \u00e4rsytyst\u00e4.<\/p>\n<p><strong>Ominaisuudet<\/strong><br \/>\nMatala happopitoisuus<br \/>\nHypoallergeeninen<br \/>\nPHA-aineet<br \/>\nIsommat kuin tavalliset vanulaput<br \/>\nSopii herk\u00e4lle iholle<br \/>\nAlkoholittomat<br \/>\nVegaaninen<br \/>\nEi sis\u00e4ll\u00e4 v\u00e4riaineita<br \/>\nOrgaaniset<br \/>\nHajusteettomat<br \/>\nTasapainotettu pH-arvo<\/p>\n<p>Pakkaus sis\u00e4lt\u00e4\u00e4 70 puhdistusliinaa.<br \/>\nPuhdistusliinan halkaisija: 70 mm (tavallisten vanulappujen halkaisija on 45\u201350 mm).<\/p>\n<p><strong>K\u00e4ytt\u00f6ohje<\/strong><br \/>\nOta kostutettu liina pakkauksesta ja pyyhi varovasti lika pois ripsist\u00e4 ja kasvoilta. K\u00e4yt\u00f6n j\u00e4lkeen sulje kansi, jotta laput eiv\u00e4t kuivu.<\/p>\n<p><strong>Koostumus<\/strong><br \/>\nAqua, Houttuynia cordata Extract, Polyglyceryl-4 Caprate, Glycerin,\u00a0\u00a0Chamaecyparis Obtusa Water, Gluconic Acid (PHA),\u00a0Panthenol, Allantoin, Disodium EDTA,\u00a0Mangifera Indica (Mango) Fruit Extract, Astrocaryum Murumuru Fruit Extract, Vaccinium Angustifolium (Blueberry) Fruit Extract \/\u00a0Fragaria Ananassa (Strawberry) Fruit Extract \/\u00a0Malus Domestica Fruit Extract \/\u00a0Physalis Peruviana Extract, Chlorphenesin<\/p>\n","protected":false},"featured_media":10291,"comment_status":"open","ping_status":"closed","template":"","meta":{"site-sidebar-layout":"default","site-content-layout":"","ast-site-content-layout":"default","site-content-style":"default","site-sidebar-style":"default","ast-global-header-display":"","ast-banner-title-visibility":"","ast-main-header-display":"","ast-hfb-above-header-display":"","ast-hfb-below-header-display":"","ast-hfb-mobile-header-display":"","site-post-title":"","ast-breadcrumbs-content":"","ast-featured-img":"","footer-sml-layout":"","ast-disable-related-posts":"","theme-transparent-header-meta":"default","adv-header-id-meta":"","stick-header-meta":"","header-above-stick-meta":"","header-main-stick-meta":"","header-below-stick-meta":"","astra-migrate-meta-layouts":"set","ast-page-background-enabled":"default","ast-page-background-meta":{"desktop":{"background-color":"var(--ast-global-color-4)","background-image":"","background-repeat":"repeat","background-position":"center center","background-size":"auto","background-attachment":"scroll","background-type":"","background-media":"","overlay-type":"","overlay-color":"","overlay-opacity":"","overlay-gradient":""},"tablet":{"background-color":"","background-image":"","background-repeat":"repeat","background-position":"center center","background-size":"auto","background-attachment":"scroll","background-type":"","background-media":"","overlay-type":"","overlay-color":"","overlay-opacity":"","overlay-gradient":""},"mobile":{"background-color":"","background-image":"","background-repeat":"repeat","background-position":"center center","background-size":"auto","background-attachment":"scroll","background-type":"","background-media":"","overlay-type":"","overlay-color":"","overlay-opacity":"","overlay-gradient":""}},"ast-content-background-meta":{"desktop":{"background-color":"var(--ast-global-color-5)","background-image":"","background-repeat":"repeat","background-position":"center center","background-size":"auto","background-attachment":"scroll","background-type":"","background-media":"","overlay-type":"","overlay-color":"","overlay-opacity":"","overlay-gradient":""},"tablet":{"background-color":"var(--ast-global-color-5)","background-image":"","background-repeat":"repeat","background-position":"center center","background-size":"auto","background-attachment":"scroll","background-type":"","background-media":"","overlay-type":"","overlay-color":"","overlay-opacity":"","overlay-gradient":""},"mobile":{"background-color":"var(--ast-global-color-5)","background-image":"","background-repeat":"repeat","background-position":"center center","background-size":"auto","background-attachment":"scroll","background-type":"","background-media":"","overlay-type":"","overlay-color":"","overlay-opacity":"","overlay-gradient":""}}},"product_brand":[],"product_cat":[84,95,85],"product_tag":[],"class_list":{"0":"post-2451","1":"product","2":"type-product","3":"status-publish","4":"has-post-thumbnail","6":"product_cat-esihoito","7":"product_cat-huolto","8":"product_cat-jalkihoito","9":"desktop-align-left","10":"tablet-align-left","11":"mobile-align-left","13":"first","14":"instock","15":"shipping-taxable","16":"purchasable","17":"product-type-simple"},"yoast_head":"<!-- This site is optimized with the Yoast SEO plugin v27.4 - https:\/\/yoast.com\/product\/yoast-seo-wordpress\/ -->\n<title>KOSTEAT VANULAPUT, 70kpl - Lasher<\/title>\n<meta name=\"robots\" content=\"index, follow, max-snippet:-1, max-image-preview:large, max-video-preview:-1\" \/>\n<link rel=\"canonical\" href=\"https:\/\/lasher.ee\/fi\/tuote\/lamon-kosteuspyyhkeet\/\" \/>\n<meta property=\"og:locale\" content=\"fi_FI\" \/>\n<meta property=\"og:type\" content=\"article\" \/>\n<meta property=\"og:title\" content=\"KOSTEAT VANULAPUT, 70kpl - Lasher\" \/>\n<meta property=\"og:description\" content=\"Kosteilla pehmeill\u00e4 puhdistusliinoilla voit poistaa liiallisen rasvan, meikin ja lian ripsist\u00e4 ja iholta. Tuote sis\u00e4lt\u00e4\u00e4 Houttuynia-uutetta, jolla on antibakteerisia ja antioksidanttisia ominaisuuksia jotka auttavat puhdistamaan ihoa ja ripsi\u00e4 tehokkaasti v\u00e4hent\u00e4en samalla \u00e4rsytyst\u00e4.  Ominaisuudet Matala happopitoisuus Hypoallergeeninen PHA-aineet Isommat kuin tavalliset vanulaput Sopii herk\u00e4lle iholle Alkoholittomat Vegaaninen Ei sis\u00e4ll\u00e4 v\u00e4riaineita Orgaaniset Hajusteettomat Tasapainotettu pH-arvo  Pakkaus sis\u00e4lt\u00e4\u00e4 70 puhdistusliinaa. Puhdistusliinan halkaisija: 70 mm (tavallisten vanulappujen halkaisija on 45\u201350 mm).  K\u00e4ytt\u00f6ohje Ota kostutettu liina pakkauksesta ja pyyhi varovasti lika pois ripsist\u00e4 ja kasvoilta. K\u00e4yt\u00f6n j\u00e4lkeen sulje kansi, jotta laput eiv\u00e4t kuivu.  Koostumus Aqua, Houttuynia cordata Extract, Polyglyceryl-4 Caprate, Glycerin,\u00a0\u00a0Chamaecyparis Obtusa Water, Gluconic Acid (PHA),\u00a0Panthenol, Allantoin, Disodium EDTA,\u00a0Mangifera Indica (Mango) Fruit Extract, Astrocaryum Murumuru Fruit Extract, Vaccinium Angustifolium (Blueberry) Fruit Extract \/\u00a0Fragaria Ananassa (Strawberry) Fruit Extract \/\u00a0Malus Domestica Fruit Extract \/\u00a0Physalis Peruviana Extract, Chlorphenesin\" \/>\n<meta property=\"og:url\" content=\"https:\/\/lasher.ee\/fi\/tuote\/lamon-kosteuspyyhkeet\/\" \/>\n<meta property=\"og:site_name\" content=\"Lasher\" \/>\n<meta property=\"article:publisher\" content=\"https:\/\/www.facebook.com\/profile.php?id=61564523265885\" \/>\n<meta property=\"article:modified_time\" content=\"2026-01-17T20:55:19+00:00\" \/>\n<meta name=\"twitter:card\" content=\"summary_large_image\" \/>\n<meta name=\"twitter:label1\" content=\"Arvioitu lukuaika\" \/>\n\t<meta name=\"twitter:data1\" content=\"1 minuutti\" \/>\n<script type=\"application\/ld+json\" class=\"yoast-schema-graph\">{\"@context\":\"https:\\\/\\\/schema.org\",\"@graph\":[{\"@type\":\"WebPage\",\"@id\":\"https:\\\/\\\/lasher.ee\\\/fi\\\/tuote\\\/lamon-kosteuspyyhkeet\\\/\",\"url\":\"https:\\\/\\\/lasher.ee\\\/fi\\\/tuote\\\/lamon-kosteuspyyhkeet\\\/\",\"name\":\"KOSTEAT VANULAPUT, 70kpl - Lasher\",\"isPartOf\":{\"@id\":\"https:\\\/\\\/lasher.ee\\\/fi\\\/#website\"},\"primaryImageOfPage\":{\"@id\":\"https:\\\/\\\/lasher.ee\\\/fi\\\/tuote\\\/lamon-kosteuspyyhkeet\\\/#primaryimage\"},\"image\":{\"@id\":\"https:\\\/\\\/lasher.ee\\\/fi\\\/tuote\\\/lamon-kosteuspyyhkeet\\\/#primaryimage\"},\"thumbnailUrl\":\"https:\\\/\\\/lasher.ee\\\/wp-content\\\/uploads\\\/2024\\\/08\\\/A4bb362d059374d4e999e0a24fefb9937r.avif\",\"datePublished\":\"2024-08-07T08:28:43+00:00\",\"dateModified\":\"2026-01-17T20:55:19+00:00\",\"breadcrumb\":{\"@id\":\"https:\\\/\\\/lasher.ee\\\/fi\\\/tuote\\\/lamon-kosteuspyyhkeet\\\/#breadcrumb\"},\"inLanguage\":\"fi\",\"potentialAction\":[{\"@type\":\"ReadAction\",\"target\":[\"https:\\\/\\\/lasher.ee\\\/fi\\\/tuote\\\/lamon-kosteuspyyhkeet\\\/\"]}]},{\"@type\":\"ImageObject\",\"inLanguage\":\"fi\",\"@id\":\"https:\\\/\\\/lasher.ee\\\/fi\\\/tuote\\\/lamon-kosteuspyyhkeet\\\/#primaryimage\",\"url\":\"https:\\\/\\\/lasher.ee\\\/wp-content\\\/uploads\\\/2024\\\/08\\\/A4bb362d059374d4e999e0a24fefb9937r.avif\",\"contentUrl\":\"https:\\\/\\\/lasher.ee\\\/wp-content\\\/uploads\\\/2024\\\/08\\\/A4bb362d059374d4e999e0a24fefb9937r.avif\",\"width\":1000,\"height\":1000,\"caption\":\"Kosteat vanulaput 70kpl sis\u00e4lt\u00e4\u00e4 Houttuynia-uutetta, jolla on antibakteerisia ja antioksidanttisia ominaisuuksia\"},{\"@type\":\"BreadcrumbList\",\"@id\":\"https:\\\/\\\/lasher.ee\\\/fi\\\/tuote\\\/lamon-kosteuspyyhkeet\\\/#breadcrumb\",\"itemListElement\":[{\"@type\":\"ListItem\",\"position\":1,\"name\":\"Home\",\"item\":\"https:\\\/\\\/lasher.ee\\\/fi\\\/\"},{\"@type\":\"ListItem\",\"position\":2,\"name\":\"Kaikki tuotteet\",\"item\":\"https:\\\/\\\/lasher.ee\\\/fi\\\/kaikki-tuotteet\\\/\"},{\"@type\":\"ListItem\",\"position\":3,\"name\":\"KOSTEAT VANULAPUT, 70kpl\"}]},{\"@type\":\"WebSite\",\"@id\":\"https:\\\/\\\/lasher.ee\\\/fi\\\/#website\",\"url\":\"https:\\\/\\\/lasher.ee\\\/fi\\\/\",\"name\":\"Lasher\",\"description\":\"K\u00f5ik vajalikud ripsmetarvikud ripsmetehnikule \u00fchest kohast.\",\"publisher\":{\"@id\":\"https:\\\/\\\/lasher.ee\\\/fi\\\/#organization\"},\"potentialAction\":[{\"@type\":\"SearchAction\",\"target\":{\"@type\":\"EntryPoint\",\"urlTemplate\":\"https:\\\/\\\/lasher.ee\\\/fi\\\/?s={search_term_string}\"},\"query-input\":{\"@type\":\"PropertyValueSpecification\",\"valueRequired\":true,\"valueName\":\"search_term_string\"}}],\"inLanguage\":\"fi\"},{\"@type\":\"Organization\",\"@id\":\"https:\\\/\\\/lasher.ee\\\/fi\\\/#organization\",\"name\":\"Lasher\",\"url\":\"https:\\\/\\\/lasher.ee\\\/fi\\\/\",\"logo\":{\"@type\":\"ImageObject\",\"inLanguage\":\"fi\",\"@id\":\"https:\\\/\\\/lasher.ee\\\/fi\\\/#\\\/schema\\\/logo\\\/image\\\/\",\"url\":\"https:\\\/\\\/lasher.ee\\\/wp-content\\\/uploads\\\/2024\\\/09\\\/Screenshot-2024-09-03-at-11.58.17.png\",\"contentUrl\":\"https:\\\/\\\/lasher.ee\\\/wp-content\\\/uploads\\\/2024\\\/09\\\/Screenshot-2024-09-03-at-11.58.17.png\",\"width\":1678,\"height\":1670,\"caption\":\"Lasher\"},\"image\":{\"@id\":\"https:\\\/\\\/lasher.ee\\\/fi\\\/#\\\/schema\\\/logo\\\/image\\\/\"},\"sameAs\":[\"https:\\\/\\\/www.facebook.com\\\/profile.php?id=61564523265885\",\"https:\\\/\\\/www.instagram.com\\\/lasher_official\\\/\"]}]}<\/script>\n<!-- \/ Yoast SEO plugin. -->","yoast_head_json":{"title":"KOSTEAT VANULAPUT, 70kpl - Lasher","robots":{"index":"index","follow":"follow","max-snippet":"max-snippet:-1","max-image-preview":"max-image-preview:large","max-video-preview":"max-video-preview:-1"},"canonical":"https:\/\/lasher.ee\/fi\/tuote\/lamon-kosteuspyyhkeet\/","og_locale":"fi_FI","og_type":"article","og_title":"KOSTEAT VANULAPUT, 70kpl - Lasher","og_description":"Kosteilla pehmeill\u00e4 puhdistusliinoilla voit poistaa liiallisen rasvan, meikin ja lian ripsist\u00e4 ja iholta. Tuote sis\u00e4lt\u00e4\u00e4 Houttuynia-uutetta, jolla on antibakteerisia ja antioksidanttisia ominaisuuksia jotka auttavat puhdistamaan ihoa ja ripsi\u00e4 tehokkaasti v\u00e4hent\u00e4en samalla \u00e4rsytyst\u00e4.  Ominaisuudet Matala happopitoisuus Hypoallergeeninen PHA-aineet Isommat kuin tavalliset vanulaput Sopii herk\u00e4lle iholle Alkoholittomat Vegaaninen Ei sis\u00e4ll\u00e4 v\u00e4riaineita Orgaaniset Hajusteettomat Tasapainotettu pH-arvo  Pakkaus sis\u00e4lt\u00e4\u00e4 70 puhdistusliinaa. Puhdistusliinan halkaisija: 70 mm (tavallisten vanulappujen halkaisija on 45\u201350 mm).  K\u00e4ytt\u00f6ohje Ota kostutettu liina pakkauksesta ja pyyhi varovasti lika pois ripsist\u00e4 ja kasvoilta. K\u00e4yt\u00f6n j\u00e4lkeen sulje kansi, jotta laput eiv\u00e4t kuivu.  Koostumus Aqua, Houttuynia cordata Extract, Polyglyceryl-4 Caprate, Glycerin,\u00a0\u00a0Chamaecyparis Obtusa Water, Gluconic Acid (PHA),\u00a0Panthenol, Allantoin, Disodium EDTA,\u00a0Mangifera Indica (Mango) Fruit Extract, Astrocaryum Murumuru Fruit Extract, Vaccinium Angustifolium (Blueberry) Fruit Extract \/\u00a0Fragaria Ananassa (Strawberry) Fruit Extract \/\u00a0Malus Domestica Fruit Extract \/\u00a0Physalis Peruviana Extract, Chlorphenesin","og_url":"https:\/\/lasher.ee\/fi\/tuote\/lamon-kosteuspyyhkeet\/","og_site_name":"Lasher","article_publisher":"https:\/\/www.facebook.com\/profile.php?id=61564523265885","article_modified_time":"2026-01-17T20:55:19+00:00","twitter_card":"summary_large_image","twitter_misc":{"Arvioitu lukuaika":"1 minuutti"},"schema":{"@context":"https:\/\/schema.org","@graph":[{"@type":"WebPage","@id":"https:\/\/lasher.ee\/fi\/tuote\/lamon-kosteuspyyhkeet\/","url":"https:\/\/lasher.ee\/fi\/tuote\/lamon-kosteuspyyhkeet\/","name":"KOSTEAT VANULAPUT, 70kpl - Lasher","isPartOf":{"@id":"https:\/\/lasher.ee\/fi\/#website"},"primaryImageOfPage":{"@id":"https:\/\/lasher.ee\/fi\/tuote\/lamon-kosteuspyyhkeet\/#primaryimage"},"image":{"@id":"https:\/\/lasher.ee\/fi\/tuote\/lamon-kosteuspyyhkeet\/#primaryimage"},"thumbnailUrl":"https:\/\/lasher.ee\/wp-content\/uploads\/2024\/08\/A4bb362d059374d4e999e0a24fefb9937r.avif","datePublished":"2024-08-07T08:28:43+00:00","dateModified":"2026-01-17T20:55:19+00:00","breadcrumb":{"@id":"https:\/\/lasher.ee\/fi\/tuote\/lamon-kosteuspyyhkeet\/#breadcrumb"},"inLanguage":"fi","potentialAction":[{"@type":"ReadAction","target":["https:\/\/lasher.ee\/fi\/tuote\/lamon-kosteuspyyhkeet\/"]}]},{"@type":"ImageObject","inLanguage":"fi","@id":"https:\/\/lasher.ee\/fi\/tuote\/lamon-kosteuspyyhkeet\/#primaryimage","url":"https:\/\/lasher.ee\/wp-content\/uploads\/2024\/08\/A4bb362d059374d4e999e0a24fefb9937r.avif","contentUrl":"https:\/\/lasher.ee\/wp-content\/uploads\/2024\/08\/A4bb362d059374d4e999e0a24fefb9937r.avif","width":1000,"height":1000,"caption":"Kosteat vanulaput 70kpl sis\u00e4lt\u00e4\u00e4 Houttuynia-uutetta, jolla on antibakteerisia ja antioksidanttisia ominaisuuksia"},{"@type":"BreadcrumbList","@id":"https:\/\/lasher.ee\/fi\/tuote\/lamon-kosteuspyyhkeet\/#breadcrumb","itemListElement":[{"@type":"ListItem","position":1,"name":"Home","item":"https:\/\/lasher.ee\/fi\/"},{"@type":"ListItem","position":2,"name":"Kaikki tuotteet","item":"https:\/\/lasher.ee\/fi\/kaikki-tuotteet\/"},{"@type":"ListItem","position":3,"name":"KOSTEAT VANULAPUT, 70kpl"}]},{"@type":"WebSite","@id":"https:\/\/lasher.ee\/fi\/#website","url":"https:\/\/lasher.ee\/fi\/","name":"Lasher","description":"K\u00f5ik vajalikud ripsmetarvikud ripsmetehnikule \u00fchest kohast.","publisher":{"@id":"https:\/\/lasher.ee\/fi\/#organization"},"potentialAction":[{"@type":"SearchAction","target":{"@type":"EntryPoint","urlTemplate":"https:\/\/lasher.ee\/fi\/?s={search_term_string}"},"query-input":{"@type":"PropertyValueSpecification","valueRequired":true,"valueName":"search_term_string"}}],"inLanguage":"fi"},{"@type":"Organization","@id":"https:\/\/lasher.ee\/fi\/#organization","name":"Lasher","url":"https:\/\/lasher.ee\/fi\/","logo":{"@type":"ImageObject","inLanguage":"fi","@id":"https:\/\/lasher.ee\/fi\/#\/schema\/logo\/image\/","url":"https:\/\/lasher.ee\/wp-content\/uploads\/2024\/09\/Screenshot-2024-09-03-at-11.58.17.png","contentUrl":"https:\/\/lasher.ee\/wp-content\/uploads\/2024\/09\/Screenshot-2024-09-03-at-11.58.17.png","width":1678,"height":1670,"caption":"Lasher"},"image":{"@id":"https:\/\/lasher.ee\/fi\/#\/schema\/logo\/image\/"},"sameAs":["https:\/\/www.facebook.com\/profile.php?id=61564523265885","https:\/\/www.instagram.com\/lasher_official\/"]}]}},"_links":{"self":[{"href":"https:\/\/lasher.ee\/fi\/wp-json\/wp\/v2\/product\/2451","targetHints":{"allow":["GET"]}}],"collection":[{"href":"https:\/\/lasher.ee\/fi\/wp-json\/wp\/v2\/product"}],"about":[{"href":"https:\/\/lasher.ee\/fi\/wp-json\/wp\/v2\/types\/product"}],"replies":[{"embeddable":true,"href":"https:\/\/lasher.ee\/fi\/wp-json\/wp\/v2\/comments?post=2451"}],"wp:featuredmedia":[{"embeddable":true,"href":"https:\/\/lasher.ee\/fi\/wp-json\/wp\/v2\/media\/10291"}],"wp:attachment":[{"href":"https:\/\/lasher.ee\/fi\/wp-json\/wp\/v2\/media?parent=2451"}],"wp:term":[{"taxonomy":"product_brand","embeddable":true,"href":"https:\/\/lasher.ee\/fi\/wp-json\/wp\/v2\/product_brand?post=2451"},{"taxonomy":"product_cat","embeddable":true,"href":"https:\/\/lasher.ee\/fi\/wp-json\/wp\/v2\/product_cat?post=2451"},{"taxonomy":"product_tag","embeddable":true,"href":"https:\/\/lasher.ee\/fi\/wp-json\/wp\/v2\/product_tag?post=2451"}],"curies":[{"name":"wp","href":"https:\/\/api.w.org\/{rel}","templated":true}]}}