{"id":2462,"date":"2024-08-13T14:46:29","date_gmt":"2024-08-13T11:46:29","guid":{"rendered":"https:\/\/lasher.ee\/sterisept-pyyhkeet\/"},"modified":"2025-07-29T11:51:46","modified_gmt":"2025-07-29T08:51:46","slug":"sterisept-pyyhkeet","status":"publish","type":"product","link":"https:\/\/lasher.ee\/fi\/tuote\/sterisept-pyyhkeet\/","title":{"rendered":"Sterisept wipes"},"content":{"rendered":"","protected":false},"excerpt":{"rendered":"<p>STERISEPT WIPES ovat alkoholittomia desinfektiopyyhkeit\u00e4 nopeaan desinfiointiin, soveltuen sek\u00e4 invasiivisille ett\u00e4 ei-invasiivisille laitteille sek\u00e4 alkoholille herkille pinnoille. STERISEPT WIPES -pyyhkeill\u00e4 on laajakirjoinen bakterisidinen vaikutus (mukaan lukien MRSA, VRE), mykobakterisidinen vaikutus (mukaan lukien Mycobacterium avium ja Mycobacterium terrae), fungisidinen sek\u00e4 hiivasieni\u00e4 tuhoava vaikutus. Tuote on my\u00f6s tehokas viruksia (mukaan lukien HBV, HIV, HCV, Vaccinia ja Rota) ja iti\u00f6it\u00e4 (mukaan lukien Clostridium difficile) vastaan.<\/p>\n<p class=\"p1\"><strong>K\u00e4ytt\u00f6ohje<\/strong><br \/>\nSTERISEPT WIPES -pyyhkeet ovat k\u00e4ytt\u00f6valmiita. Avaa astian kansi ja ved\u00e4 esikostutettu pyyhe esiin perforointiin saakka. Irrota pyyhe rep\u00e4isem\u00e4ll\u00e4 se \u00e4killisesti ja kevyesti kulmassa vet\u00e4en. Sulje kansi v\u00e4litt\u00f6m\u00e4sti pyyhkeen irrottamisen j\u00e4lkeen, jotta muut pyyhkeet eiv\u00e4t kuivuisi.<\/p>\n","protected":false},"featured_media":14076,"comment_status":"open","ping_status":"closed","template":"","meta":{"site-sidebar-layout":"default","site-content-layout":"","ast-site-content-layout":"default","site-content-style":"default","site-sidebar-style":"default","ast-global-header-display":"","ast-banner-title-visibility":"","ast-main-header-display":"","ast-hfb-above-header-display":"","ast-hfb-below-header-display":"","ast-hfb-mobile-header-display":"","site-post-title":"","ast-breadcrumbs-content":"","ast-featured-img":"","footer-sml-layout":"","ast-disable-related-posts":"","theme-transparent-header-meta":"default","adv-header-id-meta":"","stick-header-meta":"","header-above-stick-meta":"","header-main-stick-meta":"","header-below-stick-meta":"","astra-migrate-meta-layouts":"set","ast-page-background-enabled":"default","ast-page-background-meta":{"desktop":{"background-color":"var(--ast-global-color-4)","background-image":"","background-repeat":"repeat","background-position":"center center","background-size":"auto","background-attachment":"scroll","background-type":"","background-media":"","overlay-type":"","overlay-color":"","overlay-opacity":"","overlay-gradient":""},"tablet":{"background-color":"","background-image":"","background-repeat":"repeat","background-position":"center center","background-size":"auto","background-attachment":"scroll","background-type":"","background-media":"","overlay-type":"","overlay-color":"","overlay-opacity":"","overlay-gradient":""},"mobile":{"background-color":"","background-image":"","background-repeat":"repeat","background-position":"center center","background-size":"auto","background-attachment":"scroll","background-type":"","background-media":"","overlay-type":"","overlay-color":"","overlay-opacity":"","overlay-gradient":""}},"ast-content-background-meta":{"desktop":{"background-color":"var(--ast-global-color-5)","background-image":"","background-repeat":"repeat","background-position":"center center","background-size":"auto","background-attachment":"scroll","background-type":"","background-media":"","overlay-type":"","overlay-color":"","overlay-opacity":"","overlay-gradient":""},"tablet":{"background-color":"var(--ast-global-color-5)","background-image":"","background-repeat":"repeat","background-position":"center center","background-size":"auto","background-attachment":"scroll","background-type":"","background-media":"","overlay-type":"","overlay-color":"","overlay-opacity":"","overlay-gradient":""},"mobile":{"background-color":"var(--ast-global-color-5)","background-image":"","background-repeat":"repeat","background-position":"center center","background-size":"auto","background-attachment":"scroll","background-type":"","background-media":"","overlay-type":"","overlay-color":"","overlay-opacity":"","overlay-gradient":""}}},"product_brand":[],"product_cat":[100],"product_tag":[],"class_list":{"0":"post-2462","1":"product","2":"type-product","3":"status-publish","4":"has-post-thumbnail","6":"product_cat-desinfiointiaineet","7":"desktop-align-left","8":"tablet-align-left","9":"mobile-align-left","11":"first","12":"instock","13":"shipping-taxable","14":"purchasable","15":"product-type-simple"},"yoast_head":"<!-- This site is optimized with the Yoast SEO plugin v27.3 - https:\/\/yoast.com\/product\/yoast-seo-wordpress\/ -->\n<title>Sterisept wipes - Lasher<\/title>\n<meta name=\"robots\" content=\"index, follow, max-snippet:-1, max-image-preview:large, max-video-preview:-1\" \/>\n<link rel=\"canonical\" href=\"https:\/\/lasher.ee\/fi\/tuote\/sterisept-pyyhkeet\/\" \/>\n<meta property=\"og:locale\" content=\"fi_FI\" \/>\n<meta property=\"og:type\" content=\"article\" \/>\n<meta property=\"og:title\" content=\"Sterisept wipes - Lasher\" \/>\n<meta property=\"og:description\" content=\"STERISEPT WIPES ovat alkoholittomia desinfektiopyyhkeit\u00e4 nopeaan desinfiointiin, soveltuen sek\u00e4 invasiivisille ett\u00e4 ei-invasiivisille laitteille sek\u00e4 alkoholille herkille pinnoille. STERISEPT WIPES -pyyhkeill\u00e4 on laajakirjoinen bakterisidinen vaikutus (mukaan lukien MRSA, VRE), mykobakterisidinen vaikutus (mukaan lukien Mycobacterium avium ja Mycobacterium terrae), fungisidinen sek\u00e4 hiivasieni\u00e4 tuhoava vaikutus. Tuote on my\u00f6s tehokas viruksia (mukaan lukien HBV, HIV, HCV, Vaccinia ja Rota) ja iti\u00f6it\u00e4 (mukaan lukien Clostridium difficile) vastaan. K\u00e4ytt\u00f6ohje STERISEPT WIPES -pyyhkeet ovat k\u00e4ytt\u00f6valmiita. Avaa astian kansi ja ved\u00e4 esikostutettu pyyhe esiin perforointiin saakka. Irrota pyyhe rep\u00e4isem\u00e4ll\u00e4 se \u00e4killisesti ja kevyesti kulmassa vet\u00e4en. Sulje kansi v\u00e4litt\u00f6m\u00e4sti pyyhkeen irrottamisen j\u00e4lkeen, jotta muut pyyhkeet eiv\u00e4t kuivuisi.\" \/>\n<meta property=\"og:url\" content=\"https:\/\/lasher.ee\/fi\/tuote\/sterisept-pyyhkeet\/\" \/>\n<meta property=\"og:site_name\" content=\"Lasher\" \/>\n<meta property=\"article:publisher\" content=\"https:\/\/www.facebook.com\/profile.php?id=61564523265885\" \/>\n<meta property=\"article:modified_time\" content=\"2025-07-29T08:51:46+00:00\" \/>\n<meta property=\"og:image\" content=\"https:\/\/lasher.ee\/wp-content\/uploads\/2024\/08\/1725046151077-removebg-preview.png\" \/>\n\t<meta property=\"og:image:width\" content=\"500\" \/>\n\t<meta property=\"og:image:height\" content=\"500\" \/>\n\t<meta property=\"og:image:type\" content=\"image\/png\" \/>\n<meta name=\"twitter:card\" content=\"summary_large_image\" \/>\n<meta name=\"twitter:label1\" content=\"Arvioitu lukuaika\" \/>\n\t<meta name=\"twitter:data1\" content=\"1 minuutti\" \/>\n<script type=\"application\/ld+json\" class=\"yoast-schema-graph\">{\"@context\":\"https:\\\/\\\/schema.org\",\"@graph\":[{\"@type\":\"WebPage\",\"@id\":\"https:\\\/\\\/lasher.ee\\\/fi\\\/tuote\\\/sterisept-pyyhkeet\\\/\",\"url\":\"https:\\\/\\\/lasher.ee\\\/fi\\\/tuote\\\/sterisept-pyyhkeet\\\/\",\"name\":\"Sterisept wipes - Lasher\",\"isPartOf\":{\"@id\":\"https:\\\/\\\/lasher.ee\\\/fi\\\/#website\"},\"primaryImageOfPage\":{\"@id\":\"https:\\\/\\\/lasher.ee\\\/fi\\\/tuote\\\/sterisept-pyyhkeet\\\/#primaryimage\"},\"image\":{\"@id\":\"https:\\\/\\\/lasher.ee\\\/fi\\\/tuote\\\/sterisept-pyyhkeet\\\/#primaryimage\"},\"thumbnailUrl\":\"https:\\\/\\\/lasher.ee\\\/wp-content\\\/uploads\\\/2024\\\/08\\\/Untitled-1.jpg\",\"datePublished\":\"2024-08-13T11:46:29+00:00\",\"dateModified\":\"2025-07-29T08:51:46+00:00\",\"breadcrumb\":{\"@id\":\"https:\\\/\\\/lasher.ee\\\/fi\\\/tuote\\\/sterisept-pyyhkeet\\\/#breadcrumb\"},\"inLanguage\":\"fi\",\"potentialAction\":[{\"@type\":\"ReadAction\",\"target\":[\"https:\\\/\\\/lasher.ee\\\/fi\\\/tuote\\\/sterisept-pyyhkeet\\\/\"]}]},{\"@type\":\"ImageObject\",\"inLanguage\":\"fi\",\"@id\":\"https:\\\/\\\/lasher.ee\\\/fi\\\/tuote\\\/sterisept-pyyhkeet\\\/#primaryimage\",\"url\":\"https:\\\/\\\/lasher.ee\\\/wp-content\\\/uploads\\\/2024\\\/08\\\/Untitled-1.jpg\",\"contentUrl\":\"https:\\\/\\\/lasher.ee\\\/wp-content\\\/uploads\\\/2024\\\/08\\\/Untitled-1.jpg\",\"width\":1024,\"height\":1024},{\"@type\":\"BreadcrumbList\",\"@id\":\"https:\\\/\\\/lasher.ee\\\/fi\\\/tuote\\\/sterisept-pyyhkeet\\\/#breadcrumb\",\"itemListElement\":[{\"@type\":\"ListItem\",\"position\":1,\"name\":\"Home\",\"item\":\"https:\\\/\\\/lasher.ee\\\/fi\\\/\"},{\"@type\":\"ListItem\",\"position\":2,\"name\":\"Kaikki tuotteet\",\"item\":\"https:\\\/\\\/lasher.ee\\\/fi\\\/kaikki-tuotteet\\\/\"},{\"@type\":\"ListItem\",\"position\":3,\"name\":\"Sterisept wipes\"}]},{\"@type\":\"WebSite\",\"@id\":\"https:\\\/\\\/lasher.ee\\\/fi\\\/#website\",\"url\":\"https:\\\/\\\/lasher.ee\\\/fi\\\/\",\"name\":\"Lasher\",\"description\":\"K\u00f5ik vajalikud ripsmetarvikud ripsmetehnikule \u00fchest kohast.\",\"publisher\":{\"@id\":\"https:\\\/\\\/lasher.ee\\\/fi\\\/#organization\"},\"potentialAction\":[{\"@type\":\"SearchAction\",\"target\":{\"@type\":\"EntryPoint\",\"urlTemplate\":\"https:\\\/\\\/lasher.ee\\\/fi\\\/?s={search_term_string}\"},\"query-input\":{\"@type\":\"PropertyValueSpecification\",\"valueRequired\":true,\"valueName\":\"search_term_string\"}}],\"inLanguage\":\"fi\"},{\"@type\":\"Organization\",\"@id\":\"https:\\\/\\\/lasher.ee\\\/fi\\\/#organization\",\"name\":\"Lasher\",\"url\":\"https:\\\/\\\/lasher.ee\\\/fi\\\/\",\"logo\":{\"@type\":\"ImageObject\",\"inLanguage\":\"fi\",\"@id\":\"https:\\\/\\\/lasher.ee\\\/fi\\\/#\\\/schema\\\/logo\\\/image\\\/\",\"url\":\"https:\\\/\\\/lasher.ee\\\/wp-content\\\/uploads\\\/2024\\\/09\\\/Screenshot-2024-09-03-at-11.58.17.png\",\"contentUrl\":\"https:\\\/\\\/lasher.ee\\\/wp-content\\\/uploads\\\/2024\\\/09\\\/Screenshot-2024-09-03-at-11.58.17.png\",\"width\":1678,\"height\":1670,\"caption\":\"Lasher\"},\"image\":{\"@id\":\"https:\\\/\\\/lasher.ee\\\/fi\\\/#\\\/schema\\\/logo\\\/image\\\/\"},\"sameAs\":[\"https:\\\/\\\/www.facebook.com\\\/profile.php?id=61564523265885\",\"https:\\\/\\\/www.instagram.com\\\/lasher_official\\\/\"]}]}<\/script>\n<!-- \/ Yoast SEO plugin. -->","yoast_head_json":{"title":"Sterisept wipes - Lasher","robots":{"index":"index","follow":"follow","max-snippet":"max-snippet:-1","max-image-preview":"max-image-preview:large","max-video-preview":"max-video-preview:-1"},"canonical":"https:\/\/lasher.ee\/fi\/tuote\/sterisept-pyyhkeet\/","og_locale":"fi_FI","og_type":"article","og_title":"Sterisept wipes - Lasher","og_description":"STERISEPT WIPES ovat alkoholittomia desinfektiopyyhkeit\u00e4 nopeaan desinfiointiin, soveltuen sek\u00e4 invasiivisille ett\u00e4 ei-invasiivisille laitteille sek\u00e4 alkoholille herkille pinnoille. STERISEPT WIPES -pyyhkeill\u00e4 on laajakirjoinen bakterisidinen vaikutus (mukaan lukien MRSA, VRE), mykobakterisidinen vaikutus (mukaan lukien Mycobacterium avium ja Mycobacterium terrae), fungisidinen sek\u00e4 hiivasieni\u00e4 tuhoava vaikutus. Tuote on my\u00f6s tehokas viruksia (mukaan lukien HBV, HIV, HCV, Vaccinia ja Rota) ja iti\u00f6it\u00e4 (mukaan lukien Clostridium difficile) vastaan. K\u00e4ytt\u00f6ohje STERISEPT WIPES -pyyhkeet ovat k\u00e4ytt\u00f6valmiita. Avaa astian kansi ja ved\u00e4 esikostutettu pyyhe esiin perforointiin saakka. Irrota pyyhe rep\u00e4isem\u00e4ll\u00e4 se \u00e4killisesti ja kevyesti kulmassa vet\u00e4en. Sulje kansi v\u00e4litt\u00f6m\u00e4sti pyyhkeen irrottamisen j\u00e4lkeen, jotta muut pyyhkeet eiv\u00e4t kuivuisi.","og_url":"https:\/\/lasher.ee\/fi\/tuote\/sterisept-pyyhkeet\/","og_site_name":"Lasher","article_publisher":"https:\/\/www.facebook.com\/profile.php?id=61564523265885","article_modified_time":"2025-07-29T08:51:46+00:00","og_image":[{"width":500,"height":500,"url":"https:\/\/lasher.ee\/wp-content\/uploads\/2024\/08\/1725046151077-removebg-preview.png","type":"image\/png"}],"twitter_card":"summary_large_image","twitter_misc":{"Arvioitu lukuaika":"1 minuutti"},"schema":{"@context":"https:\/\/schema.org","@graph":[{"@type":"WebPage","@id":"https:\/\/lasher.ee\/fi\/tuote\/sterisept-pyyhkeet\/","url":"https:\/\/lasher.ee\/fi\/tuote\/sterisept-pyyhkeet\/","name":"Sterisept wipes - Lasher","isPartOf":{"@id":"https:\/\/lasher.ee\/fi\/#website"},"primaryImageOfPage":{"@id":"https:\/\/lasher.ee\/fi\/tuote\/sterisept-pyyhkeet\/#primaryimage"},"image":{"@id":"https:\/\/lasher.ee\/fi\/tuote\/sterisept-pyyhkeet\/#primaryimage"},"thumbnailUrl":"https:\/\/lasher.ee\/wp-content\/uploads\/2024\/08\/Untitled-1.jpg","datePublished":"2024-08-13T11:46:29+00:00","dateModified":"2025-07-29T08:51:46+00:00","breadcrumb":{"@id":"https:\/\/lasher.ee\/fi\/tuote\/sterisept-pyyhkeet\/#breadcrumb"},"inLanguage":"fi","potentialAction":[{"@type":"ReadAction","target":["https:\/\/lasher.ee\/fi\/tuote\/sterisept-pyyhkeet\/"]}]},{"@type":"ImageObject","inLanguage":"fi","@id":"https:\/\/lasher.ee\/fi\/tuote\/sterisept-pyyhkeet\/#primaryimage","url":"https:\/\/lasher.ee\/wp-content\/uploads\/2024\/08\/Untitled-1.jpg","contentUrl":"https:\/\/lasher.ee\/wp-content\/uploads\/2024\/08\/Untitled-1.jpg","width":1024,"height":1024},{"@type":"BreadcrumbList","@id":"https:\/\/lasher.ee\/fi\/tuote\/sterisept-pyyhkeet\/#breadcrumb","itemListElement":[{"@type":"ListItem","position":1,"name":"Home","item":"https:\/\/lasher.ee\/fi\/"},{"@type":"ListItem","position":2,"name":"Kaikki tuotteet","item":"https:\/\/lasher.ee\/fi\/kaikki-tuotteet\/"},{"@type":"ListItem","position":3,"name":"Sterisept wipes"}]},{"@type":"WebSite","@id":"https:\/\/lasher.ee\/fi\/#website","url":"https:\/\/lasher.ee\/fi\/","name":"Lasher","description":"K\u00f5ik vajalikud ripsmetarvikud ripsmetehnikule \u00fchest kohast.","publisher":{"@id":"https:\/\/lasher.ee\/fi\/#organization"},"potentialAction":[{"@type":"SearchAction","target":{"@type":"EntryPoint","urlTemplate":"https:\/\/lasher.ee\/fi\/?s={search_term_string}"},"query-input":{"@type":"PropertyValueSpecification","valueRequired":true,"valueName":"search_term_string"}}],"inLanguage":"fi"},{"@type":"Organization","@id":"https:\/\/lasher.ee\/fi\/#organization","name":"Lasher","url":"https:\/\/lasher.ee\/fi\/","logo":{"@type":"ImageObject","inLanguage":"fi","@id":"https:\/\/lasher.ee\/fi\/#\/schema\/logo\/image\/","url":"https:\/\/lasher.ee\/wp-content\/uploads\/2024\/09\/Screenshot-2024-09-03-at-11.58.17.png","contentUrl":"https:\/\/lasher.ee\/wp-content\/uploads\/2024\/09\/Screenshot-2024-09-03-at-11.58.17.png","width":1678,"height":1670,"caption":"Lasher"},"image":{"@id":"https:\/\/lasher.ee\/fi\/#\/schema\/logo\/image\/"},"sameAs":["https:\/\/www.facebook.com\/profile.php?id=61564523265885","https:\/\/www.instagram.com\/lasher_official\/"]}]}},"_links":{"self":[{"href":"https:\/\/lasher.ee\/fi\/wp-json\/wp\/v2\/product\/2462","targetHints":{"allow":["GET"]}}],"collection":[{"href":"https:\/\/lasher.ee\/fi\/wp-json\/wp\/v2\/product"}],"about":[{"href":"https:\/\/lasher.ee\/fi\/wp-json\/wp\/v2\/types\/product"}],"replies":[{"embeddable":true,"href":"https:\/\/lasher.ee\/fi\/wp-json\/wp\/v2\/comments?post=2462"}],"wp:featuredmedia":[{"embeddable":true,"href":"https:\/\/lasher.ee\/fi\/wp-json\/wp\/v2\/media\/14076"}],"wp:attachment":[{"href":"https:\/\/lasher.ee\/fi\/wp-json\/wp\/v2\/media?parent=2462"}],"wp:term":[{"taxonomy":"product_brand","embeddable":true,"href":"https:\/\/lasher.ee\/fi\/wp-json\/wp\/v2\/product_brand?post=2462"},{"taxonomy":"product_cat","embeddable":true,"href":"https:\/\/lasher.ee\/fi\/wp-json\/wp\/v2\/product_cat?post=2462"},{"taxonomy":"product_tag","embeddable":true,"href":"https:\/\/lasher.ee\/fi\/wp-json\/wp\/v2\/product_tag?post=2462"}],"curies":[{"name":"wp","href":"https:\/\/api.w.org\/{rel}","templated":true}]}}