{"id":2469,"date":"2024-08-08T06:31:19","date_gmt":"2024-08-08T03:31:19","guid":{"rendered":"https:\/\/lasher.ee\/kuitukarkipinsetit-45\/"},"modified":"2026-03-31T11:00:42","modified_gmt":"2026-03-31T08:00:42","slug":"fiber-tip-45-pinsetit","status":"publish","type":"product","link":"https:\/\/lasher.ee\/fi\/tuote\/fiber-tip-45-pinsetit\/","title":{"rendered":"Fiber Tip pinsetit 45\u00b0"},"content":{"rendered":"","protected":false},"excerpt":{"rendered":"<p>Fiber Tip -pinsetit 45\u00b0 kulmalla sopivat klassisten ripsipidennysten tekemiseen. 45\u00b0 kulmassa oleva k\u00e4rjen ansiosta n\u00e4kyvyys ja hallinta ripsien kiinnityksen aikana ovat erinomaiset. Fiber tip -k\u00e4rki luo paremman tarttumisen, ja ripset pysyv\u00e4t pinsettien ter\u00e4v\u00e4n k\u00e4rjen v\u00e4liss\u00e4 tukevasti. Kahva ei ole liukas, joten ne ovat erinomaiset erityisesti aloittelijalle ripsiteknikolle. Pinsettien k\u00e4rjet avautuvat 5 mm ja sulkeutuvat eritt\u00e4in tarkasti keskivahvalla voimalla.<\/p>\n<p>Pinsetteihin j\u00e4\u00e4neen liiman poistamiseen k\u00e4yt\u00e4 <em><a href=\"https:\/\/lasher.ee\/fi\/tuote\/instrumenttien-puhdistusaine\/\">liimienpoistoainetta.<\/a>\u00a0<\/em><\/p>\n<p><strong>Puhdistus<\/strong><br \/>\nTurvallisin tapa desinfioida v\u00e4rj\u00e4tyt pinsetit ilman, ett\u00e4 v\u00e4ri vahingoittuu, on k\u00e4ytt\u00e4\u00e4 ultra\u00e4\u00e4nipuhfistinta ja <a href=\"https:\/\/www.cleanella.ee\/en\/product\/sekusept-active-1-5kg-disinfection-with-sporicidal-effect\/\" target=\"_blank\" rel=\"noopener\"><em>Sekusept Aktiv<\/em><\/a> -liuosta. Huuhtele pinsetit heti k\u00e4yt\u00f6n j\u00e4lkeen l\u00e4mpim\u00e4ll\u00e4 vedell\u00e4, puhdista neutraalilla pesuaineella ja huuhtele puhtaalla vedell\u00e4.\u2028V\u00e4lt\u00e4 tuotteita, jotka sis\u00e4lt\u00e4v\u00e4t klooria, jodia tai valkaisuaineita. T\u00e4yt\u00e4 ultra\u00e4\u00e4nipuhdistin Sekusept-liuoksella (k\u00e4ytt\u00f6ohjeen mukaan) niin, ett\u00e4 pinsetit peittyv\u00e4t kokonaan. Aseta pinsetit liuokseen. K\u00e4ynnist\u00e4 ultra\u00e4\u00e4nivann: Taajuus: 35\u201345 kHz. Aika: 5\u201310 minuuttia. Ultra\u00e4\u00e4nipuhdistin poistaa lian ja mikrobit my\u00f6s vaikeap\u00e4\u00e4syisist\u00e4 kohdista. Huuhtele huolellisesti puhtaalla vedell\u00e4, jotta kaikki Sekusept-j\u00e4\u00e4m\u00e4t poistuvat. Kuivaa pehme\u00e4ll\u00e4 paperi- tai kangaspyyhkeell\u00e4.\u2028Jos pinsetit ovat olleet kosketuksissa limakalvojen kanssa, ne on sterilisoitava (autoklaavi, enint\u00e4\u00e4n 100 \u00b0C).<\/p>\n<p>Lasher pinsetit eiv\u00e4t ole massatuotantoa, jokainen pinsetti on valmistettu k\u00e4sin laadukkaasta ruostumattomasta ter\u00e4ksest\u00e4.<\/p>\n<p>K\u00e4rjen pituus: 9 mm<br \/>\nPituus: 12 cm<br \/>\nPaino: 18 g<\/p>\n","protected":false},"featured_media":8665,"comment_status":"open","ping_status":"closed","template":"","meta":{"site-sidebar-layout":"default","site-content-layout":"","ast-site-content-layout":"default","site-content-style":"default","site-sidebar-style":"default","ast-global-header-display":"","ast-banner-title-visibility":"","ast-main-header-display":"","ast-hfb-above-header-display":"","ast-hfb-below-header-display":"","ast-hfb-mobile-header-display":"","site-post-title":"","ast-breadcrumbs-content":"","ast-featured-img":"","footer-sml-layout":"","ast-disable-related-posts":"","theme-transparent-header-meta":"default","adv-header-id-meta":"","stick-header-meta":"","header-above-stick-meta":"","header-main-stick-meta":"","header-below-stick-meta":"","astra-migrate-meta-layouts":"set","ast-page-background-enabled":"default","ast-page-background-meta":{"desktop":{"background-color":"var(--ast-global-color-4)","background-image":"","background-repeat":"repeat","background-position":"center center","background-size":"auto","background-attachment":"scroll","background-type":"","background-media":"","overlay-type":"","overlay-color":"","overlay-opacity":"","overlay-gradient":""},"tablet":{"background-color":"","background-image":"","background-repeat":"repeat","background-position":"center center","background-size":"auto","background-attachment":"scroll","background-type":"","background-media":"","overlay-type":"","overlay-color":"","overlay-opacity":"","overlay-gradient":""},"mobile":{"background-color":"","background-image":"","background-repeat":"repeat","background-position":"center center","background-size":"auto","background-attachment":"scroll","background-type":"","background-media":"","overlay-type":"","overlay-color":"","overlay-opacity":"","overlay-gradient":""}},"ast-content-background-meta":{"desktop":{"background-color":"var(--ast-global-color-5)","background-image":"","background-repeat":"repeat","background-position":"center center","background-size":"auto","background-attachment":"scroll","background-type":"","background-media":"","overlay-type":"","overlay-color":"","overlay-opacity":"","overlay-gradient":""},"tablet":{"background-color":"var(--ast-global-color-5)","background-image":"","background-repeat":"repeat","background-position":"center center","background-size":"auto","background-attachment":"scroll","background-type":"","background-media":"","overlay-type":"","overlay-color":"","overlay-opacity":"","overlay-gradient":""},"mobile":{"background-color":"var(--ast-global-color-5)","background-image":"","background-repeat":"repeat","background-position":"center center","background-size":"auto","background-attachment":"scroll","background-type":"","background-media":"","overlay-type":"","overlay-color":"","overlay-opacity":"","overlay-gradient":""}}},"product_brand":[],"product_cat":[80,89],"product_tag":[],"class_list":{"0":"post-2469","1":"product","2":"type-product","3":"status-publish","4":"has-post-thumbnail","6":"product_cat-pinsetit","7":"product_cat-pinsetit-fi","8":"desktop-align-left","9":"tablet-align-left","10":"mobile-align-left","12":"first","13":"instock","14":"shipping-taxable","15":"purchasable","16":"product-type-variable"},"yoast_head":"<!-- This site is optimized with the Yoast SEO plugin v27.3 - https:\/\/yoast.com\/product\/yoast-seo-wordpress\/ -->\n<title>Fiber Tip pinsetit 45\u00b0 - Lasher<\/title>\n<meta name=\"description\" content=\"Tutustu 45\u00b0 Fiber Tip -pinsetteihimme, jotka on suunniteltu tarkkaan ripsipidennysten asennukseen. Erinomainen ote ja hallinta, t\u00e4ydelliset aloittelijoille.\" \/>\n<meta name=\"robots\" content=\"index, follow, max-snippet:-1, max-image-preview:large, max-video-preview:-1\" \/>\n<link rel=\"canonical\" href=\"https:\/\/lasher.ee\/fi\/tuote\/fiber-tip-45-pinsetit\/\" \/>\n<meta property=\"og:locale\" content=\"fi_FI\" \/>\n<meta property=\"og:type\" content=\"article\" \/>\n<meta property=\"og:title\" content=\"Fiber Tip pinsetit 45\u00b0 - Lasher\" \/>\n<meta property=\"og:description\" content=\"Tutustu 45\u00b0 Fiber Tip -pinsetteihimme, jotka on suunniteltu tarkkaan ripsipidennysten asennukseen. Erinomainen ote ja hallinta, t\u00e4ydelliset aloittelijoille.\" \/>\n<meta property=\"og:url\" content=\"https:\/\/lasher.ee\/fi\/tuote\/fiber-tip-45-pinsetit\/\" \/>\n<meta property=\"og:site_name\" content=\"Lasher\" \/>\n<meta property=\"article:publisher\" content=\"https:\/\/www.facebook.com\/profile.php?id=61564523265885\" \/>\n<meta property=\"article:modified_time\" content=\"2026-03-31T08:00:42+00:00\" \/>\n<meta property=\"og:image\" content=\"https:\/\/lasher.ee\/wp-content\/uploads\/2024\/08\/IMG_0428_-1.png\" \/>\n\t<meta property=\"og:image:width\" content=\"1024\" \/>\n\t<meta property=\"og:image:height\" content=\"1024\" \/>\n\t<meta property=\"og:image:type\" content=\"image\/png\" \/>\n<meta name=\"twitter:card\" content=\"summary_large_image\" \/>\n<meta name=\"twitter:label1\" content=\"Arvioitu lukuaika\" \/>\n\t<meta name=\"twitter:data1\" content=\"1 minuutti\" \/>\n<script type=\"application\/ld+json\" class=\"yoast-schema-graph\">{\"@context\":\"https:\\\/\\\/schema.org\",\"@graph\":[{\"@type\":\"WebPage\",\"@id\":\"https:\\\/\\\/lasher.ee\\\/fi\\\/tuote\\\/fiber-tip-45-pinsetit\\\/\",\"url\":\"https:\\\/\\\/lasher.ee\\\/fi\\\/tuote\\\/fiber-tip-45-pinsetit\\\/\",\"name\":\"Fiber Tip pinsetit 45\u00b0 - Lasher\",\"isPartOf\":{\"@id\":\"https:\\\/\\\/lasher.ee\\\/fi\\\/#website\"},\"primaryImageOfPage\":{\"@id\":\"https:\\\/\\\/lasher.ee\\\/fi\\\/tuote\\\/fiber-tip-45-pinsetit\\\/#primaryimage\"},\"image\":{\"@id\":\"https:\\\/\\\/lasher.ee\\\/fi\\\/tuote\\\/fiber-tip-45-pinsetit\\\/#primaryimage\"},\"thumbnailUrl\":\"https:\\\/\\\/lasher.ee\\\/wp-content\\\/uploads\\\/2024\\\/08\\\/IMG_0428_-1.png\",\"datePublished\":\"2024-08-08T03:31:19+00:00\",\"dateModified\":\"2026-03-31T08:00:42+00:00\",\"description\":\"Tutustu 45\u00b0 Fiber Tip -pinsetteihimme, jotka on suunniteltu tarkkaan ripsipidennysten asennukseen. Erinomainen ote ja hallinta, t\u00e4ydelliset aloittelijoille.\",\"breadcrumb\":{\"@id\":\"https:\\\/\\\/lasher.ee\\\/fi\\\/tuote\\\/fiber-tip-45-pinsetit\\\/#breadcrumb\"},\"inLanguage\":\"fi\",\"potentialAction\":[{\"@type\":\"ReadAction\",\"target\":[\"https:\\\/\\\/lasher.ee\\\/fi\\\/tuote\\\/fiber-tip-45-pinsetit\\\/\"]}]},{\"@type\":\"ImageObject\",\"inLanguage\":\"fi\",\"@id\":\"https:\\\/\\\/lasher.ee\\\/fi\\\/tuote\\\/fiber-tip-45-pinsetit\\\/#primaryimage\",\"url\":\"https:\\\/\\\/lasher.ee\\\/wp-content\\\/uploads\\\/2024\\\/08\\\/IMG_0428_-1.png\",\"contentUrl\":\"https:\\\/\\\/lasher.ee\\\/wp-content\\\/uploads\\\/2024\\\/08\\\/IMG_0428_-1.png\",\"width\":1024,\"height\":1024,\"caption\":\"Fiber Tip pintsetid 45\u00b0 sobivad klassikaliste ripsmepikenduste paigaldamiseks. 45\u00b0 nurga all olev ots v\u00f5imaldab suurep\u00e4rast n\u00e4htavust ja t\u00e4pset kontrolli ripsmete kinnitamisel.\"},{\"@type\":\"BreadcrumbList\",\"@id\":\"https:\\\/\\\/lasher.ee\\\/fi\\\/tuote\\\/fiber-tip-45-pinsetit\\\/#breadcrumb\",\"itemListElement\":[{\"@type\":\"ListItem\",\"position\":1,\"name\":\"Home\",\"item\":\"https:\\\/\\\/lasher.ee\\\/fi\\\/\"},{\"@type\":\"ListItem\",\"position\":2,\"name\":\"Kaikki tuotteet\",\"item\":\"https:\\\/\\\/lasher.ee\\\/fi\\\/kaikki-tuotteet\\\/\"},{\"@type\":\"ListItem\",\"position\":3,\"name\":\"Fiber Tip pinsetit 45\u00b0\"}]},{\"@type\":\"WebSite\",\"@id\":\"https:\\\/\\\/lasher.ee\\\/fi\\\/#website\",\"url\":\"https:\\\/\\\/lasher.ee\\\/fi\\\/\",\"name\":\"Lasher\",\"description\":\"K\u00f5ik vajalikud ripsmetarvikud ripsmetehnikule \u00fchest kohast.\",\"publisher\":{\"@id\":\"https:\\\/\\\/lasher.ee\\\/fi\\\/#organization\"},\"potentialAction\":[{\"@type\":\"SearchAction\",\"target\":{\"@type\":\"EntryPoint\",\"urlTemplate\":\"https:\\\/\\\/lasher.ee\\\/fi\\\/?s={search_term_string}\"},\"query-input\":{\"@type\":\"PropertyValueSpecification\",\"valueRequired\":true,\"valueName\":\"search_term_string\"}}],\"inLanguage\":\"fi\"},{\"@type\":\"Organization\",\"@id\":\"https:\\\/\\\/lasher.ee\\\/fi\\\/#organization\",\"name\":\"Lasher\",\"url\":\"https:\\\/\\\/lasher.ee\\\/fi\\\/\",\"logo\":{\"@type\":\"ImageObject\",\"inLanguage\":\"fi\",\"@id\":\"https:\\\/\\\/lasher.ee\\\/fi\\\/#\\\/schema\\\/logo\\\/image\\\/\",\"url\":\"https:\\\/\\\/lasher.ee\\\/wp-content\\\/uploads\\\/2024\\\/09\\\/Screenshot-2024-09-03-at-11.58.17.png\",\"contentUrl\":\"https:\\\/\\\/lasher.ee\\\/wp-content\\\/uploads\\\/2024\\\/09\\\/Screenshot-2024-09-03-at-11.58.17.png\",\"width\":1678,\"height\":1670,\"caption\":\"Lasher\"},\"image\":{\"@id\":\"https:\\\/\\\/lasher.ee\\\/fi\\\/#\\\/schema\\\/logo\\\/image\\\/\"},\"sameAs\":[\"https:\\\/\\\/www.facebook.com\\\/profile.php?id=61564523265885\",\"https:\\\/\\\/www.instagram.com\\\/lasher_official\\\/\"]}]}<\/script>\n<!-- \/ Yoast SEO plugin. -->","yoast_head_json":{"title":"Fiber Tip pinsetit 45\u00b0 - Lasher","description":"Tutustu 45\u00b0 Fiber Tip -pinsetteihimme, jotka on suunniteltu tarkkaan ripsipidennysten asennukseen. Erinomainen ote ja hallinta, t\u00e4ydelliset aloittelijoille.","robots":{"index":"index","follow":"follow","max-snippet":"max-snippet:-1","max-image-preview":"max-image-preview:large","max-video-preview":"max-video-preview:-1"},"canonical":"https:\/\/lasher.ee\/fi\/tuote\/fiber-tip-45-pinsetit\/","og_locale":"fi_FI","og_type":"article","og_title":"Fiber Tip pinsetit 45\u00b0 - Lasher","og_description":"Tutustu 45\u00b0 Fiber Tip -pinsetteihimme, jotka on suunniteltu tarkkaan ripsipidennysten asennukseen. Erinomainen ote ja hallinta, t\u00e4ydelliset aloittelijoille.","og_url":"https:\/\/lasher.ee\/fi\/tuote\/fiber-tip-45-pinsetit\/","og_site_name":"Lasher","article_publisher":"https:\/\/www.facebook.com\/profile.php?id=61564523265885","article_modified_time":"2026-03-31T08:00:42+00:00","og_image":[{"width":1024,"height":1024,"url":"https:\/\/lasher.ee\/wp-content\/uploads\/2024\/08\/IMG_0428_-1.png","type":"image\/png"}],"twitter_card":"summary_large_image","twitter_misc":{"Arvioitu lukuaika":"1 minuutti"},"schema":{"@context":"https:\/\/schema.org","@graph":[{"@type":"WebPage","@id":"https:\/\/lasher.ee\/fi\/tuote\/fiber-tip-45-pinsetit\/","url":"https:\/\/lasher.ee\/fi\/tuote\/fiber-tip-45-pinsetit\/","name":"Fiber Tip pinsetit 45\u00b0 - Lasher","isPartOf":{"@id":"https:\/\/lasher.ee\/fi\/#website"},"primaryImageOfPage":{"@id":"https:\/\/lasher.ee\/fi\/tuote\/fiber-tip-45-pinsetit\/#primaryimage"},"image":{"@id":"https:\/\/lasher.ee\/fi\/tuote\/fiber-tip-45-pinsetit\/#primaryimage"},"thumbnailUrl":"https:\/\/lasher.ee\/wp-content\/uploads\/2024\/08\/IMG_0428_-1.png","datePublished":"2024-08-08T03:31:19+00:00","dateModified":"2026-03-31T08:00:42+00:00","description":"Tutustu 45\u00b0 Fiber Tip -pinsetteihimme, jotka on suunniteltu tarkkaan ripsipidennysten asennukseen. Erinomainen ote ja hallinta, t\u00e4ydelliset aloittelijoille.","breadcrumb":{"@id":"https:\/\/lasher.ee\/fi\/tuote\/fiber-tip-45-pinsetit\/#breadcrumb"},"inLanguage":"fi","potentialAction":[{"@type":"ReadAction","target":["https:\/\/lasher.ee\/fi\/tuote\/fiber-tip-45-pinsetit\/"]}]},{"@type":"ImageObject","inLanguage":"fi","@id":"https:\/\/lasher.ee\/fi\/tuote\/fiber-tip-45-pinsetit\/#primaryimage","url":"https:\/\/lasher.ee\/wp-content\/uploads\/2024\/08\/IMG_0428_-1.png","contentUrl":"https:\/\/lasher.ee\/wp-content\/uploads\/2024\/08\/IMG_0428_-1.png","width":1024,"height":1024,"caption":"Fiber Tip pintsetid 45\u00b0 sobivad klassikaliste ripsmepikenduste paigaldamiseks. 45\u00b0 nurga all olev ots v\u00f5imaldab suurep\u00e4rast n\u00e4htavust ja t\u00e4pset kontrolli ripsmete kinnitamisel."},{"@type":"BreadcrumbList","@id":"https:\/\/lasher.ee\/fi\/tuote\/fiber-tip-45-pinsetit\/#breadcrumb","itemListElement":[{"@type":"ListItem","position":1,"name":"Home","item":"https:\/\/lasher.ee\/fi\/"},{"@type":"ListItem","position":2,"name":"Kaikki tuotteet","item":"https:\/\/lasher.ee\/fi\/kaikki-tuotteet\/"},{"@type":"ListItem","position":3,"name":"Fiber Tip pinsetit 45\u00b0"}]},{"@type":"WebSite","@id":"https:\/\/lasher.ee\/fi\/#website","url":"https:\/\/lasher.ee\/fi\/","name":"Lasher","description":"K\u00f5ik vajalikud ripsmetarvikud ripsmetehnikule \u00fchest kohast.","publisher":{"@id":"https:\/\/lasher.ee\/fi\/#organization"},"potentialAction":[{"@type":"SearchAction","target":{"@type":"EntryPoint","urlTemplate":"https:\/\/lasher.ee\/fi\/?s={search_term_string}"},"query-input":{"@type":"PropertyValueSpecification","valueRequired":true,"valueName":"search_term_string"}}],"inLanguage":"fi"},{"@type":"Organization","@id":"https:\/\/lasher.ee\/fi\/#organization","name":"Lasher","url":"https:\/\/lasher.ee\/fi\/","logo":{"@type":"ImageObject","inLanguage":"fi","@id":"https:\/\/lasher.ee\/fi\/#\/schema\/logo\/image\/","url":"https:\/\/lasher.ee\/wp-content\/uploads\/2024\/09\/Screenshot-2024-09-03-at-11.58.17.png","contentUrl":"https:\/\/lasher.ee\/wp-content\/uploads\/2024\/09\/Screenshot-2024-09-03-at-11.58.17.png","width":1678,"height":1670,"caption":"Lasher"},"image":{"@id":"https:\/\/lasher.ee\/fi\/#\/schema\/logo\/image\/"},"sameAs":["https:\/\/www.facebook.com\/profile.php?id=61564523265885","https:\/\/www.instagram.com\/lasher_official\/"]}]}},"_links":{"self":[{"href":"https:\/\/lasher.ee\/fi\/wp-json\/wp\/v2\/product\/2469","targetHints":{"allow":["GET"]}}],"collection":[{"href":"https:\/\/lasher.ee\/fi\/wp-json\/wp\/v2\/product"}],"about":[{"href":"https:\/\/lasher.ee\/fi\/wp-json\/wp\/v2\/types\/product"}],"replies":[{"embeddable":true,"href":"https:\/\/lasher.ee\/fi\/wp-json\/wp\/v2\/comments?post=2469"}],"wp:featuredmedia":[{"embeddable":true,"href":"https:\/\/lasher.ee\/fi\/wp-json\/wp\/v2\/media\/8665"}],"wp:attachment":[{"href":"https:\/\/lasher.ee\/fi\/wp-json\/wp\/v2\/media?parent=2469"}],"wp:term":[{"taxonomy":"product_brand","embeddable":true,"href":"https:\/\/lasher.ee\/fi\/wp-json\/wp\/v2\/product_brand?post=2469"},{"taxonomy":"product_cat","embeddable":true,"href":"https:\/\/lasher.ee\/fi\/wp-json\/wp\/v2\/product_cat?post=2469"},{"taxonomy":"product_tag","embeddable":true,"href":"https:\/\/lasher.ee\/fi\/wp-json\/wp\/v2\/product_tag?post=2469"}],"curies":[{"name":"wp","href":"https:\/\/api.w.org\/{rel}","templated":true}]}}