{"id":2485,"date":"2024-08-06T19:32:56","date_gmt":"2024-08-06T16:32:56","guid":{"rendered":"https:\/\/lasher.ee\/harjan-puhdistusaine-30ml\/"},"modified":"2026-04-14T10:19:07","modified_gmt":"2026-04-14T07:19:07","slug":"pinsettien-puhdistusaine-15ml","status":"publish","type":"product","link":"https:\/\/lasher.ee\/fi\/tuote\/pinsettien-puhdistusaine-15ml\/","title":{"rendered":"Pinsettien puhdistusaine 15ml"},"content":{"rendered":"<p>Pinsettien puhdistusaine 15ml.<\/p>\n","protected":false},"excerpt":{"rendered":"<p>Pinsettien puhdistusaine auttaa poistamaan pinsetteihin ker\u00e4\u00e4ntyneet liimaj\u00e4\u00e4m\u00e4t vahingoittamatta pinsettej\u00e4.<br \/>\nHUOM! Puhdistusaine ei ole desinfiointiaine.<\/p>\n<p><strong>K\u00e4ytt\u00f6<\/strong><br \/>\nUpota pinsettien k\u00e4rki puhdistusaineeseen. K\u00e4yt\u00e4 puhdistamiseen nesteess\u00e4 olevaa sient\u00e4, purista sit\u00e4 varovasti pinsettien v\u00e4liin, kunnes liima liukenee. Poista pinsetit puhdistusaineesta, huuhtele vedell\u00e4 ja pyyhi liima pois paperilla. V\u00e4lt\u00e4 pinsettien v\u00e4rillisen osan joutumista puhdistusaineeseen. K\u00e4yt\u00f6n j\u00e4lkeen sulje purkin kansi tiiviisti est\u00e4\u00e4ksesi nesteen haihtumisen. S\u00e4ilyt\u00e4 viile\u00e4ss\u00e4 ja kuivassa.<\/p>\n<p><strong>Koostumus<\/strong><br \/>\nAcetone, Butyl Acetate, Aqua, Pigment<\/p>\n","protected":false},"featured_media":9718,"comment_status":"open","ping_status":"closed","template":"","meta":{"site-sidebar-layout":"default","site-content-layout":"","ast-site-content-layout":"default","site-content-style":"default","site-sidebar-style":"default","ast-global-header-display":"","ast-banner-title-visibility":"","ast-main-header-display":"","ast-hfb-above-header-display":"","ast-hfb-below-header-display":"","ast-hfb-mobile-header-display":"","site-post-title":"","ast-breadcrumbs-content":"","ast-featured-img":"","footer-sml-layout":"","ast-disable-related-posts":"","theme-transparent-header-meta":"default","adv-header-id-meta":"","stick-header-meta":"","header-above-stick-meta":"","header-main-stick-meta":"","header-below-stick-meta":"","astra-migrate-meta-layouts":"set","ast-page-background-enabled":"default","ast-page-background-meta":{"desktop":{"background-color":"var(--ast-global-color-4)","background-image":"","background-repeat":"repeat","background-position":"center center","background-size":"auto","background-attachment":"scroll","background-type":"","background-media":"","overlay-type":"","overlay-color":"","overlay-opacity":"","overlay-gradient":""},"tablet":{"background-color":"","background-image":"","background-repeat":"repeat","background-position":"center center","background-size":"auto","background-attachment":"scroll","background-type":"","background-media":"","overlay-type":"","overlay-color":"","overlay-opacity":"","overlay-gradient":""},"mobile":{"background-color":"","background-image":"","background-repeat":"repeat","background-position":"center center","background-size":"auto","background-attachment":"scroll","background-type":"","background-media":"","overlay-type":"","overlay-color":"","overlay-opacity":"","overlay-gradient":""}},"ast-content-background-meta":{"desktop":{"background-color":"var(--ast-global-color-5)","background-image":"","background-repeat":"repeat","background-position":"center center","background-size":"auto","background-attachment":"scroll","background-type":"","background-media":"","overlay-type":"","overlay-color":"","overlay-opacity":"","overlay-gradient":""},"tablet":{"background-color":"var(--ast-global-color-5)","background-image":"","background-repeat":"repeat","background-position":"center center","background-size":"auto","background-attachment":"scroll","background-type":"","background-media":"","overlay-type":"","overlay-color":"","overlay-opacity":"","overlay-gradient":""},"mobile":{"background-color":"var(--ast-global-color-5)","background-image":"","background-repeat":"repeat","background-position":"center center","background-size":"auto","background-attachment":"scroll","background-type":"","background-media":"","overlay-type":"","overlay-color":"","overlay-opacity":"","overlay-gradient":""}}},"product_brand":[],"product_cat":[80],"product_tag":[],"class_list":{"0":"post-2485","1":"product","2":"type-product","3":"status-publish","4":"has-post-thumbnail","6":"product_cat-pinsetit","7":"desktop-align-left","8":"tablet-align-left","9":"mobile-align-left","11":"first","12":"instock","13":"shipping-taxable","14":"purchasable","15":"product-type-simple"},"yoast_head":"<!-- This site is optimized with the Yoast SEO plugin v27.4 - https:\/\/yoast.com\/product\/yoast-seo-wordpress\/ -->\n<title>Pinsettien puhdistusaine 15ml - Lasher<\/title>\n<meta name=\"description\" content=\"Pinsettien puhdistusaine 15ml poistaa tehokkaasti liimaj\u00e4\u00e4m\u00e4t ja pit\u00e4\u00e4 ripsipinsetit huippukunnossa ilman ty\u00f6kaluja vahingoittamatta.\" \/>\n<meta name=\"robots\" content=\"index, follow, max-snippet:-1, max-image-preview:large, max-video-preview:-1\" \/>\n<link rel=\"canonical\" href=\"https:\/\/lasher.ee\/fi\/tuote\/pinsettien-puhdistusaine-15ml\/\" \/>\n<meta property=\"og:locale\" content=\"fi_FI\" \/>\n<meta property=\"og:type\" content=\"article\" \/>\n<meta property=\"og:title\" content=\"Pinsettien puhdistusaine 15ml - Lasher\" \/>\n<meta property=\"og:description\" content=\"Pinsettien puhdistusaine 15ml poistaa tehokkaasti liimaj\u00e4\u00e4m\u00e4t ja pit\u00e4\u00e4 ripsipinsetit huippukunnossa ilman ty\u00f6kaluja vahingoittamatta.\" \/>\n<meta property=\"og:url\" content=\"https:\/\/lasher.ee\/fi\/tuote\/pinsettien-puhdistusaine-15ml\/\" \/>\n<meta property=\"og:site_name\" content=\"Lasher\" \/>\n<meta property=\"article:publisher\" content=\"https:\/\/www.facebook.com\/profile.php?id=61564523265885\" \/>\n<meta property=\"article:modified_time\" content=\"2026-04-14T07:19:07+00:00\" \/>\n<meta property=\"og:image\" content=\"https:\/\/lasher.ee\/wp-content\/uploads\/2024\/08\/IMG_5995-copy.jpeg\" \/>\n\t<meta property=\"og:image:width\" content=\"1025\" \/>\n\t<meta property=\"og:image:height\" content=\"1025\" \/>\n\t<meta property=\"og:image:type\" content=\"image\/jpeg\" \/>\n<meta name=\"twitter:card\" content=\"summary_large_image\" \/>\n<meta name=\"twitter:label1\" content=\"Arvioitu lukuaika\" \/>\n\t<meta name=\"twitter:data1\" content=\"1 minuutti\" \/>\n<script type=\"application\/ld+json\" class=\"yoast-schema-graph\">{\"@context\":\"https:\\\/\\\/schema.org\",\"@graph\":[{\"@type\":\"WebPage\",\"@id\":\"https:\\\/\\\/lasher.ee\\\/fi\\\/tuote\\\/pinsettien-puhdistusaine-15ml\\\/\",\"url\":\"https:\\\/\\\/lasher.ee\\\/fi\\\/tuote\\\/pinsettien-puhdistusaine-15ml\\\/\",\"name\":\"Pinsettien puhdistusaine 15ml - Lasher\",\"isPartOf\":{\"@id\":\"https:\\\/\\\/lasher.ee\\\/fi\\\/#website\"},\"primaryImageOfPage\":{\"@id\":\"https:\\\/\\\/lasher.ee\\\/fi\\\/tuote\\\/pinsettien-puhdistusaine-15ml\\\/#primaryimage\"},\"image\":{\"@id\":\"https:\\\/\\\/lasher.ee\\\/fi\\\/tuote\\\/pinsettien-puhdistusaine-15ml\\\/#primaryimage\"},\"thumbnailUrl\":\"https:\\\/\\\/lasher.ee\\\/wp-content\\\/uploads\\\/2024\\\/08\\\/IMG_5995-copy.jpeg\",\"datePublished\":\"2024-08-06T16:32:56+00:00\",\"dateModified\":\"2026-04-14T07:19:07+00:00\",\"description\":\"Pinsettien puhdistusaine 15ml poistaa tehokkaasti liimaj\u00e4\u00e4m\u00e4t ja pit\u00e4\u00e4 ripsipinsetit huippukunnossa ilman ty\u00f6kaluja vahingoittamatta.\",\"breadcrumb\":{\"@id\":\"https:\\\/\\\/lasher.ee\\\/fi\\\/tuote\\\/pinsettien-puhdistusaine-15ml\\\/#breadcrumb\"},\"inLanguage\":\"fi\",\"potentialAction\":[{\"@type\":\"ReadAction\",\"target\":[\"https:\\\/\\\/lasher.ee\\\/fi\\\/tuote\\\/pinsettien-puhdistusaine-15ml\\\/\"]}]},{\"@type\":\"ImageObject\",\"inLanguage\":\"fi\",\"@id\":\"https:\\\/\\\/lasher.ee\\\/fi\\\/tuote\\\/pinsettien-puhdistusaine-15ml\\\/#primaryimage\",\"url\":\"https:\\\/\\\/lasher.ee\\\/wp-content\\\/uploads\\\/2024\\\/08\\\/IMG_5995-copy.jpeg\",\"contentUrl\":\"https:\\\/\\\/lasher.ee\\\/wp-content\\\/uploads\\\/2024\\\/08\\\/IMG_5995-copy.jpeg\",\"width\":1025,\"height\":1025,\"caption\":\"Pinsettien puhdistusaine auttaa poistamaan pinsetteihin ker\u00e4\u00e4ntyneet liimaj\u00e4\u00e4m\u00e4t vahingoittamatta pinsettej\u00e4.\"},{\"@type\":\"BreadcrumbList\",\"@id\":\"https:\\\/\\\/lasher.ee\\\/fi\\\/tuote\\\/pinsettien-puhdistusaine-15ml\\\/#breadcrumb\",\"itemListElement\":[{\"@type\":\"ListItem\",\"position\":1,\"name\":\"Home\",\"item\":\"https:\\\/\\\/lasher.ee\\\/fi\\\/\"},{\"@type\":\"ListItem\",\"position\":2,\"name\":\"Kaikki tuotteet\",\"item\":\"https:\\\/\\\/lasher.ee\\\/fi\\\/kaikki-tuotteet\\\/\"},{\"@type\":\"ListItem\",\"position\":3,\"name\":\"Pinsettien puhdistusaine 15ml\"}]},{\"@type\":\"WebSite\",\"@id\":\"https:\\\/\\\/lasher.ee\\\/fi\\\/#website\",\"url\":\"https:\\\/\\\/lasher.ee\\\/fi\\\/\",\"name\":\"Lasher\",\"description\":\"K\u00f5ik vajalikud ripsmetarvikud ripsmetehnikule \u00fchest kohast.\",\"publisher\":{\"@id\":\"https:\\\/\\\/lasher.ee\\\/fi\\\/#organization\"},\"potentialAction\":[{\"@type\":\"SearchAction\",\"target\":{\"@type\":\"EntryPoint\",\"urlTemplate\":\"https:\\\/\\\/lasher.ee\\\/fi\\\/?s={search_term_string}\"},\"query-input\":{\"@type\":\"PropertyValueSpecification\",\"valueRequired\":true,\"valueName\":\"search_term_string\"}}],\"inLanguage\":\"fi\"},{\"@type\":\"Organization\",\"@id\":\"https:\\\/\\\/lasher.ee\\\/fi\\\/#organization\",\"name\":\"Lasher\",\"url\":\"https:\\\/\\\/lasher.ee\\\/fi\\\/\",\"logo\":{\"@type\":\"ImageObject\",\"inLanguage\":\"fi\",\"@id\":\"https:\\\/\\\/lasher.ee\\\/fi\\\/#\\\/schema\\\/logo\\\/image\\\/\",\"url\":\"https:\\\/\\\/lasher.ee\\\/wp-content\\\/uploads\\\/2024\\\/09\\\/Screenshot-2024-09-03-at-11.58.17.png\",\"contentUrl\":\"https:\\\/\\\/lasher.ee\\\/wp-content\\\/uploads\\\/2024\\\/09\\\/Screenshot-2024-09-03-at-11.58.17.png\",\"width\":1678,\"height\":1670,\"caption\":\"Lasher\"},\"image\":{\"@id\":\"https:\\\/\\\/lasher.ee\\\/fi\\\/#\\\/schema\\\/logo\\\/image\\\/\"},\"sameAs\":[\"https:\\\/\\\/www.facebook.com\\\/profile.php?id=61564523265885\",\"https:\\\/\\\/www.instagram.com\\\/lasher_official\\\/\"]}]}<\/script>\n<!-- \/ Yoast SEO plugin. -->","yoast_head_json":{"title":"Pinsettien puhdistusaine 15ml - Lasher","description":"Pinsettien puhdistusaine 15ml poistaa tehokkaasti liimaj\u00e4\u00e4m\u00e4t ja pit\u00e4\u00e4 ripsipinsetit huippukunnossa ilman ty\u00f6kaluja vahingoittamatta.","robots":{"index":"index","follow":"follow","max-snippet":"max-snippet:-1","max-image-preview":"max-image-preview:large","max-video-preview":"max-video-preview:-1"},"canonical":"https:\/\/lasher.ee\/fi\/tuote\/pinsettien-puhdistusaine-15ml\/","og_locale":"fi_FI","og_type":"article","og_title":"Pinsettien puhdistusaine 15ml - Lasher","og_description":"Pinsettien puhdistusaine 15ml poistaa tehokkaasti liimaj\u00e4\u00e4m\u00e4t ja pit\u00e4\u00e4 ripsipinsetit huippukunnossa ilman ty\u00f6kaluja vahingoittamatta.","og_url":"https:\/\/lasher.ee\/fi\/tuote\/pinsettien-puhdistusaine-15ml\/","og_site_name":"Lasher","article_publisher":"https:\/\/www.facebook.com\/profile.php?id=61564523265885","article_modified_time":"2026-04-14T07:19:07+00:00","og_image":[{"width":1025,"height":1025,"url":"https:\/\/lasher.ee\/wp-content\/uploads\/2024\/08\/IMG_5995-copy.jpeg","type":"image\/jpeg"}],"twitter_card":"summary_large_image","twitter_misc":{"Arvioitu lukuaika":"1 minuutti"},"schema":{"@context":"https:\/\/schema.org","@graph":[{"@type":"WebPage","@id":"https:\/\/lasher.ee\/fi\/tuote\/pinsettien-puhdistusaine-15ml\/","url":"https:\/\/lasher.ee\/fi\/tuote\/pinsettien-puhdistusaine-15ml\/","name":"Pinsettien puhdistusaine 15ml - Lasher","isPartOf":{"@id":"https:\/\/lasher.ee\/fi\/#website"},"primaryImageOfPage":{"@id":"https:\/\/lasher.ee\/fi\/tuote\/pinsettien-puhdistusaine-15ml\/#primaryimage"},"image":{"@id":"https:\/\/lasher.ee\/fi\/tuote\/pinsettien-puhdistusaine-15ml\/#primaryimage"},"thumbnailUrl":"https:\/\/lasher.ee\/wp-content\/uploads\/2024\/08\/IMG_5995-copy.jpeg","datePublished":"2024-08-06T16:32:56+00:00","dateModified":"2026-04-14T07:19:07+00:00","description":"Pinsettien puhdistusaine 15ml poistaa tehokkaasti liimaj\u00e4\u00e4m\u00e4t ja pit\u00e4\u00e4 ripsipinsetit huippukunnossa ilman ty\u00f6kaluja vahingoittamatta.","breadcrumb":{"@id":"https:\/\/lasher.ee\/fi\/tuote\/pinsettien-puhdistusaine-15ml\/#breadcrumb"},"inLanguage":"fi","potentialAction":[{"@type":"ReadAction","target":["https:\/\/lasher.ee\/fi\/tuote\/pinsettien-puhdistusaine-15ml\/"]}]},{"@type":"ImageObject","inLanguage":"fi","@id":"https:\/\/lasher.ee\/fi\/tuote\/pinsettien-puhdistusaine-15ml\/#primaryimage","url":"https:\/\/lasher.ee\/wp-content\/uploads\/2024\/08\/IMG_5995-copy.jpeg","contentUrl":"https:\/\/lasher.ee\/wp-content\/uploads\/2024\/08\/IMG_5995-copy.jpeg","width":1025,"height":1025,"caption":"Pinsettien puhdistusaine auttaa poistamaan pinsetteihin ker\u00e4\u00e4ntyneet liimaj\u00e4\u00e4m\u00e4t vahingoittamatta pinsettej\u00e4."},{"@type":"BreadcrumbList","@id":"https:\/\/lasher.ee\/fi\/tuote\/pinsettien-puhdistusaine-15ml\/#breadcrumb","itemListElement":[{"@type":"ListItem","position":1,"name":"Home","item":"https:\/\/lasher.ee\/fi\/"},{"@type":"ListItem","position":2,"name":"Kaikki tuotteet","item":"https:\/\/lasher.ee\/fi\/kaikki-tuotteet\/"},{"@type":"ListItem","position":3,"name":"Pinsettien puhdistusaine 15ml"}]},{"@type":"WebSite","@id":"https:\/\/lasher.ee\/fi\/#website","url":"https:\/\/lasher.ee\/fi\/","name":"Lasher","description":"K\u00f5ik vajalikud ripsmetarvikud ripsmetehnikule \u00fchest kohast.","publisher":{"@id":"https:\/\/lasher.ee\/fi\/#organization"},"potentialAction":[{"@type":"SearchAction","target":{"@type":"EntryPoint","urlTemplate":"https:\/\/lasher.ee\/fi\/?s={search_term_string}"},"query-input":{"@type":"PropertyValueSpecification","valueRequired":true,"valueName":"search_term_string"}}],"inLanguage":"fi"},{"@type":"Organization","@id":"https:\/\/lasher.ee\/fi\/#organization","name":"Lasher","url":"https:\/\/lasher.ee\/fi\/","logo":{"@type":"ImageObject","inLanguage":"fi","@id":"https:\/\/lasher.ee\/fi\/#\/schema\/logo\/image\/","url":"https:\/\/lasher.ee\/wp-content\/uploads\/2024\/09\/Screenshot-2024-09-03-at-11.58.17.png","contentUrl":"https:\/\/lasher.ee\/wp-content\/uploads\/2024\/09\/Screenshot-2024-09-03-at-11.58.17.png","width":1678,"height":1670,"caption":"Lasher"},"image":{"@id":"https:\/\/lasher.ee\/fi\/#\/schema\/logo\/image\/"},"sameAs":["https:\/\/www.facebook.com\/profile.php?id=61564523265885","https:\/\/www.instagram.com\/lasher_official\/"]}]}},"_links":{"self":[{"href":"https:\/\/lasher.ee\/fi\/wp-json\/wp\/v2\/product\/2485","targetHints":{"allow":["GET"]}}],"collection":[{"href":"https:\/\/lasher.ee\/fi\/wp-json\/wp\/v2\/product"}],"about":[{"href":"https:\/\/lasher.ee\/fi\/wp-json\/wp\/v2\/types\/product"}],"replies":[{"embeddable":true,"href":"https:\/\/lasher.ee\/fi\/wp-json\/wp\/v2\/comments?post=2485"}],"wp:featuredmedia":[{"embeddable":true,"href":"https:\/\/lasher.ee\/fi\/wp-json\/wp\/v2\/media\/9718"}],"wp:attachment":[{"href":"https:\/\/lasher.ee\/fi\/wp-json\/wp\/v2\/media?parent=2485"}],"wp:term":[{"taxonomy":"product_brand","embeddable":true,"href":"https:\/\/lasher.ee\/fi\/wp-json\/wp\/v2\/product_brand?post=2485"},{"taxonomy":"product_cat","embeddable":true,"href":"https:\/\/lasher.ee\/fi\/wp-json\/wp\/v2\/product_cat?post=2485"},{"taxonomy":"product_tag","embeddable":true,"href":"https:\/\/lasher.ee\/fi\/wp-json\/wp\/v2\/product_tag?post=2485"}],"curies":[{"name":"wp","href":"https:\/\/api.w.org\/{rel}","templated":true}]}}