{"id":2505,"date":"2024-08-06T01:09:55","date_gmt":"2024-08-05T22:09:55","guid":{"rendered":"https:\/\/lasher.ee\/s-muotoiset-pinsetit\/"},"modified":"2026-03-14T05:21:54","modified_gmt":"2026-03-14T03:21:54","slug":"s-shape-ripsipinsetit","status":"publish","type":"product","link":"https:\/\/lasher.ee\/fi\/tuote\/s-shape-ripsipinsetit\/","title":{"rendered":"S Shape ripsipinsetit"},"content":{"rendered":"<p>S Shape ripsipinsetit sopivat luonnollisten ripsien erottamiseen, ja niill\u00e4 voi my\u00f6s tehd\u00e4 viuhkoja..<\/p>\n","protected":false},"excerpt":{"rendered":"<p>S shape ripsipinsetit sopivat luonnollisten ripsien erottamiseen, ja niill\u00e4 voi my\u00f6s tehd\u00e4 viuhkoja. Kaikki pinsetit on valmistettu k\u00e4sity\u00f6n\u00e4 korkealaatuisesta japanilaisesta ruostumattomasta ter\u00e4ksest\u00e4 ja ovat eritt\u00e4in kevyet. Kevyt rakenne ja ergonominen kahva auttavat est\u00e4m\u00e4\u00e4n k\u00e4sien v\u00e4symist\u00e4 ja lihaskireyksien aiheutumista. Pinsetin k\u00e4rjess\u00e4 on viivoitin, jonka avulla voi mitata luonnollisten ripsien pituuden.<\/p>\n<p>Pinsettien k\u00e4rjet avautuvat 5 mm ja sulkeutuvat eritt\u00e4in tarkasti keskivahvalla voimalla.<\/p>\n<p>Pinsetteihin j\u00e4\u00e4neen liiman poistamiseen k\u00e4yt\u00e4 <a href=\"https:\/\/lasher.ee\/fi\/tuote\/instrumenttien-puhdistusaine\/\"><em>puhdistusainetta.<\/em><\/a><\/p>\n<p>Lasher pinsetit eiv\u00e4t ole massatuotantoa, jokainen pinsetti on valmistettu k\u00e4sin laadukkaasta ruostumattomasta ter\u00e4ksest\u00e4.<\/p>\n<p>V\u00e4ri: pronssi<br \/>\nPaino: 14 g<br \/>\nPituus: 14 cm<\/p>\n","protected":false},"featured_media":4685,"comment_status":"open","ping_status":"closed","template":"","meta":{"site-sidebar-layout":"default","site-content-layout":"","ast-site-content-layout":"default","site-content-style":"default","site-sidebar-style":"default","ast-global-header-display":"","ast-banner-title-visibility":"","ast-main-header-display":"","ast-hfb-above-header-display":"","ast-hfb-below-header-display":"","ast-hfb-mobile-header-display":"","site-post-title":"","ast-breadcrumbs-content":"","ast-featured-img":"","footer-sml-layout":"","ast-disable-related-posts":"","theme-transparent-header-meta":"default","adv-header-id-meta":"","stick-header-meta":"","header-above-stick-meta":"","header-main-stick-meta":"","header-below-stick-meta":"","astra-migrate-meta-layouts":"set","ast-page-background-enabled":"default","ast-page-background-meta":{"desktop":{"background-color":"var(--ast-global-color-4)","background-image":"","background-repeat":"repeat","background-position":"center center","background-size":"auto","background-attachment":"scroll","background-type":"","background-media":"","overlay-type":"","overlay-color":"","overlay-opacity":"","overlay-gradient":""},"tablet":{"background-color":"","background-image":"","background-repeat":"repeat","background-position":"center center","background-size":"auto","background-attachment":"scroll","background-type":"","background-media":"","overlay-type":"","overlay-color":"","overlay-opacity":"","overlay-gradient":""},"mobile":{"background-color":"","background-image":"","background-repeat":"repeat","background-position":"center center","background-size":"auto","background-attachment":"scroll","background-type":"","background-media":"","overlay-type":"","overlay-color":"","overlay-opacity":"","overlay-gradient":""}},"ast-content-background-meta":{"desktop":{"background-color":"var(--ast-global-color-5)","background-image":"","background-repeat":"repeat","background-position":"center center","background-size":"auto","background-attachment":"scroll","background-type":"","background-media":"","overlay-type":"","overlay-color":"","overlay-opacity":"","overlay-gradient":""},"tablet":{"background-color":"var(--ast-global-color-5)","background-image":"","background-repeat":"repeat","background-position":"center center","background-size":"auto","background-attachment":"scroll","background-type":"","background-media":"","overlay-type":"","overlay-color":"","overlay-opacity":"","overlay-gradient":""},"mobile":{"background-color":"var(--ast-global-color-5)","background-image":"","background-repeat":"repeat","background-position":"center center","background-size":"auto","background-attachment":"scroll","background-type":"","background-media":"","overlay-type":"","overlay-color":"","overlay-opacity":"","overlay-gradient":""}}},"product_brand":[],"product_cat":[80],"product_tag":[],"class_list":{"0":"post-2505","1":"product","2":"type-product","3":"status-publish","4":"has-post-thumbnail","6":"product_cat-pinsetit","7":"desktop-align-left","8":"tablet-align-left","9":"mobile-align-left","11":"first","12":"instock","13":"shipping-taxable","14":"purchasable","15":"product-type-simple"},"yoast_head":"<!-- This site is optimized with the Yoast SEO plugin v27.3 - https:\/\/yoast.com\/product\/yoast-seo-wordpress\/ -->\n<title>S Shape ripsipinsetit - Lasher<\/title>\n<meta name=\"description\" content=\"S shape ripsipinsetit sopivat ripsien erottamiseen ja niill\u00e4 voi my\u00f6s tehd\u00e4 viuhkoja. K\u00e4rjess\u00e4 on viivoitin, jonka avulla voi mitata ripsien pituuden.\" \/>\n<meta name=\"robots\" content=\"index, follow, max-snippet:-1, max-image-preview:large, max-video-preview:-1\" \/>\n<link rel=\"canonical\" href=\"https:\/\/lasher.ee\/fi\/tuote\/s-shape-ripsipinsetit\/\" \/>\n<meta property=\"og:locale\" content=\"fi_FI\" \/>\n<meta property=\"og:type\" content=\"article\" \/>\n<meta property=\"og:title\" content=\"S Shape ripsipinsetit - Lasher\" \/>\n<meta property=\"og:description\" content=\"S shape ripsipinsetit sopivat ripsien erottamiseen ja niill\u00e4 voi my\u00f6s tehd\u00e4 viuhkoja. K\u00e4rjess\u00e4 on viivoitin, jonka avulla voi mitata ripsien pituuden.\" \/>\n<meta property=\"og:url\" content=\"https:\/\/lasher.ee\/fi\/tuote\/s-shape-ripsipinsetit\/\" \/>\n<meta property=\"og:site_name\" content=\"Lasher\" \/>\n<meta property=\"article:publisher\" content=\"https:\/\/www.facebook.com\/profile.php?id=61564523265885\" \/>\n<meta property=\"article:modified_time\" content=\"2026-03-14T03:21:54+00:00\" \/>\n<meta property=\"og:image\" content=\"https:\/\/lasher.ee\/wp-content\/uploads\/2024\/08\/Pintsetid.jpg\" \/>\n\t<meta property=\"og:image:width\" content=\"1025\" \/>\n\t<meta property=\"og:image:height\" content=\"1025\" \/>\n\t<meta property=\"og:image:type\" content=\"image\/jpeg\" \/>\n<meta name=\"twitter:card\" content=\"summary_large_image\" \/>\n<meta name=\"twitter:label1\" content=\"Arvioitu lukuaika\" \/>\n\t<meta name=\"twitter:data1\" content=\"1 minuutti\" \/>\n<script type=\"application\/ld+json\" class=\"yoast-schema-graph\">{\"@context\":\"https:\\\/\\\/schema.org\",\"@graph\":[{\"@type\":\"WebPage\",\"@id\":\"https:\\\/\\\/lasher.ee\\\/fi\\\/tuote\\\/s-shape-ripsipinsetit\\\/\",\"url\":\"https:\\\/\\\/lasher.ee\\\/fi\\\/tuote\\\/s-shape-ripsipinsetit\\\/\",\"name\":\"S Shape ripsipinsetit - Lasher\",\"isPartOf\":{\"@id\":\"https:\\\/\\\/lasher.ee\\\/fi\\\/#website\"},\"primaryImageOfPage\":{\"@id\":\"https:\\\/\\\/lasher.ee\\\/fi\\\/tuote\\\/s-shape-ripsipinsetit\\\/#primaryimage\"},\"image\":{\"@id\":\"https:\\\/\\\/lasher.ee\\\/fi\\\/tuote\\\/s-shape-ripsipinsetit\\\/#primaryimage\"},\"thumbnailUrl\":\"https:\\\/\\\/lasher.ee\\\/wp-content\\\/uploads\\\/2024\\\/08\\\/Pintsetid.jpg\",\"datePublished\":\"2024-08-05T22:09:55+00:00\",\"dateModified\":\"2026-03-14T03:21:54+00:00\",\"description\":\"S shape ripsipinsetit sopivat ripsien erottamiseen ja niill\u00e4 voi my\u00f6s tehd\u00e4 viuhkoja. K\u00e4rjess\u00e4 on viivoitin, jonka avulla voi mitata ripsien pituuden.\",\"breadcrumb\":{\"@id\":\"https:\\\/\\\/lasher.ee\\\/fi\\\/tuote\\\/s-shape-ripsipinsetit\\\/#breadcrumb\"},\"inLanguage\":\"fi\",\"potentialAction\":[{\"@type\":\"ReadAction\",\"target\":[\"https:\\\/\\\/lasher.ee\\\/fi\\\/tuote\\\/s-shape-ripsipinsetit\\\/\"]}]},{\"@type\":\"ImageObject\",\"inLanguage\":\"fi\",\"@id\":\"https:\\\/\\\/lasher.ee\\\/fi\\\/tuote\\\/s-shape-ripsipinsetit\\\/#primaryimage\",\"url\":\"https:\\\/\\\/lasher.ee\\\/wp-content\\\/uploads\\\/2024\\\/08\\\/Pintsetid.jpg\",\"contentUrl\":\"https:\\\/\\\/lasher.ee\\\/wp-content\\\/uploads\\\/2024\\\/08\\\/Pintsetid.jpg\",\"width\":1025,\"height\":1025,\"caption\":\"S shape pinsetit \u2013 tarkat ripsien erottamista ja viuhkojen luomista varten.\"},{\"@type\":\"BreadcrumbList\",\"@id\":\"https:\\\/\\\/lasher.ee\\\/fi\\\/tuote\\\/s-shape-ripsipinsetit\\\/#breadcrumb\",\"itemListElement\":[{\"@type\":\"ListItem\",\"position\":1,\"name\":\"Home\",\"item\":\"https:\\\/\\\/lasher.ee\\\/fi\\\/\"},{\"@type\":\"ListItem\",\"position\":2,\"name\":\"Kaikki tuotteet\",\"item\":\"https:\\\/\\\/lasher.ee\\\/fi\\\/kaikki-tuotteet\\\/\"},{\"@type\":\"ListItem\",\"position\":3,\"name\":\"S Shape ripsipinsetit\"}]},{\"@type\":\"WebSite\",\"@id\":\"https:\\\/\\\/lasher.ee\\\/fi\\\/#website\",\"url\":\"https:\\\/\\\/lasher.ee\\\/fi\\\/\",\"name\":\"Lasher\",\"description\":\"K\u00f5ik vajalikud ripsmetarvikud ripsmetehnikule \u00fchest kohast.\",\"publisher\":{\"@id\":\"https:\\\/\\\/lasher.ee\\\/fi\\\/#organization\"},\"potentialAction\":[{\"@type\":\"SearchAction\",\"target\":{\"@type\":\"EntryPoint\",\"urlTemplate\":\"https:\\\/\\\/lasher.ee\\\/fi\\\/?s={search_term_string}\"},\"query-input\":{\"@type\":\"PropertyValueSpecification\",\"valueRequired\":true,\"valueName\":\"search_term_string\"}}],\"inLanguage\":\"fi\"},{\"@type\":\"Organization\",\"@id\":\"https:\\\/\\\/lasher.ee\\\/fi\\\/#organization\",\"name\":\"Lasher\",\"url\":\"https:\\\/\\\/lasher.ee\\\/fi\\\/\",\"logo\":{\"@type\":\"ImageObject\",\"inLanguage\":\"fi\",\"@id\":\"https:\\\/\\\/lasher.ee\\\/fi\\\/#\\\/schema\\\/logo\\\/image\\\/\",\"url\":\"https:\\\/\\\/lasher.ee\\\/wp-content\\\/uploads\\\/2024\\\/09\\\/Screenshot-2024-09-03-at-11.58.17.png\",\"contentUrl\":\"https:\\\/\\\/lasher.ee\\\/wp-content\\\/uploads\\\/2024\\\/09\\\/Screenshot-2024-09-03-at-11.58.17.png\",\"width\":1678,\"height\":1670,\"caption\":\"Lasher\"},\"image\":{\"@id\":\"https:\\\/\\\/lasher.ee\\\/fi\\\/#\\\/schema\\\/logo\\\/image\\\/\"},\"sameAs\":[\"https:\\\/\\\/www.facebook.com\\\/profile.php?id=61564523265885\",\"https:\\\/\\\/www.instagram.com\\\/lasher_official\\\/\"]}]}<\/script>\n<!-- \/ Yoast SEO plugin. -->","yoast_head_json":{"title":"S Shape ripsipinsetit - Lasher","description":"S shape ripsipinsetit sopivat ripsien erottamiseen ja niill\u00e4 voi my\u00f6s tehd\u00e4 viuhkoja. K\u00e4rjess\u00e4 on viivoitin, jonka avulla voi mitata ripsien pituuden.","robots":{"index":"index","follow":"follow","max-snippet":"max-snippet:-1","max-image-preview":"max-image-preview:large","max-video-preview":"max-video-preview:-1"},"canonical":"https:\/\/lasher.ee\/fi\/tuote\/s-shape-ripsipinsetit\/","og_locale":"fi_FI","og_type":"article","og_title":"S Shape ripsipinsetit - Lasher","og_description":"S shape ripsipinsetit sopivat ripsien erottamiseen ja niill\u00e4 voi my\u00f6s tehd\u00e4 viuhkoja. K\u00e4rjess\u00e4 on viivoitin, jonka avulla voi mitata ripsien pituuden.","og_url":"https:\/\/lasher.ee\/fi\/tuote\/s-shape-ripsipinsetit\/","og_site_name":"Lasher","article_publisher":"https:\/\/www.facebook.com\/profile.php?id=61564523265885","article_modified_time":"2026-03-14T03:21:54+00:00","og_image":[{"width":1025,"height":1025,"url":"https:\/\/lasher.ee\/wp-content\/uploads\/2024\/08\/Pintsetid.jpg","type":"image\/jpeg"}],"twitter_card":"summary_large_image","twitter_misc":{"Arvioitu lukuaika":"1 minuutti"},"schema":{"@context":"https:\/\/schema.org","@graph":[{"@type":"WebPage","@id":"https:\/\/lasher.ee\/fi\/tuote\/s-shape-ripsipinsetit\/","url":"https:\/\/lasher.ee\/fi\/tuote\/s-shape-ripsipinsetit\/","name":"S Shape ripsipinsetit - Lasher","isPartOf":{"@id":"https:\/\/lasher.ee\/fi\/#website"},"primaryImageOfPage":{"@id":"https:\/\/lasher.ee\/fi\/tuote\/s-shape-ripsipinsetit\/#primaryimage"},"image":{"@id":"https:\/\/lasher.ee\/fi\/tuote\/s-shape-ripsipinsetit\/#primaryimage"},"thumbnailUrl":"https:\/\/lasher.ee\/wp-content\/uploads\/2024\/08\/Pintsetid.jpg","datePublished":"2024-08-05T22:09:55+00:00","dateModified":"2026-03-14T03:21:54+00:00","description":"S shape ripsipinsetit sopivat ripsien erottamiseen ja niill\u00e4 voi my\u00f6s tehd\u00e4 viuhkoja. K\u00e4rjess\u00e4 on viivoitin, jonka avulla voi mitata ripsien pituuden.","breadcrumb":{"@id":"https:\/\/lasher.ee\/fi\/tuote\/s-shape-ripsipinsetit\/#breadcrumb"},"inLanguage":"fi","potentialAction":[{"@type":"ReadAction","target":["https:\/\/lasher.ee\/fi\/tuote\/s-shape-ripsipinsetit\/"]}]},{"@type":"ImageObject","inLanguage":"fi","@id":"https:\/\/lasher.ee\/fi\/tuote\/s-shape-ripsipinsetit\/#primaryimage","url":"https:\/\/lasher.ee\/wp-content\/uploads\/2024\/08\/Pintsetid.jpg","contentUrl":"https:\/\/lasher.ee\/wp-content\/uploads\/2024\/08\/Pintsetid.jpg","width":1025,"height":1025,"caption":"S shape pinsetit \u2013 tarkat ripsien erottamista ja viuhkojen luomista varten."},{"@type":"BreadcrumbList","@id":"https:\/\/lasher.ee\/fi\/tuote\/s-shape-ripsipinsetit\/#breadcrumb","itemListElement":[{"@type":"ListItem","position":1,"name":"Home","item":"https:\/\/lasher.ee\/fi\/"},{"@type":"ListItem","position":2,"name":"Kaikki tuotteet","item":"https:\/\/lasher.ee\/fi\/kaikki-tuotteet\/"},{"@type":"ListItem","position":3,"name":"S Shape ripsipinsetit"}]},{"@type":"WebSite","@id":"https:\/\/lasher.ee\/fi\/#website","url":"https:\/\/lasher.ee\/fi\/","name":"Lasher","description":"K\u00f5ik vajalikud ripsmetarvikud ripsmetehnikule \u00fchest kohast.","publisher":{"@id":"https:\/\/lasher.ee\/fi\/#organization"},"potentialAction":[{"@type":"SearchAction","target":{"@type":"EntryPoint","urlTemplate":"https:\/\/lasher.ee\/fi\/?s={search_term_string}"},"query-input":{"@type":"PropertyValueSpecification","valueRequired":true,"valueName":"search_term_string"}}],"inLanguage":"fi"},{"@type":"Organization","@id":"https:\/\/lasher.ee\/fi\/#organization","name":"Lasher","url":"https:\/\/lasher.ee\/fi\/","logo":{"@type":"ImageObject","inLanguage":"fi","@id":"https:\/\/lasher.ee\/fi\/#\/schema\/logo\/image\/","url":"https:\/\/lasher.ee\/wp-content\/uploads\/2024\/09\/Screenshot-2024-09-03-at-11.58.17.png","contentUrl":"https:\/\/lasher.ee\/wp-content\/uploads\/2024\/09\/Screenshot-2024-09-03-at-11.58.17.png","width":1678,"height":1670,"caption":"Lasher"},"image":{"@id":"https:\/\/lasher.ee\/fi\/#\/schema\/logo\/image\/"},"sameAs":["https:\/\/www.facebook.com\/profile.php?id=61564523265885","https:\/\/www.instagram.com\/lasher_official\/"]}]}},"_links":{"self":[{"href":"https:\/\/lasher.ee\/fi\/wp-json\/wp\/v2\/product\/2505","targetHints":{"allow":["GET"]}}],"collection":[{"href":"https:\/\/lasher.ee\/fi\/wp-json\/wp\/v2\/product"}],"about":[{"href":"https:\/\/lasher.ee\/fi\/wp-json\/wp\/v2\/types\/product"}],"replies":[{"embeddable":true,"href":"https:\/\/lasher.ee\/fi\/wp-json\/wp\/v2\/comments?post=2505"}],"wp:featuredmedia":[{"embeddable":true,"href":"https:\/\/lasher.ee\/fi\/wp-json\/wp\/v2\/media\/4685"}],"wp:attachment":[{"href":"https:\/\/lasher.ee\/fi\/wp-json\/wp\/v2\/media?parent=2505"}],"wp:term":[{"taxonomy":"product_brand","embeddable":true,"href":"https:\/\/lasher.ee\/fi\/wp-json\/wp\/v2\/product_brand?post=2505"},{"taxonomy":"product_cat","embeddable":true,"href":"https:\/\/lasher.ee\/fi\/wp-json\/wp\/v2\/product_cat?post=2505"},{"taxonomy":"product_tag","embeddable":true,"href":"https:\/\/lasher.ee\/fi\/wp-json\/wp\/v2\/product_tag?post=2505"}],"curies":[{"name":"wp","href":"https:\/\/api.w.org\/{rel}","templated":true}]}}