{"id":2506,"date":"2024-08-06T00:32:56","date_gmt":"2024-08-05T21:32:56","guid":{"rendered":"https:\/\/lasher.ee\/nichiban-skinergate-nauha\/"},"modified":"2026-04-14T10:19:11","modified_gmt":"2026-04-14T07:19:11","slug":"nichiban-skinergate-teippi","status":"publish","type":"product","link":"https:\/\/lasher.ee\/fi\/tuote\/nichiban-skinergate-teippi\/","title":{"rendered":"Nichiban Skinergate teippi"},"content":{"rendered":"","protected":false},"excerpt":{"rendered":"<p>Nichiban Skinergate teippi on hypoallergeeninen ja helppok\u00e4ytt\u00f6inen, aiheuttaen hyvin liev\u00e4\u00e4 iho\u00e4rsytyst\u00e4. Teippi mukautuu ihon liikkeisiin ja reagoi niihin. Se pysyy hyvin kiinni, mutta irtoaa helposti ilman kipua tai ihon vahingoittamista, mik\u00e4 tekee poistosta miellytt\u00e4v\u00e4n ja kivuttoman. Teippi kiinnittyy tukevasti ja on helppo irrottaa k\u00e4sin. Se on ohut, joustava ja hengitt\u00e4v\u00e4, valmistettu ihoyst\u00e4v\u00e4llisest\u00e4 polyolefiinikalvosta.<\/p>\n<h6>Ominaisuudet<\/h6>\n<p><em>Ihoa helliv\u00e4<\/em> \u2013 hypoallergeeninen liima v\u00e4hent\u00e4\u00e4 \u00e4rsytyst\u00e4 ja punoitusta.<br \/>\n<em>Hengitt\u00e4v\u00e4 materiaali<\/em> \u2013 sallii ihon hengitt\u00e4\u00e4 ja v\u00e4hent\u00e4\u00e4 kosteuden kertymist\u00e4.<br \/>\n<em>Hyv\u00e4 tarttuvuus<\/em> \u2013 teippi pysyy tukevasti paikallaan ja on kivuton poistaa<br \/>\n<em>Joustava ja mukautuva<\/em> \u2013 seuraa ihon liikkeit\u00e4 luonnollisesti.<br \/>\n<em>Helppok\u00e4ytt\u00f6inen<\/em> \u2013 helposti repitt\u00e4v\u00e4 k\u00e4sin, saksia ei tarvita.<\/p>\n<p>Valmistusmaa: Japani<\/p>\n<p>Koko: 12mm x 7m<\/p>\n","protected":false},"featured_media":6229,"comment_status":"open","ping_status":"closed","template":"","meta":{"site-sidebar-layout":"default","site-content-layout":"","ast-site-content-layout":"default","site-content-style":"default","site-sidebar-style":"default","ast-global-header-display":"","ast-banner-title-visibility":"","ast-main-header-display":"","ast-hfb-above-header-display":"","ast-hfb-below-header-display":"","ast-hfb-mobile-header-display":"","site-post-title":"","ast-breadcrumbs-content":"","ast-featured-img":"","footer-sml-layout":"","ast-disable-related-posts":"","theme-transparent-header-meta":"default","adv-header-id-meta":"","stick-header-meta":"","header-above-stick-meta":"","header-main-stick-meta":"","header-below-stick-meta":"","astra-migrate-meta-layouts":"set","ast-page-background-enabled":"default","ast-page-background-meta":{"desktop":{"background-color":"var(--ast-global-color-4)","background-image":"","background-repeat":"repeat","background-position":"center center","background-size":"auto","background-attachment":"scroll","background-type":"","background-media":"","overlay-type":"","overlay-color":"","overlay-opacity":"","overlay-gradient":""},"tablet":{"background-color":"","background-image":"","background-repeat":"repeat","background-position":"center center","background-size":"auto","background-attachment":"scroll","background-type":"","background-media":"","overlay-type":"","overlay-color":"","overlay-opacity":"","overlay-gradient":""},"mobile":{"background-color":"","background-image":"","background-repeat":"repeat","background-position":"center center","background-size":"auto","background-attachment":"scroll","background-type":"","background-media":"","overlay-type":"","overlay-color":"","overlay-opacity":"","overlay-gradient":""}},"ast-content-background-meta":{"desktop":{"background-color":"var(--ast-global-color-5)","background-image":"","background-repeat":"repeat","background-position":"center center","background-size":"auto","background-attachment":"scroll","background-type":"","background-media":"","overlay-type":"","overlay-color":"","overlay-opacity":"","overlay-gradient":""},"tablet":{"background-color":"var(--ast-global-color-5)","background-image":"","background-repeat":"repeat","background-position":"center center","background-size":"auto","background-attachment":"scroll","background-type":"","background-media":"","overlay-type":"","overlay-color":"","overlay-opacity":"","overlay-gradient":""},"mobile":{"background-color":"var(--ast-global-color-5)","background-image":"","background-repeat":"repeat","background-position":"center center","background-size":"auto","background-attachment":"scroll","background-type":"","background-media":"","overlay-type":"","overlay-color":"","overlay-opacity":"","overlay-gradient":""}}},"product_brand":[],"product_cat":[81],"product_tag":[],"class_list":{"0":"post-2506","1":"product","2":"type-product","3":"status-publish","4":"has-post-thumbnail","6":"product_cat-teipit-ja-geelityynyt","7":"desktop-align-left","8":"tablet-align-left","9":"mobile-align-left","11":"first","12":"instock","13":"shipping-taxable","14":"purchasable","15":"product-type-variable"},"yoast_head":"<!-- This site is optimized with the Yoast SEO plugin v27.3 - https:\/\/yoast.com\/product\/yoast-seo-wordpress\/ -->\n<title>Nichiban Skinergate teippi - Lasher<\/title>\n<meta name=\"description\" content=\"Nichiban Skinergate teippi on hypoallergeeninen ja helppok\u00e4ytt\u00f6inen, aiheuttaen hyvin liev\u00e4\u00e4 iho\u00e4rsytyst\u00e4.Teippi mukautuu ihon liikkeisiin ja reagoi niihin.\" \/>\n<meta name=\"robots\" content=\"index, follow, max-snippet:-1, max-image-preview:large, max-video-preview:-1\" \/>\n<link rel=\"canonical\" href=\"https:\/\/lasher.ee\/fi\/tuote\/nichiban-skinergate-teippi\/\" \/>\n<meta property=\"og:locale\" content=\"fi_FI\" \/>\n<meta property=\"og:type\" content=\"article\" \/>\n<meta property=\"og:title\" content=\"Nichiban Skinergate teippi - Lasher\" \/>\n<meta property=\"og:description\" content=\"Nichiban Skinergate teippi on hypoallergeeninen ja helppok\u00e4ytt\u00f6inen, aiheuttaen hyvin liev\u00e4\u00e4 iho\u00e4rsytyst\u00e4.Teippi mukautuu ihon liikkeisiin ja reagoi niihin.\" \/>\n<meta property=\"og:url\" content=\"https:\/\/lasher.ee\/fi\/tuote\/nichiban-skinergate-teippi\/\" \/>\n<meta property=\"og:site_name\" content=\"Lasher\" \/>\n<meta property=\"article:publisher\" content=\"https:\/\/www.facebook.com\/profile.php?id=61564523265885\" \/>\n<meta property=\"article:modified_time\" content=\"2026-04-14T07:19:11+00:00\" \/>\n<meta property=\"og:image\" content=\"https:\/\/lasher.ee\/wp-content\/uploads\/2024\/08\/Teip1-copy.jpg\" \/>\n\t<meta property=\"og:image:width\" content=\"1025\" \/>\n\t<meta property=\"og:image:height\" content=\"1025\" \/>\n\t<meta property=\"og:image:type\" content=\"image\/jpeg\" \/>\n<meta name=\"twitter:card\" content=\"summary_large_image\" \/>\n<meta name=\"twitter:label1\" content=\"Arvioitu lukuaika\" \/>\n\t<meta name=\"twitter:data1\" content=\"1 minuutti\" \/>\n<script type=\"application\/ld+json\" class=\"yoast-schema-graph\">{\"@context\":\"https:\\\/\\\/schema.org\",\"@graph\":[{\"@type\":\"WebPage\",\"@id\":\"https:\\\/\\\/lasher.ee\\\/fi\\\/tuote\\\/nichiban-skinergate-teippi\\\/\",\"url\":\"https:\\\/\\\/lasher.ee\\\/fi\\\/tuote\\\/nichiban-skinergate-teippi\\\/\",\"name\":\"Nichiban Skinergate teippi - Lasher\",\"isPartOf\":{\"@id\":\"https:\\\/\\\/lasher.ee\\\/fi\\\/#website\"},\"primaryImageOfPage\":{\"@id\":\"https:\\\/\\\/lasher.ee\\\/fi\\\/tuote\\\/nichiban-skinergate-teippi\\\/#primaryimage\"},\"image\":{\"@id\":\"https:\\\/\\\/lasher.ee\\\/fi\\\/tuote\\\/nichiban-skinergate-teippi\\\/#primaryimage\"},\"thumbnailUrl\":\"https:\\\/\\\/lasher.ee\\\/wp-content\\\/uploads\\\/2024\\\/08\\\/Teip1-copy.jpg\",\"datePublished\":\"2024-08-05T21:32:56+00:00\",\"dateModified\":\"2026-04-14T07:19:11+00:00\",\"description\":\"Nichiban Skinergate teippi on hypoallergeeninen ja helppok\u00e4ytt\u00f6inen, aiheuttaen hyvin liev\u00e4\u00e4 iho\u00e4rsytyst\u00e4.Teippi mukautuu ihon liikkeisiin ja reagoi niihin.\",\"breadcrumb\":{\"@id\":\"https:\\\/\\\/lasher.ee\\\/fi\\\/tuote\\\/nichiban-skinergate-teippi\\\/#breadcrumb\"},\"inLanguage\":\"fi\",\"potentialAction\":[{\"@type\":\"ReadAction\",\"target\":[\"https:\\\/\\\/lasher.ee\\\/fi\\\/tuote\\\/nichiban-skinergate-teippi\\\/\"]}]},{\"@type\":\"ImageObject\",\"inLanguage\":\"fi\",\"@id\":\"https:\\\/\\\/lasher.ee\\\/fi\\\/tuote\\\/nichiban-skinergate-teippi\\\/#primaryimage\",\"url\":\"https:\\\/\\\/lasher.ee\\\/wp-content\\\/uploads\\\/2024\\\/08\\\/Teip1-copy.jpg\",\"contentUrl\":\"https:\\\/\\\/lasher.ee\\\/wp-content\\\/uploads\\\/2024\\\/08\\\/Teip1-copy.jpg\",\"width\":1025,\"height\":1025,\"caption\":\"Nichiban skinergate teippi\"},{\"@type\":\"BreadcrumbList\",\"@id\":\"https:\\\/\\\/lasher.ee\\\/fi\\\/tuote\\\/nichiban-skinergate-teippi\\\/#breadcrumb\",\"itemListElement\":[{\"@type\":\"ListItem\",\"position\":1,\"name\":\"Home\",\"item\":\"https:\\\/\\\/lasher.ee\\\/fi\\\/\"},{\"@type\":\"ListItem\",\"position\":2,\"name\":\"Kaikki tuotteet\",\"item\":\"https:\\\/\\\/lasher.ee\\\/fi\\\/kaikki-tuotteet\\\/\"},{\"@type\":\"ListItem\",\"position\":3,\"name\":\"Nichiban Skinergate teippi\"}]},{\"@type\":\"WebSite\",\"@id\":\"https:\\\/\\\/lasher.ee\\\/fi\\\/#website\",\"url\":\"https:\\\/\\\/lasher.ee\\\/fi\\\/\",\"name\":\"Lasher\",\"description\":\"K\u00f5ik vajalikud ripsmetarvikud ripsmetehnikule \u00fchest kohast.\",\"publisher\":{\"@id\":\"https:\\\/\\\/lasher.ee\\\/fi\\\/#organization\"},\"potentialAction\":[{\"@type\":\"SearchAction\",\"target\":{\"@type\":\"EntryPoint\",\"urlTemplate\":\"https:\\\/\\\/lasher.ee\\\/fi\\\/?s={search_term_string}\"},\"query-input\":{\"@type\":\"PropertyValueSpecification\",\"valueRequired\":true,\"valueName\":\"search_term_string\"}}],\"inLanguage\":\"fi\"},{\"@type\":\"Organization\",\"@id\":\"https:\\\/\\\/lasher.ee\\\/fi\\\/#organization\",\"name\":\"Lasher\",\"url\":\"https:\\\/\\\/lasher.ee\\\/fi\\\/\",\"logo\":{\"@type\":\"ImageObject\",\"inLanguage\":\"fi\",\"@id\":\"https:\\\/\\\/lasher.ee\\\/fi\\\/#\\\/schema\\\/logo\\\/image\\\/\",\"url\":\"https:\\\/\\\/lasher.ee\\\/wp-content\\\/uploads\\\/2024\\\/09\\\/Screenshot-2024-09-03-at-11.58.17.png\",\"contentUrl\":\"https:\\\/\\\/lasher.ee\\\/wp-content\\\/uploads\\\/2024\\\/09\\\/Screenshot-2024-09-03-at-11.58.17.png\",\"width\":1678,\"height\":1670,\"caption\":\"Lasher\"},\"image\":{\"@id\":\"https:\\\/\\\/lasher.ee\\\/fi\\\/#\\\/schema\\\/logo\\\/image\\\/\"},\"sameAs\":[\"https:\\\/\\\/www.facebook.com\\\/profile.php?id=61564523265885\",\"https:\\\/\\\/www.instagram.com\\\/lasher_official\\\/\"]}]}<\/script>\n<!-- \/ Yoast SEO plugin. -->","yoast_head_json":{"title":"Nichiban Skinergate teippi - Lasher","description":"Nichiban Skinergate teippi on hypoallergeeninen ja helppok\u00e4ytt\u00f6inen, aiheuttaen hyvin liev\u00e4\u00e4 iho\u00e4rsytyst\u00e4.Teippi mukautuu ihon liikkeisiin ja reagoi niihin.","robots":{"index":"index","follow":"follow","max-snippet":"max-snippet:-1","max-image-preview":"max-image-preview:large","max-video-preview":"max-video-preview:-1"},"canonical":"https:\/\/lasher.ee\/fi\/tuote\/nichiban-skinergate-teippi\/","og_locale":"fi_FI","og_type":"article","og_title":"Nichiban Skinergate teippi - Lasher","og_description":"Nichiban Skinergate teippi on hypoallergeeninen ja helppok\u00e4ytt\u00f6inen, aiheuttaen hyvin liev\u00e4\u00e4 iho\u00e4rsytyst\u00e4.Teippi mukautuu ihon liikkeisiin ja reagoi niihin.","og_url":"https:\/\/lasher.ee\/fi\/tuote\/nichiban-skinergate-teippi\/","og_site_name":"Lasher","article_publisher":"https:\/\/www.facebook.com\/profile.php?id=61564523265885","article_modified_time":"2026-04-14T07:19:11+00:00","og_image":[{"width":1025,"height":1025,"url":"https:\/\/lasher.ee\/wp-content\/uploads\/2024\/08\/Teip1-copy.jpg","type":"image\/jpeg"}],"twitter_card":"summary_large_image","twitter_misc":{"Arvioitu lukuaika":"1 minuutti"},"schema":{"@context":"https:\/\/schema.org","@graph":[{"@type":"WebPage","@id":"https:\/\/lasher.ee\/fi\/tuote\/nichiban-skinergate-teippi\/","url":"https:\/\/lasher.ee\/fi\/tuote\/nichiban-skinergate-teippi\/","name":"Nichiban Skinergate teippi - Lasher","isPartOf":{"@id":"https:\/\/lasher.ee\/fi\/#website"},"primaryImageOfPage":{"@id":"https:\/\/lasher.ee\/fi\/tuote\/nichiban-skinergate-teippi\/#primaryimage"},"image":{"@id":"https:\/\/lasher.ee\/fi\/tuote\/nichiban-skinergate-teippi\/#primaryimage"},"thumbnailUrl":"https:\/\/lasher.ee\/wp-content\/uploads\/2024\/08\/Teip1-copy.jpg","datePublished":"2024-08-05T21:32:56+00:00","dateModified":"2026-04-14T07:19:11+00:00","description":"Nichiban Skinergate teippi on hypoallergeeninen ja helppok\u00e4ytt\u00f6inen, aiheuttaen hyvin liev\u00e4\u00e4 iho\u00e4rsytyst\u00e4.Teippi mukautuu ihon liikkeisiin ja reagoi niihin.","breadcrumb":{"@id":"https:\/\/lasher.ee\/fi\/tuote\/nichiban-skinergate-teippi\/#breadcrumb"},"inLanguage":"fi","potentialAction":[{"@type":"ReadAction","target":["https:\/\/lasher.ee\/fi\/tuote\/nichiban-skinergate-teippi\/"]}]},{"@type":"ImageObject","inLanguage":"fi","@id":"https:\/\/lasher.ee\/fi\/tuote\/nichiban-skinergate-teippi\/#primaryimage","url":"https:\/\/lasher.ee\/wp-content\/uploads\/2024\/08\/Teip1-copy.jpg","contentUrl":"https:\/\/lasher.ee\/wp-content\/uploads\/2024\/08\/Teip1-copy.jpg","width":1025,"height":1025,"caption":"Nichiban skinergate teippi"},{"@type":"BreadcrumbList","@id":"https:\/\/lasher.ee\/fi\/tuote\/nichiban-skinergate-teippi\/#breadcrumb","itemListElement":[{"@type":"ListItem","position":1,"name":"Home","item":"https:\/\/lasher.ee\/fi\/"},{"@type":"ListItem","position":2,"name":"Kaikki tuotteet","item":"https:\/\/lasher.ee\/fi\/kaikki-tuotteet\/"},{"@type":"ListItem","position":3,"name":"Nichiban Skinergate teippi"}]},{"@type":"WebSite","@id":"https:\/\/lasher.ee\/fi\/#website","url":"https:\/\/lasher.ee\/fi\/","name":"Lasher","description":"K\u00f5ik vajalikud ripsmetarvikud ripsmetehnikule \u00fchest kohast.","publisher":{"@id":"https:\/\/lasher.ee\/fi\/#organization"},"potentialAction":[{"@type":"SearchAction","target":{"@type":"EntryPoint","urlTemplate":"https:\/\/lasher.ee\/fi\/?s={search_term_string}"},"query-input":{"@type":"PropertyValueSpecification","valueRequired":true,"valueName":"search_term_string"}}],"inLanguage":"fi"},{"@type":"Organization","@id":"https:\/\/lasher.ee\/fi\/#organization","name":"Lasher","url":"https:\/\/lasher.ee\/fi\/","logo":{"@type":"ImageObject","inLanguage":"fi","@id":"https:\/\/lasher.ee\/fi\/#\/schema\/logo\/image\/","url":"https:\/\/lasher.ee\/wp-content\/uploads\/2024\/09\/Screenshot-2024-09-03-at-11.58.17.png","contentUrl":"https:\/\/lasher.ee\/wp-content\/uploads\/2024\/09\/Screenshot-2024-09-03-at-11.58.17.png","width":1678,"height":1670,"caption":"Lasher"},"image":{"@id":"https:\/\/lasher.ee\/fi\/#\/schema\/logo\/image\/"},"sameAs":["https:\/\/www.facebook.com\/profile.php?id=61564523265885","https:\/\/www.instagram.com\/lasher_official\/"]}]}},"_links":{"self":[{"href":"https:\/\/lasher.ee\/fi\/wp-json\/wp\/v2\/product\/2506","targetHints":{"allow":["GET"]}}],"collection":[{"href":"https:\/\/lasher.ee\/fi\/wp-json\/wp\/v2\/product"}],"about":[{"href":"https:\/\/lasher.ee\/fi\/wp-json\/wp\/v2\/types\/product"}],"replies":[{"embeddable":true,"href":"https:\/\/lasher.ee\/fi\/wp-json\/wp\/v2\/comments?post=2506"}],"wp:featuredmedia":[{"embeddable":true,"href":"https:\/\/lasher.ee\/fi\/wp-json\/wp\/v2\/media\/6229"}],"wp:attachment":[{"href":"https:\/\/lasher.ee\/fi\/wp-json\/wp\/v2\/media?parent=2506"}],"wp:term":[{"taxonomy":"product_brand","embeddable":true,"href":"https:\/\/lasher.ee\/fi\/wp-json\/wp\/v2\/product_brand?post=2506"},{"taxonomy":"product_cat","embeddable":true,"href":"https:\/\/lasher.ee\/fi\/wp-json\/wp\/v2\/product_cat?post=2506"},{"taxonomy":"product_tag","embeddable":true,"href":"https:\/\/lasher.ee\/fi\/wp-json\/wp\/v2\/product_tag?post=2506"}],"curies":[{"name":"wp","href":"https:\/\/api.w.org\/{rel}","templated":true}]}}