{"id":2515,"date":"2024-08-06T00:47:47","date_gmt":"2024-08-05T21:47:47","guid":{"rendered":"https:\/\/lasher.ee\/kuitumattomat-pyyhkeet\/"},"modified":"2026-02-08T16:14:46","modified_gmt":"2026-02-08T14:14:46","slug":"kuitumattomat-pyyhkeet","status":"publish","type":"product","link":"https:\/\/lasher.ee\/fi\/tuote\/kuitumattomat-pyyhkeet\/","title":{"rendered":"Kuituvapaa puhdistusliina"},"content":{"rendered":"","protected":false},"excerpt":{"rendered":"<p>Kuituvapaa puhdistusliina liimapullon suuttimen puhdistamiseen. Jotta liimapullon suu ei tukkeutuisi eik\u00e4 liima tarttuisi korkkiin, puhdista suu kuivalla kuituvapaalla liinalla jokaisen liimatipin ottamisen j\u00e4lkeen. Puhdistusliinalla voi puhdistaa my\u00f6s pinsettien p\u00e4it\u00e4, jadekive\u00e4, lasialustaa tai muita tuotteita, jotka ovat olleet kosketuksessa liiman kanssa.<\/p>\n<p>Pakkauksessa 200 kpl<br \/>\nKoko: 48 x 48 mm<\/p>\n","protected":false},"featured_media":10362,"comment_status":"open","ping_status":"closed","template":"","meta":{"site-sidebar-layout":"default","site-content-layout":"","ast-site-content-layout":"default","site-content-style":"default","site-sidebar-style":"default","ast-global-header-display":"","ast-banner-title-visibility":"","ast-main-header-display":"","ast-hfb-above-header-display":"","ast-hfb-below-header-display":"","ast-hfb-mobile-header-display":"","site-post-title":"","ast-breadcrumbs-content":"","ast-featured-img":"","footer-sml-layout":"","ast-disable-related-posts":"","theme-transparent-header-meta":"default","adv-header-id-meta":"","stick-header-meta":"","header-above-stick-meta":"","header-main-stick-meta":"","header-below-stick-meta":"","astra-migrate-meta-layouts":"set","ast-page-background-enabled":"default","ast-page-background-meta":{"desktop":{"background-color":"var(--ast-global-color-4)","background-image":"","background-repeat":"repeat","background-position":"center center","background-size":"auto","background-attachment":"scroll","background-type":"","background-media":"","overlay-type":"","overlay-color":"","overlay-opacity":"","overlay-gradient":""},"tablet":{"background-color":"","background-image":"","background-repeat":"repeat","background-position":"center center","background-size":"auto","background-attachment":"scroll","background-type":"","background-media":"","overlay-type":"","overlay-color":"","overlay-opacity":"","overlay-gradient":""},"mobile":{"background-color":"","background-image":"","background-repeat":"repeat","background-position":"center center","background-size":"auto","background-attachment":"scroll","background-type":"","background-media":"","overlay-type":"","overlay-color":"","overlay-opacity":"","overlay-gradient":""}},"ast-content-background-meta":{"desktop":{"background-color":"var(--ast-global-color-5)","background-image":"","background-repeat":"repeat","background-position":"center center","background-size":"auto","background-attachment":"scroll","background-type":"","background-media":"","overlay-type":"","overlay-color":"","overlay-opacity":"","overlay-gradient":""},"tablet":{"background-color":"var(--ast-global-color-5)","background-image":"","background-repeat":"repeat","background-position":"center center","background-size":"auto","background-attachment":"scroll","background-type":"","background-media":"","overlay-type":"","overlay-color":"","overlay-opacity":"","overlay-gradient":""},"mobile":{"background-color":"var(--ast-global-color-5)","background-image":"","background-repeat":"repeat","background-position":"center center","background-size":"auto","background-attachment":"scroll","background-type":"","background-media":"","overlay-type":"","overlay-color":"","overlay-opacity":"","overlay-gradient":""}}},"product_brand":[],"product_cat":[78],"product_tag":[],"class_list":{"0":"post-2515","1":"product","2":"type-product","3":"status-publish","4":"has-post-thumbnail","6":"product_cat-liimatarvikkeet","7":"desktop-align-left","8":"tablet-align-left","9":"mobile-align-left","11":"first","12":"instock","13":"shipping-taxable","14":"purchasable","15":"product-type-simple"},"yoast_head":"<!-- This site is optimized with the Yoast SEO plugin v27.3 - https:\/\/yoast.com\/product\/yoast-seo-wordpress\/ -->\n<title>Kuituvapaa puhdistusliina - Lasher<\/title>\n<meta name=\"description\" content=\"Kuituvapaa puhdistusliina liimapullon suuttimen ja ty\u00f6v\u00e4lineiden puhdistamiseen. Est\u00e4\u00e4 tukkeutumisen eik\u00e4 j\u00e4t\u00e4 kuituja tai j\u00e4\u00e4mi\u00e4.\" \/>\n<meta name=\"robots\" content=\"index, follow, max-snippet:-1, max-image-preview:large, max-video-preview:-1\" \/>\n<link rel=\"canonical\" href=\"https:\/\/lasher.ee\/fi\/tuote\/kuitumattomat-pyyhkeet\/\" \/>\n<meta property=\"og:locale\" content=\"fi_FI\" \/>\n<meta property=\"og:type\" content=\"article\" \/>\n<meta property=\"og:title\" content=\"Kuituvapaa puhdistusliina - Lasher\" \/>\n<meta property=\"og:description\" content=\"Kuituvapaa puhdistusliina liimapullon suuttimen ja ty\u00f6v\u00e4lineiden puhdistamiseen. Est\u00e4\u00e4 tukkeutumisen eik\u00e4 j\u00e4t\u00e4 kuituja tai j\u00e4\u00e4mi\u00e4.\" \/>\n<meta property=\"og:url\" content=\"https:\/\/lasher.ee\/fi\/tuote\/kuitumattomat-pyyhkeet\/\" \/>\n<meta property=\"og:site_name\" content=\"Lasher\" \/>\n<meta property=\"article:publisher\" content=\"https:\/\/www.facebook.com\/profile.php?id=61564523265885\" \/>\n<meta property=\"article:modified_time\" content=\"2026-02-08T14:14:46+00:00\" \/>\n<meta property=\"og:image\" content=\"https:\/\/lasher.ee\/wp-content\/uploads\/2024\/08\/IMG_0371_imresizer-copy-2.jpg\" \/>\n\t<meta property=\"og:image:width\" content=\"868\" \/>\n\t<meta property=\"og:image:height\" content=\"868\" \/>\n\t<meta property=\"og:image:type\" content=\"image\/jpeg\" \/>\n<meta name=\"twitter:card\" content=\"summary_large_image\" \/>\n<meta name=\"twitter:label1\" content=\"Arvioitu lukuaika\" \/>\n\t<meta name=\"twitter:data1\" content=\"1 minuutti\" \/>\n<script type=\"application\/ld+json\" class=\"yoast-schema-graph\">{\"@context\":\"https:\\\/\\\/schema.org\",\"@graph\":[{\"@type\":\"WebPage\",\"@id\":\"https:\\\/\\\/lasher.ee\\\/fi\\\/tuote\\\/kuitumattomat-pyyhkeet\\\/\",\"url\":\"https:\\\/\\\/lasher.ee\\\/fi\\\/tuote\\\/kuitumattomat-pyyhkeet\\\/\",\"name\":\"Kuituvapaa puhdistusliina - Lasher\",\"isPartOf\":{\"@id\":\"https:\\\/\\\/lasher.ee\\\/fi\\\/#website\"},\"primaryImageOfPage\":{\"@id\":\"https:\\\/\\\/lasher.ee\\\/fi\\\/tuote\\\/kuitumattomat-pyyhkeet\\\/#primaryimage\"},\"image\":{\"@id\":\"https:\\\/\\\/lasher.ee\\\/fi\\\/tuote\\\/kuitumattomat-pyyhkeet\\\/#primaryimage\"},\"thumbnailUrl\":\"https:\\\/\\\/lasher.ee\\\/wp-content\\\/uploads\\\/2024\\\/08\\\/IMG_0371_imresizer-copy-2.jpg\",\"datePublished\":\"2024-08-05T21:47:47+00:00\",\"dateModified\":\"2026-02-08T14:14:46+00:00\",\"description\":\"Kuituvapaa puhdistusliina liimapullon suuttimen ja ty\u00f6v\u00e4lineiden puhdistamiseen. Est\u00e4\u00e4 tukkeutumisen eik\u00e4 j\u00e4t\u00e4 kuituja tai j\u00e4\u00e4mi\u00e4.\",\"breadcrumb\":{\"@id\":\"https:\\\/\\\/lasher.ee\\\/fi\\\/tuote\\\/kuitumattomat-pyyhkeet\\\/#breadcrumb\"},\"inLanguage\":\"fi\",\"potentialAction\":[{\"@type\":\"ReadAction\",\"target\":[\"https:\\\/\\\/lasher.ee\\\/fi\\\/tuote\\\/kuitumattomat-pyyhkeet\\\/\"]}]},{\"@type\":\"ImageObject\",\"inLanguage\":\"fi\",\"@id\":\"https:\\\/\\\/lasher.ee\\\/fi\\\/tuote\\\/kuitumattomat-pyyhkeet\\\/#primaryimage\",\"url\":\"https:\\\/\\\/lasher.ee\\\/wp-content\\\/uploads\\\/2024\\\/08\\\/IMG_0371_imresizer-copy-2.jpg\",\"contentUrl\":\"https:\\\/\\\/lasher.ee\\\/wp-content\\\/uploads\\\/2024\\\/08\\\/IMG_0371_imresizer-copy-2.jpg\",\"width\":868,\"height\":868,\"caption\":\"Kuituvapaa puhdistusliina liimapullon suuttimen puhdistamiseen.\"},{\"@type\":\"BreadcrumbList\",\"@id\":\"https:\\\/\\\/lasher.ee\\\/fi\\\/tuote\\\/kuitumattomat-pyyhkeet\\\/#breadcrumb\",\"itemListElement\":[{\"@type\":\"ListItem\",\"position\":1,\"name\":\"Home\",\"item\":\"https:\\\/\\\/lasher.ee\\\/fi\\\/\"},{\"@type\":\"ListItem\",\"position\":2,\"name\":\"Kaikki tuotteet\",\"item\":\"https:\\\/\\\/lasher.ee\\\/fi\\\/kaikki-tuotteet\\\/\"},{\"@type\":\"ListItem\",\"position\":3,\"name\":\"Kuituvapaa puhdistusliina\"}]},{\"@type\":\"WebSite\",\"@id\":\"https:\\\/\\\/lasher.ee\\\/fi\\\/#website\",\"url\":\"https:\\\/\\\/lasher.ee\\\/fi\\\/\",\"name\":\"Lasher\",\"description\":\"K\u00f5ik vajalikud ripsmetarvikud ripsmetehnikule \u00fchest kohast.\",\"publisher\":{\"@id\":\"https:\\\/\\\/lasher.ee\\\/fi\\\/#organization\"},\"potentialAction\":[{\"@type\":\"SearchAction\",\"target\":{\"@type\":\"EntryPoint\",\"urlTemplate\":\"https:\\\/\\\/lasher.ee\\\/fi\\\/?s={search_term_string}\"},\"query-input\":{\"@type\":\"PropertyValueSpecification\",\"valueRequired\":true,\"valueName\":\"search_term_string\"}}],\"inLanguage\":\"fi\"},{\"@type\":\"Organization\",\"@id\":\"https:\\\/\\\/lasher.ee\\\/fi\\\/#organization\",\"name\":\"Lasher\",\"url\":\"https:\\\/\\\/lasher.ee\\\/fi\\\/\",\"logo\":{\"@type\":\"ImageObject\",\"inLanguage\":\"fi\",\"@id\":\"https:\\\/\\\/lasher.ee\\\/fi\\\/#\\\/schema\\\/logo\\\/image\\\/\",\"url\":\"https:\\\/\\\/lasher.ee\\\/wp-content\\\/uploads\\\/2024\\\/09\\\/Screenshot-2024-09-03-at-11.58.17.png\",\"contentUrl\":\"https:\\\/\\\/lasher.ee\\\/wp-content\\\/uploads\\\/2024\\\/09\\\/Screenshot-2024-09-03-at-11.58.17.png\",\"width\":1678,\"height\":1670,\"caption\":\"Lasher\"},\"image\":{\"@id\":\"https:\\\/\\\/lasher.ee\\\/fi\\\/#\\\/schema\\\/logo\\\/image\\\/\"},\"sameAs\":[\"https:\\\/\\\/www.facebook.com\\\/profile.php?id=61564523265885\",\"https:\\\/\\\/www.instagram.com\\\/lasher_official\\\/\"]}]}<\/script>\n<!-- \/ Yoast SEO plugin. -->","yoast_head_json":{"title":"Kuituvapaa puhdistusliina - Lasher","description":"Kuituvapaa puhdistusliina liimapullon suuttimen ja ty\u00f6v\u00e4lineiden puhdistamiseen. Est\u00e4\u00e4 tukkeutumisen eik\u00e4 j\u00e4t\u00e4 kuituja tai j\u00e4\u00e4mi\u00e4.","robots":{"index":"index","follow":"follow","max-snippet":"max-snippet:-1","max-image-preview":"max-image-preview:large","max-video-preview":"max-video-preview:-1"},"canonical":"https:\/\/lasher.ee\/fi\/tuote\/kuitumattomat-pyyhkeet\/","og_locale":"fi_FI","og_type":"article","og_title":"Kuituvapaa puhdistusliina - Lasher","og_description":"Kuituvapaa puhdistusliina liimapullon suuttimen ja ty\u00f6v\u00e4lineiden puhdistamiseen. Est\u00e4\u00e4 tukkeutumisen eik\u00e4 j\u00e4t\u00e4 kuituja tai j\u00e4\u00e4mi\u00e4.","og_url":"https:\/\/lasher.ee\/fi\/tuote\/kuitumattomat-pyyhkeet\/","og_site_name":"Lasher","article_publisher":"https:\/\/www.facebook.com\/profile.php?id=61564523265885","article_modified_time":"2026-02-08T14:14:46+00:00","og_image":[{"width":868,"height":868,"url":"https:\/\/lasher.ee\/wp-content\/uploads\/2024\/08\/IMG_0371_imresizer-copy-2.jpg","type":"image\/jpeg"}],"twitter_card":"summary_large_image","twitter_misc":{"Arvioitu lukuaika":"1 minuutti"},"schema":{"@context":"https:\/\/schema.org","@graph":[{"@type":"WebPage","@id":"https:\/\/lasher.ee\/fi\/tuote\/kuitumattomat-pyyhkeet\/","url":"https:\/\/lasher.ee\/fi\/tuote\/kuitumattomat-pyyhkeet\/","name":"Kuituvapaa puhdistusliina - Lasher","isPartOf":{"@id":"https:\/\/lasher.ee\/fi\/#website"},"primaryImageOfPage":{"@id":"https:\/\/lasher.ee\/fi\/tuote\/kuitumattomat-pyyhkeet\/#primaryimage"},"image":{"@id":"https:\/\/lasher.ee\/fi\/tuote\/kuitumattomat-pyyhkeet\/#primaryimage"},"thumbnailUrl":"https:\/\/lasher.ee\/wp-content\/uploads\/2024\/08\/IMG_0371_imresizer-copy-2.jpg","datePublished":"2024-08-05T21:47:47+00:00","dateModified":"2026-02-08T14:14:46+00:00","description":"Kuituvapaa puhdistusliina liimapullon suuttimen ja ty\u00f6v\u00e4lineiden puhdistamiseen. Est\u00e4\u00e4 tukkeutumisen eik\u00e4 j\u00e4t\u00e4 kuituja tai j\u00e4\u00e4mi\u00e4.","breadcrumb":{"@id":"https:\/\/lasher.ee\/fi\/tuote\/kuitumattomat-pyyhkeet\/#breadcrumb"},"inLanguage":"fi","potentialAction":[{"@type":"ReadAction","target":["https:\/\/lasher.ee\/fi\/tuote\/kuitumattomat-pyyhkeet\/"]}]},{"@type":"ImageObject","inLanguage":"fi","@id":"https:\/\/lasher.ee\/fi\/tuote\/kuitumattomat-pyyhkeet\/#primaryimage","url":"https:\/\/lasher.ee\/wp-content\/uploads\/2024\/08\/IMG_0371_imresizer-copy-2.jpg","contentUrl":"https:\/\/lasher.ee\/wp-content\/uploads\/2024\/08\/IMG_0371_imresizer-copy-2.jpg","width":868,"height":868,"caption":"Kuituvapaa puhdistusliina liimapullon suuttimen puhdistamiseen."},{"@type":"BreadcrumbList","@id":"https:\/\/lasher.ee\/fi\/tuote\/kuitumattomat-pyyhkeet\/#breadcrumb","itemListElement":[{"@type":"ListItem","position":1,"name":"Home","item":"https:\/\/lasher.ee\/fi\/"},{"@type":"ListItem","position":2,"name":"Kaikki tuotteet","item":"https:\/\/lasher.ee\/fi\/kaikki-tuotteet\/"},{"@type":"ListItem","position":3,"name":"Kuituvapaa puhdistusliina"}]},{"@type":"WebSite","@id":"https:\/\/lasher.ee\/fi\/#website","url":"https:\/\/lasher.ee\/fi\/","name":"Lasher","description":"K\u00f5ik vajalikud ripsmetarvikud ripsmetehnikule \u00fchest kohast.","publisher":{"@id":"https:\/\/lasher.ee\/fi\/#organization"},"potentialAction":[{"@type":"SearchAction","target":{"@type":"EntryPoint","urlTemplate":"https:\/\/lasher.ee\/fi\/?s={search_term_string}"},"query-input":{"@type":"PropertyValueSpecification","valueRequired":true,"valueName":"search_term_string"}}],"inLanguage":"fi"},{"@type":"Organization","@id":"https:\/\/lasher.ee\/fi\/#organization","name":"Lasher","url":"https:\/\/lasher.ee\/fi\/","logo":{"@type":"ImageObject","inLanguage":"fi","@id":"https:\/\/lasher.ee\/fi\/#\/schema\/logo\/image\/","url":"https:\/\/lasher.ee\/wp-content\/uploads\/2024\/09\/Screenshot-2024-09-03-at-11.58.17.png","contentUrl":"https:\/\/lasher.ee\/wp-content\/uploads\/2024\/09\/Screenshot-2024-09-03-at-11.58.17.png","width":1678,"height":1670,"caption":"Lasher"},"image":{"@id":"https:\/\/lasher.ee\/fi\/#\/schema\/logo\/image\/"},"sameAs":["https:\/\/www.facebook.com\/profile.php?id=61564523265885","https:\/\/www.instagram.com\/lasher_official\/"]}]}},"_links":{"self":[{"href":"https:\/\/lasher.ee\/fi\/wp-json\/wp\/v2\/product\/2515","targetHints":{"allow":["GET"]}}],"collection":[{"href":"https:\/\/lasher.ee\/fi\/wp-json\/wp\/v2\/product"}],"about":[{"href":"https:\/\/lasher.ee\/fi\/wp-json\/wp\/v2\/types\/product"}],"replies":[{"embeddable":true,"href":"https:\/\/lasher.ee\/fi\/wp-json\/wp\/v2\/comments?post=2515"}],"wp:featuredmedia":[{"embeddable":true,"href":"https:\/\/lasher.ee\/fi\/wp-json\/wp\/v2\/media\/10362"}],"wp:attachment":[{"href":"https:\/\/lasher.ee\/fi\/wp-json\/wp\/v2\/media?parent=2515"}],"wp:term":[{"taxonomy":"product_brand","embeddable":true,"href":"https:\/\/lasher.ee\/fi\/wp-json\/wp\/v2\/product_brand?post=2515"},{"taxonomy":"product_cat","embeddable":true,"href":"https:\/\/lasher.ee\/fi\/wp-json\/wp\/v2\/product_cat?post=2515"},{"taxonomy":"product_tag","embeddable":true,"href":"https:\/\/lasher.ee\/fi\/wp-json\/wp\/v2\/product_tag?post=2515"}],"curies":[{"name":"wp","href":"https:\/\/api.w.org\/{rel}","templated":true}]}}