{"id":2519,"date":"2024-08-06T00:37:00","date_gmt":"2024-08-05T21:37:00","guid":{"rendered":"https:\/\/lasher.ee\/3m-kirurginen-muoviteippi-24kpl\/"},"modified":"2026-03-03T10:24:21","modified_gmt":"2026-03-03T08:24:21","slug":"3m-kirurginen-muoviteippi-24kpl","status":"publish","type":"product","link":"https:\/\/lasher.ee\/fi\/tuote\/3m-kirurginen-muoviteippi-24kpl\/","title":{"rendered":"3M Transpore muoviteippi, 24kpl"},"content":{"rendered":"","protected":false},"excerpt":{"rendered":"<p>3M Transpore muoviteippi on l\u00e4pin\u00e4kyv\u00e4 ja rei\u2019itetty muovinen l\u00e4\u00e4kint\u00e4k\u00e4yt\u00f6ss\u00e4 usein k\u00e4ytetty teippi, joka on vedenkest\u00e4v\u00e4. K\u00e4yt\u00f6n j\u00e4lkeen teippi j\u00e4tt\u00e4\u00e4 vain v\u00e4h\u00e4isi\u00e4 j\u00e4\u00e4mi\u00e4, mik\u00e4 takaa siistin ja vaivattoman poistamisen. Hypoallergeeninen ja lateksiton. Sopii kaikille ihotyypeille, erityisesti rasvoittuvalle iholle.<\/p>\n<p>Koko: 1,25 cm x 9,1 m<\/p>\n","protected":false},"featured_media":6241,"comment_status":"open","ping_status":"closed","template":"","meta":{"site-sidebar-layout":"default","site-content-layout":"","ast-site-content-layout":"default","site-content-style":"default","site-sidebar-style":"default","ast-global-header-display":"","ast-banner-title-visibility":"","ast-main-header-display":"","ast-hfb-above-header-display":"","ast-hfb-below-header-display":"","ast-hfb-mobile-header-display":"","site-post-title":"","ast-breadcrumbs-content":"","ast-featured-img":"","footer-sml-layout":"","ast-disable-related-posts":"","theme-transparent-header-meta":"default","adv-header-id-meta":"","stick-header-meta":"","header-above-stick-meta":"","header-main-stick-meta":"","header-below-stick-meta":"","astra-migrate-meta-layouts":"set","ast-page-background-enabled":"default","ast-page-background-meta":{"desktop":{"background-color":"var(--ast-global-color-4)","background-image":"","background-repeat":"repeat","background-position":"center center","background-size":"auto","background-attachment":"scroll","background-type":"","background-media":"","overlay-type":"","overlay-color":"","overlay-opacity":"","overlay-gradient":""},"tablet":{"background-color":"","background-image":"","background-repeat":"repeat","background-position":"center center","background-size":"auto","background-attachment":"scroll","background-type":"","background-media":"","overlay-type":"","overlay-color":"","overlay-opacity":"","overlay-gradient":""},"mobile":{"background-color":"","background-image":"","background-repeat":"repeat","background-position":"center center","background-size":"auto","background-attachment":"scroll","background-type":"","background-media":"","overlay-type":"","overlay-color":"","overlay-opacity":"","overlay-gradient":""}},"ast-content-background-meta":{"desktop":{"background-color":"var(--ast-global-color-5)","background-image":"","background-repeat":"repeat","background-position":"center center","background-size":"auto","background-attachment":"scroll","background-type":"","background-media":"","overlay-type":"","overlay-color":"","overlay-opacity":"","overlay-gradient":""},"tablet":{"background-color":"var(--ast-global-color-5)","background-image":"","background-repeat":"repeat","background-position":"center center","background-size":"auto","background-attachment":"scroll","background-type":"","background-media":"","overlay-type":"","overlay-color":"","overlay-opacity":"","overlay-gradient":""},"mobile":{"background-color":"var(--ast-global-color-5)","background-image":"","background-repeat":"repeat","background-position":"center center","background-size":"auto","background-attachment":"scroll","background-type":"","background-media":"","overlay-type":"","overlay-color":"","overlay-opacity":"","overlay-gradient":""}}},"product_brand":[],"product_cat":[81],"product_tag":[],"class_list":{"0":"post-2519","1":"product","2":"type-product","3":"status-publish","4":"has-post-thumbnail","6":"product_cat-teipit-ja-geelityynyt","7":"desktop-align-left","8":"tablet-align-left","9":"mobile-align-left","11":"first","12":"instock","13":"shipping-taxable","14":"purchasable","15":"product-type-simple"},"yoast_head":"<!-- This site is optimized with the Yoast SEO plugin v27.4 - https:\/\/yoast.com\/product\/yoast-seo-wordpress\/ -->\n<title>3M Transpore muoviteippi, 24kpl - Lasher<\/title>\n<meta name=\"description\" content=\"3M Transpore muoviteippi on l\u00e4pin\u00e4kyv\u00e4 ja rei\u2019itetty, vedenkest\u00e4v\u00e4 l\u00e4\u00e4kint\u00e4teippi. Teippi on hypoallergeeninen ja lateksiton. Koko: 1,25cm x 9,1m\" \/>\n<meta name=\"robots\" content=\"index, follow, max-snippet:-1, max-image-preview:large, max-video-preview:-1\" \/>\n<link rel=\"canonical\" href=\"https:\/\/lasher.ee\/fi\/tuote\/3m-kirurginen-muoviteippi-24kpl\/\" \/>\n<meta property=\"og:locale\" content=\"fi_FI\" \/>\n<meta property=\"og:type\" content=\"article\" \/>\n<meta property=\"og:title\" content=\"3M Transpore muoviteippi, 24kpl - Lasher\" \/>\n<meta property=\"og:description\" content=\"3M Transpore muoviteippi on l\u00e4pin\u00e4kyv\u00e4 ja rei\u2019itetty, vedenkest\u00e4v\u00e4 l\u00e4\u00e4kint\u00e4teippi. Teippi on hypoallergeeninen ja lateksiton. Koko: 1,25cm x 9,1m\" \/>\n<meta property=\"og:url\" content=\"https:\/\/lasher.ee\/fi\/tuote\/3m-kirurginen-muoviteippi-24kpl\/\" \/>\n<meta property=\"og:site_name\" content=\"Lasher\" \/>\n<meta property=\"article:publisher\" content=\"https:\/\/www.facebook.com\/profile.php?id=61564523265885\" \/>\n<meta property=\"article:modified_time\" content=\"2026-03-03T08:24:21+00:00\" \/>\n<meta property=\"og:image\" content=\"https:\/\/lasher.ee\/wp-content\/uploads\/2025\/03\/Transpore-teip.jpg\" \/>\n\t<meta property=\"og:image:width\" content=\"1025\" \/>\n\t<meta property=\"og:image:height\" content=\"1025\" \/>\n\t<meta property=\"og:image:type\" content=\"image\/jpeg\" \/>\n<meta name=\"twitter:card\" content=\"summary_large_image\" \/>\n<meta name=\"twitter:label1\" content=\"Arvioitu lukuaika\" \/>\n\t<meta name=\"twitter:data1\" content=\"1 minuutti\" \/>\n<script type=\"application\/ld+json\" class=\"yoast-schema-graph\">{\"@context\":\"https:\\\/\\\/schema.org\",\"@graph\":[{\"@type\":\"WebPage\",\"@id\":\"https:\\\/\\\/lasher.ee\\\/fi\\\/tuote\\\/3m-kirurginen-muoviteippi-24kpl\\\/\",\"url\":\"https:\\\/\\\/lasher.ee\\\/fi\\\/tuote\\\/3m-kirurginen-muoviteippi-24kpl\\\/\",\"name\":\"3M Transpore muoviteippi, 24kpl - Lasher\",\"isPartOf\":{\"@id\":\"https:\\\/\\\/lasher.ee\\\/fi\\\/#website\"},\"primaryImageOfPage\":{\"@id\":\"https:\\\/\\\/lasher.ee\\\/fi\\\/tuote\\\/3m-kirurginen-muoviteippi-24kpl\\\/#primaryimage\"},\"image\":{\"@id\":\"https:\\\/\\\/lasher.ee\\\/fi\\\/tuote\\\/3m-kirurginen-muoviteippi-24kpl\\\/#primaryimage\"},\"thumbnailUrl\":\"https:\\\/\\\/lasher.ee\\\/wp-content\\\/uploads\\\/2025\\\/03\\\/Transpore-teip.jpg\",\"datePublished\":\"2024-08-05T21:37:00+00:00\",\"dateModified\":\"2026-03-03T08:24:21+00:00\",\"description\":\"3M Transpore muoviteippi on l\u00e4pin\u00e4kyv\u00e4 ja rei\u2019itetty, vedenkest\u00e4v\u00e4 l\u00e4\u00e4kint\u00e4teippi. Teippi on hypoallergeeninen ja lateksiton. Koko: 1,25cm x 9,1m\",\"breadcrumb\":{\"@id\":\"https:\\\/\\\/lasher.ee\\\/fi\\\/tuote\\\/3m-kirurginen-muoviteippi-24kpl\\\/#breadcrumb\"},\"inLanguage\":\"fi\",\"potentialAction\":[{\"@type\":\"ReadAction\",\"target\":[\"https:\\\/\\\/lasher.ee\\\/fi\\\/tuote\\\/3m-kirurginen-muoviteippi-24kpl\\\/\"]}]},{\"@type\":\"ImageObject\",\"inLanguage\":\"fi\",\"@id\":\"https:\\\/\\\/lasher.ee\\\/fi\\\/tuote\\\/3m-kirurginen-muoviteippi-24kpl\\\/#primaryimage\",\"url\":\"https:\\\/\\\/lasher.ee\\\/wp-content\\\/uploads\\\/2025\\\/03\\\/Transpore-teip.jpg\",\"contentUrl\":\"https:\\\/\\\/lasher.ee\\\/wp-content\\\/uploads\\\/2025\\\/03\\\/Transpore-teip.jpg\",\"width\":1025,\"height\":1025,\"caption\":\"Transpore 3M muoviteippi 24kpl\"},{\"@type\":\"BreadcrumbList\",\"@id\":\"https:\\\/\\\/lasher.ee\\\/fi\\\/tuote\\\/3m-kirurginen-muoviteippi-24kpl\\\/#breadcrumb\",\"itemListElement\":[{\"@type\":\"ListItem\",\"position\":1,\"name\":\"Home\",\"item\":\"https:\\\/\\\/lasher.ee\\\/fi\\\/\"},{\"@type\":\"ListItem\",\"position\":2,\"name\":\"Kaikki tuotteet\",\"item\":\"https:\\\/\\\/lasher.ee\\\/fi\\\/kaikki-tuotteet\\\/\"},{\"@type\":\"ListItem\",\"position\":3,\"name\":\"3M Transpore muoviteippi, 24kpl\"}]},{\"@type\":\"WebSite\",\"@id\":\"https:\\\/\\\/lasher.ee\\\/fi\\\/#website\",\"url\":\"https:\\\/\\\/lasher.ee\\\/fi\\\/\",\"name\":\"Lasher\",\"description\":\"K\u00f5ik vajalikud ripsmetarvikud ripsmetehnikule \u00fchest kohast.\",\"publisher\":{\"@id\":\"https:\\\/\\\/lasher.ee\\\/fi\\\/#organization\"},\"potentialAction\":[{\"@type\":\"SearchAction\",\"target\":{\"@type\":\"EntryPoint\",\"urlTemplate\":\"https:\\\/\\\/lasher.ee\\\/fi\\\/?s={search_term_string}\"},\"query-input\":{\"@type\":\"PropertyValueSpecification\",\"valueRequired\":true,\"valueName\":\"search_term_string\"}}],\"inLanguage\":\"fi\"},{\"@type\":\"Organization\",\"@id\":\"https:\\\/\\\/lasher.ee\\\/fi\\\/#organization\",\"name\":\"Lasher\",\"url\":\"https:\\\/\\\/lasher.ee\\\/fi\\\/\",\"logo\":{\"@type\":\"ImageObject\",\"inLanguage\":\"fi\",\"@id\":\"https:\\\/\\\/lasher.ee\\\/fi\\\/#\\\/schema\\\/logo\\\/image\\\/\",\"url\":\"https:\\\/\\\/lasher.ee\\\/wp-content\\\/uploads\\\/2024\\\/09\\\/Screenshot-2024-09-03-at-11.58.17.png\",\"contentUrl\":\"https:\\\/\\\/lasher.ee\\\/wp-content\\\/uploads\\\/2024\\\/09\\\/Screenshot-2024-09-03-at-11.58.17.png\",\"width\":1678,\"height\":1670,\"caption\":\"Lasher\"},\"image\":{\"@id\":\"https:\\\/\\\/lasher.ee\\\/fi\\\/#\\\/schema\\\/logo\\\/image\\\/\"},\"sameAs\":[\"https:\\\/\\\/www.facebook.com\\\/profile.php?id=61564523265885\",\"https:\\\/\\\/www.instagram.com\\\/lasher_official\\\/\"]}]}<\/script>\n<!-- \/ Yoast SEO plugin. -->","yoast_head_json":{"title":"3M Transpore muoviteippi, 24kpl - Lasher","description":"3M Transpore muoviteippi on l\u00e4pin\u00e4kyv\u00e4 ja rei\u2019itetty, vedenkest\u00e4v\u00e4 l\u00e4\u00e4kint\u00e4teippi. Teippi on hypoallergeeninen ja lateksiton. Koko: 1,25cm x 9,1m","robots":{"index":"index","follow":"follow","max-snippet":"max-snippet:-1","max-image-preview":"max-image-preview:large","max-video-preview":"max-video-preview:-1"},"canonical":"https:\/\/lasher.ee\/fi\/tuote\/3m-kirurginen-muoviteippi-24kpl\/","og_locale":"fi_FI","og_type":"article","og_title":"3M Transpore muoviteippi, 24kpl - Lasher","og_description":"3M Transpore muoviteippi on l\u00e4pin\u00e4kyv\u00e4 ja rei\u2019itetty, vedenkest\u00e4v\u00e4 l\u00e4\u00e4kint\u00e4teippi. Teippi on hypoallergeeninen ja lateksiton. Koko: 1,25cm x 9,1m","og_url":"https:\/\/lasher.ee\/fi\/tuote\/3m-kirurginen-muoviteippi-24kpl\/","og_site_name":"Lasher","article_publisher":"https:\/\/www.facebook.com\/profile.php?id=61564523265885","article_modified_time":"2026-03-03T08:24:21+00:00","og_image":[{"width":1025,"height":1025,"url":"https:\/\/lasher.ee\/wp-content\/uploads\/2025\/03\/Transpore-teip.jpg","type":"image\/jpeg"}],"twitter_card":"summary_large_image","twitter_misc":{"Arvioitu lukuaika":"1 minuutti"},"schema":{"@context":"https:\/\/schema.org","@graph":[{"@type":"WebPage","@id":"https:\/\/lasher.ee\/fi\/tuote\/3m-kirurginen-muoviteippi-24kpl\/","url":"https:\/\/lasher.ee\/fi\/tuote\/3m-kirurginen-muoviteippi-24kpl\/","name":"3M Transpore muoviteippi, 24kpl - Lasher","isPartOf":{"@id":"https:\/\/lasher.ee\/fi\/#website"},"primaryImageOfPage":{"@id":"https:\/\/lasher.ee\/fi\/tuote\/3m-kirurginen-muoviteippi-24kpl\/#primaryimage"},"image":{"@id":"https:\/\/lasher.ee\/fi\/tuote\/3m-kirurginen-muoviteippi-24kpl\/#primaryimage"},"thumbnailUrl":"https:\/\/lasher.ee\/wp-content\/uploads\/2025\/03\/Transpore-teip.jpg","datePublished":"2024-08-05T21:37:00+00:00","dateModified":"2026-03-03T08:24:21+00:00","description":"3M Transpore muoviteippi on l\u00e4pin\u00e4kyv\u00e4 ja rei\u2019itetty, vedenkest\u00e4v\u00e4 l\u00e4\u00e4kint\u00e4teippi. Teippi on hypoallergeeninen ja lateksiton. Koko: 1,25cm x 9,1m","breadcrumb":{"@id":"https:\/\/lasher.ee\/fi\/tuote\/3m-kirurginen-muoviteippi-24kpl\/#breadcrumb"},"inLanguage":"fi","potentialAction":[{"@type":"ReadAction","target":["https:\/\/lasher.ee\/fi\/tuote\/3m-kirurginen-muoviteippi-24kpl\/"]}]},{"@type":"ImageObject","inLanguage":"fi","@id":"https:\/\/lasher.ee\/fi\/tuote\/3m-kirurginen-muoviteippi-24kpl\/#primaryimage","url":"https:\/\/lasher.ee\/wp-content\/uploads\/2025\/03\/Transpore-teip.jpg","contentUrl":"https:\/\/lasher.ee\/wp-content\/uploads\/2025\/03\/Transpore-teip.jpg","width":1025,"height":1025,"caption":"Transpore 3M muoviteippi 24kpl"},{"@type":"BreadcrumbList","@id":"https:\/\/lasher.ee\/fi\/tuote\/3m-kirurginen-muoviteippi-24kpl\/#breadcrumb","itemListElement":[{"@type":"ListItem","position":1,"name":"Home","item":"https:\/\/lasher.ee\/fi\/"},{"@type":"ListItem","position":2,"name":"Kaikki tuotteet","item":"https:\/\/lasher.ee\/fi\/kaikki-tuotteet\/"},{"@type":"ListItem","position":3,"name":"3M Transpore muoviteippi, 24kpl"}]},{"@type":"WebSite","@id":"https:\/\/lasher.ee\/fi\/#website","url":"https:\/\/lasher.ee\/fi\/","name":"Lasher","description":"K\u00f5ik vajalikud ripsmetarvikud ripsmetehnikule \u00fchest kohast.","publisher":{"@id":"https:\/\/lasher.ee\/fi\/#organization"},"potentialAction":[{"@type":"SearchAction","target":{"@type":"EntryPoint","urlTemplate":"https:\/\/lasher.ee\/fi\/?s={search_term_string}"},"query-input":{"@type":"PropertyValueSpecification","valueRequired":true,"valueName":"search_term_string"}}],"inLanguage":"fi"},{"@type":"Organization","@id":"https:\/\/lasher.ee\/fi\/#organization","name":"Lasher","url":"https:\/\/lasher.ee\/fi\/","logo":{"@type":"ImageObject","inLanguage":"fi","@id":"https:\/\/lasher.ee\/fi\/#\/schema\/logo\/image\/","url":"https:\/\/lasher.ee\/wp-content\/uploads\/2024\/09\/Screenshot-2024-09-03-at-11.58.17.png","contentUrl":"https:\/\/lasher.ee\/wp-content\/uploads\/2024\/09\/Screenshot-2024-09-03-at-11.58.17.png","width":1678,"height":1670,"caption":"Lasher"},"image":{"@id":"https:\/\/lasher.ee\/fi\/#\/schema\/logo\/image\/"},"sameAs":["https:\/\/www.facebook.com\/profile.php?id=61564523265885","https:\/\/www.instagram.com\/lasher_official\/"]}]}},"_links":{"self":[{"href":"https:\/\/lasher.ee\/fi\/wp-json\/wp\/v2\/product\/2519","targetHints":{"allow":["GET"]}}],"collection":[{"href":"https:\/\/lasher.ee\/fi\/wp-json\/wp\/v2\/product"}],"about":[{"href":"https:\/\/lasher.ee\/fi\/wp-json\/wp\/v2\/types\/product"}],"replies":[{"embeddable":true,"href":"https:\/\/lasher.ee\/fi\/wp-json\/wp\/v2\/comments?post=2519"}],"wp:featuredmedia":[{"embeddable":true,"href":"https:\/\/lasher.ee\/fi\/wp-json\/wp\/v2\/media\/6241"}],"wp:attachment":[{"href":"https:\/\/lasher.ee\/fi\/wp-json\/wp\/v2\/media?parent=2519"}],"wp:term":[{"taxonomy":"product_brand","embeddable":true,"href":"https:\/\/lasher.ee\/fi\/wp-json\/wp\/v2\/product_brand?post=2519"},{"taxonomy":"product_cat","embeddable":true,"href":"https:\/\/lasher.ee\/fi\/wp-json\/wp\/v2\/product_cat?post=2519"},{"taxonomy":"product_tag","embeddable":true,"href":"https:\/\/lasher.ee\/fi\/wp-json\/wp\/v2\/product_tag?post=2519"}],"curies":[{"name":"wp","href":"https:\/\/api.w.org\/{rel}","templated":true}]}}