{"id":2686,"date":"2024-08-06T01:02:48","date_gmt":"2024-08-05T22:02:48","guid":{"rendered":"https:\/\/lasher.ee\/lamon-alkoholiton-ripsivari-shampoo\/"},"modified":"2026-04-28T13:47:32","modified_gmt":"2026-04-28T10:47:32","slug":"alkoholiton-ripsishampoo","status":"publish","type":"product","link":"https:\/\/lasher.ee\/fi\/tuote\/alkoholiton-ripsishampoo\/","title":{"rendered":"Alkoholiton ripsishampoo, 100ml"},"content":{"rendered":"<p>Alkoholiton ripsishampoo on pehme\u00e4 vaahto, joka poistaa ripsist\u00e4 lian, liiallisen rasvan ja meikinj\u00e4\u00e4m\u00e4t, se sopii erinomaisesti herk\u00e4lle iholle.<\/p>\n","protected":false},"excerpt":{"rendered":"<p>Koko: 100ml<\/p>\n<p>Pakkaus sis\u00e4lt\u00e4\u00e4 my\u00f6s puhdistusharjan.<\/p>\n<p>Alkoholiton ripsienpuhdistusaine on pehme\u00e4 vaahto, joka poistaa ripsist\u00e4 lian, liiallisen rasvan ja meikinj\u00e4\u00e4m\u00e4t, se sopii erinomaisesti herk\u00e4lle iholle. Pehme\u00e4 vaahto auttaa pit\u00e4m\u00e4\u00e4n ripset puhtaina ja takaa paremman pysyvyyden. Shampoo on erinomainen apuv\u00e4line ripsien j\u00e4lkihoitoon kotik\u00e4yt\u00f6ss\u00e4.<\/p>\n<h6><strong>Ripsishampoo on:<\/strong><\/h6>\n<p>alkoholiton<br \/>\nhypoallergeeninen,<br \/>\nvegaaninen,<br \/>\nei sis\u00e4ll\u00e4 v\u00e4riaineita,<br \/>\nsis\u00e4lt\u00e4\u00e4 Aloe Veraa.<\/p>\n<p>Tuote on tarkoitettu ammattimaiseen ja p\u00e4ivitt\u00e4iseen k\u00e4ytt\u00f6\u00f6n.<\/p>\n<h6><strong>K\u00e4ytt\u00f6ohje\u2028<\/strong><\/h6>\n<p>Levit\u00e4 vaahto suljetuille silmille ja puhdista varovasti puhdistusharjalla. Huuhtele huolellisesti kaikki ripsivaahdon j\u00e4\u00e4m\u00e4t pois vedell\u00e4. Kuivaa pehme\u00e4ll\u00e4 pyyhkeell\u00e4.<\/p>\n<h6><strong>P\u00e4\u00e4ainesosat<\/strong><\/h6>\n<p>Chamaecyparis Obtusa Water &#8211; puhdistava ja rauhoittava<br \/>\nAloe Barbadensis Leaf Extract- kosteuttava ja rauhoittava<br \/>\nCentella Asiatica Extract- rauhoittava ja kosteuttava<br \/>\nDiospyros Kaki Leaf Extract &#8211; virkist\u00e4v\u00e4;<br \/>\nUlmus Davidiana Root Extract- ihon kunnon parantaminen;<br \/>\nPaeonia Suffruticosa Root- kosteuttava.<\/p>\n<h6><strong>Koostumus<\/strong><\/h6>\n<p>AQUA, Coco-Betaine, Capryl\/Capramidopropyl Betaine, Decyl Glucoside, Glycerin, Allantoin, Castanea Crenata (Chestnut) Shell Extract, Camella Sinensis Leaf Extract, Hamamelis Virginiana Extract, Schisandra Chinensis Fruit Extract, Portulaca Oleracea Extract, Scutellaria Baicalensis Root Extract, Plantago Asiatica extract, Disodium EDTA, Chlorphensin<\/p>\n<p>&nbsp;<\/p>\n","protected":false},"featured_media":6893,"comment_status":"open","ping_status":"closed","template":"","meta":{"site-sidebar-layout":"default","site-content-layout":"","ast-site-content-layout":"default","site-content-style":"default","site-sidebar-style":"default","ast-global-header-display":"","ast-banner-title-visibility":"","ast-main-header-display":"","ast-hfb-above-header-display":"","ast-hfb-below-header-display":"","ast-hfb-mobile-header-display":"","site-post-title":"","ast-breadcrumbs-content":"","ast-featured-img":"","footer-sml-layout":"","ast-disable-related-posts":"","theme-transparent-header-meta":"default","adv-header-id-meta":"","stick-header-meta":"","header-above-stick-meta":"","header-main-stick-meta":"","header-below-stick-meta":"","astra-migrate-meta-layouts":"set","ast-page-background-enabled":"default","ast-page-background-meta":{"desktop":{"background-color":"var(--ast-global-color-4)","background-image":"","background-repeat":"repeat","background-position":"center center","background-size":"auto","background-attachment":"scroll","background-type":"","background-media":"","overlay-type":"","overlay-color":"","overlay-opacity":"","overlay-gradient":""},"tablet":{"background-color":"","background-image":"","background-repeat":"repeat","background-position":"center center","background-size":"auto","background-attachment":"scroll","background-type":"","background-media":"","overlay-type":"","overlay-color":"","overlay-opacity":"","overlay-gradient":""},"mobile":{"background-color":"","background-image":"","background-repeat":"repeat","background-position":"center center","background-size":"auto","background-attachment":"scroll","background-type":"","background-media":"","overlay-type":"","overlay-color":"","overlay-opacity":"","overlay-gradient":""}},"ast-content-background-meta":{"desktop":{"background-color":"var(--ast-global-color-5)","background-image":"","background-repeat":"repeat","background-position":"center center","background-size":"auto","background-attachment":"scroll","background-type":"","background-media":"","overlay-type":"","overlay-color":"","overlay-opacity":"","overlay-gradient":""},"tablet":{"background-color":"var(--ast-global-color-5)","background-image":"","background-repeat":"repeat","background-position":"center center","background-size":"auto","background-attachment":"scroll","background-type":"","background-media":"","overlay-type":"","overlay-color":"","overlay-opacity":"","overlay-gradient":""},"mobile":{"background-color":"var(--ast-global-color-5)","background-image":"","background-repeat":"repeat","background-position":"center center","background-size":"auto","background-attachment":"scroll","background-type":"","background-media":"","overlay-type":"","overlay-color":"","overlay-opacity":"","overlay-gradient":""}}},"product_brand":[],"product_cat":[84,95,85],"product_tag":[],"class_list":{"0":"post-2686","1":"product","2":"type-product","3":"status-publish","4":"has-post-thumbnail","6":"product_cat-esihoito","7":"product_cat-huolto","8":"product_cat-jalkihoito","9":"desktop-align-left","10":"tablet-align-left","11":"mobile-align-left","13":"first","14":"instock","15":"shipping-taxable","16":"purchasable","17":"product-type-variable"},"yoast_head":"<!-- This site is optimized with the Yoast SEO plugin v27.4 - https:\/\/yoast.com\/product\/yoast-seo-wordpress\/ -->\n<title>Alkoholiton ripsishampoo, 100ml - Lasher<\/title>\n<meta name=\"description\" content=\"Alkoholiton ripsishampoo herk\u00e4lle iholle. Poistaa lian ja meikin hell\u00e4varaisesti, parantaa pidennysten pysyvyytt\u00e4. Vegaaninen ja Aloe Veraa sis\u00e4lt\u00e4v\u00e4.\" \/>\n<meta name=\"robots\" content=\"index, follow, max-snippet:-1, max-image-preview:large, max-video-preview:-1\" \/>\n<link rel=\"canonical\" href=\"https:\/\/lasher.ee\/fi\/tuote\/alkoholiton-ripsishampoo\/\" \/>\n<meta property=\"og:locale\" content=\"fi_FI\" \/>\n<meta property=\"og:type\" content=\"article\" \/>\n<meta property=\"og:title\" content=\"Alkoholiton ripsishampoo, 100ml - Lasher\" \/>\n<meta property=\"og:description\" content=\"Alkoholiton ripsishampoo herk\u00e4lle iholle. Poistaa lian ja meikin hell\u00e4varaisesti, parantaa pidennysten pysyvyytt\u00e4. Vegaaninen ja Aloe Veraa sis\u00e4lt\u00e4v\u00e4.\" \/>\n<meta property=\"og:url\" content=\"https:\/\/lasher.ee\/fi\/tuote\/alkoholiton-ripsishampoo\/\" \/>\n<meta property=\"og:site_name\" content=\"Lasher\" \/>\n<meta property=\"article:publisher\" content=\"https:\/\/www.facebook.com\/profile.php?id=61564523265885\" \/>\n<meta property=\"article:modified_time\" content=\"2026-04-28T10:47:32+00:00\" \/>\n<meta property=\"og:image\" content=\"https:\/\/lasher.ee\/wp-content\/uploads\/2024\/08\/IMG_4204.jpeg\" \/>\n\t<meta property=\"og:image:width\" content=\"1025\" \/>\n\t<meta property=\"og:image:height\" content=\"1025\" \/>\n\t<meta property=\"og:image:type\" content=\"image\/jpeg\" \/>\n<meta name=\"twitter:card\" content=\"summary_large_image\" \/>\n<meta name=\"twitter:label1\" content=\"Arvioitu lukuaika\" \/>\n\t<meta name=\"twitter:data1\" content=\"1 minuutti\" \/>\n<script type=\"application\/ld+json\" class=\"yoast-schema-graph\">{\"@context\":\"https:\\\/\\\/schema.org\",\"@graph\":[{\"@type\":\"WebPage\",\"@id\":\"https:\\\/\\\/lasher.ee\\\/fi\\\/tuote\\\/alkoholiton-ripsishampoo\\\/\",\"url\":\"https:\\\/\\\/lasher.ee\\\/fi\\\/tuote\\\/alkoholiton-ripsishampoo\\\/\",\"name\":\"Alkoholiton ripsishampoo, 100ml - Lasher\",\"isPartOf\":{\"@id\":\"https:\\\/\\\/lasher.ee\\\/fi\\\/#website\"},\"primaryImageOfPage\":{\"@id\":\"https:\\\/\\\/lasher.ee\\\/fi\\\/tuote\\\/alkoholiton-ripsishampoo\\\/#primaryimage\"},\"image\":{\"@id\":\"https:\\\/\\\/lasher.ee\\\/fi\\\/tuote\\\/alkoholiton-ripsishampoo\\\/#primaryimage\"},\"thumbnailUrl\":\"https:\\\/\\\/lasher.ee\\\/wp-content\\\/uploads\\\/2024\\\/08\\\/IMG_4204.jpeg\",\"datePublished\":\"2024-08-05T22:02:48+00:00\",\"dateModified\":\"2026-04-28T10:47:32+00:00\",\"description\":\"Alkoholiton ripsishampoo herk\u00e4lle iholle. Poistaa lian ja meikin hell\u00e4varaisesti, parantaa pidennysten pysyvyytt\u00e4. Vegaaninen ja Aloe Veraa sis\u00e4lt\u00e4v\u00e4.\",\"breadcrumb\":{\"@id\":\"https:\\\/\\\/lasher.ee\\\/fi\\\/tuote\\\/alkoholiton-ripsishampoo\\\/#breadcrumb\"},\"inLanguage\":\"fi\",\"potentialAction\":[{\"@type\":\"ReadAction\",\"target\":[\"https:\\\/\\\/lasher.ee\\\/fi\\\/tuote\\\/alkoholiton-ripsishampoo\\\/\"]}]},{\"@type\":\"ImageObject\",\"inLanguage\":\"fi\",\"@id\":\"https:\\\/\\\/lasher.ee\\\/fi\\\/tuote\\\/alkoholiton-ripsishampoo\\\/#primaryimage\",\"url\":\"https:\\\/\\\/lasher.ee\\\/wp-content\\\/uploads\\\/2024\\\/08\\\/IMG_4204.jpeg\",\"contentUrl\":\"https:\\\/\\\/lasher.ee\\\/wp-content\\\/uploads\\\/2024\\\/08\\\/IMG_4204.jpeg\",\"width\":1025,\"height\":1025,\"caption\":\"Alkoholiton ripsishampoo, 100ml poistaa ripsist\u00e4 lian, liiallisen rasvan ja meikinj\u00e4\u00e4m\u00e4t, se sopii erinomaisesti herk\u00e4lle iholle.\"},{\"@type\":\"BreadcrumbList\",\"@id\":\"https:\\\/\\\/lasher.ee\\\/fi\\\/tuote\\\/alkoholiton-ripsishampoo\\\/#breadcrumb\",\"itemListElement\":[{\"@type\":\"ListItem\",\"position\":1,\"name\":\"Home\",\"item\":\"https:\\\/\\\/lasher.ee\\\/fi\\\/\"},{\"@type\":\"ListItem\",\"position\":2,\"name\":\"Kaikki tuotteet\",\"item\":\"https:\\\/\\\/lasher.ee\\\/fi\\\/kaikki-tuotteet\\\/\"},{\"@type\":\"ListItem\",\"position\":3,\"name\":\"Alkoholiton ripsishampoo, 100ml\"}]},{\"@type\":\"WebSite\",\"@id\":\"https:\\\/\\\/lasher.ee\\\/fi\\\/#website\",\"url\":\"https:\\\/\\\/lasher.ee\\\/fi\\\/\",\"name\":\"Lasher\",\"description\":\"K\u00f5ik vajalikud ripsmetarvikud ripsmetehnikule \u00fchest kohast.\",\"publisher\":{\"@id\":\"https:\\\/\\\/lasher.ee\\\/fi\\\/#organization\"},\"potentialAction\":[{\"@type\":\"SearchAction\",\"target\":{\"@type\":\"EntryPoint\",\"urlTemplate\":\"https:\\\/\\\/lasher.ee\\\/fi\\\/?s={search_term_string}\"},\"query-input\":{\"@type\":\"PropertyValueSpecification\",\"valueRequired\":true,\"valueName\":\"search_term_string\"}}],\"inLanguage\":\"fi\"},{\"@type\":\"Organization\",\"@id\":\"https:\\\/\\\/lasher.ee\\\/fi\\\/#organization\",\"name\":\"Lasher\",\"url\":\"https:\\\/\\\/lasher.ee\\\/fi\\\/\",\"logo\":{\"@type\":\"ImageObject\",\"inLanguage\":\"fi\",\"@id\":\"https:\\\/\\\/lasher.ee\\\/fi\\\/#\\\/schema\\\/logo\\\/image\\\/\",\"url\":\"https:\\\/\\\/lasher.ee\\\/wp-content\\\/uploads\\\/2024\\\/09\\\/Screenshot-2024-09-03-at-11.58.17.png\",\"contentUrl\":\"https:\\\/\\\/lasher.ee\\\/wp-content\\\/uploads\\\/2024\\\/09\\\/Screenshot-2024-09-03-at-11.58.17.png\",\"width\":1678,\"height\":1670,\"caption\":\"Lasher\"},\"image\":{\"@id\":\"https:\\\/\\\/lasher.ee\\\/fi\\\/#\\\/schema\\\/logo\\\/image\\\/\"},\"sameAs\":[\"https:\\\/\\\/www.facebook.com\\\/profile.php?id=61564523265885\",\"https:\\\/\\\/www.instagram.com\\\/lasher_official\\\/\"]}]}<\/script>\n<!-- \/ Yoast SEO plugin. -->","yoast_head_json":{"title":"Alkoholiton ripsishampoo, 100ml - Lasher","description":"Alkoholiton ripsishampoo herk\u00e4lle iholle. Poistaa lian ja meikin hell\u00e4varaisesti, parantaa pidennysten pysyvyytt\u00e4. Vegaaninen ja Aloe Veraa sis\u00e4lt\u00e4v\u00e4.","robots":{"index":"index","follow":"follow","max-snippet":"max-snippet:-1","max-image-preview":"max-image-preview:large","max-video-preview":"max-video-preview:-1"},"canonical":"https:\/\/lasher.ee\/fi\/tuote\/alkoholiton-ripsishampoo\/","og_locale":"fi_FI","og_type":"article","og_title":"Alkoholiton ripsishampoo, 100ml - Lasher","og_description":"Alkoholiton ripsishampoo herk\u00e4lle iholle. Poistaa lian ja meikin hell\u00e4varaisesti, parantaa pidennysten pysyvyytt\u00e4. Vegaaninen ja Aloe Veraa sis\u00e4lt\u00e4v\u00e4.","og_url":"https:\/\/lasher.ee\/fi\/tuote\/alkoholiton-ripsishampoo\/","og_site_name":"Lasher","article_publisher":"https:\/\/www.facebook.com\/profile.php?id=61564523265885","article_modified_time":"2026-04-28T10:47:32+00:00","og_image":[{"width":1025,"height":1025,"url":"https:\/\/lasher.ee\/wp-content\/uploads\/2024\/08\/IMG_4204.jpeg","type":"image\/jpeg"}],"twitter_card":"summary_large_image","twitter_misc":{"Arvioitu lukuaika":"1 minuutti"},"schema":{"@context":"https:\/\/schema.org","@graph":[{"@type":"WebPage","@id":"https:\/\/lasher.ee\/fi\/tuote\/alkoholiton-ripsishampoo\/","url":"https:\/\/lasher.ee\/fi\/tuote\/alkoholiton-ripsishampoo\/","name":"Alkoholiton ripsishampoo, 100ml - Lasher","isPartOf":{"@id":"https:\/\/lasher.ee\/fi\/#website"},"primaryImageOfPage":{"@id":"https:\/\/lasher.ee\/fi\/tuote\/alkoholiton-ripsishampoo\/#primaryimage"},"image":{"@id":"https:\/\/lasher.ee\/fi\/tuote\/alkoholiton-ripsishampoo\/#primaryimage"},"thumbnailUrl":"https:\/\/lasher.ee\/wp-content\/uploads\/2024\/08\/IMG_4204.jpeg","datePublished":"2024-08-05T22:02:48+00:00","dateModified":"2026-04-28T10:47:32+00:00","description":"Alkoholiton ripsishampoo herk\u00e4lle iholle. Poistaa lian ja meikin hell\u00e4varaisesti, parantaa pidennysten pysyvyytt\u00e4. Vegaaninen ja Aloe Veraa sis\u00e4lt\u00e4v\u00e4.","breadcrumb":{"@id":"https:\/\/lasher.ee\/fi\/tuote\/alkoholiton-ripsishampoo\/#breadcrumb"},"inLanguage":"fi","potentialAction":[{"@type":"ReadAction","target":["https:\/\/lasher.ee\/fi\/tuote\/alkoholiton-ripsishampoo\/"]}]},{"@type":"ImageObject","inLanguage":"fi","@id":"https:\/\/lasher.ee\/fi\/tuote\/alkoholiton-ripsishampoo\/#primaryimage","url":"https:\/\/lasher.ee\/wp-content\/uploads\/2024\/08\/IMG_4204.jpeg","contentUrl":"https:\/\/lasher.ee\/wp-content\/uploads\/2024\/08\/IMG_4204.jpeg","width":1025,"height":1025,"caption":"Alkoholiton ripsishampoo, 100ml poistaa ripsist\u00e4 lian, liiallisen rasvan ja meikinj\u00e4\u00e4m\u00e4t, se sopii erinomaisesti herk\u00e4lle iholle."},{"@type":"BreadcrumbList","@id":"https:\/\/lasher.ee\/fi\/tuote\/alkoholiton-ripsishampoo\/#breadcrumb","itemListElement":[{"@type":"ListItem","position":1,"name":"Home","item":"https:\/\/lasher.ee\/fi\/"},{"@type":"ListItem","position":2,"name":"Kaikki tuotteet","item":"https:\/\/lasher.ee\/fi\/kaikki-tuotteet\/"},{"@type":"ListItem","position":3,"name":"Alkoholiton ripsishampoo, 100ml"}]},{"@type":"WebSite","@id":"https:\/\/lasher.ee\/fi\/#website","url":"https:\/\/lasher.ee\/fi\/","name":"Lasher","description":"K\u00f5ik vajalikud ripsmetarvikud ripsmetehnikule \u00fchest kohast.","publisher":{"@id":"https:\/\/lasher.ee\/fi\/#organization"},"potentialAction":[{"@type":"SearchAction","target":{"@type":"EntryPoint","urlTemplate":"https:\/\/lasher.ee\/fi\/?s={search_term_string}"},"query-input":{"@type":"PropertyValueSpecification","valueRequired":true,"valueName":"search_term_string"}}],"inLanguage":"fi"},{"@type":"Organization","@id":"https:\/\/lasher.ee\/fi\/#organization","name":"Lasher","url":"https:\/\/lasher.ee\/fi\/","logo":{"@type":"ImageObject","inLanguage":"fi","@id":"https:\/\/lasher.ee\/fi\/#\/schema\/logo\/image\/","url":"https:\/\/lasher.ee\/wp-content\/uploads\/2024\/09\/Screenshot-2024-09-03-at-11.58.17.png","contentUrl":"https:\/\/lasher.ee\/wp-content\/uploads\/2024\/09\/Screenshot-2024-09-03-at-11.58.17.png","width":1678,"height":1670,"caption":"Lasher"},"image":{"@id":"https:\/\/lasher.ee\/fi\/#\/schema\/logo\/image\/"},"sameAs":["https:\/\/www.facebook.com\/profile.php?id=61564523265885","https:\/\/www.instagram.com\/lasher_official\/"]}]}},"_links":{"self":[{"href":"https:\/\/lasher.ee\/fi\/wp-json\/wp\/v2\/product\/2686","targetHints":{"allow":["GET"]}}],"collection":[{"href":"https:\/\/lasher.ee\/fi\/wp-json\/wp\/v2\/product"}],"about":[{"href":"https:\/\/lasher.ee\/fi\/wp-json\/wp\/v2\/types\/product"}],"replies":[{"embeddable":true,"href":"https:\/\/lasher.ee\/fi\/wp-json\/wp\/v2\/comments?post=2686"}],"wp:featuredmedia":[{"embeddable":true,"href":"https:\/\/lasher.ee\/fi\/wp-json\/wp\/v2\/media\/6893"}],"wp:attachment":[{"href":"https:\/\/lasher.ee\/fi\/wp-json\/wp\/v2\/media?parent=2686"}],"wp:term":[{"taxonomy":"product_brand","embeddable":true,"href":"https:\/\/lasher.ee\/fi\/wp-json\/wp\/v2\/product_brand?post=2686"},{"taxonomy":"product_cat","embeddable":true,"href":"https:\/\/lasher.ee\/fi\/wp-json\/wp\/v2\/product_cat?post=2686"},{"taxonomy":"product_tag","embeddable":true,"href":"https:\/\/lasher.ee\/fi\/wp-json\/wp\/v2\/product_tag?post=2686"}],"curies":[{"name":"wp","href":"https:\/\/api.w.org\/{rel}","templated":true}]}}