{"id":4330,"date":"2024-11-28T06:40:11","date_gmt":"2024-11-28T04:40:11","guid":{"rendered":"https:\/\/lasher.ee\/master-pro-liima\/"},"modified":"2026-03-10T10:57:11","modified_gmt":"2026-03-10T08:57:11","slug":"ripsiliima-master-pro","status":"publish","type":"product","link":"https:\/\/lasher.ee\/fi\/tuote\/ripsiliima-master-pro\/","title":{"rendered":"Ripsiliima Master pro, 1 sek"},"content":{"rendered":"<p>Ripsiliima Master Pro. Liiman v\u00e4ri- musta, kuivamisaika 1 sekunti, kesto 7 \u2013 8 viikkoa, huoneen l\u00e4mp\u00f6tila 19 &#8211; 25\u00b0C, huoneen kosteus: 35 &#8211; 55%.<\/p>\n","protected":false},"excerpt":{"rendered":"<ul>\n<li>Liiman v\u00e4ri: musta<\/li>\n<li>Kuivamisaika: 1 sekunti<\/li>\n<li>Kesto: 7 \u2013 8 viikkoa<\/li>\n<li>Huoneen l\u00e4mp\u00f6tila: 19 &#8211; 25\u00b0C<\/li>\n<li>Huoneen kosteus: 35 &#8211; 55%<\/li>\n<li>Liima-h\u00f6yryt: \u25cf\u25cf\u25e6\u25e6\u25e6<\/li>\n<li>Viskositeetti: \u25cf\u25e6\u25e6\u25e6\u25e6<\/li>\n<li>Latex and formaldehyde vapaa<\/li>\n<\/ul>\n<p>Vain ammattilaisk\u00e4ytt\u00f6\u00f6n.<\/p>\n<p>Ripsiliima Master pro on korkealaatuinen ammattik\u00e4ytt\u00f6\u00f6n tarkoitettu liima, joka on suunniteltu kokeneille ripsientekij\u00f6ille, jotka arvostavat vahvaa kiinnittymist\u00e4, nopeaa kuivumisaikaa ja tasalaatuista lopputulosta. Liima sopii sek\u00e4 klassisten, valmisviuhkojen, volyymi- ett\u00e4 megavolyymin ripsienpidennysten asentamiseen. Master Pro ripsiliima toimii erityisen hyvin l\u00e4mmityskaudella, kun sis\u00e4ilman kosteus on alhaisempi.<\/p>\n<h6><strong>K\u00e4ytt\u00f6<\/strong><\/h6>\n<p>Ennen k\u00e4ytt\u00f6\u00e4 ravista liimaa noin 30-50 sekuntia, jotta kaikki ainesosat sekoittuvat. K\u00e4yt\u00f6n aikana tarkkaile huoneen l\u00e4mp\u00f6tilaa. Paras l\u00e4mp\u00f6tila liimalle on 19-25 \u00b0C ja kosteus 35-55 %. Jos l\u00e4mp\u00f6tila ja kosteus ovat alle 19 \u00b0C ja 35 %, liima voi kuivua hitaammin. Jos l\u00e4mp\u00f6tila on yli 25 \u00b0C ja kosteus yli 55 %, liima voi kuivua nopeammin.<\/p>\n<p>Huoneen kosteuden ja l\u00e4mp\u00f6tilan mittaamiseen k\u00e4yt\u00e4 <em><a href=\"https:\/\/lasher.ee\/fi\/tuote\/digitaalinen-kosteusmittari-ja-lampomittari\/\">hygrometri\u00e4 ja l\u00e4mp\u00f6mittaria.<\/a><\/em><\/p>\n<h6><strong>S\u00e4ilytys<\/strong><\/h6>\n<p>Suojaa suoralta auringonvalolta kuivassa, viile\u00e4ss\u00e4 ja hyvin ilmastoidussa sis\u00e4tilassa. Pid\u00e4 kaukana l\u00e4mm\u00f6nl\u00e4hteist\u00e4. Avaamaton liima s\u00e4ilyy oikeissa olosuhteissa jopa 6 kuukautta, kes\u00e4ll\u00e4 avattuna 2-3 viikkoa, talvella 4-6 viikkoa.<\/p>\n<p>Jotta liima pysyisi pidemp\u00e4\u00e4n tuoreena, suosittelemme sek\u00e4 avatun ett\u00e4 avaamattoman liiman s\u00e4ilytt\u00e4mist\u00e4 <em><a href=\"https:\/\/lasher.ee\/fi\/tuote\/tyhjiosailio-liiman-varastointia-varten\/\">vakuumiastiassa<\/a><\/em>.<\/p>\n<h6><strong>Koostumus<\/strong><\/h6>\n<p>Ethyl Cyanoacrylate, Polymethyl Methacrylate, Ethoxyethyl Cyanoacrylate, Butyl Cyanoacrylate, Carbon Black<\/p>\n","protected":false},"featured_media":10860,"comment_status":"open","ping_status":"closed","template":"","meta":{"site-sidebar-layout":"default","site-content-layout":"","ast-site-content-layout":"default","site-content-style":"default","site-sidebar-style":"default","ast-global-header-display":"","ast-banner-title-visibility":"","ast-main-header-display":"","ast-hfb-above-header-display":"","ast-hfb-below-header-display":"","ast-hfb-mobile-header-display":"","site-post-title":"","ast-breadcrumbs-content":"","ast-featured-img":"","footer-sml-layout":"","ast-disable-related-posts":"","theme-transparent-header-meta":"default","adv-header-id-meta":"","stick-header-meta":"","header-above-stick-meta":"","header-main-stick-meta":"","header-below-stick-meta":"","astra-migrate-meta-layouts":"set","ast-page-background-enabled":"default","ast-page-background-meta":{"desktop":{"background-color":"var(--ast-global-color-4)","background-image":"","background-repeat":"repeat","background-position":"center center","background-size":"auto","background-attachment":"scroll","background-type":"","background-media":"","overlay-type":"","overlay-color":"","overlay-opacity":"","overlay-gradient":""},"tablet":{"background-color":"","background-image":"","background-repeat":"repeat","background-position":"center center","background-size":"auto","background-attachment":"scroll","background-type":"","background-media":"","overlay-type":"","overlay-color":"","overlay-opacity":"","overlay-gradient":""},"mobile":{"background-color":"","background-image":"","background-repeat":"repeat","background-position":"center center","background-size":"auto","background-attachment":"scroll","background-type":"","background-media":"","overlay-type":"","overlay-color":"","overlay-opacity":"","overlay-gradient":""}},"ast-content-background-meta":{"desktop":{"background-color":"var(--ast-global-color-5)","background-image":"","background-repeat":"repeat","background-position":"center center","background-size":"auto","background-attachment":"scroll","background-type":"","background-media":"","overlay-type":"","overlay-color":"","overlay-opacity":"","overlay-gradient":""},"tablet":{"background-color":"var(--ast-global-color-5)","background-image":"","background-repeat":"repeat","background-position":"center center","background-size":"auto","background-attachment":"scroll","background-type":"","background-media":"","overlay-type":"","overlay-color":"","overlay-opacity":"","overlay-gradient":""},"mobile":{"background-color":"var(--ast-global-color-5)","background-image":"","background-repeat":"repeat","background-position":"center center","background-size":"auto","background-attachment":"scroll","background-type":"","background-media":"","overlay-type":"","overlay-color":"","overlay-opacity":"","overlay-gradient":""}}},"product_brand":[],"product_cat":[96,82],"product_tag":[],"class_list":{"0":"post-4330","1":"product","2":"type-product","3":"status-publish","4":"has-post-thumbnail","6":"product_cat-ripsiliima","7":"product_cat-ripsienliima","8":"desktop-align-left","9":"tablet-align-left","10":"mobile-align-left","12":"first","13":"instock","14":"shipping-taxable","15":"purchasable","16":"product-type-simple"},"yoast_head":"<!-- This site is optimized with the Yoast SEO plugin v27.3 - https:\/\/yoast.com\/product\/yoast-seo-wordpress\/ -->\n<title>Ripsiliima Master pro, 1 sek - Lasher<\/title>\n<meta name=\"description\" content=\"Ripsiliima Master Pro- ammattimainen liima, nopea kuivuminen ja 7\u20138 viikon kesto. Toimii hyvin l\u00e4mmityskaudella, kun sis\u00e4ilman kosteus on alhaisempi.\" \/>\n<meta name=\"robots\" content=\"index, follow, max-snippet:-1, max-image-preview:large, max-video-preview:-1\" \/>\n<link rel=\"canonical\" href=\"https:\/\/lasher.ee\/fi\/tuote\/ripsiliima-master-pro\/\" \/>\n<meta property=\"og:locale\" content=\"fi_FI\" \/>\n<meta property=\"og:type\" content=\"article\" \/>\n<meta property=\"og:title\" content=\"Ripsiliima Master pro, 1 sek - Lasher\" \/>\n<meta property=\"og:description\" content=\"Ripsiliima Master Pro- ammattimainen liima, nopea kuivuminen ja 7\u20138 viikon kesto. Toimii hyvin l\u00e4mmityskaudella, kun sis\u00e4ilman kosteus on alhaisempi.\" \/>\n<meta property=\"og:url\" content=\"https:\/\/lasher.ee\/fi\/tuote\/ripsiliima-master-pro\/\" \/>\n<meta property=\"og:site_name\" content=\"Lasher\" \/>\n<meta property=\"article:publisher\" content=\"https:\/\/www.facebook.com\/profile.php?id=61564523265885\" \/>\n<meta property=\"article:modified_time\" content=\"2026-03-10T08:57:11+00:00\" \/>\n<meta property=\"og:image\" content=\"https:\/\/lasher.ee\/wp-content\/uploads\/2024\/11\/3-4-3.jpg\" \/>\n\t<meta property=\"og:image:width\" content=\"905\" \/>\n\t<meta property=\"og:image:height\" content=\"905\" \/>\n\t<meta property=\"og:image:type\" content=\"image\/jpeg\" \/>\n<meta name=\"twitter:card\" content=\"summary_large_image\" \/>\n<meta name=\"twitter:label1\" content=\"Arvioitu lukuaika\" \/>\n\t<meta name=\"twitter:data1\" content=\"1 minuutti\" \/>\n<script type=\"application\/ld+json\" class=\"yoast-schema-graph\">{\"@context\":\"https:\\\/\\\/schema.org\",\"@graph\":[{\"@type\":\"WebPage\",\"@id\":\"https:\\\/\\\/lasher.ee\\\/fi\\\/tuote\\\/ripsiliima-master-pro\\\/\",\"url\":\"https:\\\/\\\/lasher.ee\\\/fi\\\/tuote\\\/ripsiliima-master-pro\\\/\",\"name\":\"Ripsiliima Master pro, 1 sek - Lasher\",\"isPartOf\":{\"@id\":\"https:\\\/\\\/lasher.ee\\\/fi\\\/#website\"},\"primaryImageOfPage\":{\"@id\":\"https:\\\/\\\/lasher.ee\\\/fi\\\/tuote\\\/ripsiliima-master-pro\\\/#primaryimage\"},\"image\":{\"@id\":\"https:\\\/\\\/lasher.ee\\\/fi\\\/tuote\\\/ripsiliima-master-pro\\\/#primaryimage\"},\"thumbnailUrl\":\"https:\\\/\\\/lasher.ee\\\/wp-content\\\/uploads\\\/2024\\\/11\\\/3-4-3.jpg\",\"datePublished\":\"2024-11-28T04:40:11+00:00\",\"dateModified\":\"2026-03-10T08:57:11+00:00\",\"description\":\"Ripsiliima Master Pro- ammattimainen liima, nopea kuivuminen ja 7\u20138 viikon kesto. Toimii hyvin l\u00e4mmityskaudella, kun sis\u00e4ilman kosteus on alhaisempi.\",\"breadcrumb\":{\"@id\":\"https:\\\/\\\/lasher.ee\\\/fi\\\/tuote\\\/ripsiliima-master-pro\\\/#breadcrumb\"},\"inLanguage\":\"fi\",\"potentialAction\":[{\"@type\":\"ReadAction\",\"target\":[\"https:\\\/\\\/lasher.ee\\\/fi\\\/tuote\\\/ripsiliima-master-pro\\\/\"]}]},{\"@type\":\"ImageObject\",\"inLanguage\":\"fi\",\"@id\":\"https:\\\/\\\/lasher.ee\\\/fi\\\/tuote\\\/ripsiliima-master-pro\\\/#primaryimage\",\"url\":\"https:\\\/\\\/lasher.ee\\\/wp-content\\\/uploads\\\/2024\\\/11\\\/3-4-3.jpg\",\"contentUrl\":\"https:\\\/\\\/lasher.ee\\\/wp-content\\\/uploads\\\/2024\\\/11\\\/3-4-3.jpg\",\"width\":905,\"height\":905,\"caption\":\"Ripsiliima Master Pro 1 sek on korkealaatuinen ammattik\u00e4ytt\u00f6\u00f6n tarkoitettu ripsiliima, on suunniteltu kokeneille ripsientekij\u00f6ille, jotka arvostavat vahvaa kiinnittymist\u00e4, nopeaa kuivumisaikaa ja tasalaatuista lopputulosta.\"},{\"@type\":\"BreadcrumbList\",\"@id\":\"https:\\\/\\\/lasher.ee\\\/fi\\\/tuote\\\/ripsiliima-master-pro\\\/#breadcrumb\",\"itemListElement\":[{\"@type\":\"ListItem\",\"position\":1,\"name\":\"Home\",\"item\":\"https:\\\/\\\/lasher.ee\\\/fi\\\/\"},{\"@type\":\"ListItem\",\"position\":2,\"name\":\"Kaikki tuotteet\",\"item\":\"https:\\\/\\\/lasher.ee\\\/fi\\\/kaikki-tuotteet\\\/\"},{\"@type\":\"ListItem\",\"position\":3,\"name\":\"Ripsiliima Master pro, 1 sek\"}]},{\"@type\":\"WebSite\",\"@id\":\"https:\\\/\\\/lasher.ee\\\/fi\\\/#website\",\"url\":\"https:\\\/\\\/lasher.ee\\\/fi\\\/\",\"name\":\"Lasher\",\"description\":\"K\u00f5ik vajalikud ripsmetarvikud ripsmetehnikule \u00fchest kohast.\",\"publisher\":{\"@id\":\"https:\\\/\\\/lasher.ee\\\/fi\\\/#organization\"},\"potentialAction\":[{\"@type\":\"SearchAction\",\"target\":{\"@type\":\"EntryPoint\",\"urlTemplate\":\"https:\\\/\\\/lasher.ee\\\/fi\\\/?s={search_term_string}\"},\"query-input\":{\"@type\":\"PropertyValueSpecification\",\"valueRequired\":true,\"valueName\":\"search_term_string\"}}],\"inLanguage\":\"fi\"},{\"@type\":\"Organization\",\"@id\":\"https:\\\/\\\/lasher.ee\\\/fi\\\/#organization\",\"name\":\"Lasher\",\"url\":\"https:\\\/\\\/lasher.ee\\\/fi\\\/\",\"logo\":{\"@type\":\"ImageObject\",\"inLanguage\":\"fi\",\"@id\":\"https:\\\/\\\/lasher.ee\\\/fi\\\/#\\\/schema\\\/logo\\\/image\\\/\",\"url\":\"https:\\\/\\\/lasher.ee\\\/wp-content\\\/uploads\\\/2024\\\/09\\\/Screenshot-2024-09-03-at-11.58.17.png\",\"contentUrl\":\"https:\\\/\\\/lasher.ee\\\/wp-content\\\/uploads\\\/2024\\\/09\\\/Screenshot-2024-09-03-at-11.58.17.png\",\"width\":1678,\"height\":1670,\"caption\":\"Lasher\"},\"image\":{\"@id\":\"https:\\\/\\\/lasher.ee\\\/fi\\\/#\\\/schema\\\/logo\\\/image\\\/\"},\"sameAs\":[\"https:\\\/\\\/www.facebook.com\\\/profile.php?id=61564523265885\",\"https:\\\/\\\/www.instagram.com\\\/lasher_official\\\/\"]}]}<\/script>\n<!-- \/ Yoast SEO plugin. -->","yoast_head_json":{"title":"Ripsiliima Master pro, 1 sek - Lasher","description":"Ripsiliima Master Pro- ammattimainen liima, nopea kuivuminen ja 7\u20138 viikon kesto. Toimii hyvin l\u00e4mmityskaudella, kun sis\u00e4ilman kosteus on alhaisempi.","robots":{"index":"index","follow":"follow","max-snippet":"max-snippet:-1","max-image-preview":"max-image-preview:large","max-video-preview":"max-video-preview:-1"},"canonical":"https:\/\/lasher.ee\/fi\/tuote\/ripsiliima-master-pro\/","og_locale":"fi_FI","og_type":"article","og_title":"Ripsiliima Master pro, 1 sek - Lasher","og_description":"Ripsiliima Master Pro- ammattimainen liima, nopea kuivuminen ja 7\u20138 viikon kesto. Toimii hyvin l\u00e4mmityskaudella, kun sis\u00e4ilman kosteus on alhaisempi.","og_url":"https:\/\/lasher.ee\/fi\/tuote\/ripsiliima-master-pro\/","og_site_name":"Lasher","article_publisher":"https:\/\/www.facebook.com\/profile.php?id=61564523265885","article_modified_time":"2026-03-10T08:57:11+00:00","og_image":[{"width":905,"height":905,"url":"https:\/\/lasher.ee\/wp-content\/uploads\/2024\/11\/3-4-3.jpg","type":"image\/jpeg"}],"twitter_card":"summary_large_image","twitter_misc":{"Arvioitu lukuaika":"1 minuutti"},"schema":{"@context":"https:\/\/schema.org","@graph":[{"@type":"WebPage","@id":"https:\/\/lasher.ee\/fi\/tuote\/ripsiliima-master-pro\/","url":"https:\/\/lasher.ee\/fi\/tuote\/ripsiliima-master-pro\/","name":"Ripsiliima Master pro, 1 sek - Lasher","isPartOf":{"@id":"https:\/\/lasher.ee\/fi\/#website"},"primaryImageOfPage":{"@id":"https:\/\/lasher.ee\/fi\/tuote\/ripsiliima-master-pro\/#primaryimage"},"image":{"@id":"https:\/\/lasher.ee\/fi\/tuote\/ripsiliima-master-pro\/#primaryimage"},"thumbnailUrl":"https:\/\/lasher.ee\/wp-content\/uploads\/2024\/11\/3-4-3.jpg","datePublished":"2024-11-28T04:40:11+00:00","dateModified":"2026-03-10T08:57:11+00:00","description":"Ripsiliima Master Pro- ammattimainen liima, nopea kuivuminen ja 7\u20138 viikon kesto. Toimii hyvin l\u00e4mmityskaudella, kun sis\u00e4ilman kosteus on alhaisempi.","breadcrumb":{"@id":"https:\/\/lasher.ee\/fi\/tuote\/ripsiliima-master-pro\/#breadcrumb"},"inLanguage":"fi","potentialAction":[{"@type":"ReadAction","target":["https:\/\/lasher.ee\/fi\/tuote\/ripsiliima-master-pro\/"]}]},{"@type":"ImageObject","inLanguage":"fi","@id":"https:\/\/lasher.ee\/fi\/tuote\/ripsiliima-master-pro\/#primaryimage","url":"https:\/\/lasher.ee\/wp-content\/uploads\/2024\/11\/3-4-3.jpg","contentUrl":"https:\/\/lasher.ee\/wp-content\/uploads\/2024\/11\/3-4-3.jpg","width":905,"height":905,"caption":"Ripsiliima Master Pro 1 sek on korkealaatuinen ammattik\u00e4ytt\u00f6\u00f6n tarkoitettu ripsiliima, on suunniteltu kokeneille ripsientekij\u00f6ille, jotka arvostavat vahvaa kiinnittymist\u00e4, nopeaa kuivumisaikaa ja tasalaatuista lopputulosta."},{"@type":"BreadcrumbList","@id":"https:\/\/lasher.ee\/fi\/tuote\/ripsiliima-master-pro\/#breadcrumb","itemListElement":[{"@type":"ListItem","position":1,"name":"Home","item":"https:\/\/lasher.ee\/fi\/"},{"@type":"ListItem","position":2,"name":"Kaikki tuotteet","item":"https:\/\/lasher.ee\/fi\/kaikki-tuotteet\/"},{"@type":"ListItem","position":3,"name":"Ripsiliima Master pro, 1 sek"}]},{"@type":"WebSite","@id":"https:\/\/lasher.ee\/fi\/#website","url":"https:\/\/lasher.ee\/fi\/","name":"Lasher","description":"K\u00f5ik vajalikud ripsmetarvikud ripsmetehnikule \u00fchest kohast.","publisher":{"@id":"https:\/\/lasher.ee\/fi\/#organization"},"potentialAction":[{"@type":"SearchAction","target":{"@type":"EntryPoint","urlTemplate":"https:\/\/lasher.ee\/fi\/?s={search_term_string}"},"query-input":{"@type":"PropertyValueSpecification","valueRequired":true,"valueName":"search_term_string"}}],"inLanguage":"fi"},{"@type":"Organization","@id":"https:\/\/lasher.ee\/fi\/#organization","name":"Lasher","url":"https:\/\/lasher.ee\/fi\/","logo":{"@type":"ImageObject","inLanguage":"fi","@id":"https:\/\/lasher.ee\/fi\/#\/schema\/logo\/image\/","url":"https:\/\/lasher.ee\/wp-content\/uploads\/2024\/09\/Screenshot-2024-09-03-at-11.58.17.png","contentUrl":"https:\/\/lasher.ee\/wp-content\/uploads\/2024\/09\/Screenshot-2024-09-03-at-11.58.17.png","width":1678,"height":1670,"caption":"Lasher"},"image":{"@id":"https:\/\/lasher.ee\/fi\/#\/schema\/logo\/image\/"},"sameAs":["https:\/\/www.facebook.com\/profile.php?id=61564523265885","https:\/\/www.instagram.com\/lasher_official\/"]}]}},"_links":{"self":[{"href":"https:\/\/lasher.ee\/fi\/wp-json\/wp\/v2\/product\/4330","targetHints":{"allow":["GET"]}}],"collection":[{"href":"https:\/\/lasher.ee\/fi\/wp-json\/wp\/v2\/product"}],"about":[{"href":"https:\/\/lasher.ee\/fi\/wp-json\/wp\/v2\/types\/product"}],"replies":[{"embeddable":true,"href":"https:\/\/lasher.ee\/fi\/wp-json\/wp\/v2\/comments?post=4330"}],"wp:featuredmedia":[{"embeddable":true,"href":"https:\/\/lasher.ee\/fi\/wp-json\/wp\/v2\/media\/10860"}],"wp:attachment":[{"href":"https:\/\/lasher.ee\/fi\/wp-json\/wp\/v2\/media?parent=4330"}],"wp:term":[{"taxonomy":"product_brand","embeddable":true,"href":"https:\/\/lasher.ee\/fi\/wp-json\/wp\/v2\/product_brand?post=4330"},{"taxonomy":"product_cat","embeddable":true,"href":"https:\/\/lasher.ee\/fi\/wp-json\/wp\/v2\/product_cat?post=4330"},{"taxonomy":"product_tag","embeddable":true,"href":"https:\/\/lasher.ee\/fi\/wp-json\/wp\/v2\/product_tag?post=4330"}],"curies":[{"name":"wp","href":"https:\/\/api.w.org\/{rel}","templated":true}]}}