{"id":4457,"date":"2024-12-25T07:41:43","date_gmt":"2024-12-25T05:41:43","guid":{"rendered":"https:\/\/lasher.ee\/uv-liima-5ml\/"},"modified":"2026-03-31T11:00:38","modified_gmt":"2026-03-31T08:00:38","slug":"uv-led-ripsiliima-5ml","status":"publish","type":"product","link":"https:\/\/lasher.ee\/fi\/tuote\/uv-led-ripsiliima-5ml\/","title":{"rendered":"UV LED ripsiliima, musta, 5ml"},"content":{"rendered":"<p>UV LED musta ripsiliima. Liiman v\u00e4ri- musta, kuivamisaika 0,5 &#8211; 1 sekunti, kesto 8 &#8211; 9 viikkoa.<\/p>\n","protected":false},"excerpt":{"rendered":"<p>Liiman v\u00e4ri: musta<br \/>\nKuivamisaika: 0,5 &#8211; 1 sekunti<br \/>\nKesto: 8 &#8211; 9 viikkoa<br \/>\nViskositeetti: \u25cf\u25e6\u25e6\u25e6\u25e6<\/p>\n<p><strong>TPO-vapaat liimat ovat herkempi\u00e4 valolle ja ilmalle.<\/strong> Auringonvalo, p\u00e4iv\u00e4nvalolamput, ripsilamput sek\u00e4 kiilt\u00e4v\u00e4t pinnat vaikuttavat UV- liiman toimintaan ja voivat muuttaa sen koostumusta sek\u00e4 kovettumisnopeutta.<\/p>\n<p><strong>Suositukset:<\/strong> mahdollisimman v\u00e4h\u00e4n lis\u00e4valoa ja heijastavia pintoja. Liima alustat ja valkoiset p\u00f6yt\u00e4pinnat heijastavat valoa\u2013 k\u00e4yt\u00e4 UV-\u00a0 kest\u00e4v\u00e4\u00e4 liima alustaa (esim. matta, ei heijastava pinta). Pid\u00e4 huoneen l\u00e4mp\u00f6tila noin 19 \u2013 24 \u00b0C.<\/p>\n<p>UV LED musta ripsiliima on nopea ja luotettava valinta ammattimaisiin ripsienpidennyksiin. T\u00e4m\u00e4 nopeasti kuivuva UV-liima on suunniteltu ammattilaisille, jotka arvostavat tarkkuutta, nopeutta ja luotettavuutta. 0.5-1 sekuntia pitk\u00e4 ty\u00f6aika takaa sujuvan ja tehokkaan ty\u00f6prosessin, mahdollistaen tarkan ja varman kiinnityksen. Liiman nestem\u00e4inen koostumus ja hea levittyvyys ripsill\u00e4 takaa vahvan ja tasaisen lopputuloksen UV valon avulla.\u00a0 T\u00e4m\u00e4 liima on lateksi- ja formaldehydivapaa, mik\u00e4 tekee siit\u00e4 ihanteellisen herkille silmille. Sopii klassisten ja volyymiripsien kiinnitt\u00e4miseen.<\/p>\n<p>Valmistettu Koreassa.<\/p>\n<h6><strong>K\u00e4ytt\u00f6<\/strong><\/h6>\n<p>Vain ammattilaisk\u00e4ytt\u00f6\u00f6n. UV-liima on tarkoitettu k\u00e4ytett\u00e4v\u00e4ksi vain UV-LED-lampun kanssa. UV-liimaa voidaan k\u00e4ytt\u00e4\u00e4 kaikissa l\u00e4mp\u00f6tila- ja kosteustasoissa. Ravista pulloa noin 30 sekuntia ennen k\u00e4ytt\u00f6\u00e4, jotta kaikki liiman ainesosat sekoittuisivat kesken\u00e4\u00e4n. Kasta ripsipidennys UV-liimaan ja levit\u00e4 se luonnolliseen ripseeseen. Kytke UV-lamppu p\u00e4\u00e4lle ja odota 1-2 sekuntia, kunnes liima kovettuu. Puhdista liimakupit jokaisen k\u00e4ytt\u00f6kerran j\u00e4lkeen.<\/p>\n<h6><strong>S\u00e4ilytys<\/strong><\/h6>\n<p>S\u00e4ilyt\u00e4 suoralta auringonvalolta suojattuna kuivassa ja viile\u00e4ss\u00e4 paikassa. Pid\u00e4 kaukana l\u00e4mm\u00f6nl\u00e4hteist\u00e4. Avattua liimaa ei saa s\u00e4ilytt\u00e4\u00e4 j\u00e4\u00e4kaapissa. Avaamaton liima s\u00e4ilyy oikeissa olosuhteissa kolme kuukautta, avatun liiman k\u00e4ytt\u00f6aika on yksi kuukausi.<\/p>\n<p>Jotta liima pysyisi pidemp\u00e4\u00e4n hyv\u00e4n\u00e4, suosittelemme sek\u00e4 avatun ett\u00e4 avaamattoman liiman s\u00e4ilytt\u00e4mist\u00e4 <a href=\"https:\/\/lasher.ee\/fi\/tuote\/tyhjiosailio-liiman-varastointia-varten\/\"><em>vakuumiastiassa<\/em><\/a>.<\/p>\n<h6><strong>Koostumus<\/strong><\/h6>\n<p>Ethyl cyanoacrylate, Polymethyl Methacrylate, Phenylbis (2,4,6 trimethylbenzoyl) oxide,\u00a0 Carbon Black<\/p>\n<p>&nbsp;<\/p>\n","protected":false},"featured_media":10433,"comment_status":"open","ping_status":"closed","template":"","meta":{"site-sidebar-layout":"default","site-content-layout":"","ast-site-content-layout":"default","site-content-style":"default","site-sidebar-style":"default","ast-global-header-display":"","ast-banner-title-visibility":"","ast-main-header-display":"","ast-hfb-above-header-display":"","ast-hfb-below-header-display":"","ast-hfb-mobile-header-display":"","site-post-title":"","ast-breadcrumbs-content":"","ast-featured-img":"","footer-sml-layout":"","ast-disable-related-posts":"","theme-transparent-header-meta":"default","adv-header-id-meta":"","stick-header-meta":"","header-above-stick-meta":"","header-main-stick-meta":"","header-below-stick-meta":"","astra-migrate-meta-layouts":"set","ast-page-background-enabled":"default","ast-page-background-meta":{"desktop":{"background-color":"var(--ast-global-color-4)","background-image":"","background-repeat":"repeat","background-position":"center center","background-size":"auto","background-attachment":"scroll","background-type":"","background-media":"","overlay-type":"","overlay-color":"","overlay-opacity":"","overlay-gradient":""},"tablet":{"background-color":"","background-image":"","background-repeat":"repeat","background-position":"center center","background-size":"auto","background-attachment":"scroll","background-type":"","background-media":"","overlay-type":"","overlay-color":"","overlay-opacity":"","overlay-gradient":""},"mobile":{"background-color":"","background-image":"","background-repeat":"repeat","background-position":"center center","background-size":"auto","background-attachment":"scroll","background-type":"","background-media":"","overlay-type":"","overlay-color":"","overlay-opacity":"","overlay-gradient":""}},"ast-content-background-meta":{"desktop":{"background-color":"var(--ast-global-color-5)","background-image":"","background-repeat":"repeat","background-position":"center center","background-size":"auto","background-attachment":"scroll","background-type":"","background-media":"","overlay-type":"","overlay-color":"","overlay-opacity":"","overlay-gradient":""},"tablet":{"background-color":"var(--ast-global-color-5)","background-image":"","background-repeat":"repeat","background-position":"center center","background-size":"auto","background-attachment":"scroll","background-type":"","background-media":"","overlay-type":"","overlay-color":"","overlay-opacity":"","overlay-gradient":""},"mobile":{"background-color":"var(--ast-global-color-5)","background-image":"","background-repeat":"repeat","background-position":"center center","background-size":"auto","background-attachment":"scroll","background-type":"","background-media":"","overlay-type":"","overlay-color":"","overlay-opacity":"","overlay-gradient":""}}},"product_brand":[],"product_cat":[82,96,134],"product_tag":[],"class_list":{"0":"post-4457","1":"product","2":"type-product","3":"status-publish","4":"has-post-thumbnail","6":"product_cat-ripsienliima","7":"product_cat-ripsiliima","8":"product_cat-uv-led-ripset","9":"desktop-align-left","10":"tablet-align-left","11":"mobile-align-left","13":"first","14":"outofstock","15":"shipping-taxable","16":"purchasable","17":"product-type-simple"},"yoast_head":"<!-- This site is optimized with the Yoast SEO plugin v27.3 - https:\/\/yoast.com\/product\/yoast-seo-wordpress\/ -->\n<title>UV LED musta ripsiliima - Lasher<\/title>\n<meta name=\"description\" content=\"Ammattilaisille tarkoitettu UV LED musta ripsiliima 5 ml. Kuivuu 0,5\u20131 sekunnissa ja takaa vahvan pysyvyyden jopa 8\u20139 viikkoa. Sopii my\u00f6s herkille silmille.\" \/>\n<meta name=\"robots\" content=\"index, follow, max-snippet:-1, max-image-preview:large, max-video-preview:-1\" \/>\n<link rel=\"canonical\" href=\"https:\/\/lasher.ee\/fi\/tuote\/uv-led-ripsiliima-5ml\/\" \/>\n<meta property=\"og:locale\" content=\"fi_FI\" \/>\n<meta property=\"og:type\" content=\"article\" \/>\n<meta property=\"og:title\" content=\"UV LED musta ripsiliima - Lasher\" \/>\n<meta property=\"og:description\" content=\"Ammattilaisille tarkoitettu UV LED musta ripsiliima 5 ml. Kuivuu 0,5\u20131 sekunnissa ja takaa vahvan pysyvyyden jopa 8\u20139 viikkoa. Sopii my\u00f6s herkille silmille.\" \/>\n<meta property=\"og:url\" content=\"https:\/\/lasher.ee\/fi\/tuote\/uv-led-ripsiliima-5ml\/\" \/>\n<meta property=\"og:site_name\" content=\"Lasher\" \/>\n<meta property=\"article:publisher\" content=\"https:\/\/www.facebook.com\/profile.php?id=61564523265885\" \/>\n<meta property=\"article:modified_time\" content=\"2026-03-31T08:00:38+00:00\" \/>\n<meta property=\"og:image\" content=\"https:\/\/lasher.ee\/wp-content\/uploads\/2024\/12\/17347-6-2-1.jpg\" \/>\n\t<meta property=\"og:image:width\" content=\"784\" \/>\n\t<meta property=\"og:image:height\" content=\"784\" \/>\n\t<meta property=\"og:image:type\" content=\"image\/jpeg\" \/>\n<meta name=\"twitter:card\" content=\"summary_large_image\" \/>\n<meta name=\"twitter:label1\" content=\"Arvioitu lukuaika\" \/>\n\t<meta name=\"twitter:data1\" content=\"1 minuutti\" \/>\n<script type=\"application\/ld+json\" class=\"yoast-schema-graph\">{\"@context\":\"https:\\\/\\\/schema.org\",\"@graph\":[{\"@type\":\"WebPage\",\"@id\":\"https:\\\/\\\/lasher.ee\\\/fi\\\/tuote\\\/uv-led-ripsiliima-5ml\\\/\",\"url\":\"https:\\\/\\\/lasher.ee\\\/fi\\\/tuote\\\/uv-led-ripsiliima-5ml\\\/\",\"name\":\"UV LED musta ripsiliima - Lasher\",\"isPartOf\":{\"@id\":\"https:\\\/\\\/lasher.ee\\\/fi\\\/#website\"},\"primaryImageOfPage\":{\"@id\":\"https:\\\/\\\/lasher.ee\\\/fi\\\/tuote\\\/uv-led-ripsiliima-5ml\\\/#primaryimage\"},\"image\":{\"@id\":\"https:\\\/\\\/lasher.ee\\\/fi\\\/tuote\\\/uv-led-ripsiliima-5ml\\\/#primaryimage\"},\"thumbnailUrl\":\"https:\\\/\\\/lasher.ee\\\/wp-content\\\/uploads\\\/2024\\\/12\\\/17347-6-2-1.jpg\",\"datePublished\":\"2024-12-25T05:41:43+00:00\",\"dateModified\":\"2026-03-31T08:00:38+00:00\",\"description\":\"Ammattilaisille tarkoitettu UV LED musta ripsiliima 5 ml. Kuivuu 0,5\u20131 sekunnissa ja takaa vahvan pysyvyyden jopa 8\u20139 viikkoa. Sopii my\u00f6s herkille silmille.\",\"breadcrumb\":{\"@id\":\"https:\\\/\\\/lasher.ee\\\/fi\\\/tuote\\\/uv-led-ripsiliima-5ml\\\/#breadcrumb\"},\"inLanguage\":\"fi\",\"potentialAction\":[{\"@type\":\"ReadAction\",\"target\":[\"https:\\\/\\\/lasher.ee\\\/fi\\\/tuote\\\/uv-led-ripsiliima-5ml\\\/\"]}]},{\"@type\":\"ImageObject\",\"inLanguage\":\"fi\",\"@id\":\"https:\\\/\\\/lasher.ee\\\/fi\\\/tuote\\\/uv-led-ripsiliima-5ml\\\/#primaryimage\",\"url\":\"https:\\\/\\\/lasher.ee\\\/wp-content\\\/uploads\\\/2024\\\/12\\\/17347-6-2-1.jpg\",\"contentUrl\":\"https:\\\/\\\/lasher.ee\\\/wp-content\\\/uploads\\\/2024\\\/12\\\/17347-6-2-1.jpg\",\"width\":784,\"height\":784,\"caption\":\"UV LED musta ripsiliima.\"},{\"@type\":\"BreadcrumbList\",\"@id\":\"https:\\\/\\\/lasher.ee\\\/fi\\\/tuote\\\/uv-led-ripsiliima-5ml\\\/#breadcrumb\",\"itemListElement\":[{\"@type\":\"ListItem\",\"position\":1,\"name\":\"Home\",\"item\":\"https:\\\/\\\/lasher.ee\\\/fi\\\/\"},{\"@type\":\"ListItem\",\"position\":2,\"name\":\"Kaikki tuotteet\",\"item\":\"https:\\\/\\\/lasher.ee\\\/fi\\\/kaikki-tuotteet\\\/\"},{\"@type\":\"ListItem\",\"position\":3,\"name\":\"UV LED ripsiliima, musta, 5ml\"}]},{\"@type\":\"WebSite\",\"@id\":\"https:\\\/\\\/lasher.ee\\\/fi\\\/#website\",\"url\":\"https:\\\/\\\/lasher.ee\\\/fi\\\/\",\"name\":\"Lasher\",\"description\":\"K\u00f5ik vajalikud ripsmetarvikud ripsmetehnikule \u00fchest kohast.\",\"publisher\":{\"@id\":\"https:\\\/\\\/lasher.ee\\\/fi\\\/#organization\"},\"potentialAction\":[{\"@type\":\"SearchAction\",\"target\":{\"@type\":\"EntryPoint\",\"urlTemplate\":\"https:\\\/\\\/lasher.ee\\\/fi\\\/?s={search_term_string}\"},\"query-input\":{\"@type\":\"PropertyValueSpecification\",\"valueRequired\":true,\"valueName\":\"search_term_string\"}}],\"inLanguage\":\"fi\"},{\"@type\":\"Organization\",\"@id\":\"https:\\\/\\\/lasher.ee\\\/fi\\\/#organization\",\"name\":\"Lasher\",\"url\":\"https:\\\/\\\/lasher.ee\\\/fi\\\/\",\"logo\":{\"@type\":\"ImageObject\",\"inLanguage\":\"fi\",\"@id\":\"https:\\\/\\\/lasher.ee\\\/fi\\\/#\\\/schema\\\/logo\\\/image\\\/\",\"url\":\"https:\\\/\\\/lasher.ee\\\/wp-content\\\/uploads\\\/2024\\\/09\\\/Screenshot-2024-09-03-at-11.58.17.png\",\"contentUrl\":\"https:\\\/\\\/lasher.ee\\\/wp-content\\\/uploads\\\/2024\\\/09\\\/Screenshot-2024-09-03-at-11.58.17.png\",\"width\":1678,\"height\":1670,\"caption\":\"Lasher\"},\"image\":{\"@id\":\"https:\\\/\\\/lasher.ee\\\/fi\\\/#\\\/schema\\\/logo\\\/image\\\/\"},\"sameAs\":[\"https:\\\/\\\/www.facebook.com\\\/profile.php?id=61564523265885\",\"https:\\\/\\\/www.instagram.com\\\/lasher_official\\\/\"]}]}<\/script>\n<!-- \/ Yoast SEO plugin. -->","yoast_head_json":{"title":"UV LED musta ripsiliima - Lasher","description":"Ammattilaisille tarkoitettu UV LED musta ripsiliima 5 ml. Kuivuu 0,5\u20131 sekunnissa ja takaa vahvan pysyvyyden jopa 8\u20139 viikkoa. Sopii my\u00f6s herkille silmille.","robots":{"index":"index","follow":"follow","max-snippet":"max-snippet:-1","max-image-preview":"max-image-preview:large","max-video-preview":"max-video-preview:-1"},"canonical":"https:\/\/lasher.ee\/fi\/tuote\/uv-led-ripsiliima-5ml\/","og_locale":"fi_FI","og_type":"article","og_title":"UV LED musta ripsiliima - Lasher","og_description":"Ammattilaisille tarkoitettu UV LED musta ripsiliima 5 ml. Kuivuu 0,5\u20131 sekunnissa ja takaa vahvan pysyvyyden jopa 8\u20139 viikkoa. Sopii my\u00f6s herkille silmille.","og_url":"https:\/\/lasher.ee\/fi\/tuote\/uv-led-ripsiliima-5ml\/","og_site_name":"Lasher","article_publisher":"https:\/\/www.facebook.com\/profile.php?id=61564523265885","article_modified_time":"2026-03-31T08:00:38+00:00","og_image":[{"width":784,"height":784,"url":"https:\/\/lasher.ee\/wp-content\/uploads\/2024\/12\/17347-6-2-1.jpg","type":"image\/jpeg"}],"twitter_card":"summary_large_image","twitter_misc":{"Arvioitu lukuaika":"1 minuutti"},"schema":{"@context":"https:\/\/schema.org","@graph":[{"@type":"WebPage","@id":"https:\/\/lasher.ee\/fi\/tuote\/uv-led-ripsiliima-5ml\/","url":"https:\/\/lasher.ee\/fi\/tuote\/uv-led-ripsiliima-5ml\/","name":"UV LED musta ripsiliima - Lasher","isPartOf":{"@id":"https:\/\/lasher.ee\/fi\/#website"},"primaryImageOfPage":{"@id":"https:\/\/lasher.ee\/fi\/tuote\/uv-led-ripsiliima-5ml\/#primaryimage"},"image":{"@id":"https:\/\/lasher.ee\/fi\/tuote\/uv-led-ripsiliima-5ml\/#primaryimage"},"thumbnailUrl":"https:\/\/lasher.ee\/wp-content\/uploads\/2024\/12\/17347-6-2-1.jpg","datePublished":"2024-12-25T05:41:43+00:00","dateModified":"2026-03-31T08:00:38+00:00","description":"Ammattilaisille tarkoitettu UV LED musta ripsiliima 5 ml. Kuivuu 0,5\u20131 sekunnissa ja takaa vahvan pysyvyyden jopa 8\u20139 viikkoa. Sopii my\u00f6s herkille silmille.","breadcrumb":{"@id":"https:\/\/lasher.ee\/fi\/tuote\/uv-led-ripsiliima-5ml\/#breadcrumb"},"inLanguage":"fi","potentialAction":[{"@type":"ReadAction","target":["https:\/\/lasher.ee\/fi\/tuote\/uv-led-ripsiliima-5ml\/"]}]},{"@type":"ImageObject","inLanguage":"fi","@id":"https:\/\/lasher.ee\/fi\/tuote\/uv-led-ripsiliima-5ml\/#primaryimage","url":"https:\/\/lasher.ee\/wp-content\/uploads\/2024\/12\/17347-6-2-1.jpg","contentUrl":"https:\/\/lasher.ee\/wp-content\/uploads\/2024\/12\/17347-6-2-1.jpg","width":784,"height":784,"caption":"UV LED musta ripsiliima."},{"@type":"BreadcrumbList","@id":"https:\/\/lasher.ee\/fi\/tuote\/uv-led-ripsiliima-5ml\/#breadcrumb","itemListElement":[{"@type":"ListItem","position":1,"name":"Home","item":"https:\/\/lasher.ee\/fi\/"},{"@type":"ListItem","position":2,"name":"Kaikki tuotteet","item":"https:\/\/lasher.ee\/fi\/kaikki-tuotteet\/"},{"@type":"ListItem","position":3,"name":"UV LED ripsiliima, musta, 5ml"}]},{"@type":"WebSite","@id":"https:\/\/lasher.ee\/fi\/#website","url":"https:\/\/lasher.ee\/fi\/","name":"Lasher","description":"K\u00f5ik vajalikud ripsmetarvikud ripsmetehnikule \u00fchest kohast.","publisher":{"@id":"https:\/\/lasher.ee\/fi\/#organization"},"potentialAction":[{"@type":"SearchAction","target":{"@type":"EntryPoint","urlTemplate":"https:\/\/lasher.ee\/fi\/?s={search_term_string}"},"query-input":{"@type":"PropertyValueSpecification","valueRequired":true,"valueName":"search_term_string"}}],"inLanguage":"fi"},{"@type":"Organization","@id":"https:\/\/lasher.ee\/fi\/#organization","name":"Lasher","url":"https:\/\/lasher.ee\/fi\/","logo":{"@type":"ImageObject","inLanguage":"fi","@id":"https:\/\/lasher.ee\/fi\/#\/schema\/logo\/image\/","url":"https:\/\/lasher.ee\/wp-content\/uploads\/2024\/09\/Screenshot-2024-09-03-at-11.58.17.png","contentUrl":"https:\/\/lasher.ee\/wp-content\/uploads\/2024\/09\/Screenshot-2024-09-03-at-11.58.17.png","width":1678,"height":1670,"caption":"Lasher"},"image":{"@id":"https:\/\/lasher.ee\/fi\/#\/schema\/logo\/image\/"},"sameAs":["https:\/\/www.facebook.com\/profile.php?id=61564523265885","https:\/\/www.instagram.com\/lasher_official\/"]}]}},"_links":{"self":[{"href":"https:\/\/lasher.ee\/fi\/wp-json\/wp\/v2\/product\/4457","targetHints":{"allow":["GET"]}}],"collection":[{"href":"https:\/\/lasher.ee\/fi\/wp-json\/wp\/v2\/product"}],"about":[{"href":"https:\/\/lasher.ee\/fi\/wp-json\/wp\/v2\/types\/product"}],"replies":[{"embeddable":true,"href":"https:\/\/lasher.ee\/fi\/wp-json\/wp\/v2\/comments?post=4457"}],"wp:featuredmedia":[{"embeddable":true,"href":"https:\/\/lasher.ee\/fi\/wp-json\/wp\/v2\/media\/10433"}],"wp:attachment":[{"href":"https:\/\/lasher.ee\/fi\/wp-json\/wp\/v2\/media?parent=4457"}],"wp:term":[{"taxonomy":"product_brand","embeddable":true,"href":"https:\/\/lasher.ee\/fi\/wp-json\/wp\/v2\/product_brand?post=4457"},{"taxonomy":"product_cat","embeddable":true,"href":"https:\/\/lasher.ee\/fi\/wp-json\/wp\/v2\/product_cat?post=4457"},{"taxonomy":"product_tag","embeddable":true,"href":"https:\/\/lasher.ee\/fi\/wp-json\/wp\/v2\/product_tag?post=4457"}],"curies":[{"name":"wp","href":"https:\/\/api.w.org\/{rel}","templated":true}]}}