{"id":4744,"date":"2025-01-05T11:11:11","date_gmt":"2025-01-05T09:11:11","guid":{"rendered":"https:\/\/lasher.ee\/kollageenia-sisaltavat-geelityynyt-m\/"},"modified":"2026-02-05T14:39:27","modified_gmt":"2026-02-05T12:39:27","slug":"geelityynyt","status":"publish","type":"product","link":"https:\/\/lasher.ee\/fi\/tuote\/geelityynyt\/","title":{"rendered":"Geelityynyt M"},"content":{"rendered":"","protected":false},"excerpt":{"rendered":"<p>Nukkaantumattomat geelityynyt ovat eritt\u00e4in kevyit\u00e4 ja joustavia k\u00e4ytt\u00e4\u00e4. Ne ovat suunniteltu pit\u00e4m\u00e4\u00e4n alaripset paikallaan ripsienpidennysten laiton aikana. Laput eiv\u00e4t ainoastaan peit\u00e4 alaripsi\u00e4 k\u00e4sittelyn aikana, vaan ne my\u00f6s rauhoittavat ihoa, parantavat kimmoisuutta ja kosteuttavat silm\u00e4nymp\u00e4rysihoa.<\/p>\n<p>Jokainen pakkaus sis\u00e4lt\u00e4\u00e4 2 silm\u00e4lappua.<\/p>\n<p>Koko: 30 \u00d7 73 mm<\/p>\n<p><strong>K\u00e4ytt\u00f6ohjet<\/strong><br \/>\nPuhdista silm\u00e4nymp\u00e4rysalue ripsishampoolla ja kuivaa se. Irrota lappu muovialustasta. Aseta lappu alaripsien yl\u00e4osaan siten, ettei se kosketa silm\u00e4\u00e4 tai vesirajaa.<\/p>\n<p><strong>Koostumus<\/strong><br \/>\nAqua, Glycerin, Poly (ethylene glycol) dimethacrylate, Glycerin, Aloe barbadensis flower extract, Ascorbic Acid<\/p>\n<p>&nbsp;<\/p>\n","protected":false},"featured_media":4594,"comment_status":"open","ping_status":"closed","template":"","meta":{"site-sidebar-layout":"default","site-content-layout":"","ast-site-content-layout":"default","site-content-style":"default","site-sidebar-style":"default","ast-global-header-display":"","ast-banner-title-visibility":"","ast-main-header-display":"","ast-hfb-above-header-display":"","ast-hfb-below-header-display":"","ast-hfb-mobile-header-display":"","site-post-title":"","ast-breadcrumbs-content":"","ast-featured-img":"","footer-sml-layout":"","ast-disable-related-posts":"","theme-transparent-header-meta":"default","adv-header-id-meta":"","stick-header-meta":"","header-above-stick-meta":"","header-main-stick-meta":"","header-below-stick-meta":"","astra-migrate-meta-layouts":"set","ast-page-background-enabled":"default","ast-page-background-meta":{"desktop":{"background-color":"var(--ast-global-color-4)","background-image":"","background-repeat":"repeat","background-position":"center center","background-size":"auto","background-attachment":"scroll","background-type":"","background-media":"","overlay-type":"","overlay-color":"","overlay-opacity":"","overlay-gradient":""},"tablet":{"background-color":"","background-image":"","background-repeat":"repeat","background-position":"center center","background-size":"auto","background-attachment":"scroll","background-type":"","background-media":"","overlay-type":"","overlay-color":"","overlay-opacity":"","overlay-gradient":""},"mobile":{"background-color":"","background-image":"","background-repeat":"repeat","background-position":"center center","background-size":"auto","background-attachment":"scroll","background-type":"","background-media":"","overlay-type":"","overlay-color":"","overlay-opacity":"","overlay-gradient":""}},"ast-content-background-meta":{"desktop":{"background-color":"var(--ast-global-color-5)","background-image":"","background-repeat":"repeat","background-position":"center center","background-size":"auto","background-attachment":"scroll","background-type":"","background-media":"","overlay-type":"","overlay-color":"","overlay-opacity":"","overlay-gradient":""},"tablet":{"background-color":"var(--ast-global-color-5)","background-image":"","background-repeat":"repeat","background-position":"center center","background-size":"auto","background-attachment":"scroll","background-type":"","background-media":"","overlay-type":"","overlay-color":"","overlay-opacity":"","overlay-gradient":""},"mobile":{"background-color":"var(--ast-global-color-5)","background-image":"","background-repeat":"repeat","background-position":"center center","background-size":"auto","background-attachment":"scroll","background-type":"","background-media":"","overlay-type":"","overlay-color":"","overlay-opacity":"","overlay-gradient":""}}},"product_brand":[],"product_cat":[81],"product_tag":[],"class_list":{"0":"post-4744","1":"product","2":"type-product","3":"status-publish","4":"has-post-thumbnail","6":"product_cat-teipit-ja-geelityynyt","7":"desktop-align-left","8":"tablet-align-left","9":"mobile-align-left","11":"first","12":"instock","13":"shipping-taxable","14":"purchasable","15":"product-type-variable"},"yoast_head":"<!-- This site is optimized with the Yoast SEO plugin v27.3 - https:\/\/yoast.com\/product\/yoast-seo-wordpress\/ -->\n<title>Geelityynyt M - Lasher<\/title>\n<meta name=\"description\" content=\"Nukkaantumattomat geelityynyt pit\u00e4v\u00e4t alaripset paikallaan ripsienpidennyksen aikana. Rauhoittavat ja kosteuttavat silm\u00e4nymp\u00e4rysihoa.\" \/>\n<meta name=\"robots\" content=\"index, follow, max-snippet:-1, max-image-preview:large, max-video-preview:-1\" \/>\n<link rel=\"canonical\" href=\"https:\/\/lasher.ee\/fi\/tuote\/geelityynyt\/\" \/>\n<meta property=\"og:locale\" content=\"fi_FI\" \/>\n<meta property=\"og:type\" content=\"article\" \/>\n<meta property=\"og:title\" content=\"Geelityynyt M - Lasher\" \/>\n<meta property=\"og:description\" content=\"Nukkaantumattomat geelityynyt pit\u00e4v\u00e4t alaripset paikallaan ripsienpidennyksen aikana. Rauhoittavat ja kosteuttavat silm\u00e4nymp\u00e4rysihoa.\" \/>\n<meta property=\"og:url\" content=\"https:\/\/lasher.ee\/fi\/tuote\/geelityynyt\/\" \/>\n<meta property=\"og:site_name\" content=\"Lasher\" \/>\n<meta property=\"article:publisher\" content=\"https:\/\/www.facebook.com\/profile.php?id=61564523265885\" \/>\n<meta property=\"article:modified_time\" content=\"2026-02-05T12:39:27+00:00\" \/>\n<meta property=\"og:image\" content=\"https:\/\/lasher.ee\/wp-content\/uploads\/2025\/01\/imresizer-1736070445626.jpg\" \/>\n\t<meta property=\"og:image:width\" content=\"1025\" \/>\n\t<meta property=\"og:image:height\" content=\"1025\" \/>\n\t<meta property=\"og:image:type\" content=\"image\/jpeg\" \/>\n<meta name=\"twitter:card\" content=\"summary_large_image\" \/>\n<meta name=\"twitter:label1\" content=\"Arvioitu lukuaika\" \/>\n\t<meta name=\"twitter:data1\" content=\"1 minuutti\" \/>\n<script type=\"application\/ld+json\" class=\"yoast-schema-graph\">{\"@context\":\"https:\\\/\\\/schema.org\",\"@graph\":[{\"@type\":\"WebPage\",\"@id\":\"https:\\\/\\\/lasher.ee\\\/fi\\\/tuote\\\/geelityynyt\\\/\",\"url\":\"https:\\\/\\\/lasher.ee\\\/fi\\\/tuote\\\/geelityynyt\\\/\",\"name\":\"Geelityynyt M - Lasher\",\"isPartOf\":{\"@id\":\"https:\\\/\\\/lasher.ee\\\/fi\\\/#website\"},\"primaryImageOfPage\":{\"@id\":\"https:\\\/\\\/lasher.ee\\\/fi\\\/tuote\\\/geelityynyt\\\/#primaryimage\"},\"image\":{\"@id\":\"https:\\\/\\\/lasher.ee\\\/fi\\\/tuote\\\/geelityynyt\\\/#primaryimage\"},\"thumbnailUrl\":\"https:\\\/\\\/lasher.ee\\\/wp-content\\\/uploads\\\/2025\\\/01\\\/imresizer-1736070445626.jpg\",\"datePublished\":\"2025-01-05T09:11:11+00:00\",\"dateModified\":\"2026-02-05T12:39:27+00:00\",\"description\":\"Nukkaantumattomat geelityynyt pit\u00e4v\u00e4t alaripset paikallaan ripsienpidennyksen aikana. Rauhoittavat ja kosteuttavat silm\u00e4nymp\u00e4rysihoa.\",\"breadcrumb\":{\"@id\":\"https:\\\/\\\/lasher.ee\\\/fi\\\/tuote\\\/geelityynyt\\\/#breadcrumb\"},\"inLanguage\":\"fi\",\"potentialAction\":[{\"@type\":\"ReadAction\",\"target\":[\"https:\\\/\\\/lasher.ee\\\/fi\\\/tuote\\\/geelityynyt\\\/\"]}]},{\"@type\":\"ImageObject\",\"inLanguage\":\"fi\",\"@id\":\"https:\\\/\\\/lasher.ee\\\/fi\\\/tuote\\\/geelityynyt\\\/#primaryimage\",\"url\":\"https:\\\/\\\/lasher.ee\\\/wp-content\\\/uploads\\\/2025\\\/01\\\/imresizer-1736070445626.jpg\",\"contentUrl\":\"https:\\\/\\\/lasher.ee\\\/wp-content\\\/uploads\\\/2025\\\/01\\\/imresizer-1736070445626.jpg\",\"width\":1025,\"height\":1025,\"caption\":\"Geelityynyt M. Jokainen pakkaus sis\u00e4lt\u00e4\u00e4 2 silm\u00e4lappua.\"},{\"@type\":\"BreadcrumbList\",\"@id\":\"https:\\\/\\\/lasher.ee\\\/fi\\\/tuote\\\/geelityynyt\\\/#breadcrumb\",\"itemListElement\":[{\"@type\":\"ListItem\",\"position\":1,\"name\":\"Home\",\"item\":\"https:\\\/\\\/lasher.ee\\\/fi\\\/\"},{\"@type\":\"ListItem\",\"position\":2,\"name\":\"Kaikki tuotteet\",\"item\":\"https:\\\/\\\/lasher.ee\\\/fi\\\/kaikki-tuotteet\\\/\"},{\"@type\":\"ListItem\",\"position\":3,\"name\":\"Geelityynyt M\"}]},{\"@type\":\"WebSite\",\"@id\":\"https:\\\/\\\/lasher.ee\\\/fi\\\/#website\",\"url\":\"https:\\\/\\\/lasher.ee\\\/fi\\\/\",\"name\":\"Lasher\",\"description\":\"K\u00f5ik vajalikud ripsmetarvikud ripsmetehnikule \u00fchest kohast.\",\"publisher\":{\"@id\":\"https:\\\/\\\/lasher.ee\\\/fi\\\/#organization\"},\"potentialAction\":[{\"@type\":\"SearchAction\",\"target\":{\"@type\":\"EntryPoint\",\"urlTemplate\":\"https:\\\/\\\/lasher.ee\\\/fi\\\/?s={search_term_string}\"},\"query-input\":{\"@type\":\"PropertyValueSpecification\",\"valueRequired\":true,\"valueName\":\"search_term_string\"}}],\"inLanguage\":\"fi\"},{\"@type\":\"Organization\",\"@id\":\"https:\\\/\\\/lasher.ee\\\/fi\\\/#organization\",\"name\":\"Lasher\",\"url\":\"https:\\\/\\\/lasher.ee\\\/fi\\\/\",\"logo\":{\"@type\":\"ImageObject\",\"inLanguage\":\"fi\",\"@id\":\"https:\\\/\\\/lasher.ee\\\/fi\\\/#\\\/schema\\\/logo\\\/image\\\/\",\"url\":\"https:\\\/\\\/lasher.ee\\\/wp-content\\\/uploads\\\/2024\\\/09\\\/Screenshot-2024-09-03-at-11.58.17.png\",\"contentUrl\":\"https:\\\/\\\/lasher.ee\\\/wp-content\\\/uploads\\\/2024\\\/09\\\/Screenshot-2024-09-03-at-11.58.17.png\",\"width\":1678,\"height\":1670,\"caption\":\"Lasher\"},\"image\":{\"@id\":\"https:\\\/\\\/lasher.ee\\\/fi\\\/#\\\/schema\\\/logo\\\/image\\\/\"},\"sameAs\":[\"https:\\\/\\\/www.facebook.com\\\/profile.php?id=61564523265885\",\"https:\\\/\\\/www.instagram.com\\\/lasher_official\\\/\"]}]}<\/script>\n<!-- \/ Yoast SEO plugin. -->","yoast_head_json":{"title":"Geelityynyt M - Lasher","description":"Nukkaantumattomat geelityynyt pit\u00e4v\u00e4t alaripset paikallaan ripsienpidennyksen aikana. Rauhoittavat ja kosteuttavat silm\u00e4nymp\u00e4rysihoa.","robots":{"index":"index","follow":"follow","max-snippet":"max-snippet:-1","max-image-preview":"max-image-preview:large","max-video-preview":"max-video-preview:-1"},"canonical":"https:\/\/lasher.ee\/fi\/tuote\/geelityynyt\/","og_locale":"fi_FI","og_type":"article","og_title":"Geelityynyt M - Lasher","og_description":"Nukkaantumattomat geelityynyt pit\u00e4v\u00e4t alaripset paikallaan ripsienpidennyksen aikana. Rauhoittavat ja kosteuttavat silm\u00e4nymp\u00e4rysihoa.","og_url":"https:\/\/lasher.ee\/fi\/tuote\/geelityynyt\/","og_site_name":"Lasher","article_publisher":"https:\/\/www.facebook.com\/profile.php?id=61564523265885","article_modified_time":"2026-02-05T12:39:27+00:00","og_image":[{"width":1025,"height":1025,"url":"https:\/\/lasher.ee\/wp-content\/uploads\/2025\/01\/imresizer-1736070445626.jpg","type":"image\/jpeg"}],"twitter_card":"summary_large_image","twitter_misc":{"Arvioitu lukuaika":"1 minuutti"},"schema":{"@context":"https:\/\/schema.org","@graph":[{"@type":"WebPage","@id":"https:\/\/lasher.ee\/fi\/tuote\/geelityynyt\/","url":"https:\/\/lasher.ee\/fi\/tuote\/geelityynyt\/","name":"Geelityynyt M - Lasher","isPartOf":{"@id":"https:\/\/lasher.ee\/fi\/#website"},"primaryImageOfPage":{"@id":"https:\/\/lasher.ee\/fi\/tuote\/geelityynyt\/#primaryimage"},"image":{"@id":"https:\/\/lasher.ee\/fi\/tuote\/geelityynyt\/#primaryimage"},"thumbnailUrl":"https:\/\/lasher.ee\/wp-content\/uploads\/2025\/01\/imresizer-1736070445626.jpg","datePublished":"2025-01-05T09:11:11+00:00","dateModified":"2026-02-05T12:39:27+00:00","description":"Nukkaantumattomat geelityynyt pit\u00e4v\u00e4t alaripset paikallaan ripsienpidennyksen aikana. Rauhoittavat ja kosteuttavat silm\u00e4nymp\u00e4rysihoa.","breadcrumb":{"@id":"https:\/\/lasher.ee\/fi\/tuote\/geelityynyt\/#breadcrumb"},"inLanguage":"fi","potentialAction":[{"@type":"ReadAction","target":["https:\/\/lasher.ee\/fi\/tuote\/geelityynyt\/"]}]},{"@type":"ImageObject","inLanguage":"fi","@id":"https:\/\/lasher.ee\/fi\/tuote\/geelityynyt\/#primaryimage","url":"https:\/\/lasher.ee\/wp-content\/uploads\/2025\/01\/imresizer-1736070445626.jpg","contentUrl":"https:\/\/lasher.ee\/wp-content\/uploads\/2025\/01\/imresizer-1736070445626.jpg","width":1025,"height":1025,"caption":"Geelityynyt M. Jokainen pakkaus sis\u00e4lt\u00e4\u00e4 2 silm\u00e4lappua."},{"@type":"BreadcrumbList","@id":"https:\/\/lasher.ee\/fi\/tuote\/geelityynyt\/#breadcrumb","itemListElement":[{"@type":"ListItem","position":1,"name":"Home","item":"https:\/\/lasher.ee\/fi\/"},{"@type":"ListItem","position":2,"name":"Kaikki tuotteet","item":"https:\/\/lasher.ee\/fi\/kaikki-tuotteet\/"},{"@type":"ListItem","position":3,"name":"Geelityynyt M"}]},{"@type":"WebSite","@id":"https:\/\/lasher.ee\/fi\/#website","url":"https:\/\/lasher.ee\/fi\/","name":"Lasher","description":"K\u00f5ik vajalikud ripsmetarvikud ripsmetehnikule \u00fchest kohast.","publisher":{"@id":"https:\/\/lasher.ee\/fi\/#organization"},"potentialAction":[{"@type":"SearchAction","target":{"@type":"EntryPoint","urlTemplate":"https:\/\/lasher.ee\/fi\/?s={search_term_string}"},"query-input":{"@type":"PropertyValueSpecification","valueRequired":true,"valueName":"search_term_string"}}],"inLanguage":"fi"},{"@type":"Organization","@id":"https:\/\/lasher.ee\/fi\/#organization","name":"Lasher","url":"https:\/\/lasher.ee\/fi\/","logo":{"@type":"ImageObject","inLanguage":"fi","@id":"https:\/\/lasher.ee\/fi\/#\/schema\/logo\/image\/","url":"https:\/\/lasher.ee\/wp-content\/uploads\/2024\/09\/Screenshot-2024-09-03-at-11.58.17.png","contentUrl":"https:\/\/lasher.ee\/wp-content\/uploads\/2024\/09\/Screenshot-2024-09-03-at-11.58.17.png","width":1678,"height":1670,"caption":"Lasher"},"image":{"@id":"https:\/\/lasher.ee\/fi\/#\/schema\/logo\/image\/"},"sameAs":["https:\/\/www.facebook.com\/profile.php?id=61564523265885","https:\/\/www.instagram.com\/lasher_official\/"]}]}},"_links":{"self":[{"href":"https:\/\/lasher.ee\/fi\/wp-json\/wp\/v2\/product\/4744","targetHints":{"allow":["GET"]}}],"collection":[{"href":"https:\/\/lasher.ee\/fi\/wp-json\/wp\/v2\/product"}],"about":[{"href":"https:\/\/lasher.ee\/fi\/wp-json\/wp\/v2\/types\/product"}],"replies":[{"embeddable":true,"href":"https:\/\/lasher.ee\/fi\/wp-json\/wp\/v2\/comments?post=4744"}],"wp:featuredmedia":[{"embeddable":true,"href":"https:\/\/lasher.ee\/fi\/wp-json\/wp\/v2\/media\/4594"}],"wp:attachment":[{"href":"https:\/\/lasher.ee\/fi\/wp-json\/wp\/v2\/media?parent=4744"}],"wp:term":[{"taxonomy":"product_brand","embeddable":true,"href":"https:\/\/lasher.ee\/fi\/wp-json\/wp\/v2\/product_brand?post=4744"},{"taxonomy":"product_cat","embeddable":true,"href":"https:\/\/lasher.ee\/fi\/wp-json\/wp\/v2\/product_cat?post=4744"},{"taxonomy":"product_tag","embeddable":true,"href":"https:\/\/lasher.ee\/fi\/wp-json\/wp\/v2\/product_tag?post=4744"}],"curies":[{"name":"wp","href":"https:\/\/api.w.org\/{rel}","templated":true}]}}