{"id":5386,"date":"2025-02-20T17:56:50","date_gmt":"2025-02-20T15:56:50","guid":{"rendered":"https:\/\/lasher.ee\/liiman-kiihdytin-15ml\/"},"modified":"2026-02-25T15:36:45","modified_gmt":"2026-02-25T13:36:45","slug":"drying-booster-bonder","status":"publish","type":"product","link":"https:\/\/lasher.ee\/fi\/tuote\/drying-booster-bonder\/","title":{"rendered":"Drying Booster\/bonder 15ml"},"content":{"rendered":"","protected":false},"excerpt":{"rendered":"<p>Drying Booster eli superbonder auttaa ripsiliimaa kuivumaan nopeasti, ja ripset voivat olla kosketuksissa veden kanssa heti ripsienpidennysten asennuksen j\u00e4lkeen. Booster sitoo liimasta syntyv\u00e4t h\u00f6yryt heti k\u00e4yt\u00f6n j\u00e4lkeen, mik\u00e4 v\u00e4hent\u00e4\u00e4 liimasta aiheutunutta \u00e4rsytyst\u00e4 ja herkkyytt\u00e4. Koska tuotteen pH-taso on samanlainen kuin kyynelnesteell\u00e4, sit\u00e4 voidaan k\u00e4ytt\u00e4\u00e4 mukavasti ilman kirvely\u00e4 tai \u00e4rsytyst\u00e4. Kun se on kovettunut kokonaan, pinta j\u00e4\u00e4 tasaiseksi, joustavaksi ja luonnollisen n\u00e4k\u00f6iseksi. Kiihdytin pident\u00e4\u00e4 my\u00f6s ripsien pysyvyytt\u00e4.<\/p>\n<h6><strong>Tuotteen edut<\/strong><\/h6>\n<p>Turvallinen k\u00e4ytt\u00e4\u00e4\u2013 ei sis\u00e4ll\u00e4 alkoholia eik\u00e4 asetonia.<br \/>\nNeutraali pH, pisaran kaltainen.<br \/>\nLyhent\u00e4\u00e4 liiman kuivumisajan 24 tunnista 3 minuuttiin, jolloin asiakas voi pest\u00e4 kasvot heti toimenpiteen j\u00e4lkeen.<br \/>\nV\u00e4hent\u00e4\u00e4 liiman kuivumisesta aiheutuvia ongelmia.<\/p>\n<h6 class=\"p1\"><strong>K\u00e4ytt\u00f6ohje<\/strong><\/h6>\n<p class=\"p1\">Odota 2-3 minuuttia ripsienpidennysten asennuksen j\u00e4lkeen (varmista ett\u00e4 liima on t\u00e4ysin kuivunut, sill\u00e4 kosteus saatta aiheuttaa ripsiss\u00e4 valkaisua). Laita pieni tippa superbonderia mikrokuituharjalle ja aseta se ripsien liimakohtaan. Anna tuotteen kuivua 1-2 minuuttia.<\/p>\n<p>Talvella matalat l\u00e4mp\u00f6tilat ja alhainen ilmankosteus voivat hidastaa liiman kuivumista. Jos Drying Boosteria k\u00e4ytet\u00e4\u00e4n heti ripsienpidennysten asennuksen j\u00e4lkeen t\u00e4llaisissa olosuhteissa, se voi h\u00e4irit\u00e4 liiman luonnollista kuivumisprosessia, aiheuttaen valkoisia j\u00e4\u00e4mi\u00e4 ja silmien \u00e4rsytyst\u00e4. Siksi on t\u00e4rke\u00e4\u00e4 odottaa 2\u20133 minuuttia ripsienpidennysten asennuksen j\u00e4lkeen ennen tuotteen k\u00e4ytt\u00f6\u00e4.<\/p>\n<p>Vain ammattilaisk\u00e4ytt\u00f6\u00f6n.<\/p>\n<h6><strong>Koostumus<\/strong><\/h6>\n<p>Aqua, Dipotassium Glucyrrhiazate, Di-sodium Phosphate, Phenoxyethanol, Disodium Edta<\/p>\n","protected":false},"featured_media":7875,"comment_status":"open","ping_status":"closed","template":"","meta":{"site-sidebar-layout":"default","site-content-layout":"","ast-site-content-layout":"default","site-content-style":"default","site-sidebar-style":"default","ast-global-header-display":"","ast-banner-title-visibility":"","ast-main-header-display":"","ast-hfb-above-header-display":"","ast-hfb-below-header-display":"","ast-hfb-mobile-header-display":"","site-post-title":"","ast-breadcrumbs-content":"","ast-featured-img":"","footer-sml-layout":"","ast-disable-related-posts":"","theme-transparent-header-meta":"default","adv-header-id-meta":"","stick-header-meta":"","header-above-stick-meta":"","header-main-stick-meta":"","header-below-stick-meta":"","astra-migrate-meta-layouts":"set","ast-page-background-enabled":"default","ast-page-background-meta":{"desktop":{"background-color":"var(--ast-global-color-4)","background-image":"","background-repeat":"repeat","background-position":"center center","background-size":"auto","background-attachment":"scroll","background-type":"","background-media":"","overlay-type":"","overlay-color":"","overlay-opacity":"","overlay-gradient":""},"tablet":{"background-color":"","background-image":"","background-repeat":"repeat","background-position":"center center","background-size":"auto","background-attachment":"scroll","background-type":"","background-media":"","overlay-type":"","overlay-color":"","overlay-opacity":"","overlay-gradient":""},"mobile":{"background-color":"","background-image":"","background-repeat":"repeat","background-position":"center center","background-size":"auto","background-attachment":"scroll","background-type":"","background-media":"","overlay-type":"","overlay-color":"","overlay-opacity":"","overlay-gradient":""}},"ast-content-background-meta":{"desktop":{"background-color":"var(--ast-global-color-5)","background-image":"","background-repeat":"repeat","background-position":"center center","background-size":"auto","background-attachment":"scroll","background-type":"","background-media":"","overlay-type":"","overlay-color":"","overlay-opacity":"","overlay-gradient":""},"tablet":{"background-color":"var(--ast-global-color-5)","background-image":"","background-repeat":"repeat","background-position":"center center","background-size":"auto","background-attachment":"scroll","background-type":"","background-media":"","overlay-type":"","overlay-color":"","overlay-opacity":"","overlay-gradient":""},"mobile":{"background-color":"var(--ast-global-color-5)","background-image":"","background-repeat":"repeat","background-position":"center center","background-size":"auto","background-attachment":"scroll","background-type":"","background-media":"","overlay-type":"","overlay-color":"","overlay-opacity":"","overlay-gradient":""}}},"product_brand":[],"product_cat":[95,85],"product_tag":[],"class_list":{"0":"post-5386","1":"product","2":"type-product","3":"status-publish","4":"has-post-thumbnail","6":"product_cat-huolto","7":"product_cat-jalkihoito","8":"desktop-align-left","9":"tablet-align-left","10":"mobile-align-left","12":"first","13":"instock","14":"shipping-taxable","15":"purchasable","16":"product-type-simple"},"yoast_head":"<!-- This site is optimized with the Yoast SEO plugin v27.4 - https:\/\/yoast.com\/product\/yoast-seo-wordpress\/ -->\n<title>Drying Booster\/bonder 15ml - Lasher<\/title>\n<meta name=\"description\" content=\"Drying Booster kovettaa ripsienpidennysliiman vain 3 minuutissa, tarjoten turvallisen ja \u00e4rsytyksett\u00f6m\u00e4n kokemuksen kyynelm\u00e4isen pH-arvon ansiosta.\" \/>\n<meta name=\"robots\" content=\"index, follow, max-snippet:-1, max-image-preview:large, max-video-preview:-1\" \/>\n<link rel=\"canonical\" href=\"https:\/\/lasher.ee\/fi\/tuote\/drying-booster-bonder\/\" \/>\n<meta property=\"og:locale\" content=\"fi_FI\" \/>\n<meta property=\"og:type\" content=\"article\" \/>\n<meta property=\"og:title\" content=\"Drying Booster\/bonder 15ml - Lasher\" \/>\n<meta property=\"og:description\" content=\"Drying Booster kovettaa ripsienpidennysliiman vain 3 minuutissa, tarjoten turvallisen ja \u00e4rsytyksett\u00f6m\u00e4n kokemuksen kyynelm\u00e4isen pH-arvon ansiosta.\" \/>\n<meta property=\"og:url\" content=\"https:\/\/lasher.ee\/fi\/tuote\/drying-booster-bonder\/\" \/>\n<meta property=\"og:site_name\" content=\"Lasher\" \/>\n<meta property=\"article:publisher\" content=\"https:\/\/www.facebook.com\/profile.php?id=61564523265885\" \/>\n<meta property=\"article:modified_time\" content=\"2026-02-25T13:36:45+00:00\" \/>\n<meta property=\"og:image\" content=\"https:\/\/lasher.ee\/wp-content\/uploads\/2025\/02\/IMG_60442_imresizer_-1.png\" \/>\n\t<meta property=\"og:image:width\" content=\"1025\" \/>\n\t<meta property=\"og:image:height\" content=\"1025\" \/>\n\t<meta property=\"og:image:type\" content=\"image\/png\" \/>\n<meta name=\"twitter:card\" content=\"summary_large_image\" \/>\n<meta name=\"twitter:label1\" content=\"Arvioitu lukuaika\" \/>\n\t<meta name=\"twitter:data1\" content=\"1 minuutti\" \/>\n<script type=\"application\/ld+json\" class=\"yoast-schema-graph\">{\"@context\":\"https:\\\/\\\/schema.org\",\"@graph\":[{\"@type\":\"WebPage\",\"@id\":\"https:\\\/\\\/lasher.ee\\\/fi\\\/tuote\\\/drying-booster-bonder\\\/\",\"url\":\"https:\\\/\\\/lasher.ee\\\/fi\\\/tuote\\\/drying-booster-bonder\\\/\",\"name\":\"Drying Booster\\\/bonder 15ml - Lasher\",\"isPartOf\":{\"@id\":\"https:\\\/\\\/lasher.ee\\\/fi\\\/#website\"},\"primaryImageOfPage\":{\"@id\":\"https:\\\/\\\/lasher.ee\\\/fi\\\/tuote\\\/drying-booster-bonder\\\/#primaryimage\"},\"image\":{\"@id\":\"https:\\\/\\\/lasher.ee\\\/fi\\\/tuote\\\/drying-booster-bonder\\\/#primaryimage\"},\"thumbnailUrl\":\"https:\\\/\\\/lasher.ee\\\/wp-content\\\/uploads\\\/2025\\\/02\\\/IMG_60442_imresizer_-1.png\",\"datePublished\":\"2025-02-20T15:56:50+00:00\",\"dateModified\":\"2026-02-25T13:36:45+00:00\",\"description\":\"Drying Booster kovettaa ripsienpidennysliiman vain 3 minuutissa, tarjoten turvallisen ja \u00e4rsytyksett\u00f6m\u00e4n kokemuksen kyynelm\u00e4isen pH-arvon ansiosta.\",\"breadcrumb\":{\"@id\":\"https:\\\/\\\/lasher.ee\\\/fi\\\/tuote\\\/drying-booster-bonder\\\/#breadcrumb\"},\"inLanguage\":\"fi\",\"potentialAction\":[{\"@type\":\"ReadAction\",\"target\":[\"https:\\\/\\\/lasher.ee\\\/fi\\\/tuote\\\/drying-booster-bonder\\\/\"]}]},{\"@type\":\"ImageObject\",\"inLanguage\":\"fi\",\"@id\":\"https:\\\/\\\/lasher.ee\\\/fi\\\/tuote\\\/drying-booster-bonder\\\/#primaryimage\",\"url\":\"https:\\\/\\\/lasher.ee\\\/wp-content\\\/uploads\\\/2025\\\/02\\\/IMG_60442_imresizer_-1.png\",\"contentUrl\":\"https:\\\/\\\/lasher.ee\\\/wp-content\\\/uploads\\\/2025\\\/02\\\/IMG_60442_imresizer_-1.png\",\"width\":1025,\"height\":1025,\"caption\":\"Liimi kiirendi ehk bonder aitab ripsmeliimil kiiresti kuivada ja ripsmed v\u00f5ivad peale ripsmepikenduste paigaldamist veega kohe kokku puutuda.\"},{\"@type\":\"BreadcrumbList\",\"@id\":\"https:\\\/\\\/lasher.ee\\\/fi\\\/tuote\\\/drying-booster-bonder\\\/#breadcrumb\",\"itemListElement\":[{\"@type\":\"ListItem\",\"position\":1,\"name\":\"Home\",\"item\":\"https:\\\/\\\/lasher.ee\\\/fi\\\/\"},{\"@type\":\"ListItem\",\"position\":2,\"name\":\"Kaikki tuotteet\",\"item\":\"https:\\\/\\\/lasher.ee\\\/fi\\\/kaikki-tuotteet\\\/\"},{\"@type\":\"ListItem\",\"position\":3,\"name\":\"Drying Booster\\\/bonder 15ml\"}]},{\"@type\":\"WebSite\",\"@id\":\"https:\\\/\\\/lasher.ee\\\/fi\\\/#website\",\"url\":\"https:\\\/\\\/lasher.ee\\\/fi\\\/\",\"name\":\"Lasher\",\"description\":\"K\u00f5ik vajalikud ripsmetarvikud ripsmetehnikule \u00fchest kohast.\",\"publisher\":{\"@id\":\"https:\\\/\\\/lasher.ee\\\/fi\\\/#organization\"},\"potentialAction\":[{\"@type\":\"SearchAction\",\"target\":{\"@type\":\"EntryPoint\",\"urlTemplate\":\"https:\\\/\\\/lasher.ee\\\/fi\\\/?s={search_term_string}\"},\"query-input\":{\"@type\":\"PropertyValueSpecification\",\"valueRequired\":true,\"valueName\":\"search_term_string\"}}],\"inLanguage\":\"fi\"},{\"@type\":\"Organization\",\"@id\":\"https:\\\/\\\/lasher.ee\\\/fi\\\/#organization\",\"name\":\"Lasher\",\"url\":\"https:\\\/\\\/lasher.ee\\\/fi\\\/\",\"logo\":{\"@type\":\"ImageObject\",\"inLanguage\":\"fi\",\"@id\":\"https:\\\/\\\/lasher.ee\\\/fi\\\/#\\\/schema\\\/logo\\\/image\\\/\",\"url\":\"https:\\\/\\\/lasher.ee\\\/wp-content\\\/uploads\\\/2024\\\/09\\\/Screenshot-2024-09-03-at-11.58.17.png\",\"contentUrl\":\"https:\\\/\\\/lasher.ee\\\/wp-content\\\/uploads\\\/2024\\\/09\\\/Screenshot-2024-09-03-at-11.58.17.png\",\"width\":1678,\"height\":1670,\"caption\":\"Lasher\"},\"image\":{\"@id\":\"https:\\\/\\\/lasher.ee\\\/fi\\\/#\\\/schema\\\/logo\\\/image\\\/\"},\"sameAs\":[\"https:\\\/\\\/www.facebook.com\\\/profile.php?id=61564523265885\",\"https:\\\/\\\/www.instagram.com\\\/lasher_official\\\/\"]}]}<\/script>\n<!-- \/ Yoast SEO plugin. -->","yoast_head_json":{"title":"Drying Booster\/bonder 15ml - Lasher","description":"Drying Booster kovettaa ripsienpidennysliiman vain 3 minuutissa, tarjoten turvallisen ja \u00e4rsytyksett\u00f6m\u00e4n kokemuksen kyynelm\u00e4isen pH-arvon ansiosta.","robots":{"index":"index","follow":"follow","max-snippet":"max-snippet:-1","max-image-preview":"max-image-preview:large","max-video-preview":"max-video-preview:-1"},"canonical":"https:\/\/lasher.ee\/fi\/tuote\/drying-booster-bonder\/","og_locale":"fi_FI","og_type":"article","og_title":"Drying Booster\/bonder 15ml - Lasher","og_description":"Drying Booster kovettaa ripsienpidennysliiman vain 3 minuutissa, tarjoten turvallisen ja \u00e4rsytyksett\u00f6m\u00e4n kokemuksen kyynelm\u00e4isen pH-arvon ansiosta.","og_url":"https:\/\/lasher.ee\/fi\/tuote\/drying-booster-bonder\/","og_site_name":"Lasher","article_publisher":"https:\/\/www.facebook.com\/profile.php?id=61564523265885","article_modified_time":"2026-02-25T13:36:45+00:00","og_image":[{"width":1025,"height":1025,"url":"https:\/\/lasher.ee\/wp-content\/uploads\/2025\/02\/IMG_60442_imresizer_-1.png","type":"image\/png"}],"twitter_card":"summary_large_image","twitter_misc":{"Arvioitu lukuaika":"1 minuutti"},"schema":{"@context":"https:\/\/schema.org","@graph":[{"@type":"WebPage","@id":"https:\/\/lasher.ee\/fi\/tuote\/drying-booster-bonder\/","url":"https:\/\/lasher.ee\/fi\/tuote\/drying-booster-bonder\/","name":"Drying Booster\/bonder 15ml - Lasher","isPartOf":{"@id":"https:\/\/lasher.ee\/fi\/#website"},"primaryImageOfPage":{"@id":"https:\/\/lasher.ee\/fi\/tuote\/drying-booster-bonder\/#primaryimage"},"image":{"@id":"https:\/\/lasher.ee\/fi\/tuote\/drying-booster-bonder\/#primaryimage"},"thumbnailUrl":"https:\/\/lasher.ee\/wp-content\/uploads\/2025\/02\/IMG_60442_imresizer_-1.png","datePublished":"2025-02-20T15:56:50+00:00","dateModified":"2026-02-25T13:36:45+00:00","description":"Drying Booster kovettaa ripsienpidennysliiman vain 3 minuutissa, tarjoten turvallisen ja \u00e4rsytyksett\u00f6m\u00e4n kokemuksen kyynelm\u00e4isen pH-arvon ansiosta.","breadcrumb":{"@id":"https:\/\/lasher.ee\/fi\/tuote\/drying-booster-bonder\/#breadcrumb"},"inLanguage":"fi","potentialAction":[{"@type":"ReadAction","target":["https:\/\/lasher.ee\/fi\/tuote\/drying-booster-bonder\/"]}]},{"@type":"ImageObject","inLanguage":"fi","@id":"https:\/\/lasher.ee\/fi\/tuote\/drying-booster-bonder\/#primaryimage","url":"https:\/\/lasher.ee\/wp-content\/uploads\/2025\/02\/IMG_60442_imresizer_-1.png","contentUrl":"https:\/\/lasher.ee\/wp-content\/uploads\/2025\/02\/IMG_60442_imresizer_-1.png","width":1025,"height":1025,"caption":"Liimi kiirendi ehk bonder aitab ripsmeliimil kiiresti kuivada ja ripsmed v\u00f5ivad peale ripsmepikenduste paigaldamist veega kohe kokku puutuda."},{"@type":"BreadcrumbList","@id":"https:\/\/lasher.ee\/fi\/tuote\/drying-booster-bonder\/#breadcrumb","itemListElement":[{"@type":"ListItem","position":1,"name":"Home","item":"https:\/\/lasher.ee\/fi\/"},{"@type":"ListItem","position":2,"name":"Kaikki tuotteet","item":"https:\/\/lasher.ee\/fi\/kaikki-tuotteet\/"},{"@type":"ListItem","position":3,"name":"Drying Booster\/bonder 15ml"}]},{"@type":"WebSite","@id":"https:\/\/lasher.ee\/fi\/#website","url":"https:\/\/lasher.ee\/fi\/","name":"Lasher","description":"K\u00f5ik vajalikud ripsmetarvikud ripsmetehnikule \u00fchest kohast.","publisher":{"@id":"https:\/\/lasher.ee\/fi\/#organization"},"potentialAction":[{"@type":"SearchAction","target":{"@type":"EntryPoint","urlTemplate":"https:\/\/lasher.ee\/fi\/?s={search_term_string}"},"query-input":{"@type":"PropertyValueSpecification","valueRequired":true,"valueName":"search_term_string"}}],"inLanguage":"fi"},{"@type":"Organization","@id":"https:\/\/lasher.ee\/fi\/#organization","name":"Lasher","url":"https:\/\/lasher.ee\/fi\/","logo":{"@type":"ImageObject","inLanguage":"fi","@id":"https:\/\/lasher.ee\/fi\/#\/schema\/logo\/image\/","url":"https:\/\/lasher.ee\/wp-content\/uploads\/2024\/09\/Screenshot-2024-09-03-at-11.58.17.png","contentUrl":"https:\/\/lasher.ee\/wp-content\/uploads\/2024\/09\/Screenshot-2024-09-03-at-11.58.17.png","width":1678,"height":1670,"caption":"Lasher"},"image":{"@id":"https:\/\/lasher.ee\/fi\/#\/schema\/logo\/image\/"},"sameAs":["https:\/\/www.facebook.com\/profile.php?id=61564523265885","https:\/\/www.instagram.com\/lasher_official\/"]}]}},"_links":{"self":[{"href":"https:\/\/lasher.ee\/fi\/wp-json\/wp\/v2\/product\/5386","targetHints":{"allow":["GET"]}}],"collection":[{"href":"https:\/\/lasher.ee\/fi\/wp-json\/wp\/v2\/product"}],"about":[{"href":"https:\/\/lasher.ee\/fi\/wp-json\/wp\/v2\/types\/product"}],"replies":[{"embeddable":true,"href":"https:\/\/lasher.ee\/fi\/wp-json\/wp\/v2\/comments?post=5386"}],"wp:featuredmedia":[{"embeddable":true,"href":"https:\/\/lasher.ee\/fi\/wp-json\/wp\/v2\/media\/7875"}],"wp:attachment":[{"href":"https:\/\/lasher.ee\/fi\/wp-json\/wp\/v2\/media?parent=5386"}],"wp:term":[{"taxonomy":"product_brand","embeddable":true,"href":"https:\/\/lasher.ee\/fi\/wp-json\/wp\/v2\/product_brand?post=5386"},{"taxonomy":"product_cat","embeddable":true,"href":"https:\/\/lasher.ee\/fi\/wp-json\/wp\/v2\/product_cat?post=5386"},{"taxonomy":"product_tag","embeddable":true,"href":"https:\/\/lasher.ee\/fi\/wp-json\/wp\/v2\/product_tag?post=5386"}],"curies":[{"name":"wp","href":"https:\/\/api.w.org\/{rel}","templated":true}]}}