{"id":5393,"date":"2025-02-10T08:11:30","date_gmt":"2025-02-10T06:11:30","guid":{"rendered":"https:\/\/lasher.ee\/voiteenpoistoaine-15g\/"},"modified":"2026-03-31T11:00:38","modified_gmt":"2026-03-31T08:00:38","slug":"cream-remover-ripsien-poistoaine","status":"publish","type":"product","link":"https:\/\/lasher.ee\/fi\/tuote\/cream-remover-ripsien-poistoaine\/","title":{"rendered":"Cream remover-ripsien poistoaine 15g"},"content":{"rendered":"<p>Kermamainen ripsien poistoaine on turvallinen ja hell\u00e4varainen tapa poistaa ripsipidennykset.<\/p>\n","protected":false},"excerpt":{"rendered":"<p>Kermamainen ripsien poistoaine on turvallinen ja hell\u00e4varainen tapa poistaa ripsipidennykset. Paksu ja kermainen rakenne mahdollistaa ripsipidennysten poistamisen ilman pelkoa, ett\u00e4 tuotetta p\u00e4\u00e4see silmiin tai iholle. Cream remover poistaa tehokkaasti my\u00f6s UV-liimalla kiinnitetyt ripsipidennykset.<\/p>\n<p><em>Miksi valita t\u00e4m\u00e4 ripsienpoistoaine?<\/em><br \/>\n<em>Hell\u00e4 koostumus:\u00a0<\/em> tuote ei sis\u00e4ll\u00e4 bentoniittia. Sen puuttuminen tekee tuotteesta pehme\u00e4mm\u00e4n ja v\u00e4hemm\u00e4n \u201dsavisemman\u201d.<br \/>\nSopii hyvin herkille silmille ja iholle, joille kuivan koostumuksen omaavat poistiaineet eiv\u00e4t sovi.<br \/>\n<em>Ei kuivu liian nopeasti:<\/em> voidemainen tuote pysyy kosteana pidemp\u00e4\u00e4n, mik\u00e4 mahdollistaa liiman liukenemisen tehokkaammin.<br \/>\n<em>Ei valu:<\/em> vaikka koostumus on voidemainen, se on riitt\u00e4v\u00e4n paksua pysy\u00e4kseen paikallaan eik\u00e4 valu silmiin.<br \/>\n<em>Liiman liuottaminen:<\/em> liuottaa ripsiliiman tehokkaasti, jolloin pidennykset voidaan poistaa ilman, ett\u00e4 luonnolliset ripset vahingoittuvat.<br \/>\n<em>Puhdistus:<\/em> helppo huuhdella pois, ei j\u00e4t\u00e4 j\u00e4\u00e4mi\u00e4.Hell\u00e4<\/p>\n<h6><strong>K\u00e4ytt\u00f6ohje<\/strong><\/h6>\n<p>Levit\u00e4 puutikulla tai mikrokuituharjalla sopiva m\u00e4\u00e4r\u00e4 poistoainetta ripsien tyveen niin, ettei se kosketa silmi\u00e4. Riippuen kiinnitettyjen ripsien m\u00e4\u00e4r\u00e4st\u00e4, harjaa 5 minuutin j\u00e4lkeen ripset, poista varovasti pinseteill\u00e4 tai vanulapuilla. Poiston j\u00e4lkeen huuhtele ripset huolellisesti ripsienpesuaineella.<\/p>\n<p>Vain ammattilaisk\u00e4ytt\u00f6\u00f6n. Valmistettu Koreassa.<\/p>\n<p>&nbsp;<\/p>\n","protected":false},"featured_media":16671,"comment_status":"open","ping_status":"closed","template":"","meta":{"site-sidebar-layout":"default","site-content-layout":"","ast-site-content-layout":"default","site-content-style":"default","site-sidebar-style":"default","ast-global-header-display":"","ast-banner-title-visibility":"","ast-main-header-display":"","ast-hfb-above-header-display":"","ast-hfb-below-header-display":"","ast-hfb-mobile-header-display":"","site-post-title":"","ast-breadcrumbs-content":"","ast-featured-img":"","footer-sml-layout":"","ast-disable-related-posts":"","theme-transparent-header-meta":"default","adv-header-id-meta":"","stick-header-meta":"","header-above-stick-meta":"","header-main-stick-meta":"","header-below-stick-meta":"","astra-migrate-meta-layouts":"set","ast-page-background-enabled":"default","ast-page-background-meta":{"desktop":{"background-color":"var(--ast-global-color-4)","background-image":"","background-repeat":"repeat","background-position":"center center","background-size":"auto","background-attachment":"scroll","background-type":"","background-media":"","overlay-type":"","overlay-color":"","overlay-opacity":"","overlay-gradient":""},"tablet":{"background-color":"","background-image":"","background-repeat":"repeat","background-position":"center center","background-size":"auto","background-attachment":"scroll","background-type":"","background-media":"","overlay-type":"","overlay-color":"","overlay-opacity":"","overlay-gradient":""},"mobile":{"background-color":"","background-image":"","background-repeat":"repeat","background-position":"center center","background-size":"auto","background-attachment":"scroll","background-type":"","background-media":"","overlay-type":"","overlay-color":"","overlay-opacity":"","overlay-gradient":""}},"ast-content-background-meta":{"desktop":{"background-color":"var(--ast-global-color-5)","background-image":"","background-repeat":"repeat","background-position":"center center","background-size":"auto","background-attachment":"scroll","background-type":"","background-media":"","overlay-type":"","overlay-color":"","overlay-opacity":"","overlay-gradient":""},"tablet":{"background-color":"var(--ast-global-color-5)","background-image":"","background-repeat":"repeat","background-position":"center center","background-size":"auto","background-attachment":"scroll","background-type":"","background-media":"","overlay-type":"","overlay-color":"","overlay-opacity":"","overlay-gradient":""},"mobile":{"background-color":"var(--ast-global-color-5)","background-image":"","background-repeat":"repeat","background-position":"center center","background-size":"auto","background-attachment":"scroll","background-type":"","background-media":"","overlay-type":"","overlay-color":"","overlay-opacity":"","overlay-gradient":""}}},"product_brand":[],"product_cat":[83,134],"product_tag":[],"class_list":{"0":"post-5393","1":"product","2":"type-product","3":"status-publish","4":"has-post-thumbnail","6":"product_cat-poistotuotteet","7":"product_cat-uv-led-ripset","8":"desktop-align-left","9":"tablet-align-left","10":"mobile-align-left","12":"first","13":"instock","14":"shipping-taxable","15":"purchasable","16":"product-type-simple"},"yoast_head":"<!-- This site is optimized with the Yoast SEO plugin v27.4 - https:\/\/yoast.com\/product\/yoast-seo-wordpress\/ -->\n<title>Kermamainen ripsien poistoaine \u2013 hell\u00e4varainen ja tehokas - Lasher<\/title>\n<meta name=\"description\" content=\"Kermamainen ripsien poistoaine poistaa tehokkaasti ripsipidennykset, my\u00f6s UV-liimalla kiinnitetyt. Hell\u00e4, ei valu silmiin ja sopii herkille silmille.\" \/>\n<meta name=\"robots\" content=\"index, follow, max-snippet:-1, max-image-preview:large, max-video-preview:-1\" \/>\n<link rel=\"canonical\" href=\"https:\/\/lasher.ee\/fi\/tuote\/cream-remover-ripsien-poistoaine\/\" \/>\n<meta property=\"og:locale\" content=\"fi_FI\" \/>\n<meta property=\"og:type\" content=\"article\" \/>\n<meta property=\"og:title\" content=\"Kermamainen ripsien poistoaine \u2013 hell\u00e4varainen ja tehokas - Lasher\" \/>\n<meta property=\"og:description\" content=\"Kermamainen ripsien poistoaine poistaa tehokkaasti ripsipidennykset, my\u00f6s UV-liimalla kiinnitetyt. Hell\u00e4, ei valu silmiin ja sopii herkille silmille.\" \/>\n<meta property=\"og:url\" content=\"https:\/\/lasher.ee\/fi\/tuote\/cream-remover-ripsien-poistoaine\/\" \/>\n<meta property=\"og:site_name\" content=\"Lasher\" \/>\n<meta property=\"article:publisher\" content=\"https:\/\/www.facebook.com\/profile.php?id=61564523265885\" \/>\n<meta property=\"article:modified_time\" content=\"2026-03-31T08:00:38+00:00\" \/>\n<meta property=\"og:image\" content=\"https:\/\/lasher.ee\/wp-content\/uploads\/2025\/02\/Cream-remover.jpeg\" \/>\n\t<meta property=\"og:image:width\" content=\"1000\" \/>\n\t<meta property=\"og:image:height\" content=\"1000\" \/>\n\t<meta property=\"og:image:type\" content=\"image\/jpeg\" \/>\n<meta name=\"twitter:card\" content=\"summary_large_image\" \/>\n<meta name=\"twitter:label1\" content=\"Arvioitu lukuaika\" \/>\n\t<meta name=\"twitter:data1\" content=\"1 minuutti\" \/>\n<script type=\"application\/ld+json\" class=\"yoast-schema-graph\">{\"@context\":\"https:\\\/\\\/schema.org\",\"@graph\":[{\"@type\":\"WebPage\",\"@id\":\"https:\\\/\\\/lasher.ee\\\/fi\\\/tuote\\\/cream-remover-ripsien-poistoaine\\\/\",\"url\":\"https:\\\/\\\/lasher.ee\\\/fi\\\/tuote\\\/cream-remover-ripsien-poistoaine\\\/\",\"name\":\"Kermamainen ripsien poistoaine \u2013 hell\u00e4varainen ja tehokas - Lasher\",\"isPartOf\":{\"@id\":\"https:\\\/\\\/lasher.ee\\\/fi\\\/#website\"},\"primaryImageOfPage\":{\"@id\":\"https:\\\/\\\/lasher.ee\\\/fi\\\/tuote\\\/cream-remover-ripsien-poistoaine\\\/#primaryimage\"},\"image\":{\"@id\":\"https:\\\/\\\/lasher.ee\\\/fi\\\/tuote\\\/cream-remover-ripsien-poistoaine\\\/#primaryimage\"},\"thumbnailUrl\":\"https:\\\/\\\/lasher.ee\\\/wp-content\\\/uploads\\\/2025\\\/02\\\/Cream-remover.jpeg\",\"datePublished\":\"2025-02-10T06:11:30+00:00\",\"dateModified\":\"2026-03-31T08:00:38+00:00\",\"description\":\"Kermamainen ripsien poistoaine poistaa tehokkaasti ripsipidennykset, my\u00f6s UV-liimalla kiinnitetyt. Hell\u00e4, ei valu silmiin ja sopii herkille silmille.\",\"breadcrumb\":{\"@id\":\"https:\\\/\\\/lasher.ee\\\/fi\\\/tuote\\\/cream-remover-ripsien-poistoaine\\\/#breadcrumb\"},\"inLanguage\":\"fi\",\"potentialAction\":[{\"@type\":\"ReadAction\",\"target\":[\"https:\\\/\\\/lasher.ee\\\/fi\\\/tuote\\\/cream-remover-ripsien-poistoaine\\\/\"]}]},{\"@type\":\"ImageObject\",\"inLanguage\":\"fi\",\"@id\":\"https:\\\/\\\/lasher.ee\\\/fi\\\/tuote\\\/cream-remover-ripsien-poistoaine\\\/#primaryimage\",\"url\":\"https:\\\/\\\/lasher.ee\\\/wp-content\\\/uploads\\\/2025\\\/02\\\/Cream-remover.jpeg\",\"contentUrl\":\"https:\\\/\\\/lasher.ee\\\/wp-content\\\/uploads\\\/2025\\\/02\\\/Cream-remover.jpeg\",\"width\":1000,\"height\":1000,\"caption\":\"Cream remover-ripsien poistoaine 15g\"},{\"@type\":\"BreadcrumbList\",\"@id\":\"https:\\\/\\\/lasher.ee\\\/fi\\\/tuote\\\/cream-remover-ripsien-poistoaine\\\/#breadcrumb\",\"itemListElement\":[{\"@type\":\"ListItem\",\"position\":1,\"name\":\"Home\",\"item\":\"https:\\\/\\\/lasher.ee\\\/fi\\\/\"},{\"@type\":\"ListItem\",\"position\":2,\"name\":\"Kaikki tuotteet\",\"item\":\"https:\\\/\\\/lasher.ee\\\/fi\\\/kaikki-tuotteet\\\/\"},{\"@type\":\"ListItem\",\"position\":3,\"name\":\"Cream remover-ripsien poistoaine 15g\"}]},{\"@type\":\"WebSite\",\"@id\":\"https:\\\/\\\/lasher.ee\\\/fi\\\/#website\",\"url\":\"https:\\\/\\\/lasher.ee\\\/fi\\\/\",\"name\":\"Lasher\",\"description\":\"K\u00f5ik vajalikud ripsmetarvikud ripsmetehnikule \u00fchest kohast.\",\"publisher\":{\"@id\":\"https:\\\/\\\/lasher.ee\\\/fi\\\/#organization\"},\"potentialAction\":[{\"@type\":\"SearchAction\",\"target\":{\"@type\":\"EntryPoint\",\"urlTemplate\":\"https:\\\/\\\/lasher.ee\\\/fi\\\/?s={search_term_string}\"},\"query-input\":{\"@type\":\"PropertyValueSpecification\",\"valueRequired\":true,\"valueName\":\"search_term_string\"}}],\"inLanguage\":\"fi\"},{\"@type\":\"Organization\",\"@id\":\"https:\\\/\\\/lasher.ee\\\/fi\\\/#organization\",\"name\":\"Lasher\",\"url\":\"https:\\\/\\\/lasher.ee\\\/fi\\\/\",\"logo\":{\"@type\":\"ImageObject\",\"inLanguage\":\"fi\",\"@id\":\"https:\\\/\\\/lasher.ee\\\/fi\\\/#\\\/schema\\\/logo\\\/image\\\/\",\"url\":\"https:\\\/\\\/lasher.ee\\\/wp-content\\\/uploads\\\/2024\\\/09\\\/Screenshot-2024-09-03-at-11.58.17.png\",\"contentUrl\":\"https:\\\/\\\/lasher.ee\\\/wp-content\\\/uploads\\\/2024\\\/09\\\/Screenshot-2024-09-03-at-11.58.17.png\",\"width\":1678,\"height\":1670,\"caption\":\"Lasher\"},\"image\":{\"@id\":\"https:\\\/\\\/lasher.ee\\\/fi\\\/#\\\/schema\\\/logo\\\/image\\\/\"},\"sameAs\":[\"https:\\\/\\\/www.facebook.com\\\/profile.php?id=61564523265885\",\"https:\\\/\\\/www.instagram.com\\\/lasher_official\\\/\"]}]}<\/script>\n<!-- \/ Yoast SEO plugin. -->","yoast_head_json":{"title":"Kermamainen ripsien poistoaine \u2013 hell\u00e4varainen ja tehokas - Lasher","description":"Kermamainen ripsien poistoaine poistaa tehokkaasti ripsipidennykset, my\u00f6s UV-liimalla kiinnitetyt. Hell\u00e4, ei valu silmiin ja sopii herkille silmille.","robots":{"index":"index","follow":"follow","max-snippet":"max-snippet:-1","max-image-preview":"max-image-preview:large","max-video-preview":"max-video-preview:-1"},"canonical":"https:\/\/lasher.ee\/fi\/tuote\/cream-remover-ripsien-poistoaine\/","og_locale":"fi_FI","og_type":"article","og_title":"Kermamainen ripsien poistoaine \u2013 hell\u00e4varainen ja tehokas - Lasher","og_description":"Kermamainen ripsien poistoaine poistaa tehokkaasti ripsipidennykset, my\u00f6s UV-liimalla kiinnitetyt. Hell\u00e4, ei valu silmiin ja sopii herkille silmille.","og_url":"https:\/\/lasher.ee\/fi\/tuote\/cream-remover-ripsien-poistoaine\/","og_site_name":"Lasher","article_publisher":"https:\/\/www.facebook.com\/profile.php?id=61564523265885","article_modified_time":"2026-03-31T08:00:38+00:00","og_image":[{"width":1000,"height":1000,"url":"https:\/\/lasher.ee\/wp-content\/uploads\/2025\/02\/Cream-remover.jpeg","type":"image\/jpeg"}],"twitter_card":"summary_large_image","twitter_misc":{"Arvioitu lukuaika":"1 minuutti"},"schema":{"@context":"https:\/\/schema.org","@graph":[{"@type":"WebPage","@id":"https:\/\/lasher.ee\/fi\/tuote\/cream-remover-ripsien-poistoaine\/","url":"https:\/\/lasher.ee\/fi\/tuote\/cream-remover-ripsien-poistoaine\/","name":"Kermamainen ripsien poistoaine \u2013 hell\u00e4varainen ja tehokas - Lasher","isPartOf":{"@id":"https:\/\/lasher.ee\/fi\/#website"},"primaryImageOfPage":{"@id":"https:\/\/lasher.ee\/fi\/tuote\/cream-remover-ripsien-poistoaine\/#primaryimage"},"image":{"@id":"https:\/\/lasher.ee\/fi\/tuote\/cream-remover-ripsien-poistoaine\/#primaryimage"},"thumbnailUrl":"https:\/\/lasher.ee\/wp-content\/uploads\/2025\/02\/Cream-remover.jpeg","datePublished":"2025-02-10T06:11:30+00:00","dateModified":"2026-03-31T08:00:38+00:00","description":"Kermamainen ripsien poistoaine poistaa tehokkaasti ripsipidennykset, my\u00f6s UV-liimalla kiinnitetyt. Hell\u00e4, ei valu silmiin ja sopii herkille silmille.","breadcrumb":{"@id":"https:\/\/lasher.ee\/fi\/tuote\/cream-remover-ripsien-poistoaine\/#breadcrumb"},"inLanguage":"fi","potentialAction":[{"@type":"ReadAction","target":["https:\/\/lasher.ee\/fi\/tuote\/cream-remover-ripsien-poistoaine\/"]}]},{"@type":"ImageObject","inLanguage":"fi","@id":"https:\/\/lasher.ee\/fi\/tuote\/cream-remover-ripsien-poistoaine\/#primaryimage","url":"https:\/\/lasher.ee\/wp-content\/uploads\/2025\/02\/Cream-remover.jpeg","contentUrl":"https:\/\/lasher.ee\/wp-content\/uploads\/2025\/02\/Cream-remover.jpeg","width":1000,"height":1000,"caption":"Cream remover-ripsien poistoaine 15g"},{"@type":"BreadcrumbList","@id":"https:\/\/lasher.ee\/fi\/tuote\/cream-remover-ripsien-poistoaine\/#breadcrumb","itemListElement":[{"@type":"ListItem","position":1,"name":"Home","item":"https:\/\/lasher.ee\/fi\/"},{"@type":"ListItem","position":2,"name":"Kaikki tuotteet","item":"https:\/\/lasher.ee\/fi\/kaikki-tuotteet\/"},{"@type":"ListItem","position":3,"name":"Cream remover-ripsien poistoaine 15g"}]},{"@type":"WebSite","@id":"https:\/\/lasher.ee\/fi\/#website","url":"https:\/\/lasher.ee\/fi\/","name":"Lasher","description":"K\u00f5ik vajalikud ripsmetarvikud ripsmetehnikule \u00fchest kohast.","publisher":{"@id":"https:\/\/lasher.ee\/fi\/#organization"},"potentialAction":[{"@type":"SearchAction","target":{"@type":"EntryPoint","urlTemplate":"https:\/\/lasher.ee\/fi\/?s={search_term_string}"},"query-input":{"@type":"PropertyValueSpecification","valueRequired":true,"valueName":"search_term_string"}}],"inLanguage":"fi"},{"@type":"Organization","@id":"https:\/\/lasher.ee\/fi\/#organization","name":"Lasher","url":"https:\/\/lasher.ee\/fi\/","logo":{"@type":"ImageObject","inLanguage":"fi","@id":"https:\/\/lasher.ee\/fi\/#\/schema\/logo\/image\/","url":"https:\/\/lasher.ee\/wp-content\/uploads\/2024\/09\/Screenshot-2024-09-03-at-11.58.17.png","contentUrl":"https:\/\/lasher.ee\/wp-content\/uploads\/2024\/09\/Screenshot-2024-09-03-at-11.58.17.png","width":1678,"height":1670,"caption":"Lasher"},"image":{"@id":"https:\/\/lasher.ee\/fi\/#\/schema\/logo\/image\/"},"sameAs":["https:\/\/www.facebook.com\/profile.php?id=61564523265885","https:\/\/www.instagram.com\/lasher_official\/"]}]}},"_links":{"self":[{"href":"https:\/\/lasher.ee\/fi\/wp-json\/wp\/v2\/product\/5393","targetHints":{"allow":["GET"]}}],"collection":[{"href":"https:\/\/lasher.ee\/fi\/wp-json\/wp\/v2\/product"}],"about":[{"href":"https:\/\/lasher.ee\/fi\/wp-json\/wp\/v2\/types\/product"}],"replies":[{"embeddable":true,"href":"https:\/\/lasher.ee\/fi\/wp-json\/wp\/v2\/comments?post=5393"}],"wp:featuredmedia":[{"embeddable":true,"href":"https:\/\/lasher.ee\/fi\/wp-json\/wp\/v2\/media\/16671"}],"wp:attachment":[{"href":"https:\/\/lasher.ee\/fi\/wp-json\/wp\/v2\/media?parent=5393"}],"wp:term":[{"taxonomy":"product_brand","embeddable":true,"href":"https:\/\/lasher.ee\/fi\/wp-json\/wp\/v2\/product_brand?post=5393"},{"taxonomy":"product_cat","embeddable":true,"href":"https:\/\/lasher.ee\/fi\/wp-json\/wp\/v2\/product_cat?post=5393"},{"taxonomy":"product_tag","embeddable":true,"href":"https:\/\/lasher.ee\/fi\/wp-json\/wp\/v2\/product_tag?post=5393"}],"curies":[{"name":"wp","href":"https:\/\/api.w.org\/{rel}","templated":true}]}}