{"id":6088,"date":"2025-03-16T14:33:09","date_gmt":"2025-03-16T12:33:09","guid":{"rendered":"https:\/\/www.lasher.ee\/super-narrow-4d-0-07-valmiit-suppilot-1000-suppiloa\/"},"modified":"2026-05-06T12:01:23","modified_gmt":"2026-05-06T09:01:23","slug":"super-narrow-4d-0-07-valmisviuhkat","status":"publish","type":"product","link":"https:\/\/lasher.ee\/fi\/tuote\/super-narrow-4d-0-07-valmisviuhkat\/","title":{"rendered":"Super Narrow 4D valmisviuhkat 0.07 (1000 viuhkaa)"},"content":{"rendered":"<p>Super Narrow 4D valmisviuhkat 0.07 (1000 viuhkaa).<\/p>\n","protected":false},"excerpt":{"rendered":"<p>Super Narrow 4D valmisviuhkat on suunniteltu ripsientekij\u00f6ille, jotka haluavat luoda t\u00e4ytel\u00e4isen, mutta silti kevyen ja luonnollisen lopputuloksen. 4D tekniikkassa yhteen\u00a0 luonnolliseen ripseen kiinnitet\u00e4\u00e4n nelja ultraohutta viuhkaksi tehty\u00e4 ripsikuitua. 4D ripsipidennykset ovat tunnettuja t\u00e4ytel\u00e4isyydest\u00e4\u00e4n ja dramaattisesta volyymistaan, s\u00e4ilytt\u00e4en samalla luonnollisen ulkon\u00e4\u00f6n.<\/p>\n<p>Ripsiviuhkojen symmetria on tasainen, jokainen viuhka on samanlainen. Viuhkojen kiinnityspiste on lyhyt, jotta on mahdollista saavuttaa mahdollisimman kaunis lopputulos.<\/p>\n<p>Ripsikotelossa on eri pituisia ripsi\u00e4\u2013 7-12 mm,\u00a0 1000 viuhkaa. Valikoimassa on C, CC, D, M ja L mix rasiat.<\/p>\n<h6><strong>Kotelossa on:<\/strong><\/h6>\n<p>7mm- 54 rasia,<br \/>\n8mm- 162 rasia,<br \/>\n9mm- 216 rasia,<br \/>\n10mm- 216 rasia,<br \/>\n11mm-198 rasia,<br \/>\n12mm \u2013 154 rasia.<\/p>\n","protected":false},"featured_media":9782,"comment_status":"open","ping_status":"closed","template":"","meta":{"site-sidebar-layout":"default","site-content-layout":"","ast-site-content-layout":"default","site-content-style":"default","site-sidebar-style":"default","ast-global-header-display":"","ast-banner-title-visibility":"","ast-main-header-display":"","ast-hfb-above-header-display":"","ast-hfb-below-header-display":"","ast-hfb-mobile-header-display":"","site-post-title":"","ast-breadcrumbs-content":"","ast-featured-img":"","footer-sml-layout":"","ast-disable-related-posts":"","theme-transparent-header-meta":"default","adv-header-id-meta":"","stick-header-meta":"","header-above-stick-meta":"","header-main-stick-meta":"","header-below-stick-meta":"","astra-migrate-meta-layouts":"set","ast-page-background-enabled":"default","ast-page-background-meta":{"desktop":{"background-color":"var(--ast-global-color-4)","background-image":"","background-repeat":"repeat","background-position":"center center","background-size":"auto","background-attachment":"scroll","background-type":"","background-media":"","overlay-type":"","overlay-color":"","overlay-opacity":"","overlay-gradient":""},"tablet":{"background-color":"","background-image":"","background-repeat":"repeat","background-position":"center center","background-size":"auto","background-attachment":"scroll","background-type":"","background-media":"","overlay-type":"","overlay-color":"","overlay-opacity":"","overlay-gradient":""},"mobile":{"background-color":"","background-image":"","background-repeat":"repeat","background-position":"center center","background-size":"auto","background-attachment":"scroll","background-type":"","background-media":"","overlay-type":"","overlay-color":"","overlay-opacity":"","overlay-gradient":""}},"ast-content-background-meta":{"desktop":{"background-color":"var(--ast-global-color-5)","background-image":"","background-repeat":"repeat","background-position":"center center","background-size":"auto","background-attachment":"scroll","background-type":"","background-media":"","overlay-type":"","overlay-color":"","overlay-opacity":"","overlay-gradient":""},"tablet":{"background-color":"var(--ast-global-color-5)","background-image":"","background-repeat":"repeat","background-position":"center center","background-size":"auto","background-attachment":"scroll","background-type":"","background-media":"","overlay-type":"","overlay-color":"","overlay-opacity":"","overlay-gradient":""},"mobile":{"background-color":"var(--ast-global-color-5)","background-image":"","background-repeat":"repeat","background-position":"center center","background-size":"auto","background-attachment":"scroll","background-type":"","background-media":"","overlay-type":"","overlay-color":"","overlay-opacity":"","overlay-gradient":""}}},"product_brand":[],"product_cat":[90,121],"product_tag":[],"class_list":{"0":"post-6088","1":"product","2":"type-product","3":"status-publish","4":"has-post-thumbnail","6":"product_cat-ripset","7":"product_cat-valmisviuhkat","8":"desktop-align-left","9":"tablet-align-left","10":"mobile-align-left","12":"first","13":"instock","14":"shipping-taxable","15":"purchasable","16":"product-type-variable"},"yoast_head":"<!-- This site is optimized with the Yoast SEO plugin v27.5 - https:\/\/yoast.com\/product\/yoast-seo-wordpress\/ -->\n<title>Super Narrow 4D valmisviuhkat - Lasher<\/title>\n<meta name=\"description\" content=\"Super Narrow 4D valmisviuhkat luovat t\u00e4ytel\u00e4isen mutta kevyen volyymin. Ripsikotelossa on eri pituisia ripsi\u00e4. Valikoimassa on C, CC, D, M ja L mix rasiat.\" \/>\n<meta name=\"robots\" content=\"index, follow, max-snippet:-1, max-image-preview:large, max-video-preview:-1\" \/>\n<link rel=\"canonical\" href=\"https:\/\/lasher.ee\/fi\/tuote\/super-narrow-4d-0-07-valmisviuhkat\/\" \/>\n<meta property=\"og:locale\" content=\"fi_FI\" \/>\n<meta property=\"og:type\" content=\"article\" \/>\n<meta property=\"og:title\" content=\"Super Narrow 4D valmisviuhkat - Lasher\" \/>\n<meta property=\"og:description\" content=\"Super Narrow 4D valmisviuhkat luovat t\u00e4ytel\u00e4isen mutta kevyen volyymin. Ripsikotelossa on eri pituisia ripsi\u00e4. Valikoimassa on C, CC, D, M ja L mix rasiat.\" \/>\n<meta property=\"og:url\" content=\"https:\/\/lasher.ee\/fi\/tuote\/super-narrow-4d-0-07-valmisviuhkat\/\" \/>\n<meta property=\"og:site_name\" content=\"Lasher\" \/>\n<meta property=\"article:publisher\" content=\"https:\/\/www.facebook.com\/profile.php?id=61564523265885\" \/>\n<meta property=\"article:modified_time\" content=\"2026-05-06T09:01:23+00:00\" \/>\n<meta property=\"og:image\" content=\"https:\/\/lasher.ee\/wp-content\/uploads\/2025\/03\/IMG_7669-copy_.jpg\" \/>\n\t<meta property=\"og:image:width\" content=\"1025\" \/>\n\t<meta property=\"og:image:height\" content=\"1025\" \/>\n\t<meta property=\"og:image:type\" content=\"image\/jpeg\" \/>\n<meta name=\"twitter:card\" content=\"summary_large_image\" \/>\n<meta name=\"twitter:label1\" content=\"Arvioitu lukuaika\" \/>\n\t<meta name=\"twitter:data1\" content=\"1 minuutti\" \/>\n<script type=\"application\/ld+json\" class=\"yoast-schema-graph\">{\"@context\":\"https:\\\/\\\/schema.org\",\"@graph\":[{\"@type\":\"WebPage\",\"@id\":\"https:\\\/\\\/lasher.ee\\\/fi\\\/tuote\\\/super-narrow-4d-0-07-valmisviuhkat\\\/\",\"url\":\"https:\\\/\\\/lasher.ee\\\/fi\\\/tuote\\\/super-narrow-4d-0-07-valmisviuhkat\\\/\",\"name\":\"Super Narrow 4D valmisviuhkat - Lasher\",\"isPartOf\":{\"@id\":\"https:\\\/\\\/lasher.ee\\\/fi\\\/#website\"},\"primaryImageOfPage\":{\"@id\":\"https:\\\/\\\/lasher.ee\\\/fi\\\/tuote\\\/super-narrow-4d-0-07-valmisviuhkat\\\/#primaryimage\"},\"image\":{\"@id\":\"https:\\\/\\\/lasher.ee\\\/fi\\\/tuote\\\/super-narrow-4d-0-07-valmisviuhkat\\\/#primaryimage\"},\"thumbnailUrl\":\"https:\\\/\\\/lasher.ee\\\/wp-content\\\/uploads\\\/2025\\\/03\\\/IMG_7669-copy_.jpg\",\"datePublished\":\"2025-03-16T12:33:09+00:00\",\"dateModified\":\"2026-05-06T09:01:23+00:00\",\"description\":\"Super Narrow 4D valmisviuhkat luovat t\u00e4ytel\u00e4isen mutta kevyen volyymin. Ripsikotelossa on eri pituisia ripsi\u00e4. Valikoimassa on C, CC, D, M ja L mix rasiat.\",\"breadcrumb\":{\"@id\":\"https:\\\/\\\/lasher.ee\\\/fi\\\/tuote\\\/super-narrow-4d-0-07-valmisviuhkat\\\/#breadcrumb\"},\"inLanguage\":\"fi\",\"potentialAction\":[{\"@type\":\"ReadAction\",\"target\":[\"https:\\\/\\\/lasher.ee\\\/fi\\\/tuote\\\/super-narrow-4d-0-07-valmisviuhkat\\\/\"]}]},{\"@type\":\"ImageObject\",\"inLanguage\":\"fi\",\"@id\":\"https:\\\/\\\/lasher.ee\\\/fi\\\/tuote\\\/super-narrow-4d-0-07-valmisviuhkat\\\/#primaryimage\",\"url\":\"https:\\\/\\\/lasher.ee\\\/wp-content\\\/uploads\\\/2025\\\/03\\\/IMG_7669-copy_.jpg\",\"contentUrl\":\"https:\\\/\\\/lasher.ee\\\/wp-content\\\/uploads\\\/2025\\\/03\\\/IMG_7669-copy_.jpg\",\"width\":1025,\"height\":1025,\"caption\":\"4D super narrow valmisviuhkat 0.07mm - tarkka ja tasainen fanning\"},{\"@type\":\"BreadcrumbList\",\"@id\":\"https:\\\/\\\/lasher.ee\\\/fi\\\/tuote\\\/super-narrow-4d-0-07-valmisviuhkat\\\/#breadcrumb\",\"itemListElement\":[{\"@type\":\"ListItem\",\"position\":1,\"name\":\"Home\",\"item\":\"https:\\\/\\\/lasher.ee\\\/fi\\\/\"},{\"@type\":\"ListItem\",\"position\":2,\"name\":\"Kaikki tuotteet\",\"item\":\"https:\\\/\\\/lasher.ee\\\/fi\\\/kaikki-tuotteet\\\/\"},{\"@type\":\"ListItem\",\"position\":3,\"name\":\"Super Narrow 4D valmisviuhkat 0.07 (1000 viuhkaa)\"}]},{\"@type\":\"WebSite\",\"@id\":\"https:\\\/\\\/lasher.ee\\\/fi\\\/#website\",\"url\":\"https:\\\/\\\/lasher.ee\\\/fi\\\/\",\"name\":\"Lasher\",\"description\":\"K\u00f5ik vajalikud ripsmetarvikud ripsmetehnikule \u00fchest kohast.\",\"publisher\":{\"@id\":\"https:\\\/\\\/lasher.ee\\\/fi\\\/#organization\"},\"potentialAction\":[{\"@type\":\"SearchAction\",\"target\":{\"@type\":\"EntryPoint\",\"urlTemplate\":\"https:\\\/\\\/lasher.ee\\\/fi\\\/?s={search_term_string}\"},\"query-input\":{\"@type\":\"PropertyValueSpecification\",\"valueRequired\":true,\"valueName\":\"search_term_string\"}}],\"inLanguage\":\"fi\"},{\"@type\":\"Organization\",\"@id\":\"https:\\\/\\\/lasher.ee\\\/fi\\\/#organization\",\"name\":\"Lasher\",\"url\":\"https:\\\/\\\/lasher.ee\\\/fi\\\/\",\"logo\":{\"@type\":\"ImageObject\",\"inLanguage\":\"fi\",\"@id\":\"https:\\\/\\\/lasher.ee\\\/fi\\\/#\\\/schema\\\/logo\\\/image\\\/\",\"url\":\"https:\\\/\\\/lasher.ee\\\/wp-content\\\/uploads\\\/2024\\\/09\\\/Screenshot-2024-09-03-at-11.58.17.png\",\"contentUrl\":\"https:\\\/\\\/lasher.ee\\\/wp-content\\\/uploads\\\/2024\\\/09\\\/Screenshot-2024-09-03-at-11.58.17.png\",\"width\":1678,\"height\":1670,\"caption\":\"Lasher\"},\"image\":{\"@id\":\"https:\\\/\\\/lasher.ee\\\/fi\\\/#\\\/schema\\\/logo\\\/image\\\/\"},\"sameAs\":[\"https:\\\/\\\/www.facebook.com\\\/profile.php?id=61564523265885\",\"https:\\\/\\\/www.instagram.com\\\/lasher_official\\\/\"]}]}<\/script>\n<!-- \/ Yoast SEO plugin. -->","yoast_head_json":{"title":"Super Narrow 4D valmisviuhkat - Lasher","description":"Super Narrow 4D valmisviuhkat luovat t\u00e4ytel\u00e4isen mutta kevyen volyymin. Ripsikotelossa on eri pituisia ripsi\u00e4. Valikoimassa on C, CC, D, M ja L mix rasiat.","robots":{"index":"index","follow":"follow","max-snippet":"max-snippet:-1","max-image-preview":"max-image-preview:large","max-video-preview":"max-video-preview:-1"},"canonical":"https:\/\/lasher.ee\/fi\/tuote\/super-narrow-4d-0-07-valmisviuhkat\/","og_locale":"fi_FI","og_type":"article","og_title":"Super Narrow 4D valmisviuhkat - Lasher","og_description":"Super Narrow 4D valmisviuhkat luovat t\u00e4ytel\u00e4isen mutta kevyen volyymin. Ripsikotelossa on eri pituisia ripsi\u00e4. Valikoimassa on C, CC, D, M ja L mix rasiat.","og_url":"https:\/\/lasher.ee\/fi\/tuote\/super-narrow-4d-0-07-valmisviuhkat\/","og_site_name":"Lasher","article_publisher":"https:\/\/www.facebook.com\/profile.php?id=61564523265885","article_modified_time":"2026-05-06T09:01:23+00:00","og_image":[{"width":1025,"height":1025,"url":"https:\/\/lasher.ee\/wp-content\/uploads\/2025\/03\/IMG_7669-copy_.jpg","type":"image\/jpeg"}],"twitter_card":"summary_large_image","twitter_misc":{"Arvioitu lukuaika":"1 minuutti"},"schema":{"@context":"https:\/\/schema.org","@graph":[{"@type":"WebPage","@id":"https:\/\/lasher.ee\/fi\/tuote\/super-narrow-4d-0-07-valmisviuhkat\/","url":"https:\/\/lasher.ee\/fi\/tuote\/super-narrow-4d-0-07-valmisviuhkat\/","name":"Super Narrow 4D valmisviuhkat - Lasher","isPartOf":{"@id":"https:\/\/lasher.ee\/fi\/#website"},"primaryImageOfPage":{"@id":"https:\/\/lasher.ee\/fi\/tuote\/super-narrow-4d-0-07-valmisviuhkat\/#primaryimage"},"image":{"@id":"https:\/\/lasher.ee\/fi\/tuote\/super-narrow-4d-0-07-valmisviuhkat\/#primaryimage"},"thumbnailUrl":"https:\/\/lasher.ee\/wp-content\/uploads\/2025\/03\/IMG_7669-copy_.jpg","datePublished":"2025-03-16T12:33:09+00:00","dateModified":"2026-05-06T09:01:23+00:00","description":"Super Narrow 4D valmisviuhkat luovat t\u00e4ytel\u00e4isen mutta kevyen volyymin. Ripsikotelossa on eri pituisia ripsi\u00e4. Valikoimassa on C, CC, D, M ja L mix rasiat.","breadcrumb":{"@id":"https:\/\/lasher.ee\/fi\/tuote\/super-narrow-4d-0-07-valmisviuhkat\/#breadcrumb"},"inLanguage":"fi","potentialAction":[{"@type":"ReadAction","target":["https:\/\/lasher.ee\/fi\/tuote\/super-narrow-4d-0-07-valmisviuhkat\/"]}]},{"@type":"ImageObject","inLanguage":"fi","@id":"https:\/\/lasher.ee\/fi\/tuote\/super-narrow-4d-0-07-valmisviuhkat\/#primaryimage","url":"https:\/\/lasher.ee\/wp-content\/uploads\/2025\/03\/IMG_7669-copy_.jpg","contentUrl":"https:\/\/lasher.ee\/wp-content\/uploads\/2025\/03\/IMG_7669-copy_.jpg","width":1025,"height":1025,"caption":"4D super narrow valmisviuhkat 0.07mm - tarkka ja tasainen fanning"},{"@type":"BreadcrumbList","@id":"https:\/\/lasher.ee\/fi\/tuote\/super-narrow-4d-0-07-valmisviuhkat\/#breadcrumb","itemListElement":[{"@type":"ListItem","position":1,"name":"Home","item":"https:\/\/lasher.ee\/fi\/"},{"@type":"ListItem","position":2,"name":"Kaikki tuotteet","item":"https:\/\/lasher.ee\/fi\/kaikki-tuotteet\/"},{"@type":"ListItem","position":3,"name":"Super Narrow 4D valmisviuhkat 0.07 (1000 viuhkaa)"}]},{"@type":"WebSite","@id":"https:\/\/lasher.ee\/fi\/#website","url":"https:\/\/lasher.ee\/fi\/","name":"Lasher","description":"K\u00f5ik vajalikud ripsmetarvikud ripsmetehnikule \u00fchest kohast.","publisher":{"@id":"https:\/\/lasher.ee\/fi\/#organization"},"potentialAction":[{"@type":"SearchAction","target":{"@type":"EntryPoint","urlTemplate":"https:\/\/lasher.ee\/fi\/?s={search_term_string}"},"query-input":{"@type":"PropertyValueSpecification","valueRequired":true,"valueName":"search_term_string"}}],"inLanguage":"fi"},{"@type":"Organization","@id":"https:\/\/lasher.ee\/fi\/#organization","name":"Lasher","url":"https:\/\/lasher.ee\/fi\/","logo":{"@type":"ImageObject","inLanguage":"fi","@id":"https:\/\/lasher.ee\/fi\/#\/schema\/logo\/image\/","url":"https:\/\/lasher.ee\/wp-content\/uploads\/2024\/09\/Screenshot-2024-09-03-at-11.58.17.png","contentUrl":"https:\/\/lasher.ee\/wp-content\/uploads\/2024\/09\/Screenshot-2024-09-03-at-11.58.17.png","width":1678,"height":1670,"caption":"Lasher"},"image":{"@id":"https:\/\/lasher.ee\/fi\/#\/schema\/logo\/image\/"},"sameAs":["https:\/\/www.facebook.com\/profile.php?id=61564523265885","https:\/\/www.instagram.com\/lasher_official\/"]}]}},"_links":{"self":[{"href":"https:\/\/lasher.ee\/fi\/wp-json\/wp\/v2\/product\/6088","targetHints":{"allow":["GET"]}}],"collection":[{"href":"https:\/\/lasher.ee\/fi\/wp-json\/wp\/v2\/product"}],"about":[{"href":"https:\/\/lasher.ee\/fi\/wp-json\/wp\/v2\/types\/product"}],"replies":[{"embeddable":true,"href":"https:\/\/lasher.ee\/fi\/wp-json\/wp\/v2\/comments?post=6088"}],"wp:featuredmedia":[{"embeddable":true,"href":"https:\/\/lasher.ee\/fi\/wp-json\/wp\/v2\/media\/9782"}],"wp:attachment":[{"href":"https:\/\/lasher.ee\/fi\/wp-json\/wp\/v2\/media?parent=6088"}],"wp:term":[{"taxonomy":"product_brand","embeddable":true,"href":"https:\/\/lasher.ee\/fi\/wp-json\/wp\/v2\/product_brand?post=6088"},{"taxonomy":"product_cat","embeddable":true,"href":"https:\/\/lasher.ee\/fi\/wp-json\/wp\/v2\/product_cat?post=6088"},{"taxonomy":"product_tag","embeddable":true,"href":"https:\/\/lasher.ee\/fi\/wp-json\/wp\/v2\/product_tag?post=6088"}],"curies":[{"name":"wp","href":"https:\/\/api.w.org\/{rel}","templated":true}]}}