{"id":7001,"date":"2025-05-03T23:04:10","date_gmt":"2025-05-03T20:04:10","guid":{"rendered":"https:\/\/lasher.ee\/?post_type=product&#038;p=7001"},"modified":"2026-03-16T20:50:19","modified_gmt":"2026-03-16T18:50:19","slug":"ruskeat-4d-valmisviuhkat","status":"publish","type":"product","link":"https:\/\/lasher.ee\/fi\/tuote\/ruskeat-4d-valmisviuhkat\/","title":{"rendered":"Ruskeat Super Narrow 4D valmisviuhkat 0.07 (1000 viuhkaa)"},"content":{"rendered":"<p>Ruskeat Super Narrow 4D valmisviuhkat 0.07 (1000 viuhkaa).<\/p>\n","protected":false},"excerpt":{"rendered":"<p>Ruskeat super narrow 4D valmisviuhkat on suunniteltu ripsientekij\u00f6ille, jotka haluavat luoda t\u00e4ytel\u00e4isen mutta silti kevyen ja luonnollisen lopputuloksen. 4D tekniikassa yhteen luonnolliseen ripseen kiinnitet\u00e4\u00e4n nelja ultraohutta viuhkaksi tehty\u00e4 ripsikuitua. 4D ripsipidennykset ovat tunnettuja t\u00e4ytel\u00e4isyydest\u00e4\u00e4n ja dramaattisesta volyymistaan, s\u00e4ilytt\u00e4en samalla luonnollisen ulkon\u00e4\u00f6n.<\/p>\n<p>Ripsiviuhkojen symmetria on tasainen, jokainen viuhka on samanlainen. Viuhkojen kiinnityspiste on lyhyt, jotta on mahdollista saavuttaa mahdollisimman kaunis lopputulos.<\/p>\n<p>Ripsikotelossa on eri pituisia ripsi\u00e4\u2013 7-12 mm, 1000 viuhkaa. Valikoimassa on C, CC ja D mix rasiat.<\/p>\n<p><strong>Kotelossa on:<\/strong><br \/>\n7mm- 54 rasia,<br \/>\n8mm- 162 rasia,<br \/>\n9mm- 216 rasia,<br \/>\n10mm- 216 rasia,<br \/>\n11mm-198 rasia,<br \/>\n12mm \u2013 154 rasia.<\/p>\n","protected":false},"featured_media":9779,"comment_status":"open","ping_status":"closed","template":"","meta":{"site-sidebar-layout":"default","site-content-layout":"","ast-site-content-layout":"default","site-content-style":"default","site-sidebar-style":"default","ast-global-header-display":"","ast-banner-title-visibility":"","ast-main-header-display":"","ast-hfb-above-header-display":"","ast-hfb-below-header-display":"","ast-hfb-mobile-header-display":"","site-post-title":"","ast-breadcrumbs-content":"","ast-featured-img":"","footer-sml-layout":"","ast-disable-related-posts":"","theme-transparent-header-meta":"default","adv-header-id-meta":"","stick-header-meta":"","header-above-stick-meta":"","header-main-stick-meta":"","header-below-stick-meta":"","astra-migrate-meta-layouts":"set","ast-page-background-enabled":"default","ast-page-background-meta":{"desktop":{"background-color":"var(--ast-global-color-4)","background-image":"","background-repeat":"repeat","background-position":"center center","background-size":"auto","background-attachment":"scroll","background-type":"","background-media":"","overlay-type":"","overlay-color":"","overlay-opacity":"","overlay-gradient":""},"tablet":{"background-color":"","background-image":"","background-repeat":"repeat","background-position":"center center","background-size":"auto","background-attachment":"scroll","background-type":"","background-media":"","overlay-type":"","overlay-color":"","overlay-opacity":"","overlay-gradient":""},"mobile":{"background-color":"","background-image":"","background-repeat":"repeat","background-position":"center center","background-size":"auto","background-attachment":"scroll","background-type":"","background-media":"","overlay-type":"","overlay-color":"","overlay-opacity":"","overlay-gradient":""}},"ast-content-background-meta":{"desktop":{"background-color":"var(--ast-global-color-5)","background-image":"","background-repeat":"repeat","background-position":"center center","background-size":"auto","background-attachment":"scroll","background-type":"","background-media":"","overlay-type":"","overlay-color":"","overlay-opacity":"","overlay-gradient":""},"tablet":{"background-color":"var(--ast-global-color-5)","background-image":"","background-repeat":"repeat","background-position":"center center","background-size":"auto","background-attachment":"scroll","background-type":"","background-media":"","overlay-type":"","overlay-color":"","overlay-opacity":"","overlay-gradient":""},"mobile":{"background-color":"var(--ast-global-color-5)","background-image":"","background-repeat":"repeat","background-position":"center center","background-size":"auto","background-attachment":"scroll","background-type":"","background-media":"","overlay-type":"","overlay-color":"","overlay-opacity":"","overlay-gradient":""}}},"product_brand":[],"product_cat":[90,119,121],"product_tag":[],"class_list":{"0":"post-7001","1":"product","2":"type-product","3":"status-publish","4":"has-post-thumbnail","6":"product_cat-ripset","7":"product_cat-ruskeat-ripsikuidut","8":"product_cat-valmisviuhkat","9":"desktop-align-left","10":"tablet-align-left","11":"mobile-align-left","13":"first","14":"instock","15":"shipping-taxable","16":"purchasable","17":"product-type-variable"},"yoast_head":"<!-- This site is optimized with the Yoast SEO plugin v27.5 - https:\/\/yoast.com\/product\/yoast-seo-wordpress\/ -->\n<title>Ruskeat Super Narrow 4D valmisviuhkat 0.07 (1000 viuhkaa) - Lasher<\/title>\n<meta name=\"description\" content=\"Ruskeat super narrow 4D valmisviuhkat. Ripsikotelossa on eri pituisia ripsi\u00e4\u2013 7-12 mm, 1000 viuhkaa. Valikoimassa on C, CC ja D mix rasiat.\" \/>\n<meta name=\"robots\" content=\"index, follow, max-snippet:-1, max-image-preview:large, max-video-preview:-1\" \/>\n<link rel=\"canonical\" href=\"https:\/\/lasher.ee\/fi\/tuote\/ruskeat-4d-valmisviuhkat\/\" \/>\n<meta property=\"og:locale\" content=\"fi_FI\" \/>\n<meta property=\"og:type\" content=\"article\" \/>\n<meta property=\"og:title\" content=\"Ruskeat Super Narrow 4D valmisviuhkat 0.07 (1000 viuhkaa) - Lasher\" \/>\n<meta property=\"og:description\" content=\"Ruskeat super narrow 4D valmisviuhkat. Ripsikotelossa on eri pituisia ripsi\u00e4\u2013 7-12 mm, 1000 viuhkaa. Valikoimassa on C, CC ja D mix rasiat.\" \/>\n<meta property=\"og:url\" content=\"https:\/\/lasher.ee\/fi\/tuote\/ruskeat-4d-valmisviuhkat\/\" \/>\n<meta property=\"og:site_name\" content=\"Lasher\" \/>\n<meta property=\"article:publisher\" content=\"https:\/\/www.facebook.com\/profile.php?id=61564523265885\" \/>\n<meta property=\"article:modified_time\" content=\"2026-03-16T18:50:19+00:00\" \/>\n<meta property=\"og:image\" content=\"https:\/\/lasher.ee\/wp-content\/uploads\/2025\/05\/IMG_7717-.jpg\" \/>\n\t<meta property=\"og:image:width\" content=\"1025\" \/>\n\t<meta property=\"og:image:height\" content=\"1025\" \/>\n\t<meta property=\"og:image:type\" content=\"image\/jpeg\" \/>\n<meta name=\"twitter:card\" content=\"summary_large_image\" \/>\n<meta name=\"twitter:label1\" content=\"Arvioitu lukuaika\" \/>\n\t<meta name=\"twitter:data1\" content=\"1 minuutti\" \/>\n<script type=\"application\/ld+json\" class=\"yoast-schema-graph\">{\"@context\":\"https:\\\/\\\/schema.org\",\"@graph\":[{\"@type\":\"WebPage\",\"@id\":\"https:\\\/\\\/lasher.ee\\\/fi\\\/tuote\\\/ruskeat-4d-valmisviuhkat\\\/\",\"url\":\"https:\\\/\\\/lasher.ee\\\/fi\\\/tuote\\\/ruskeat-4d-valmisviuhkat\\\/\",\"name\":\"Ruskeat Super Narrow 4D valmisviuhkat 0.07 (1000 viuhkaa) - Lasher\",\"isPartOf\":{\"@id\":\"https:\\\/\\\/lasher.ee\\\/fi\\\/#website\"},\"primaryImageOfPage\":{\"@id\":\"https:\\\/\\\/lasher.ee\\\/fi\\\/tuote\\\/ruskeat-4d-valmisviuhkat\\\/#primaryimage\"},\"image\":{\"@id\":\"https:\\\/\\\/lasher.ee\\\/fi\\\/tuote\\\/ruskeat-4d-valmisviuhkat\\\/#primaryimage\"},\"thumbnailUrl\":\"https:\\\/\\\/lasher.ee\\\/wp-content\\\/uploads\\\/2025\\\/05\\\/IMG_7717-.jpg\",\"datePublished\":\"2025-05-03T20:04:10+00:00\",\"dateModified\":\"2026-03-16T18:50:19+00:00\",\"description\":\"Ruskeat super narrow 4D valmisviuhkat. Ripsikotelossa on eri pituisia ripsi\u00e4\u2013 7-12 mm, 1000 viuhkaa. Valikoimassa on C, CC ja D mix rasiat.\",\"breadcrumb\":{\"@id\":\"https:\\\/\\\/lasher.ee\\\/fi\\\/tuote\\\/ruskeat-4d-valmisviuhkat\\\/#breadcrumb\"},\"inLanguage\":\"fi\",\"potentialAction\":[{\"@type\":\"ReadAction\",\"target\":[\"https:\\\/\\\/lasher.ee\\\/fi\\\/tuote\\\/ruskeat-4d-valmisviuhkat\\\/\"]}]},{\"@type\":\"ImageObject\",\"inLanguage\":\"fi\",\"@id\":\"https:\\\/\\\/lasher.ee\\\/fi\\\/tuote\\\/ruskeat-4d-valmisviuhkat\\\/#primaryimage\",\"url\":\"https:\\\/\\\/lasher.ee\\\/wp-content\\\/uploads\\\/2025\\\/05\\\/IMG_7717-.jpg\",\"contentUrl\":\"https:\\\/\\\/lasher.ee\\\/wp-content\\\/uploads\\\/2025\\\/05\\\/IMG_7717-.jpg\",\"width\":1025,\"height\":1025,\"caption\":\"Ruskeat Super Narrow 4D valmisviuhkat 0.07 mm \u2013 t\u00e4ytel\u00e4inen ja luonnollinen volyymi ripsipidennyksiin.\"},{\"@type\":\"BreadcrumbList\",\"@id\":\"https:\\\/\\\/lasher.ee\\\/fi\\\/tuote\\\/ruskeat-4d-valmisviuhkat\\\/#breadcrumb\",\"itemListElement\":[{\"@type\":\"ListItem\",\"position\":1,\"name\":\"Home\",\"item\":\"https:\\\/\\\/lasher.ee\\\/fi\\\/\"},{\"@type\":\"ListItem\",\"position\":2,\"name\":\"Kaikki tuotteet\",\"item\":\"https:\\\/\\\/lasher.ee\\\/fi\\\/kaikki-tuotteet\\\/\"},{\"@type\":\"ListItem\",\"position\":3,\"name\":\"Ruskeat Super Narrow 4D valmisviuhkat 0.07 (1000 viuhkaa)\"}]},{\"@type\":\"WebSite\",\"@id\":\"https:\\\/\\\/lasher.ee\\\/fi\\\/#website\",\"url\":\"https:\\\/\\\/lasher.ee\\\/fi\\\/\",\"name\":\"Lasher\",\"description\":\"K\u00f5ik vajalikud ripsmetarvikud ripsmetehnikule \u00fchest kohast.\",\"publisher\":{\"@id\":\"https:\\\/\\\/lasher.ee\\\/fi\\\/#organization\"},\"potentialAction\":[{\"@type\":\"SearchAction\",\"target\":{\"@type\":\"EntryPoint\",\"urlTemplate\":\"https:\\\/\\\/lasher.ee\\\/fi\\\/?s={search_term_string}\"},\"query-input\":{\"@type\":\"PropertyValueSpecification\",\"valueRequired\":true,\"valueName\":\"search_term_string\"}}],\"inLanguage\":\"fi\"},{\"@type\":\"Organization\",\"@id\":\"https:\\\/\\\/lasher.ee\\\/fi\\\/#organization\",\"name\":\"Lasher\",\"url\":\"https:\\\/\\\/lasher.ee\\\/fi\\\/\",\"logo\":{\"@type\":\"ImageObject\",\"inLanguage\":\"fi\",\"@id\":\"https:\\\/\\\/lasher.ee\\\/fi\\\/#\\\/schema\\\/logo\\\/image\\\/\",\"url\":\"https:\\\/\\\/lasher.ee\\\/wp-content\\\/uploads\\\/2024\\\/09\\\/Screenshot-2024-09-03-at-11.58.17.png\",\"contentUrl\":\"https:\\\/\\\/lasher.ee\\\/wp-content\\\/uploads\\\/2024\\\/09\\\/Screenshot-2024-09-03-at-11.58.17.png\",\"width\":1678,\"height\":1670,\"caption\":\"Lasher\"},\"image\":{\"@id\":\"https:\\\/\\\/lasher.ee\\\/fi\\\/#\\\/schema\\\/logo\\\/image\\\/\"},\"sameAs\":[\"https:\\\/\\\/www.facebook.com\\\/profile.php?id=61564523265885\",\"https:\\\/\\\/www.instagram.com\\\/lasher_official\\\/\"]}]}<\/script>\n<!-- \/ Yoast SEO plugin. -->","yoast_head_json":{"title":"Ruskeat Super Narrow 4D valmisviuhkat 0.07 (1000 viuhkaa) - Lasher","description":"Ruskeat super narrow 4D valmisviuhkat. Ripsikotelossa on eri pituisia ripsi\u00e4\u2013 7-12 mm, 1000 viuhkaa. Valikoimassa on C, CC ja D mix rasiat.","robots":{"index":"index","follow":"follow","max-snippet":"max-snippet:-1","max-image-preview":"max-image-preview:large","max-video-preview":"max-video-preview:-1"},"canonical":"https:\/\/lasher.ee\/fi\/tuote\/ruskeat-4d-valmisviuhkat\/","og_locale":"fi_FI","og_type":"article","og_title":"Ruskeat Super Narrow 4D valmisviuhkat 0.07 (1000 viuhkaa) - Lasher","og_description":"Ruskeat super narrow 4D valmisviuhkat. Ripsikotelossa on eri pituisia ripsi\u00e4\u2013 7-12 mm, 1000 viuhkaa. Valikoimassa on C, CC ja D mix rasiat.","og_url":"https:\/\/lasher.ee\/fi\/tuote\/ruskeat-4d-valmisviuhkat\/","og_site_name":"Lasher","article_publisher":"https:\/\/www.facebook.com\/profile.php?id=61564523265885","article_modified_time":"2026-03-16T18:50:19+00:00","og_image":[{"width":1025,"height":1025,"url":"https:\/\/lasher.ee\/wp-content\/uploads\/2025\/05\/IMG_7717-.jpg","type":"image\/jpeg"}],"twitter_card":"summary_large_image","twitter_misc":{"Arvioitu lukuaika":"1 minuutti"},"schema":{"@context":"https:\/\/schema.org","@graph":[{"@type":"WebPage","@id":"https:\/\/lasher.ee\/fi\/tuote\/ruskeat-4d-valmisviuhkat\/","url":"https:\/\/lasher.ee\/fi\/tuote\/ruskeat-4d-valmisviuhkat\/","name":"Ruskeat Super Narrow 4D valmisviuhkat 0.07 (1000 viuhkaa) - Lasher","isPartOf":{"@id":"https:\/\/lasher.ee\/fi\/#website"},"primaryImageOfPage":{"@id":"https:\/\/lasher.ee\/fi\/tuote\/ruskeat-4d-valmisviuhkat\/#primaryimage"},"image":{"@id":"https:\/\/lasher.ee\/fi\/tuote\/ruskeat-4d-valmisviuhkat\/#primaryimage"},"thumbnailUrl":"https:\/\/lasher.ee\/wp-content\/uploads\/2025\/05\/IMG_7717-.jpg","datePublished":"2025-05-03T20:04:10+00:00","dateModified":"2026-03-16T18:50:19+00:00","description":"Ruskeat super narrow 4D valmisviuhkat. Ripsikotelossa on eri pituisia ripsi\u00e4\u2013 7-12 mm, 1000 viuhkaa. Valikoimassa on C, CC ja D mix rasiat.","breadcrumb":{"@id":"https:\/\/lasher.ee\/fi\/tuote\/ruskeat-4d-valmisviuhkat\/#breadcrumb"},"inLanguage":"fi","potentialAction":[{"@type":"ReadAction","target":["https:\/\/lasher.ee\/fi\/tuote\/ruskeat-4d-valmisviuhkat\/"]}]},{"@type":"ImageObject","inLanguage":"fi","@id":"https:\/\/lasher.ee\/fi\/tuote\/ruskeat-4d-valmisviuhkat\/#primaryimage","url":"https:\/\/lasher.ee\/wp-content\/uploads\/2025\/05\/IMG_7717-.jpg","contentUrl":"https:\/\/lasher.ee\/wp-content\/uploads\/2025\/05\/IMG_7717-.jpg","width":1025,"height":1025,"caption":"Ruskeat Super Narrow 4D valmisviuhkat 0.07 mm \u2013 t\u00e4ytel\u00e4inen ja luonnollinen volyymi ripsipidennyksiin."},{"@type":"BreadcrumbList","@id":"https:\/\/lasher.ee\/fi\/tuote\/ruskeat-4d-valmisviuhkat\/#breadcrumb","itemListElement":[{"@type":"ListItem","position":1,"name":"Home","item":"https:\/\/lasher.ee\/fi\/"},{"@type":"ListItem","position":2,"name":"Kaikki tuotteet","item":"https:\/\/lasher.ee\/fi\/kaikki-tuotteet\/"},{"@type":"ListItem","position":3,"name":"Ruskeat Super Narrow 4D valmisviuhkat 0.07 (1000 viuhkaa)"}]},{"@type":"WebSite","@id":"https:\/\/lasher.ee\/fi\/#website","url":"https:\/\/lasher.ee\/fi\/","name":"Lasher","description":"K\u00f5ik vajalikud ripsmetarvikud ripsmetehnikule \u00fchest kohast.","publisher":{"@id":"https:\/\/lasher.ee\/fi\/#organization"},"potentialAction":[{"@type":"SearchAction","target":{"@type":"EntryPoint","urlTemplate":"https:\/\/lasher.ee\/fi\/?s={search_term_string}"},"query-input":{"@type":"PropertyValueSpecification","valueRequired":true,"valueName":"search_term_string"}}],"inLanguage":"fi"},{"@type":"Organization","@id":"https:\/\/lasher.ee\/fi\/#organization","name":"Lasher","url":"https:\/\/lasher.ee\/fi\/","logo":{"@type":"ImageObject","inLanguage":"fi","@id":"https:\/\/lasher.ee\/fi\/#\/schema\/logo\/image\/","url":"https:\/\/lasher.ee\/wp-content\/uploads\/2024\/09\/Screenshot-2024-09-03-at-11.58.17.png","contentUrl":"https:\/\/lasher.ee\/wp-content\/uploads\/2024\/09\/Screenshot-2024-09-03-at-11.58.17.png","width":1678,"height":1670,"caption":"Lasher"},"image":{"@id":"https:\/\/lasher.ee\/fi\/#\/schema\/logo\/image\/"},"sameAs":["https:\/\/www.facebook.com\/profile.php?id=61564523265885","https:\/\/www.instagram.com\/lasher_official\/"]}]}},"_links":{"self":[{"href":"https:\/\/lasher.ee\/fi\/wp-json\/wp\/v2\/product\/7001","targetHints":{"allow":["GET"]}}],"collection":[{"href":"https:\/\/lasher.ee\/fi\/wp-json\/wp\/v2\/product"}],"about":[{"href":"https:\/\/lasher.ee\/fi\/wp-json\/wp\/v2\/types\/product"}],"replies":[{"embeddable":true,"href":"https:\/\/lasher.ee\/fi\/wp-json\/wp\/v2\/comments?post=7001"}],"wp:featuredmedia":[{"embeddable":true,"href":"https:\/\/lasher.ee\/fi\/wp-json\/wp\/v2\/media\/9779"}],"wp:attachment":[{"href":"https:\/\/lasher.ee\/fi\/wp-json\/wp\/v2\/media?parent=7001"}],"wp:term":[{"taxonomy":"product_brand","embeddable":true,"href":"https:\/\/lasher.ee\/fi\/wp-json\/wp\/v2\/product_brand?post=7001"},{"taxonomy":"product_cat","embeddable":true,"href":"https:\/\/lasher.ee\/fi\/wp-json\/wp\/v2\/product_cat?post=7001"},{"taxonomy":"product_tag","embeddable":true,"href":"https:\/\/lasher.ee\/fi\/wp-json\/wp\/v2\/product_tag?post=7001"}],"curies":[{"name":"wp","href":"https:\/\/api.w.org\/{rel}","templated":true}]}}