{"id":7495,"date":"2025-05-24T14:02:07","date_gmt":"2025-05-24T11:02:07","guid":{"rendered":"https:\/\/lasher.ee\/ripsivari-kannella\/"},"modified":"2026-02-05T07:29:57","modified_gmt":"2026-02-05T05:29:57","slug":"ripsialusta","status":"publish","type":"product","link":"https:\/\/lasher.ee\/fi\/tuote\/ripsialusta\/","title":{"rendered":"Ripsialusta"},"content":{"rendered":"","protected":false},"excerpt":{"rendered":"<p>Ripsialusta on k\u00e4yt\u00e4nn\u00f6llinen ja antistaattinen ty\u00f6kalu ammattimaisille ripsientekij\u00f6ille. Se auttaa ripsien pit\u00e4misess\u00e4, j\u00e4rjest\u00e4misess\u00e4 ja valmistelemisessa asennuksen aikana, tarjoten vakaan ty\u00f6skentelyalustan ja parantaen ty\u00f6n tarkkuutta. Valkoinen akryylipohja takaa hyv\u00e4n n\u00e4kyvyyden ja l\u00e4pin\u00e4kyv\u00e4 suojakotelo pit\u00e4\u00e4 ripset puhtaana ja p\u00f6lytt\u00f6m\u00e4n\u00e4 sek\u00e4 sit\u00e4 on helppo poistaa tai laittaa takaisin. Alusta on pest\u00e4v\u00e4 ja t\u00e4ydellinen p\u00e4ivitt\u00e4iseen k\u00e4ytt\u00f6\u00f6n, jotta ripset olisivat huolitellut ja suojatut. My\u00f6s mukava ottaa mukaan, v\u00e4ltt\u00e4en ripsien muljumista tai vahingoittumista.<\/p>\n<p>Koko: 15 x 7,5 x 3cm<\/p>\n","protected":false},"featured_media":7482,"comment_status":"open","ping_status":"closed","template":"","meta":{"site-sidebar-layout":"default","site-content-layout":"","ast-site-content-layout":"default","site-content-style":"default","site-sidebar-style":"default","ast-global-header-display":"","ast-banner-title-visibility":"","ast-main-header-display":"","ast-hfb-above-header-display":"","ast-hfb-below-header-display":"","ast-hfb-mobile-header-display":"","site-post-title":"","ast-breadcrumbs-content":"","ast-featured-img":"","footer-sml-layout":"","ast-disable-related-posts":"","theme-transparent-header-meta":"default","adv-header-id-meta":"","stick-header-meta":"","header-above-stick-meta":"","header-main-stick-meta":"","header-below-stick-meta":"","astra-migrate-meta-layouts":"set","ast-page-background-enabled":"default","ast-page-background-meta":{"desktop":{"background-color":"var(--ast-global-color-4)","background-image":"","background-repeat":"repeat","background-position":"center center","background-size":"auto","background-attachment":"scroll","background-type":"","background-media":"","overlay-type":"","overlay-color":"","overlay-opacity":"","overlay-gradient":""},"tablet":{"background-color":"","background-image":"","background-repeat":"repeat","background-position":"center center","background-size":"auto","background-attachment":"scroll","background-type":"","background-media":"","overlay-type":"","overlay-color":"","overlay-opacity":"","overlay-gradient":""},"mobile":{"background-color":"","background-image":"","background-repeat":"repeat","background-position":"center center","background-size":"auto","background-attachment":"scroll","background-type":"","background-media":"","overlay-type":"","overlay-color":"","overlay-opacity":"","overlay-gradient":""}},"ast-content-background-meta":{"desktop":{"background-color":"var(--ast-global-color-5)","background-image":"","background-repeat":"repeat","background-position":"center center","background-size":"auto","background-attachment":"scroll","background-type":"","background-media":"","overlay-type":"","overlay-color":"","overlay-opacity":"","overlay-gradient":""},"tablet":{"background-color":"var(--ast-global-color-5)","background-image":"","background-repeat":"repeat","background-position":"center center","background-size":"auto","background-attachment":"scroll","background-type":"","background-media":"","overlay-type":"","overlay-color":"","overlay-opacity":"","overlay-gradient":""},"mobile":{"background-color":"var(--ast-global-color-5)","background-image":"","background-repeat":"repeat","background-position":"center center","background-size":"auto","background-attachment":"scroll","background-type":"","background-media":"","overlay-type":"","overlay-color":"","overlay-opacity":"","overlay-gradient":""}}},"product_brand":[],"product_cat":[79,88],"product_tag":[],"class_list":{"0":"post-7495","1":"product","2":"type-product","3":"status-publish","4":"has-post-thumbnail","6":"product_cat-muut-valineet","7":"product_cat-tyokalut","8":"desktop-align-left","9":"tablet-align-left","10":"mobile-align-left","12":"first","13":"instock","14":"shipping-taxable","15":"purchasable","16":"product-type-simple"},"yoast_head":"<!-- This site is optimized with the Yoast SEO plugin v27.4 - https:\/\/yoast.com\/product\/yoast-seo-wordpress\/ -->\n<title>Ripsialusta - Lasher<\/title>\n<meta name=\"description\" content=\"Ripsialusta- ty\u00f6kalu ammattimaisille ripsientekij\u00f6ille. Valkoinen akryylipohja ja l\u00e4pin\u00e4kyv\u00e4 kansi pit\u00e4v\u00e4t ripset puhtaina, j\u00e4rjestettyin\u00e4 ja suojattuina.\" \/>\n<meta name=\"robots\" content=\"index, follow, max-snippet:-1, max-image-preview:large, max-video-preview:-1\" \/>\n<link rel=\"canonical\" href=\"https:\/\/lasher.ee\/fi\/tuote\/ripsialusta\/\" \/>\n<meta property=\"og:locale\" content=\"fi_FI\" \/>\n<meta property=\"og:type\" content=\"article\" \/>\n<meta property=\"og:title\" content=\"Ripsialusta - Lasher\" \/>\n<meta property=\"og:description\" content=\"Ripsialusta- ty\u00f6kalu ammattimaisille ripsientekij\u00f6ille. Valkoinen akryylipohja ja l\u00e4pin\u00e4kyv\u00e4 kansi pit\u00e4v\u00e4t ripset puhtaina, j\u00e4rjestettyin\u00e4 ja suojattuina.\" \/>\n<meta property=\"og:url\" content=\"https:\/\/lasher.ee\/fi\/tuote\/ripsialusta\/\" \/>\n<meta property=\"og:site_name\" content=\"Lasher\" \/>\n<meta property=\"article:publisher\" content=\"https:\/\/www.facebook.com\/profile.php?id=61564523265885\" \/>\n<meta property=\"article:modified_time\" content=\"2026-02-05T05:29:57+00:00\" \/>\n<meta property=\"og:image\" content=\"https:\/\/lasher.ee\/wp-content\/uploads\/2025\/05\/IMG_9691_imresizer-2.jpg\" \/>\n\t<meta property=\"og:image:width\" content=\"1025\" \/>\n\t<meta property=\"og:image:height\" content=\"1025\" \/>\n\t<meta property=\"og:image:type\" content=\"image\/jpeg\" \/>\n<meta name=\"twitter:card\" content=\"summary_large_image\" \/>\n<meta name=\"twitter:label1\" content=\"Arvioitu lukuaika\" \/>\n\t<meta name=\"twitter:data1\" content=\"1 minuutti\" \/>\n<script type=\"application\/ld+json\" class=\"yoast-schema-graph\">{\"@context\":\"https:\\\/\\\/schema.org\",\"@graph\":[{\"@type\":\"WebPage\",\"@id\":\"https:\\\/\\\/lasher.ee\\\/fi\\\/tuote\\\/ripsialusta\\\/\",\"url\":\"https:\\\/\\\/lasher.ee\\\/fi\\\/tuote\\\/ripsialusta\\\/\",\"name\":\"Ripsialusta - Lasher\",\"isPartOf\":{\"@id\":\"https:\\\/\\\/lasher.ee\\\/fi\\\/#website\"},\"primaryImageOfPage\":{\"@id\":\"https:\\\/\\\/lasher.ee\\\/fi\\\/tuote\\\/ripsialusta\\\/#primaryimage\"},\"image\":{\"@id\":\"https:\\\/\\\/lasher.ee\\\/fi\\\/tuote\\\/ripsialusta\\\/#primaryimage\"},\"thumbnailUrl\":\"https:\\\/\\\/lasher.ee\\\/wp-content\\\/uploads\\\/2025\\\/05\\\/IMG_9691_imresizer-2.jpg\",\"datePublished\":\"2025-05-24T11:02:07+00:00\",\"dateModified\":\"2026-02-05T05:29:57+00:00\",\"description\":\"Ripsialusta- ty\u00f6kalu ammattimaisille ripsientekij\u00f6ille. Valkoinen akryylipohja ja l\u00e4pin\u00e4kyv\u00e4 kansi pit\u00e4v\u00e4t ripset puhtaina, j\u00e4rjestettyin\u00e4 ja suojattuina.\",\"breadcrumb\":{\"@id\":\"https:\\\/\\\/lasher.ee\\\/fi\\\/tuote\\\/ripsialusta\\\/#breadcrumb\"},\"inLanguage\":\"fi\",\"potentialAction\":[{\"@type\":\"ReadAction\",\"target\":[\"https:\\\/\\\/lasher.ee\\\/fi\\\/tuote\\\/ripsialusta\\\/\"]}]},{\"@type\":\"ImageObject\",\"inLanguage\":\"fi\",\"@id\":\"https:\\\/\\\/lasher.ee\\\/fi\\\/tuote\\\/ripsialusta\\\/#primaryimage\",\"url\":\"https:\\\/\\\/lasher.ee\\\/wp-content\\\/uploads\\\/2025\\\/05\\\/IMG_9691_imresizer-2.jpg\",\"contentUrl\":\"https:\\\/\\\/lasher.ee\\\/wp-content\\\/uploads\\\/2025\\\/05\\\/IMG_9691_imresizer-2.jpg\",\"width\":1025,\"height\":1025,\"caption\":\"Pest\u00e4v\u00e4 ja helposti k\u00e4ytett\u00e4v\u00e4 ripsialusta p\u00e4ivitt\u00e4iseen k\u00e4ytt\u00f6\u00f6n.\"},{\"@type\":\"BreadcrumbList\",\"@id\":\"https:\\\/\\\/lasher.ee\\\/fi\\\/tuote\\\/ripsialusta\\\/#breadcrumb\",\"itemListElement\":[{\"@type\":\"ListItem\",\"position\":1,\"name\":\"Home\",\"item\":\"https:\\\/\\\/lasher.ee\\\/fi\\\/\"},{\"@type\":\"ListItem\",\"position\":2,\"name\":\"Kaikki tuotteet\",\"item\":\"https:\\\/\\\/lasher.ee\\\/fi\\\/kaikki-tuotteet\\\/\"},{\"@type\":\"ListItem\",\"position\":3,\"name\":\"Ripsialusta\"}]},{\"@type\":\"WebSite\",\"@id\":\"https:\\\/\\\/lasher.ee\\\/fi\\\/#website\",\"url\":\"https:\\\/\\\/lasher.ee\\\/fi\\\/\",\"name\":\"Lasher\",\"description\":\"K\u00f5ik vajalikud ripsmetarvikud ripsmetehnikule \u00fchest kohast.\",\"publisher\":{\"@id\":\"https:\\\/\\\/lasher.ee\\\/fi\\\/#organization\"},\"potentialAction\":[{\"@type\":\"SearchAction\",\"target\":{\"@type\":\"EntryPoint\",\"urlTemplate\":\"https:\\\/\\\/lasher.ee\\\/fi\\\/?s={search_term_string}\"},\"query-input\":{\"@type\":\"PropertyValueSpecification\",\"valueRequired\":true,\"valueName\":\"search_term_string\"}}],\"inLanguage\":\"fi\"},{\"@type\":\"Organization\",\"@id\":\"https:\\\/\\\/lasher.ee\\\/fi\\\/#organization\",\"name\":\"Lasher\",\"url\":\"https:\\\/\\\/lasher.ee\\\/fi\\\/\",\"logo\":{\"@type\":\"ImageObject\",\"inLanguage\":\"fi\",\"@id\":\"https:\\\/\\\/lasher.ee\\\/fi\\\/#\\\/schema\\\/logo\\\/image\\\/\",\"url\":\"https:\\\/\\\/lasher.ee\\\/wp-content\\\/uploads\\\/2024\\\/09\\\/Screenshot-2024-09-03-at-11.58.17.png\",\"contentUrl\":\"https:\\\/\\\/lasher.ee\\\/wp-content\\\/uploads\\\/2024\\\/09\\\/Screenshot-2024-09-03-at-11.58.17.png\",\"width\":1678,\"height\":1670,\"caption\":\"Lasher\"},\"image\":{\"@id\":\"https:\\\/\\\/lasher.ee\\\/fi\\\/#\\\/schema\\\/logo\\\/image\\\/\"},\"sameAs\":[\"https:\\\/\\\/www.facebook.com\\\/profile.php?id=61564523265885\",\"https:\\\/\\\/www.instagram.com\\\/lasher_official\\\/\"]}]}<\/script>\n<!-- \/ Yoast SEO plugin. -->","yoast_head_json":{"title":"Ripsialusta - Lasher","description":"Ripsialusta- ty\u00f6kalu ammattimaisille ripsientekij\u00f6ille. Valkoinen akryylipohja ja l\u00e4pin\u00e4kyv\u00e4 kansi pit\u00e4v\u00e4t ripset puhtaina, j\u00e4rjestettyin\u00e4 ja suojattuina.","robots":{"index":"index","follow":"follow","max-snippet":"max-snippet:-1","max-image-preview":"max-image-preview:large","max-video-preview":"max-video-preview:-1"},"canonical":"https:\/\/lasher.ee\/fi\/tuote\/ripsialusta\/","og_locale":"fi_FI","og_type":"article","og_title":"Ripsialusta - Lasher","og_description":"Ripsialusta- ty\u00f6kalu ammattimaisille ripsientekij\u00f6ille. Valkoinen akryylipohja ja l\u00e4pin\u00e4kyv\u00e4 kansi pit\u00e4v\u00e4t ripset puhtaina, j\u00e4rjestettyin\u00e4 ja suojattuina.","og_url":"https:\/\/lasher.ee\/fi\/tuote\/ripsialusta\/","og_site_name":"Lasher","article_publisher":"https:\/\/www.facebook.com\/profile.php?id=61564523265885","article_modified_time":"2026-02-05T05:29:57+00:00","og_image":[{"width":1025,"height":1025,"url":"https:\/\/lasher.ee\/wp-content\/uploads\/2025\/05\/IMG_9691_imresizer-2.jpg","type":"image\/jpeg"}],"twitter_card":"summary_large_image","twitter_misc":{"Arvioitu lukuaika":"1 minuutti"},"schema":{"@context":"https:\/\/schema.org","@graph":[{"@type":"WebPage","@id":"https:\/\/lasher.ee\/fi\/tuote\/ripsialusta\/","url":"https:\/\/lasher.ee\/fi\/tuote\/ripsialusta\/","name":"Ripsialusta - Lasher","isPartOf":{"@id":"https:\/\/lasher.ee\/fi\/#website"},"primaryImageOfPage":{"@id":"https:\/\/lasher.ee\/fi\/tuote\/ripsialusta\/#primaryimage"},"image":{"@id":"https:\/\/lasher.ee\/fi\/tuote\/ripsialusta\/#primaryimage"},"thumbnailUrl":"https:\/\/lasher.ee\/wp-content\/uploads\/2025\/05\/IMG_9691_imresizer-2.jpg","datePublished":"2025-05-24T11:02:07+00:00","dateModified":"2026-02-05T05:29:57+00:00","description":"Ripsialusta- ty\u00f6kalu ammattimaisille ripsientekij\u00f6ille. Valkoinen akryylipohja ja l\u00e4pin\u00e4kyv\u00e4 kansi pit\u00e4v\u00e4t ripset puhtaina, j\u00e4rjestettyin\u00e4 ja suojattuina.","breadcrumb":{"@id":"https:\/\/lasher.ee\/fi\/tuote\/ripsialusta\/#breadcrumb"},"inLanguage":"fi","potentialAction":[{"@type":"ReadAction","target":["https:\/\/lasher.ee\/fi\/tuote\/ripsialusta\/"]}]},{"@type":"ImageObject","inLanguage":"fi","@id":"https:\/\/lasher.ee\/fi\/tuote\/ripsialusta\/#primaryimage","url":"https:\/\/lasher.ee\/wp-content\/uploads\/2025\/05\/IMG_9691_imresizer-2.jpg","contentUrl":"https:\/\/lasher.ee\/wp-content\/uploads\/2025\/05\/IMG_9691_imresizer-2.jpg","width":1025,"height":1025,"caption":"Pest\u00e4v\u00e4 ja helposti k\u00e4ytett\u00e4v\u00e4 ripsialusta p\u00e4ivitt\u00e4iseen k\u00e4ytt\u00f6\u00f6n."},{"@type":"BreadcrumbList","@id":"https:\/\/lasher.ee\/fi\/tuote\/ripsialusta\/#breadcrumb","itemListElement":[{"@type":"ListItem","position":1,"name":"Home","item":"https:\/\/lasher.ee\/fi\/"},{"@type":"ListItem","position":2,"name":"Kaikki tuotteet","item":"https:\/\/lasher.ee\/fi\/kaikki-tuotteet\/"},{"@type":"ListItem","position":3,"name":"Ripsialusta"}]},{"@type":"WebSite","@id":"https:\/\/lasher.ee\/fi\/#website","url":"https:\/\/lasher.ee\/fi\/","name":"Lasher","description":"K\u00f5ik vajalikud ripsmetarvikud ripsmetehnikule \u00fchest kohast.","publisher":{"@id":"https:\/\/lasher.ee\/fi\/#organization"},"potentialAction":[{"@type":"SearchAction","target":{"@type":"EntryPoint","urlTemplate":"https:\/\/lasher.ee\/fi\/?s={search_term_string}"},"query-input":{"@type":"PropertyValueSpecification","valueRequired":true,"valueName":"search_term_string"}}],"inLanguage":"fi"},{"@type":"Organization","@id":"https:\/\/lasher.ee\/fi\/#organization","name":"Lasher","url":"https:\/\/lasher.ee\/fi\/","logo":{"@type":"ImageObject","inLanguage":"fi","@id":"https:\/\/lasher.ee\/fi\/#\/schema\/logo\/image\/","url":"https:\/\/lasher.ee\/wp-content\/uploads\/2024\/09\/Screenshot-2024-09-03-at-11.58.17.png","contentUrl":"https:\/\/lasher.ee\/wp-content\/uploads\/2024\/09\/Screenshot-2024-09-03-at-11.58.17.png","width":1678,"height":1670,"caption":"Lasher"},"image":{"@id":"https:\/\/lasher.ee\/fi\/#\/schema\/logo\/image\/"},"sameAs":["https:\/\/www.facebook.com\/profile.php?id=61564523265885","https:\/\/www.instagram.com\/lasher_official\/"]}]}},"_links":{"self":[{"href":"https:\/\/lasher.ee\/fi\/wp-json\/wp\/v2\/product\/7495","targetHints":{"allow":["GET"]}}],"collection":[{"href":"https:\/\/lasher.ee\/fi\/wp-json\/wp\/v2\/product"}],"about":[{"href":"https:\/\/lasher.ee\/fi\/wp-json\/wp\/v2\/types\/product"}],"replies":[{"embeddable":true,"href":"https:\/\/lasher.ee\/fi\/wp-json\/wp\/v2\/comments?post=7495"}],"wp:featuredmedia":[{"embeddable":true,"href":"https:\/\/lasher.ee\/fi\/wp-json\/wp\/v2\/media\/7482"}],"wp:attachment":[{"href":"https:\/\/lasher.ee\/fi\/wp-json\/wp\/v2\/media?parent=7495"}],"wp:term":[{"taxonomy":"product_brand","embeddable":true,"href":"https:\/\/lasher.ee\/fi\/wp-json\/wp\/v2\/product_brand?post=7495"},{"taxonomy":"product_cat","embeddable":true,"href":"https:\/\/lasher.ee\/fi\/wp-json\/wp\/v2\/product_cat?post=7495"},{"taxonomy":"product_tag","embeddable":true,"href":"https:\/\/lasher.ee\/fi\/wp-json\/wp\/v2\/product_tag?post=7495"}],"curies":[{"name":"wp","href":"https:\/\/api.w.org\/{rel}","templated":true}]}}