{"id":7599,"date":"2025-05-25T18:15:23","date_gmt":"2025-05-25T15:15:23","guid":{"rendered":"https:\/\/lasher.ee\/goccia-monodoosi-3ml\/"},"modified":"2026-03-16T01:29:03","modified_gmt":"2026-03-15T23:29:03","slug":"goccia-seerumi-3ml","status":"publish","type":"product","link":"https:\/\/lasher.ee\/fi\/tuote\/goccia-seerumi-3ml\/","title":{"rendered":"Goccia seerumi 3ml"},"content":{"rendered":"<p>Goccia on korjaava seerumi, jota k\u00e4ytet\u00e4\u00e4n laminoinnin aikana ravitsemaan, kosteuttamaan ja antamaan kiiltoa ripsille ja kulmakarvoille.<\/p>\n","protected":false},"excerpt":{"rendered":"<p>MAXYMOVA Goccia on korjaava seerumi, jota k\u00e4ytet\u00e4\u00e4n laminoinnin aikana ravitsemaan, kosteuttamaan ja antamaan kiiltoa ripsille ja kulmakarvoille. Tuloksena on vahvemmat, joustavammat ja kiilt\u00e4v\u00e4mm\u00e4t karvat.<\/p>\n<p>Goccia is a restructuring serum that is used during the lamination treatment to nourish, moisturize and increase the shine of lashes and brows. The procedure aims to strengthen the lashes and helps repair damage, lock in humidity and reduce breakage, leaving soft, silky, supple and shiny lashes. This targeted step, applied after tint, is the secret to achieving nourished, soft, silky, shiny, and elastic eyelashes and eyebrows.<\/p>\n<h6><strong>Key features<\/strong><\/h6>\n<p><em>Keratin:<\/em> Enhances lash and brow shine and strength, reducing breakage. Its small molecules penetrate and repair hair from within.<\/p>\n<p><em>Sodium Hyaluronate:<\/em> A hyaluronic acid salt that hydrates, stimulates collagen, and repairs skin, binding water molecules for skin hydration.<\/p>\n<p><em>Achillea Millefolium and Tussilago Farfara Extracts<\/em>: Nourish hair bulbs, respecting growth phases, and stimulate lash and hair growth.<\/p>\n<p><em>Hydrolyzed Silk:<\/em> Moisturizes and forms a protective layer to reduce dehydration.<\/p>\n<p><em>Hydrolyzed Wheat Protein:<\/em> Moisturizes and nourishes lashes and brows, penetrating deeply and maintaining hydration. It detangles, strengthens, and repairs, adding shine and volume.<\/p>\n<h6><strong>How to use<\/strong><\/h6>\n<p>Apply a few drops of serum for 5 minutes on the lashes after tint. Clean with a swab wet cotton.<\/p>\n<h6><strong>Ingredients<\/strong><\/h6>\n<p>Aqua, Butylene Glycol, Water, Keratin, Sodium Hyaluronate, Phenoxyethanol, Propanediol, Achillea Millefolium Extract, Tussilago Farfara Flower Extract, Propylene Glycol, Synthetic Fluorphlogopite, Carbomer, Triethanolamine, Hydrolyzed Wheat Protein, Ci 77891, Tetrasodium Glutamate Diacetate, Ethylhexylglycerin, Ci 77491, Hydrolyzed Silk, Citric Acid, Tin Oxide<\/p>\n","protected":false},"featured_media":7569,"comment_status":"open","ping_status":"closed","template":"","meta":{"site-sidebar-layout":"default","site-content-layout":"","ast-site-content-layout":"default","site-content-style":"default","site-sidebar-style":"default","ast-global-header-display":"","ast-banner-title-visibility":"","ast-main-header-display":"","ast-hfb-above-header-display":"","ast-hfb-below-header-display":"","ast-hfb-mobile-header-display":"","site-post-title":"","ast-breadcrumbs-content":"","ast-featured-img":"","footer-sml-layout":"","ast-disable-related-posts":"","theme-transparent-header-meta":"default","adv-header-id-meta":"","stick-header-meta":"","header-above-stick-meta":"","header-main-stick-meta":"","header-below-stick-meta":"","astra-migrate-meta-layouts":"set","ast-page-background-enabled":"default","ast-page-background-meta":{"desktop":{"background-color":"var(--ast-global-color-4)","background-image":"","background-repeat":"repeat","background-position":"center center","background-size":"auto","background-attachment":"scroll","background-type":"","background-media":"","overlay-type":"","overlay-color":"","overlay-opacity":"","overlay-gradient":""},"tablet":{"background-color":"","background-image":"","background-repeat":"repeat","background-position":"center center","background-size":"auto","background-attachment":"scroll","background-type":"","background-media":"","overlay-type":"","overlay-color":"","overlay-opacity":"","overlay-gradient":""},"mobile":{"background-color":"","background-image":"","background-repeat":"repeat","background-position":"center center","background-size":"auto","background-attachment":"scroll","background-type":"","background-media":"","overlay-type":"","overlay-color":"","overlay-opacity":"","overlay-gradient":""}},"ast-content-background-meta":{"desktop":{"background-color":"var(--ast-global-color-5)","background-image":"","background-repeat":"repeat","background-position":"center center","background-size":"auto","background-attachment":"scroll","background-type":"","background-media":"","overlay-type":"","overlay-color":"","overlay-opacity":"","overlay-gradient":""},"tablet":{"background-color":"var(--ast-global-color-5)","background-image":"","background-repeat":"repeat","background-position":"center center","background-size":"auto","background-attachment":"scroll","background-type":"","background-media":"","overlay-type":"","overlay-color":"","overlay-opacity":"","overlay-gradient":""},"mobile":{"background-color":"var(--ast-global-color-5)","background-image":"","background-repeat":"repeat","background-position":"center center","background-size":"auto","background-attachment":"scroll","background-type":"","background-media":"","overlay-type":"","overlay-color":"","overlay-opacity":"","overlay-gradient":""}}},"product_brand":[],"product_cat":[132],"product_tag":[],"class_list":{"0":"post-7599","1":"product","2":"type-product","3":"status-publish","4":"has-post-thumbnail","6":"product_cat-lash-lift-fi","7":"desktop-align-left","8":"tablet-align-left","9":"mobile-align-left","11":"first","12":"instock","13":"shipping-taxable","14":"purchasable","15":"product-type-simple"},"yoast_head":"<!-- This site is optimized with the Yoast SEO plugin v27.3 - https:\/\/yoast.com\/product\/yoast-seo-wordpress\/ -->\n<title>Goccia seerumi 3ml - Lasher<\/title>\n<meta name=\"description\" content=\"MAXYMOVA Goccia on korjaava seerumi, jota k\u00e4ytet\u00e4\u00e4n laminoinnin aikana ravitsemaan, kosteuttamaan ja antamaan kiiltoa ripsille ja kulmakarvoille.\" \/>\n<meta name=\"robots\" content=\"index, follow, max-snippet:-1, max-image-preview:large, max-video-preview:-1\" \/>\n<link rel=\"canonical\" href=\"https:\/\/lasher.ee\/fi\/tuote\/goccia-seerumi-3ml\/\" \/>\n<meta property=\"og:locale\" content=\"fi_FI\" \/>\n<meta property=\"og:type\" content=\"article\" \/>\n<meta property=\"og:title\" content=\"Goccia seerumi 3ml - Lasher\" \/>\n<meta property=\"og:description\" content=\"MAXYMOVA Goccia on korjaava seerumi, jota k\u00e4ytet\u00e4\u00e4n laminoinnin aikana ravitsemaan, kosteuttamaan ja antamaan kiiltoa ripsille ja kulmakarvoille.\" \/>\n<meta property=\"og:url\" content=\"https:\/\/lasher.ee\/fi\/tuote\/goccia-seerumi-3ml\/\" \/>\n<meta property=\"og:site_name\" content=\"Lasher\" \/>\n<meta property=\"article:publisher\" content=\"https:\/\/www.facebook.com\/profile.php?id=61564523265885\" \/>\n<meta property=\"article:modified_time\" content=\"2026-03-15T23:29:03+00:00\" \/>\n<meta property=\"og:image\" content=\"https:\/\/lasher.ee\/wp-content\/uploads\/2025\/05\/new_goccia_3ml_imresizer.jpg\" \/>\n\t<meta property=\"og:image:width\" content=\"1025\" \/>\n\t<meta property=\"og:image:height\" content=\"1025\" \/>\n\t<meta property=\"og:image:type\" content=\"image\/jpeg\" \/>\n<meta name=\"twitter:card\" content=\"summary_large_image\" \/>\n<meta name=\"twitter:label1\" content=\"Arvioitu lukuaika\" \/>\n\t<meta name=\"twitter:data1\" content=\"1 minuutti\" \/>\n<script type=\"application\/ld+json\" class=\"yoast-schema-graph\">{\"@context\":\"https:\\\/\\\/schema.org\",\"@graph\":[{\"@type\":\"WebPage\",\"@id\":\"https:\\\/\\\/lasher.ee\\\/fi\\\/tuote\\\/goccia-seerumi-3ml\\\/\",\"url\":\"https:\\\/\\\/lasher.ee\\\/fi\\\/tuote\\\/goccia-seerumi-3ml\\\/\",\"name\":\"Goccia seerumi 3ml - Lasher\",\"isPartOf\":{\"@id\":\"https:\\\/\\\/lasher.ee\\\/fi\\\/#website\"},\"primaryImageOfPage\":{\"@id\":\"https:\\\/\\\/lasher.ee\\\/fi\\\/tuote\\\/goccia-seerumi-3ml\\\/#primaryimage\"},\"image\":{\"@id\":\"https:\\\/\\\/lasher.ee\\\/fi\\\/tuote\\\/goccia-seerumi-3ml\\\/#primaryimage\"},\"thumbnailUrl\":\"https:\\\/\\\/lasher.ee\\\/wp-content\\\/uploads\\\/2025\\\/05\\\/new_goccia_3ml_imresizer.jpg\",\"datePublished\":\"2025-05-25T15:15:23+00:00\",\"dateModified\":\"2026-03-15T23:29:03+00:00\",\"description\":\"MAXYMOVA Goccia on korjaava seerumi, jota k\u00e4ytet\u00e4\u00e4n laminoinnin aikana ravitsemaan, kosteuttamaan ja antamaan kiiltoa ripsille ja kulmakarvoille.\",\"breadcrumb\":{\"@id\":\"https:\\\/\\\/lasher.ee\\\/fi\\\/tuote\\\/goccia-seerumi-3ml\\\/#breadcrumb\"},\"inLanguage\":\"fi\",\"potentialAction\":[{\"@type\":\"ReadAction\",\"target\":[\"https:\\\/\\\/lasher.ee\\\/fi\\\/tuote\\\/goccia-seerumi-3ml\\\/\"]}]},{\"@type\":\"ImageObject\",\"inLanguage\":\"fi\",\"@id\":\"https:\\\/\\\/lasher.ee\\\/fi\\\/tuote\\\/goccia-seerumi-3ml\\\/#primaryimage\",\"url\":\"https:\\\/\\\/lasher.ee\\\/wp-content\\\/uploads\\\/2025\\\/05\\\/new_goccia_3ml_imresizer.jpg\",\"contentUrl\":\"https:\\\/\\\/lasher.ee\\\/wp-content\\\/uploads\\\/2025\\\/05\\\/new_goccia_3ml_imresizer.jpg\",\"width\":1025,\"height\":1025,\"caption\":\"Goccia seerumi.\"},{\"@type\":\"BreadcrumbList\",\"@id\":\"https:\\\/\\\/lasher.ee\\\/fi\\\/tuote\\\/goccia-seerumi-3ml\\\/#breadcrumb\",\"itemListElement\":[{\"@type\":\"ListItem\",\"position\":1,\"name\":\"Home\",\"item\":\"https:\\\/\\\/lasher.ee\\\/fi\\\/\"},{\"@type\":\"ListItem\",\"position\":2,\"name\":\"Kaikki tuotteet\",\"item\":\"https:\\\/\\\/lasher.ee\\\/fi\\\/kaikki-tuotteet\\\/\"},{\"@type\":\"ListItem\",\"position\":3,\"name\":\"Goccia seerumi 3ml\"}]},{\"@type\":\"WebSite\",\"@id\":\"https:\\\/\\\/lasher.ee\\\/fi\\\/#website\",\"url\":\"https:\\\/\\\/lasher.ee\\\/fi\\\/\",\"name\":\"Lasher\",\"description\":\"K\u00f5ik vajalikud ripsmetarvikud ripsmetehnikule \u00fchest kohast.\",\"publisher\":{\"@id\":\"https:\\\/\\\/lasher.ee\\\/fi\\\/#organization\"},\"potentialAction\":[{\"@type\":\"SearchAction\",\"target\":{\"@type\":\"EntryPoint\",\"urlTemplate\":\"https:\\\/\\\/lasher.ee\\\/fi\\\/?s={search_term_string}\"},\"query-input\":{\"@type\":\"PropertyValueSpecification\",\"valueRequired\":true,\"valueName\":\"search_term_string\"}}],\"inLanguage\":\"fi\"},{\"@type\":\"Organization\",\"@id\":\"https:\\\/\\\/lasher.ee\\\/fi\\\/#organization\",\"name\":\"Lasher\",\"url\":\"https:\\\/\\\/lasher.ee\\\/fi\\\/\",\"logo\":{\"@type\":\"ImageObject\",\"inLanguage\":\"fi\",\"@id\":\"https:\\\/\\\/lasher.ee\\\/fi\\\/#\\\/schema\\\/logo\\\/image\\\/\",\"url\":\"https:\\\/\\\/lasher.ee\\\/wp-content\\\/uploads\\\/2024\\\/09\\\/Screenshot-2024-09-03-at-11.58.17.png\",\"contentUrl\":\"https:\\\/\\\/lasher.ee\\\/wp-content\\\/uploads\\\/2024\\\/09\\\/Screenshot-2024-09-03-at-11.58.17.png\",\"width\":1678,\"height\":1670,\"caption\":\"Lasher\"},\"image\":{\"@id\":\"https:\\\/\\\/lasher.ee\\\/fi\\\/#\\\/schema\\\/logo\\\/image\\\/\"},\"sameAs\":[\"https:\\\/\\\/www.facebook.com\\\/profile.php?id=61564523265885\",\"https:\\\/\\\/www.instagram.com\\\/lasher_official\\\/\"]}]}<\/script>\n<!-- \/ Yoast SEO plugin. -->","yoast_head_json":{"title":"Goccia seerumi 3ml - Lasher","description":"MAXYMOVA Goccia on korjaava seerumi, jota k\u00e4ytet\u00e4\u00e4n laminoinnin aikana ravitsemaan, kosteuttamaan ja antamaan kiiltoa ripsille ja kulmakarvoille.","robots":{"index":"index","follow":"follow","max-snippet":"max-snippet:-1","max-image-preview":"max-image-preview:large","max-video-preview":"max-video-preview:-1"},"canonical":"https:\/\/lasher.ee\/fi\/tuote\/goccia-seerumi-3ml\/","og_locale":"fi_FI","og_type":"article","og_title":"Goccia seerumi 3ml - Lasher","og_description":"MAXYMOVA Goccia on korjaava seerumi, jota k\u00e4ytet\u00e4\u00e4n laminoinnin aikana ravitsemaan, kosteuttamaan ja antamaan kiiltoa ripsille ja kulmakarvoille.","og_url":"https:\/\/lasher.ee\/fi\/tuote\/goccia-seerumi-3ml\/","og_site_name":"Lasher","article_publisher":"https:\/\/www.facebook.com\/profile.php?id=61564523265885","article_modified_time":"2026-03-15T23:29:03+00:00","og_image":[{"width":1025,"height":1025,"url":"https:\/\/lasher.ee\/wp-content\/uploads\/2025\/05\/new_goccia_3ml_imresizer.jpg","type":"image\/jpeg"}],"twitter_card":"summary_large_image","twitter_misc":{"Arvioitu lukuaika":"1 minuutti"},"schema":{"@context":"https:\/\/schema.org","@graph":[{"@type":"WebPage","@id":"https:\/\/lasher.ee\/fi\/tuote\/goccia-seerumi-3ml\/","url":"https:\/\/lasher.ee\/fi\/tuote\/goccia-seerumi-3ml\/","name":"Goccia seerumi 3ml - Lasher","isPartOf":{"@id":"https:\/\/lasher.ee\/fi\/#website"},"primaryImageOfPage":{"@id":"https:\/\/lasher.ee\/fi\/tuote\/goccia-seerumi-3ml\/#primaryimage"},"image":{"@id":"https:\/\/lasher.ee\/fi\/tuote\/goccia-seerumi-3ml\/#primaryimage"},"thumbnailUrl":"https:\/\/lasher.ee\/wp-content\/uploads\/2025\/05\/new_goccia_3ml_imresizer.jpg","datePublished":"2025-05-25T15:15:23+00:00","dateModified":"2026-03-15T23:29:03+00:00","description":"MAXYMOVA Goccia on korjaava seerumi, jota k\u00e4ytet\u00e4\u00e4n laminoinnin aikana ravitsemaan, kosteuttamaan ja antamaan kiiltoa ripsille ja kulmakarvoille.","breadcrumb":{"@id":"https:\/\/lasher.ee\/fi\/tuote\/goccia-seerumi-3ml\/#breadcrumb"},"inLanguage":"fi","potentialAction":[{"@type":"ReadAction","target":["https:\/\/lasher.ee\/fi\/tuote\/goccia-seerumi-3ml\/"]}]},{"@type":"ImageObject","inLanguage":"fi","@id":"https:\/\/lasher.ee\/fi\/tuote\/goccia-seerumi-3ml\/#primaryimage","url":"https:\/\/lasher.ee\/wp-content\/uploads\/2025\/05\/new_goccia_3ml_imresizer.jpg","contentUrl":"https:\/\/lasher.ee\/wp-content\/uploads\/2025\/05\/new_goccia_3ml_imresizer.jpg","width":1025,"height":1025,"caption":"Goccia seerumi."},{"@type":"BreadcrumbList","@id":"https:\/\/lasher.ee\/fi\/tuote\/goccia-seerumi-3ml\/#breadcrumb","itemListElement":[{"@type":"ListItem","position":1,"name":"Home","item":"https:\/\/lasher.ee\/fi\/"},{"@type":"ListItem","position":2,"name":"Kaikki tuotteet","item":"https:\/\/lasher.ee\/fi\/kaikki-tuotteet\/"},{"@type":"ListItem","position":3,"name":"Goccia seerumi 3ml"}]},{"@type":"WebSite","@id":"https:\/\/lasher.ee\/fi\/#website","url":"https:\/\/lasher.ee\/fi\/","name":"Lasher","description":"K\u00f5ik vajalikud ripsmetarvikud ripsmetehnikule \u00fchest kohast.","publisher":{"@id":"https:\/\/lasher.ee\/fi\/#organization"},"potentialAction":[{"@type":"SearchAction","target":{"@type":"EntryPoint","urlTemplate":"https:\/\/lasher.ee\/fi\/?s={search_term_string}"},"query-input":{"@type":"PropertyValueSpecification","valueRequired":true,"valueName":"search_term_string"}}],"inLanguage":"fi"},{"@type":"Organization","@id":"https:\/\/lasher.ee\/fi\/#organization","name":"Lasher","url":"https:\/\/lasher.ee\/fi\/","logo":{"@type":"ImageObject","inLanguage":"fi","@id":"https:\/\/lasher.ee\/fi\/#\/schema\/logo\/image\/","url":"https:\/\/lasher.ee\/wp-content\/uploads\/2024\/09\/Screenshot-2024-09-03-at-11.58.17.png","contentUrl":"https:\/\/lasher.ee\/wp-content\/uploads\/2024\/09\/Screenshot-2024-09-03-at-11.58.17.png","width":1678,"height":1670,"caption":"Lasher"},"image":{"@id":"https:\/\/lasher.ee\/fi\/#\/schema\/logo\/image\/"},"sameAs":["https:\/\/www.facebook.com\/profile.php?id=61564523265885","https:\/\/www.instagram.com\/lasher_official\/"]}]}},"_links":{"self":[{"href":"https:\/\/lasher.ee\/fi\/wp-json\/wp\/v2\/product\/7599","targetHints":{"allow":["GET"]}}],"collection":[{"href":"https:\/\/lasher.ee\/fi\/wp-json\/wp\/v2\/product"}],"about":[{"href":"https:\/\/lasher.ee\/fi\/wp-json\/wp\/v2\/types\/product"}],"replies":[{"embeddable":true,"href":"https:\/\/lasher.ee\/fi\/wp-json\/wp\/v2\/comments?post=7599"}],"wp:featuredmedia":[{"embeddable":true,"href":"https:\/\/lasher.ee\/fi\/wp-json\/wp\/v2\/media\/7569"}],"wp:attachment":[{"href":"https:\/\/lasher.ee\/fi\/wp-json\/wp\/v2\/media?parent=7599"}],"wp:term":[{"taxonomy":"product_brand","embeddable":true,"href":"https:\/\/lasher.ee\/fi\/wp-json\/wp\/v2\/product_brand?post=7599"},{"taxonomy":"product_cat","embeddable":true,"href":"https:\/\/lasher.ee\/fi\/wp-json\/wp\/v2\/product_cat?post=7599"},{"taxonomy":"product_tag","embeddable":true,"href":"https:\/\/lasher.ee\/fi\/wp-json\/wp\/v2\/product_tag?post=7599"}],"curies":[{"name":"wp","href":"https:\/\/api.w.org\/{rel}","templated":true}]}}