{"id":7602,"date":"2025-05-20T08:23:20","date_gmt":"2025-05-20T05:23:20","guid":{"rendered":"https:\/\/lasher.ee\/after-lift-restorative-serum\/"},"modified":"2026-03-16T08:37:31","modified_gmt":"2026-03-16T06:37:31","slug":"after-lift-rkorjaava-seerumi","status":"publish","type":"product","link":"https:\/\/lasher.ee\/fi\/tuote\/after-lift-rkorjaava-seerumi\/","title":{"rendered":"After Lift korjaava seerumi 5ml"},"content":{"rendered":"<p>After Lift korjaava seerumi on suunniteltu vaurioituneiden ripsien korjaamiseen ja vahvistamiseen.<\/p>\n","protected":false},"excerpt":{"rendered":"<p>Maxymova AFTER LIFT korjaava seerumi on tiivistetty vahvistava tuote, joka on rikastettu bambusta per\u00e4isin olevalla biosilikaattikompleksilla. T\u00e4m\u00e4 innovatiivinen seerumi on suunniteltu sulkemaan, vahvistamaan ja korjaamaan vaurioituneita ripsi\u00e4, jotta ne pysyv\u00e4t tervein\u00e4 ja vahvoina.<\/p>\n<p>Seerumia lis\u00e4t\u00e4\u00e4n ripsien laminointiprosessiin heti Step 1 k\u00e4sittelyn j\u00e4lkeen ja se auttaa poistamaan LIFT Step 1- vaiheen j\u00e4\u00e4m\u00e4t kokonaan ja parantaa samalla laminointik\u00e4sittelyn tehokkuutta sek\u00e4 tulosten kest\u00e4vyytt\u00e4.<\/p>\n<h6><strong>AKTIIVISET AINESOSAT JA NIIDEN VAIKUTUS<\/strong><\/h6>\n<p><em>Bambusta per\u00e4isin oleva biosilikaattikompleksi :<\/em> This key ingredient deposits on the eyelashes, restructuring and protecting them.<\/p>\n<p><em>Keramidit:<\/em> Maintain optimal hydration of the eyelashes and offer protection against external aggressions.<\/p>\n<p><em>Hydrolysoidut kasvikeratiinit (maissista, soijasta ja vehn\u00e4st\u00e4)<\/em>: Extracted from corn, soy, and wheat, these keratins adhere to the eyelashes, compacting the fibers and helping to volumize and strengthen them from within.<\/p>\n<p><em>Luonnollisten biopolymeerien:<\/em> A complex of hyaluronic acid, alginate, and vegetable glucan, enriched with glycerin, serine, trehalose, and urea, that slowly releases moisturizing factors.<\/p>\n<p><em>Pantenoli:<\/em> Acts as a moisturizer and regenerator, preventing weakening and strengthening the structure of the eyelashes.<\/p>\n<p><em>Niasiiniamidi:<\/em> Increases protein synthesis and keratin levels, strengthening and restructuring the eyelashes.<\/p>\n<h6><strong>Koostumus<\/strong><\/h6>\n<p>Ingredients: Aqua, Xanthan Gum, Glycerin, Bambusa Arundinacea Leaf Extract, Hydrolyzed Corn Protein, Hydrolyzed Soy Protein, Hydrolyzed Wheat Protein, Trametes Versicolor Extract, Niacinamide, Panthenol, Lonicera Caprifolium Flower Extract, Sodium Benzoate, Trehalose, Urea, Lonicera Japonica Flower Extract, Potassium Sorbate, Sodium Gluconate, Pentylene Glycol, Serine, Algin, Caprylyl Glycol, Disodium Phosphate, Glyceryl Polyacrylate, Pullulan, Sodium Hyaluronate, Ci 19140, Potassium Phosphate, Ceramide Ns, Cholesterol, Hydrogenated Lecithin, Ci 42090<\/p>\n<p>&nbsp;<\/p>\n","protected":false},"featured_media":7289,"comment_status":"open","ping_status":"closed","template":"","meta":{"site-sidebar-layout":"default","site-content-layout":"","ast-site-content-layout":"default","site-content-style":"default","site-sidebar-style":"default","ast-global-header-display":"","ast-banner-title-visibility":"","ast-main-header-display":"","ast-hfb-above-header-display":"","ast-hfb-below-header-display":"","ast-hfb-mobile-header-display":"","site-post-title":"","ast-breadcrumbs-content":"","ast-featured-img":"","footer-sml-layout":"","ast-disable-related-posts":"","theme-transparent-header-meta":"default","adv-header-id-meta":"","stick-header-meta":"","header-above-stick-meta":"","header-main-stick-meta":"","header-below-stick-meta":"","astra-migrate-meta-layouts":"set","ast-page-background-enabled":"default","ast-page-background-meta":{"desktop":{"background-color":"var(--ast-global-color-4)","background-image":"","background-repeat":"repeat","background-position":"center center","background-size":"auto","background-attachment":"scroll","background-type":"","background-media":"","overlay-type":"","overlay-color":"","overlay-opacity":"","overlay-gradient":""},"tablet":{"background-color":"","background-image":"","background-repeat":"repeat","background-position":"center center","background-size":"auto","background-attachment":"scroll","background-type":"","background-media":"","overlay-type":"","overlay-color":"","overlay-opacity":"","overlay-gradient":""},"mobile":{"background-color":"","background-image":"","background-repeat":"repeat","background-position":"center center","background-size":"auto","background-attachment":"scroll","background-type":"","background-media":"","overlay-type":"","overlay-color":"","overlay-opacity":"","overlay-gradient":""}},"ast-content-background-meta":{"desktop":{"background-color":"var(--ast-global-color-5)","background-image":"","background-repeat":"repeat","background-position":"center center","background-size":"auto","background-attachment":"scroll","background-type":"","background-media":"","overlay-type":"","overlay-color":"","overlay-opacity":"","overlay-gradient":""},"tablet":{"background-color":"var(--ast-global-color-5)","background-image":"","background-repeat":"repeat","background-position":"center center","background-size":"auto","background-attachment":"scroll","background-type":"","background-media":"","overlay-type":"","overlay-color":"","overlay-opacity":"","overlay-gradient":""},"mobile":{"background-color":"var(--ast-global-color-5)","background-image":"","background-repeat":"repeat","background-position":"center center","background-size":"auto","background-attachment":"scroll","background-type":"","background-media":"","overlay-type":"","overlay-color":"","overlay-opacity":"","overlay-gradient":""}}},"product_brand":[],"product_cat":[132],"product_tag":[],"class_list":{"0":"post-7602","1":"product","2":"type-product","3":"status-publish","4":"has-post-thumbnail","6":"product_cat-lash-lift-fi","7":"desktop-align-left","8":"tablet-align-left","9":"mobile-align-left","11":"first","12":"instock","13":"shipping-taxable","14":"purchasable","15":"product-type-simple"},"yoast_head":"<!-- This site is optimized with the Yoast SEO plugin v27.3 - https:\/\/yoast.com\/product\/yoast-seo-wordpress\/ -->\n<title>After Lift korjaava seerumi 5ml - Lasher<\/title>\n<meta name=\"description\" content=\"After Lift korjaava seerumi on suunniteltu vaurioituneiden ripsien korjaamiseen ja vahvistamiseen. Seerumia lis\u00e4t\u00e4\u00e4n heti Step 1 k\u00e4sittelyn j\u00e4lkeen.\" \/>\n<meta name=\"robots\" content=\"index, follow, max-snippet:-1, max-image-preview:large, max-video-preview:-1\" \/>\n<link rel=\"canonical\" href=\"https:\/\/lasher.ee\/fi\/tuote\/after-lift-rkorjaava-seerumi\/\" \/>\n<meta property=\"og:locale\" content=\"fi_FI\" \/>\n<meta property=\"og:type\" content=\"article\" \/>\n<meta property=\"og:title\" content=\"After Lift korjaava seerumi 5ml - Lasher\" \/>\n<meta property=\"og:description\" content=\"After Lift korjaava seerumi on suunniteltu vaurioituneiden ripsien korjaamiseen ja vahvistamiseen. Seerumia lis\u00e4t\u00e4\u00e4n heti Step 1 k\u00e4sittelyn j\u00e4lkeen.\" \/>\n<meta property=\"og:url\" content=\"https:\/\/lasher.ee\/fi\/tuote\/after-lift-rkorjaava-seerumi\/\" \/>\n<meta property=\"og:site_name\" content=\"Lasher\" \/>\n<meta property=\"article:publisher\" content=\"https:\/\/www.facebook.com\/profile.php?id=61564523265885\" \/>\n<meta property=\"article:modified_time\" content=\"2026-03-16T06:37:31+00:00\" \/>\n<meta property=\"og:image\" content=\"https:\/\/lasher.ee\/wp-content\/uploads\/2025\/05\/AFTER-LIFT_imresizer.jpg\" \/>\n\t<meta property=\"og:image:width\" content=\"1025\" \/>\n\t<meta property=\"og:image:height\" content=\"1025\" \/>\n\t<meta property=\"og:image:type\" content=\"image\/jpeg\" \/>\n<meta name=\"twitter:card\" content=\"summary_large_image\" \/>\n<meta name=\"twitter:label1\" content=\"Arvioitu lukuaika\" \/>\n\t<meta name=\"twitter:data1\" content=\"1 minuutti\" \/>\n<script type=\"application\/ld+json\" class=\"yoast-schema-graph\">{\"@context\":\"https:\\\/\\\/schema.org\",\"@graph\":[{\"@type\":\"WebPage\",\"@id\":\"https:\\\/\\\/lasher.ee\\\/fi\\\/tuote\\\/after-lift-rkorjaava-seerumi\\\/\",\"url\":\"https:\\\/\\\/lasher.ee\\\/fi\\\/tuote\\\/after-lift-rkorjaava-seerumi\\\/\",\"name\":\"After Lift korjaava seerumi 5ml - Lasher\",\"isPartOf\":{\"@id\":\"https:\\\/\\\/lasher.ee\\\/fi\\\/#website\"},\"primaryImageOfPage\":{\"@id\":\"https:\\\/\\\/lasher.ee\\\/fi\\\/tuote\\\/after-lift-rkorjaava-seerumi\\\/#primaryimage\"},\"image\":{\"@id\":\"https:\\\/\\\/lasher.ee\\\/fi\\\/tuote\\\/after-lift-rkorjaava-seerumi\\\/#primaryimage\"},\"thumbnailUrl\":\"https:\\\/\\\/lasher.ee\\\/wp-content\\\/uploads\\\/2025\\\/05\\\/AFTER-LIFT_imresizer.jpg\",\"datePublished\":\"2025-05-20T05:23:20+00:00\",\"dateModified\":\"2026-03-16T06:37:31+00:00\",\"description\":\"After Lift korjaava seerumi on suunniteltu vaurioituneiden ripsien korjaamiseen ja vahvistamiseen. Seerumia lis\u00e4t\u00e4\u00e4n heti Step 1 k\u00e4sittelyn j\u00e4lkeen.\",\"breadcrumb\":{\"@id\":\"https:\\\/\\\/lasher.ee\\\/fi\\\/tuote\\\/after-lift-rkorjaava-seerumi\\\/#breadcrumb\"},\"inLanguage\":\"fi\",\"potentialAction\":[{\"@type\":\"ReadAction\",\"target\":[\"https:\\\/\\\/lasher.ee\\\/fi\\\/tuote\\\/after-lift-rkorjaava-seerumi\\\/\"]}]},{\"@type\":\"ImageObject\",\"inLanguage\":\"fi\",\"@id\":\"https:\\\/\\\/lasher.ee\\\/fi\\\/tuote\\\/after-lift-rkorjaava-seerumi\\\/#primaryimage\",\"url\":\"https:\\\/\\\/lasher.ee\\\/wp-content\\\/uploads\\\/2025\\\/05\\\/AFTER-LIFT_imresizer.jpg\",\"contentUrl\":\"https:\\\/\\\/lasher.ee\\\/wp-content\\\/uploads\\\/2025\\\/05\\\/AFTER-LIFT_imresizer.jpg\",\"width\":1025,\"height\":1025,\"caption\":\"AFTER LIFT seerum ripsmete taastamiseks ja tugevdamiseks, rikastatud bambusest saadud biosilikaatidega, kantakse peale STEP 1 eemaldamist lamineerimisprotseduuri uue sammuna\"},{\"@type\":\"BreadcrumbList\",\"@id\":\"https:\\\/\\\/lasher.ee\\\/fi\\\/tuote\\\/after-lift-rkorjaava-seerumi\\\/#breadcrumb\",\"itemListElement\":[{\"@type\":\"ListItem\",\"position\":1,\"name\":\"Home\",\"item\":\"https:\\\/\\\/lasher.ee\\\/fi\\\/\"},{\"@type\":\"ListItem\",\"position\":2,\"name\":\"Kaikki tuotteet\",\"item\":\"https:\\\/\\\/lasher.ee\\\/fi\\\/kaikki-tuotteet\\\/\"},{\"@type\":\"ListItem\",\"position\":3,\"name\":\"After Lift korjaava seerumi 5ml\"}]},{\"@type\":\"WebSite\",\"@id\":\"https:\\\/\\\/lasher.ee\\\/fi\\\/#website\",\"url\":\"https:\\\/\\\/lasher.ee\\\/fi\\\/\",\"name\":\"Lasher\",\"description\":\"K\u00f5ik vajalikud ripsmetarvikud ripsmetehnikule \u00fchest kohast.\",\"publisher\":{\"@id\":\"https:\\\/\\\/lasher.ee\\\/fi\\\/#organization\"},\"potentialAction\":[{\"@type\":\"SearchAction\",\"target\":{\"@type\":\"EntryPoint\",\"urlTemplate\":\"https:\\\/\\\/lasher.ee\\\/fi\\\/?s={search_term_string}\"},\"query-input\":{\"@type\":\"PropertyValueSpecification\",\"valueRequired\":true,\"valueName\":\"search_term_string\"}}],\"inLanguage\":\"fi\"},{\"@type\":\"Organization\",\"@id\":\"https:\\\/\\\/lasher.ee\\\/fi\\\/#organization\",\"name\":\"Lasher\",\"url\":\"https:\\\/\\\/lasher.ee\\\/fi\\\/\",\"logo\":{\"@type\":\"ImageObject\",\"inLanguage\":\"fi\",\"@id\":\"https:\\\/\\\/lasher.ee\\\/fi\\\/#\\\/schema\\\/logo\\\/image\\\/\",\"url\":\"https:\\\/\\\/lasher.ee\\\/wp-content\\\/uploads\\\/2024\\\/09\\\/Screenshot-2024-09-03-at-11.58.17.png\",\"contentUrl\":\"https:\\\/\\\/lasher.ee\\\/wp-content\\\/uploads\\\/2024\\\/09\\\/Screenshot-2024-09-03-at-11.58.17.png\",\"width\":1678,\"height\":1670,\"caption\":\"Lasher\"},\"image\":{\"@id\":\"https:\\\/\\\/lasher.ee\\\/fi\\\/#\\\/schema\\\/logo\\\/image\\\/\"},\"sameAs\":[\"https:\\\/\\\/www.facebook.com\\\/profile.php?id=61564523265885\",\"https:\\\/\\\/www.instagram.com\\\/lasher_official\\\/\"]}]}<\/script>\n<!-- \/ Yoast SEO plugin. -->","yoast_head_json":{"title":"After Lift korjaava seerumi 5ml - Lasher","description":"After Lift korjaava seerumi on suunniteltu vaurioituneiden ripsien korjaamiseen ja vahvistamiseen. Seerumia lis\u00e4t\u00e4\u00e4n heti Step 1 k\u00e4sittelyn j\u00e4lkeen.","robots":{"index":"index","follow":"follow","max-snippet":"max-snippet:-1","max-image-preview":"max-image-preview:large","max-video-preview":"max-video-preview:-1"},"canonical":"https:\/\/lasher.ee\/fi\/tuote\/after-lift-rkorjaava-seerumi\/","og_locale":"fi_FI","og_type":"article","og_title":"After Lift korjaava seerumi 5ml - Lasher","og_description":"After Lift korjaava seerumi on suunniteltu vaurioituneiden ripsien korjaamiseen ja vahvistamiseen. Seerumia lis\u00e4t\u00e4\u00e4n heti Step 1 k\u00e4sittelyn j\u00e4lkeen.","og_url":"https:\/\/lasher.ee\/fi\/tuote\/after-lift-rkorjaava-seerumi\/","og_site_name":"Lasher","article_publisher":"https:\/\/www.facebook.com\/profile.php?id=61564523265885","article_modified_time":"2026-03-16T06:37:31+00:00","og_image":[{"width":1025,"height":1025,"url":"https:\/\/lasher.ee\/wp-content\/uploads\/2025\/05\/AFTER-LIFT_imresizer.jpg","type":"image\/jpeg"}],"twitter_card":"summary_large_image","twitter_misc":{"Arvioitu lukuaika":"1 minuutti"},"schema":{"@context":"https:\/\/schema.org","@graph":[{"@type":"WebPage","@id":"https:\/\/lasher.ee\/fi\/tuote\/after-lift-rkorjaava-seerumi\/","url":"https:\/\/lasher.ee\/fi\/tuote\/after-lift-rkorjaava-seerumi\/","name":"After Lift korjaava seerumi 5ml - Lasher","isPartOf":{"@id":"https:\/\/lasher.ee\/fi\/#website"},"primaryImageOfPage":{"@id":"https:\/\/lasher.ee\/fi\/tuote\/after-lift-rkorjaava-seerumi\/#primaryimage"},"image":{"@id":"https:\/\/lasher.ee\/fi\/tuote\/after-lift-rkorjaava-seerumi\/#primaryimage"},"thumbnailUrl":"https:\/\/lasher.ee\/wp-content\/uploads\/2025\/05\/AFTER-LIFT_imresizer.jpg","datePublished":"2025-05-20T05:23:20+00:00","dateModified":"2026-03-16T06:37:31+00:00","description":"After Lift korjaava seerumi on suunniteltu vaurioituneiden ripsien korjaamiseen ja vahvistamiseen. Seerumia lis\u00e4t\u00e4\u00e4n heti Step 1 k\u00e4sittelyn j\u00e4lkeen.","breadcrumb":{"@id":"https:\/\/lasher.ee\/fi\/tuote\/after-lift-rkorjaava-seerumi\/#breadcrumb"},"inLanguage":"fi","potentialAction":[{"@type":"ReadAction","target":["https:\/\/lasher.ee\/fi\/tuote\/after-lift-rkorjaava-seerumi\/"]}]},{"@type":"ImageObject","inLanguage":"fi","@id":"https:\/\/lasher.ee\/fi\/tuote\/after-lift-rkorjaava-seerumi\/#primaryimage","url":"https:\/\/lasher.ee\/wp-content\/uploads\/2025\/05\/AFTER-LIFT_imresizer.jpg","contentUrl":"https:\/\/lasher.ee\/wp-content\/uploads\/2025\/05\/AFTER-LIFT_imresizer.jpg","width":1025,"height":1025,"caption":"AFTER LIFT seerum ripsmete taastamiseks ja tugevdamiseks, rikastatud bambusest saadud biosilikaatidega, kantakse peale STEP 1 eemaldamist lamineerimisprotseduuri uue sammuna"},{"@type":"BreadcrumbList","@id":"https:\/\/lasher.ee\/fi\/tuote\/after-lift-rkorjaava-seerumi\/#breadcrumb","itemListElement":[{"@type":"ListItem","position":1,"name":"Home","item":"https:\/\/lasher.ee\/fi\/"},{"@type":"ListItem","position":2,"name":"Kaikki tuotteet","item":"https:\/\/lasher.ee\/fi\/kaikki-tuotteet\/"},{"@type":"ListItem","position":3,"name":"After Lift korjaava seerumi 5ml"}]},{"@type":"WebSite","@id":"https:\/\/lasher.ee\/fi\/#website","url":"https:\/\/lasher.ee\/fi\/","name":"Lasher","description":"K\u00f5ik vajalikud ripsmetarvikud ripsmetehnikule \u00fchest kohast.","publisher":{"@id":"https:\/\/lasher.ee\/fi\/#organization"},"potentialAction":[{"@type":"SearchAction","target":{"@type":"EntryPoint","urlTemplate":"https:\/\/lasher.ee\/fi\/?s={search_term_string}"},"query-input":{"@type":"PropertyValueSpecification","valueRequired":true,"valueName":"search_term_string"}}],"inLanguage":"fi"},{"@type":"Organization","@id":"https:\/\/lasher.ee\/fi\/#organization","name":"Lasher","url":"https:\/\/lasher.ee\/fi\/","logo":{"@type":"ImageObject","inLanguage":"fi","@id":"https:\/\/lasher.ee\/fi\/#\/schema\/logo\/image\/","url":"https:\/\/lasher.ee\/wp-content\/uploads\/2024\/09\/Screenshot-2024-09-03-at-11.58.17.png","contentUrl":"https:\/\/lasher.ee\/wp-content\/uploads\/2024\/09\/Screenshot-2024-09-03-at-11.58.17.png","width":1678,"height":1670,"caption":"Lasher"},"image":{"@id":"https:\/\/lasher.ee\/fi\/#\/schema\/logo\/image\/"},"sameAs":["https:\/\/www.facebook.com\/profile.php?id=61564523265885","https:\/\/www.instagram.com\/lasher_official\/"]}]}},"_links":{"self":[{"href":"https:\/\/lasher.ee\/fi\/wp-json\/wp\/v2\/product\/7602","targetHints":{"allow":["GET"]}}],"collection":[{"href":"https:\/\/lasher.ee\/fi\/wp-json\/wp\/v2\/product"}],"about":[{"href":"https:\/\/lasher.ee\/fi\/wp-json\/wp\/v2\/types\/product"}],"replies":[{"embeddable":true,"href":"https:\/\/lasher.ee\/fi\/wp-json\/wp\/v2\/comments?post=7602"}],"wp:featuredmedia":[{"embeddable":true,"href":"https:\/\/lasher.ee\/fi\/wp-json\/wp\/v2\/media\/7289"}],"wp:attachment":[{"href":"https:\/\/lasher.ee\/fi\/wp-json\/wp\/v2\/media?parent=7602"}],"wp:term":[{"taxonomy":"product_brand","embeddable":true,"href":"https:\/\/lasher.ee\/fi\/wp-json\/wp\/v2\/product_brand?post=7602"},{"taxonomy":"product_cat","embeddable":true,"href":"https:\/\/lasher.ee\/fi\/wp-json\/wp\/v2\/product_cat?post=7602"},{"taxonomy":"product_tag","embeddable":true,"href":"https:\/\/lasher.ee\/fi\/wp-json\/wp\/v2\/product_tag?post=7602"}],"curies":[{"name":"wp","href":"https:\/\/api.w.org\/{rel}","templated":true}]}}