{"id":7611,"date":"2025-05-20T12:22:36","date_gmt":"2025-05-20T09:22:36","guid":{"rendered":"https:\/\/lasher.ee\/step-3-hydrationkeratin-booster-15ml\/"},"modified":"2026-03-16T04:26:11","modified_gmt":"2026-03-16T02:26:11","slug":"step-3-kosteutus-keratin-booster","status":"publish","type":"product","link":"https:\/\/lasher.ee\/fi\/tuote\/step-3-kosteutus-keratin-booster\/","title":{"rendered":"Step 3 kosteutus ja keratin booster 1,5ml"},"content":{"rendered":"<p>Step 3 kosteutus- ja keratin booster on ripsien ja kulmien laminoinnin kolmas vaihe.<\/p>\n","protected":false},"excerpt":{"rendered":"<p>Step 3 HYDRATION AND KERATIN BOOSTER is the final oil with keratin, collagen and aloe vera to moisturise the eyelashes and eyebrows after the lamination procedure. Disposable sachets guarantee better hygiene and do not lose effectiveness, unlike products in large packs.<\/p>\n<p>New shiny texture! No unpleasant odours!<br \/>\nDelicate and effective revolutionary formula.<br \/>\nEach sachet is sufficient for 3-4 uses.<\/p>\n<h6><strong>Key features<\/strong><\/h6>\n<p><em>Hydrolyzed Keratin:<\/em> Keratin, a natural component of the hair, nourishes and restructures, leaving the eyebrows softer and smoother.<br \/>\n<em>Hydrolyzed Collagen:<\/em> has filming, protective and moisturizing properties for the lashes, improves the elasticity, appearance and softness of the hair fibers.<br \/>\n<em>Panthenol:<\/em> Panthenol has regenerating and soothing properties.<br \/>\n<em>Urtica Dioica Leaf Extract:<\/em> Nettle extract has soothing and moisturizing properties.<br \/>\n<em>Chamomilla Recutita Flower Extract:<\/em> chamomile flower extract with anti-reddening and soothing properties.<br \/>\n<em>Aloe Barbadensis Leaf Juice:<\/em> Aloe juice protects the hair fromdehydration, and thanks to its soothing and refreshing properties, it gives hydration and freshness.<\/p>\n<h6><strong>How to use<\/strong><\/h6>\n<p>STEP 3 HYDRATION AND KERATIN BOOSTER is used after eyelash \/ eyebrow dyeing. With the help of a brush, apply the product on the lashes from the base to the tips. With gentle upward movements, clean the lashes and the inter-eyelash area from the residues of all products. Do not rinse.<\/p>\n<h6><strong>Ingredients<\/strong><\/h6>\n<p>Aqua (Water), Alcohol Denat, Hydroxyethylcellulose, Polyglyceryl-4 Laurate, Polyglyceryl-6-laurate, Glyceryn, Hydrolyzed Keratin, Inositol, Laurdimonium Hydroxypropyl Hydrolyzed Collagen, Panthenol, Panthenyl Ethyl Ether, Parfum (Fragrance), Tocopheryl Acetate, Urtica Dioica Leaf Extract (Urtica Dioica (Nettle) Leaf Extract), Acetyl Cysteine, Acetyl Methionine, Bisabolol, Chamomilla Recutita Flower Extract (Chamomilla Recutita (Matricaria) Flower Extract), Citric Acid, Lactis Proteinum), Lactose, Sodium Citrate, Aloe Barbadensis Leaf Juice).<\/p>\n<p>&nbsp;<\/p>\n","protected":false},"featured_media":7373,"comment_status":"open","ping_status":"closed","template":"","meta":{"site-sidebar-layout":"default","site-content-layout":"","ast-site-content-layout":"default","site-content-style":"default","site-sidebar-style":"default","ast-global-header-display":"","ast-banner-title-visibility":"","ast-main-header-display":"","ast-hfb-above-header-display":"","ast-hfb-below-header-display":"","ast-hfb-mobile-header-display":"","site-post-title":"","ast-breadcrumbs-content":"","ast-featured-img":"","footer-sml-layout":"","ast-disable-related-posts":"","theme-transparent-header-meta":"default","adv-header-id-meta":"","stick-header-meta":"","header-above-stick-meta":"","header-main-stick-meta":"","header-below-stick-meta":"","astra-migrate-meta-layouts":"set","ast-page-background-enabled":"default","ast-page-background-meta":{"desktop":{"background-color":"var(--ast-global-color-4)","background-image":"","background-repeat":"repeat","background-position":"center center","background-size":"auto","background-attachment":"scroll","background-type":"","background-media":"","overlay-type":"","overlay-color":"","overlay-opacity":"","overlay-gradient":""},"tablet":{"background-color":"","background-image":"","background-repeat":"repeat","background-position":"center center","background-size":"auto","background-attachment":"scroll","background-type":"","background-media":"","overlay-type":"","overlay-color":"","overlay-opacity":"","overlay-gradient":""},"mobile":{"background-color":"","background-image":"","background-repeat":"repeat","background-position":"center center","background-size":"auto","background-attachment":"scroll","background-type":"","background-media":"","overlay-type":"","overlay-color":"","overlay-opacity":"","overlay-gradient":""}},"ast-content-background-meta":{"desktop":{"background-color":"var(--ast-global-color-5)","background-image":"","background-repeat":"repeat","background-position":"center center","background-size":"auto","background-attachment":"scroll","background-type":"","background-media":"","overlay-type":"","overlay-color":"","overlay-opacity":"","overlay-gradient":""},"tablet":{"background-color":"var(--ast-global-color-5)","background-image":"","background-repeat":"repeat","background-position":"center center","background-size":"auto","background-attachment":"scroll","background-type":"","background-media":"","overlay-type":"","overlay-color":"","overlay-opacity":"","overlay-gradient":""},"mobile":{"background-color":"var(--ast-global-color-5)","background-image":"","background-repeat":"repeat","background-position":"center center","background-size":"auto","background-attachment":"scroll","background-type":"","background-media":"","overlay-type":"","overlay-color":"","overlay-opacity":"","overlay-gradient":""}}},"product_brand":[],"product_cat":[132],"product_tag":[],"class_list":{"0":"post-7611","1":"product","2":"type-product","3":"status-publish","4":"has-post-thumbnail","6":"product_cat-lash-lift-fi","7":"desktop-align-left","8":"tablet-align-left","9":"mobile-align-left","11":"first","12":"instock","13":"shipping-taxable","14":"purchasable","15":"product-type-variable"},"yoast_head":"<!-- This site is optimized with the Yoast SEO plugin v27.3 - https:\/\/yoast.com\/product\/yoast-seo-wordpress\/ -->\n<title>Step 3 kosteutus ja keratin booster 1,5ml - Lasher<\/title>\n<meta name=\"description\" content=\"MAXYMOVA Step 3 kosteutus- ja keratin booster ripsien ja kulmien laminointiin. Booster sis\u00e4lt\u00e4\u00e4 keratiinia, kollageenia ja aloe veraa.\" \/>\n<meta name=\"robots\" content=\"index, follow, max-snippet:-1, max-image-preview:large, max-video-preview:-1\" \/>\n<link rel=\"canonical\" href=\"https:\/\/lasher.ee\/fi\/tuote\/step-3-kosteutus-keratin-booster\/\" \/>\n<meta property=\"og:locale\" content=\"fi_FI\" \/>\n<meta property=\"og:type\" content=\"article\" \/>\n<meta property=\"og:title\" content=\"Step 3 kosteutus ja keratin booster 1,5ml - Lasher\" \/>\n<meta property=\"og:description\" content=\"MAXYMOVA Step 3 kosteutus- ja keratin booster ripsien ja kulmien laminointiin. Booster sis\u00e4lt\u00e4\u00e4 keratiinia, kollageenia ja aloe veraa.\" \/>\n<meta property=\"og:url\" content=\"https:\/\/lasher.ee\/fi\/tuote\/step-3-kosteutus-keratin-booster\/\" \/>\n<meta property=\"og:site_name\" content=\"Lasher\" \/>\n<meta property=\"article:publisher\" content=\"https:\/\/www.facebook.com\/profile.php?id=61564523265885\" \/>\n<meta property=\"article:modified_time\" content=\"2026-03-16T02:26:11+00:00\" \/>\n<meta property=\"og:image\" content=\"https:\/\/lasher.ee\/wp-content\/uploads\/2025\/05\/121_imresizer-1.jpg\" \/>\n\t<meta property=\"og:image:width\" content=\"1025\" \/>\n\t<meta property=\"og:image:height\" content=\"1025\" \/>\n\t<meta property=\"og:image:type\" content=\"image\/jpeg\" \/>\n<meta name=\"twitter:card\" content=\"summary_large_image\" \/>\n<meta name=\"twitter:label1\" content=\"Arvioitu lukuaika\" \/>\n\t<meta name=\"twitter:data1\" content=\"1 minuutti\" \/>\n<script type=\"application\/ld+json\" class=\"yoast-schema-graph\">{\"@context\":\"https:\\\/\\\/schema.org\",\"@graph\":[{\"@type\":\"WebPage\",\"@id\":\"https:\\\/\\\/lasher.ee\\\/fi\\\/tuote\\\/step-3-kosteutus-keratin-booster\\\/\",\"url\":\"https:\\\/\\\/lasher.ee\\\/fi\\\/tuote\\\/step-3-kosteutus-keratin-booster\\\/\",\"name\":\"Step 3 kosteutus ja keratin booster 1,5ml - Lasher\",\"isPartOf\":{\"@id\":\"https:\\\/\\\/lasher.ee\\\/fi\\\/#website\"},\"primaryImageOfPage\":{\"@id\":\"https:\\\/\\\/lasher.ee\\\/fi\\\/tuote\\\/step-3-kosteutus-keratin-booster\\\/#primaryimage\"},\"image\":{\"@id\":\"https:\\\/\\\/lasher.ee\\\/fi\\\/tuote\\\/step-3-kosteutus-keratin-booster\\\/#primaryimage\"},\"thumbnailUrl\":\"https:\\\/\\\/lasher.ee\\\/wp-content\\\/uploads\\\/2025\\\/05\\\/121_imresizer-1.jpg\",\"datePublished\":\"2025-05-20T09:22:36+00:00\",\"dateModified\":\"2026-03-16T02:26:11+00:00\",\"description\":\"MAXYMOVA Step 3 kosteutus- ja keratin booster ripsien ja kulmien laminointiin. Booster sis\u00e4lt\u00e4\u00e4 keratiinia, kollageenia ja aloe veraa.\",\"breadcrumb\":{\"@id\":\"https:\\\/\\\/lasher.ee\\\/fi\\\/tuote\\\/step-3-kosteutus-keratin-booster\\\/#breadcrumb\"},\"inLanguage\":\"fi\",\"potentialAction\":[{\"@type\":\"ReadAction\",\"target\":[\"https:\\\/\\\/lasher.ee\\\/fi\\\/tuote\\\/step-3-kosteutus-keratin-booster\\\/\"]}]},{\"@type\":\"ImageObject\",\"inLanguage\":\"fi\",\"@id\":\"https:\\\/\\\/lasher.ee\\\/fi\\\/tuote\\\/step-3-kosteutus-keratin-booster\\\/#primaryimage\",\"url\":\"https:\\\/\\\/lasher.ee\\\/wp-content\\\/uploads\\\/2025\\\/05\\\/121_imresizer-1.jpg\",\"contentUrl\":\"https:\\\/\\\/lasher.ee\\\/wp-content\\\/uploads\\\/2025\\\/05\\\/121_imresizer-1.jpg\",\"width\":1025,\"height\":1025,\"caption\":\"Step 3 kosteutus ja keratiinitehostaja\"},{\"@type\":\"BreadcrumbList\",\"@id\":\"https:\\\/\\\/lasher.ee\\\/fi\\\/tuote\\\/step-3-kosteutus-keratin-booster\\\/#breadcrumb\",\"itemListElement\":[{\"@type\":\"ListItem\",\"position\":1,\"name\":\"Home\",\"item\":\"https:\\\/\\\/lasher.ee\\\/fi\\\/\"},{\"@type\":\"ListItem\",\"position\":2,\"name\":\"Kaikki tuotteet\",\"item\":\"https:\\\/\\\/lasher.ee\\\/fi\\\/kaikki-tuotteet\\\/\"},{\"@type\":\"ListItem\",\"position\":3,\"name\":\"Step 3 kosteutus ja keratin booster 1,5ml\"}]},{\"@type\":\"WebSite\",\"@id\":\"https:\\\/\\\/lasher.ee\\\/fi\\\/#website\",\"url\":\"https:\\\/\\\/lasher.ee\\\/fi\\\/\",\"name\":\"Lasher\",\"description\":\"K\u00f5ik vajalikud ripsmetarvikud ripsmetehnikule \u00fchest kohast.\",\"publisher\":{\"@id\":\"https:\\\/\\\/lasher.ee\\\/fi\\\/#organization\"},\"potentialAction\":[{\"@type\":\"SearchAction\",\"target\":{\"@type\":\"EntryPoint\",\"urlTemplate\":\"https:\\\/\\\/lasher.ee\\\/fi\\\/?s={search_term_string}\"},\"query-input\":{\"@type\":\"PropertyValueSpecification\",\"valueRequired\":true,\"valueName\":\"search_term_string\"}}],\"inLanguage\":\"fi\"},{\"@type\":\"Organization\",\"@id\":\"https:\\\/\\\/lasher.ee\\\/fi\\\/#organization\",\"name\":\"Lasher\",\"url\":\"https:\\\/\\\/lasher.ee\\\/fi\\\/\",\"logo\":{\"@type\":\"ImageObject\",\"inLanguage\":\"fi\",\"@id\":\"https:\\\/\\\/lasher.ee\\\/fi\\\/#\\\/schema\\\/logo\\\/image\\\/\",\"url\":\"https:\\\/\\\/lasher.ee\\\/wp-content\\\/uploads\\\/2024\\\/09\\\/Screenshot-2024-09-03-at-11.58.17.png\",\"contentUrl\":\"https:\\\/\\\/lasher.ee\\\/wp-content\\\/uploads\\\/2024\\\/09\\\/Screenshot-2024-09-03-at-11.58.17.png\",\"width\":1678,\"height\":1670,\"caption\":\"Lasher\"},\"image\":{\"@id\":\"https:\\\/\\\/lasher.ee\\\/fi\\\/#\\\/schema\\\/logo\\\/image\\\/\"},\"sameAs\":[\"https:\\\/\\\/www.facebook.com\\\/profile.php?id=61564523265885\",\"https:\\\/\\\/www.instagram.com\\\/lasher_official\\\/\"]}]}<\/script>\n<!-- \/ Yoast SEO plugin. -->","yoast_head_json":{"title":"Step 3 kosteutus ja keratin booster 1,5ml - Lasher","description":"MAXYMOVA Step 3 kosteutus- ja keratin booster ripsien ja kulmien laminointiin. Booster sis\u00e4lt\u00e4\u00e4 keratiinia, kollageenia ja aloe veraa.","robots":{"index":"index","follow":"follow","max-snippet":"max-snippet:-1","max-image-preview":"max-image-preview:large","max-video-preview":"max-video-preview:-1"},"canonical":"https:\/\/lasher.ee\/fi\/tuote\/step-3-kosteutus-keratin-booster\/","og_locale":"fi_FI","og_type":"article","og_title":"Step 3 kosteutus ja keratin booster 1,5ml - Lasher","og_description":"MAXYMOVA Step 3 kosteutus- ja keratin booster ripsien ja kulmien laminointiin. Booster sis\u00e4lt\u00e4\u00e4 keratiinia, kollageenia ja aloe veraa.","og_url":"https:\/\/lasher.ee\/fi\/tuote\/step-3-kosteutus-keratin-booster\/","og_site_name":"Lasher","article_publisher":"https:\/\/www.facebook.com\/profile.php?id=61564523265885","article_modified_time":"2026-03-16T02:26:11+00:00","og_image":[{"width":1025,"height":1025,"url":"https:\/\/lasher.ee\/wp-content\/uploads\/2025\/05\/121_imresizer-1.jpg","type":"image\/jpeg"}],"twitter_card":"summary_large_image","twitter_misc":{"Arvioitu lukuaika":"1 minuutti"},"schema":{"@context":"https:\/\/schema.org","@graph":[{"@type":"WebPage","@id":"https:\/\/lasher.ee\/fi\/tuote\/step-3-kosteutus-keratin-booster\/","url":"https:\/\/lasher.ee\/fi\/tuote\/step-3-kosteutus-keratin-booster\/","name":"Step 3 kosteutus ja keratin booster 1,5ml - Lasher","isPartOf":{"@id":"https:\/\/lasher.ee\/fi\/#website"},"primaryImageOfPage":{"@id":"https:\/\/lasher.ee\/fi\/tuote\/step-3-kosteutus-keratin-booster\/#primaryimage"},"image":{"@id":"https:\/\/lasher.ee\/fi\/tuote\/step-3-kosteutus-keratin-booster\/#primaryimage"},"thumbnailUrl":"https:\/\/lasher.ee\/wp-content\/uploads\/2025\/05\/121_imresizer-1.jpg","datePublished":"2025-05-20T09:22:36+00:00","dateModified":"2026-03-16T02:26:11+00:00","description":"MAXYMOVA Step 3 kosteutus- ja keratin booster ripsien ja kulmien laminointiin. Booster sis\u00e4lt\u00e4\u00e4 keratiinia, kollageenia ja aloe veraa.","breadcrumb":{"@id":"https:\/\/lasher.ee\/fi\/tuote\/step-3-kosteutus-keratin-booster\/#breadcrumb"},"inLanguage":"fi","potentialAction":[{"@type":"ReadAction","target":["https:\/\/lasher.ee\/fi\/tuote\/step-3-kosteutus-keratin-booster\/"]}]},{"@type":"ImageObject","inLanguage":"fi","@id":"https:\/\/lasher.ee\/fi\/tuote\/step-3-kosteutus-keratin-booster\/#primaryimage","url":"https:\/\/lasher.ee\/wp-content\/uploads\/2025\/05\/121_imresizer-1.jpg","contentUrl":"https:\/\/lasher.ee\/wp-content\/uploads\/2025\/05\/121_imresizer-1.jpg","width":1025,"height":1025,"caption":"Step 3 kosteutus ja keratiinitehostaja"},{"@type":"BreadcrumbList","@id":"https:\/\/lasher.ee\/fi\/tuote\/step-3-kosteutus-keratin-booster\/#breadcrumb","itemListElement":[{"@type":"ListItem","position":1,"name":"Home","item":"https:\/\/lasher.ee\/fi\/"},{"@type":"ListItem","position":2,"name":"Kaikki tuotteet","item":"https:\/\/lasher.ee\/fi\/kaikki-tuotteet\/"},{"@type":"ListItem","position":3,"name":"Step 3 kosteutus ja keratin booster 1,5ml"}]},{"@type":"WebSite","@id":"https:\/\/lasher.ee\/fi\/#website","url":"https:\/\/lasher.ee\/fi\/","name":"Lasher","description":"K\u00f5ik vajalikud ripsmetarvikud ripsmetehnikule \u00fchest kohast.","publisher":{"@id":"https:\/\/lasher.ee\/fi\/#organization"},"potentialAction":[{"@type":"SearchAction","target":{"@type":"EntryPoint","urlTemplate":"https:\/\/lasher.ee\/fi\/?s={search_term_string}"},"query-input":{"@type":"PropertyValueSpecification","valueRequired":true,"valueName":"search_term_string"}}],"inLanguage":"fi"},{"@type":"Organization","@id":"https:\/\/lasher.ee\/fi\/#organization","name":"Lasher","url":"https:\/\/lasher.ee\/fi\/","logo":{"@type":"ImageObject","inLanguage":"fi","@id":"https:\/\/lasher.ee\/fi\/#\/schema\/logo\/image\/","url":"https:\/\/lasher.ee\/wp-content\/uploads\/2024\/09\/Screenshot-2024-09-03-at-11.58.17.png","contentUrl":"https:\/\/lasher.ee\/wp-content\/uploads\/2024\/09\/Screenshot-2024-09-03-at-11.58.17.png","width":1678,"height":1670,"caption":"Lasher"},"image":{"@id":"https:\/\/lasher.ee\/fi\/#\/schema\/logo\/image\/"},"sameAs":["https:\/\/www.facebook.com\/profile.php?id=61564523265885","https:\/\/www.instagram.com\/lasher_official\/"]}]}},"_links":{"self":[{"href":"https:\/\/lasher.ee\/fi\/wp-json\/wp\/v2\/product\/7611","targetHints":{"allow":["GET"]}}],"collection":[{"href":"https:\/\/lasher.ee\/fi\/wp-json\/wp\/v2\/product"}],"about":[{"href":"https:\/\/lasher.ee\/fi\/wp-json\/wp\/v2\/types\/product"}],"replies":[{"embeddable":true,"href":"https:\/\/lasher.ee\/fi\/wp-json\/wp\/v2\/comments?post=7611"}],"wp:featuredmedia":[{"embeddable":true,"href":"https:\/\/lasher.ee\/fi\/wp-json\/wp\/v2\/media\/7373"}],"wp:attachment":[{"href":"https:\/\/lasher.ee\/fi\/wp-json\/wp\/v2\/media?parent=7611"}],"wp:term":[{"taxonomy":"product_brand","embeddable":true,"href":"https:\/\/lasher.ee\/fi\/wp-json\/wp\/v2\/product_brand?post=7611"},{"taxonomy":"product_cat","embeddable":true,"href":"https:\/\/lasher.ee\/fi\/wp-json\/wp\/v2\/product_cat?post=7611"},{"taxonomy":"product_tag","embeddable":true,"href":"https:\/\/lasher.ee\/fi\/wp-json\/wp\/v2\/product_tag?post=7611"}],"curies":[{"name":"wp","href":"https:\/\/api.w.org\/{rel}","templated":true}]}}