{"id":7615,"date":"2025-05-20T13:30:38","date_gmt":"2025-05-20T10:30:38","guid":{"rendered":"https:\/\/lasher.ee\/goccia-sininen-timantti-seerumi-3ml\/"},"modified":"2026-03-16T01:59:37","modified_gmt":"2026-03-15T23:59:37","slug":"goccia-blue-diamond-seerumi","status":"publish","type":"product","link":"https:\/\/lasher.ee\/fi\/tuote\/goccia-blue-diamond-seerumi\/","title":{"rendered":"Goccia Blue Diamond seerumi, 3ml"},"content":{"rendered":"<p>Goccia blue diamond on korjaava seerumi ripsien ja kulmien laminointiin.<\/p>\n","protected":false},"excerpt":{"rendered":"<p>MAXYMOVA Goccia Blue Diamond on korjaava seerumi, jota k\u00e4ytet\u00e4\u00e4n laminointitoimenpiteen aikana ravitsemaan, kosteuttamaan ja antamaan kiiltoa ripsille ja kulmakarvoille.<\/p>\n<p>Goccia Blue Diamond is a restructuring serum that is used during the lamination treatment to nourish, hydrate and increase the shine of eyelashes and eyebrows. The procedure is meant to strengthen the lashes and help repair damage, lock in moisture and reduce breakage, leaving the lashes soft, silky and shiny.<\/p>\n<h6><strong>Key features<\/strong><\/h6>\n<p>Ideal for use during eyelash and eyebrow lamination, especially after coloring<br \/>\nExclusive formula with functional ingredients for lash health.<br \/>\nSodium Hyaluronate for hydration and improved flexibility.<br \/>\nHydrolyzed wheat protein and collagen amino acids for nourishment and strength.<br \/>\nAllantoin and Niacinamide for moisture retention and improved texture.<br \/>\nHydrolyzed Silk for added nourishment and hydration.<br \/>\nCeramide 2 for repairing and strengthening damaged eyelashes.<br \/>\nCollagen amino acids with protective and hydrating properties for the skin.<\/p>\n<h6><strong>How to use<\/strong><\/h6>\n<p>1. Take 2-3 drops of serum.<br \/>\n2. Apply the serum generously with the brush to all eyelashes\/eyebrows (after dyeing) for 5 minutes.<br \/>\n3. Remove with a wet cotton swab.<\/p>\n<h6><strong>Ingredients<\/strong><\/h6>\n<p>Aqua, Hyaluronate, Phenoxyethanol, Propylene Glycol, Sodiumborosilicate. Calcium Xanthan Gum, Hydrolyzed Wheat Protein. Collagen Aminoacids, Hydrogenated Castor Peg-60 Oil. Allantoin, Leuconostoc\/ Radish Root Niacinamide Titanium Dioxide, Ethylhexylglycerin, Tetrasodium Glutamate Diacetate, Peg-8, Silica, Sodium Hydroxide. Hydrolyzed Silk. Citric Acid, Ceramide 2, Sodium Pca, Sodium Lactate, Arginine, Aspartic Acid, Pca. Glycine. Alanine, Serine, Valine, Isoleucine, Proline. Threonine, Histidine, Phenylalanine<\/p>\n","protected":false},"featured_media":7309,"comment_status":"open","ping_status":"closed","template":"","meta":{"site-sidebar-layout":"default","site-content-layout":"","ast-site-content-layout":"default","site-content-style":"default","site-sidebar-style":"default","ast-global-header-display":"","ast-banner-title-visibility":"","ast-main-header-display":"","ast-hfb-above-header-display":"","ast-hfb-below-header-display":"","ast-hfb-mobile-header-display":"","site-post-title":"","ast-breadcrumbs-content":"","ast-featured-img":"","footer-sml-layout":"","ast-disable-related-posts":"","theme-transparent-header-meta":"default","adv-header-id-meta":"","stick-header-meta":"","header-above-stick-meta":"","header-main-stick-meta":"","header-below-stick-meta":"","astra-migrate-meta-layouts":"set","ast-page-background-enabled":"default","ast-page-background-meta":{"desktop":{"background-color":"var(--ast-global-color-4)","background-image":"","background-repeat":"repeat","background-position":"center center","background-size":"auto","background-attachment":"scroll","background-type":"","background-media":"","overlay-type":"","overlay-color":"","overlay-opacity":"","overlay-gradient":""},"tablet":{"background-color":"","background-image":"","background-repeat":"repeat","background-position":"center center","background-size":"auto","background-attachment":"scroll","background-type":"","background-media":"","overlay-type":"","overlay-color":"","overlay-opacity":"","overlay-gradient":""},"mobile":{"background-color":"","background-image":"","background-repeat":"repeat","background-position":"center center","background-size":"auto","background-attachment":"scroll","background-type":"","background-media":"","overlay-type":"","overlay-color":"","overlay-opacity":"","overlay-gradient":""}},"ast-content-background-meta":{"desktop":{"background-color":"var(--ast-global-color-5)","background-image":"","background-repeat":"repeat","background-position":"center center","background-size":"auto","background-attachment":"scroll","background-type":"","background-media":"","overlay-type":"","overlay-color":"","overlay-opacity":"","overlay-gradient":""},"tablet":{"background-color":"var(--ast-global-color-5)","background-image":"","background-repeat":"repeat","background-position":"center center","background-size":"auto","background-attachment":"scroll","background-type":"","background-media":"","overlay-type":"","overlay-color":"","overlay-opacity":"","overlay-gradient":""},"mobile":{"background-color":"var(--ast-global-color-5)","background-image":"","background-repeat":"repeat","background-position":"center center","background-size":"auto","background-attachment":"scroll","background-type":"","background-media":"","overlay-type":"","overlay-color":"","overlay-opacity":"","overlay-gradient":""}}},"product_brand":[],"product_cat":[132],"product_tag":[],"class_list":{"0":"post-7615","1":"product","2":"type-product","3":"status-publish","4":"has-post-thumbnail","6":"product_cat-lash-lift-fi","7":"desktop-align-left","8":"tablet-align-left","9":"mobile-align-left","11":"first","12":"instock","13":"shipping-taxable","14":"purchasable","15":"product-type-simple"},"yoast_head":"<!-- This site is optimized with the Yoast SEO plugin v27.3 - https:\/\/yoast.com\/product\/yoast-seo-wordpress\/ -->\n<title>Goccia Blue Diamond seerumi, 3ml - Lasher<\/title>\n<meta name=\"description\" content=\"Maxymova Goccia Blue Diamond seerumi ripsien ja kulmien laminointiin. Ravitsee, kosteuttaa ja lis\u00e4\u00e4 kiiltoa, j\u00e4tt\u00e4en ripset pehmeiksi ja vahvoiksi.\" \/>\n<meta name=\"robots\" content=\"index, follow, max-snippet:-1, max-image-preview:large, max-video-preview:-1\" \/>\n<link rel=\"canonical\" href=\"https:\/\/lasher.ee\/fi\/tuote\/goccia-blue-diamond-seerumi\/\" \/>\n<meta property=\"og:locale\" content=\"fi_FI\" \/>\n<meta property=\"og:type\" content=\"article\" \/>\n<meta property=\"og:title\" content=\"Goccia Blue Diamond seerumi, 3ml - Lasher\" \/>\n<meta property=\"og:description\" content=\"Maxymova Goccia Blue Diamond seerumi ripsien ja kulmien laminointiin. Ravitsee, kosteuttaa ja lis\u00e4\u00e4 kiiltoa, j\u00e4tt\u00e4en ripset pehmeiksi ja vahvoiksi.\" \/>\n<meta property=\"og:url\" content=\"https:\/\/lasher.ee\/fi\/tuote\/goccia-blue-diamond-seerumi\/\" \/>\n<meta property=\"og:site_name\" content=\"Lasher\" \/>\n<meta property=\"article:publisher\" content=\"https:\/\/www.facebook.com\/profile.php?id=61564523265885\" \/>\n<meta property=\"article:modified_time\" content=\"2026-03-15T23:59:37+00:00\" \/>\n<meta property=\"og:image\" content=\"https:\/\/lasher.ee\/wp-content\/uploads\/2025\/05\/GOCCIA-BLU-MONODOSE_imresizer.jpg\" \/>\n\t<meta property=\"og:image:width\" content=\"1025\" \/>\n\t<meta property=\"og:image:height\" content=\"1025\" \/>\n\t<meta property=\"og:image:type\" content=\"image\/jpeg\" \/>\n<meta name=\"twitter:card\" content=\"summary_large_image\" \/>\n<meta name=\"twitter:label1\" content=\"Arvioitu lukuaika\" \/>\n\t<meta name=\"twitter:data1\" content=\"1 minuutti\" \/>\n<script type=\"application\/ld+json\" class=\"yoast-schema-graph\">{\"@context\":\"https:\\\/\\\/schema.org\",\"@graph\":[{\"@type\":\"WebPage\",\"@id\":\"https:\\\/\\\/lasher.ee\\\/fi\\\/tuote\\\/goccia-blue-diamond-seerumi\\\/\",\"url\":\"https:\\\/\\\/lasher.ee\\\/fi\\\/tuote\\\/goccia-blue-diamond-seerumi\\\/\",\"name\":\"Goccia Blue Diamond seerumi, 3ml - Lasher\",\"isPartOf\":{\"@id\":\"https:\\\/\\\/lasher.ee\\\/fi\\\/#website\"},\"primaryImageOfPage\":{\"@id\":\"https:\\\/\\\/lasher.ee\\\/fi\\\/tuote\\\/goccia-blue-diamond-seerumi\\\/#primaryimage\"},\"image\":{\"@id\":\"https:\\\/\\\/lasher.ee\\\/fi\\\/tuote\\\/goccia-blue-diamond-seerumi\\\/#primaryimage\"},\"thumbnailUrl\":\"https:\\\/\\\/lasher.ee\\\/wp-content\\\/uploads\\\/2025\\\/05\\\/GOCCIA-BLU-MONODOSE_imresizer.jpg\",\"datePublished\":\"2025-05-20T10:30:38+00:00\",\"dateModified\":\"2026-03-15T23:59:37+00:00\",\"description\":\"Maxymova Goccia Blue Diamond seerumi ripsien ja kulmien laminointiin. Ravitsee, kosteuttaa ja lis\u00e4\u00e4 kiiltoa, j\u00e4tt\u00e4en ripset pehmeiksi ja vahvoiksi.\",\"breadcrumb\":{\"@id\":\"https:\\\/\\\/lasher.ee\\\/fi\\\/tuote\\\/goccia-blue-diamond-seerumi\\\/#breadcrumb\"},\"inLanguage\":\"fi\",\"potentialAction\":[{\"@type\":\"ReadAction\",\"target\":[\"https:\\\/\\\/lasher.ee\\\/fi\\\/tuote\\\/goccia-blue-diamond-seerumi\\\/\"]}]},{\"@type\":\"ImageObject\",\"inLanguage\":\"fi\",\"@id\":\"https:\\\/\\\/lasher.ee\\\/fi\\\/tuote\\\/goccia-blue-diamond-seerumi\\\/#primaryimage\",\"url\":\"https:\\\/\\\/lasher.ee\\\/wp-content\\\/uploads\\\/2025\\\/05\\\/GOCCIA-BLU-MONODOSE_imresizer.jpg\",\"contentUrl\":\"https:\\\/\\\/lasher.ee\\\/wp-content\\\/uploads\\\/2025\\\/05\\\/GOCCIA-BLU-MONODOSE_imresizer.jpg\",\"width\":1025,\"height\":1025,\"caption\":\"Goccia blue diamond seerumi\"},{\"@type\":\"BreadcrumbList\",\"@id\":\"https:\\\/\\\/lasher.ee\\\/fi\\\/tuote\\\/goccia-blue-diamond-seerumi\\\/#breadcrumb\",\"itemListElement\":[{\"@type\":\"ListItem\",\"position\":1,\"name\":\"Home\",\"item\":\"https:\\\/\\\/lasher.ee\\\/fi\\\/\"},{\"@type\":\"ListItem\",\"position\":2,\"name\":\"Kaikki tuotteet\",\"item\":\"https:\\\/\\\/lasher.ee\\\/fi\\\/kaikki-tuotteet\\\/\"},{\"@type\":\"ListItem\",\"position\":3,\"name\":\"Goccia Blue Diamond seerumi, 3ml\"}]},{\"@type\":\"WebSite\",\"@id\":\"https:\\\/\\\/lasher.ee\\\/fi\\\/#website\",\"url\":\"https:\\\/\\\/lasher.ee\\\/fi\\\/\",\"name\":\"Lasher\",\"description\":\"K\u00f5ik vajalikud ripsmetarvikud ripsmetehnikule \u00fchest kohast.\",\"publisher\":{\"@id\":\"https:\\\/\\\/lasher.ee\\\/fi\\\/#organization\"},\"potentialAction\":[{\"@type\":\"SearchAction\",\"target\":{\"@type\":\"EntryPoint\",\"urlTemplate\":\"https:\\\/\\\/lasher.ee\\\/fi\\\/?s={search_term_string}\"},\"query-input\":{\"@type\":\"PropertyValueSpecification\",\"valueRequired\":true,\"valueName\":\"search_term_string\"}}],\"inLanguage\":\"fi\"},{\"@type\":\"Organization\",\"@id\":\"https:\\\/\\\/lasher.ee\\\/fi\\\/#organization\",\"name\":\"Lasher\",\"url\":\"https:\\\/\\\/lasher.ee\\\/fi\\\/\",\"logo\":{\"@type\":\"ImageObject\",\"inLanguage\":\"fi\",\"@id\":\"https:\\\/\\\/lasher.ee\\\/fi\\\/#\\\/schema\\\/logo\\\/image\\\/\",\"url\":\"https:\\\/\\\/lasher.ee\\\/wp-content\\\/uploads\\\/2024\\\/09\\\/Screenshot-2024-09-03-at-11.58.17.png\",\"contentUrl\":\"https:\\\/\\\/lasher.ee\\\/wp-content\\\/uploads\\\/2024\\\/09\\\/Screenshot-2024-09-03-at-11.58.17.png\",\"width\":1678,\"height\":1670,\"caption\":\"Lasher\"},\"image\":{\"@id\":\"https:\\\/\\\/lasher.ee\\\/fi\\\/#\\\/schema\\\/logo\\\/image\\\/\"},\"sameAs\":[\"https:\\\/\\\/www.facebook.com\\\/profile.php?id=61564523265885\",\"https:\\\/\\\/www.instagram.com\\\/lasher_official\\\/\"]}]}<\/script>\n<!-- \/ Yoast SEO plugin. -->","yoast_head_json":{"title":"Goccia Blue Diamond seerumi, 3ml - Lasher","description":"Maxymova Goccia Blue Diamond seerumi ripsien ja kulmien laminointiin. Ravitsee, kosteuttaa ja lis\u00e4\u00e4 kiiltoa, j\u00e4tt\u00e4en ripset pehmeiksi ja vahvoiksi.","robots":{"index":"index","follow":"follow","max-snippet":"max-snippet:-1","max-image-preview":"max-image-preview:large","max-video-preview":"max-video-preview:-1"},"canonical":"https:\/\/lasher.ee\/fi\/tuote\/goccia-blue-diamond-seerumi\/","og_locale":"fi_FI","og_type":"article","og_title":"Goccia Blue Diamond seerumi, 3ml - Lasher","og_description":"Maxymova Goccia Blue Diamond seerumi ripsien ja kulmien laminointiin. Ravitsee, kosteuttaa ja lis\u00e4\u00e4 kiiltoa, j\u00e4tt\u00e4en ripset pehmeiksi ja vahvoiksi.","og_url":"https:\/\/lasher.ee\/fi\/tuote\/goccia-blue-diamond-seerumi\/","og_site_name":"Lasher","article_publisher":"https:\/\/www.facebook.com\/profile.php?id=61564523265885","article_modified_time":"2026-03-15T23:59:37+00:00","og_image":[{"width":1025,"height":1025,"url":"https:\/\/lasher.ee\/wp-content\/uploads\/2025\/05\/GOCCIA-BLU-MONODOSE_imresizer.jpg","type":"image\/jpeg"}],"twitter_card":"summary_large_image","twitter_misc":{"Arvioitu lukuaika":"1 minuutti"},"schema":{"@context":"https:\/\/schema.org","@graph":[{"@type":"WebPage","@id":"https:\/\/lasher.ee\/fi\/tuote\/goccia-blue-diamond-seerumi\/","url":"https:\/\/lasher.ee\/fi\/tuote\/goccia-blue-diamond-seerumi\/","name":"Goccia Blue Diamond seerumi, 3ml - Lasher","isPartOf":{"@id":"https:\/\/lasher.ee\/fi\/#website"},"primaryImageOfPage":{"@id":"https:\/\/lasher.ee\/fi\/tuote\/goccia-blue-diamond-seerumi\/#primaryimage"},"image":{"@id":"https:\/\/lasher.ee\/fi\/tuote\/goccia-blue-diamond-seerumi\/#primaryimage"},"thumbnailUrl":"https:\/\/lasher.ee\/wp-content\/uploads\/2025\/05\/GOCCIA-BLU-MONODOSE_imresizer.jpg","datePublished":"2025-05-20T10:30:38+00:00","dateModified":"2026-03-15T23:59:37+00:00","description":"Maxymova Goccia Blue Diamond seerumi ripsien ja kulmien laminointiin. Ravitsee, kosteuttaa ja lis\u00e4\u00e4 kiiltoa, j\u00e4tt\u00e4en ripset pehmeiksi ja vahvoiksi.","breadcrumb":{"@id":"https:\/\/lasher.ee\/fi\/tuote\/goccia-blue-diamond-seerumi\/#breadcrumb"},"inLanguage":"fi","potentialAction":[{"@type":"ReadAction","target":["https:\/\/lasher.ee\/fi\/tuote\/goccia-blue-diamond-seerumi\/"]}]},{"@type":"ImageObject","inLanguage":"fi","@id":"https:\/\/lasher.ee\/fi\/tuote\/goccia-blue-diamond-seerumi\/#primaryimage","url":"https:\/\/lasher.ee\/wp-content\/uploads\/2025\/05\/GOCCIA-BLU-MONODOSE_imresizer.jpg","contentUrl":"https:\/\/lasher.ee\/wp-content\/uploads\/2025\/05\/GOCCIA-BLU-MONODOSE_imresizer.jpg","width":1025,"height":1025,"caption":"Goccia blue diamond seerumi"},{"@type":"BreadcrumbList","@id":"https:\/\/lasher.ee\/fi\/tuote\/goccia-blue-diamond-seerumi\/#breadcrumb","itemListElement":[{"@type":"ListItem","position":1,"name":"Home","item":"https:\/\/lasher.ee\/fi\/"},{"@type":"ListItem","position":2,"name":"Kaikki tuotteet","item":"https:\/\/lasher.ee\/fi\/kaikki-tuotteet\/"},{"@type":"ListItem","position":3,"name":"Goccia Blue Diamond seerumi, 3ml"}]},{"@type":"WebSite","@id":"https:\/\/lasher.ee\/fi\/#website","url":"https:\/\/lasher.ee\/fi\/","name":"Lasher","description":"K\u00f5ik vajalikud ripsmetarvikud ripsmetehnikule \u00fchest kohast.","publisher":{"@id":"https:\/\/lasher.ee\/fi\/#organization"},"potentialAction":[{"@type":"SearchAction","target":{"@type":"EntryPoint","urlTemplate":"https:\/\/lasher.ee\/fi\/?s={search_term_string}"},"query-input":{"@type":"PropertyValueSpecification","valueRequired":true,"valueName":"search_term_string"}}],"inLanguage":"fi"},{"@type":"Organization","@id":"https:\/\/lasher.ee\/fi\/#organization","name":"Lasher","url":"https:\/\/lasher.ee\/fi\/","logo":{"@type":"ImageObject","inLanguage":"fi","@id":"https:\/\/lasher.ee\/fi\/#\/schema\/logo\/image\/","url":"https:\/\/lasher.ee\/wp-content\/uploads\/2024\/09\/Screenshot-2024-09-03-at-11.58.17.png","contentUrl":"https:\/\/lasher.ee\/wp-content\/uploads\/2024\/09\/Screenshot-2024-09-03-at-11.58.17.png","width":1678,"height":1670,"caption":"Lasher"},"image":{"@id":"https:\/\/lasher.ee\/fi\/#\/schema\/logo\/image\/"},"sameAs":["https:\/\/www.facebook.com\/profile.php?id=61564523265885","https:\/\/www.instagram.com\/lasher_official\/"]}]}},"_links":{"self":[{"href":"https:\/\/lasher.ee\/fi\/wp-json\/wp\/v2\/product\/7615","targetHints":{"allow":["GET"]}}],"collection":[{"href":"https:\/\/lasher.ee\/fi\/wp-json\/wp\/v2\/product"}],"about":[{"href":"https:\/\/lasher.ee\/fi\/wp-json\/wp\/v2\/types\/product"}],"replies":[{"embeddable":true,"href":"https:\/\/lasher.ee\/fi\/wp-json\/wp\/v2\/comments?post=7615"}],"wp:featuredmedia":[{"embeddable":true,"href":"https:\/\/lasher.ee\/fi\/wp-json\/wp\/v2\/media\/7309"}],"wp:attachment":[{"href":"https:\/\/lasher.ee\/fi\/wp-json\/wp\/v2\/media?parent=7615"}],"wp:term":[{"taxonomy":"product_brand","embeddable":true,"href":"https:\/\/lasher.ee\/fi\/wp-json\/wp\/v2\/product_brand?post=7615"},{"taxonomy":"product_cat","embeddable":true,"href":"https:\/\/lasher.ee\/fi\/wp-json\/wp\/v2\/product_cat?post=7615"},{"taxonomy":"product_tag","embeddable":true,"href":"https:\/\/lasher.ee\/fi\/wp-json\/wp\/v2\/product_tag?post=7615"}],"curies":[{"name":"wp","href":"https:\/\/api.w.org\/{rel}","templated":true}]}}