{"id":7619,"date":"2025-05-23T22:44:14","date_gmt":"2025-05-23T19:44:14","guid":{"rendered":"https:\/\/lasher.ee\/y-metallinen-tyokalu-ripsien-nostoon\/"},"modified":"2026-03-15T11:16:58","modified_gmt":"2026-03-15T09:16:58","slug":"maxymova-lash-lift-y-kampa","status":"publish","type":"product","link":"https:\/\/lasher.ee\/fi\/tuote\/maxymova-lash-lift-y-kampa\/","title":{"rendered":"Maxymova Lash Lift Y Kampa"},"content":{"rendered":"<p>Maxymova Lash Lift Y Kampa<\/p>\n","protected":false},"excerpt":{"rendered":"<p>The MAXYMOVA Golden Y Lash Lifting Tool is the perfect accessory to make your lash lifting experience even more perfect, and at the same time, it helps reduce the use of plastic.<\/p>\n<p>MAXYMOVA Golden Tool is equipped with two types of precise combs, with 15 wide-spaced teeth and 18 short-spaced teeth, to comb the eyelashes quickly and precisely while applying on the curler. In addition, the 0-15 mm measuring ruler helps you measure your client\u2019s eyelashes to choose the right curler faster.<\/p>\n<p>Unlike traditional plastic combs such as the \u201cY brush\u201d that break often, the MAXYMOVA Golden Tool is made of resistant metal, with very strong teeth that last over time.<\/p>\n<h6><strong>How to use<\/strong><\/h6>\n<p>Measure the client&#8217;s eyelashes with the built-in ruler to choose the appropriate curler. Use the comb with the teeth of the desired distance to spread and arrange the eyelashes on the curler. Proceed with eyelash lamination, taking advantage of the precision and convenience offered by the instrument. Do not use Y Golden Tool after applying Step 1 LIft.<\/p>\n<p>Material: metal, gold color. With its case included, it is also convenient to carry and allows you to make your eyelash lamination even more professional.<\/p>\n","protected":false},"featured_media":7403,"comment_status":"open","ping_status":"closed","template":"","meta":{"site-sidebar-layout":"default","site-content-layout":"","ast-site-content-layout":"default","site-content-style":"default","site-sidebar-style":"default","ast-global-header-display":"","ast-banner-title-visibility":"","ast-main-header-display":"","ast-hfb-above-header-display":"","ast-hfb-below-header-display":"","ast-hfb-mobile-header-display":"","site-post-title":"","ast-breadcrumbs-content":"","ast-featured-img":"","footer-sml-layout":"","ast-disable-related-posts":"","theme-transparent-header-meta":"default","adv-header-id-meta":"","stick-header-meta":"","header-above-stick-meta":"","header-main-stick-meta":"","header-below-stick-meta":"","astra-migrate-meta-layouts":"set","ast-page-background-enabled":"default","ast-page-background-meta":{"desktop":{"background-color":"var(--ast-global-color-4)","background-image":"","background-repeat":"repeat","background-position":"center center","background-size":"auto","background-attachment":"scroll","background-type":"","background-media":"","overlay-type":"","overlay-color":"","overlay-opacity":"","overlay-gradient":""},"tablet":{"background-color":"","background-image":"","background-repeat":"repeat","background-position":"center center","background-size":"auto","background-attachment":"scroll","background-type":"","background-media":"","overlay-type":"","overlay-color":"","overlay-opacity":"","overlay-gradient":""},"mobile":{"background-color":"","background-image":"","background-repeat":"repeat","background-position":"center center","background-size":"auto","background-attachment":"scroll","background-type":"","background-media":"","overlay-type":"","overlay-color":"","overlay-opacity":"","overlay-gradient":""}},"ast-content-background-meta":{"desktop":{"background-color":"var(--ast-global-color-5)","background-image":"","background-repeat":"repeat","background-position":"center center","background-size":"auto","background-attachment":"scroll","background-type":"","background-media":"","overlay-type":"","overlay-color":"","overlay-opacity":"","overlay-gradient":""},"tablet":{"background-color":"var(--ast-global-color-5)","background-image":"","background-repeat":"repeat","background-position":"center center","background-size":"auto","background-attachment":"scroll","background-type":"","background-media":"","overlay-type":"","overlay-color":"","overlay-opacity":"","overlay-gradient":""},"mobile":{"background-color":"var(--ast-global-color-5)","background-image":"","background-repeat":"repeat","background-position":"center center","background-size":"auto","background-attachment":"scroll","background-type":"","background-media":"","overlay-type":"","overlay-color":"","overlay-opacity":"","overlay-gradient":""}}},"product_brand":[],"product_cat":[132],"product_tag":[],"class_list":{"0":"post-7619","1":"product","2":"type-product","3":"status-publish","4":"has-post-thumbnail","6":"product_cat-lash-lift-fi","7":"desktop-align-left","8":"tablet-align-left","9":"mobile-align-left","11":"first","12":"instock","13":"shipping-taxable","14":"purchasable","15":"product-type-simple"},"yoast_head":"<!-- This site is optimized with the Yoast SEO plugin v27.3 - https:\/\/yoast.com\/product\/yoast-seo-wordpress\/ -->\n<title>Maxymova Lash Lift Y Kampa - Lasher<\/title>\n<meta name=\"description\" content=\"Maxymova lash lift Y- kampa tarkkaan ripsien harjaamiseen. Kest\u00e4v\u00e4 metallikampa 15- ja 18-hampaisilla piikeill\u00e4 sek\u00e4 0\u201315 mm mittausviivaimella.\" \/>\n<meta name=\"robots\" content=\"index, follow, max-snippet:-1, max-image-preview:large, max-video-preview:-1\" \/>\n<link rel=\"canonical\" href=\"https:\/\/lasher.ee\/fi\/tuote\/maxymova-lash-lift-y-kampa\/\" \/>\n<meta property=\"og:locale\" content=\"fi_FI\" \/>\n<meta property=\"og:type\" content=\"article\" \/>\n<meta property=\"og:title\" content=\"Maxymova Lash Lift Y Kampa - Lasher\" \/>\n<meta property=\"og:description\" content=\"Maxymova lash lift Y- kampa tarkkaan ripsien harjaamiseen. Kest\u00e4v\u00e4 metallikampa 15- ja 18-hampaisilla piikeill\u00e4 sek\u00e4 0\u201315 mm mittausviivaimella.\" \/>\n<meta property=\"og:url\" content=\"https:\/\/lasher.ee\/fi\/tuote\/maxymova-lash-lift-y-kampa\/\" \/>\n<meta property=\"og:site_name\" content=\"Lasher\" \/>\n<meta property=\"article:publisher\" content=\"https:\/\/www.facebook.com\/profile.php?id=61564523265885\" \/>\n<meta property=\"article:modified_time\" content=\"2026-03-15T09:16:58+00:00\" \/>\n<meta property=\"og:image\" content=\"https:\/\/lasher.ee\/wp-content\/uploads\/2025\/05\/Maxy-Mova-Launch-134._imresizer.jpg\" \/>\n\t<meta property=\"og:image:width\" content=\"1025\" \/>\n\t<meta property=\"og:image:height\" content=\"1025\" \/>\n\t<meta property=\"og:image:type\" content=\"image\/jpeg\" \/>\n<meta name=\"twitter:card\" content=\"summary_large_image\" \/>\n<meta name=\"twitter:label1\" content=\"Arvioitu lukuaika\" \/>\n\t<meta name=\"twitter:data1\" content=\"1 minuutti\" \/>\n<script type=\"application\/ld+json\" class=\"yoast-schema-graph\">{\"@context\":\"https:\\\/\\\/schema.org\",\"@graph\":[{\"@type\":\"WebPage\",\"@id\":\"https:\\\/\\\/lasher.ee\\\/fi\\\/tuote\\\/maxymova-lash-lift-y-kampa\\\/\",\"url\":\"https:\\\/\\\/lasher.ee\\\/fi\\\/tuote\\\/maxymova-lash-lift-y-kampa\\\/\",\"name\":\"Maxymova Lash Lift Y Kampa - Lasher\",\"isPartOf\":{\"@id\":\"https:\\\/\\\/lasher.ee\\\/fi\\\/#website\"},\"primaryImageOfPage\":{\"@id\":\"https:\\\/\\\/lasher.ee\\\/fi\\\/tuote\\\/maxymova-lash-lift-y-kampa\\\/#primaryimage\"},\"image\":{\"@id\":\"https:\\\/\\\/lasher.ee\\\/fi\\\/tuote\\\/maxymova-lash-lift-y-kampa\\\/#primaryimage\"},\"thumbnailUrl\":\"https:\\\/\\\/lasher.ee\\\/wp-content\\\/uploads\\\/2025\\\/05\\\/Maxy-Mova-Launch-134._imresizer.jpg\",\"datePublished\":\"2025-05-23T19:44:14+00:00\",\"dateModified\":\"2026-03-15T09:16:58+00:00\",\"description\":\"Maxymova lash lift Y- kampa tarkkaan ripsien harjaamiseen. Kest\u00e4v\u00e4 metallikampa 15- ja 18-hampaisilla piikeill\u00e4 sek\u00e4 0\u201315 mm mittausviivaimella.\",\"breadcrumb\":{\"@id\":\"https:\\\/\\\/lasher.ee\\\/fi\\\/tuote\\\/maxymova-lash-lift-y-kampa\\\/#breadcrumb\"},\"inLanguage\":\"fi\",\"potentialAction\":[{\"@type\":\"ReadAction\",\"target\":[\"https:\\\/\\\/lasher.ee\\\/fi\\\/tuote\\\/maxymova-lash-lift-y-kampa\\\/\"]}]},{\"@type\":\"ImageObject\",\"inLanguage\":\"fi\",\"@id\":\"https:\\\/\\\/lasher.ee\\\/fi\\\/tuote\\\/maxymova-lash-lift-y-kampa\\\/#primaryimage\",\"url\":\"https:\\\/\\\/lasher.ee\\\/wp-content\\\/uploads\\\/2025\\\/05\\\/Maxy-Mova-Launch-134._imresizer.jpg\",\"contentUrl\":\"https:\\\/\\\/lasher.ee\\\/wp-content\\\/uploads\\\/2025\\\/05\\\/Maxy-Mova-Launch-134._imresizer.jpg\",\"width\":1025,\"height\":1025,\"caption\":\"Maxymova Lash Lift Y Kampa.\"},{\"@type\":\"BreadcrumbList\",\"@id\":\"https:\\\/\\\/lasher.ee\\\/fi\\\/tuote\\\/maxymova-lash-lift-y-kampa\\\/#breadcrumb\",\"itemListElement\":[{\"@type\":\"ListItem\",\"position\":1,\"name\":\"Home\",\"item\":\"https:\\\/\\\/lasher.ee\\\/fi\\\/\"},{\"@type\":\"ListItem\",\"position\":2,\"name\":\"Kaikki tuotteet\",\"item\":\"https:\\\/\\\/lasher.ee\\\/fi\\\/kaikki-tuotteet\\\/\"},{\"@type\":\"ListItem\",\"position\":3,\"name\":\"Maxymova Lash Lift Y Kampa\"}]},{\"@type\":\"WebSite\",\"@id\":\"https:\\\/\\\/lasher.ee\\\/fi\\\/#website\",\"url\":\"https:\\\/\\\/lasher.ee\\\/fi\\\/\",\"name\":\"Lasher\",\"description\":\"K\u00f5ik vajalikud ripsmetarvikud ripsmetehnikule \u00fchest kohast.\",\"publisher\":{\"@id\":\"https:\\\/\\\/lasher.ee\\\/fi\\\/#organization\"},\"potentialAction\":[{\"@type\":\"SearchAction\",\"target\":{\"@type\":\"EntryPoint\",\"urlTemplate\":\"https:\\\/\\\/lasher.ee\\\/fi\\\/?s={search_term_string}\"},\"query-input\":{\"@type\":\"PropertyValueSpecification\",\"valueRequired\":true,\"valueName\":\"search_term_string\"}}],\"inLanguage\":\"fi\"},{\"@type\":\"Organization\",\"@id\":\"https:\\\/\\\/lasher.ee\\\/fi\\\/#organization\",\"name\":\"Lasher\",\"url\":\"https:\\\/\\\/lasher.ee\\\/fi\\\/\",\"logo\":{\"@type\":\"ImageObject\",\"inLanguage\":\"fi\",\"@id\":\"https:\\\/\\\/lasher.ee\\\/fi\\\/#\\\/schema\\\/logo\\\/image\\\/\",\"url\":\"https:\\\/\\\/lasher.ee\\\/wp-content\\\/uploads\\\/2024\\\/09\\\/Screenshot-2024-09-03-at-11.58.17.png\",\"contentUrl\":\"https:\\\/\\\/lasher.ee\\\/wp-content\\\/uploads\\\/2024\\\/09\\\/Screenshot-2024-09-03-at-11.58.17.png\",\"width\":1678,\"height\":1670,\"caption\":\"Lasher\"},\"image\":{\"@id\":\"https:\\\/\\\/lasher.ee\\\/fi\\\/#\\\/schema\\\/logo\\\/image\\\/\"},\"sameAs\":[\"https:\\\/\\\/www.facebook.com\\\/profile.php?id=61564523265885\",\"https:\\\/\\\/www.instagram.com\\\/lasher_official\\\/\"]}]}<\/script>\n<!-- \/ Yoast SEO plugin. -->","yoast_head_json":{"title":"Maxymova Lash Lift Y Kampa - Lasher","description":"Maxymova lash lift Y- kampa tarkkaan ripsien harjaamiseen. Kest\u00e4v\u00e4 metallikampa 15- ja 18-hampaisilla piikeill\u00e4 sek\u00e4 0\u201315 mm mittausviivaimella.","robots":{"index":"index","follow":"follow","max-snippet":"max-snippet:-1","max-image-preview":"max-image-preview:large","max-video-preview":"max-video-preview:-1"},"canonical":"https:\/\/lasher.ee\/fi\/tuote\/maxymova-lash-lift-y-kampa\/","og_locale":"fi_FI","og_type":"article","og_title":"Maxymova Lash Lift Y Kampa - Lasher","og_description":"Maxymova lash lift Y- kampa tarkkaan ripsien harjaamiseen. Kest\u00e4v\u00e4 metallikampa 15- ja 18-hampaisilla piikeill\u00e4 sek\u00e4 0\u201315 mm mittausviivaimella.","og_url":"https:\/\/lasher.ee\/fi\/tuote\/maxymova-lash-lift-y-kampa\/","og_site_name":"Lasher","article_publisher":"https:\/\/www.facebook.com\/profile.php?id=61564523265885","article_modified_time":"2026-03-15T09:16:58+00:00","og_image":[{"width":1025,"height":1025,"url":"https:\/\/lasher.ee\/wp-content\/uploads\/2025\/05\/Maxy-Mova-Launch-134._imresizer.jpg","type":"image\/jpeg"}],"twitter_card":"summary_large_image","twitter_misc":{"Arvioitu lukuaika":"1 minuutti"},"schema":{"@context":"https:\/\/schema.org","@graph":[{"@type":"WebPage","@id":"https:\/\/lasher.ee\/fi\/tuote\/maxymova-lash-lift-y-kampa\/","url":"https:\/\/lasher.ee\/fi\/tuote\/maxymova-lash-lift-y-kampa\/","name":"Maxymova Lash Lift Y Kampa - Lasher","isPartOf":{"@id":"https:\/\/lasher.ee\/fi\/#website"},"primaryImageOfPage":{"@id":"https:\/\/lasher.ee\/fi\/tuote\/maxymova-lash-lift-y-kampa\/#primaryimage"},"image":{"@id":"https:\/\/lasher.ee\/fi\/tuote\/maxymova-lash-lift-y-kampa\/#primaryimage"},"thumbnailUrl":"https:\/\/lasher.ee\/wp-content\/uploads\/2025\/05\/Maxy-Mova-Launch-134._imresizer.jpg","datePublished":"2025-05-23T19:44:14+00:00","dateModified":"2026-03-15T09:16:58+00:00","description":"Maxymova lash lift Y- kampa tarkkaan ripsien harjaamiseen. Kest\u00e4v\u00e4 metallikampa 15- ja 18-hampaisilla piikeill\u00e4 sek\u00e4 0\u201315 mm mittausviivaimella.","breadcrumb":{"@id":"https:\/\/lasher.ee\/fi\/tuote\/maxymova-lash-lift-y-kampa\/#breadcrumb"},"inLanguage":"fi","potentialAction":[{"@type":"ReadAction","target":["https:\/\/lasher.ee\/fi\/tuote\/maxymova-lash-lift-y-kampa\/"]}]},{"@type":"ImageObject","inLanguage":"fi","@id":"https:\/\/lasher.ee\/fi\/tuote\/maxymova-lash-lift-y-kampa\/#primaryimage","url":"https:\/\/lasher.ee\/wp-content\/uploads\/2025\/05\/Maxy-Mova-Launch-134._imresizer.jpg","contentUrl":"https:\/\/lasher.ee\/wp-content\/uploads\/2025\/05\/Maxy-Mova-Launch-134._imresizer.jpg","width":1025,"height":1025,"caption":"Maxymova Lash Lift Y Kampa."},{"@type":"BreadcrumbList","@id":"https:\/\/lasher.ee\/fi\/tuote\/maxymova-lash-lift-y-kampa\/#breadcrumb","itemListElement":[{"@type":"ListItem","position":1,"name":"Home","item":"https:\/\/lasher.ee\/fi\/"},{"@type":"ListItem","position":2,"name":"Kaikki tuotteet","item":"https:\/\/lasher.ee\/fi\/kaikki-tuotteet\/"},{"@type":"ListItem","position":3,"name":"Maxymova Lash Lift Y Kampa"}]},{"@type":"WebSite","@id":"https:\/\/lasher.ee\/fi\/#website","url":"https:\/\/lasher.ee\/fi\/","name":"Lasher","description":"K\u00f5ik vajalikud ripsmetarvikud ripsmetehnikule \u00fchest kohast.","publisher":{"@id":"https:\/\/lasher.ee\/fi\/#organization"},"potentialAction":[{"@type":"SearchAction","target":{"@type":"EntryPoint","urlTemplate":"https:\/\/lasher.ee\/fi\/?s={search_term_string}"},"query-input":{"@type":"PropertyValueSpecification","valueRequired":true,"valueName":"search_term_string"}}],"inLanguage":"fi"},{"@type":"Organization","@id":"https:\/\/lasher.ee\/fi\/#organization","name":"Lasher","url":"https:\/\/lasher.ee\/fi\/","logo":{"@type":"ImageObject","inLanguage":"fi","@id":"https:\/\/lasher.ee\/fi\/#\/schema\/logo\/image\/","url":"https:\/\/lasher.ee\/wp-content\/uploads\/2024\/09\/Screenshot-2024-09-03-at-11.58.17.png","contentUrl":"https:\/\/lasher.ee\/wp-content\/uploads\/2024\/09\/Screenshot-2024-09-03-at-11.58.17.png","width":1678,"height":1670,"caption":"Lasher"},"image":{"@id":"https:\/\/lasher.ee\/fi\/#\/schema\/logo\/image\/"},"sameAs":["https:\/\/www.facebook.com\/profile.php?id=61564523265885","https:\/\/www.instagram.com\/lasher_official\/"]}]}},"_links":{"self":[{"href":"https:\/\/lasher.ee\/fi\/wp-json\/wp\/v2\/product\/7619","targetHints":{"allow":["GET"]}}],"collection":[{"href":"https:\/\/lasher.ee\/fi\/wp-json\/wp\/v2\/product"}],"about":[{"href":"https:\/\/lasher.ee\/fi\/wp-json\/wp\/v2\/types\/product"}],"replies":[{"embeddable":true,"href":"https:\/\/lasher.ee\/fi\/wp-json\/wp\/v2\/comments?post=7619"}],"wp:featuredmedia":[{"embeddable":true,"href":"https:\/\/lasher.ee\/fi\/wp-json\/wp\/v2\/media\/7403"}],"wp:attachment":[{"href":"https:\/\/lasher.ee\/fi\/wp-json\/wp\/v2\/media?parent=7619"}],"wp:term":[{"taxonomy":"product_brand","embeddable":true,"href":"https:\/\/lasher.ee\/fi\/wp-json\/wp\/v2\/product_brand?post=7619"},{"taxonomy":"product_cat","embeddable":true,"href":"https:\/\/lasher.ee\/fi\/wp-json\/wp\/v2\/product_cat?post=7619"},{"taxonomy":"product_tag","embeddable":true,"href":"https:\/\/lasher.ee\/fi\/wp-json\/wp\/v2\/product_tag?post=7619"}],"curies":[{"name":"wp","href":"https:\/\/api.w.org\/{rel}","templated":true}]}}