{"id":7621,"date":"2025-05-20T08:13:19","date_gmt":"2025-05-20T05:13:19","guid":{"rendered":"https:\/\/lasher.ee\/colibri-silikonityynyt\/"},"modified":"2026-03-15T13:14:18","modified_gmt":"2026-03-15T11:14:18","slug":"colibri-silikonityynyt","status":"publish","type":"product","link":"https:\/\/lasher.ee\/fi\/tuote\/colibri-silikonityynyt\/","title":{"rendered":"Colibri silikonityynyt"},"content":{"rendered":"<p>Colibri silikonityynyt on valmistettu pehme\u00e4st\u00e4 silikonista lash lift -hoitoon.<\/p>\n","protected":false},"excerpt":{"rendered":"<p>Colibri silikonityynyt on valmistettu pehme\u00e4st\u00e4 silikonista, joka voidaan pest\u00e4 ja steriloida autoklaavissa, mik\u00e4 takaa korkean hygieniatason. Pakkaus sis\u00e4lt\u00e4\u00e4 5 paria eri kokoisia tyynyj\u00e4 (S, M, L, XL, LL), joiden avulla voidaan luoda CURL efekti eri pituisille ripsille, my\u00f6s eritt\u00e4in pitkille ripsille (LL koko).<\/p>\n<p>\u201cCURL\u201d- tyynyt antavat luonnollisille ripsille t\u00e4ydellisen kaarevuuden. Ne sopivat suorille ja alasp\u00e4in kasvaville ripsille.<\/p>\n<h6><strong>Key features<\/strong><\/h6>\n<p><em>High-Quality Silicone Material:<\/em> Made from ultra-soft silicone, these eyelash lift curlers are designed for comfort and effectiveness, ensuring a perfect curl without the need for adhesive.<\/p>\n<p><em>Sterilizable and Reusable:<\/em> For professionals who prioritize hygiene, these curlers can be easily washed and sterilized in an autoclave, offering a safe and clean option for every use.<\/p>\n<p><em>Anatomically Shaped:<\/em> The unique anatomical design of the Colibri curlers ensures they adhere flawlessly to the eyelids, facilitating a faster and more comfortable lash lamination process without the need for glue.<\/p>\n<p><em>Five Sizes for Every Lash Length:<\/em> The set includes 5 pairs of curlers in sizes S1, M1, L1, XL1, and LL1, accommodating lashes of various lengths, including very long lashes with the LL size for a beautiful lifting effect.<\/p>\n<p><em>Distinctive Semi-Transparent Glitter Design:<\/em> Not only functional but also stylish, these curlers feature a semi-transparent color with glitter that does not retain dye during the lash lamination process, adding a touch of glamour to your beauty toolkit.<\/p>\n","protected":false},"featured_media":7281,"comment_status":"open","ping_status":"closed","template":"","meta":{"site-sidebar-layout":"default","site-content-layout":"","ast-site-content-layout":"default","site-content-style":"default","site-sidebar-style":"default","ast-global-header-display":"","ast-banner-title-visibility":"","ast-main-header-display":"","ast-hfb-above-header-display":"","ast-hfb-below-header-display":"","ast-hfb-mobile-header-display":"","site-post-title":"","ast-breadcrumbs-content":"","ast-featured-img":"","footer-sml-layout":"","ast-disable-related-posts":"","theme-transparent-header-meta":"default","adv-header-id-meta":"","stick-header-meta":"","header-above-stick-meta":"","header-main-stick-meta":"","header-below-stick-meta":"","astra-migrate-meta-layouts":"set","ast-page-background-enabled":"default","ast-page-background-meta":{"desktop":{"background-color":"var(--ast-global-color-4)","background-image":"","background-repeat":"repeat","background-position":"center center","background-size":"auto","background-attachment":"scroll","background-type":"","background-media":"","overlay-type":"","overlay-color":"","overlay-opacity":"","overlay-gradient":""},"tablet":{"background-color":"","background-image":"","background-repeat":"repeat","background-position":"center center","background-size":"auto","background-attachment":"scroll","background-type":"","background-media":"","overlay-type":"","overlay-color":"","overlay-opacity":"","overlay-gradient":""},"mobile":{"background-color":"","background-image":"","background-repeat":"repeat","background-position":"center center","background-size":"auto","background-attachment":"scroll","background-type":"","background-media":"","overlay-type":"","overlay-color":"","overlay-opacity":"","overlay-gradient":""}},"ast-content-background-meta":{"desktop":{"background-color":"var(--ast-global-color-5)","background-image":"","background-repeat":"repeat","background-position":"center center","background-size":"auto","background-attachment":"scroll","background-type":"","background-media":"","overlay-type":"","overlay-color":"","overlay-opacity":"","overlay-gradient":""},"tablet":{"background-color":"var(--ast-global-color-5)","background-image":"","background-repeat":"repeat","background-position":"center center","background-size":"auto","background-attachment":"scroll","background-type":"","background-media":"","overlay-type":"","overlay-color":"","overlay-opacity":"","overlay-gradient":""},"mobile":{"background-color":"var(--ast-global-color-5)","background-image":"","background-repeat":"repeat","background-position":"center center","background-size":"auto","background-attachment":"scroll","background-type":"","background-media":"","overlay-type":"","overlay-color":"","overlay-opacity":"","overlay-gradient":""}}},"product_brand":[],"product_cat":[132],"product_tag":[],"class_list":{"0":"post-7621","1":"product","2":"type-product","3":"status-publish","4":"has-post-thumbnail","6":"product_cat-lash-lift-fi","7":"desktop-align-left","8":"tablet-align-left","9":"mobile-align-left","11":"first","12":"instock","13":"shipping-taxable","14":"purchasable","15":"product-type-simple"},"yoast_head":"<!-- This site is optimized with the Yoast SEO plugin v27.3 - https:\/\/yoast.com\/product\/yoast-seo-wordpress\/ -->\n<title>Colibri silikonityynyt - Lasher<\/title>\n<meta name=\"description\" content=\"Colibri silikonityynyt lash lift -hoitoon. Pehme\u00e4, autoklaavissa steriloitava silikonimateriaali ja 5 kokoa (S\u2013LL) t\u00e4ydelliseen ripsien kaarevuuteen.\" \/>\n<meta name=\"robots\" content=\"index, follow, max-snippet:-1, max-image-preview:large, max-video-preview:-1\" \/>\n<link rel=\"canonical\" href=\"https:\/\/lasher.ee\/fi\/tuote\/colibri-silikonityynyt\/\" \/>\n<meta property=\"og:locale\" content=\"fi_FI\" \/>\n<meta property=\"og:type\" content=\"article\" \/>\n<meta property=\"og:title\" content=\"Colibri silikonityynyt - Lasher\" \/>\n<meta property=\"og:description\" content=\"Colibri silikonityynyt lash lift -hoitoon. Pehme\u00e4, autoklaavissa steriloitava silikonimateriaali ja 5 kokoa (S\u2013LL) t\u00e4ydelliseen ripsien kaarevuuteen.\" \/>\n<meta property=\"og:url\" content=\"https:\/\/lasher.ee\/fi\/tuote\/colibri-silikonityynyt\/\" \/>\n<meta property=\"og:site_name\" content=\"Lasher\" \/>\n<meta property=\"article:publisher\" content=\"https:\/\/www.facebook.com\/profile.php?id=61564523265885\" \/>\n<meta property=\"article:modified_time\" content=\"2026-03-15T11:14:18+00:00\" \/>\n<meta property=\"og:image\" content=\"https:\/\/lasher.ee\/wp-content\/uploads\/2025\/05\/bigodini-colibri-CURL-copy-1.jpg\" \/>\n\t<meta property=\"og:image:width\" content=\"1025\" \/>\n\t<meta property=\"og:image:height\" content=\"1025\" \/>\n\t<meta property=\"og:image:type\" content=\"image\/jpeg\" \/>\n<meta name=\"twitter:card\" content=\"summary_large_image\" \/>\n<meta name=\"twitter:label1\" content=\"Arvioitu lukuaika\" \/>\n\t<meta name=\"twitter:data1\" content=\"1 minuutti\" \/>\n<script type=\"application\/ld+json\" class=\"yoast-schema-graph\">{\"@context\":\"https:\\\/\\\/schema.org\",\"@graph\":[{\"@type\":\"WebPage\",\"@id\":\"https:\\\/\\\/lasher.ee\\\/fi\\\/tuote\\\/colibri-silikonityynyt\\\/\",\"url\":\"https:\\\/\\\/lasher.ee\\\/fi\\\/tuote\\\/colibri-silikonityynyt\\\/\",\"name\":\"Colibri silikonityynyt - Lasher\",\"isPartOf\":{\"@id\":\"https:\\\/\\\/lasher.ee\\\/fi\\\/#website\"},\"primaryImageOfPage\":{\"@id\":\"https:\\\/\\\/lasher.ee\\\/fi\\\/tuote\\\/colibri-silikonityynyt\\\/#primaryimage\"},\"image\":{\"@id\":\"https:\\\/\\\/lasher.ee\\\/fi\\\/tuote\\\/colibri-silikonityynyt\\\/#primaryimage\"},\"thumbnailUrl\":\"https:\\\/\\\/lasher.ee\\\/wp-content\\\/uploads\\\/2025\\\/05\\\/bigodini-colibri-CURL-copy-1.jpg\",\"datePublished\":\"2025-05-20T05:13:19+00:00\",\"dateModified\":\"2026-03-15T11:14:18+00:00\",\"description\":\"Colibri silikonityynyt lash lift -hoitoon. Pehme\u00e4, autoklaavissa steriloitava silikonimateriaali ja 5 kokoa (S\u2013LL) t\u00e4ydelliseen ripsien kaarevuuteen.\",\"breadcrumb\":{\"@id\":\"https:\\\/\\\/lasher.ee\\\/fi\\\/tuote\\\/colibri-silikonityynyt\\\/#breadcrumb\"},\"inLanguage\":\"fi\",\"potentialAction\":[{\"@type\":\"ReadAction\",\"target\":[\"https:\\\/\\\/lasher.ee\\\/fi\\\/tuote\\\/colibri-silikonityynyt\\\/\"]}]},{\"@type\":\"ImageObject\",\"inLanguage\":\"fi\",\"@id\":\"https:\\\/\\\/lasher.ee\\\/fi\\\/tuote\\\/colibri-silikonityynyt\\\/#primaryimage\",\"url\":\"https:\\\/\\\/lasher.ee\\\/wp-content\\\/uploads\\\/2025\\\/05\\\/bigodini-colibri-CURL-copy-1.jpg\",\"contentUrl\":\"https:\\\/\\\/lasher.ee\\\/wp-content\\\/uploads\\\/2025\\\/05\\\/bigodini-colibri-CURL-copy-1.jpg\",\"width\":1025,\"height\":1025,\"caption\":\"Colibri silicone eyelash curl shields\"},{\"@type\":\"BreadcrumbList\",\"@id\":\"https:\\\/\\\/lasher.ee\\\/fi\\\/tuote\\\/colibri-silikonityynyt\\\/#breadcrumb\",\"itemListElement\":[{\"@type\":\"ListItem\",\"position\":1,\"name\":\"Home\",\"item\":\"https:\\\/\\\/lasher.ee\\\/fi\\\/\"},{\"@type\":\"ListItem\",\"position\":2,\"name\":\"Kaikki tuotteet\",\"item\":\"https:\\\/\\\/lasher.ee\\\/fi\\\/kaikki-tuotteet\\\/\"},{\"@type\":\"ListItem\",\"position\":3,\"name\":\"Colibri silikonityynyt\"}]},{\"@type\":\"WebSite\",\"@id\":\"https:\\\/\\\/lasher.ee\\\/fi\\\/#website\",\"url\":\"https:\\\/\\\/lasher.ee\\\/fi\\\/\",\"name\":\"Lasher\",\"description\":\"K\u00f5ik vajalikud ripsmetarvikud ripsmetehnikule \u00fchest kohast.\",\"publisher\":{\"@id\":\"https:\\\/\\\/lasher.ee\\\/fi\\\/#organization\"},\"potentialAction\":[{\"@type\":\"SearchAction\",\"target\":{\"@type\":\"EntryPoint\",\"urlTemplate\":\"https:\\\/\\\/lasher.ee\\\/fi\\\/?s={search_term_string}\"},\"query-input\":{\"@type\":\"PropertyValueSpecification\",\"valueRequired\":true,\"valueName\":\"search_term_string\"}}],\"inLanguage\":\"fi\"},{\"@type\":\"Organization\",\"@id\":\"https:\\\/\\\/lasher.ee\\\/fi\\\/#organization\",\"name\":\"Lasher\",\"url\":\"https:\\\/\\\/lasher.ee\\\/fi\\\/\",\"logo\":{\"@type\":\"ImageObject\",\"inLanguage\":\"fi\",\"@id\":\"https:\\\/\\\/lasher.ee\\\/fi\\\/#\\\/schema\\\/logo\\\/image\\\/\",\"url\":\"https:\\\/\\\/lasher.ee\\\/wp-content\\\/uploads\\\/2024\\\/09\\\/Screenshot-2024-09-03-at-11.58.17.png\",\"contentUrl\":\"https:\\\/\\\/lasher.ee\\\/wp-content\\\/uploads\\\/2024\\\/09\\\/Screenshot-2024-09-03-at-11.58.17.png\",\"width\":1678,\"height\":1670,\"caption\":\"Lasher\"},\"image\":{\"@id\":\"https:\\\/\\\/lasher.ee\\\/fi\\\/#\\\/schema\\\/logo\\\/image\\\/\"},\"sameAs\":[\"https:\\\/\\\/www.facebook.com\\\/profile.php?id=61564523265885\",\"https:\\\/\\\/www.instagram.com\\\/lasher_official\\\/\"]}]}<\/script>\n<!-- \/ Yoast SEO plugin. -->","yoast_head_json":{"title":"Colibri silikonityynyt - Lasher","description":"Colibri silikonityynyt lash lift -hoitoon. Pehme\u00e4, autoklaavissa steriloitava silikonimateriaali ja 5 kokoa (S\u2013LL) t\u00e4ydelliseen ripsien kaarevuuteen.","robots":{"index":"index","follow":"follow","max-snippet":"max-snippet:-1","max-image-preview":"max-image-preview:large","max-video-preview":"max-video-preview:-1"},"canonical":"https:\/\/lasher.ee\/fi\/tuote\/colibri-silikonityynyt\/","og_locale":"fi_FI","og_type":"article","og_title":"Colibri silikonityynyt - Lasher","og_description":"Colibri silikonityynyt lash lift -hoitoon. Pehme\u00e4, autoklaavissa steriloitava silikonimateriaali ja 5 kokoa (S\u2013LL) t\u00e4ydelliseen ripsien kaarevuuteen.","og_url":"https:\/\/lasher.ee\/fi\/tuote\/colibri-silikonityynyt\/","og_site_name":"Lasher","article_publisher":"https:\/\/www.facebook.com\/profile.php?id=61564523265885","article_modified_time":"2026-03-15T11:14:18+00:00","og_image":[{"width":1025,"height":1025,"url":"https:\/\/lasher.ee\/wp-content\/uploads\/2025\/05\/bigodini-colibri-CURL-copy-1.jpg","type":"image\/jpeg"}],"twitter_card":"summary_large_image","twitter_misc":{"Arvioitu lukuaika":"1 minuutti"},"schema":{"@context":"https:\/\/schema.org","@graph":[{"@type":"WebPage","@id":"https:\/\/lasher.ee\/fi\/tuote\/colibri-silikonityynyt\/","url":"https:\/\/lasher.ee\/fi\/tuote\/colibri-silikonityynyt\/","name":"Colibri silikonityynyt - Lasher","isPartOf":{"@id":"https:\/\/lasher.ee\/fi\/#website"},"primaryImageOfPage":{"@id":"https:\/\/lasher.ee\/fi\/tuote\/colibri-silikonityynyt\/#primaryimage"},"image":{"@id":"https:\/\/lasher.ee\/fi\/tuote\/colibri-silikonityynyt\/#primaryimage"},"thumbnailUrl":"https:\/\/lasher.ee\/wp-content\/uploads\/2025\/05\/bigodini-colibri-CURL-copy-1.jpg","datePublished":"2025-05-20T05:13:19+00:00","dateModified":"2026-03-15T11:14:18+00:00","description":"Colibri silikonityynyt lash lift -hoitoon. Pehme\u00e4, autoklaavissa steriloitava silikonimateriaali ja 5 kokoa (S\u2013LL) t\u00e4ydelliseen ripsien kaarevuuteen.","breadcrumb":{"@id":"https:\/\/lasher.ee\/fi\/tuote\/colibri-silikonityynyt\/#breadcrumb"},"inLanguage":"fi","potentialAction":[{"@type":"ReadAction","target":["https:\/\/lasher.ee\/fi\/tuote\/colibri-silikonityynyt\/"]}]},{"@type":"ImageObject","inLanguage":"fi","@id":"https:\/\/lasher.ee\/fi\/tuote\/colibri-silikonityynyt\/#primaryimage","url":"https:\/\/lasher.ee\/wp-content\/uploads\/2025\/05\/bigodini-colibri-CURL-copy-1.jpg","contentUrl":"https:\/\/lasher.ee\/wp-content\/uploads\/2025\/05\/bigodini-colibri-CURL-copy-1.jpg","width":1025,"height":1025,"caption":"Colibri silicone eyelash curl shields"},{"@type":"BreadcrumbList","@id":"https:\/\/lasher.ee\/fi\/tuote\/colibri-silikonityynyt\/#breadcrumb","itemListElement":[{"@type":"ListItem","position":1,"name":"Home","item":"https:\/\/lasher.ee\/fi\/"},{"@type":"ListItem","position":2,"name":"Kaikki tuotteet","item":"https:\/\/lasher.ee\/fi\/kaikki-tuotteet\/"},{"@type":"ListItem","position":3,"name":"Colibri silikonityynyt"}]},{"@type":"WebSite","@id":"https:\/\/lasher.ee\/fi\/#website","url":"https:\/\/lasher.ee\/fi\/","name":"Lasher","description":"K\u00f5ik vajalikud ripsmetarvikud ripsmetehnikule \u00fchest kohast.","publisher":{"@id":"https:\/\/lasher.ee\/fi\/#organization"},"potentialAction":[{"@type":"SearchAction","target":{"@type":"EntryPoint","urlTemplate":"https:\/\/lasher.ee\/fi\/?s={search_term_string}"},"query-input":{"@type":"PropertyValueSpecification","valueRequired":true,"valueName":"search_term_string"}}],"inLanguage":"fi"},{"@type":"Organization","@id":"https:\/\/lasher.ee\/fi\/#organization","name":"Lasher","url":"https:\/\/lasher.ee\/fi\/","logo":{"@type":"ImageObject","inLanguage":"fi","@id":"https:\/\/lasher.ee\/fi\/#\/schema\/logo\/image\/","url":"https:\/\/lasher.ee\/wp-content\/uploads\/2024\/09\/Screenshot-2024-09-03-at-11.58.17.png","contentUrl":"https:\/\/lasher.ee\/wp-content\/uploads\/2024\/09\/Screenshot-2024-09-03-at-11.58.17.png","width":1678,"height":1670,"caption":"Lasher"},"image":{"@id":"https:\/\/lasher.ee\/fi\/#\/schema\/logo\/image\/"},"sameAs":["https:\/\/www.facebook.com\/profile.php?id=61564523265885","https:\/\/www.instagram.com\/lasher_official\/"]}]}},"_links":{"self":[{"href":"https:\/\/lasher.ee\/fi\/wp-json\/wp\/v2\/product\/7621","targetHints":{"allow":["GET"]}}],"collection":[{"href":"https:\/\/lasher.ee\/fi\/wp-json\/wp\/v2\/product"}],"about":[{"href":"https:\/\/lasher.ee\/fi\/wp-json\/wp\/v2\/types\/product"}],"replies":[{"embeddable":true,"href":"https:\/\/lasher.ee\/fi\/wp-json\/wp\/v2\/comments?post=7621"}],"wp:featuredmedia":[{"embeddable":true,"href":"https:\/\/lasher.ee\/fi\/wp-json\/wp\/v2\/media\/7281"}],"wp:attachment":[{"href":"https:\/\/lasher.ee\/fi\/wp-json\/wp\/v2\/media?parent=7621"}],"wp:term":[{"taxonomy":"product_brand","embeddable":true,"href":"https:\/\/lasher.ee\/fi\/wp-json\/wp\/v2\/product_brand?post=7621"},{"taxonomy":"product_cat","embeddable":true,"href":"https:\/\/lasher.ee\/fi\/wp-json\/wp\/v2\/product_cat?post=7621"},{"taxonomy":"product_tag","embeddable":true,"href":"https:\/\/lasher.ee\/fi\/wp-json\/wp\/v2\/product_tag?post=7621"}],"curies":[{"name":"wp","href":"https:\/\/api.w.org\/{rel}","templated":true}]}}