{"id":8016,"date":"2025-06-16T14:37:40","date_gmt":"2025-06-16T11:37:40","guid":{"rendered":"https:\/\/lasher.ee\/laser-premium-ripsienpidennykset-0-07-mix-6-13mm\/"},"modified":"2026-03-12T14:47:31","modified_gmt":"2026-03-12T12:47:31","slug":"laser-premium-ripsienpidennykset","status":"publish","type":"product","link":"https:\/\/lasher.ee\/fi\/tuote\/laser-premium-ripsienpidennykset\/","title":{"rendered":"Laser premium ripsikuidut 0.07 mix 6-13mm"},"content":{"rendered":"<p>Laser premium ripsikuidut 0.07 mix 6-13mm.<\/p>\n","protected":false},"excerpt":{"rendered":"<p>Laser premium ripsikuidut ovat laserleikattuja ripsi\u00e4, jotka takaavat yhten\u00e4isen halkaisijan koko ripsirajan pituudelta. Laserripset luovat jopa 30 % pitk\u00e4ik\u00e4isempi\u00e4 ripsi\u00e4. Ne ovat joustavammat tyvest\u00e4, joten ne kiinnittyv\u00e4t ja taipuvat paremmin kuin luonnolliset ripset.<\/p>\n<p>Kahden sile\u00e4n pinnan &#8211; kuten luonnollisen ripsihiuksen ja PBT-kuidun &#8211; v\u00e4lill\u00e4 ei ole riitt\u00e4v\u00e4n vahvaa sidosta. T\u00e4m\u00e4 johtaa tilanteeseen, jossa ripsienpidennysten kest\u00e4vyys ei vastaa odotuksia. T\u00e4st\u00e4 syyst\u00e4 on kehitetty ripsiv\u00e4rit, joiden juuressa on laserleikattuja uria. N\u00e4m\u00e4 urat luovat enemm\u00e4n liimapintaa, johon liima tarttuu paremmin. Siksi Laserripsi\u00e4 k\u00e4ytett\u00e4ess\u00e4 ei v\u00e4ltt\u00e4m\u00e4tt\u00e4 tarvitse k\u00e4ytt\u00e4\u00e4 pohjamaalia tai superbonderia.<\/p>\n<p><span style=\"color: #77c3ec;\"><strong>Edut<\/strong><\/span><br \/>\n<em>30 % parempi pysyvyys &#8211; mikroskooppiset<\/em>urat luovat enemm\u00e4n kiinnityspintaa, mik\u00e4 takaa vahvemman ja kest\u00e4v\u00e4mm\u00e4n sidoksen ripsienpidennysten ja luonnollisten ripsien v\u00e4lille.<\/p>\n<p><em>Nopeampi ja helpompi asennus<\/em> &#8211; laserripsien kuvioitu pinta luo v\u00e4litt\u00f6m\u00e4n sidoksen ripsienpidennysten ja luonnollisten ripsien v\u00e4lille ilman liukumista, mik\u00e4 mahdollistaa nopeamman ja helpomman asennuksen.<\/p>\n<p><em>Toimii hyvin kaikentyyppisten liimojen kanssa viskositeetista riippumatta &#8211;<\/em> pienten urien ansiosta liima jakautuu tasaisesti, jolloin v\u00e4ltet\u00e4\u00e4n liimapisteet pidennysten juuressa. Liima tunkeutuu syv\u00e4lle laserneulojen uriin, mik\u00e4 takaa puhtaan ja tasaisen jakautumisen.<\/p>\n<p><em>Joustavuus &#8211;<\/em> kuvioitu pinta mahdollistaa joustavan asennuksen. Ripsienpidennykset voidaan kiinnitt\u00e4\u00e4 ylh\u00e4\u00e4lt\u00e4, alhaalta tai sivulta.<\/p>\n<p><em>Pehme\u00e4mm\u00e4t ja luonnollisemmat kuin tavalliset ripset<\/em>.<\/p>\n<p><em>Est\u00e4\u00e4 ripsien paakkuuntumisen &#8211;<\/em> llim tunkeutuu syv\u00e4lle laserripsien uriin, mik\u00e4 takaa puhtaan ja tasaisen levityksen. Ylim\u00e4\u00e4r\u00e4inen liima ei tartu vierekk\u00e4isiin ripsiin, mik\u00e4 auttaa est\u00e4m\u00e4\u00e4n ripsien paakkuuntumista.<\/p>\n","protected":false},"featured_media":8116,"comment_status":"open","ping_status":"closed","template":"","meta":{"site-sidebar-layout":"default","site-content-layout":"","ast-site-content-layout":"default","site-content-style":"default","site-sidebar-style":"default","ast-global-header-display":"","ast-banner-title-visibility":"","ast-main-header-display":"","ast-hfb-above-header-display":"","ast-hfb-below-header-display":"","ast-hfb-mobile-header-display":"","site-post-title":"","ast-breadcrumbs-content":"","ast-featured-img":"","footer-sml-layout":"","ast-disable-related-posts":"","theme-transparent-header-meta":"default","adv-header-id-meta":"","stick-header-meta":"","header-above-stick-meta":"","header-main-stick-meta":"","header-below-stick-meta":"","astra-migrate-meta-layouts":"set","ast-page-background-enabled":"default","ast-page-background-meta":{"desktop":{"background-color":"var(--ast-global-color-4)","background-image":"","background-repeat":"repeat","background-position":"center center","background-size":"auto","background-attachment":"scroll","background-type":"","background-media":"","overlay-type":"","overlay-color":"","overlay-opacity":"","overlay-gradient":""},"tablet":{"background-color":"","background-image":"","background-repeat":"repeat","background-position":"center center","background-size":"auto","background-attachment":"scroll","background-type":"","background-media":"","overlay-type":"","overlay-color":"","overlay-opacity":"","overlay-gradient":""},"mobile":{"background-color":"","background-image":"","background-repeat":"repeat","background-position":"center center","background-size":"auto","background-attachment":"scroll","background-type":"","background-media":"","overlay-type":"","overlay-color":"","overlay-opacity":"","overlay-gradient":""}},"ast-content-background-meta":{"desktop":{"background-color":"var(--ast-global-color-5)","background-image":"","background-repeat":"repeat","background-position":"center center","background-size":"auto","background-attachment":"scroll","background-type":"","background-media":"","overlay-type":"","overlay-color":"","overlay-opacity":"","overlay-gradient":""},"tablet":{"background-color":"var(--ast-global-color-5)","background-image":"","background-repeat":"repeat","background-position":"center center","background-size":"auto","background-attachment":"scroll","background-type":"","background-media":"","overlay-type":"","overlay-color":"","overlay-opacity":"","overlay-gradient":""},"mobile":{"background-color":"var(--ast-global-color-5)","background-image":"","background-repeat":"repeat","background-position":"center center","background-size":"auto","background-attachment":"scroll","background-type":"","background-media":"","overlay-type":"","overlay-color":"","overlay-opacity":"","overlay-gradient":""}}},"product_brand":[],"product_cat":[90,124],"product_tag":[],"class_list":{"0":"post-8016","1":"product","2":"type-product","3":"status-publish","4":"has-post-thumbnail","6":"product_cat-ripset","7":"product_cat-volyymi-ripsikuidut","8":"desktop-align-left","9":"tablet-align-left","10":"mobile-align-left","12":"first","13":"instock","14":"shipping-taxable","15":"purchasable","16":"product-type-variable"},"yoast_head":"<!-- This site is optimized with the Yoast SEO plugin v27.4 - https:\/\/yoast.com\/product\/yoast-seo-wordpress\/ -->\n<title>Laser premium ripsikuidut 0.07 mix 6-13mm - Lasher<\/title>\n<meta name=\"description\" content=\"Laser Premium ripsikuidut takaavat jopa 30 % paremman pysyvyyden, nopeamman ja sujuvamman asennuksen sek\u00e4 tasaisemman liimautumisen.\" \/>\n<meta name=\"robots\" content=\"index, follow, max-snippet:-1, max-image-preview:large, max-video-preview:-1\" \/>\n<link rel=\"canonical\" href=\"https:\/\/lasher.ee\/fi\/tuote\/laser-premium-ripsienpidennykset\/\" \/>\n<meta property=\"og:locale\" content=\"fi_FI\" \/>\n<meta property=\"og:type\" content=\"article\" \/>\n<meta property=\"og:title\" content=\"Laser premium ripsikuidut 0.07 mix 6-13mm - Lasher\" \/>\n<meta property=\"og:description\" content=\"Laser Premium ripsikuidut takaavat jopa 30 % paremman pysyvyyden, nopeamman ja sujuvamman asennuksen sek\u00e4 tasaisemman liimautumisen.\" \/>\n<meta property=\"og:url\" content=\"https:\/\/lasher.ee\/fi\/tuote\/laser-premium-ripsienpidennykset\/\" \/>\n<meta property=\"og:site_name\" content=\"Lasher\" \/>\n<meta property=\"article:publisher\" content=\"https:\/\/www.facebook.com\/profile.php?id=61564523265885\" \/>\n<meta property=\"article:modified_time\" content=\"2026-03-12T12:47:31+00:00\" \/>\n<meta property=\"og:image\" content=\"https:\/\/lasher.ee\/wp-content\/uploads\/2024\/08\/30168nn_imresizer.jpg\" \/>\n\t<meta property=\"og:image:width\" content=\"1024\" \/>\n\t<meta property=\"og:image:height\" content=\"1024\" \/>\n\t<meta property=\"og:image:type\" content=\"image\/jpeg\" \/>\n<meta name=\"twitter:card\" content=\"summary_large_image\" \/>\n<meta name=\"twitter:label1\" content=\"Arvioitu lukuaika\" \/>\n\t<meta name=\"twitter:data1\" content=\"1 minuutti\" \/>\n<script type=\"application\/ld+json\" class=\"yoast-schema-graph\">{\"@context\":\"https:\\\/\\\/schema.org\",\"@graph\":[{\"@type\":\"WebPage\",\"@id\":\"https:\\\/\\\/lasher.ee\\\/fi\\\/tuote\\\/laser-premium-ripsienpidennykset\\\/\",\"url\":\"https:\\\/\\\/lasher.ee\\\/fi\\\/tuote\\\/laser-premium-ripsienpidennykset\\\/\",\"name\":\"Laser premium ripsikuidut 0.07 mix 6-13mm - Lasher\",\"isPartOf\":{\"@id\":\"https:\\\/\\\/lasher.ee\\\/fi\\\/#website\"},\"primaryImageOfPage\":{\"@id\":\"https:\\\/\\\/lasher.ee\\\/fi\\\/tuote\\\/laser-premium-ripsienpidennykset\\\/#primaryimage\"},\"image\":{\"@id\":\"https:\\\/\\\/lasher.ee\\\/fi\\\/tuote\\\/laser-premium-ripsienpidennykset\\\/#primaryimage\"},\"thumbnailUrl\":\"https:\\\/\\\/lasher.ee\\\/wp-content\\\/uploads\\\/2024\\\/08\\\/30168nn_imresizer.jpg\",\"datePublished\":\"2025-06-16T11:37:40+00:00\",\"dateModified\":\"2026-03-12T12:47:31+00:00\",\"description\":\"Laser Premium ripsikuidut takaavat jopa 30 % paremman pysyvyyden, nopeamman ja sujuvamman asennuksen sek\u00e4 tasaisemman liimautumisen.\",\"breadcrumb\":{\"@id\":\"https:\\\/\\\/lasher.ee\\\/fi\\\/tuote\\\/laser-premium-ripsienpidennykset\\\/#breadcrumb\"},\"inLanguage\":\"fi\",\"potentialAction\":[{\"@type\":\"ReadAction\",\"target\":[\"https:\\\/\\\/lasher.ee\\\/fi\\\/tuote\\\/laser-premium-ripsienpidennykset\\\/\"]}]},{\"@type\":\"ImageObject\",\"inLanguage\":\"fi\",\"@id\":\"https:\\\/\\\/lasher.ee\\\/fi\\\/tuote\\\/laser-premium-ripsienpidennykset\\\/#primaryimage\",\"url\":\"https:\\\/\\\/lasher.ee\\\/wp-content\\\/uploads\\\/2024\\\/08\\\/30168nn_imresizer.jpg\",\"contentUrl\":\"https:\\\/\\\/lasher.ee\\\/wp-content\\\/uploads\\\/2024\\\/08\\\/30168nn_imresizer.jpg\",\"width\":1024,\"height\":1024,\"caption\":\"Ripsikuidut 0.06 mm, 0.07 mmm, klassiset 0.12mm\"},{\"@type\":\"BreadcrumbList\",\"@id\":\"https:\\\/\\\/lasher.ee\\\/fi\\\/tuote\\\/laser-premium-ripsienpidennykset\\\/#breadcrumb\",\"itemListElement\":[{\"@type\":\"ListItem\",\"position\":1,\"name\":\"Home\",\"item\":\"https:\\\/\\\/lasher.ee\\\/fi\\\/\"},{\"@type\":\"ListItem\",\"position\":2,\"name\":\"Kaikki tuotteet\",\"item\":\"https:\\\/\\\/lasher.ee\\\/fi\\\/kaikki-tuotteet\\\/\"},{\"@type\":\"ListItem\",\"position\":3,\"name\":\"Laser premium ripsikuidut 0.07 mix 6-13mm\"}]},{\"@type\":\"WebSite\",\"@id\":\"https:\\\/\\\/lasher.ee\\\/fi\\\/#website\",\"url\":\"https:\\\/\\\/lasher.ee\\\/fi\\\/\",\"name\":\"Lasher\",\"description\":\"K\u00f5ik vajalikud ripsmetarvikud ripsmetehnikule \u00fchest kohast.\",\"publisher\":{\"@id\":\"https:\\\/\\\/lasher.ee\\\/fi\\\/#organization\"},\"potentialAction\":[{\"@type\":\"SearchAction\",\"target\":{\"@type\":\"EntryPoint\",\"urlTemplate\":\"https:\\\/\\\/lasher.ee\\\/fi\\\/?s={search_term_string}\"},\"query-input\":{\"@type\":\"PropertyValueSpecification\",\"valueRequired\":true,\"valueName\":\"search_term_string\"}}],\"inLanguage\":\"fi\"},{\"@type\":\"Organization\",\"@id\":\"https:\\\/\\\/lasher.ee\\\/fi\\\/#organization\",\"name\":\"Lasher\",\"url\":\"https:\\\/\\\/lasher.ee\\\/fi\\\/\",\"logo\":{\"@type\":\"ImageObject\",\"inLanguage\":\"fi\",\"@id\":\"https:\\\/\\\/lasher.ee\\\/fi\\\/#\\\/schema\\\/logo\\\/image\\\/\",\"url\":\"https:\\\/\\\/lasher.ee\\\/wp-content\\\/uploads\\\/2024\\\/09\\\/Screenshot-2024-09-03-at-11.58.17.png\",\"contentUrl\":\"https:\\\/\\\/lasher.ee\\\/wp-content\\\/uploads\\\/2024\\\/09\\\/Screenshot-2024-09-03-at-11.58.17.png\",\"width\":1678,\"height\":1670,\"caption\":\"Lasher\"},\"image\":{\"@id\":\"https:\\\/\\\/lasher.ee\\\/fi\\\/#\\\/schema\\\/logo\\\/image\\\/\"},\"sameAs\":[\"https:\\\/\\\/www.facebook.com\\\/profile.php?id=61564523265885\",\"https:\\\/\\\/www.instagram.com\\\/lasher_official\\\/\"]}]}<\/script>\n<!-- \/ Yoast SEO plugin. -->","yoast_head_json":{"title":"Laser premium ripsikuidut 0.07 mix 6-13mm - Lasher","description":"Laser Premium ripsikuidut takaavat jopa 30 % paremman pysyvyyden, nopeamman ja sujuvamman asennuksen sek\u00e4 tasaisemman liimautumisen.","robots":{"index":"index","follow":"follow","max-snippet":"max-snippet:-1","max-image-preview":"max-image-preview:large","max-video-preview":"max-video-preview:-1"},"canonical":"https:\/\/lasher.ee\/fi\/tuote\/laser-premium-ripsienpidennykset\/","og_locale":"fi_FI","og_type":"article","og_title":"Laser premium ripsikuidut 0.07 mix 6-13mm - Lasher","og_description":"Laser Premium ripsikuidut takaavat jopa 30 % paremman pysyvyyden, nopeamman ja sujuvamman asennuksen sek\u00e4 tasaisemman liimautumisen.","og_url":"https:\/\/lasher.ee\/fi\/tuote\/laser-premium-ripsienpidennykset\/","og_site_name":"Lasher","article_publisher":"https:\/\/www.facebook.com\/profile.php?id=61564523265885","article_modified_time":"2026-03-12T12:47:31+00:00","og_image":[{"width":1024,"height":1024,"url":"https:\/\/lasher.ee\/wp-content\/uploads\/2024\/08\/30168nn_imresizer.jpg","type":"image\/jpeg"}],"twitter_card":"summary_large_image","twitter_misc":{"Arvioitu lukuaika":"1 minuutti"},"schema":{"@context":"https:\/\/schema.org","@graph":[{"@type":"WebPage","@id":"https:\/\/lasher.ee\/fi\/tuote\/laser-premium-ripsienpidennykset\/","url":"https:\/\/lasher.ee\/fi\/tuote\/laser-premium-ripsienpidennykset\/","name":"Laser premium ripsikuidut 0.07 mix 6-13mm - Lasher","isPartOf":{"@id":"https:\/\/lasher.ee\/fi\/#website"},"primaryImageOfPage":{"@id":"https:\/\/lasher.ee\/fi\/tuote\/laser-premium-ripsienpidennykset\/#primaryimage"},"image":{"@id":"https:\/\/lasher.ee\/fi\/tuote\/laser-premium-ripsienpidennykset\/#primaryimage"},"thumbnailUrl":"https:\/\/lasher.ee\/wp-content\/uploads\/2024\/08\/30168nn_imresizer.jpg","datePublished":"2025-06-16T11:37:40+00:00","dateModified":"2026-03-12T12:47:31+00:00","description":"Laser Premium ripsikuidut takaavat jopa 30 % paremman pysyvyyden, nopeamman ja sujuvamman asennuksen sek\u00e4 tasaisemman liimautumisen.","breadcrumb":{"@id":"https:\/\/lasher.ee\/fi\/tuote\/laser-premium-ripsienpidennykset\/#breadcrumb"},"inLanguage":"fi","potentialAction":[{"@type":"ReadAction","target":["https:\/\/lasher.ee\/fi\/tuote\/laser-premium-ripsienpidennykset\/"]}]},{"@type":"ImageObject","inLanguage":"fi","@id":"https:\/\/lasher.ee\/fi\/tuote\/laser-premium-ripsienpidennykset\/#primaryimage","url":"https:\/\/lasher.ee\/wp-content\/uploads\/2024\/08\/30168nn_imresizer.jpg","contentUrl":"https:\/\/lasher.ee\/wp-content\/uploads\/2024\/08\/30168nn_imresizer.jpg","width":1024,"height":1024,"caption":"Ripsikuidut 0.06 mm, 0.07 mmm, klassiset 0.12mm"},{"@type":"BreadcrumbList","@id":"https:\/\/lasher.ee\/fi\/tuote\/laser-premium-ripsienpidennykset\/#breadcrumb","itemListElement":[{"@type":"ListItem","position":1,"name":"Home","item":"https:\/\/lasher.ee\/fi\/"},{"@type":"ListItem","position":2,"name":"Kaikki tuotteet","item":"https:\/\/lasher.ee\/fi\/kaikki-tuotteet\/"},{"@type":"ListItem","position":3,"name":"Laser premium ripsikuidut 0.07 mix 6-13mm"}]},{"@type":"WebSite","@id":"https:\/\/lasher.ee\/fi\/#website","url":"https:\/\/lasher.ee\/fi\/","name":"Lasher","description":"K\u00f5ik vajalikud ripsmetarvikud ripsmetehnikule \u00fchest kohast.","publisher":{"@id":"https:\/\/lasher.ee\/fi\/#organization"},"potentialAction":[{"@type":"SearchAction","target":{"@type":"EntryPoint","urlTemplate":"https:\/\/lasher.ee\/fi\/?s={search_term_string}"},"query-input":{"@type":"PropertyValueSpecification","valueRequired":true,"valueName":"search_term_string"}}],"inLanguage":"fi"},{"@type":"Organization","@id":"https:\/\/lasher.ee\/fi\/#organization","name":"Lasher","url":"https:\/\/lasher.ee\/fi\/","logo":{"@type":"ImageObject","inLanguage":"fi","@id":"https:\/\/lasher.ee\/fi\/#\/schema\/logo\/image\/","url":"https:\/\/lasher.ee\/wp-content\/uploads\/2024\/09\/Screenshot-2024-09-03-at-11.58.17.png","contentUrl":"https:\/\/lasher.ee\/wp-content\/uploads\/2024\/09\/Screenshot-2024-09-03-at-11.58.17.png","width":1678,"height":1670,"caption":"Lasher"},"image":{"@id":"https:\/\/lasher.ee\/fi\/#\/schema\/logo\/image\/"},"sameAs":["https:\/\/www.facebook.com\/profile.php?id=61564523265885","https:\/\/www.instagram.com\/lasher_official\/"]}]}},"_links":{"self":[{"href":"https:\/\/lasher.ee\/fi\/wp-json\/wp\/v2\/product\/8016","targetHints":{"allow":["GET"]}}],"collection":[{"href":"https:\/\/lasher.ee\/fi\/wp-json\/wp\/v2\/product"}],"about":[{"href":"https:\/\/lasher.ee\/fi\/wp-json\/wp\/v2\/types\/product"}],"replies":[{"embeddable":true,"href":"https:\/\/lasher.ee\/fi\/wp-json\/wp\/v2\/comments?post=8016"}],"wp:featuredmedia":[{"embeddable":true,"href":"https:\/\/lasher.ee\/fi\/wp-json\/wp\/v2\/media\/8116"}],"wp:attachment":[{"href":"https:\/\/lasher.ee\/fi\/wp-json\/wp\/v2\/media?parent=8016"}],"wp:term":[{"taxonomy":"product_brand","embeddable":true,"href":"https:\/\/lasher.ee\/fi\/wp-json\/wp\/v2\/product_brand?post=8016"},{"taxonomy":"product_cat","embeddable":true,"href":"https:\/\/lasher.ee\/fi\/wp-json\/wp\/v2\/product_cat?post=8016"},{"taxonomy":"product_tag","embeddable":true,"href":"https:\/\/lasher.ee\/fi\/wp-json\/wp\/v2\/product_tag?post=8016"}],"curies":[{"name":"wp","href":"https:\/\/api.w.org\/{rel}","templated":true}]}}